{"id":142,"date":"2024-04-08T06:55:44","date_gmt":"2024-04-08T06:55:44","guid":{"rendered":"https:\/\/escovape.com\/?post_type=product&#038;p=142"},"modified":"2025-04-12T08:36:34","modified_gmt":"2025-04-12T08:36:34","slug":"zgar-neo-10000-potahu-3-nikotinove-dobijeci-jednorazove-vapky-velkoobchod","status":"publish","type":"product","link":"https:\/\/escovape.com\/cs\/product\/zgar-neo-10000-puffs-3-nicotine-rechargeable-disposable-vape-wholesale\/","title":{"rendered":"ZGAR NEO 10000 Puffs 3% Nikotin Nab\u00edjec\u00ed Jednor\u00e1zov\u00e1 Vape na Velkoobchodn\u00ed Prodej"},"content":{"rendered":"<h2>ZGAR NEO 10000 Puffs: Jednoduch\u00e1 vape pro ka\u017ed\u00e9ho<\/h2>\n<p>Objevte ZGAR NEO 10000 Puffs, speci\u00e1ln\u00ed vape, kter\u00fd zlep\u0161uje v\u00e1\u0161 z\u00e1\u017eitek z vapov\u00e1n\u00ed. Tento produkt je vyroben spole\u010dnost\u00ed ZGAR, kter\u00e1 s\u00eddl\u00ed v Shenzhenu, \u010c\u00edna. M\u00e1 modern\u00ed design a pracuje s nov\u00fdmi technologiemi. M\u016f\u017eete s n\u00edm vapovat a\u017e 10 000kr\u00e1t, tak\u017ee vydr\u017e\u00ed dlouho.<\/p>\n<h3><a href=\"https:\/\/escovape.com\/cs\/kategorie-produktu\/zgar\/\">ZGAR Disposable Vapes<\/a>Siln\u00e9 a odoln\u00e9<\/h3>\n<p>Vape m\u00e1 silnou baterii s kapacitou 550mAh a obsahuje 3% nikotinu. To v\u00e1m umo\u017e\u0148uje u\u017e\u00edvat si ji dlouhou dobu bez \u010dast\u00e9ho dob\u00edjen\u00ed. Vape m\u00e1 16ml kapaliny, tak\u017ee ji nemus\u00edte neust\u00e1le dopl\u0148ovat.<\/p>\n<h3>Vyberte si z mnoha p\u0159\u00edchut\u00ed<\/h3>\n<p>ZGAR NEO 10000 Puffs m\u00e1 na v\u00fdb\u011br mnoho p\u0159\u00edchut\u00ed:<\/p>\n<p>Vodn\u00ed melounov\u00e1 \u017ev\u00fdka\u010dka: sladk\u00fd vodn\u00ed meloun se \u017ev\u00fdka\u010dkou.<br \/>\njahodov\u00e1 kiwi: jahoda a \u010derstv\u00e1 kiwi<br \/>\nAnanas a kokos: ananas a kokos pro tropick\u00fd pocit.<br \/>\n\u010cern\u00fd ryb\u00edz a hroznov\u00e9 v\u00edno: \u010dern\u00fd ryb\u00edz a hroznov\u00e9 v\u00edno.<br \/>\nMix Fruits: sm\u011bs r\u016fzn\u00fdch druh\u016f ovoce.<br \/>\nMentos Mint: osv\u011b\u017euj\u00edc\u00ed m\u00e1ta.<br \/>\nMango: sladk\u00fd mango.<br \/>\n\u017del\u00e9 medv\u00eddek: p\u0159\u00edchu\u0165 cukrovinky.<br \/>\nObl\u00edben\u00fd osv\u011b\u017euj\u00edc\u00ed n\u00e1poj: Fizzy Lemonade Milkshake - \u010derstv\u00e1 limon\u00e1da s kr\u00e9mov\u00fdm ml\u00e9\u010dn\u00fdm koktelem.<br \/>\nModr\u00e9 a malinov\u00e9: bor\u016fvka a malina.<\/p>\n<h3>Velkoobchod s vape: Objedn\u00e1v\u00e1n\u00ed snadno pro v\u00e1\u0161 obchod<\/h3>\n<p>Obchody a v\u011bt\u0161\u00ed kupuj\u00edc\u00ed mohou tyto vapy zakoupit p\u0159es Escovape, spolehliv\u00fd web. M\u016f\u017eete objednat velk\u00e9 mno\u017estv\u00ed p\u0159\u00edmo z tov\u00e1rny. T\u00edmto zp\u016fsobem si m\u016f\u017eete b\u00fdt jisti dobrou kvalitou.<\/p>\n<p>ZGAR NEO 10000 Puffs je jednoduch\u00fd, spolehliv\u00fd a pln\u00fd chuti. Vyzkou\u0161ejte ho nyn\u00ed a zjist\u011bte sami, pro\u010d si ho vyb\u00edraj\u00ed mnoz\u00ed lid\u00e9.<\/p>\n<p><img data-recalc-dims=\"1\" loading=\"lazy\" decoding=\"async\" class=\"alignnone size-full wp-image-2976\" style=\"font-size: 14.4px\" src=\"https:\/\/i0.wp.com\/escovape.com\/wp-content\/uploads\/2024\/04\/1711418588368.png?resize=670%2C936&#038;ssl=1\" alt=\"- -\" width=\"670\" height=\"936\" title=\"\" srcset=\"https:\/\/i0.wp.com\/escovape.com\/wp-content\/uploads\/2024\/04\/1711418588368.png?w=670&amp;ssl=1 670w, https:\/\/i0.wp.com\/escovape.com\/wp-content\/uploads\/2024\/04\/1711418588368.png?resize=600%2C838&amp;ssl=1 600w, https:\/\/i0.wp.com\/escovape.com\/wp-content\/uploads\/2024\/04\/1711418588368.png?resize=286%2C400&amp;ssl=1 286w, https:\/\/i0.wp.com\/escovape.com\/wp-content\/uploads\/2024\/04\/1711418588368.png?resize=573%2C800&amp;ssl=1 573w, https:\/\/i0.wp.com\/escovape.com\/wp-content\/uploads\/2024\/04\/1711418588368.png?resize=9%2C12&amp;ssl=1 9w\" sizes=\"auto, (max-width: 670px) 100vw, 670px\" \/><\/p>","protected":false},"excerpt":{"rendered":"<p>P\u0159edstavujeme ZGAR NEO 10000 Puffs 3% Nikotin Nab\u00edjec\u00ed Jednor\u00e1zov\u00e1 Vape na Velkoobchodn\u00ed Prodej, stylov\u00e9 a inovativn\u00ed \u0159e\u0161en\u00ed pro vapov\u00e1n\u00ed, kter\u00e9 poskytuje 10 000 potah\u016f, 3% nikotinov\u00e9ho obsahu a \u0159adu l\u00e1kav\u00fdch p\u0159\u00edchut\u00ed, dostupn\u00e9 pro hromadn\u00fd velkoobchodn\u00ed n\u00e1kup.<\/p>","protected":false},"featured_media":2309,"comment_status":"open","ping_status":"closed","template":"","meta":{"_lmt_disableupdate":"no","_lmt_disable":""},"product_brand":[],"product_cat":[25,77,134,15,139,141,142,143,145,146,147,150,133,42,153,154],"product_tag":[],"class_list":{"0":"post-142","1":"product","2":"type-product","3":"status-publish","4":"has-post-thumbnail","6":"product_cat-zgar","7":"product_cat-10000-puffs-disposable-vapes","8":"product_cat-apple-flavor-disposable-vapes","9":"product_cat-disposable-vapes","10":"product_cat-grape-flavor-disposable-vapes","11":"product_cat-ice-flavor-disposable-vapes","12":"product_cat-kiwi-flavor-disposable-vapes","13":"product_cat-lemon-flavor-disposable-vapes","14":"product_cat-mango-flavor-disposable-vapes","15":"product_cat-mint-flavor-disposable-vapes","16":"product_cat-mixed-berries-flavor-disposable-vapes","17":"product_cat-pineapple-flavor-disposable-vapes","18":"product_cat-shop-best-disposable-vape-flavors","19":"product_cat-shop-by-puffs","20":"product_cat-strawberry-flavor-disposable-vapes","21":"product_cat-watermelon-flavor-disposable-vapes","23":"first","24":"instock","25":"shipping-taxable","26":"purchasable","27":"product-type-variable"},"jetpack_sharing_enabled":true,"_links":{"self":[{"href":"https:\/\/escovape.com\/cs\/wp-json\/wp\/v2\/product\/142","targetHints":{"allow":["GET"]}}],"collection":[{"href":"https:\/\/escovape.com\/cs\/wp-json\/wp\/v2\/product"}],"about":[{"href":"https:\/\/escovape.com\/cs\/wp-json\/wp\/v2\/types\/product"}],"replies":[{"embeddable":true,"href":"https:\/\/escovape.com\/cs\/wp-json\/wp\/v2\/comments?post=142"}],"wp:featuredmedia":[{"embeddable":true,"href":"https:\/\/escovape.com\/cs\/wp-json\/wp\/v2\/media\/2309"}],"wp:attachment":[{"href":"https:\/\/escovape.com\/cs\/wp-json\/wp\/v2\/media?parent=142"}],"wp:term":[{"taxonomy":"product_brand","embeddable":true,"href":"https:\/\/escovape.com\/cs\/wp-json\/wp\/v2\/product_brand?post=142"},{"taxonomy":"product_cat","embeddable":true,"href":"https:\/\/escovape.com\/cs\/wp-json\/wp\/v2\/product_cat?post=142"},{"taxonomy":"product_tag","embeddable":true,"href":"https:\/\/escovape.com\/cs\/wp-json\/wp\/v2\/product_tag?post=142"}],"curies":[{"name":"wp","href":"https:\/\/api.w.org\/{rel}","templated":true}]}}