{"id":27688,"date":"2025-07-17T02:58:35","date_gmt":"2025-07-17T02:58:35","guid":{"rendered":"https:\/\/escovape.com\/?post_type=product&#038;p=27688"},"modified":"2025-08-05T02:05:30","modified_gmt":"2025-08-05T02:05:30","slug":"vasy-vcan-pro-15k-puffs-dobijeci-premiove-jednorazove-vapery-s-led-obrazovkou-velkoobchodni-nakup-na-maloobchod","status":"publish","type":"product","link":"https:\/\/escovape.com\/cs\/product\/vasy-vcan-pro-15k-puffs-rechargeable-premium-disposable-vapes-with-led-screen-bulk-buy-wholesale\/","title":{"rendered":"VASY VCAN PRO 15K Puffs Dob\u00edjec\u00ed Pr\u00e9miov\u00e9 Jednor\u00e1zov\u00e9 Vapes S LED Displejem Hromadn\u00fd N\u00e1kup Velkoobchod"},"content":{"rendered":"<div style=\"width: 1020px;\" class=\"wp-video\"><video class=\"wp-video-shortcode\" id=\"video-27688-1\" width=\"1020\" height=\"510\" preload=\"metadata\" controls=\"controls\"><source type=\"video\/webm\" src=\"https:\/\/escovape.com\/wp-content\/uploads\/2025\/07\/VASY-Vcan-Pro-15K-Puffs-Rechargeable-Premium-Disposable-Vapes-With-LED-Screen-Bulk-Buy-Wholesale.webm?_=1\" \/><a href=\"https:\/\/escovape.com\/wp-content\/uploads\/2025\/07\/VASY-Vcan-Pro-15K-Puffs-Rechargeable-Premium-Disposable-Vapes-With-LED-Screen-Bulk-Buy-Wholesale.webm\">https:\/\/escovape.com\/wp-content\/uploads\/2025\/07\/VASY-Vcan-Pro-15K-Puffs-Rechargeable-Premium-Disposable-Vapes-With-LED-Screen-Bulk-Buy-Wholesale.webm<\/a><\/video><\/div>\n<h2 data-start=\"247\" data-end=\"284\">O <a href=\"https:\/\/escovape.com\/cs\/kategorie-produktu\/vasy-jednorazove-vypary\/\">VASY \u2192 VASY (no translation needed, as it seems to be a proper noun or an acronym)<\/a> <a href=\"https:\/\/escovape.com\/cs\/kategorie-produktu\/vcan-jednorazove-vapeove-produkty\/\">VCAN<\/a> PRO 15K Puffs<\/h2>\n<p data-start=\"285\" data-end=\"660\">The <strong data-start=\"289\" data-end=\"316\">VASY VCAN PRO 15K Puffs<\/strong> skl\u00e1d\u00e1 pohodl\u00ed a v\u00fdkon v elegantn\u00edm jednor\u00e1zov\u00e9m za\u0159\u00edzen\u00ed, nab\u00edz\u00ed a\u017e <strong data-start=\"386\" data-end=\"402\">15 000 n\u00e1dechu<\/strong> z jeho 24\u202fmL e-liquid n\u00e1dr\u017ee a 650\u202fmAh dob\u00edjec\u00ed baterie. Komplet s praktick\u00fdm LED displejem a robustn\u00edmi du\u00e1ln\u00edmi mesh spir\u00e1lami, toto za\u0159\u00edzen\u00ed poskytuje bohatou chu\u0165, hladk\u00e9 n\u00edzkonikotinov\u00e9 r\u00e1zy a rychl\u00e9 nab\u00edjen\u00ed typu C - to v\u0161e je k dispozici pro hromadn\u00fd n\u00e1kup za <strong data-start=\"647\" data-end=\"659\">Escovape p\u0159eklad nen\u00ed nutn\u00fd, proto Escovape<\/strong>.<\/p>\n<hr data-start=\"662\" data-end=\"665\" \/>\n<h2 data-start=\"667\" data-end=\"711\">Kl\u00ed\u010dov\u00e9 funkce \u2013 VASY VCAN PRO 15K Puffs<\/h2>\n<ul data-start=\"713\" data-end=\"1214\">\n<li data-start=\"713\" data-end=\"782\">\n<p data-start=\"715\" data-end=\"782\">\ud83d\udd0b <strong data-start=\"718\" data-end=\"742\">15 000 v\u00fdfuk\u016f<\/strong> \u2013 Navr\u017eeno pro dlouhodob\u00e9 a spolehliv\u00e9 vapingov\u00e1n\u00ed<\/p>\n<\/li>\n<li data-start=\"783\" data-end=\"860\">\n<p data-start=\"785\" data-end=\"860\">\ud83d\udcca <strong data-start=\"788\" data-end=\"812\">Indik\u00e1tor LED obrazovky<\/strong> \u2013 Okam\u017eit\u00fd p\u0159ehled hladiny e-liquidu a baterie<\/p>\n<\/li>\n<li data-start=\"861\" data-end=\"924\">\n<p data-start=\"863\" data-end=\"924\">\ud83d\udd25 <strong data-start=\"866\" data-end=\"885\">Dvojit\u00e9 s\u00ed\u0165ov\u00e9 c\u00edvky<\/strong> \u2013 Vytv\u00e1\u0159\u00ed hladkou, plnou p\u00e1ru<\/p>\n<\/li>\n<li data-start=\"925\" data-end=\"995\">\n<p data-start=\"927\" data-end=\"995\">\ud83c\udf2c\ufe0f <strong data-start=\"931\" data-end=\"953\">Nastaviteln\u00fd pr\u016ftok vzduchu<\/strong> \u2013 P\u0159izp\u016fsobte tah od t\u011bsn\u00e9ho po vzdu\u0161n\u00fd<\/p>\n<\/li>\n<li data-start=\"996\" data-end=\"1061\">\n<p data-start=\"998\" data-end=\"1061\">\u26a1 <strong data-start=\"1000\" data-end=\"1024\">Rychl\u00e9 nab\u00edjen\u00ed typu C<\/strong> \u2013 Pln\u011b se nab\u00edj\u00ed za pouh\u00fdch 30 minut<\/p>\n<\/li>\n<li data-start=\"1062\" data-end=\"1135\">\n<p data-start=\"1064\" data-end=\"1135\">\ud83d\udd04 <strong data-start=\"1067\" data-end=\"1099\">Dob\u00edjec\u00ed baterie 650\u202fmAh<\/strong> \u2013 Pou\u017e\u00edvejte, dokud e-liquid nedojde<\/p>\n<\/li>\n<li data-start=\"1136\" data-end=\"1214\">\n<p data-start=\"1138\" data-end=\"1214\">\ud83c\udfaf <strong data-start=\"1141\" data-end=\"1162\"><a href=\"https:\/\/escovape.com\/cs\/kategorie-produktu\/jednorazove-vypary\/jednorazove-vapes-s-nizsim-obsahem-nikotinu\/\">N\u00edzk\u00fd nikotin<\/a> (5%)<\/strong> \u2013 Dod\u00e1v\u00e1 jemn\u00fd n\u00e1raz do krku se silnou chut\u00ed<\/p>\n<\/li>\n<\/ul>\n<hr data-start=\"1216\" data-end=\"1219\" \/>\n<h2 data-start=\"1221\" data-end=\"1269\">VASY VCAN PRO 15K Puffs \u2013 V\u00fdb\u011br p\u0159\u00edchut\u00ed<\/h2>\n<p data-start=\"1271\" data-end=\"1367\">U\u017eijte si <strong data-start=\"1277\" data-end=\"1300\">10 r\u016fzn\u00fdch p\u0159\u00edchut\u00ed<\/strong>, ka\u017ed\u00fd vyroben\u00fd tak, aby poskytl \u010derstv\u00fd a uspokojuj\u00edc\u00ed z\u00e1\u017eitek z vapov\u00e1n\u00ed:<\/p>\n<ol data-start=\"1369\" data-end=\"1558\">\n<li data-start=\"1369\" data-end=\"1382\">\n<p data-start=\"1372\" data-end=\"1382\">Kola led<\/p>\n<\/li>\n<li data-start=\"1383\" data-end=\"1404\">\n<p data-start=\"1386\" data-end=\"1404\">Sex na pl\u00e1\u017ei<\/p>\n<\/li>\n<li data-start=\"1405\" data-end=\"1422\">\n<p data-start=\"1408\" data-end=\"1422\">Mint Everest<\/p>\n<\/li>\n<li data-start=\"1423\" data-end=\"1437\">\n<p data-start=\"1426\" data-end=\"1437\">Mangov\u00fd led<\/p>\n<\/li>\n<li data-start=\"1438\" data-end=\"1457\">\n<p data-start=\"1441\" data-end=\"1457\">Melounov\u00fd led<\/p>\n<\/li>\n<li data-start=\"1458\" data-end=\"1476\">\n<p data-start=\"1461\" data-end=\"1476\">Modr\u00e1 bor\u016fvkov\u00e1 zmrzlina<\/p>\n<\/li>\n<li data-start=\"1477\" data-end=\"1496\">\n<p data-start=\"1480\" data-end=\"1496\">jahodov\u00fd led<\/p>\n<\/li>\n<li data-start=\"1497\" data-end=\"1519\">\n<p data-start=\"1500\" data-end=\"1519\">jahodov\u00e1 ban\u00e1n<\/p>\n<\/li>\n<li data-start=\"1520\" data-end=\"1544\">\n<p data-start=\"1523\" data-end=\"1544\">Nakhle Double Apple<\/p>\n<\/li>\n<li data-start=\"1545\" data-end=\"1558\">\n<p data-start=\"1549\" data-end=\"1558\">Hroznov\u00fd led<\/p>\n<\/li>\n<\/ol>\n<hr data-start=\"1560\" data-end=\"1563\" \/>\n<h2 data-start=\"1565\" data-end=\"1614\">VASY VCAN PRO 15K Puffs \u2013 Specifikace a balen\u00ed<\/h2>\n<ul data-start=\"1616\" data-end=\"2073\">\n<li data-start=\"1616\" data-end=\"1659\">\n<p data-start=\"1618\" data-end=\"1659\"><strong data-start=\"1618\" data-end=\"1633\">Po\u010det \u0161luk\u016f:<\/strong> 15 000 n\u00e1raz\u016f za za\u0159\u00edzen\u00ed<\/p>\n<\/li>\n<li data-start=\"1660\" data-end=\"1692\">\n<p data-start=\"1662\" data-end=\"1692\"><strong data-start=\"1662\" data-end=\"1684\">Kapacita e-liquidu:<\/strong> 24\u202fmL<\/p>\n<\/li>\n<li data-start=\"1693\" data-end=\"1722\">\n<p data-start=\"1695\" data-end=\"1722\"><strong data-start=\"1695\" data-end=\"1717\">S\u00edla nikotinu:<\/strong> 5%<\/p>\n<\/li>\n<li data-start=\"1723\" data-end=\"1751\">\n<p data-start=\"1725\" data-end=\"1751\"><strong data-start=\"1725\" data-end=\"1739\">Typ c\u00edvky:<\/strong> Dvojit\u00e1 s\u00ed\u0165<\/p>\n<\/li>\n<li data-start=\"1752\" data-end=\"1799\">\n<p data-start=\"1754\" data-end=\"1799\"><strong data-start=\"1754\" data-end=\"1775\">Kapacita baterie:<\/strong> 650\u202fmAh, dob\u00edjec\u00ed<\/p>\n<\/li>\n<li data-start=\"1800\" data-end=\"1857\">\n<p data-start=\"1802\" data-end=\"1857\"><strong data-start=\"1802\" data-end=\"1820\">Nab\u00edjec\u00ed port:<\/strong> USB Type-C (30minutov\u00e9 pln\u00e9 nabit\u00ed)<\/p>\n<\/li>\n<li data-start=\"1858\" data-end=\"1893\">\n<p data-start=\"1860\" data-end=\"1893\"><strong data-start=\"1860\" data-end=\"1875\">Rozm\u011bry:<\/strong> 87 \u00d7 50 \u00d7 27 mm<\/p>\n<\/li>\n<li data-start=\"1894\" data-end=\"1953\">\n<p data-start=\"1896\" data-end=\"1953\"><strong data-start=\"1896\" data-end=\"1910\">Obal:<\/strong> 1 za\u0159\u00edzen\u00ed v display boxu (10 kus\u016f na display)<\/p>\n<\/li>\n<li data-start=\"1954\" data-end=\"2001\">\n<p data-start=\"1956\" data-end=\"2001\"><strong data-start=\"1956\" data-end=\"1976\">Mno\u017estv\u00ed kartonu:<\/strong> 200 za\u0159\u00edzen\u00ed za karton<\/p>\n<\/li>\n<li data-start=\"2002\" data-end=\"2032\">\n<p data-start=\"2004\" data-end=\"2032\"><strong data-start=\"2004\" data-end=\"2022\">Hmotnost kartonu:<\/strong> 16,8 kg<\/p>\n<\/li>\n<li data-start=\"2033\" data-end=\"2073\">\n<p data-start=\"2035\" data-end=\"2073\"><strong data-start=\"2035\" data-end=\"2051\">Velikost kartonu:<\/strong> 61 \u00d7 33,2 \u00d7 22,5 cm<\/p>\n<\/li>\n<\/ul>\n<hr data-start=\"2075\" data-end=\"2078\" \/>\n<h2 data-start=\"2080\" data-end=\"2130\">Pro\u010d koupit VASY VCAN PRO 15K Puffs na <a href=\"https:\/\/escovape.com\/cs\/\">Escovape p\u0159eklad nen\u00ed nutn\u00fd, proto Escovape<\/a>?<\/h2>\n<p data-start=\"2132\" data-end=\"2271\">Na <strong data-start=\"2135\" data-end=\"2147\">Escovape p\u0159eklad nen\u00ed nutn\u00fd, proto Escovape<\/strong>specializujeme se na autentick\u00e9, <a href=\"https:\/\/escovape.com\/cs\/\">vysoce kvalitn\u00ed jednor\u00e1zov\u00e9 vape produkty velkoobchodn\u011b po cel\u00e9 Evrop\u011b<\/a>P\u0159i nakupov\u00e1n\u00ed u n\u00e1s m\u00e1te prosp\u011bch z:<\/p>\n<ul data-start=\"2273\" data-end=\"2422\">\n<li data-start=\"2273\" data-end=\"2303\">\n<p data-start=\"2275\" data-end=\"2303\">Sout\u011b\u017en\u00ed hromadn\u00e9 ceny<\/p>\n<\/li>\n<li data-start=\"2304\" data-end=\"2341\">\n<p data-start=\"2306\" data-end=\"2341\">\u2705 Rychl\u00e9, spolehliv\u00e9 dod\u00e1n\u00ed po cel\u00e9 EU<\/p>\n<\/li>\n<li data-start=\"2342\" data-end=\"2374\">\n<p data-start=\"2344\" data-end=\"2374\">\u2705 Garantovan\u00e9 origin\u00e1ln\u00ed zbo\u017e\u00ed<\/p>\n<\/li>\n<li data-start=\"2375\" data-end=\"2422\">\n<p data-start=\"2377\" data-end=\"2422\">Podp\u016frn\u00fd, profesion\u00e1ln\u00ed z\u00e1kaznick\u00fd servis<\/p>\n<\/li>\n<\/ul>\n<p data-start=\"2424\" data-end=\"2551\">Perfektn\u00ed pro vape obchody a online prodejce hledaj\u00edc\u00ed dlouhotrvaj\u00edc\u00ed mo\u017enosti s n\u00edzk\u00fdm obsahem nikotinu, kter\u00e9 poskytuj\u00ed jak v\u00fdkon, tak hodnotu.<img data-recalc-dims=\"1\" loading=\"lazy\" decoding=\"async\" class=\"alignnone wp-image-27716 size-full\" src=\"https:\/\/i0.wp.com\/escovape.com\/wp-content\/uploads\/2025\/07\/VASY-Vcan-Pro-15K-Puffs-Rechargeable-Premium-Disposable-Vapes-With-LED-Screen-Bulk-Buy-Wholesale-4.webp?resize=1020%2C1020&#038;ssl=1\" alt=\"VASY Vcan Pro 15K Puffs Dob\u00edjec\u00ed Pr\u00e9miov\u00e9 Jednor\u00e1zov\u00e9 Vapes S LED Displejem Hromadn\u00fd N\u00e1kup Velkoobchod\" width=\"1020\" height=\"1020\" title=\"\" srcset=\"https:\/\/i0.wp.com\/escovape.com\/wp-content\/uploads\/2025\/07\/VASY-Vcan-Pro-15K-Puffs-Rechargeable-Premium-Disposable-Vapes-With-LED-Screen-Bulk-Buy-Wholesale-4.webp?w=1500&amp;ssl=1 1500w, https:\/\/i0.wp.com\/escovape.com\/wp-content\/uploads\/2025\/07\/VASY-Vcan-Pro-15K-Puffs-Rechargeable-Premium-Disposable-Vapes-With-LED-Screen-Bulk-Buy-Wholesale-4.webp?resize=400%2C400&amp;ssl=1 400w, https:\/\/i0.wp.com\/escovape.com\/wp-content\/uploads\/2025\/07\/VASY-Vcan-Pro-15K-Puffs-Rechargeable-Premium-Disposable-Vapes-With-LED-Screen-Bulk-Buy-Wholesale-4.webp?resize=800%2C800&amp;ssl=1 800w, https:\/\/i0.wp.com\/escovape.com\/wp-content\/uploads\/2025\/07\/VASY-Vcan-Pro-15K-Puffs-Rechargeable-Premium-Disposable-Vapes-With-LED-Screen-Bulk-Buy-Wholesale-4.webp?resize=280%2C280&amp;ssl=1 280w, https:\/\/i0.wp.com\/escovape.com\/wp-content\/uploads\/2025\/07\/VASY-Vcan-Pro-15K-Puffs-Rechargeable-Premium-Disposable-Vapes-With-LED-Screen-Bulk-Buy-Wholesale-4.webp?resize=768%2C768&amp;ssl=1 768w, https:\/\/i0.wp.com\/escovape.com\/wp-content\/uploads\/2025\/07\/VASY-Vcan-Pro-15K-Puffs-Rechargeable-Premium-Disposable-Vapes-With-LED-Screen-Bulk-Buy-Wholesale-4.webp?resize=12%2C12&amp;ssl=1 12w, https:\/\/i0.wp.com\/escovape.com\/wp-content\/uploads\/2025\/07\/VASY-Vcan-Pro-15K-Puffs-Rechargeable-Premium-Disposable-Vapes-With-LED-Screen-Bulk-Buy-Wholesale-4.webp?resize=300%2C300&amp;ssl=1 300w, https:\/\/i0.wp.com\/escovape.com\/wp-content\/uploads\/2025\/07\/VASY-Vcan-Pro-15K-Puffs-Rechargeable-Premium-Disposable-Vapes-With-LED-Screen-Bulk-Buy-Wholesale-4.webp?resize=600%2C600&amp;ssl=1 600w, https:\/\/i0.wp.com\/escovape.com\/wp-content\/uploads\/2025\/07\/VASY-Vcan-Pro-15K-Puffs-Rechargeable-Premium-Disposable-Vapes-With-LED-Screen-Bulk-Buy-Wholesale-4.webp?resize=100%2C100&amp;ssl=1 100w\" sizes=\"auto, (max-width: 1020px) 100vw, 1020px\" \/><\/p>","protected":false},"excerpt":{"rendered":"<p>VASY VCAN PRO 15K Puffs je dob\u00edjec\u00ed jednor\u00e1zov\u00e1 vape s du\u00e1ln\u00edmi mesh c\u00edvkami, LED displejem, rychl\u00fdm nab\u00edjen\u00edm Type-C a 10 v\u00fdrazn\u00fdmi p\u0159\u00edchut\u011bmi - ide\u00e1ln\u00ed pro n\u00edzkonikotinov\u00fd hromadn\u00fd velkoobchod u Escovape.<\/p>","protected":false},"featured_media":27712,"comment_status":"open","ping_status":"closed","template":"","meta":{"_lmt_disableupdate":"no","_lmt_disable":""},"product_brand":[],"product_cat":[44,55,57,97,98,99,100,101,102,103,104,105,106,107,108,109,110,111,112,113,114,15,58,59,61,133,42,122,198],"product_tag":[],"class_list":{"0":"post-27688","1":"product","2":"type-product","3":"status-publish","4":"has-post-thumbnail","6":"product_cat-15000-puffs-disposable-vapes","7":"product_cat-big-puffs-disposable-vapes","8":"product_cat-digital-box-disposable-vapes","9":"product_cat-disposable-vape-in-europe","10":"product_cat-disposable-vape-wholesale-austria","11":"product_cat-disposable-vape-wholesale-belgium","12":"product_cat-disposable-vape-wholesale-czech-republic","13":"product_cat-disposable-vape-wholesale-denmark","14":"product_cat-disposable-vape-wholesale-finland","15":"product_cat-disposable-vape-wholesale-france","16":"product_cat-disposable-vape-wholesale-germany","17":"product_cat-disposable-vape-wholesale-greece","18":"product_cat-disposable-vape-wholesale-hungary","19":"product_cat-disposable-vape-wholesale-italy","20":"product_cat-disposable-vape-wholesale-netherlands","21":"product_cat-disposable-vape-wholesale-norway","22":"product_cat-disposable-vape-wholesale-portugal","23":"product_cat-disposable-vape-wholesale-romania","24":"product_cat-disposable-vape-wholesale-spain","25":"product_cat-disposable-vape-wholesale-sweden","26":"product_cat-disposable-vape-wholesale-switzerland","27":"product_cat-disposable-vapes","28":"product_cat-dual-mesh-disposable-vapes","29":"product_cat-lower-nicotine-disposable-vapes","30":"product_cat-rechargeable-disposable-vapes","31":"product_cat-shop-best-disposable-vape-flavors","32":"product_cat-shop-by-puffs","33":"product_cat-vasy-disposable-vapes","34":"product_cat-vcan-disposable-vapes","36":"first","37":"instock","38":"shipping-taxable","39":"purchasable","40":"product-type-variable"},"jetpack_sharing_enabled":true,"_links":{"self":[{"href":"https:\/\/escovape.com\/cs\/wp-json\/wp\/v2\/product\/27688","targetHints":{"allow":["GET"]}}],"collection":[{"href":"https:\/\/escovape.com\/cs\/wp-json\/wp\/v2\/product"}],"about":[{"href":"https:\/\/escovape.com\/cs\/wp-json\/wp\/v2\/types\/product"}],"replies":[{"embeddable":true,"href":"https:\/\/escovape.com\/cs\/wp-json\/wp\/v2\/comments?post=27688"}],"wp:featuredmedia":[{"embeddable":true,"href":"https:\/\/escovape.com\/cs\/wp-json\/wp\/v2\/media\/27712"}],"wp:attachment":[{"href":"https:\/\/escovape.com\/cs\/wp-json\/wp\/v2\/media?parent=27688"}],"wp:term":[{"taxonomy":"product_brand","embeddable":true,"href":"https:\/\/escovape.com\/cs\/wp-json\/wp\/v2\/product_brand?post=27688"},{"taxonomy":"product_cat","embeddable":true,"href":"https:\/\/escovape.com\/cs\/wp-json\/wp\/v2\/product_cat?post=27688"},{"taxonomy":"product_tag","embeddable":true,"href":"https:\/\/escovape.com\/cs\/wp-json\/wp\/v2\/product_tag?post=27688"}],"curies":[{"name":"wp","href":"https:\/\/api.w.org\/{rel}","templated":true}]}}