{"id":28423,"date":"2025-07-22T09:34:26","date_gmt":"2025-07-22T09:34:26","guid":{"rendered":"https:\/\/escovape.com\/?post_type=product&#038;p=28423"},"modified":"2025-08-05T01:59:02","modified_gmt":"2025-08-05T01:59:02","slug":"bang-blaze-e-shisha-42k-puffs-dsk038-premiove-dobijeci-jednorazove-vapey-s-nizkym-obsahem-nikotinu-hromadny-nakup-velkoobchod","status":"publish","type":"product","link":"https:\/\/escovape.com\/cs\/product\/bang-blaze-e-shisha-42k-puffs-dsk038-premium-rechargeable-disposable-vapes-low-nicotine-bulk-buy-wholesale\/","title":{"rendered":"BANG BLAZE E-SHISHA 42K Puffs DSK038 Pr\u00e9miov\u00e9 dob\u00edjec\u00ed jednor\u00e1zov\u00e9 vapey N\u00edzk\u00fd nikotin Hromadn\u00fd n\u00e1kup Velkoobchod"},"content":{"rendered":"<h2 data-start=\"292\" data-end=\"346\">V\u00fdkonn\u00fd v\u00fdkon 42000-ti n\u00e1dech\u016f s <a href=\"https:\/\/escovape.com\/cs\/kategorie-produktu\/jednorazove-vypary\/jednorazove-vapes-s-nizsim-obsahem-nikotinu\/\">N\u00edzkonikotinov\u00e1 vape<\/a><\/h2>\n<p data-start=\"347\" data-end=\"851\">The <strong data-start=\"351\" data-end=\"382\">BANG BLAZE E-SHISHA 42K Puffs DSK038<\/strong> je <strong><a href=\"https:\/\/escovape.com\/cs\/kategorie-produktu\/jednorazove-vypary\/dobijeci-jednorazove-vapky\/\">Pr\u00e9miov\u00e1 dob\u00edjec\u00ed jednor\u00e1zov\u00e1 vape<\/a><\/strong> navr\u017een\u00fd pro dlouhotrvaj\u00edc\u00ed z\u00e1bavu, nab\u00edzej\u00edc\u00ed p\u016fsobiv\u00fd <strong data-start=\"485\" data-end=\"501\">42 000 v\u00fddech\u016f<\/strong> powered by a \nnap\u00e1jeno pomoc\u00ed a <strong data-start=\"515\" data-end=\"534\">1000mAh baterie<\/strong>, <strong data-start=\"536\" data-end=\"562\">30ml e-liquid kapacity<\/strong>a hladk\u00fd du\u00e1ln\u00ed <strong data-start=\"580\" data-end=\"599\">0,6\u03a9 mesh c\u00edvky<\/strong>Ide\u00e1ln\u00ed pro maloobchodn\u00edky a distributory, toto za\u0159\u00edzen\u00ed s n\u00edzk\u00fdm obsahem nikotinu nab\u00edz\u00ed <strong data-start=\"673\" data-end=\"692\">nab\u00edjen\u00ed typu C<\/strong>, a <strong data-start=\"696\" data-end=\"716\">\u010dist\u00fd LED displej<\/strong>a podporu OEM\/ODM - nyn\u00ed k dispozici pro <strong data-start=\"756\" data-end=\"774\">velkoobchodn\u00ed mno\u017estv\u00ed<\/strong> v\u00fdhradn\u011b na <strong data-start=\"790\" data-end=\"802\">Escovape p\u0159eklad nen\u00ed nutn\u00fd, proto Escovape<\/strong>, v\u00e1\u0161 d\u016fv\u011bryhodn\u00fd evropsk\u00fd obchod s jednor\u00e1zov\u00fdmi vape za\u0159\u00edzen\u00edmi.<\/p>\n<hr data-start=\"853\" data-end=\"856\" \/>\n<h2 data-start=\"858\" data-end=\"923\">hlavn\u00ed funkce <a href=\"https:\/\/escovape.com\/cs\/kategorie-produktu\/prask\/\">BANG<\/a> BLAZE E-SHISHA 42K Puffs DSK038<\/h2>\n<ul data-start=\"924\" data-end=\"1396\">\n<li data-start=\"924\" data-end=\"987\">\n<p data-start=\"926\" data-end=\"987\">a\u017e <strong data-start=\"932\" data-end=\"948\">42 000 v\u00fddech\u016f<\/strong> na za\u0159\u00edzen\u00ed \u2013 ide\u00e1ln\u00ed pro dlouhodob\u00e9 pou\u017eit\u00ed<\/p>\n<\/li>\n<li data-start=\"988\" data-end=\"1046\">\n<p data-start=\"990\" data-end=\"1046\"><strong data-start=\"990\" data-end=\"1018\">30ml p\u0159edpln\u011bn\u00e9 e-liquid<\/strong> s n\u00edzk\u00fdm obsahem nikotinu<\/p>\n<\/li>\n<li data-start=\"1047\" data-end=\"1092\">\n<p data-start=\"1049\" data-end=\"1092\">Vestav\u011bn\u00fd <strong data-start=\"1058\" data-end=\"1090\">1000mAh dob\u00edjec\u00ed baterie<\/strong><\/p>\n<\/li>\n<li data-start=\"1093\" data-end=\"1154\">\n<p data-start=\"1095\" data-end=\"1154\"><strong data-start=\"1095\" data-end=\"1119\">Port pro nab\u00edjen\u00ed typu C<\/strong> pro rychlej\u0161\u00ed a \u00fa\u010dinn\u011bj\u0161\u00ed v\u00fdkon<\/p>\n<\/li>\n<li data-start=\"1155\" data-end=\"1215\">\n<p data-start=\"1157\" data-end=\"1215\"><strong data-start=\"1157\" data-end=\"1181\">Dvojit\u00e9 0.6\u03a9 mesh c\u00edvky<\/strong> pro konzistentn\u00ed p\u00e1ru a chu\u0165<\/p>\n<\/li>\n<li data-start=\"1216\" data-end=\"1279\">\n<p data-start=\"1218\" data-end=\"1279\"><strong data-start=\"1218\" data-end=\"1232\">LED obrazovka<\/strong> zobrazuje \u017eivotnost baterie a po\u010det n\u00e1dech\u016f jasn\u011b<\/p>\n<\/li>\n<li data-start=\"1280\" data-end=\"1334\">\n<p data-start=\"1282\" data-end=\"1334\">Sleekn\u00ed, modern\u00ed design pro snadn\u00e9 ovl\u00e1d\u00e1n\u00ed a ulo\u017een\u00ed<\/p>\n<\/li>\n<li data-start=\"1335\" data-end=\"1396\">\n<p data-start=\"1337\" data-end=\"1396\"><strong data-start=\"1337\" data-end=\"1362\">OEM\/ODM p\u0159izp\u016fsoben\u00ed<\/strong> dostupn\u00e9 pro flexibilitu zna\u010dky<\/p>\n<\/li>\n<\/ul>\n<hr data-start=\"1398\" data-end=\"1401\" \/>\n<h2 data-start=\"1403\" data-end=\"1456\">Pro\u010d <a href=\"https:\/\/escovape.com\/cs\/kategorie-produktu\/prask\/\">BANG BLAZE <\/a>E-SHISHA 42K Puffs je perfektn\u00ed pro hromadn\u00fd velkoobchod<\/h2>\n<p data-start=\"1457\" data-end=\"1911\">Pokud hled\u00e1te dob\u00edjec\u00ed jednor\u00e1zovou vape, kter\u00e1 je vyrobena tak, aby vydr\u017eela, <strong data-start=\"1536\" data-end=\"1567\">BANG BLAZE E-SHISHA 42K Puffs BLAZE DSK038<\/strong> nab\u00edz\u00ed nep\u0159ekonatelnou hodnotu. Jeho vysok\u00e1 kapacita n\u00e1pln\u011b znamen\u00e1 m\u00e9n\u011b n\u00e1hrad, zat\u00edmco syst\u00e9m mesh coil zaji\u0161\u0165uje hladk\u00e9 a aromatick\u00e9 z\u00e1\u017eitky. LED obrazovka p\u0159id\u00e1v\u00e1 pohodl\u00ed, co\u017e z n\u011bj \u010din\u00ed ide\u00e1ln\u00ed volbu pro za\u010d\u00ednaj\u00edc\u00ed i zku\u0161en\u00e9 vapery. Hromadn\u00ed kupuj\u00edc\u00ed ocen\u00ed tak\u00e9 mo\u017enosti p\u0159izp\u016fsobiteln\u00e9ho balen\u00ed a spolehlivou evropskou distribuci od Escovape.<\/p>\n<hr data-start=\"1913\" data-end=\"1916\" \/>\n<h2 data-start=\"1918\" data-end=\"1980\">Seznam p\u0159\u00edchut\u00ed \u2013 BANG BLAZE E-SHISHA 42K Puffs BLAZE DSK038<\/h2>\n<p data-start=\"1981\" data-end=\"2032\">Vyberte si z \u0161irok\u00e9 \u0161k\u00e1ly obl\u00edben\u00fdch p\u0159\u00edchut\u00ed:<\/p>\n<ol data-start=\"2034\" data-end=\"2294\">\n<li data-start=\"2034\" data-end=\"2043\">\n<p data-start=\"2037\" data-end=\"2043\">M\u00e1ta<\/p>\n<\/li>\n<li data-start=\"2044\" data-end=\"2063\">\n<p data-start=\"2047\" data-end=\"2063\">modr\u00e1 bor\u016fvka m\u00e1ta<\/p>\n<\/li>\n<li data-start=\"2064\" data-end=\"2082\">\n<p data-start=\"2067\" data-end=\"2082\">Dvojit\u00e9 jablko<\/p>\n<\/li>\n<li data-start=\"2083\" data-end=\"2097\">\n<p data-start=\"2086\" data-end=\"2097\">P\u00edskov\u00fd led se broskvov\u00fdm p\u0159\u00edchut\u00ed<\/p>\n<\/li>\n<li data-start=\"2098\" data-end=\"2122\">\n<p data-start=\"2101\" data-end=\"2122\">modr\u00e1 bor\u016fvka malina<\/p>\n<\/li>\n<li data-start=\"2123\" data-end=\"2141\">\n<p data-start=\"2126\" data-end=\"2141\">Modr\u00e1 bor\u016fvkov\u00e1 zmrzlina<\/p>\n<\/li>\n<li data-start=\"2142\" data-end=\"2162\">\n<p data-start=\"2145\" data-end=\"2162\">modr\u00e1b\u0159ezov\u00e1 broskev<\/p>\n<\/li>\n<li data-start=\"2163\" data-end=\"2178\">\n<p data-start=\"2166\" data-end=\"2178\">Vodn\u00ed meloun<\/p>\n<\/li>\n<li data-start=\"2179\" data-end=\"2205\">\n<p data-start=\"2182\" data-end=\"2205\">jahodov\u00e1 vodn\u00ed meloun<\/p>\n<\/li>\n<li data-start=\"2206\" data-end=\"2229\">\n<p data-start=\"2210\" data-end=\"2229\">jahodov\u00fd li\u010di<\/p>\n<\/li>\n<li data-start=\"2230\" data-end=\"2246\">\n<p data-start=\"2234\" data-end=\"2246\">Hroznov\u00e1 m\u00e1ta<\/p>\n<\/li>\n<li data-start=\"2247\" data-end=\"2264\">\n<p data-start=\"2251\" data-end=\"2264\">Sm\u011bs ovoce<\/p>\n<\/li>\n<li data-start=\"2265\" data-end=\"2278\">\n<p data-start=\"2269\" data-end=\"2278\">Moje l\u00e1sko<\/p>\n<\/li>\n<li data-start=\"2279\" data-end=\"2294\">\n<p data-start=\"2283\" data-end=\"2294\">Mangov\u00fd led<\/p>\n<\/li>\n<\/ol>\n<hr data-start=\"2296\" data-end=\"2299\" \/>\n<h2 data-start=\"2301\" data-end=\"2351\">Specifikace \u2013 navr\u017eeno pro vysokou popt\u00e1vku po vapingu<\/h2>\n<ul data-start=\"2352\" data-end=\"2693\">\n<li data-start=\"2352\" data-end=\"2372\">\n<p data-start=\"2354\" data-end=\"2372\"><strong data-start=\"2354\" data-end=\"2364\">Chvilky:<\/strong> 42000<\/p>\n<\/li>\n<li data-start=\"2373\" data-end=\"2404\">\n<p data-start=\"2375\" data-end=\"2404\"><strong data-start=\"2375\" data-end=\"2397\">Kapacita E-kapaliny:<\/strong> 30 ml<\/p>\n<\/li>\n<li data-start=\"2405\" data-end=\"2453\">\n<p data-start=\"2407\" data-end=\"2453\"><strong data-start=\"2407\" data-end=\"2428\">Kapacita baterie:<\/strong> 1000mAh (dob\u00edjec\u00ed)<\/p>\n<\/li>\n<li data-start=\"2454\" data-end=\"2500\">\n<p data-start=\"2456\" data-end=\"2500\"><strong data-start=\"2456\" data-end=\"2476\">Odpor c\u00edvky:<\/strong> 0,6\u03a9 (du\u00e1ln\u00ed mesh c\u00edvka)<\/p>\n<\/li>\n<li data-start=\"2501\" data-end=\"2530\">\n<p data-start=\"2503\" data-end=\"2530\"><strong data-start=\"2503\" data-end=\"2521\">Nab\u00edjec\u00ed port:<\/strong> Typ-C<\/p>\n<\/li>\n<li data-start=\"2531\" data-end=\"2562\">\n<p data-start=\"2533\" data-end=\"2562\"><strong data-start=\"2533\" data-end=\"2555\">Hmotnost na za\u0159\u00edzen\u00ed:<\/strong> 146g<\/p>\n<\/li>\n<li data-start=\"2563\" data-end=\"2598\">\n<p data-start=\"2565\" data-end=\"2598\"><strong data-start=\"2565\" data-end=\"2590\">Hmotnost krabice (8 jednotek):<\/strong> 1224g<\/p>\n<\/li>\n<li data-start=\"2599\" data-end=\"2653\">\n<p data-start=\"2601\" data-end=\"2653\"><strong data-start=\"2601\" data-end=\"2618\">Specifikace kartonu:<\/strong> 160 jednotek | Hrub\u00e1 hmotnost: 25,5 kg<\/p>\n<\/li>\n<li data-start=\"2654\" data-end=\"2693\">\n<p data-start=\"2656\" data-end=\"2693\"><strong data-start=\"2656\" data-end=\"2672\">Velikost kartonu:<\/strong> 54 \u00d7 42,6 \u00d7 28,8 cm<\/p>\n<\/li>\n<\/ul>\n<hr data-start=\"2695\" data-end=\"2698\" \/>\n<h2 data-start=\"2700\" data-end=\"2764\">Velkoobchod od <a href=\"https:\/\/escovape.com\/cs\/\">Escovape p\u0159eklad nen\u00ed nutn\u00fd, proto Escovape<\/a> \u2013 Evropa, d\u016fv\u011bryhodn\u00fd distributor vape za\u0159\u00edzen\u00ed<\/h2>\n<p data-start=\"2765\" data-end=\"3132\">Jako p\u0159edn\u00ed online platforma pro jednor\u00e1zov\u00e9 vapech v Evrop\u011b, <strong data-start=\"2826\" data-end=\"2838\">Escovape p\u0159eklad nen\u00ed nutn\u00fd, proto Escovape<\/strong> nab\u00edz\u00ed <strong data-start=\"2850\" data-end=\"2881\">BANG BLAZE E-SHISHA 42K Puffs BLAZE DSK038<\/strong> za nesrovnateln\u00e9 velkoobchodn\u00ed ceny. A\u0165 u\u017e dopl\u0148ujete z\u00e1soby ve sv\u00e9m obchod\u011b nebo spou\u0161t\u00edte svou vlastn\u00ed zna\u010dku prost\u0159ednictv\u00edm OEM, toto za\u0159\u00edzen\u00ed spl\u0148uje v\u0161echny po\u017eadavky - v\u00fdkon, p\u0159izp\u016fsoben\u00ed a spolehlivost. Velkoobchodn\u011b nakupujte dnes a poskytn\u011bte sv\u00fdm z\u00e1kazn\u00edk\u016fm z\u00e1\u017eitek z vapov\u00e1n\u00ed, kter\u00fd vydr\u017e\u00ed.<\/p>\n<p data-start=\"2765\" data-end=\"3132\"><img data-recalc-dims=\"1\" loading=\"lazy\" decoding=\"async\" class=\"alignnone wp-image-28426 size-full\" src=\"https:\/\/i0.wp.com\/escovape.com\/wp-content\/uploads\/2025\/07\/BANG-42K-Puffs-BLAZE-DSK038-Premium-Rechargeable-Disposable-Vapes-Low-Nicotine-Bulk-Wholesale-2-scaled.webp?resize=1020%2C2101&#038;ssl=1\" alt=\"BANG Blaze E-Shisha 42K Puffs DSK038 Pr\u00e9miov\u00e9 dob\u00edjec\u00ed jednor\u00e1zov\u00e9 vapey s n\u00edzk\u00fdm obsahem nikotinu velkoobchodn\u00ed z\u00e1silky\" width=\"1020\" height=\"2101\" title=\"\" srcset=\"https:\/\/i0.wp.com\/escovape.com\/wp-content\/uploads\/2025\/07\/BANG-42K-Puffs-BLAZE-DSK038-Premium-Rechargeable-Disposable-Vapes-Low-Nicotine-Bulk-Wholesale-2-scaled.webp?w=1243&amp;ssl=1 1243w, https:\/\/i0.wp.com\/escovape.com\/wp-content\/uploads\/2025\/07\/BANG-42K-Puffs-BLAZE-DSK038-Premium-Rechargeable-Disposable-Vapes-Low-Nicotine-Bulk-Wholesale-2-scaled.webp?resize=194%2C400&amp;ssl=1 194w, https:\/\/i0.wp.com\/escovape.com\/wp-content\/uploads\/2025\/07\/BANG-42K-Puffs-BLAZE-DSK038-Premium-Rechargeable-Disposable-Vapes-Low-Nicotine-Bulk-Wholesale-2-scaled.webp?resize=389%2C800&amp;ssl=1 389w, https:\/\/i0.wp.com\/escovape.com\/wp-content\/uploads\/2025\/07\/BANG-42K-Puffs-BLAZE-DSK038-Premium-Rechargeable-Disposable-Vapes-Low-Nicotine-Bulk-Wholesale-2-scaled.webp?resize=768%2C1581&amp;ssl=1 768w, https:\/\/i0.wp.com\/escovape.com\/wp-content\/uploads\/2025\/07\/BANG-42K-Puffs-BLAZE-DSK038-Premium-Rechargeable-Disposable-Vapes-Low-Nicotine-Bulk-Wholesale-2-scaled.webp?resize=746%2C1536&amp;ssl=1 746w, https:\/\/i0.wp.com\/escovape.com\/wp-content\/uploads\/2025\/07\/BANG-42K-Puffs-BLAZE-DSK038-Premium-Rechargeable-Disposable-Vapes-Low-Nicotine-Bulk-Wholesale-2-scaled.webp?resize=995%2C2048&amp;ssl=1 995w, https:\/\/i0.wp.com\/escovape.com\/wp-content\/uploads\/2025\/07\/BANG-42K-Puffs-BLAZE-DSK038-Premium-Rechargeable-Disposable-Vapes-Low-Nicotine-Bulk-Wholesale-2-scaled.webp?resize=6%2C12&amp;ssl=1 6w, https:\/\/i0.wp.com\/escovape.com\/wp-content\/uploads\/2025\/07\/BANG-42K-Puffs-BLAZE-DSK038-Premium-Rechargeable-Disposable-Vapes-Low-Nicotine-Bulk-Wholesale-2-scaled.webp?resize=600%2C1235&amp;ssl=1 600w\" sizes=\"auto, (max-width: 1020px) 100vw, 1020px\" \/><\/p>","protected":false},"excerpt":{"rendered":"<p>BANG BLAZE E-SHISHA 42K Puffs DSK038 je pr\u00e9miov\u00fd n\u00edzkonikotinov\u00fd dob\u00edjec\u00ed jednor\u00e1zov\u00fd vape s 42 000 n\u00e1dechy, 30 ml e-liquidu, du\u00e1ln\u00edmi mesh spir\u00e1lami a LED obrazovkou - ide\u00e1ln\u00ed pro hromadn\u00e9 velkoobchodn\u00ed n\u00e1kupy od Escovape v Evrop\u011b.<\/p>","protected":false},"featured_media":28424,"comment_status":"open","ping_status":"closed","template":"","meta":{"_lmt_disableupdate":"no","_lmt_disable":""},"product_brand":[],"product_cat":[18,201,55,57,97,98,99,100,101,102,103,104,105,106,107,108,109,110,111,112,113,114,15,58,59,61,62,133,42],"product_tag":[],"class_list":{"0":"post-28423","1":"product","2":"type-product","3":"status-publish","4":"has-post-thumbnail","6":"product_cat-bang","7":"product_cat-42000-puffs-disposable-vapes","8":"product_cat-big-puffs-disposable-vapes","9":"product_cat-digital-box-disposable-vapes","10":"product_cat-disposable-vape-in-europe","11":"product_cat-disposable-vape-wholesale-austria","12":"product_cat-disposable-vape-wholesale-belgium","13":"product_cat-disposable-vape-wholesale-czech-republic","14":"product_cat-disposable-vape-wholesale-denmark","15":"product_cat-disposable-vape-wholesale-finland","16":"product_cat-disposable-vape-wholesale-france","17":"product_cat-disposable-vape-wholesale-germany","18":"product_cat-disposable-vape-wholesale-greece","19":"product_cat-disposable-vape-wholesale-hungary","20":"product_cat-disposable-vape-wholesale-italy","21":"product_cat-disposable-vape-wholesale-netherlands","22":"product_cat-disposable-vape-wholesale-norway","23":"product_cat-disposable-vape-wholesale-portugal","24":"product_cat-disposable-vape-wholesale-romania","25":"product_cat-disposable-vape-wholesale-spain","26":"product_cat-disposable-vape-wholesale-sweden","27":"product_cat-disposable-vape-wholesale-switzerland","28":"product_cat-disposable-vapes","29":"product_cat-dual-mesh-disposable-vapes","30":"product_cat-lower-nicotine-disposable-vapes","31":"product_cat-rechargeable-disposable-vapes","32":"product_cat-shisha-hookah-disposable-vapes","33":"product_cat-shop-best-disposable-vape-flavors","34":"product_cat-shop-by-puffs","36":"first","37":"instock","38":"shipping-taxable","39":"purchasable","40":"product-type-variable"},"jetpack_sharing_enabled":true,"_links":{"self":[{"href":"https:\/\/escovape.com\/cs\/wp-json\/wp\/v2\/product\/28423","targetHints":{"allow":["GET"]}}],"collection":[{"href":"https:\/\/escovape.com\/cs\/wp-json\/wp\/v2\/product"}],"about":[{"href":"https:\/\/escovape.com\/cs\/wp-json\/wp\/v2\/types\/product"}],"replies":[{"embeddable":true,"href":"https:\/\/escovape.com\/cs\/wp-json\/wp\/v2\/comments?post=28423"}],"wp:featuredmedia":[{"embeddable":true,"href":"https:\/\/escovape.com\/cs\/wp-json\/wp\/v2\/media\/28424"}],"wp:attachment":[{"href":"https:\/\/escovape.com\/cs\/wp-json\/wp\/v2\/media?parent=28423"}],"wp:term":[{"taxonomy":"product_brand","embeddable":true,"href":"https:\/\/escovape.com\/cs\/wp-json\/wp\/v2\/product_brand?post=28423"},{"taxonomy":"product_cat","embeddable":true,"href":"https:\/\/escovape.com\/cs\/wp-json\/wp\/v2\/product_cat?post=28423"},{"taxonomy":"product_tag","embeddable":true,"href":"https:\/\/escovape.com\/cs\/wp-json\/wp\/v2\/product_tag?post=28423"}],"curies":[{"name":"wp","href":"https:\/\/api.w.org\/{rel}","templated":true}]}}