{"id":28569,"date":"2025-07-23T09:41:09","date_gmt":"2025-07-23T09:41:09","guid":{"rendered":"https:\/\/escovape.com\/?post_type=product&#038;p=28569"},"modified":"2025-08-05T01:58:01","modified_gmt":"2025-08-05T01:58:01","slug":"bang-blaze-shisha-40k-puffs-dsk040-premiova-dobijeci-opakovane-pouzitelna-vape-s-nizkym-obsahem-nikotinu-hromadny-nakup-velkoobchod","status":"publish","type":"product","link":"https:\/\/escovape.com\/cs\/product\/bang-blaze-shisha-40k-puffs-dsk040-premium-rechargeable-refillable-vape-low-nicotine-bulk-buy-wholesale\/","title":{"rendered":"BANG BLAZE SHISHA 40K Puffs DSK040 Pr\u00e9miov\u00fd Nab\u00edjec\u00ed Dolditeln\u00fd Vape N\u00edzk\u00fd Nikotin Hromadn\u00fd N\u00e1kup Velkoobchod"},"content":{"rendered":"<h1 data-start=\"99\" data-end=\"202\">Pr\u00e9miov\u00e1 dopl\u0148ovac\u00ed vape s masivn\u00edm po\u010dtem 40 000 n\u00e1dech\u016f<\/h1>\n<p data-start=\"263\" data-end=\"760\">The BANG BLAZE SHISHA<strong data-start=\"267\" data-end=\"307\">\u00a040K Puffs DSK040<\/strong> je vysokokapacitn\u00ed <strong data-start=\"327\" data-end=\"346\">dob\u00edjec\u00ed vape<\/strong> navr\u017een\u00fd pro dlouhodobou spokojenost. P\u0159edstavujeme si p\u016fsobiv\u00fd <strong data-start=\"407\" data-end=\"434\">40\u202fmL kapacity e-kapaliny<\/strong>, <strong data-start=\"436\" data-end=\"470\">1 000 mAh dob\u00edjec\u00ed baterie<\/strong>a hladk\u00fdm 0,6\u202f\u03a9 mesh c\u00edvkou tato za\u0159\u00edzen\u00ed poskytuj\u00ed a\u017e <strong data-start=\"527\" data-end=\"543\">40 000 n\u00e1dech\u016f<\/strong> siln\u00e9 chuti a hust\u00e9 p\u00e1ry. Podporuje v\u00edce \u00farovn\u00ed nikotinu a nab\u00edz\u00ed p\u0159izp\u016fsobiteln\u00fd, cenov\u011b efektivn\u00ed z\u00e1\u017eitek z vapov\u00e1n\u00ed. Ide\u00e1ln\u00ed pro hromadn\u00fd n\u00e1kup za <strong data-start=\"701\" data-end=\"713\">Escovape p\u0159eklad nen\u00ed nutn\u00fd, proto Escovape<\/strong>v\u00e1\u0161 obl\u00edben\u00fd <a href=\"https:\/\/escovape.com\/cs\/\">velkoobchodn\u00ed vape platforma v Evrop\u011b<\/a>.<\/p>\n<hr data-start=\"762\" data-end=\"765\" \/>\n<h2 data-start=\"767\" data-end=\"812\">hlavn\u00ed funkce <a href=\"https:\/\/escovape.com\/cs\/kategorie-produktu\/prask\/\">Bang<\/a> Blaze Refillable Vape \n( no translation needed ) \nBlaze Refillable Vape<\/h2>\n<ul data-start=\"814\" data-end=\"1303\">\n<li data-start=\"814\" data-end=\"851\">\n<p data-start=\"816\" data-end=\"851\"><strong data-start=\"816\" data-end=\"832\">40 000 n\u00e1dech\u016f<\/strong> pro dlouhodob\u00e9 pou\u017eit\u00ed<\/p>\n<\/li>\n<li data-start=\"852\" data-end=\"910\">\n<p data-start=\"854\" data-end=\"910\"><strong data-start=\"854\" data-end=\"888\">D refillovateln\u00e1 n\u00e1dr\u017eka na e-liquid 40\u202fmL<\/strong> pro dlouhodobou hodnotu<\/p>\n<\/li>\n<li data-start=\"911\" data-end=\"962\">\n<p data-start=\"913\" data-end=\"962\"><strong data-start=\"913\" data-end=\"934\">Baterie 1 000 mAh<\/strong> s rychlonab\u00edjen\u00edm Type-C<\/p>\n<\/li>\n<li data-start=\"963\" data-end=\"1013\">\n<p data-start=\"965\" data-end=\"1013\"><strong data-start=\"965\" data-end=\"984\">0,6 \u03a9 s\u00ed\u0165ov\u00e1 c\u00edvka<\/strong> zaji\u0161\u0165uje hladkou, bohatou p\u00e1ru<\/p>\n<\/li>\n<li data-start=\"1014\" data-end=\"1068\">\n<p data-start=\"1016\" data-end=\"1068\"><strong data-start=\"1016\" data-end=\"1031\">LED displej<\/strong> zobrazuje \u00farove\u0148 baterie a po\u010det n\u00e1dech\u016f<\/p>\n<\/li>\n<li data-start=\"1069\" data-end=\"1127\">\n<p data-start=\"1071\" data-end=\"1127\">Dostupn\u00e9 v <strong data-start=\"1084\" data-end=\"1125\">0%, 2%, 3% a 5% obsah nikotinu<\/strong><\/p>\n<\/li>\n<li data-start=\"1128\" data-end=\"1177\">\n<p data-start=\"1130\" data-end=\"1177\">Podporuje <strong data-start=\"1139\" data-end=\"1150\">OEM\/ODM<\/strong> P\u0159izp\u016fsoben\u00ed pro zna\u010dky<\/p>\n<\/li>\n<li data-start=\"1178\" data-end=\"1226\">\n<p data-start=\"1180\" data-end=\"1226\">Stylov\u00e1, odoln\u00e1 konstrukce s ergonomick\u00fdm designem<\/p>\n<\/li>\n<li data-start=\"1227\" data-end=\"1303\">\n<p data-start=\"1229\" data-end=\"1303\">Ide\u00e1ln\u00ed pro maloobchodn\u00edky a distributory hledaj\u00edc\u00ed dlouhotrvaj\u00edc\u00ed znovu naplniteln\u00e9 vapes<\/p>\n<\/li>\n<\/ul>\n<hr data-start=\"1305\" data-end=\"1308\" \/>\n<h2 data-start=\"1310\" data-end=\"1335\"><a href=\"https:\/\/escovape.com\/cs\/kategorie-produktu\/prask\/\">BANG BLAZE SHISHA<\/a>\u00a040K Puffs DSK040 Technick\u00e9 specifikace produktu<\/h2>\n<ul data-start=\"1337\" data-end=\"1652\">\n<li data-start=\"1337\" data-end=\"1358\">\n<p data-start=\"1339\" data-end=\"1358\"><strong data-start=\"1339\" data-end=\"1349\">Chvilky:<\/strong> 40,000<\/p>\n<\/li>\n<li data-start=\"1359\" data-end=\"1395\">\n<p data-start=\"1361\" data-end=\"1395\"><strong data-start=\"1361\" data-end=\"1374\">E-liquid: \nE-kapalina:<\/strong> 40\u202fmL (dop\u0148ovac\u00ed)<\/p>\n<\/li>\n<li data-start=\"1396\" data-end=\"1435\">\n<p data-start=\"1398\" data-end=\"1435\"><strong data-start=\"1398\" data-end=\"1410\">Baterie:<\/strong> 1 000 mAh dob\u00edjec\u00ed<\/p>\n<\/li>\n<li data-start=\"1436\" data-end=\"1460\">\n<p data-start=\"1438\" data-end=\"1460\"><strong data-start=\"1438\" data-end=\"1447\">C\u00edvka<\/strong> 0,6 \u03a9 s\u00ed\u0165<\/p>\n<\/li>\n<li data-start=\"1461\" data-end=\"1490\">\n<p data-start=\"1463\" data-end=\"1490\"><strong data-start=\"1463\" data-end=\"1481\">Nab\u00edjec\u00ed port:<\/strong> Typ-C<\/p>\n<\/li>\n<li data-start=\"1491\" data-end=\"1534\">\n<p data-start=\"1493\" data-end=\"1534\"><strong data-start=\"1493\" data-end=\"1514\">Mo\u017enosti nikotinu:<\/strong> 0% \/ 2% \/ 3% \/ 5%<\/p>\n<\/li>\n<li data-start=\"1535\" data-end=\"1568\">\n<p data-start=\"1537\" data-end=\"1568\"><strong data-start=\"1537\" data-end=\"1560\">Jednotkov\u00e1 hmotnost:<\/strong> 109 g<\/p>\n<\/li>\n<li data-start=\"1569\" data-end=\"1595\">\n<p data-start=\"1571\" data-end=\"1595\"><strong data-start=\"1571\" data-end=\"1585\">Krabice 10:<\/strong> 1,142 g<\/p>\n<\/li>\n<li data-start=\"1596\" data-end=\"1652\">\n<p data-start=\"1598\" data-end=\"1652\"><strong data-start=\"1598\" data-end=\"1621\">Karton (180 jednotek):<\/strong> 21,5 kg, 68,5 \u00d7 39,6 \u00d7 24,2 cm<\/p>\n<\/li>\n<\/ul>\n<hr data-start=\"1654\" data-end=\"1657\" \/>\n<h2 data-start=\"1659\" data-end=\"1673\">BANG BLAZE SHISHA 40K Puffs P\u0159ehled chut\u00ed<\/h2>\n<ul data-start=\"1675\" data-end=\"1893\">\n<li data-start=\"1675\" data-end=\"1689\">\n<p data-start=\"1677\" data-end=\"1689\">Vodn\u00ed meloun<\/p>\n<\/li>\n<li data-start=\"1690\" data-end=\"1715\">\n<p data-start=\"1692\" data-end=\"1715\">Vodn\u00ed meloun jahoda<\/p>\n<\/li>\n<li data-start=\"1716\" data-end=\"1731\">\n<p data-start=\"1718\" data-end=\"1731\">Pina Colada<\/p>\n<\/li>\n<li data-start=\"1732\" data-end=\"1750\">\n<p data-start=\"1734\" data-end=\"1750\">jahodov\u00fd led<\/p>\n<\/li>\n<li data-start=\"1751\" data-end=\"1763\">\n<p data-start=\"1753\" data-end=\"1763\">Red Bull<\/p>\n<\/li>\n<li data-start=\"1764\" data-end=\"1777\">\n<p data-start=\"1766\" data-end=\"1777\">P\u00edskov\u00fd led se broskvov\u00fdm p\u0159\u00edchut\u00ed<\/p>\n<\/li>\n<li data-start=\"1778\" data-end=\"1795\">\n<p data-start=\"1780\" data-end=\"1795\">Modr\u00e1 bor\u016fvkov\u00e1 zmrzlina<\/p>\n<\/li>\n<li data-start=\"1796\" data-end=\"1819\">\n<p data-start=\"1798\" data-end=\"1819\">modr\u00e1 bor\u016fvka malina<\/p>\n<\/li>\n<li data-start=\"1820\" data-end=\"1845\">\n<p data-start=\"1822\" data-end=\"1845\">T\u0159e\u0161\u0148ov\u00e9 kv\u011bty hrozny<\/p>\n<\/li>\n<li data-start=\"1846\" data-end=\"1863\">\n<p data-start=\"1848\" data-end=\"1863\">Dvojit\u00e9 jablko<\/p>\n<\/li>\n<li data-start=\"1864\" data-end=\"1879\">\n<p data-start=\"1866\" data-end=\"1879\">Sm\u011bs ovoce<\/p>\n<\/li>\n<li data-start=\"1880\" data-end=\"1893\">\n<p data-start=\"1882\" data-end=\"1893\">Mango broskev<\/p>\n<\/li>\n<\/ul>\n<hr data-start=\"1895\" data-end=\"1898\" \/>\n<h2 data-start=\"1900\" data-end=\"1945\">Kupte znovu naplniteln\u00e9 vapes ve velk\u00e9m mno\u017estv\u00ed na <a href=\"https:\/\/escovape.com\/cs\/\">Escovape p\u0159eklad nen\u00ed nutn\u00fd, proto Escovape<\/a><\/h2>\n<p data-start=\"1946\" data-end=\"2278\">Jako evropsk\u00e1 profesion\u00e1ln\u00ed velkoobchodn\u00ed platforma pro produkty na vapov\u00e1n\u00ed, <strong data-start=\"2011\" data-end=\"2023\">Escovape p\u0159eklad nen\u00ed nutn\u00fd, proto Escovape<\/strong> nab\u00edz\u00ed BANG BLAZE SHISHA<strong data-start=\"2035\" data-end=\"2075\">\u00a040K Puffs DSK040<\/strong> Pro hromadn\u00e9 n\u00e1kupy s d\u016fv\u011brou. A\u0165 u\u017e roz\u0161i\u0159ujete svou maloobchodn\u00ed nab\u00eddku nebo z\u00edsk\u00e1v\u00e1te pr\u00e9miov\u00e9 doplniteln\u00e9 mo\u017enosti, tento vape kombinuje chu\u0165, dlouhou \u017eivotnost a p\u0159izp\u016fsoben\u00ed, aby vyhov\u011bl v\u0161em pot\u0159eb\u00e1m z\u00e1kazn\u00edk\u016f.<\/p>\n<p data-start=\"1946\" data-end=\"2278\"><img data-recalc-dims=\"1\" loading=\"lazy\" decoding=\"async\" class=\"alignnone size-full wp-image-28636\" src=\"https:\/\/i0.wp.com\/escovape.com\/wp-content\/uploads\/2025\/07\/Bang-Blaze-Shisha-40K-Puffs-DSK040-Premium-Rechargeable-Refillable-Vape-Low-Nicotine-Bulk-Buy-Wholesale-14-scaled.webp?resize=1020%2C2499&#038;ssl=1\" alt=\"Bang Blaze Shisha 40K Puffs DSK040 Pr\u00e9miov\u00fd Nab\u00edjec\u00ed Op\u011btovn\u011b Naplniteln\u00fd Vape N\u00edzk\u00fd Nikotin Hromadn\u00fd N\u00e1kup Velkoobchod\" width=\"1020\" height=\"2499\" title=\"\" srcset=\"https:\/\/i0.wp.com\/escovape.com\/wp-content\/uploads\/2025\/07\/Bang-Blaze-Shisha-40K-Puffs-DSK040-Premium-Rechargeable-Refillable-Vape-Low-Nicotine-Bulk-Buy-Wholesale-14-scaled.webp?w=1045&amp;ssl=1 1045w, https:\/\/i0.wp.com\/escovape.com\/wp-content\/uploads\/2025\/07\/Bang-Blaze-Shisha-40K-Puffs-DSK040-Premium-Rechargeable-Refillable-Vape-Low-Nicotine-Bulk-Buy-Wholesale-14-scaled.webp?resize=163%2C400&amp;ssl=1 163w, https:\/\/i0.wp.com\/escovape.com\/wp-content\/uploads\/2025\/07\/Bang-Blaze-Shisha-40K-Puffs-DSK040-Premium-Rechargeable-Refillable-Vape-Low-Nicotine-Bulk-Buy-Wholesale-14-scaled.webp?resize=327%2C800&amp;ssl=1 327w, https:\/\/i0.wp.com\/escovape.com\/wp-content\/uploads\/2025\/07\/Bang-Blaze-Shisha-40K-Puffs-DSK040-Premium-Rechargeable-Refillable-Vape-Low-Nicotine-Bulk-Buy-Wholesale-14-scaled.webp?resize=768%2C1882&amp;ssl=1 768w, https:\/\/i0.wp.com\/escovape.com\/wp-content\/uploads\/2025\/07\/Bang-Blaze-Shisha-40K-Puffs-DSK040-Premium-Rechargeable-Refillable-Vape-Low-Nicotine-Bulk-Buy-Wholesale-14-scaled.webp?resize=627%2C1536&amp;ssl=1 627w, https:\/\/i0.wp.com\/escovape.com\/wp-content\/uploads\/2025\/07\/Bang-Blaze-Shisha-40K-Puffs-DSK040-Premium-Rechargeable-Refillable-Vape-Low-Nicotine-Bulk-Buy-Wholesale-14-scaled.webp?resize=836%2C2048&amp;ssl=1 836w, https:\/\/i0.wp.com\/escovape.com\/wp-content\/uploads\/2025\/07\/Bang-Blaze-Shisha-40K-Puffs-DSK040-Premium-Rechargeable-Refillable-Vape-Low-Nicotine-Bulk-Buy-Wholesale-14-scaled.webp?resize=5%2C12&amp;ssl=1 5w, https:\/\/i0.wp.com\/escovape.com\/wp-content\/uploads\/2025\/07\/Bang-Blaze-Shisha-40K-Puffs-DSK040-Premium-Rechargeable-Refillable-Vape-Low-Nicotine-Bulk-Buy-Wholesale-14-scaled.webp?resize=600%2C1470&amp;ssl=1 600w\" sizes=\"auto, (max-width: 1020px) 100vw, 1020px\" \/><\/p>","protected":false},"excerpt":{"rendered":"<p>The BANG BLAZE SHISHA<strong data-start=\"4\" data-end=\"44\">\u00a040K Puffs DSK040<\/strong> je pr\u00e9miov\u00fd (I cannot provide explanations, I will only translate, but I can do that,  is translated to  je ) \nis translated to \n je pr\u00e9miov\u00fd  -&gt;  nen\u00ed p\u0159elo\u017eeno spr\u00e1vn\u011b, proto pouze: \n je pr\u00e9miov\u00fd <strong data-start=\"58\" data-end=\"90\">dob\u00edjec\u00ed vape s mo\u017enost\u00ed dopln\u011bn\u00ed<\/strong> s obrovskou 40\u202fmL n\u00e1dr\u017e\u00ed, bateri\u00ed 1 000\u202fmAh a mesh c\u00edvkou pro hladk\u00e9 n\u00e1razy s n\u00edzk\u00fdm obsahem nikotinu - ide\u00e1ln\u00ed pro hromadn\u00e9 velkoobchodn\u00ed prodeje za <strong data-start=\"215\" data-end=\"227\">Escovape p\u0159eklad nen\u00ed nutn\u00fd, proto Escovape<\/strong>.<\/p>","protected":false},"featured_media":28637,"comment_status":"open","ping_status":"closed","template":"","meta":{"_lmt_disableupdate":"no","_lmt_disable":""},"product_brand":[],"product_cat":[18,123,55,97,98,99,100,101,102,103,104,105,106,107,108,109,110,111,112,113,114,15,59,61,62,133,42],"product_tag":[],"class_list":{"0":"post-28569","1":"product","2":"type-product","3":"status-publish","4":"has-post-thumbnail","6":"product_cat-bang","7":"product_cat-40000-puffs-disposable-vapes","8":"product_cat-big-puffs-disposable-vapes","9":"product_cat-disposable-vape-in-europe","10":"product_cat-disposable-vape-wholesale-austria","11":"product_cat-disposable-vape-wholesale-belgium","12":"product_cat-disposable-vape-wholesale-czech-republic","13":"product_cat-disposable-vape-wholesale-denmark","14":"product_cat-disposable-vape-wholesale-finland","15":"product_cat-disposable-vape-wholesale-france","16":"product_cat-disposable-vape-wholesale-germany","17":"product_cat-disposable-vape-wholesale-greece","18":"product_cat-disposable-vape-wholesale-hungary","19":"product_cat-disposable-vape-wholesale-italy","20":"product_cat-disposable-vape-wholesale-netherlands","21":"product_cat-disposable-vape-wholesale-norway","22":"product_cat-disposable-vape-wholesale-portugal","23":"product_cat-disposable-vape-wholesale-romania","24":"product_cat-disposable-vape-wholesale-spain","25":"product_cat-disposable-vape-wholesale-sweden","26":"product_cat-disposable-vape-wholesale-switzerland","27":"product_cat-disposable-vapes","28":"product_cat-lower-nicotine-disposable-vapes","29":"product_cat-rechargeable-disposable-vapes","30":"product_cat-shisha-hookah-disposable-vapes","31":"product_cat-shop-best-disposable-vape-flavors","32":"product_cat-shop-by-puffs","34":"first","35":"instock","36":"shipping-taxable","37":"purchasable","38":"product-type-variable"},"jetpack_sharing_enabled":true,"_links":{"self":[{"href":"https:\/\/escovape.com\/cs\/wp-json\/wp\/v2\/product\/28569","targetHints":{"allow":["GET"]}}],"collection":[{"href":"https:\/\/escovape.com\/cs\/wp-json\/wp\/v2\/product"}],"about":[{"href":"https:\/\/escovape.com\/cs\/wp-json\/wp\/v2\/types\/product"}],"replies":[{"embeddable":true,"href":"https:\/\/escovape.com\/cs\/wp-json\/wp\/v2\/comments?post=28569"}],"wp:featuredmedia":[{"embeddable":true,"href":"https:\/\/escovape.com\/cs\/wp-json\/wp\/v2\/media\/28637"}],"wp:attachment":[{"href":"https:\/\/escovape.com\/cs\/wp-json\/wp\/v2\/media?parent=28569"}],"wp:term":[{"taxonomy":"product_brand","embeddable":true,"href":"https:\/\/escovape.com\/cs\/wp-json\/wp\/v2\/product_brand?post=28569"},{"taxonomy":"product_cat","embeddable":true,"href":"https:\/\/escovape.com\/cs\/wp-json\/wp\/v2\/product_cat?post=28569"},{"taxonomy":"product_tag","embeddable":true,"href":"https:\/\/escovape.com\/cs\/wp-json\/wp\/v2\/product_tag?post=28569"}],"curies":[{"name":"wp","href":"https:\/\/api.w.org\/{rel}","templated":true}]}}