{"id":31043,"date":"2025-08-06T13:25:18","date_gmt":"2025-08-06T13:25:18","guid":{"rendered":"https:\/\/escovape.com\/?post_type=product&#038;p=31043"},"modified":"2025-08-06T13:25:18","modified_gmt":"2025-08-06T13:25:18","slug":"bang-vudce-20-000-nadechu-premiove-dobijeci-jednorazove-vape-nizky-nikotin-hromadny-nakup-velkoobchod","status":"publish","type":"product","link":"https:\/\/escovape.com\/cs\/product\/bang-leader-20k-puffs-premium-rechargeable-disposable-vapes-low-nicotine-bulk-buy-wholesale\/","title":{"rendered":"BANG LEADER 20K Puffs Pr\u00e9miov\u00e9 Dob\u00edjec\u00ed Jednor\u00e1zov\u00e9 Vapes N\u00edzk\u00fd Nikotin Hromadn\u00fd N\u00e1kup Velkoobchod"},"content":{"rendered":"<p data-start=\"95\" data-end=\"548\">Objevte <strong data-start=\"108\" data-end=\"133\">BANG LEADER 20K Puffs<\/strong>, a <a href=\"https:\/\/escovape.com\/cs\/kategorie-produktu\/jednorazove-vypary\/dobijeci-jednorazove-vapky\/\"><strong>Pr\u00e9miov\u00e1 dob\u00edjec\u00ed jednor\u00e1zov\u00e1 vape<\/strong><\/a> Navr\u017eeno pro dlouhodob\u00e9 pou\u017e\u00edv\u00e1n\u00ed a v\u00fdjime\u010dnou chu\u0165. S a\u017e 20 000 n\u00e1dechy, kapacitou e-kapaliny 28 ml a dob\u00edjec\u00ed bateri\u00ed 650 mAh nab\u00edz\u00ed toto za\u0159\u00edzen\u00ed uspokojiv\u00fd z\u00e1\u017eitek z vapov\u00e1n\u00ed. K dispozici je v 12 lahodn\u00fdch p\u0159\u00edchut\u00edch a r\u016fzn\u00fdch nikotinov\u00fdch koncentrac\u00edch, co\u017e je ide\u00e1ln\u00ed pro velkoobchodn\u00ed n\u00e1kupy p\u0159es <strong data-start=\"473\" data-end=\"485\">Escovape p\u0159eklad nen\u00ed nutn\u00fd, proto Escovape<\/strong>, v\u00e1\u0161 d\u016fv\u011bryhodn\u00fd evropsk\u00fd online obchod s jednor\u00e1zov\u00fdmi elektronick\u00fdmi cigaretami.<\/p>\n<h2 data-start=\"555\" data-end=\"598\"><a href=\"https:\/\/escovape.com\/cs\/kategorie-produktu\/prask\/\">BANG<\/a> LEADER 20K Puffs \u2013 P\u0159ehled produktu<\/h2>\n<p data-start=\"600\" data-end=\"992\">The <strong data-start=\"604\" data-end=\"629\">BANG LEADER 20K Puffs<\/strong> Kombinuje vysokou kapacitu s pohodl\u00edm. Ka\u017ed\u00e9 za\u0159\u00edzen\u00ed je p\u0159edem napln\u011bno 28 ml e-liquidu a disponuje du\u00e1ln\u00edm mesh spir\u00e1lov\u00fdm syst\u00e9mem, kter\u00fd zaji\u0161\u0165uje bohatou chu\u0165 a hladkou tvorbu p\u00e1ry. 650mAh dob\u00edjec\u00ed baterie podporuje rychl\u00e9 nab\u00edjen\u00ed typu C, co\u017e umo\u017e\u0148uje rychl\u00e9 dopln\u011bn\u00ed energie. D\u00edky p\u016fsobiv\u00fdm 20 000 potah\u016fm za za\u0159\u00edzen\u00ed minimalizuje pot\u0159ebu \u010dast\u00fdch n\u00e1hrad.<\/p>\n<hr data-start=\"994\" data-end=\"997\" \/>\n<h2 data-start=\"555\" data-end=\"598\"><a href=\"https:\/\/escovape.com\/cs\/kategorie-produktu\/prask\/\">BANG LEADER<\/a> 20K funkc\u00ed<\/h2>\n<ul data-start=\"1016\" data-end=\"1610\">\n<li data-start=\"1016\" data-end=\"1108\">\n<p data-start=\"1018\" data-end=\"1108\"><strong data-start=\"1018\" data-end=\"1036\">Roz\u0161\u00ed\u0159en\u00e9 pou\u017eit\u00ed<\/strong>: A\u017e 20 000 n\u00e1dech\u016f na za\u0159\u00edzen\u00ed, co\u017e sni\u017euje frekvenci v\u00fdm\u011bn.<\/p>\n<\/li>\n<li data-start=\"1109\" data-end=\"1198\">\n<p data-start=\"1111\" data-end=\"1198\"><strong data-start=\"1111\" data-end=\"1141\">\u0160t\u011bdr\u00e1 kapacita e-liquidu<\/strong>: 28ml p\u0159edem napln\u011bn\u00e1 e-kapalina pro dlouhotrvaj\u00edc\u00ed vapovac\u00ed seance.<\/p>\n<\/li>\n<li data-start=\"1199\" data-end=\"1274\">\n<p data-start=\"1201\" data-end=\"1274\"><strong data-start=\"1201\" data-end=\"1226\">Dvojit\u00fd syst\u00e9m mesh spir\u00e1lov\u00e9 v\u00fdm\u011bn\u00edky<\/strong>: Dod\u00e1v\u00e1 vylep\u0161enou chu\u0165 a produkci p\u00e1ry.<\/p>\n<\/li>\n<li data-start=\"1275\" data-end=\"1361\">\n<p data-start=\"1277\" data-end=\"1361\"><strong data-start=\"1277\" data-end=\"1301\">Dob\u00edjec\u00ed baterie<\/strong>: Kapacita 650mAh s rychl\u00fdm nab\u00edjen\u00edm Type-C pro pohodl\u00ed.<\/p>\n<\/li>\n<li data-start=\"1362\" data-end=\"1450\">\n<p data-start=\"1364\" data-end=\"1450\"><strong data-start=\"1364\" data-end=\"1399\">P\u0159izp\u016fsobiteln\u00e9 s\u00edly nikotinu<\/strong>: Dostupn\u00e9 v nikotinov\u00fdch variant\u00e1ch 0%, 2%, 3% a 5%.<\/p>\n<\/li>\n<li data-start=\"1451\" data-end=\"1522\">\n<p data-start=\"1453\" data-end=\"1522\"><strong data-start=\"1453\" data-end=\"1469\">Sleek Design \n\nnem\u00e1 p\u0159eklad, proto: \nSleek Design<\/strong>: Ergonomick\u00fd a p\u0159enosn\u00fd, vhodn\u00fd pro pou\u017eit\u00ed na cest\u00e1ch.<\/p>\n<\/li>\n<li data-start=\"1523\" data-end=\"1610\">\n<p data-start=\"1525\" data-end=\"1610\"><strong data-start=\"1525\" data-end=\"1544\">Podpora OEM\/ODM<\/strong>: P\u0159izp\u016fsoben\u00e9 mo\u017enosti zna\u010den\u00ed a balen\u00ed jsou k dispozici pro hromadn\u00e9 objedn\u00e1vky.<\/p>\n<\/li>\n<\/ul>\n<hr data-start=\"1612\" data-end=\"1615\" \/>\n<h2 data-start=\"1617\" data-end=\"1637\">Dostupn\u00e9 p\u0159\u00edchut\u011b<\/h2>\n<ul data-start=\"1639\" data-end=\"1843\">\n<li data-start=\"1639\" data-end=\"1655\">\n<p data-start=\"1641\" data-end=\"1655\">Melounov\u00fd led<\/p>\n<\/li>\n<li data-start=\"1656\" data-end=\"1673\">\n<p data-start=\"1658\" data-end=\"1673\">jahodov\u00fd kiwi<\/p>\n<\/li>\n<li data-start=\"1674\" data-end=\"1690\">\n<p data-start=\"1676\" data-end=\"1690\">jahodov\u00fd led<\/p>\n<\/li>\n<li data-start=\"1691\" data-end=\"1704\">\n<p data-start=\"1693\" data-end=\"1704\">Mango broskev<\/p>\n<\/li>\n<li data-start=\"1705\" data-end=\"1726\">\n<p data-start=\"1707\" data-end=\"1726\">modr\u00e1 bor\u016fvka malina<\/p>\n<\/li>\n<li data-start=\"1727\" data-end=\"1743\">\n<p data-start=\"1729\" data-end=\"1743\">modr\u00e1 bor\u016fvka m\u00e1ta<\/p>\n<\/li>\n<li data-start=\"1744\" data-end=\"1755\">\n<p data-start=\"1746\" data-end=\"1755\">Mixovan\u00e9 ovoce<\/p>\n<\/li>\n<li data-start=\"1756\" data-end=\"1779\">\n<p data-start=\"1758\" data-end=\"1779\">jahodov\u00e1 vodn\u00ed meloun<\/p>\n<\/li>\n<li data-start=\"1780\" data-end=\"1791\">\n<p data-start=\"1782\" data-end=\"1791\">Hroznov\u00fd led<\/p>\n<\/li>\n<li data-start=\"1792\" data-end=\"1815\">\n<p data-start=\"1794\" data-end=\"1815\">Vodn\u00ed melounov\u00e1 \u017ev\u00fdka\u010dka<\/p>\n<\/li>\n<li data-start=\"1816\" data-end=\"1831\">\n<p data-start=\"1818\" data-end=\"1831\">Modr\u00e1 bor\u016fvkov\u00e1 zmrzlina<\/p>\n<\/li>\n<li data-start=\"1832\" data-end=\"1843\">\n<p data-start=\"1834\" data-end=\"1843\">P\u00edskov\u00fd led se broskvov\u00fdm p\u0159\u00edchut\u00ed<\/p>\n<\/li>\n<\/ul>\n<hr data-start=\"1845\" data-end=\"1848\" \/>\n<h2 data-start=\"1850\" data-end=\"1867\">Specifikace<\/h2>\n<ul data-start=\"1869\" data-end=\"2140\">\n<li data-start=\"1869\" data-end=\"1899\">\n<p data-start=\"1871\" data-end=\"1899\"><strong data-start=\"1871\" data-end=\"1885\">Po\u010det \u0161luk\u016f<\/strong>: A\u017e 20 000<\/p>\n<\/li>\n<li data-start=\"1900\" data-end=\"1929\">\n<p data-start=\"1902\" data-end=\"1929\"><strong data-start=\"1902\" data-end=\"1923\">Kapacita e-liquidu<\/strong>: 28ml<\/p>\n<\/li>\n<li data-start=\"1930\" data-end=\"1970\">\n<p data-start=\"1932\" data-end=\"1970\"><strong data-start=\"1932\" data-end=\"1954\">S\u00edla nikotinu<\/strong>: 0%, 2%, 3%, 5%<\/p>\n<\/li>\n<li data-start=\"1971\" data-end=\"2004\">\n<p data-start=\"1973\" data-end=\"2004\"><strong data-start=\"1973\" data-end=\"1988\">C\u00edvkov\u00fd syst\u00e9m<\/strong>: Du\u00e1ln\u00ed c\u00edvka s dvojitou m\u0159\u00ed\u017ekou<\/p>\n<\/li>\n<li data-start=\"2005\" data-end=\"2039\">\n<p data-start=\"2007\" data-end=\"2039\"><strong data-start=\"2007\" data-end=\"2018\">Baterie<\/strong>: 650mAh dob\u00edjec\u00ed<\/p>\n<\/li>\n<li data-start=\"2040\" data-end=\"2067\">\n<p data-start=\"2042\" data-end=\"2067\"><strong data-start=\"2042\" data-end=\"2059\">nab\u00edjec\u00ed port<\/strong>: Typ-C<\/p>\n<\/li>\n<li data-start=\"2068\" data-end=\"2115\">\n<p data-start=\"2070\" data-end=\"2115\"><strong data-start=\"2070\" data-end=\"2084\">Rozm\u011bry<\/strong>: P\u0159enosn\u00fd a ergonomick\u00fd design<\/p>\n<\/li>\n<li data-start=\"2116\" data-end=\"2140\">\n<p data-start=\"2118\" data-end=\"2140\"><strong data-start=\"2118\" data-end=\"2129\">OEM\/ODM<\/strong>: Podporov\u00e1no<\/p>\n<\/li>\n<\/ul>\n<hr data-start=\"2142\" data-end=\"2145\" \/>\n<h2 data-start=\"2147\" data-end=\"2194\">Pro\u010d si vybrat BANG LEADER 20K Puffs na <a href=\"https:\/\/escovape.com\/cs\/\">Escovape p\u0159eklad nen\u00ed nutn\u00fd, proto Escovape<\/a><\/h2>\n<p data-start=\"2196\" data-end=\"2321\">Na <strong data-start=\"2199\" data-end=\"2211\">Escovape p\u0159eklad nen\u00ed nutn\u00fd, proto Escovape<\/strong>, nab\u00edz\u00edme autentick\u00e9 <strong data-start=\"2232\" data-end=\"2257\">BANG LEADER 20K Puffs<\/strong> za\u0159\u00edzen\u00ed za konkurenceschopn\u00e9 velkoobchodn\u00ed ceny. Na\u0161e platforma poskytuje:<\/p>\n<ul data-start=\"2323\" data-end=\"2692\">\n<li data-start=\"2323\" data-end=\"2400\">\n<p data-start=\"2325\" data-end=\"2400\"><strong data-start=\"2325\" data-end=\"2345\">Ov\u011b\u0159en\u00e1 kvalita<\/strong>: Origin\u00e1ln\u00ed produkty p\u0159\u00edmo od d\u016fv\u011bryhodn\u00fdch v\u00fdrobc\u016f.<\/p>\n<\/li>\n<li data-start=\"2401\" data-end=\"2478\">\n<p data-start=\"2403\" data-end=\"2478\"><strong data-start=\"2403\" data-end=\"2422\">Hromadn\u00e9 n\u00e1kupy<\/strong>: Flexibiln\u00ed mno\u017estv\u00ed objedn\u00e1vky, aby vyhovovaly pot\u0159eb\u00e1m va\u0161eho podnik\u00e1n\u00ed.<\/p>\n<\/li>\n<li data-start=\"2479\" data-end=\"2532\">\n<p data-start=\"2481\" data-end=\"2532\"><strong data-start=\"2481\" data-end=\"2498\">Rychl\u00e9 dod\u00e1n\u00ed<\/strong>: Spolehliv\u00e9 dod\u00e1n\u00ed po cel\u00e9 Evrop\u011b.<\/p>\n<\/li>\n<li data-start=\"2533\" data-end=\"2605\">\n<p data-start=\"2535\" data-end=\"2605\"><strong data-start=\"2535\" data-end=\"2560\">Mo\u017enosti p\u0159izp\u016fsoben\u00ed<\/strong>: Slu\u017eby OEM\/ODM pro personalizovan\u00e9 zna\u010den\u00ed.<\/p>\n<\/li>\n<li data-start=\"2606\" data-end=\"2692\">\n<p data-start=\"2608\" data-end=\"2692\"><strong data-start=\"2608\" data-end=\"2628\">Podpora z\u00e1kazn\u00edk\u016f<\/strong>: Vyhrazen\u00e1 asistence pro zaji\u0161t\u011bn\u00ed hladk\u00e9ho n\u00e1kupn\u00edho z\u00e1\u017eitku.<\/p>\n<\/li>\n<\/ul>\n<p><img data-recalc-dims=\"1\" loading=\"lazy\" decoding=\"async\" class=\"alignnone wp-image-31044 size-full\" src=\"https:\/\/i0.wp.com\/escovape.com\/wp-content\/uploads\/2025\/08\/BANG-LEADER-20K-Puffs-Premium-Rechargeable-Disposable-Vapes-Low-Nicotine-Bulk-Buy-Wholesale-1.webp?resize=1020%2C574&#038;ssl=1\" alt=\"BANG LEADER 20K Puffs Pr\u00e9miov\u00e9 Dob\u00edjec\u00ed Jednor\u00e1zov\u00e9 Vapes N\u00edzk\u00fd Nikotin Hromadn\u00fd N\u00e1kup Velkoobchod\" width=\"1020\" height=\"574\" title=\"\" srcset=\"https:\/\/i0.wp.com\/escovape.com\/wp-content\/uploads\/2025\/08\/BANG-LEADER-20K-Puffs-Premium-Rechargeable-Disposable-Vapes-Low-Nicotine-Bulk-Buy-Wholesale-1.webp?w=1920&amp;ssl=1 1920w, https:\/\/i0.wp.com\/escovape.com\/wp-content\/uploads\/2025\/08\/BANG-LEADER-20K-Puffs-Premium-Rechargeable-Disposable-Vapes-Low-Nicotine-Bulk-Buy-Wholesale-1.webp?resize=711%2C400&amp;ssl=1 711w, https:\/\/i0.wp.com\/escovape.com\/wp-content\/uploads\/2025\/08\/BANG-LEADER-20K-Puffs-Premium-Rechargeable-Disposable-Vapes-Low-Nicotine-Bulk-Buy-Wholesale-1.webp?resize=1400%2C788&amp;ssl=1 1400w, https:\/\/i0.wp.com\/escovape.com\/wp-content\/uploads\/2025\/08\/BANG-LEADER-20K-Puffs-Premium-Rechargeable-Disposable-Vapes-Low-Nicotine-Bulk-Buy-Wholesale-1.webp?resize=768%2C432&amp;ssl=1 768w, https:\/\/i0.wp.com\/escovape.com\/wp-content\/uploads\/2025\/08\/BANG-LEADER-20K-Puffs-Premium-Rechargeable-Disposable-Vapes-Low-Nicotine-Bulk-Buy-Wholesale-1.webp?resize=1536%2C864&amp;ssl=1 1536w, https:\/\/i0.wp.com\/escovape.com\/wp-content\/uploads\/2025\/08\/BANG-LEADER-20K-Puffs-Premium-Rechargeable-Disposable-Vapes-Low-Nicotine-Bulk-Buy-Wholesale-1.webp?resize=18%2C10&amp;ssl=1 18w, https:\/\/i0.wp.com\/escovape.com\/wp-content\/uploads\/2025\/08\/BANG-LEADER-20K-Puffs-Premium-Rechargeable-Disposable-Vapes-Low-Nicotine-Bulk-Buy-Wholesale-1.webp?resize=600%2C338&amp;ssl=1 600w\" sizes=\"auto, (max-width: 1020px) 100vw, 1020px\" \/><\/p>","protected":false},"excerpt":{"rendered":"<p>BANG LEADER 20K Puffs je a <a href=\"https:\/\/escovape.com\/cs\/kategorie-produktu\/jednorazove-vypary\/jednorazove-vapes-s-nizsim-obsahem-nikotinu\/\"><strong>Pr\u00e9miov\u00e1 n\u00edzkonikotinov\u00e1 jednor\u00e1zov\u00e1 vape<\/strong><\/a> s vybaven\u00edm 650mAh baterie, 28ml e-kapaliny, du\u00e1ln\u00ed mesh c\u00edvkou a 12 bohat\u00fdmi p\u0159\u00edchut\u011bmi \u2014 dostupn\u00e9 pro hromadn\u00fd velkoobchod na Escovape.<\/p>","protected":false},"featured_media":31046,"comment_status":"open","ping_status":"closed","template":"","meta":{"_lmt_disableupdate":"no","_lmt_disable":""},"product_brand":[],"product_cat":[18,48,55,56,57,97,98,99,100,101,102,103,104,105,106,107,108,109,110,111,112,113,114,15,58,59,61,133,42],"product_tag":[],"class_list":{"0":"post-31043","1":"product","2":"type-product","3":"status-publish","4":"has-post-thumbnail","6":"product_cat-bang","7":"product_cat-20000-puffs-disposable-vapes","8":"product_cat-big-puffs-disposable-vapes","9":"product_cat-crystal-disposable-vapes","10":"product_cat-digital-box-disposable-vapes","11":"product_cat-disposable-vape-in-europe","12":"product_cat-disposable-vape-wholesale-austria","13":"product_cat-disposable-vape-wholesale-belgium","14":"product_cat-disposable-vape-wholesale-czech-republic","15":"product_cat-disposable-vape-wholesale-denmark","16":"product_cat-disposable-vape-wholesale-finland","17":"product_cat-disposable-vape-wholesale-france","18":"product_cat-disposable-vape-wholesale-germany","19":"product_cat-disposable-vape-wholesale-greece","20":"product_cat-disposable-vape-wholesale-hungary","21":"product_cat-disposable-vape-wholesale-italy","22":"product_cat-disposable-vape-wholesale-netherlands","23":"product_cat-disposable-vape-wholesale-norway","24":"product_cat-disposable-vape-wholesale-portugal","25":"product_cat-disposable-vape-wholesale-romania","26":"product_cat-disposable-vape-wholesale-spain","27":"product_cat-disposable-vape-wholesale-sweden","28":"product_cat-disposable-vape-wholesale-switzerland","29":"product_cat-disposable-vapes","30":"product_cat-dual-mesh-disposable-vapes","31":"product_cat-lower-nicotine-disposable-vapes","32":"product_cat-rechargeable-disposable-vapes","33":"product_cat-shop-best-disposable-vape-flavors","34":"product_cat-shop-by-puffs","36":"first","37":"instock","38":"shipping-taxable","39":"purchasable","40":"product-type-variable"},"jetpack_sharing_enabled":true,"_links":{"self":[{"href":"https:\/\/escovape.com\/cs\/wp-json\/wp\/v2\/product\/31043","targetHints":{"allow":["GET"]}}],"collection":[{"href":"https:\/\/escovape.com\/cs\/wp-json\/wp\/v2\/product"}],"about":[{"href":"https:\/\/escovape.com\/cs\/wp-json\/wp\/v2\/types\/product"}],"replies":[{"embeddable":true,"href":"https:\/\/escovape.com\/cs\/wp-json\/wp\/v2\/comments?post=31043"}],"wp:featuredmedia":[{"embeddable":true,"href":"https:\/\/escovape.com\/cs\/wp-json\/wp\/v2\/media\/31046"}],"wp:attachment":[{"href":"https:\/\/escovape.com\/cs\/wp-json\/wp\/v2\/media?parent=31043"}],"wp:term":[{"taxonomy":"product_brand","embeddable":true,"href":"https:\/\/escovape.com\/cs\/wp-json\/wp\/v2\/product_brand?post=31043"},{"taxonomy":"product_cat","embeddable":true,"href":"https:\/\/escovape.com\/cs\/wp-json\/wp\/v2\/product_cat?post=31043"},{"taxonomy":"product_tag","embeddable":true,"href":"https:\/\/escovape.com\/cs\/wp-json\/wp\/v2\/product_tag?post=31043"}],"curies":[{"name":"wp","href":"https:\/\/api.w.org\/{rel}","templated":true}]}}