{"id":33946,"date":"2025-10-21T07:08:05","date_gmt":"2025-10-21T07:08:05","guid":{"rendered":"https:\/\/escovape.com\/?post_type=product&#038;p=33946"},"modified":"2025-10-21T07:08:05","modified_gmt":"2025-10-21T07:08:05","slug":"bang-legend-150k-puffs-dsk064-sest-prichuti-premiove-dobijeci-jednorazove-vape-nizky-nikotin-hromadny-nakup-velkoobchod","status":"publish","type":"product","link":"https:\/\/escovape.com\/cs\/product\/bang-legend-150k-puffs-dsk064-six-flavor-premium-rechargeable-disposable-vapes-low-nicotine-bulk-buy-wholesale\/","title":{"rendered":"BANG LEGEND 150K Puffs DSK064 \u0160est p\u0159\u00edchut\u00ed Pr\u00e9miov\u00e9 dob\u00edjec\u00ed jednor\u00e1zov\u00e9 vapey N\u00edzk\u00fd nikotin Hromadn\u00fd n\u00e1kup Velkoobchod"},"content":{"rendered":"<h2 class=\"ng-star-inserted\"><span class=\"ng-star-inserted\"><a href=\"https:\/\/escovape.com\/cs\/kategorie-produktu\/prask\/\">BANG LEGEND<\/a> 150K Puffs DSK064: Kone\u010dn\u00fd \u0161estiv\u016fdn\u00fd z\u00e1\u017eitek z vapov\u00e1n\u00ed<\/span><\/h2>\n<p class=\"ng-star-inserted\"><span class=\"ng-star-inserted\">P\u0159ipravte se na vapovac\u00ed cestu jako \u017e\u00e1dn\u00e1 jin\u00e1 s t\u00edm\u00a0<\/span><span class=\"ng-star-inserted\">BANG LEGEND 150K Puffs DSK064<\/span><span class=\"ng-star-inserted\">, pr\u00e9miov\u00e1 jednor\u00e1zov\u00e1 vape, kter\u00e1 p\u0159ekon\u00e1v\u00e1 v\u0161echna o\u010dek\u00e1v\u00e1n\u00ed. To nen\u00ed jen za\u0159\u00edzen\u00ed; je to knihovna chut\u00ed v dlani va\u0161\u00ed ruky. P\u0159edstavte si svobodu m\u00edt \u0161est unik\u00e1tn\u00edch profil\u016f chut\u00ed v jedin\u00e9m, elegantn\u00edm za\u0159\u00edzen\u00ed, v\u0161e poh\u00e1n\u011bno syst\u00e9mem, kter\u00fd dod\u00e1v\u00e1 ohromuj\u00edc\u00edch 150 000 potah\u016f. BANG LEGEND 150K Puffs je vrcholem inovac\u00ed, navr\u017een\u00fdm pro ty, kte\u0159\u00ed vy\u017eaduj\u00ed maxim\u00e1ln\u00ed variabilitu a v\u00fdkon.<\/span><\/p>\n<p class=\"ng-star-inserted\"><span class=\"ng-star-inserted\">V Escovape, p\u0159edn\u00ed evropsk\u00e9 online velkoobchodn\u00ed platform\u011b pro jednor\u00e1zov\u00e9 vapery, jsme hrd\u00ed na to, \u017ee nab\u00edz\u00edme tento revolu\u010dn\u00ed produkt. Jsme odhodl\u00e1ni z\u00edsk\u00e1vat nejpokro\u010dilej\u0161\u00ed za\u0159\u00edzen\u00ed pro na\u0161e maloobchodn\u00ed partnery a BANG LEGEND 150K Puffs je skute\u010dn\u00fdm mistrovsk\u00fdm d\u00edlem, kter\u00e9 v\u00e1\u0161 podnik vyzdvihne a zaujme va\u0161e z\u00e1kazn\u00edky.<\/span><\/p>\n<h2 class=\"ng-star-inserted\"><span class=\"ng-star-inserted\">Nov\u00fd standard v technologii vapov\u00e1n\u00ed<\/span><\/h2>\n<p class=\"ng-star-inserted\"><span class=\"ng-star-inserted\">BANG LEGEND 150K Puffs<\/span><span class=\"ng-star-inserted\">\u00a0je pe\u010dliv\u011b navr\u017eeno tak, aby poskytovalo v\u0161estrann\u00fd a bezchybn\u00fd z\u00e1\u017eitek z vapov\u00e1n\u00ed. Ka\u017ed\u00e1 sou\u010d\u00e1st je navr\u017eena tak, aby maximalizovala chu\u0165, pohodl\u00ed a dlouhou \u017eivotnost.<\/span><\/p>\n<ul class=\"ng-star-inserted\">\n<li class=\"ng-star-inserted\">\n<p class=\"ng-star-inserted\"><span class=\"ng-star-inserted\">Ned\u0159\u00edvej\u0161\u00ed \u017eivotnost 150 000 Puff:<\/span><span class=\"ng-star-inserted\">\u00a0Toto za\u0159\u00edzen\u00ed nab\u00edz\u00ed jeden z nejvy\u0161\u0161\u00edch po\u010dt\u016f n\u00e1dech\u016f na trhu, co\u017e zaji\u0161\u0165uje t\u00fddny uspokojiv\u00e9ho vapov\u00e1n\u00ed bez pot\u0159eby v\u00fdm\u011bny.<\/span><\/p>\n<\/li>\n<li class=\"ng-star-inserted\">\n<p class=\"ng-star-inserted\"><span class=\"ng-star-inserted\">Dynamick\u00fd \u0161estiv jednomu chu\u0165ov\u00fd syst\u00e9m:<\/span><span class=\"ng-star-inserted\">\u00a0Prozkoumejte sv\u011bt chut\u00ed se t\u0159emi odli\u0161n\u00fdmi n\u00e1dr\u017eemi e-liquidu. U\u017eijte si ka\u017edou z t\u011bchto t\u0159\u00ed \u010dist\u00fdch chut\u00ed samostatn\u011b, nebo je zkombinujte, abyste odemkli t\u0159i dal\u0161\u00ed unik\u00e1tn\u00ed f\u00faze.<\/span><\/p>\n<\/li>\n<li class=\"ng-star-inserted\">\n<p class=\"ng-star-inserted\"><span class=\"ng-star-inserted\">Inteligentn\u00ed chytr\u00fd displej:<\/span><span class=\"ng-star-inserted\">\u00a0K\u0159i\u0161\u0165\u00e1lov\u011b \u010dist\u00e1 obrazovka v\u00e1m poskytuje \u00fadaje v re\u00e1ln\u00e9m \u010dase o procentu nabit\u00ed baterie a hladin\u011b e-kapaliny, \u010d\u00edm\u017e m\u00e1te plnou kontrolu nad va\u0161\u00edm z\u00e1\u017eitkem.<\/span><\/p>\n<\/li>\n<li class=\"ng-star-inserted\">\n<p class=\"ng-star-inserted\"><span class=\"ng-star-inserted\">Pokro\u010dil\u00e1 m\u0159\u00ed\u017ekov\u00e1 c\u00edvka pro \u010distou chu\u0165:<\/span><span class=\"ng-star-inserted\">\u00a0Technologie vysokov\u00fdkonn\u00e9 mesh c\u00edvky zaji\u0161\u0165uje rychl\u00e9 a rovnom\u011brn\u00e9 zah\u0159\u00edv\u00e1n\u00ed, vytv\u00e1\u0159\u00ed hust\u00e9, aromatick\u00e9 mraky a \u010distou chu\u0165 od prvn\u00edho po posledn\u00ed \u0161luk.<\/span><\/p>\n<\/li>\n<li class=\"ng-star-inserted\">\n<p class=\"ng-star-inserted\"><span class=\"ng-star-inserted\">Vysokokapacitn\u00ed dob\u00edjec\u00ed baterie:<\/span><span class=\"ng-star-inserted\">\u00a0Vybaven\u00fd robustn\u00ed vnit\u0159n\u00ed bateri\u00ed a modern\u00edm nab\u00edjec\u00edm portem Type-C zaji\u0161\u0165uje BANG LEGEND, \u017ee jste v\u017edy nabiti a p\u0159ipraveni vyrazit.<\/span><\/p>\n<\/li>\n<li class=\"ng-star-inserted\">\n<p class=\"ng-star-inserted\"><span class=\"ng-star-inserted\">Dostupn\u00e9 mo\u017enosti s n\u00edzk\u00fdm obsahem nikotinu:<\/span><span class=\"ng-star-inserted\">\u00a0Vyhov\u011bt r\u016fznorod\u00e9 klientel\u011b pomoc\u00ed \u0159ady nikotinov\u00fdch sil, kter\u00e9 jsou navr\u017eeny tak, aby poskytovaly dokonale p\u0159izp\u016fsoben\u00e9 vapingov\u00e9 zku\u0161enosti.<\/span><\/p>\n<\/li>\n<li class=\"ng-star-inserted\">\n<p class=\"ng-star-inserted\"><span class=\"ng-star-inserted\">Autentick\u00e9 produkty pro hromadn\u00fd n\u00e1kup:<\/span><span class=\"ng-star-inserted\">\u00a0Jako d\u016fv\u011bryhodn\u00fd velkoobchodn\u00ed dodavatel garantujeme origin\u00e1ln\u00ed produkty vysok\u00e9 kvality pro v\u00e1\u0161 invent\u00e1\u0159.<\/span><\/p>\n<\/li>\n<\/ul>\n<h2 class=\"ng-star-inserted\"><span class=\"ng-star-inserted\">Nezapomenuteln\u00fd spektra chut\u00ed<\/span><\/h2>\n<p class=\"ng-star-inserted\"><span class=\"ng-star-inserted\">Genius BANG LEGEND 150K Puffs<\/span><span class=\"ng-star-inserted\">\u00a0je jeho unik\u00e1tn\u00ed syst\u00e9m p\u0159\u00edchut\u00ed. Ka\u017ed\u00e1 z 12 variant p\u0159ich\u00e1z\u00ed se t\u0159emi prim\u00e1rn\u00edmi p\u0159\u00edchut\u011bmi, kter\u00e9 lze vapovat samostatn\u011b nebo m\u00edchat a vytv\u00e1\u0159et tak t\u0159i dal\u0161\u00ed zaj\u00edmav\u00e9 kombinace.<\/span><\/p>\n<p class=\"ng-star-inserted\"><span class=\"ng-star-inserted\">1. P\u00eas\u0148ov\u00e1 trojka:<\/span><span class=\"ng-star-inserted\">\u00a0Peach Ice \/ Mango Peach \/ Blueberry Peach &amp; t\u0159i unik\u00e1tn\u00ed fusion sm\u011bsi.<\/span><\/p>\n<p class=\"ng-star-inserted\"><span class=\"ng-star-inserted\">2. Ananasov\u00fd r\u00e1j:<\/span><span class=\"ng-star-inserted\">\u00a0Pineapple Ice \/ Pineapple Coconut \/ Kiwi Fruit Pineapple Ice &amp; t\u0159i unik\u00e1tn\u00ed fusion sm\u011bsi.<\/span><\/p>\n<p class=\"ng-star-inserted\"><span class=\"ng-star-inserted\">3. V\u00fdbuch hrozn\u016f:<\/span><span class=\"ng-star-inserted\">\u00a0Hroznov\u00fd led \/ Hroznov\u00e1 \u017ev\u00fdka\u010dka \/ Malinov\u00e9 hrozny &amp; t\u0159i unik\u00e1tn\u00ed f\u00faze.<\/span><\/p>\n<p class=\"ng-star-inserted\"><span class=\"ng-star-inserted\">4. Melonov\u00e1 vlna:<\/span><span class=\"ng-star-inserted\">\u00a0Melounov\u00fd led \/ Melounov\u00e9 bobule \/ Jahodov\u00fd meloun &amp; t\u0159i unik\u00e1tn\u00ed fusion sm\u011bsi.<\/span><\/p>\n<p class=\"ng-star-inserted\"><span class=\"ng-star-inserted\">5. Bor\u016fvkov\u00e1 rozko\u0161:<\/span><span class=\"ng-star-inserted\">\u00a0Blueberry Ice \/ Blueberry Raspberry \/ Blueberry Cranberry Cherry a t\u0159i unik\u00e1tn\u00ed fusion sm\u011bsi.<\/span><\/p>\n<p class=\"ng-star-inserted\"><span class=\"ng-star-inserted\">6. Banana Fusion: \n6. Banana Fusion<\/span><span class=\"ng-star-inserted\">\u00a0Banana Ice \/ Jahodov\u00e1 Banana \/ Citric Acid Orange &amp; t\u0159i unik\u00e1tn\u00ed fusion sm\u011bsi.<\/span><\/p>\n<p class=\"ng-star-inserted\"><span class=\"ng-star-inserted\">7. Ovocn\u00e1 sm\u011bs:<\/span><span class=\"ng-star-inserted\">\u00a0Jablko Led \/ Jablko Hrozny \/ Bor\u016fvka Hrozny &amp; t\u0159i unik\u00e1tn\u00ed fusion sm\u011bsi.<\/span><\/p>\n<p class=\"ng-star-inserted\"><span class=\"ng-star-inserted\">8. Mango Fiesta<\/span><span class=\"ng-star-inserted\">\u00a0Mango Ice \/ Peach Mango Watermelon \/ Gummy Bear &amp; t\u0159i unik\u00e1tn\u00ed fusion sm\u011bsi.<\/span><\/p>\n<p class=\"ng-star-inserted\"><span class=\"ng-star-inserted\">9. T\u0159e\u0161\u0148ov\u00fd rozko\u0161:<\/span><span class=\"ng-star-inserted\">\u00a0Cherry Ice \/ Mixed Berries \/ Red Cola &amp; t\u0159i unik\u00e1tn\u00ed fusion sm\u011bsi.<\/span><\/p>\n<p class=\"ng-star-inserted\"><span class=\"ng-star-inserted\">10. Ikonick\u00e9 sm\u011bsi:<\/span><span class=\"ng-star-inserted\">\u00a0Red Bull \/ Vodn\u00ed melounov\u00e1 \u017ev\u00fdka\u010dka \/ Love 66 &amp; t\u0159i unik\u00e1tn\u00ed fusion sm\u011bsi.<\/span><\/p>\n<p class=\"ng-star-inserted\"><span class=\"ng-star-inserted\">11. Jahodov\u00e1 senzace:<\/span><span class=\"ng-star-inserted\">\u00a0Jahodov\u00fd led \/ Jahodov\u00fd kiwi \/ Jahodov\u00fd li\u010di  &amp; t\u0159i unik\u00e1tn\u00ed f\u00faze.<\/span><\/p>\n<p class=\"ng-star-inserted\"><span class=\"ng-star-inserted\">12. P\u00e1rty z plod\u016f mu\u010denky:<\/span><span class=\"ng-star-inserted\">\u00a0Fassionate Passion Fruit \/ Guava Lime \/ Passion Fruit Lemon &amp; t\u0159i unik\u00e1tn\u00ed fusion sm\u011bsi.<\/span><\/p>\n<h2 class=\"ng-star-inserted\"><span class=\"ng-star-inserted\">Pro\u010d zvolit <a href=\"https:\/\/escovape.com\/cs\/\">Escovape p\u0159eklad nen\u00ed nutn\u00fd, proto Escovape<\/a>?<\/span><\/h2>\n<p class=\"ng-star-inserted\"><span class=\"ng-star-inserted\">Pro maloobchodn\u00edky, kte\u0159\u00ed cht\u011bj\u00ed sv\u00fdm z\u00e1kazn\u00edk\u016fm nab\u00eddnout absolutn\u011b to nejlep\u0161\u00ed ve sv\u011bt\u011b vapingu, je\u00a0<\/span><span class=\"ng-star-inserted\">BANG LEGEND 150K Puffs<\/span><span class=\"ng-star-inserted\">\u00a0je nezbytn\u00fdm dopl\u0148kem va\u0161\u00ed sb\u00edrky. N\u00e1kupem va\u0161eho hromadn\u00e9ho n\u00e1kupu z m\u00e9 webov\u00e9 str\u00e1nky Escovape se st\u00e1v\u00e1te partnerem d\u016fv\u011bryhodn\u00e9ho evropsk\u00e9ho l\u00eddra na trhu s jednor\u00e1zov\u00fdmi vape za\u0159\u00edzen\u00edmi. Nab\u00edz\u00edme konkurenceschopn\u00e9 velkoobchodn\u00ed ceny a vyhrazenou podporu, abychom pomohli va\u0161emu podnik\u00e1n\u00ed prosperovat. Zvy\u0161ujte sv\u00e9 nab\u00eddky skute\u010dn\u011b legend\u00e1rn\u00edm za\u0159\u00edzen\u00edm.<\/span><\/p>\n<p>&nbsp;<\/p>\n<p><img data-recalc-dims=\"1\" loading=\"lazy\" decoding=\"async\" class=\"alignnone size-full wp-image-34011\" src=\"https:\/\/i0.wp.com\/escovape.com\/wp-content\/uploads\/2025\/10\/BANG-LEGEND-150K-Puffs-DSK064-Six-Flavor-Premium-Rechargeable-Disposable-Vapes-Low-Nicotine-Bulk-Buy-Wholesale-13.webp?resize=1020%2C1021&#038;ssl=1\" alt=\"BANG LEGEND 150K Puffs DSK064 \u0160est p\u0159\u00edchut\u00ed Pr\u00e9miov\u00e9 dob\u00edjec\u00ed jednor\u00e1zov\u00e9 vapey N\u00edzk\u00fd nikotin Hromadn\u00fd n\u00e1kup Velkoobchod\" width=\"1020\" height=\"1021\" title=\"\" srcset=\"https:\/\/i0.wp.com\/escovape.com\/wp-content\/uploads\/2025\/10\/BANG-LEGEND-150K-Puffs-DSK064-Six-Flavor-Premium-Rechargeable-Disposable-Vapes-Low-Nicotine-Bulk-Buy-Wholesale-13.webp?w=1890&amp;ssl=1 1890w, https:\/\/i0.wp.com\/escovape.com\/wp-content\/uploads\/2025\/10\/BANG-LEGEND-150K-Puffs-DSK064-Six-Flavor-Premium-Rechargeable-Disposable-Vapes-Low-Nicotine-Bulk-Buy-Wholesale-13.webp?resize=400%2C400&amp;ssl=1 400w, https:\/\/i0.wp.com\/escovape.com\/wp-content\/uploads\/2025\/10\/BANG-LEGEND-150K-Puffs-DSK064-Six-Flavor-Premium-Rechargeable-Disposable-Vapes-Low-Nicotine-Bulk-Buy-Wholesale-13.webp?resize=800%2C800&amp;ssl=1 800w, https:\/\/i0.wp.com\/escovape.com\/wp-content\/uploads\/2025\/10\/BANG-LEGEND-150K-Puffs-DSK064-Six-Flavor-Premium-Rechargeable-Disposable-Vapes-Low-Nicotine-Bulk-Buy-Wholesale-13.webp?resize=280%2C280&amp;ssl=1 280w, https:\/\/i0.wp.com\/escovape.com\/wp-content\/uploads\/2025\/10\/BANG-LEGEND-150K-Puffs-DSK064-Six-Flavor-Premium-Rechargeable-Disposable-Vapes-Low-Nicotine-Bulk-Buy-Wholesale-13.webp?resize=768%2C768&amp;ssl=1 768w, https:\/\/i0.wp.com\/escovape.com\/wp-content\/uploads\/2025\/10\/BANG-LEGEND-150K-Puffs-DSK064-Six-Flavor-Premium-Rechargeable-Disposable-Vapes-Low-Nicotine-Bulk-Buy-Wholesale-13.webp?resize=1536%2C1536&amp;ssl=1 1536w, https:\/\/i0.wp.com\/escovape.com\/wp-content\/uploads\/2025\/10\/BANG-LEGEND-150K-Puffs-DSK064-Six-Flavor-Premium-Rechargeable-Disposable-Vapes-Low-Nicotine-Bulk-Buy-Wholesale-13.webp?resize=12%2C12&amp;ssl=1 12w, https:\/\/i0.wp.com\/escovape.com\/wp-content\/uploads\/2025\/10\/BANG-LEGEND-150K-Puffs-DSK064-Six-Flavor-Premium-Rechargeable-Disposable-Vapes-Low-Nicotine-Bulk-Buy-Wholesale-13.webp?resize=300%2C300&amp;ssl=1 300w, https:\/\/i0.wp.com\/escovape.com\/wp-content\/uploads\/2025\/10\/BANG-LEGEND-150K-Puffs-DSK064-Six-Flavor-Premium-Rechargeable-Disposable-Vapes-Low-Nicotine-Bulk-Buy-Wholesale-13.webp?resize=600%2C600&amp;ssl=1 600w, https:\/\/i0.wp.com\/escovape.com\/wp-content\/uploads\/2025\/10\/BANG-LEGEND-150K-Puffs-DSK064-Six-Flavor-Premium-Rechargeable-Disposable-Vapes-Low-Nicotine-Bulk-Buy-Wholesale-13.webp?resize=100%2C100&amp;ssl=1 100w\" sizes=\"auto, (max-width: 1020px) 100vw, 1020px\" \/><\/p>","protected":false},"excerpt":{"rendered":"<p class=\"ng-star-inserted\"><span class=\"ng-star-inserted\">The <\/span><span class=\"ng-star-inserted\">BANG LEGEND 150K Puffs DSK064<\/span><span class=\"ng-star-inserted\"> je pr\u00e9miov\u00fd dob\u00edjec\u00ed jednor\u00e1zov\u00fd vape, kter\u00fd nab\u00edz\u00ed bezprecedentn\u00ed \u017eivotnost 150 000 kou\u0159\u016f a revolu\u010dn\u00ed syst\u00e9m \u0161esti v\u016fn\u00ed v jednom, kter\u00fd v\u00e1m umo\u017e\u0148uje u\u017e\u00edvat si t\u0159i \u010dist\u00e9 chut\u011b nebo je kombinovat do t\u0159\u00ed unik\u00e1tn\u00edch fusion sm\u011bs\u00ed, to v\u0161e je sledov\u00e1no na jeho jasn\u00e9m chytr\u00e9m displeji.<\/span><\/p>","protected":false},"featured_media":34001,"comment_status":"open","ping_status":"closed","template":"","meta":{"_lmt_disableupdate":"no","_lmt_disable":""},"product_brand":[],"product_cat":[18,213,55,57,97,98,99,100,101,102,103,104,105,106,107,108,109,110,111,112,113,114,15,58,59,61,133,42],"product_tag":[],"class_list":{"0":"post-33946","1":"product","2":"type-product","3":"status-publish","4":"has-post-thumbnail","6":"product_cat-bang","7":"product_cat-150000-puffs-disposable-vapes","8":"product_cat-big-puffs-disposable-vapes","9":"product_cat-digital-box-disposable-vapes","10":"product_cat-disposable-vape-in-europe","11":"product_cat-disposable-vape-wholesale-austria","12":"product_cat-disposable-vape-wholesale-belgium","13":"product_cat-disposable-vape-wholesale-czech-republic","14":"product_cat-disposable-vape-wholesale-denmark","15":"product_cat-disposable-vape-wholesale-finland","16":"product_cat-disposable-vape-wholesale-france","17":"product_cat-disposable-vape-wholesale-germany","18":"product_cat-disposable-vape-wholesale-greece","19":"product_cat-disposable-vape-wholesale-hungary","20":"product_cat-disposable-vape-wholesale-italy","21":"product_cat-disposable-vape-wholesale-netherlands","22":"product_cat-disposable-vape-wholesale-norway","23":"product_cat-disposable-vape-wholesale-portugal","24":"product_cat-disposable-vape-wholesale-romania","25":"product_cat-disposable-vape-wholesale-spain","26":"product_cat-disposable-vape-wholesale-sweden","27":"product_cat-disposable-vape-wholesale-switzerland","28":"product_cat-disposable-vapes","29":"product_cat-dual-mesh-disposable-vapes","30":"product_cat-lower-nicotine-disposable-vapes","31":"product_cat-rechargeable-disposable-vapes","32":"product_cat-shop-best-disposable-vape-flavors","33":"product_cat-shop-by-puffs","35":"first","36":"instock","37":"shipping-taxable","38":"purchasable","39":"product-type-variable","40":"has-default-attributes"},"jetpack_sharing_enabled":true,"_links":{"self":[{"href":"https:\/\/escovape.com\/cs\/wp-json\/wp\/v2\/product\/33946","targetHints":{"allow":["GET"]}}],"collection":[{"href":"https:\/\/escovape.com\/cs\/wp-json\/wp\/v2\/product"}],"about":[{"href":"https:\/\/escovape.com\/cs\/wp-json\/wp\/v2\/types\/product"}],"replies":[{"embeddable":true,"href":"https:\/\/escovape.com\/cs\/wp-json\/wp\/v2\/comments?post=33946"}],"wp:featuredmedia":[{"embeddable":true,"href":"https:\/\/escovape.com\/cs\/wp-json\/wp\/v2\/media\/34001"}],"wp:attachment":[{"href":"https:\/\/escovape.com\/cs\/wp-json\/wp\/v2\/media?parent=33946"}],"wp:term":[{"taxonomy":"product_brand","embeddable":true,"href":"https:\/\/escovape.com\/cs\/wp-json\/wp\/v2\/product_brand?post=33946"},{"taxonomy":"product_cat","embeddable":true,"href":"https:\/\/escovape.com\/cs\/wp-json\/wp\/v2\/product_cat?post=33946"},{"taxonomy":"product_tag","embeddable":true,"href":"https:\/\/escovape.com\/cs\/wp-json\/wp\/v2\/product_tag?post=33946"}],"curies":[{"name":"wp","href":"https:\/\/api.w.org\/{rel}","templated":true}]}}