{"id":38750,"date":"2026-03-20T01:56:41","date_gmt":"2026-03-20T01:56:41","guid":{"rendered":"https:\/\/escovape.com\/?post_type=product&#038;p=38750"},"modified":"2026-03-20T02:02:19","modified_gmt":"2026-03-20T02:02:19","slug":"bang-king-8-v-1-prichutich-200-000-kouru-ultimatni-jednorazova-vape-pro-velkoobchodni-nakup","status":"publish","type":"product","link":"https:\/\/escovape.com\/cs\/product\/bang-king-8-in-1-tastes-200k-200000-puffs-ultimate-disposable-vape-wholesale-bulk-buy\/","title":{"rendered":"BANG KING 8 v 1 - 200 000 kou\u0159\u016f, ultim\u00e1tn\u00ed jednor\u00e1zov\u00e1 vape - velkoobchodn\u00ed n\u00e1kup za v\u00fdhodnou cenu"},"content":{"rendered":"<article style=\"font-family: 'Comic Sans MS', Arial, sans-serif; line-height: 1.8; color: #444444; font-size: 16px; padding: 20px;\">Ahoj p\u0159\u00e1tel\u00e9! \ud83d\udc4b V\u00edtejte v ESCOVAPE, va\u0161em nejlep\u0161\u00edm online velkoobchodn\u00edm obchod\u011b s jednor\u00e1zov\u00fdmi vapech pro Evropu! Dnes jsme nad\u0161en\u00ed, \u017ee s v\u00e1mi m\u016f\u017eeme sd\u00edlet n\u011bco opravdu v\u00fdjime\u010dn\u00e9ho. Pokud hled\u00e1te za\u0159\u00edzen\u00ed, kter\u00e9 vydr\u017e\u00ed velmi dlouho a p\u0159inese v\u00e1m spoustu \u00fasm\u011bv\u016f, ur\u010dit\u011b si zamilujete BANG KING 8 V 1 200K 200 000 n\u00e1dech\u016f - ultim\u00e1tn\u00ed volbu jednor\u00e1zov\u00e9ho vape. Je to jako velk\u00e1 krabice \u0161t\u011bst\u00ed, kter\u00e1 nikdy nedojde!<\/p>\n<p>V ESCOVAPE v\u017edy chceme nab\u00eddnout ty nejlep\u0161\u00ed produkty pro hromadn\u00e9 n\u00e1kupy. V\u00edme, \u017ee vy a va\u0161i p\u0159\u00e1tel\u00e9 chcete ty nejvy\u0161\u0161\u00ed kvality, a tato \u00fa\u017easn\u00e1 vape v\u00e1m p\u0159esn\u011b to poskytne. Poj\u010fme spole\u010dn\u011b prozkoumat, pro\u010d je tato jednor\u00e1zov\u00e1 vape tou spr\u00e1vnou volbou pro v\u00e1s!<\/p>\n<h3 style=\"color: #1e90ff; font-size: 24px; margin-top: 30px;\">Pro\u010d zvolit <a href=\"https:\/\/escovape.com\/cs\/kategorie-produktu\/prask\/\">BANG KING<\/a> 8 v 1 jednor\u00e1zov\u00e1 vape?<\/h3>\n<p>To nen\u00ed jen oby\u010dejn\u00e9 za\u0159\u00edzen\u00ed. Je to superv\u00fdkonn\u00fd spole\u010dn\u00edk! D\u00edky a\u017e 200 000 potah\u016fm z\u016fst\u00e1v\u00e1 po va\u0161em boku po velmi dlouhou dobu. Nemus\u00edte se b\u00e1t, \u017ee byste ho museli ka\u017ed\u00fd p\u00e1r dn\u00ed vym\u011b\u0148ovat. Je velmi jednoduch\u00e9 ho pou\u017e\u00edvat, sta\u010d\u00ed jen vz\u00edt hlubok\u00fd n\u00e1dech \u010derstv\u00e9ho vzduchu. I pokud kupujete vapery poprv\u00e9, budete okam\u017eit\u011b v\u011bd\u011bt, jak ho pou\u017e\u00edvat. Je chytr\u00fd, velmi z\u00e1bavn\u00fd a vypad\u00e1 neuv\u011b\u0159iteln\u011b cool!<\/p>\n<div style=\"background-color: #f0f8ff; border-left: 6px solid #1e90ff; padding: 15px 20px; margin: 25px 0; border-radius: 8px;\">\n<h3 style=\"color: #1e90ff; margin-top: 0; font-size: 20px;\">Kouzeln\u00fd znalostn\u00ed bod<\/h3>\n<p style=\"margin-bottom: 0;\">V\u011bd\u011bli jste? Mal\u00e1 baterie o kapacit\u011b 650 mAh uvnit\u0159 va\u0161ich jednor\u00e1zov\u00fdch e-cigaret je jako mal\u00e9, siln\u00e9 srdce! Jemn\u011b pumpuje energii, aby ka\u017ed\u00fd n\u00e1dech byl hladk\u00fd a kr\u00e1sn\u00fd. V\u017edy pamatujte na to, abyste svou e-cigaretu uchovali v chladn\u00e9m, such\u00e9m m\u00edst\u011b ve sv\u00e9m pokoji, aby jej\u00ed mal\u00e9 srdce z\u016fstalo dlouho \u0161\u0165astn\u00e9 a zdrav\u00e9!<\/p>\n<\/div>\n<h3 style=\"color: #1e90ff; font-size: 24px; margin-top: 30px;\">\u00da\u017easn\u00e9 funkce, kter\u00e9 budete milovat<\/h3>\n<p>Tady jsou skv\u011bl\u00e1 tajemstv\u00ed ukryt\u00e1 uvnit\u0159 tohoto za\u0159\u00edzen\u00ed. Zp\u0159\u00edstupnili jsme je velmi snadno \u010diteln\u00fdm zp\u016fsobem, aby ka\u017ed\u00fd mohl vid\u011bt, jak je skv\u011bl\u00e9:<\/p>\n<ul style=\"list-style-type: circle; padding-left: 25px;\">\n<li style=\"margin-bottom: 10px;\">Baterie: 650 mAh (Mal\u00e9, ale velmi v\u00fdkonn\u00e9 srdce, kter\u00e9 zaji\u0161\u0165uje dokonal\u00fd chod!)<\/li>\n<li style=\"margin-bottom: 10px;\">Kapacita: 16 ml x 4 (Tolik kapacity, abyste si mohli u\u017e\u00edvat nekone\u010dn\u00e9 kr\u00e1sn\u00e9 mraky!)<\/li>\n<li style=\"margin-bottom: 10px;\">C\u00edvka: 1,0 ohm x 4 (\u010cty\u0159i kouzeln\u00e9 sou\u010d\u00e1sti pro vytvo\u0159en\u00ed velmi hladk\u00e9ho a jemn\u00e9ho p\u00e1ry)<\/li>\n<li style=\"margin-bottom: 10px;\">Hmotnost: 150g (Lehk\u00fd jako mal\u00e9 jablko, velmi snadno se dr\u017e\u00ed v ruce!)<\/li>\n<li style=\"margin-bottom: 10px;\">Rozm\u011bry displejov\u00e9 krabice: 137 * 91 * 127,5 mm (\u00dahledn\u00fd a p\u011bkn\u00fd dome\u010dek pro va\u0161e za\u0159\u00edzen\u00ed)<\/li>\n<li style=\"margin-bottom: 10px;\">Hmotnost zobrazovac\u00ed krabice (6 ks): 920 g (Ide\u00e1ln\u00ed velikost pro sd\u00edlen\u00ed s va\u0161imi dobr\u00fdmi p\u0159\u00e1teli)<\/li>\n<li style=\"margin-bottom: 10px;\">Mno\u017estv\u00ed v kartonu: 120 ks (To je skv\u011bl\u00e9 pro velkoobchodn\u00ed a hromadn\u00e9 n\u00e1kupy!) \ud83d\uded2<\/li>\n<li style=\"margin-bottom: 10px;\">Hmotnost kartonu: 20 kg (Velk\u00e1, t\u011b\u017ek\u00e1 pokladnice vapech) \u2696\ufe0f<\/li>\n<li style=\"margin-bottom: 10px;\">Rozm\u011bry kartonu: 57 x 48 x 15 cm (Velmi snadn\u00e9 stohov\u00e1n\u00ed a bezpe\u010dn\u00e9 skladov\u00e1n\u00ed v obchod\u011b)<\/li>\n<\/ul>\n<h3 style=\"color: #1e90ff; font-size: 24px; margin-top: 30px;\">Vzru\u0161uj\u00edc\u00ed mo\u017enosti pr\u00e1v\u011b pro v\u00e1s<\/h3>\n<p>P\u0159ipravili jsme pro v\u00e1s spoustu \u00fa\u017easn\u00fdch mo\u017enost\u00ed, kter\u00e9 m\u016f\u017eete vyzkou\u0161et! Ka\u017ed\u00e1 z nich v\u00e1m p\u0159inese zcela nov\u00e9 dobrodru\u017estv\u00ed a \u0161irok\u00fd \u00fasm\u011bv na tv\u00e1\u0159i. Zde je na\u0161e kouzeln\u00e9 seznamy mo\u017enost\u00ed pro tuto jednor\u00e1zovou vape:<\/p>\n<p style=\"margin: 5px 0;\">modr\u00e1 malina s ledem \/ broskev s ledem \/ hroznov\u00e1 p\u0159\u00edchu\u0165 s ledem \/ mango s ledem<\/p>\n<p style=\"margin: 5px 0;\">2. broskva mango meloun \/ Red Bull \/ jahodov\u00fd Red Bull \/ jahoda kiwi<\/p>\n<p style=\"margin: 5px 0;\">jahodov\u00e1 mango \/ jahodov\u00e9 zmrzlinov\u00e9 \/ ban\u00e1nov\u00e9 led \/ jahodov\u00fd li\u010di<\/p>\n<p style=\"margin: 5px 0;\">Dvojit\u00e9 jablko \/ Mango broskev \/ Jahodov\u00e1 vodn\u00ed meloun \/ Jahodov\u00e1 vanilkov\u00e1 cola<\/p>\n<p style=\"margin: 5px 0;\">5. Black Dragon Ice \/ Love 66 \/ Mr Blue \/ Jahodov\u00fd ledov\u00fd citron\u00e1d<\/p>\n<p style=\"margin: 5px 0;\">Kiwi, mu\u0161katov\u00e1 guava \/ Gumi medv\u00eddek \/ Duha bonb\u00f3n \/ Bavlna Candy<\/p>\n<p style=\"margin: 5px 0;\">Vodn\u00ed meloun Ice \/ Citron a m\u00e1ta \/ Jahodov\u00fd Ice \/ Modr\u00fd Razz t\u0159e\u0161e\u0148<\/p>\n<p style=\"margin: 5px 0;\">Trojit\u00e9 bobule \/ Tropick\u00e9 ovoce \/ Jahodov\u00fd ban\u00e1n \/ R\u016f\u017eov\u00fd citron\u00e1d<\/p>\n<p style=\"margin: 5px 0;\">Trojit\u00e1 Melon \/ Bor\u016fvkov\u00e1 Led \/ T\u0159e\u0161\u0148ov\u00e1 Bomba \/ Ananasov\u00e1 Kokosov\u00e1<\/p>\n<p style=\"margin: 5px 0;\">10. Vodn\u00ed meloun Bubblegum \/ Bor\u016fvky Maliny \/ Malina Vodn\u00ed meloun \/ Vodn\u00ed meloun Bor\u016fvka<\/p>\n<p style=\"margin: 5px 0;\">Chladiv\u00e1 m\u00e1ta \/ Broskev t\u0159e\u0161e\u0148 \/ Broskev bobule citron \/ Kiwi vodn\u00ed meloun led<\/p>\n<p style=\"margin: 5px 0;\">FizzyLemon a Lime \/ Jablko Mojito \/ Ananas Ice \/ Cola Ice<\/p>\n<h3 style=\"color: #1e90ff; font-size: 24px; margin-top: 30px;\">Analytick\u00e1 tabulka produktu<\/h3>\n<p>Pod\u00edvejme se na jednoduchou a p\u0159ehlednou tabulku, abychom l\u00e9pe pochopili n\u00e1\u0161 BANG KING 8 V 1!<\/p>\n<table style=\"width: 100%; border-collapse: collapse; margin: 20px 0; background-color: #ffffff; border: 2px solid #e0e0e0; text-align: left;\">\n<tbody>\n<tr style=\"background-color: #f7f9fc;\">\n<td style=\"padding: 15px; border: 1px solid #e0e0e0; color: #555555;\">N\u00e1zev produktu<\/td>\n<td style=\"padding: 15px; border: 1px solid #e0e0e0; color: #555555;\">BANG KING 8 v 1 - 200 000 n\u00e1dech\u016f<\/td>\n<\/tr>\n<tr>\n<td style=\"padding: 15px; border: 1px solid #e0e0e0; color: #555555;\">Kategorie<\/td>\n<td style=\"padding: 15px; border: 1px solid #e0e0e0; color: #555555;\">Jednor\u00e1zov\u00e1 vape<\/td>\n<\/tr>\n<tr style=\"background-color: #f7f9fc;\">\n<td style=\"padding: 15px; border: 1px solid #e0e0e0; color: #555555;\">Nejlep\u0161\u00ed m\u00edsto ke koupi<\/td>\n<td style=\"padding: 15px; border: 1px solid #e0e0e0; color: #555555;\">ESCOVAPE (Evropa)<\/td>\n<\/tr>\n<tr>\n<td style=\"padding: 15px; border: 1px solid #e0e0e0; color: #555555;\">Celkov\u00e9 Puffs<\/td>\n<td style=\"padding: 15px; border: 1px solid #e0e0e0; color: #555555;\">A\u017e 200 000 v\u00fddech\u016f<\/td>\n<\/tr>\n<tr style=\"background-color: #f7f9fc;\">\n<td style=\"padding: 15px; border: 1px solid #e0e0e0; color: #555555;\">Celkov\u00e1 kapacita<\/td>\n<td style=\"padding: 15px; border: 1px solid #e0e0e0; color: #555555;\">16 ml x 4<\/td>\n<\/tr>\n<\/tbody>\n<\/table>\n<h3 style=\"color: #1e90ff; font-size: 24px; margin-top: 30px;\">Porovn\u00e1vac\u00ed karta e-cigaret \ud83c\udd9a<\/h3>\n<div style=\"flex-wrap: wrap; gap: 20px; margin: 25px 0;\">\n<div style=\"flex: 1; min-width: 260px; background-color: #e8f8f5; padding: 25px; border-radius: 12px; border: 2px solid #1abc9c;\">\n<h4 style=\"margin-top: 0; color: #16a085; text-align: center; font-size: 20px;\">BANG KING 8 v 1 \u2728<\/h4>\n<p style=\"margin: 10px 0; color: #444444;\">\u2714\ufe0f 200 000 obrovsk\u00fdch, dlouhotrvaj\u00edc\u00edch potah\u016f<\/p>\n<p style=\"margin: 10px 0; color: #444444;\">\u2714\ufe0f 4 \u00fa\u017easn\u00e9 n\u00e1dr\u017ee s velkou kapacitou<\/p>\n<p style=\"margin: 10px 0; color: #444444;\">8 skv\u011bl\u00fdch mo\u017enost\u00ed v jedin\u00e9m za\u0159\u00edzen\u00ed<\/p>\n<p style=\"margin: 10px 0; color: #444444;\">Nejlep\u0161\u00ed volba pro velkoobchod u ESCOVAPE<\/p>\n<\/div>\n<div style=\"flex: 1; min-width: 260px; background-color: #fdf2e9; padding: 25px; border-radius: 12px; border: 2px solid #e67e22;\">\n<h4 style=\"margin-top: 0; color: #d35400; text-align: center; font-size: 20px;\">Jednoduch\u00e9 jednor\u00e1zov\u00e9 vape za\u0159\u00edzen\u00ed<\/h4>\n<p style=\"margin: 10px 0; color: #444444;\">Pouze n\u011bkolik tis\u00edc kr\u00e1tk\u00fdch n\u00e1dech\u016f<\/p>\n<p style=\"margin: 10px 0; color: #444444;\">Velmi mal\u00e1 kapacita<\/p>\n<p style=\"margin: 10px 0; color: #444444;\">Jen jedna mo\u017enost u ka\u017ed\u00e9ho za\u0159\u00edzen\u00ed<\/p>\n<p style=\"margin: 10px 0; color: #444444;\">\u274c Needs to be thrown away and replaced often<\/p>\n<\/div>\n<\/div>\n<div style=\"background-color: #fffde7; padding: 25px; border-radius: 12px; margin: 30px 0; border: 2px dashed #f1c40f;\">\n<h3 style=\"color: #f39c12; margin-top: 0; font-size: 22px;\">\u010casto kladen\u00e9 ot\u00e1zky (FAQ)<\/h3>\n<p style=\"color: #d35400; margin-bottom: 5px; font-size: 18px;\">Kde mohu zakoupit toto \u00fa\u017easn\u00e9 za\u0159\u00edzen\u00ed?<\/p>\n<p style=\"color: #555555; margin-top: 0; margin-bottom: 20px;\">Tyto skv\u011bl\u00e9 jednor\u00e1zov\u00e9 vape m\u016f\u017eete snadno zakoupit pr\u00e1v\u011b zde v ESCOVAPE! Jsme nejv\u011bt\u0161\u00ed a nejp\u0159\u00e1tel\u0161t\u011bj\u0161\u00ed evropsk\u00e1 online velkoobchodn\u00ed platforma.<\/p>\n<p style=\"color: #d35400; margin-bottom: 5px; font-size: 18px;\">Ot\u00e1zka: Kolik n\u00e1dech\u016f vydr\u017e\u00ed?<\/p>\n<p style=\"color: #555555; margin-top: 0; margin-bottom: 20px;\">Nab\u00edz\u00ed neuv\u011b\u0159iteln\u00fdch 200 000 potah\u016f! To znamen\u00e1, \u017ee si m\u016f\u017eete sv\u016fj kr\u00e1sn\u00fd vape u\u017e\u00edvat velmi dlouho bez jak\u00fdchkoli starost\u00ed. \ud83d\udd52<\/p>\n<p style=\"color: #d35400; margin-bottom: 5px; font-size: 18px;\">Je p\u0159\u00edli\u0161 t\u011b\u017ek\u00fd na no\u0161en\u00ed?<\/p>\n<p style=\"color: #555555; margin-top: 0; margin-bottom: 20px;\">V\u016fbec ne, p\u0159\u00e1tel\u00e9! Jedno za\u0159\u00edzen\u00ed v\u00e1\u017e\u00ed pouze 150 g. Je velmi lehk\u00e9 a pohodln\u011b se vejde do va\u0161\u00ed mal\u00e9 ta\u0161ky nebo kapsy.<\/p>\n<p style=\"color: #d35400; margin-bottom: 5px; font-size: 18px;\">M\u016f\u017eu si vybrat z mnoha r\u016fzn\u00fdch mo\u017enost\u00ed?<\/p>\n<p style=\"color: #555555; margin-top: 0; margin-bottom: 0;\">Ano, m\u016f\u017eete! Jedn\u00e1 se o speci\u00e1ln\u00ed za\u0159\u00edzen\u00ed 8 v 1, co\u017e znamen\u00e1, \u017ee m\u016f\u017eete za\u017e\u00edt 8 r\u016fzn\u00fdch mo\u017enost\u00ed v jednom kr\u00e1sn\u00e9m vape za\u0159\u00edzen\u00ed.<\/p>\n<\/div>\n<div style=\"text-align: center; margin-top: 40px; padding: 30px; background-color: #e8f8f5; border-radius: 12px; border: 2px solid #1abc9c;\">\n<h3 style=\"color: #16a085; font-size: 22px; margin-top: 0; margin-bottom: 15px;\">Z\u00e1sobte sv\u00e9 reg\u00e1ly t\u00edm nejlep\u0161\u00edm! \ud83d\uded2 Spolehliv\u00e9 a vysoce kvalitn\u00ed zbo\u017e\u00ed je jen kliknut\u00edm d\u00e1l na <a href=\"https:\/\/escovape.com\/cs\/\"><b data-path-to-node=\"6,0\" data-index-in-node=\"96\">ESKOVAPE!<\/b>\u00a0<\/a><\/h3>\n<p style=\"color: #444444; font-size: 18px; margin-bottom: 0;\">Objednejte si dnes BANG KING 8 IN 1 200K 200000 Puffs jednor\u00e1zovou vape od ESCOVAPE! Za\u017eijte radost a v\u00fdhody partnerstv\u00ed s p\u0159edn\u00edm evropsk\u00fdm distributorem jednor\u00e1zov\u00fdch vape\u016f pro v\u0161echny va\u0161e pot\u0159eby velkoobchodn\u00edho a hromadn\u00e9ho n\u00e1kupu. Nem\u016f\u017eeme se do\u010dkat, a\u017e v\u00e1m tyto kr\u00e1sn\u00e9 poklady po\u0161leme p\u0159\u00edmo a\u017e ke dve\u0159\u00edm!<\/p>\n<\/div>\n<p><img data-recalc-dims=\"1\" loading=\"lazy\" decoding=\"async\" class=\"aligncenter wp-image-38766 size-full\" src=\"https:\/\/i0.wp.com\/escovape.com\/wp-content\/uploads\/2026\/03\/BANG-KING-8-IN-1-200K-200000-Puffs-Ultimate-Choice-Disposable-Vape-Wholesale-Bulk-Buy-3-scaled.webp?resize=1020%2C1637&#038;ssl=1\" alt=\"BANG KING 8 v 1 200K 200 000 v\u00fddech\u016f - ultim\u00e1tn\u00ed volba jednor\u00e1zov\u00e9 vape za\u0159\u00edzen\u00ed - velkoobchodn\u00ed n\u00e1kup ve velk\u00fdch mno\u017estv\u00edch\" width=\"1020\" height=\"1637\" title=\"\" srcset=\"https:\/\/i0.wp.com\/escovape.com\/wp-content\/uploads\/2026\/03\/BANG-KING-8-IN-1-200K-200000-Puffs-Ultimate-Choice-Disposable-Vape-Wholesale-Bulk-Buy-3-scaled.webp?w=1595&amp;ssl=1 1595w, https:\/\/i0.wp.com\/escovape.com\/wp-content\/uploads\/2026\/03\/BANG-KING-8-IN-1-200K-200000-Puffs-Ultimate-Choice-Disposable-Vape-Wholesale-Bulk-Buy-3-scaled.webp?resize=249%2C400&amp;ssl=1 249w, https:\/\/i0.wp.com\/escovape.com\/wp-content\/uploads\/2026\/03\/BANG-KING-8-IN-1-200K-200000-Puffs-Ultimate-Choice-Disposable-Vape-Wholesale-Bulk-Buy-3-scaled.webp?resize=498%2C800&amp;ssl=1 498w, https:\/\/i0.wp.com\/escovape.com\/wp-content\/uploads\/2026\/03\/BANG-KING-8-IN-1-200K-200000-Puffs-Ultimate-Choice-Disposable-Vape-Wholesale-Bulk-Buy-3-scaled.webp?resize=768%2C1233&amp;ssl=1 768w, https:\/\/i0.wp.com\/escovape.com\/wp-content\/uploads\/2026\/03\/BANG-KING-8-IN-1-200K-200000-Puffs-Ultimate-Choice-Disposable-Vape-Wholesale-Bulk-Buy-3-scaled.webp?resize=957%2C1536&amp;ssl=1 957w, https:\/\/i0.wp.com\/escovape.com\/wp-content\/uploads\/2026\/03\/BANG-KING-8-IN-1-200K-200000-Puffs-Ultimate-Choice-Disposable-Vape-Wholesale-Bulk-Buy-3-scaled.webp?resize=1276%2C2048&amp;ssl=1 1276w, https:\/\/i0.wp.com\/escovape.com\/wp-content\/uploads\/2026\/03\/BANG-KING-8-IN-1-200K-200000-Puffs-Ultimate-Choice-Disposable-Vape-Wholesale-Bulk-Buy-3-scaled.webp?resize=7%2C12&amp;ssl=1 7w, https:\/\/i0.wp.com\/escovape.com\/wp-content\/uploads\/2026\/03\/BANG-KING-8-IN-1-200K-200000-Puffs-Ultimate-Choice-Disposable-Vape-Wholesale-Bulk-Buy-3-scaled.webp?resize=600%2C963&amp;ssl=1 600w\" sizes=\"auto, (max-width: 1020px) 100vw, 1020px\" \/><\/p>\n<\/article>","protected":false},"excerpt":{"rendered":"<h2 class=\"cdk-visually-hidden ng-star-inserted\"><span style=\"color: #555555; font-size: 14.4px;\">BANG KING 8 V 1 jednor\u00e1zov\u00e1 vape je inovativn\u00ed za\u0159\u00edzen\u00ed s vysokou kapacitou, kter\u00e9 nab\u00edz\u00ed a\u017e 200 000 potah\u016f, spolehlivou baterii 650 mAh a osm vzru\u0161uj\u00edc\u00edch p\u0159\u00edchut\u00ed v jednom dokonal\u00e9m balen\u00ed pro velkoobchodn\u00ed z\u00e1kazn\u00edky.<\/span><\/h2>","protected":false},"featured_media":38769,"comment_status":"open","ping_status":"closed","template":"","meta":{"_lmt_disableupdate":"no","_lmt_disable":""},"product_brand":[],"product_cat":[18,226,55,56,57,97,98,99,100,101,102,103,104,105,106,107,108,109,110,111,112,113,114,15,58,59,61,133,42],"product_tag":[],"class_list":{"0":"post-38750","1":"product","2":"type-product","3":"status-publish","4":"has-post-thumbnail","6":"product_cat-bang","7":"product_cat-200000-puffs-disposable-vapes","8":"product_cat-big-puffs-disposable-vapes","9":"product_cat-crystal-disposable-vapes","10":"product_cat-digital-box-disposable-vapes","11":"product_cat-disposable-vape-in-europe","12":"product_cat-disposable-vape-wholesale-austria","13":"product_cat-disposable-vape-wholesale-belgium","14":"product_cat-disposable-vape-wholesale-czech-republic","15":"product_cat-disposable-vape-wholesale-denmark","16":"product_cat-disposable-vape-wholesale-finland","17":"product_cat-disposable-vape-wholesale-france","18":"product_cat-disposable-vape-wholesale-germany","19":"product_cat-disposable-vape-wholesale-greece","20":"product_cat-disposable-vape-wholesale-hungary","21":"product_cat-disposable-vape-wholesale-italy","22":"product_cat-disposable-vape-wholesale-netherlands","23":"product_cat-disposable-vape-wholesale-norway","24":"product_cat-disposable-vape-wholesale-portugal","25":"product_cat-disposable-vape-wholesale-romania","26":"product_cat-disposable-vape-wholesale-spain","27":"product_cat-disposable-vape-wholesale-sweden","28":"product_cat-disposable-vape-wholesale-switzerland","29":"product_cat-disposable-vapes","30":"product_cat-dual-mesh-disposable-vapes","31":"product_cat-lower-nicotine-disposable-vapes","32":"product_cat-rechargeable-disposable-vapes","33":"product_cat-shop-best-disposable-vape-flavors","34":"product_cat-shop-by-puffs","36":"first","37":"instock","38":"shipping-taxable","39":"purchasable","40":"product-type-variable","41":"has-default-attributes"},"jetpack_sharing_enabled":true,"_links":{"self":[{"href":"https:\/\/escovape.com\/cs\/wp-json\/wp\/v2\/product\/38750","targetHints":{"allow":["GET"]}}],"collection":[{"href":"https:\/\/escovape.com\/cs\/wp-json\/wp\/v2\/product"}],"about":[{"href":"https:\/\/escovape.com\/cs\/wp-json\/wp\/v2\/types\/product"}],"replies":[{"embeddable":true,"href":"https:\/\/escovape.com\/cs\/wp-json\/wp\/v2\/comments?post=38750"}],"wp:featuredmedia":[{"embeddable":true,"href":"https:\/\/escovape.com\/cs\/wp-json\/wp\/v2\/media\/38769"}],"wp:attachment":[{"href":"https:\/\/escovape.com\/cs\/wp-json\/wp\/v2\/media?parent=38750"}],"wp:term":[{"taxonomy":"product_brand","embeddable":true,"href":"https:\/\/escovape.com\/cs\/wp-json\/wp\/v2\/product_brand?post=38750"},{"taxonomy":"product_cat","embeddable":true,"href":"https:\/\/escovape.com\/cs\/wp-json\/wp\/v2\/product_cat?post=38750"},{"taxonomy":"product_tag","embeddable":true,"href":"https:\/\/escovape.com\/cs\/wp-json\/wp\/v2\/product_tag?post=38750"}],"curies":[{"name":"wp","href":"https:\/\/api.w.org\/{rel}","templated":true}]}}