{"id":9631,"date":"2024-09-22T02:58:56","date_gmt":"2024-09-22T02:58:56","guid":{"rendered":"https:\/\/escovape.com\/?post_type=product&#038;p=9631"},"modified":"2025-09-03T13:03:14","modified_gmt":"2025-09-03T13:03:14","slug":"ctyrkolky-13000-sluku-5-dobijecich-jednorazovych-vyparniku-s-nizkym-obsahem-nikotinu-pero-hromadne-koupit-velkoobchod","status":"publish","type":"product","link":"https:\/\/escovape.com\/cs\/product\/atvs-13000-puffs-5-low-nicotine-rechargeable-disposable-vapes-pen-bulk-buy-wholesale\/","title":{"rendered":"Atvs 13000 Puffs 5%  N\u00edzkonikotinov\u00e9 dob\u00edjec\u00ed jednor\u00e1zov\u00e9 vapeov\u00e9 pero hromadn\u00fd n\u00e1kup velkoobchod"},"content":{"rendered":"<div style=\"width: 720px;\" class=\"wp-video\"><video class=\"wp-video-shortcode\" id=\"video-9631-1\" width=\"720\" height=\"720\" preload=\"metadata\" controls=\"controls\"><source type=\"video\/mp4\" src=\"https:\/\/escovape.com\/wp-content\/uploads\/2024\/09\/ATVS-13K-Puffs-3.mp4?_=1\" \/><a href=\"https:\/\/escovape.com\/wp-content\/uploads\/2024\/09\/ATVS-13K-Puffs-3.mp4\">https:\/\/escovape.com\/wp-content\/uploads\/2024\/09\/ATVS-13K-Puffs-3.mp4<\/a><\/video><\/div>\n<h2>ATV 13000 Puffs \u2013 Ide\u00e1ln\u00ed pro dlouhodob\u00e9 pou\u017e\u00edv\u00e1n\u00ed<\/h2>\n<p>Objevte Atvs 13000 Puffs, jednor\u00e1zovou vape s 5% nikotinem. Tato vape je ide\u00e1ln\u00ed pro ty, kte\u0159\u00ed hledaj\u00ed jednoduch\u00fd a spolehliv\u00fd z\u00e1\u017eitek. Je dob\u00edjec\u00ed a dlouhotrvaj\u00edc\u00ed. Objednejte velkoobchod pro v\u00e1\u0161 obchod nyn\u00ed p\u0159es Escovape.<\/p>\n<h3><a href=\"https:\/\/escovape.com\/cs\/kategorie-produktu\/atv-jednorazove-vypary\/\">Atvs Jednor\u00e1zov\u00e9 Vapes<\/a> \u2013 Hlavn\u00ed funkce<\/h3>\n<p>Atvs 13000 Puffs m\u00e1 baterii s kapacitou 600mAh, kterou m\u016f\u017eete nab\u00edjet pomoc\u00ed kabelu Type-C. Obsahuje 15ml kapaliny, vhodnou pro p\u0159ibli\u017en\u011b 13 000 potah\u016f. Meshov\u00e1 c\u00edvka zaji\u0161\u0165uje rovnom\u011brnou chu\u0165 a p\u00e1ru. Vhodn\u00e9 pro za\u010d\u00e1te\u010dn\u00edky i pokro\u010dil\u00e9 u\u017eivatele.<\/p>\n<h3>Velkoobchod s vape - Skv\u011bl\u00e1 hodnota ve velk\u00fdch mno\u017estv\u00edch<\/h3>\n<p>Nakupte Atvs jednor\u00e1zov\u00e9 vapey ve velk\u00e9m: 10 kus\u016f za krabici, 200 kus\u016f za karton. Ide\u00e1ln\u00ed pro obchody s mnoha z\u00e1kazn\u00edky. Escovape dod\u00e1v\u00e1 rychle po cel\u00e9 Evrop\u011b. N\u00edzk\u00e9 ceny za v\u011bt\u0161\u00ed objedn\u00e1vky.<\/p>\n<h3>Chut\u011b Atvs 13000 Puffs<\/h3>\n<p>Vyberte si z t\u011bchto p\u0159\u00edchut\u00ed:<\/p>\n<p>Melounov\u00fd led<br \/>\nP\u00edskov\u00fd led se broskvov\u00fdm p\u0159\u00edchut\u00ed<br \/>\nSm\u011bs ovoce<br \/>\njahodov\u00fd led<br \/>\nGuava led<br \/>\nMango ledov\u00fd kr\u00e9m<br \/>\nM\u00e1tov\u00e1 zmrzlina<br \/>\njahodov\u00e1 vodn\u00ed meloun<br \/>\nLychee zmrzlina<br \/>\nModr\u00e1 zmrzlina<br \/>\nHroznov\u00e1 zmrzlina<br \/>\nBan\u00e1nov\u00e1 zmrzlina<\/p>\n<h3>Pro\u010d Atvs 13000 Puffs?<\/h3>\n<p>Tato vape je lehk\u00e1 (102g) a snadno se p\u0159en\u00e1\u0161\u00ed. Z\u00e1kazn\u00edci miluj\u00ed dlouhou dobu pou\u017e\u00edv\u00e1n\u00ed a snadn\u00e9 dob\u00edjen\u00ed. Objednejte nyn\u00ed ve velk\u00e9m mno\u017estv\u00ed a nab\u00eddn\u011bte sv\u00fdm z\u00e1kazn\u00edk\u016fm popul\u00e1rn\u00ed volbu.<\/p>\n<p>Rychl\u00e9 dod\u00e1n\u00ed a spolehliv\u00fd servis<br \/>\nEscovape se specializuje na velkoobchod s vape produkty. Zaji\u0161\u0165ujeme spr\u00e1vn\u00e9 dod\u00e1n\u00ed a jasnou komunikaci. Ide\u00e1ln\u00ed pro obchody v Nizozemsku, N\u011bmecku, Belgii a \u0160pan\u011blsku.<\/p>\n<h3>Objednejte dnes<\/h3>\n<p>Atvs 13000 Puffs je chytr\u00e1 volba pro v\u00e1\u0161 sklad. Kombinujte r\u016fzn\u00e9 p\u0159\u00edchut\u011b a vyu\u017eijte v\u00fdhodn\u00e9 ceny ve velk\u00e9m. Nav\u0161tivte Escovape.com a objednejte.<\/p>\n<h2><img data-recalc-dims=\"1\" loading=\"lazy\" decoding=\"async\" class=\"alignnone wp-image-9673 size-full\" style=\"color: #555555;font-size: 14.4px\" src=\"https:\/\/i0.wp.com\/escovape.com\/wp-content\/uploads\/2024\/09\/Atvs-13000-Photo-1.webp?resize=1000%2C644&#038;ssl=1\" alt=\"Atvs 13000 Puffs 5% N\u00edzkonikotinov\u00e9 Dob\u00edjec\u00ed Jednor\u00e1zov\u00e9 Vapes Pero Hromadn\u00fd N\u00e1kup Velkoobchod\" width=\"1000\" height=\"644\" title=\"\" srcset=\"https:\/\/i0.wp.com\/escovape.com\/wp-content\/uploads\/2024\/09\/Atvs-13000-Photo-1.webp?w=1000&amp;ssl=1 1000w, https:\/\/i0.wp.com\/escovape.com\/wp-content\/uploads\/2024\/09\/Atvs-13000-Photo-1.webp?resize=621%2C400&amp;ssl=1 621w, https:\/\/i0.wp.com\/escovape.com\/wp-content\/uploads\/2024\/09\/Atvs-13000-Photo-1.webp?resize=768%2C495&amp;ssl=1 768w, https:\/\/i0.wp.com\/escovape.com\/wp-content\/uploads\/2024\/09\/Atvs-13000-Photo-1.webp?resize=18%2C12&amp;ssl=1 18w, https:\/\/i0.wp.com\/escovape.com\/wp-content\/uploads\/2024\/09\/Atvs-13000-Photo-1.webp?resize=600%2C386&amp;ssl=1 600w\" sizes=\"auto, (max-width: 1000px) 100vw, 1000px\" \/><\/h2>\n<p><img data-recalc-dims=\"1\" loading=\"lazy\" decoding=\"async\" class=\"alignnone wp-image-9674 size-full\" src=\"https:\/\/i0.wp.com\/escovape.com\/wp-content\/uploads\/2024\/09\/Atvs-13000-Photo-4.webp?resize=1000%2C989&#038;ssl=1\" alt=\"Atvs 13000 Puffs 5% N\u00edzkonikotinov\u00e9 Dob\u00edjec\u00ed Jednor\u00e1zov\u00e9 Vapes Pero Hromadn\u00fd N\u00e1kup Velkoobchod\" width=\"1000\" height=\"989\" title=\"\" srcset=\"https:\/\/i0.wp.com\/escovape.com\/wp-content\/uploads\/2024\/09\/Atvs-13000-Photo-4.webp?w=1000&amp;ssl=1 1000w, https:\/\/i0.wp.com\/escovape.com\/wp-content\/uploads\/2024\/09\/Atvs-13000-Photo-4.webp?resize=404%2C400&amp;ssl=1 404w, https:\/\/i0.wp.com\/escovape.com\/wp-content\/uploads\/2024\/09\/Atvs-13000-Photo-4.webp?resize=809%2C800&amp;ssl=1 809w, https:\/\/i0.wp.com\/escovape.com\/wp-content\/uploads\/2024\/09\/Atvs-13000-Photo-4.webp?resize=768%2C760&amp;ssl=1 768w, https:\/\/i0.wp.com\/escovape.com\/wp-content\/uploads\/2024\/09\/Atvs-13000-Photo-4.webp?resize=12%2C12&amp;ssl=1 12w, https:\/\/i0.wp.com\/escovape.com\/wp-content\/uploads\/2024\/09\/Atvs-13000-Photo-4.webp?resize=600%2C593&amp;ssl=1 600w, https:\/\/i0.wp.com\/escovape.com\/wp-content\/uploads\/2024\/09\/Atvs-13000-Photo-4.webp?resize=100%2C100&amp;ssl=1 100w\" sizes=\"auto, (max-width: 1000px) 100vw, 1000px\" \/><\/p>","protected":false},"excerpt":{"rendered":"<p>The <strong>ATVs 13000 Puffs Dob\u00edjec\u00ed Jednor\u00e1zov\u00e1 Vape Tu\u017eka<\/strong>exkluzivn\u011b dostupn\u00e9 pouze u <strong>Escovape p\u0159eklad nen\u00ed nutn\u00fd, proto Escovape<\/strong>, poskytuje a\u017e 13 000 n\u00e1dech\u016f s pokro\u010dilou technologi\u00ed mesh coil, 600mAh dob\u00edjec\u00ed bateri\u00ed a \u0161irokou \u0161k\u00e1lou pr\u00e9miov\u00fdch p\u0159\u00edchut\u00ed, co\u017e z n\u011bj \u010din\u00ed ide\u00e1ln\u00ed volbu pro vapery i prodejce hledaj\u00edc\u00ed vysoce kvalitn\u00ed a dlouhotrvaj\u00edc\u00ed vape \u0159e\u0161en\u00ed.<\/p>","protected":false},"featured_media":9668,"comment_status":"open","ping_status":"closed","template":"","meta":{"_lmt_disableupdate":"no","_lmt_disable":""},"product_brand":[],"product_cat":[66,86,55,136,15,139,140,141,59,145,146,147,149,61,133,42,153,154],"product_tag":[],"class_list":{"0":"post-9631","1":"product","2":"type-product","3":"status-publish","4":"has-post-thumbnail","6":"product_cat-atvs-disposable-vapes","7":"product_cat-13000-puffs-disposable-vapes","8":"product_cat-big-puffs-disposable-vapes","9":"product_cat-blueberry-flavor-disposable-vapes","10":"product_cat-disposable-vapes","11":"product_cat-grape-flavor-disposable-vapes","12":"product_cat-guava-flavor-disposable-vapes","13":"product_cat-ice-flavor-disposable-vapes","14":"product_cat-lower-nicotine-disposable-vapes","15":"product_cat-mango-flavor-disposable-vapes","16":"product_cat-mint-flavor-disposable-vapes","17":"product_cat-mixed-berries-flavor-disposable-vapes","18":"product_cat-peach-flavor-disposable-vapes","19":"product_cat-rechargeable-disposable-vapes","20":"product_cat-shop-best-disposable-vape-flavors","21":"product_cat-shop-by-puffs","22":"product_cat-strawberry-flavor-disposable-vapes","23":"product_cat-watermelon-flavor-disposable-vapes","25":"first","26":"instock","27":"shipping-taxable","28":"purchasable","29":"product-type-variable"},"jetpack_sharing_enabled":true,"_links":{"self":[{"href":"https:\/\/escovape.com\/cs\/wp-json\/wp\/v2\/product\/9631","targetHints":{"allow":["GET"]}}],"collection":[{"href":"https:\/\/escovape.com\/cs\/wp-json\/wp\/v2\/product"}],"about":[{"href":"https:\/\/escovape.com\/cs\/wp-json\/wp\/v2\/types\/product"}],"replies":[{"embeddable":true,"href":"https:\/\/escovape.com\/cs\/wp-json\/wp\/v2\/comments?post=9631"}],"wp:featuredmedia":[{"embeddable":true,"href":"https:\/\/escovape.com\/cs\/wp-json\/wp\/v2\/media\/9668"}],"wp:attachment":[{"href":"https:\/\/escovape.com\/cs\/wp-json\/wp\/v2\/media?parent=9631"}],"wp:term":[{"taxonomy":"product_brand","embeddable":true,"href":"https:\/\/escovape.com\/cs\/wp-json\/wp\/v2\/product_brand?post=9631"},{"taxonomy":"product_cat","embeddable":true,"href":"https:\/\/escovape.com\/cs\/wp-json\/wp\/v2\/product_cat?post=9631"},{"taxonomy":"product_tag","embeddable":true,"href":"https:\/\/escovape.com\/cs\/wp-json\/wp\/v2\/product_tag?post=9631"}],"curies":[{"name":"wp","href":"https:\/\/api.w.org\/{rel}","templated":true}]}}