{"id":12632,"date":"2024-10-28T14:10:41","date_gmt":"2024-10-28T14:10:41","guid":{"rendered":"https:\/\/escovape.com\/?post_type=product&#038;p=12632"},"modified":"2025-04-11T02:09:07","modified_gmt":"2025-04-11T02:09:07","slug":"mrvi-dragon-13000-zuge-dual-mesh-digitalbildschirm-2-5-wiederaufladbarer-einweg-vapestift-mit-niedrigem-nikotingehalt-groskauf-im-groshandel","status":"publish","type":"product","link":"https:\/\/escovape.com\/de\/product\/mrvi-dragon-13000-puffs-dual-mesh-digital-screen-2-5-low-nicotine-rechargeable-disposable-vapes-pen-bulk-buy-wholesale\/","title":{"rendered":"MRVI Dragon 13000 Puffs Dual Mesh Digital Screen 2% 5% Niedrig Nikotin Aufladbare Einweg-Vapes Pen Gro\u00dfhandel Bulk Kauf"},"content":{"rendered":"<h2>MRVI Dragon 13000 Puffs \u2013 Entdecken Sie die Kraft des langanhaltenden Dampfens<\/h2>\n<h3><a href=\"https:\/\/escovape.com\/de\/produktkategorie\/mrvi-einweg-vapes\/\">MRVI Einweg-Vapes<\/a> - Perfekt f\u00fcr diejenigen, die Wert auf Bequemlichkeit legen<\/h3>\n<p>Der MRVI Dragon 13000 Puffs ist eine leistungsstarke E-Zigarette f\u00fcr alle, die langanhaltendes Vergn\u00fcgen suchen. Mit einer Doppel-Mesh-Spule und einem gro\u00dfen Fl\u00fcssigkeitsreservoir bleibt der Geschmack immer gut. Bei Escovape finden Sie diese E-Zigarette in den Niederlanden, Deutschland, Belgien und Spanien. Ideal f\u00fcr Gesch\u00e4fte und Gro\u00dfhandel.<\/p>\n<h3>Der MRVI Dragon 13000 Puffs funktioniert durch einen integrierten Akku und eine spezielle Fl\u00fcssigkeit, die in einer Kartusche oder einem Tank gespeichert ist. Wenn der Benutzer an dem Ger\u00e4t zieht, aktiviert er einen Sensor, der den Dampf erzeugt. Die Fl\u00fcssigkeit wird durch einen Verdampfer gef\u00fchrt, wo sie erhitzt und in einen angenehmen Dampf umgewandelt wird, den der Benutzer inhalieren kann.<\/h3>\n<p>Gro\u00dfes Reservoir: 20 ml Fl\u00fcssigkeit, daher m\u00fcssen Sie es nicht so oft wechseln.<br \/>\nStarker Akku: 650mAh mit Typ-C-Lader, Schnellladung.<br \/>\nZwei Modi: Pulsmodus (6500 Z\u00fcge) und Regelmodus (13000 Z\u00fcge).<br \/>\nDigitale Anzeige: Immer die Batterie und die Anzahl der verbleibenden Puffs sehen.<br \/>\nLeichtes Design: Einfach mitzunehmen.<\/p>\n<h3>Vape Gro\u00dfhandel \u2013 Bequeme Verpackung<\/h3>\n<p>1 St\u00fcck pro Box.<br \/>\n10 Kartons pro Anzeige.<br \/>\n200 St\u00fcck pro Karton (Gewicht: 19 kg, Abmessungen: 60x32x23 cm).<\/p>\n<h3>Aromavarianten f\u00fcr den MRVI Dragon 13000 Puffs<\/h3>\n<p>W\u00e4hlen Sie aus diesen Geschmacksrichtungen:<\/p>\n<p>Blaubeer Wassermelone<br \/>\nPfirsich-Eis<br \/>\nBlauer Razz-Eis<br \/>\nErdbeer-Eis<br \/>\nWassermelonen-Eis<br \/>\nCherry-Eis<br \/>\nBlaubeereis<br \/>\nTrauben Eis<br \/>\nGemischte Beeren<br \/>\nErdbeer Mango<\/p>\n<h3>Warum Escovape w\u00e4hlen?<\/h3>\n<p>Zuverl\u00e4ssige Qualit\u00e4t: Immer gute Produkte.<br \/>\nScharfe Preise: G\u00fcnstig f\u00fcr Gro\u00dfhandel.<br \/>\nSchnelle Lieferung: Schnelle Lieferung nach Hause.<\/p>\n<h3>Bestellen Sie jetzt den MRVI Dragon 13000 Puffs.<\/h3>\n<p>F\u00fcr Einzelhandel und Gro\u00dfhandel: Stellen Sie sicher, dass Ihr Lagerbestand vollst\u00e4ndig ist. W\u00e4hlen Sie aus vielen Geschmacksrichtungen und genie\u00dfen Sie einfaches Bestellen bei Escovape.<\/p>\n<div style=\"width: 720px;\" class=\"wp-video\"><video class=\"wp-video-shortcode\" id=\"video-12632-1\" width=\"720\" height=\"1280\" preload=\"metadata\" controls=\"controls\"><source type=\"video\/mp4\" src=\"https:\/\/escovape.com\/wp-content\/uploads\/2024\/10\/MRVI-Dragon-13000-Puffs-Dual-Mesh-Digital-Screen-2-5-Low-Nicotine-Rechargeable-2.mp4?_=1\" \/><a href=\"https:\/\/escovape.com\/wp-content\/uploads\/2024\/10\/MRVI-Dragon-13000-Puffs-Dual-Mesh-Digital-Screen-2-5-Low-Nicotine-Rechargeable-2.mp4\">https:\/\/escovape.com\/wp-content\/uploads\/2024\/10\/MRVI-Dragon-13000-Puffs-Dual-Mesh-Digital-Screen-2-5-Low-Nicotine-Rechargeable-2.mp4<\/a><\/video><\/div>\n<p><img data-recalc-dims=\"1\" loading=\"lazy\" decoding=\"async\" class=\"alignnone wp-image-12646 size-full\" src=\"https:\/\/i0.wp.com\/escovape.com\/wp-content\/uploads\/2024\/10\/MRVI-Dragon-13000-Puffs-Dual-Mesh-Digital-Screen-2-5-Low-Nicotine-Rechargeable-14.webp?resize=1020%2C2373&#038;ssl=1\" alt=\"MRVI Dragon 13000 Puffs Dual Mesh Digital Screen 2% 5% Niedrig Nikotin Aufladbare Einweg-Vapes Pen Gro\u00dfhandel Bulk Kauf\" width=\"1020\" height=\"2373\" title=\"\" srcset=\"https:\/\/i0.wp.com\/escovape.com\/wp-content\/uploads\/2024\/10\/MRVI-Dragon-13000-Puffs-Dual-Mesh-Digital-Screen-2-5-Low-Nicotine-Rechargeable-14.webp?w=1060&amp;ssl=1 1060w, https:\/\/i0.wp.com\/escovape.com\/wp-content\/uploads\/2024\/10\/MRVI-Dragon-13000-Puffs-Dual-Mesh-Digital-Screen-2-5-Low-Nicotine-Rechargeable-14.webp?resize=172%2C400&amp;ssl=1 172w, https:\/\/i0.wp.com\/escovape.com\/wp-content\/uploads\/2024\/10\/MRVI-Dragon-13000-Puffs-Dual-Mesh-Digital-Screen-2-5-Low-Nicotine-Rechargeable-14.webp?resize=344%2C800&amp;ssl=1 344w, https:\/\/i0.wp.com\/escovape.com\/wp-content\/uploads\/2024\/10\/MRVI-Dragon-13000-Puffs-Dual-Mesh-Digital-Screen-2-5-Low-Nicotine-Rechargeable-14.webp?resize=768%2C1787&amp;ssl=1 768w, https:\/\/i0.wp.com\/escovape.com\/wp-content\/uploads\/2024\/10\/MRVI-Dragon-13000-Puffs-Dual-Mesh-Digital-Screen-2-5-Low-Nicotine-Rechargeable-14.webp?resize=660%2C1536&amp;ssl=1 660w, https:\/\/i0.wp.com\/escovape.com\/wp-content\/uploads\/2024\/10\/MRVI-Dragon-13000-Puffs-Dual-Mesh-Digital-Screen-2-5-Low-Nicotine-Rechargeable-14.webp?resize=880%2C2048&amp;ssl=1 880w, https:\/\/i0.wp.com\/escovape.com\/wp-content\/uploads\/2024\/10\/MRVI-Dragon-13000-Puffs-Dual-Mesh-Digital-Screen-2-5-Low-Nicotine-Rechargeable-14.webp?resize=5%2C12&amp;ssl=1 5w, https:\/\/i0.wp.com\/escovape.com\/wp-content\/uploads\/2024\/10\/MRVI-Dragon-13000-Puffs-Dual-Mesh-Digital-Screen-2-5-Low-Nicotine-Rechargeable-14.webp?resize=600%2C1396&amp;ssl=1 600w\" sizes=\"auto, (max-width: 1020px) 100vw, 1020px\" \/><\/p>","protected":false},"excerpt":{"rendered":"<p>Der MRVI Dragon 13000 Puffs Disposable Vape Pen, erh\u00e4ltlich bei <a href=\"https:\/\/escovape.com\/de\/\" target=\"_new\" rel=\"noopener\">Escovape<\/a>Bietet ein Premium-Vaping-Erlebnis mit 13000 Z\u00fcgen, Dual-Mesh-Coil-Technologie, einem wiederaufladbaren Akku und einer Vielzahl reicher Aromen, ideal f\u00fcr Gro\u00dfh\u00e4ndler und Vaping-Enthusiasten, die Qualit\u00e4t und Langlebigkeit suchen.<\/p>","protected":false},"featured_media":12647,"comment_status":"open","ping_status":"closed","template":"","meta":{"_lmt_disableupdate":"no","_lmt_disable":""},"product_brand":[],"product_cat":[85,86,55,135,136,137,57,15,58,139,141,59,145,147,149,151,61,133,42,153,154],"product_tag":[],"class_list":{"0":"post-12632","1":"product","2":"type-product","3":"status-publish","4":"has-post-thumbnail","6":"product_cat-mrvi-disposable-vapes","7":"product_cat-13000-puffs-disposable-vapes","8":"product_cat-big-puffs-disposable-vapes","9":"product_cat-blue-razz-flavor-disposable-vapes","10":"product_cat-blueberry-flavor-disposable-vapes","11":"product_cat-cherry-flavor-disposable-vapes","12":"product_cat-digital-box-disposable-vapes","13":"product_cat-disposable-vapes","14":"product_cat-dual-mesh-disposable-vapes","15":"product_cat-grape-flavor-disposable-vapes","16":"product_cat-ice-flavor-disposable-vapes","17":"product_cat-lower-nicotine-disposable-vapes","18":"product_cat-mango-flavor-disposable-vapes","19":"product_cat-mixed-berries-flavor-disposable-vapes","20":"product_cat-peach-flavor-disposable-vapes","21":"product_cat-raspberry-flavor-disposable-vapes","22":"product_cat-rechargeable-disposable-vapes","23":"product_cat-shop-best-disposable-vape-flavors","24":"product_cat-shop-by-puffs","25":"product_cat-strawberry-flavor-disposable-vapes","26":"product_cat-watermelon-flavor-disposable-vapes","28":"first","29":"outofstock","30":"shipping-taxable","31":"product-type-variable"},"jetpack_sharing_enabled":true,"_links":{"self":[{"href":"https:\/\/escovape.com\/de\/wp-json\/wp\/v2\/product\/12632","targetHints":{"allow":["GET"]}}],"collection":[{"href":"https:\/\/escovape.com\/de\/wp-json\/wp\/v2\/product"}],"about":[{"href":"https:\/\/escovape.com\/de\/wp-json\/wp\/v2\/types\/product"}],"replies":[{"embeddable":true,"href":"https:\/\/escovape.com\/de\/wp-json\/wp\/v2\/comments?post=12632"}],"wp:featuredmedia":[{"embeddable":true,"href":"https:\/\/escovape.com\/de\/wp-json\/wp\/v2\/media\/12647"}],"wp:attachment":[{"href":"https:\/\/escovape.com\/de\/wp-json\/wp\/v2\/media?parent=12632"}],"wp:term":[{"taxonomy":"product_brand","embeddable":true,"href":"https:\/\/escovape.com\/de\/wp-json\/wp\/v2\/product_brand?post=12632"},{"taxonomy":"product_cat","embeddable":true,"href":"https:\/\/escovape.com\/de\/wp-json\/wp\/v2\/product_cat?post=12632"},{"taxonomy":"product_tag","embeddable":true,"href":"https:\/\/escovape.com\/de\/wp-json\/wp\/v2\/product_tag?post=12632"}],"curies":[{"name":"wp","href":"https:\/\/api.w.org\/{rel}","templated":true}]}}