{"id":141,"date":"2024-04-08T06:55:44","date_gmt":"2024-04-08T06:55:44","guid":{"rendered":"https:\/\/escovape.com\/?post_type=product&#038;p=141"},"modified":"2025-04-12T08:43:02","modified_gmt":"2025-04-12T08:43:02","slug":"zgar-eis-box-8000-puffs-2-nikotin-wiederaufladbare-einweg-vape-groshandel","status":"publish","type":"product","link":"https:\/\/escovape.com\/de\/product\/zgar-ice-box-8000-puffs-2-nicotine-rechargeable-disposable-vape-wholesale\/","title":{"rendered":"ZGAR ICE BOX 8000 Puffs 2% Nikotin Aufladbare Einweg-E-Zigarette Gro\u00dfhandel"},"content":{"rendered":"<h2>ZGAR ICE BOX 8000 Puffs \n\n Translation is not needed, but here it is: \nZGAR ICE BOX 8000 Puffs<\/h2>\n<p>Entdecken Sie die <a href=\"https:\/\/escovape.com\/de\/produktkategorie\/zgar\/\">ZGAR<\/a> ICE BOX 8000, ein modernes Einweg-Vape-Ger\u00e4t, das ausschlie\u00dflich bei Escovape erh\u00e4ltlich ist. Dieses Ger\u00e4t ist perfekt f\u00fcr diejenigen, die Einfachheit und Qualit\u00e4t bevorzugen. Es bietet bis zu 8000 Z\u00fcge und enth\u00e4lt 2% Nikotin. Das ICE BOX 8000 verf\u00fcgt \u00fcber ein schlankes Design und eine starke 500mAh-Batterie, sodass Sie lange Zeit ohne Aufladen dampfen k\u00f6nnen.<br \/>\nMit 15 verschiedenen Geschmacksrichtungen ist f\u00fcr jeden etwas dabei. Von der prickelnden Cola-Geschmacksrichtung bis hin zur s\u00fc\u00dfen Guava - jede Geschmacksrichtung ist ein echter Gaumenschmaus. Der ICE BOX 8000 wird von ZGAR hergestellt, einer bekannten Marke, die Qualit\u00e4t garantiert.<\/p>\n<h2>ZGAR EISBOX 8000 Puffs Merkmale<\/h2>\n<p>Marke: ZGAR<br \/>\nModell: Eisschrank 8000<br \/>\nHergestellt in: Shenzhen, China<br \/>\nAromen: 15 einzigartige Aromen<br \/>\nAkku: 500mAh<br \/>\nNikotin:2%<br \/>\nW\u00f6lken: 8000<\/p>\n<h2>Aromenliste<\/h2>\n<p>Cola Fizz: Fizzy-Cola mit einem frischen Twist.<br \/>\nTraubensaft: S\u00fc\u00dfer Traubengeschmack.<br \/>\nGuava-Saft: Tropische Guava.<br \/>\nEis-Jasmin-Longjing-Tee: Frischer Jasmin-Tee.<br \/>\nEislimonade: Kalte Limonade.<br \/>\nEistee mit Zitrone: Frischer Zitronentee.<br \/>\nEistee mit Lychee-Geschmack: S\u00fc\u00dfe Lychee.<br \/>\nEisgek\u00fchlte Mungbohnen: Weicher Bohnen-Geschmack.<br \/>\nEistee Tie Guanyin: Schmeckt gut.<br \/>\nGefrorene Wassermelone: K\u00fchlende Wassermelone.<br \/>\nEis am Stiel: Eismischung.<br \/>\nOrangensaft-Spritzer: Schale von Orange.<br \/>\nOrangene Minztwist: Orange mit Minze.<br \/>\nAnanas Orange: Tropische Mischung.<br \/>\nS\u00fc\u00dfmais:<\/p>\n<h3>E-Zigaretten Gro\u00dfhandel<\/h3>\n<p>Der ZGAR ICE BOX 8000 ist ideal f\u00fcr den Gro\u00dfhandel. Er ist eine zuverl\u00e4ssige Wahl f\u00fcr diejenigen, die viele Vapes ben\u00f6tigen. Mit starker Leistung und leckeren Aromen erf\u00fcllt er alle Erwartungen.<br \/>\nW\u00e4hlen Sie den ZGAR ICE BOX 8000 f\u00fcr ein einfaches, leckeres Vape-Erlebnis. Entdecken Sie ihn jetzt bei Escovape!<\/p>\n<p><img data-recalc-dims=\"1\" loading=\"lazy\" decoding=\"async\" class=\"alignnone wp-image-2307 size-full\" src=\"https:\/\/i0.wp.com\/escovape.com\/wp-content\/uploads\/2024\/04\/ZGAR_ICE_BOX_8000_Puffs_27.jpg?resize=1020%2C1020&#038;ssl=1\" alt=\"ZGAR ICE BOX 8000 Puffs 2% Nikotin Aufladbare Einweg-E-Zigarette Gro\u00dfhandel\" width=\"1020\" height=\"1020\" title=\"\" srcset=\"https:\/\/i0.wp.com\/escovape.com\/wp-content\/uploads\/2024\/04\/ZGAR_ICE_BOX_8000_Puffs_27.jpg?w=2000&amp;ssl=1 2000w, https:\/\/i0.wp.com\/escovape.com\/wp-content\/uploads\/2024\/04\/ZGAR_ICE_BOX_8000_Puffs_27.jpg?resize=300%2C300&amp;ssl=1 300w, https:\/\/i0.wp.com\/escovape.com\/wp-content\/uploads\/2024\/04\/ZGAR_ICE_BOX_8000_Puffs_27.jpg?resize=100%2C100&amp;ssl=1 100w, https:\/\/i0.wp.com\/escovape.com\/wp-content\/uploads\/2024\/04\/ZGAR_ICE_BOX_8000_Puffs_27.jpg?resize=600%2C600&amp;ssl=1 600w, https:\/\/i0.wp.com\/escovape.com\/wp-content\/uploads\/2024\/04\/ZGAR_ICE_BOX_8000_Puffs_27.jpg?resize=400%2C400&amp;ssl=1 400w, https:\/\/i0.wp.com\/escovape.com\/wp-content\/uploads\/2024\/04\/ZGAR_ICE_BOX_8000_Puffs_27.jpg?resize=800%2C800&amp;ssl=1 800w, https:\/\/i0.wp.com\/escovape.com\/wp-content\/uploads\/2024\/04\/ZGAR_ICE_BOX_8000_Puffs_27.jpg?resize=280%2C280&amp;ssl=1 280w, https:\/\/i0.wp.com\/escovape.com\/wp-content\/uploads\/2024\/04\/ZGAR_ICE_BOX_8000_Puffs_27.jpg?resize=768%2C768&amp;ssl=1 768w, https:\/\/i0.wp.com\/escovape.com\/wp-content\/uploads\/2024\/04\/ZGAR_ICE_BOX_8000_Puffs_27.jpg?resize=1536%2C1536&amp;ssl=1 1536w, https:\/\/i0.wp.com\/escovape.com\/wp-content\/uploads\/2024\/04\/ZGAR_ICE_BOX_8000_Puffs_27.jpg?resize=12%2C12&amp;ssl=1 12w\" sizes=\"auto, (max-width: 1020px) 100vw, 1020px\" \/> <img data-recalc-dims=\"1\" loading=\"lazy\" decoding=\"async\" class=\"alignnone wp-image-2306 size-full\" src=\"https:\/\/i0.wp.com\/escovape.com\/wp-content\/uploads\/2024\/04\/ZGAR_ICE_BOX_8000_Puffs_23.jpg.webp?resize=1020%2C1020&#038;ssl=1\" alt=\"ZGAR ICE BOX 8000 Puffs 2% Nikotin Aufladbare Einweg-E-Zigarette Gro\u00dfhandel\" width=\"1020\" height=\"1020\" title=\"\" srcset=\"https:\/\/i0.wp.com\/escovape.com\/wp-content\/uploads\/2024\/04\/ZGAR_ICE_BOX_8000_Puffs_23.jpg.webp?w=2000&amp;ssl=1 2000w, https:\/\/i0.wp.com\/escovape.com\/wp-content\/uploads\/2024\/04\/ZGAR_ICE_BOX_8000_Puffs_23.jpg.webp?resize=300%2C300&amp;ssl=1 300w, https:\/\/i0.wp.com\/escovape.com\/wp-content\/uploads\/2024\/04\/ZGAR_ICE_BOX_8000_Puffs_23.jpg.webp?resize=100%2C100&amp;ssl=1 100w, https:\/\/i0.wp.com\/escovape.com\/wp-content\/uploads\/2024\/04\/ZGAR_ICE_BOX_8000_Puffs_23.jpg.webp?resize=600%2C600&amp;ssl=1 600w, https:\/\/i0.wp.com\/escovape.com\/wp-content\/uploads\/2024\/04\/ZGAR_ICE_BOX_8000_Puffs_23.jpg.webp?resize=400%2C400&amp;ssl=1 400w, https:\/\/i0.wp.com\/escovape.com\/wp-content\/uploads\/2024\/04\/ZGAR_ICE_BOX_8000_Puffs_23.jpg.webp?resize=800%2C800&amp;ssl=1 800w, https:\/\/i0.wp.com\/escovape.com\/wp-content\/uploads\/2024\/04\/ZGAR_ICE_BOX_8000_Puffs_23.jpg.webp?resize=280%2C280&amp;ssl=1 280w, https:\/\/i0.wp.com\/escovape.com\/wp-content\/uploads\/2024\/04\/ZGAR_ICE_BOX_8000_Puffs_23.jpg.webp?resize=768%2C768&amp;ssl=1 768w, https:\/\/i0.wp.com\/escovape.com\/wp-content\/uploads\/2024\/04\/ZGAR_ICE_BOX_8000_Puffs_23.jpg.webp?resize=1536%2C1536&amp;ssl=1 1536w, https:\/\/i0.wp.com\/escovape.com\/wp-content\/uploads\/2024\/04\/ZGAR_ICE_BOX_8000_Puffs_23.jpg.webp?resize=12%2C12&amp;ssl=1 12w\" sizes=\"auto, (max-width: 1020px) 100vw, 1020px\" \/><\/p>","protected":false},"excerpt":{"rendered":"<p>Der ZGAR ICE BOX 8000 ist ein Premium-Einweg-Vape-Kit mit 8.000 Z\u00fcgen, 2% Nikotingehalt, schlankem Design und 15 einzigartigen Geschmacksrichtungen, das sich an Vape-Enthusiasten richtet, die nach Bequemlichkeit und au\u00dfergew\u00f6hnlichen Vaping-Erfahrungen suchen.<\/p>","protected":false},"featured_media":2294,"comment_status":"open","ping_status":"closed","template":"","meta":{"_lmt_disableupdate":"no","_lmt_disable":""},"product_brand":[],"product_cat":[25,134,138,15,139,140,141,143,146,150,133,154],"product_tag":[],"class_list":{"0":"post-141","1":"product","2":"type-product","3":"status-publish","4":"has-post-thumbnail","6":"product_cat-zgar","7":"product_cat-apple-flavor-disposable-vapes","8":"product_cat-cola-flavor-disposable-vapes","9":"product_cat-disposable-vapes","10":"product_cat-grape-flavor-disposable-vapes","11":"product_cat-guava-flavor-disposable-vapes","12":"product_cat-ice-flavor-disposable-vapes","13":"product_cat-lemon-flavor-disposable-vapes","14":"product_cat-mint-flavor-disposable-vapes","15":"product_cat-pineapple-flavor-disposable-vapes","16":"product_cat-shop-best-disposable-vape-flavors","17":"product_cat-watermelon-flavor-disposable-vapes","19":"first","20":"instock","21":"shipping-taxable","22":"purchasable","23":"product-type-variable"},"jetpack_sharing_enabled":true,"_links":{"self":[{"href":"https:\/\/escovape.com\/de\/wp-json\/wp\/v2\/product\/141","targetHints":{"allow":["GET"]}}],"collection":[{"href":"https:\/\/escovape.com\/de\/wp-json\/wp\/v2\/product"}],"about":[{"href":"https:\/\/escovape.com\/de\/wp-json\/wp\/v2\/types\/product"}],"replies":[{"embeddable":true,"href":"https:\/\/escovape.com\/de\/wp-json\/wp\/v2\/comments?post=141"}],"wp:featuredmedia":[{"embeddable":true,"href":"https:\/\/escovape.com\/de\/wp-json\/wp\/v2\/media\/2294"}],"wp:attachment":[{"href":"https:\/\/escovape.com\/de\/wp-json\/wp\/v2\/media?parent=141"}],"wp:term":[{"taxonomy":"product_brand","embeddable":true,"href":"https:\/\/escovape.com\/de\/wp-json\/wp\/v2\/product_brand?post=141"},{"taxonomy":"product_cat","embeddable":true,"href":"https:\/\/escovape.com\/de\/wp-json\/wp\/v2\/product_cat?post=141"},{"taxonomy":"product_tag","embeddable":true,"href":"https:\/\/escovape.com\/de\/wp-json\/wp\/v2\/product_tag?post=141"}],"curies":[{"name":"wp","href":"https:\/\/api.w.org\/{rel}","templated":true}]}}