{"id":26428,"date":"2025-07-02T09:11:25","date_gmt":"2025-07-02T09:11:25","guid":{"rendered":"https:\/\/escovape.com\/?post_type=product&#038;p=26428"},"modified":"2026-04-09T14:38:03","modified_gmt":"2026-04-09T14:38:03","slug":"bimo-felxy-40000-puffs-einweg-vape-groshandel-kaufen","status":"publish","type":"product","link":"https:\/\/escovape.com\/de\/product\/bimo-felxy-40000-puffs-disposable-vape-bulk-purchase\/","title":{"rendered":"BIMO FELXY 40000 Puffs Einweg-Vape Gro\u00dfhandel"},"content":{"rendered":"<p><iframe loading=\"lazy\" title=\"BIMO FELXY 40000 Puffs #vapeshow\" width=\"563\" height=\"1000\" src=\"https:\/\/www.youtube.com\/embed\/LFOaNOCn-ME?feature=oembed\" frameborder=\"0\" allow=\"accelerometer; autoplay; clipboard-write; encrypted-media; gyroscope; picture-in-picture; web-share\" referrerpolicy=\"strict-origin-when-cross-origin\" allowfullscreen><\/iframe><\/p>\n<h2><strong>Warum <a href=\"https:\/\/escovape.com\/de\/produktkategorie\/bimo-einweg-vapes\/\">BIMO<\/a> FELXY 40000 PUFFS? A<a href=\"https:\/\/escovape.com\/de\/\"> Einweg E-Zigarette<\/a> F\u00fcr Gro\u00dfhandelserfolg konzipiert<\/strong><\/h2>\n<p>Auf einem Markt, der mit generischen Optionen \u00fcberf\u00fcllt ist, stellt sich das BIMO FELXY 40000 PUFFS als ein echter Game-Changer heraus. Entwickelt sowohl f\u00fcr Einzelh\u00e4ndler, die nach einem Bestseller suchen, als auch f\u00fcr Gro\u00dfh\u00e4ndler, die den Gewinn und die Kundenbindung priorisieren, verbindet dieses Ger\u00e4t modernste Technologie mit benutzerzentrierter Gestaltung. Lassen Sie uns auf seine herausragenden Merkmale eingehen:<\/p>\n<ul>\n<li><strong>Nicht \u00fcbereinstimmende Puff-Anzahl<\/strong>: Mit branchenf\u00fchrenden 40.000 Puffs pro Einheit \u00fcbertrifft das BIMO FELXY herk\u00f6mmliche Einwegprodukte um einen atemberaubenden Abstand. Diese Langlebigkeit f\u00fchrt zu einer geringeren H\u00e4ufigkeit von Ersatzk\u00e4ufen f\u00fcr die Nutzer - was die Zufriedenheit und den Wiederkauf f\u00fcr Ihr Unternehmen steigert.<\/li>\n<li><strong>Innovative Leistung &amp; Steuerung<\/strong>: Ausgestattet mit einem\u00a0<strong>leistungsmagnetischer Kontrollschalter<\/strong>Dieses Ger\u00e4t bietet eine intuitive Bedienung: ein einfacher magnetischer Schalter stellt den Luftstrom ein, sodass Benutzer ihren Zug von engen Mund- zu lockeren Lungenz\u00fcgen anpassen k\u00f6nnen. Kombiniert mit einem robusten\u00a0<strong>W1000+450 DUAL MESH COIL<\/strong>, gew\u00e4hrleistet es eine gleichm\u00e4\u00dfige Dampfproduktion und Geschmacksabgabe, selbst bei voller Kapazit\u00e4t.<\/li>\n<li><strong>Gro\u00dfz\u00fcgige E-Liquid-Kapazit\u00e4t<\/strong>: Ein 26-ml-E-Liquid-Reservoir macht h\u00e4ufiges Nachf\u00fcllen \u00fcberfl\u00fcssig und passt perfekt zur angegebenen Verdampfungsleistung von 40.000 Z\u00fcgen. Ob Ihre Kunden lange Verdampfungs sessions bevorzugen oder das Ger\u00e4t unterwegs nutzen, das BIMO FELXY h\u00e4lt damit Schritt.<\/li>\n<li><strong>Niedrige Nikotinflexibilit\u00e4t<\/strong>: Um die vielf\u00e4ltigen Verbraucherpr\u00e4ferenzen zu ber\u00fccksichtigen, ist das BIMO FELXY in Varianten mit niedrigem Nikotingehalt (0 mg, 20 mg und 50 mg) erh\u00e4ltlich, wodurch es sowohl f\u00fcr Gelegenheitsnutzer als auch f\u00fcr diejenigen, die von herk\u00f6mmlichen Zigaretten umsteigen, zug\u00e4nglich ist.<\/li>\n<\/ul>\n<p>Diese Funktionen machen den BIMO FELXY nicht nur zu einem Produkt - sie positionieren ihn als ein\u00a0<strong>Gro\u00dfhandelsverm\u00f6gen<\/strong>Seine Haltbarkeit, Leistung und Anpassungsf\u00e4higkeit gew\u00e4hrleisten, dass es eine breite Bev\u00f6lkerungsgruppe anspricht, von technisch versierten Vapern bis hin zu allt\u00e4glichen Nutzern, die nach Zuverl\u00e4ssigkeit suchen.<\/p>\n<h2><strong>Eine Geschmacksvielfalt, die Europas Gaumen einf\u00e4ngt: 12 unwiderstehliche Optionen<\/strong><\/h2>\n<p>Bei escovape verstehen wir, dass der Geschmack das Herzst\u00fcck jedes Einweg-Vapes ist. Der BIMO FELXY bietet 12 sorgf\u00e4ltig ausgearbeitete Profile, die jeweils darauf abzielen, Nostalgie zu wecken, die Sinne zu erfrischen oder mit Innovation zu begeistern:<\/p>\n<ol>\n<li><strong>Pina Colada<\/strong>: Ein tropischer Ausflug mit jedem Zug - cremiger Kokosnuss harmoniert mit zitronigem Ananas, evoziert sonnenverw\u00f6hnte Str\u00e4nde und Inselbrisen.<\/li>\n<li><strong>Erdbeer Mango<\/strong>: Eine s\u00fc\u00df-saure Symphonie von reifen Erdbeeren und saftigem Mango, ausbalanciert, um \u00fcberw\u00e4ltigende S\u00fc\u00dfe zu vermeiden.<\/li>\n<li><strong>Erdbeere Kiwi<\/strong>: Hell, knackig und leicht s\u00e4uerlich - frische Erdbeeren treffen auf lebendige Kiwi f\u00fcr eine erfrischende, fruchtige Mischung.<\/li>\n<li><strong>Traube<\/strong>: Reich und vollmundig, spiegelt dieses klassische Traubenprofil die S\u00fc\u00dfe sonnenreifer Trauben wider, mit einer subtilen floralen Note.<\/li>\n<li><strong>rosa Zitrone<\/strong>Zingiges Zitrone mit einem Hauch von Beerens\u00fc\u00dfe - erinnert an einen rosa Limonadenstand an einem warmen Sommertag.<\/li>\n<li><strong>Wassermelonen-Eis<\/strong>: Saftige, reife Wassermelone, gek\u00fchlt mit einem sanften Frost, erzeugt eine k\u00fchlende Empfindung, die anh\u00e4lt.<\/li>\n<li><strong>Sauerapfel<\/strong>Tartgr\u00fcne Apfel mit einem prickelnden Kick, perfekt f\u00fcr diejenigen, die nach einem kr\u00e4ftigen, belebenden Geschmack verlangen.<\/li>\n<li><strong>Orangensaft<\/strong>: Eine kohlens\u00e4urehaltige, zitrusartige Explosion - reminiscent von retro-orange-Soda, mit einem prickelnden, sprudelnden Abgang.<\/li>\n<li><strong>Granatapfel Himbeere<\/strong>: Intensive Granatapfelkerne treffen auf s\u00fc\u00dfe Himbeeren und liefern ein komplexes, beeriges Profil.<\/li>\n<li><strong>Dreifache Beere<\/strong>Eine Mischung aus Blaubeere, Brombeere und Himbeere - s\u00fc\u00df, saftig und voller Sommerrische.<\/li>\n<li><strong>Grapefruit-Minze<\/strong>Zitrusartige Grapefruit, ausgeglichen durch k\u00fchle, erfrischende Minze - ideal f\u00fcr Benutzer, die nach einem knackigen, sauberen Geschmack suchen.<\/li>\n<li><strong>Blaubeereis<\/strong>S\u00fc\u00dfe, reife Blaubeeren kombiniert mit einem frostigen Menthol-Kick, was ein befriedigend k\u00fchlendes Erlebnis schafft.<\/li>\n<\/ol>\n<p>Jeder Geschmack wird streng getestet, um die Konsistenz zu gew\u00e4hrleisten und den \"flachen\" Geschmack zu vermeiden, der bei minderwertigen Einwegartikeln h\u00e4ufig vorkommt. F\u00fcr Ihre Kunden bedeutet dies, dass jeder Zug von BIMO FELXY wie der erste schmeckt.<\/p>\n<h2><strong><a href=\"https:\/\/escovape.com\/de\/\">Escovape<\/a>: Ihr Partner f\u00fcr Gro\u00dfhandels-Exzellenz<\/strong><\/h2>\n<p>Die Wahl von escovape.com als Ihrem Lieferanten f\u00fcr Einweg-Vapes bedeutet mehr als nur den Zugang zu Premium-Produkten - es bedeutet, sich mit einem Team zu verb\u00fcnden, das sich f\u00fcr Ihren Erfolg einsetzt. Hier ist, warum wir uns abheben:<\/p>\n<ul>\n<li><strong>Authentizit\u00e4t garantiert<\/strong>: Jeder BIMO FELXY 40000 PUFFS, der \u00fcber escovape.com verkauft wird, ist 100% authentisch und stammt direkt von den Herstellern der Marke. Keine F\u00e4lschungen, keine Nachahmungen - nur genuine Qualit\u00e4t, der Ihre Kunden vertrauen k\u00f6nnen.<\/li>\n<li><strong>Mengenrabatte, die Margen vorantreiben<\/strong>: Wir bieten Europas niedrigste Gro\u00dfhandelspreise, mit Rabatten, die sich mit zunehmender Bestellmenge erh\u00f6hen. Ob Sie 100 Einheiten oder 10.000 kaufen, unser gestaffeltes Preissystem gew\u00e4hrleistet wettbewerbsf\u00e4higes Einzelhandelsaufschlagspotenzial.<\/li>\n<li><strong>Schnelle, Versicherte Lieferung Durch Europa<\/strong>Wir verstehen, dass die Zeitplanung entscheidend ist. Alle Bestellungen werden innerhalb von 24 Stunden bearbeitet und \u00fcber versicherte, verfolgbare Transportunternehmen verschickt, mit Lieferung in die meisten EU-L\u00e4nder innerhalb von 2-5 Werktagen.<\/li>\n<li><strong>Zahlungsflexibilit\u00e4t f\u00fcr europ\u00e4ische K\u00e4ufer<\/strong>: Wir akzeptieren PayPal, Kreditkarten und lokale europ\u00e4ische Zahlungsmethoden \u2014 einschlie\u00dflich iDEAL (Niederlande), Bancontact (Belgien) und SEPA-Bank\u00fcberweisungen \u2014 und gew\u00e4hrleisten so nahtlose Transaktionen, die auf Ihre Region zugeschnitten sind.<\/li>\n<\/ul>\n<h2><strong>Erfassen Sie Ihr Inventar mit BIMO FELXY 40000 PUFFS noch heute<\/strong><\/h2>\n<p>Im Jahr 2025 sind Einweg-Vapes mehr als nur ein Trend \u2013 sie sind ein Eckpfeiler der E-Zigaretten-Industrie. Der BIMO FELXY 40000 PUFFS, unterst\u00fctzt von <strong><a href=\"https:\/\/escovape.com\/de\/\">escovape.com<\/a><\/strong>8 Jahre Expertise bietet Gro\u00dfh\u00e4ndlern eine seltene Gelegenheit: ein Produkt mit hoher Nachfrage und un\u00fcbertroffenen Margen, unterst\u00fctzt durch einen Lieferanten, der sich f\u00fcr Ihr Wachstum einsetzt.<\/p>\n<p>Ob Sie Ihren Katalog erweitern, unterdurchschnittliche SKUs ersetzen oder eine Premium-Dampf-Linie aufbauen m\u00f6chten, ist das BIMO FELXY 40000 PUFFS Ihre Antwort. Besuchen Sie noch heute escovape.com, um unsere gesamte Palette an Top-Marken zu erkunden, eine Gro\u00dfhandelsanfrage zu stellen oder Ihre Bestellung aufzugeben - und machen Sie den ersten Schritt in Richtung Dominanz auf dem europ\u00e4ischen Markt f\u00fcr Einweg-Dampfger\u00e4ten.<\/p>\n<p><em>escovape.com: Wo Qualit\u00e4t auf Gro\u00dfhandels-Exzellenz trifft.<\/em><\/p>\n<p>&nbsp;<\/p>\n<p><img data-recalc-dims=\"1\" loading=\"lazy\" decoding=\"async\" class=\"alignnone size-full wp-image-30879\" src=\"https:\/\/i0.wp.com\/escovape.com\/wp-content\/uploads\/2025\/07\/2025-Bulk-Wholesale-BIMO-FELXY-40000-PUFFS-Premium-Authentic-Disposable-Vape-Low-Nicotine-Option-for-Best-Selling-Bulk-Purchase.webp?resize=1020%2C574&#038;ssl=1\" alt=\"2025 Gro\u00dfhandel BIMO FELXY 40000 PUFFS Premium Authentische Einweg-Vape Niedrige Nikotin-Option f\u00fcr Bestseller Gro\u00dfkauf\" width=\"1020\" height=\"574\" title=\"\" srcset=\"https:\/\/i0.wp.com\/escovape.com\/wp-content\/uploads\/2025\/07\/2025-Bulk-Wholesale-BIMO-FELXY-40000-PUFFS-Premium-Authentic-Disposable-Vape-Low-Nicotine-Option-for-Best-Selling-Bulk-Purchase.webp?w=1920&amp;ssl=1 1920w, https:\/\/i0.wp.com\/escovape.com\/wp-content\/uploads\/2025\/07\/2025-Bulk-Wholesale-BIMO-FELXY-40000-PUFFS-Premium-Authentic-Disposable-Vape-Low-Nicotine-Option-for-Best-Selling-Bulk-Purchase.webp?resize=711%2C400&amp;ssl=1 711w, https:\/\/i0.wp.com\/escovape.com\/wp-content\/uploads\/2025\/07\/2025-Bulk-Wholesale-BIMO-FELXY-40000-PUFFS-Premium-Authentic-Disposable-Vape-Low-Nicotine-Option-for-Best-Selling-Bulk-Purchase.webp?resize=1400%2C788&amp;ssl=1 1400w, https:\/\/i0.wp.com\/escovape.com\/wp-content\/uploads\/2025\/07\/2025-Bulk-Wholesale-BIMO-FELXY-40000-PUFFS-Premium-Authentic-Disposable-Vape-Low-Nicotine-Option-for-Best-Selling-Bulk-Purchase.webp?resize=768%2C432&amp;ssl=1 768w, https:\/\/i0.wp.com\/escovape.com\/wp-content\/uploads\/2025\/07\/2025-Bulk-Wholesale-BIMO-FELXY-40000-PUFFS-Premium-Authentic-Disposable-Vape-Low-Nicotine-Option-for-Best-Selling-Bulk-Purchase.webp?resize=1536%2C864&amp;ssl=1 1536w, https:\/\/i0.wp.com\/escovape.com\/wp-content\/uploads\/2025\/07\/2025-Bulk-Wholesale-BIMO-FELXY-40000-PUFFS-Premium-Authentic-Disposable-Vape-Low-Nicotine-Option-for-Best-Selling-Bulk-Purchase.webp?resize=18%2C10&amp;ssl=1 18w, https:\/\/i0.wp.com\/escovape.com\/wp-content\/uploads\/2025\/07\/2025-Bulk-Wholesale-BIMO-FELXY-40000-PUFFS-Premium-Authentic-Disposable-Vape-Low-Nicotine-Option-for-Best-Selling-Bulk-Purchase.webp?resize=600%2C338&amp;ssl=1 600w\" sizes=\"auto, (max-width: 1020px) 100vw, 1020px\" \/><\/p>","protected":false},"excerpt":{"rendered":"<p>Der BIMO FELXY 40000 PUFFS, ein f\u00fcr den Gro\u00dfhandelserfolg konzipierter Einweg-Vape, zeichnet sich durch seine branchenf\u00fchrenden 40.000 Puffs, eine E-Liquid-Kapazit\u00e4t von 26 mL, einen innovativen POWER MAGNETIC CONTROL SWITCH in Kombination mit einer W1000+450 DUAL MESH COIL, niedrigen Nikotoptionen (0 mg, 20 mg, 50 mg) und 12 sorgf\u00e4ltig ausgearbeiteten, europ\u00e4isch inspirierten Geschmacksprofilen aus, die eine konstante Leistung und breite Verbraucherakzeptanz gew\u00e4hrleisten.<\/p>","protected":false},"featured_media":30883,"comment_status":"open","ping_status":"closed","template":"","meta":{"_lmt_disableupdate":"no","_lmt_disable":""},"product_brand":[],"product_cat":[125,123,55,56,57,97,98,99,100,101,102,103,104,105,106,107,108,109,110,111,112,113,114,15,58,59,61,133,42],"product_tag":[],"class_list":{"0":"post-26428","1":"product","2":"type-product","3":"status-publish","4":"has-post-thumbnail","6":"product_cat-bimo-disposable-vapes","7":"product_cat-40000-puffs-disposable-vapes","8":"product_cat-big-puffs-disposable-vapes","9":"product_cat-crystal-disposable-vapes","10":"product_cat-digital-box-disposable-vapes","11":"product_cat-disposable-vape-in-europe","12":"product_cat-disposable-vape-wholesale-austria","13":"product_cat-disposable-vape-wholesale-belgium","14":"product_cat-disposable-vape-wholesale-czech-republic","15":"product_cat-disposable-vape-wholesale-denmark","16":"product_cat-disposable-vape-wholesale-finland","17":"product_cat-disposable-vape-wholesale-france","18":"product_cat-disposable-vape-wholesale-germany","19":"product_cat-disposable-vape-wholesale-greece","20":"product_cat-disposable-vape-wholesale-hungary","21":"product_cat-disposable-vape-wholesale-italy","22":"product_cat-disposable-vape-wholesale-netherlands","23":"product_cat-disposable-vape-wholesale-norway","24":"product_cat-disposable-vape-wholesale-portugal","25":"product_cat-disposable-vape-wholesale-romania","26":"product_cat-disposable-vape-wholesale-spain","27":"product_cat-disposable-vape-wholesale-sweden","28":"product_cat-disposable-vape-wholesale-switzerland","29":"product_cat-disposable-vapes","30":"product_cat-dual-mesh-disposable-vapes","31":"product_cat-lower-nicotine-disposable-vapes","32":"product_cat-rechargeable-disposable-vapes","33":"product_cat-shop-best-disposable-vape-flavors","34":"product_cat-shop-by-puffs","36":"first","37":"instock","38":"shipping-taxable","39":"purchasable","40":"product-type-variable","41":"has-default-attributes"},"jetpack_sharing_enabled":true,"_links":{"self":[{"href":"https:\/\/escovape.com\/de\/wp-json\/wp\/v2\/product\/26428","targetHints":{"allow":["GET"]}}],"collection":[{"href":"https:\/\/escovape.com\/de\/wp-json\/wp\/v2\/product"}],"about":[{"href":"https:\/\/escovape.com\/de\/wp-json\/wp\/v2\/types\/product"}],"replies":[{"embeddable":true,"href":"https:\/\/escovape.com\/de\/wp-json\/wp\/v2\/comments?post=26428"}],"wp:featuredmedia":[{"embeddable":true,"href":"https:\/\/escovape.com\/de\/wp-json\/wp\/v2\/media\/30883"}],"wp:attachment":[{"href":"https:\/\/escovape.com\/de\/wp-json\/wp\/v2\/media?parent=26428"}],"wp:term":[{"taxonomy":"product_brand","embeddable":true,"href":"https:\/\/escovape.com\/de\/wp-json\/wp\/v2\/product_brand?post=26428"},{"taxonomy":"product_cat","embeddable":true,"href":"https:\/\/escovape.com\/de\/wp-json\/wp\/v2\/product_cat?post=26428"},{"taxonomy":"product_tag","embeddable":true,"href":"https:\/\/escovape.com\/de\/wp-json\/wp\/v2\/product_tag?post=26428"}],"curies":[{"name":"wp","href":"https:\/\/api.w.org\/{rel}","templated":true}]}}