{"id":28569,"date":"2025-07-23T09:41:09","date_gmt":"2025-07-23T09:41:09","guid":{"rendered":"https:\/\/escovape.com\/?post_type=product&#038;p=28569"},"modified":"2025-08-05T01:58:01","modified_gmt":"2025-08-05T01:58:01","slug":"bang-blaze-shisha-40k-puffs-dsk040-premium-aufladbare-nachfullbare-e-zigarette-niedrig-nikotin-groshandel-kauf","status":"publish","type":"product","link":"https:\/\/escovape.com\/de\/product\/bang-blaze-shisha-40k-puffs-dsk040-premium-rechargeable-refillable-vape-low-nicotine-bulk-buy-wholesale\/","title":{"rendered":"BANG BLAZE SHISHA 40K Puffs DSK040 Premium Wiederaufladbare Nachf\u00fcllbare Vape Niedriger Nikotingehalt Gro\u00dfhandel Kauf"},"content":{"rendered":"<h1 data-start=\"99\" data-end=\"202\">Premium Nachf\u00fcllbare E-Zigarette mit massiven 40.000 Z\u00fcgen<\/h1>\n<p data-start=\"263\" data-end=\"760\">The BANG BLAZE SHISHA<strong data-start=\"267\" data-end=\"307\">\u00a040K Puffs DSK040<\/strong> ist ein Hochleistungs- <strong data-start=\"327\" data-end=\"346\">Nachf\u00fcllbare E-Zigarette<\/strong> F\u00fcr verl\u00e4ngerte Zufriedenheit konzipiert. Mit einer beeindruckenden <strong data-start=\"407\" data-end=\"434\">40\u202fml E-Liquid-Kapazit\u00e4t<\/strong>, <strong data-start=\"436\" data-end=\"470\">1.000\u202fmAh wiederaufladbare Batterie<\/strong>und einer glatten 0,6\u202f\u03a9-Maschenwicklung liefert dieses Ger\u00e4t bis zu <strong data-start=\"527\" data-end=\"543\">40.000 Z\u00fcge<\/strong> von kr\u00e4ftigem Geschmack und dichtem Dampf. Es unterst\u00fctzt mehrere Nikotinstufen und bietet ein anpassbares, kosteneffizientes Vaperlebnis. Ideal f\u00fcr Gro\u00dfk\u00e4ufe bei <strong data-start=\"701\" data-end=\"713\">Escovape<\/strong>Ihre erste Wahl <a href=\"https:\/\/escovape.com\/de\/\">Europ\u00e4ische Gro\u00dfhandelsplattform f\u00fcr Vapes<\/a>.<\/p>\n<hr data-start=\"762\" data-end=\"765\" \/>\n<h2 data-start=\"767\" data-end=\"812\">Hauptfunktionen von <a href=\"https:\/\/escovape.com\/de\/produktkategorie\/bang\/\">Bang<\/a> Blaze Nachf\u00fcllbare E-Zigarette<\/h2>\n<ul data-start=\"814\" data-end=\"1303\">\n<li data-start=\"814\" data-end=\"851\">\n<p data-start=\"816\" data-end=\"851\"><strong data-start=\"816\" data-end=\"832\">40.000 Z\u00fcge<\/strong> f\u00fcr den erweiterten Gebrauch<\/p>\n<\/li>\n<li data-start=\"852\" data-end=\"910\">\n<p data-start=\"854\" data-end=\"910\"><strong data-start=\"854\" data-end=\"888\">Nachf\u00fcllbarer 40\u202fmL E-Liquid-Tank<\/strong> f\u00fcr langfristigen Wert<\/p>\n<\/li>\n<li data-start=\"911\" data-end=\"962\">\n<p data-start=\"913\" data-end=\"962\"><strong data-start=\"913\" data-end=\"934\">1.000-mAh-Akku<\/strong> mit Typ-C-Schnellladung<\/p>\n<\/li>\n<li data-start=\"963\" data-end=\"1013\">\n<p data-start=\"965\" data-end=\"1013\"><strong data-start=\"965\" data-end=\"984\">0,6\u202f\u03a9-Maschenwicklung<\/strong> sorgt f\u00fcr einen glatten, reichen Dampf<\/p>\n<\/li>\n<li data-start=\"1014\" data-end=\"1068\">\n<p data-start=\"1016\" data-end=\"1068\"><strong data-start=\"1016\" data-end=\"1031\">LED-Display<\/strong> zeigt den Batteriestand und die Puffanzahl an<\/p>\n<\/li>\n<li data-start=\"1069\" data-end=\"1127\">\n<p data-start=\"1071\" data-end=\"1127\">Verf\u00fcgbar in <strong data-start=\"1084\" data-end=\"1125\">0%, 2%, 3% und 5% Nikotinst\u00e4rken<\/strong><\/p>\n<\/li>\n<li data-start=\"1128\" data-end=\"1177\">\n<p data-start=\"1130\" data-end=\"1177\">Unterst\u00fctzt <strong data-start=\"1139\" data-end=\"1150\">OEM\/ODM<\/strong> Individualisierung f\u00fcr Marken<\/p>\n<\/li>\n<li data-start=\"1178\" data-end=\"1226\">\n<p data-start=\"1180\" data-end=\"1226\">Stylisches, langlebiges Design mit ergonomischer Konstruktion<\/p>\n<\/li>\n<li data-start=\"1227\" data-end=\"1303\">\n<p data-start=\"1229\" data-end=\"1303\">Ideal f\u00fcr Einzelh\u00e4ndler und Distributoren, die langlebige, nachf\u00fcllbare Vapes suchen<\/p>\n<\/li>\n<\/ul>\n<hr data-start=\"1305\" data-end=\"1308\" \/>\n<h2 data-start=\"1310\" data-end=\"1335\"><a href=\"https:\/\/escovape.com\/de\/produktkategorie\/bang\/\">BANG BLAZE SHISHA<\/a>\u00a040K Puffs DSK040 Produktspezifikationen<\/h2>\n<ul data-start=\"1337\" data-end=\"1652\">\n<li data-start=\"1337\" data-end=\"1358\">\n<p data-start=\"1339\" data-end=\"1358\"><strong data-start=\"1339\" data-end=\"1349\">Puffs:<\/strong> 40,000<\/p>\n<\/li>\n<li data-start=\"1359\" data-end=\"1395\">\n<p data-start=\"1361\" data-end=\"1395\"><strong data-start=\"1361\" data-end=\"1374\">E-Liquid:<\/strong> 40\u202fml (nachf\u00fcllbar)<\/p>\n<\/li>\n<li data-start=\"1396\" data-end=\"1435\">\n<p data-start=\"1398\" data-end=\"1435\"><strong data-start=\"1398\" data-end=\"1410\">Batterie:<\/strong> 1.000\u202fmAh wiederaufladbar<\/p>\n<\/li>\n<li data-start=\"1436\" data-end=\"1460\">\n<p data-start=\"1438\" data-end=\"1460\"><strong data-start=\"1438\" data-end=\"1447\">Spule<\/strong> 0,6 \u03a9-Masche<\/p>\n<\/li>\n<li data-start=\"1461\" data-end=\"1490\">\n<p data-start=\"1463\" data-end=\"1490\"><strong data-start=\"1463\" data-end=\"1481\">Ladeanschluss:<\/strong> Typ-C<\/p>\n<\/li>\n<li data-start=\"1491\" data-end=\"1534\">\n<p data-start=\"1493\" data-end=\"1534\"><strong data-start=\"1493\" data-end=\"1514\">Nikotin Optionen:<\/strong> 0% \/ 2% \/ 3% \/ 5%<\/p>\n<\/li>\n<li data-start=\"1535\" data-end=\"1568\">\n<p data-start=\"1537\" data-end=\"1568\"><strong data-start=\"1537\" data-end=\"1560\">Einheitsgewicht:<\/strong> 109 g<\/p>\n<\/li>\n<li data-start=\"1569\" data-end=\"1595\">\n<p data-start=\"1571\" data-end=\"1595\"><strong data-start=\"1571\" data-end=\"1585\">Karton mit 10:<\/strong> 1,142 g<\/p>\n<\/li>\n<li data-start=\"1596\" data-end=\"1652\">\n<p data-start=\"1598\" data-end=\"1652\"><strong data-start=\"1598\" data-end=\"1621\">Karton (180 Einheiten):<\/strong> 21,5 kg, 68,5 \u00d7 39,6 \u00d7 24,2 cm<\/p>\n<\/li>\n<\/ul>\n<hr data-start=\"1654\" data-end=\"1657\" \/>\n<h2 data-start=\"1659\" data-end=\"1673\">BANG BLAZE SHISHA 40K Puffs Geschmacksliste<\/h2>\n<ul data-start=\"1675\" data-end=\"1893\">\n<li data-start=\"1675\" data-end=\"1689\">\n<p data-start=\"1677\" data-end=\"1689\">Wassermelone<\/p>\n<\/li>\n<li data-start=\"1690\" data-end=\"1715\">\n<p data-start=\"1692\" data-end=\"1715\">Wassermelone Erdbeere<\/p>\n<\/li>\n<li data-start=\"1716\" data-end=\"1731\">\n<p data-start=\"1718\" data-end=\"1731\">Pina Colada<\/p>\n<\/li>\n<li data-start=\"1732\" data-end=\"1750\">\n<p data-start=\"1734\" data-end=\"1750\">Erdbeer-Eis<\/p>\n<\/li>\n<li data-start=\"1751\" data-end=\"1763\">\n<p data-start=\"1753\" data-end=\"1763\">Red Bull<\/p>\n<\/li>\n<li data-start=\"1764\" data-end=\"1777\">\n<p data-start=\"1766\" data-end=\"1777\">Pfirsich-Eis<\/p>\n<\/li>\n<li data-start=\"1778\" data-end=\"1795\">\n<p data-start=\"1780\" data-end=\"1795\">Blaubeereis<\/p>\n<\/li>\n<li data-start=\"1796\" data-end=\"1819\">\n<p data-start=\"1798\" data-end=\"1819\">Blaubeere Himbeere<\/p>\n<\/li>\n<li data-start=\"1820\" data-end=\"1845\">\n<p data-start=\"1822\" data-end=\"1845\">Kirschenbl\u00fcten Trauben<\/p>\n<\/li>\n<li data-start=\"1846\" data-end=\"1863\">\n<p data-start=\"1848\" data-end=\"1863\">Doppelte \u00c4pfel<\/p>\n<\/li>\n<li data-start=\"1864\" data-end=\"1879\">\n<p data-start=\"1866\" data-end=\"1879\">Gemischtes Obst<\/p>\n<\/li>\n<li data-start=\"1880\" data-end=\"1893\">\n<p data-start=\"1882\" data-end=\"1893\">Mango Pfirsich<\/p>\n<\/li>\n<\/ul>\n<hr data-start=\"1895\" data-end=\"1898\" \/>\n<h2 data-start=\"1900\" data-end=\"1945\">Kaufen Sie nachf\u00fcllbare Vapes im Gro\u00dfhandel bei <a href=\"https:\/\/escovape.com\/de\/\">Escovape<\/a><\/h2>\n<p data-start=\"1946\" data-end=\"2278\">Als europ\u00e4ische professionelle Gro\u00dfhandelsplattform f\u00fcr Verdampferprodukte, <strong data-start=\"2011\" data-end=\"2023\">Escovape<\/strong> bietet die BANG BLAZE SHISHA an<strong data-start=\"2035\" data-end=\"2075\">\u00a040K Puffs DSK040<\/strong> F\u00fcr den Gro\u00dfkauf mit Zuversicht. Ob Sie Ihre Einzelhandelsausstattung erweitern oder hochwertige, nachf\u00fcllbare Optionen beziehen m\u00f6chten, diese E-Zigarette kombiniert Geschmack, Langlebigkeit und Anpassungsf\u00e4higkeit, um alle Kundenbed\u00fcrfnisse zu erf\u00fcllen.<\/p>\n<p data-start=\"1946\" data-end=\"2278\"><img data-recalc-dims=\"1\" loading=\"lazy\" decoding=\"async\" class=\"alignnone size-full wp-image-28636\" src=\"https:\/\/i0.wp.com\/escovape.com\/wp-content\/uploads\/2025\/07\/Bang-Blaze-Shisha-40K-Puffs-DSK040-Premium-Rechargeable-Refillable-Vape-Low-Nicotine-Bulk-Buy-Wholesale-14-scaled.webp?resize=1020%2C2499&#038;ssl=1\" alt=\"Bang Blaze Shisha 40K Puffs DSK040 Premium Aufladbare Nachf\u00fcllbare Vape Niedriger Nikotingehalt Gro\u00dfhandel Kauf\" width=\"1020\" height=\"2499\" title=\"\" srcset=\"https:\/\/i0.wp.com\/escovape.com\/wp-content\/uploads\/2025\/07\/Bang-Blaze-Shisha-40K-Puffs-DSK040-Premium-Rechargeable-Refillable-Vape-Low-Nicotine-Bulk-Buy-Wholesale-14-scaled.webp?w=1045&amp;ssl=1 1045w, https:\/\/i0.wp.com\/escovape.com\/wp-content\/uploads\/2025\/07\/Bang-Blaze-Shisha-40K-Puffs-DSK040-Premium-Rechargeable-Refillable-Vape-Low-Nicotine-Bulk-Buy-Wholesale-14-scaled.webp?resize=163%2C400&amp;ssl=1 163w, https:\/\/i0.wp.com\/escovape.com\/wp-content\/uploads\/2025\/07\/Bang-Blaze-Shisha-40K-Puffs-DSK040-Premium-Rechargeable-Refillable-Vape-Low-Nicotine-Bulk-Buy-Wholesale-14-scaled.webp?resize=327%2C800&amp;ssl=1 327w, https:\/\/i0.wp.com\/escovape.com\/wp-content\/uploads\/2025\/07\/Bang-Blaze-Shisha-40K-Puffs-DSK040-Premium-Rechargeable-Refillable-Vape-Low-Nicotine-Bulk-Buy-Wholesale-14-scaled.webp?resize=768%2C1882&amp;ssl=1 768w, https:\/\/i0.wp.com\/escovape.com\/wp-content\/uploads\/2025\/07\/Bang-Blaze-Shisha-40K-Puffs-DSK040-Premium-Rechargeable-Refillable-Vape-Low-Nicotine-Bulk-Buy-Wholesale-14-scaled.webp?resize=627%2C1536&amp;ssl=1 627w, https:\/\/i0.wp.com\/escovape.com\/wp-content\/uploads\/2025\/07\/Bang-Blaze-Shisha-40K-Puffs-DSK040-Premium-Rechargeable-Refillable-Vape-Low-Nicotine-Bulk-Buy-Wholesale-14-scaled.webp?resize=836%2C2048&amp;ssl=1 836w, https:\/\/i0.wp.com\/escovape.com\/wp-content\/uploads\/2025\/07\/Bang-Blaze-Shisha-40K-Puffs-DSK040-Premium-Rechargeable-Refillable-Vape-Low-Nicotine-Bulk-Buy-Wholesale-14-scaled.webp?resize=5%2C12&amp;ssl=1 5w, https:\/\/i0.wp.com\/escovape.com\/wp-content\/uploads\/2025\/07\/Bang-Blaze-Shisha-40K-Puffs-DSK040-Premium-Rechargeable-Refillable-Vape-Low-Nicotine-Bulk-Buy-Wholesale-14-scaled.webp?resize=600%2C1470&amp;ssl=1 600w\" sizes=\"auto, (max-width: 1020px) 100vw, 1020px\" \/><\/p>","protected":false},"excerpt":{"rendered":"<p>The BANG BLAZE SHISHA<strong data-start=\"4\" data-end=\"44\">\u00a040K Puffs DSK040<\/strong> ist ein Premium <strong data-start=\"58\" data-end=\"90\">Nachf\u00fcllbare wiederaufladbare E-Zigarette<\/strong> mit einem massiven 40\u202fmL-Tank, 1.000\u202fmAh-Akku und Mesh-Coil f\u00fcr sanfte Low-Nikotin-Hits \u2013 perfekt f\u00fcr den Gro\u00dfhandel im Bulk-Verfahren bei <strong data-start=\"215\" data-end=\"227\">Escovape<\/strong>.<\/p>","protected":false},"featured_media":28637,"comment_status":"open","ping_status":"closed","template":"","meta":{"_lmt_disableupdate":"no","_lmt_disable":""},"product_brand":[],"product_cat":[18,123,55,97,98,99,100,101,102,103,104,105,106,107,108,109,110,111,112,113,114,15,59,61,62,133,42],"product_tag":[],"class_list":{"0":"post-28569","1":"product","2":"type-product","3":"status-publish","4":"has-post-thumbnail","6":"product_cat-bang","7":"product_cat-40000-puffs-disposable-vapes","8":"product_cat-big-puffs-disposable-vapes","9":"product_cat-disposable-vape-in-europe","10":"product_cat-disposable-vape-wholesale-austria","11":"product_cat-disposable-vape-wholesale-belgium","12":"product_cat-disposable-vape-wholesale-czech-republic","13":"product_cat-disposable-vape-wholesale-denmark","14":"product_cat-disposable-vape-wholesale-finland","15":"product_cat-disposable-vape-wholesale-france","16":"product_cat-disposable-vape-wholesale-germany","17":"product_cat-disposable-vape-wholesale-greece","18":"product_cat-disposable-vape-wholesale-hungary","19":"product_cat-disposable-vape-wholesale-italy","20":"product_cat-disposable-vape-wholesale-netherlands","21":"product_cat-disposable-vape-wholesale-norway","22":"product_cat-disposable-vape-wholesale-portugal","23":"product_cat-disposable-vape-wholesale-romania","24":"product_cat-disposable-vape-wholesale-spain","25":"product_cat-disposable-vape-wholesale-sweden","26":"product_cat-disposable-vape-wholesale-switzerland","27":"product_cat-disposable-vapes","28":"product_cat-lower-nicotine-disposable-vapes","29":"product_cat-rechargeable-disposable-vapes","30":"product_cat-shisha-hookah-disposable-vapes","31":"product_cat-shop-best-disposable-vape-flavors","32":"product_cat-shop-by-puffs","34":"first","35":"instock","36":"shipping-taxable","37":"purchasable","38":"product-type-variable"},"jetpack_sharing_enabled":true,"_links":{"self":[{"href":"https:\/\/escovape.com\/de\/wp-json\/wp\/v2\/product\/28569","targetHints":{"allow":["GET"]}}],"collection":[{"href":"https:\/\/escovape.com\/de\/wp-json\/wp\/v2\/product"}],"about":[{"href":"https:\/\/escovape.com\/de\/wp-json\/wp\/v2\/types\/product"}],"replies":[{"embeddable":true,"href":"https:\/\/escovape.com\/de\/wp-json\/wp\/v2\/comments?post=28569"}],"wp:featuredmedia":[{"embeddable":true,"href":"https:\/\/escovape.com\/de\/wp-json\/wp\/v2\/media\/28637"}],"wp:attachment":[{"href":"https:\/\/escovape.com\/de\/wp-json\/wp\/v2\/media?parent=28569"}],"wp:term":[{"taxonomy":"product_brand","embeddable":true,"href":"https:\/\/escovape.com\/de\/wp-json\/wp\/v2\/product_brand?post=28569"},{"taxonomy":"product_cat","embeddable":true,"href":"https:\/\/escovape.com\/de\/wp-json\/wp\/v2\/product_cat?post=28569"},{"taxonomy":"product_tag","embeddable":true,"href":"https:\/\/escovape.com\/de\/wp-json\/wp\/v2\/product_tag?post=28569"}],"curies":[{"name":"wp","href":"https:\/\/api.w.org\/{rel}","templated":true}]}}