{"id":33216,"date":"2025-09-20T02:47:40","date_gmt":"2025-09-20T02:47:40","guid":{"rendered":"https:\/\/escovape.com\/?post_type=product&#038;p=33216"},"modified":"2025-09-22T09:19:05","modified_gmt":"2025-09-22T09:19:05","slug":"bang-legend-85k-puffs-dsk058-drei-flavor-premium-wiederaufladbare-einweg-vapes-niedriger-nikotin-groshandel-kauf","status":"publish","type":"product","link":"https:\/\/escovape.com\/de\/product\/bang-legend-85k-puffs-dsk058-three-flavor-premium-rechargeable-disposable-vapes-low-nicotine-bulk-buy-wholesale\/","title":{"rendered":"BANG LEGEND 85K Puffs DSK058 Drei-Flavor-Premium-Wiederaufladbare Einweg-Vapes Niedriger Nikotingehalt Gro\u00dfhandel Kauf"},"content":{"rendered":"<h1 data-start=\"181\" data-end=\"296\"><a href=\"https:\/\/escovape.com\/de\/produktkategorie\/bang\/\">BANG LEGEND<\/a> 85K Puffs DSK058 Beschreibung<\/h1>\n<p data-start=\"324\" data-end=\"767\">Der BANG LEGEND 85K Puffs DSK058 ist ein hochkapazitives, wegwerfbares E-Vape-Ger\u00e4t, das f\u00fcr Vaper konzipiert wurde, die Vielfalt, Ausdauer und Komfort in einem Ger\u00e4t suchen. Jedes Ger\u00e4t ist mit drei einzigartigen Aromen vorgef\u00fcllt, sodass Benutzer m\u00fchelos zwischen den Geschmacksrichtungen wechseln k\u00f6nnen, ohne mehrere Ger\u00e4te mitf\u00fchren zu m\u00fcssen. Mit beeindruckenden 85.000 Z\u00fcgen, einem aufladbaren 850mAh-Akku und Typ-C-Schnellladung bietet dieses Ger\u00e4t sowohl Leistung als auch Performance.<\/p>\n<p data-start=\"769\" data-end=\"998\">Bei Escovape, Europas vertrauensw\u00fcrdiger Online-Gro\u00dfhandelsplattform f\u00fcr Einweg-Vapes, k\u00f6nnen Sie den BANG LEGEND 85K Puffs DSK058 zu wettbewerbsf\u00e4higen Preisen im Gro\u00dfhandel kaufen\u2014sicherstellen, dass Ihre Kunden authentische, nikotinarme und langlebige Produkte erhalten.<\/p>\n<hr data-start=\"1000\" data-end=\"1003\" \/>\n<h2 data-start=\"1005\" data-end=\"1022\">Hauptfunktionen<\/h2>\n<ul data-start=\"1024\" data-end=\"1676\">\n<li data-start=\"1024\" data-end=\"1083\">\n<p data-start=\"1026\" data-end=\"1083\">Massive Puff-Zahl \u2013 Bis zu 85.000 Puffs pro Ger\u00e4t.<\/p>\n<\/li>\n<li data-start=\"1084\" data-end=\"1168\">\n<p data-start=\"1086\" data-end=\"1168\">Drei Aromen in einem Ger\u00e4t - Genie\u00dfen Sie die Vielfalt, ohne mehrere Vapes mit sich zu tragen.<\/p>\n<\/li>\n<li data-start=\"1169\" data-end=\"1269\">\n<p data-start=\"1171\" data-end=\"1269\">Aufladbare Batterie \u2013 Entwickelt mit einer 850mAh Batterie, leicht aufladbar \u00fcber Type-C Ladeanschluss.<\/p>\n<\/li>\n<li data-start=\"1270\" data-end=\"1367\">\n<p data-start=\"1272\" data-end=\"1367\">Glattes Erlebnis \u2013 1,2 \u03a9 Widerstand sorgt f\u00fcr eine gleichm\u00e4\u00dfige Dampfproduktion und einen reichen Geschmack.<\/p>\n<\/li>\n<li data-start=\"1368\" data-end=\"1439\">\n<p data-start=\"1370\" data-end=\"1439\">OEM\/ODM-Unterst\u00fctzung \u2013 Geeignet f\u00fcr individuelles Branding und Gro\u00dfbestellungen.<\/p>\n<\/li>\n<li data-start=\"1440\" data-end=\"1516\">\n<p data-start=\"1442\" data-end=\"1516\">Bequeme Gr\u00f6\u00dfe &amp; Gewicht \u2013 Tragbar und dennoch robust (~125 g pro Ger\u00e4t).<\/p>\n<\/li>\n<li data-start=\"1517\" data-end=\"1585\">\n<p data-start=\"1519\" data-end=\"1585\">Grosshandel Fertig \u2013 Optimierte Verpackung f\u00fcr den Gro\u00dfvertrieb.<\/p>\n<\/li>\n<li data-start=\"1586\" data-end=\"1676\">\n<p data-start=\"1588\" data-end=\"1676\">Niedrige Nikotoptionen - Entwickelt, um den EU-Vorschriften und den unterschiedlichen Anforderungen der Kunden gerecht zu werden.<\/p>\n<\/li>\n<\/ul>\n<hr data-start=\"1678\" data-end=\"1681\" \/>\n<h2 data-start=\"1683\" data-end=\"1702\">Aromavarianten<\/h2>\n<p data-start=\"1704\" data-end=\"1824\">Der BANG LEGEND 85K Puffs DSK058 bietet eine breite Vielfalt an Drei-Geschmacks-Kombinationen, um f\u00fcr jeden Geschmack etwas zu bieten:<\/p>\n<ol data-start=\"1826\" data-end=\"2628\">\n<li data-start=\"1826\" data-end=\"1880\">\n<p data-start=\"1829\" data-end=\"1880\">Trauben Eis \/ Erdbeer Kiwi \/ Passionsfrucht Guava<\/p>\n<\/li>\n<li data-start=\"1881\" data-end=\"1939\">\n<p data-start=\"1884\" data-end=\"1939\">Erdbeer-Eis \/ Zitrone Orange \/ Wassermelonen-Kaugummi<\/p>\n<\/li>\n<li data-start=\"1940\" data-end=\"1987\">\n<p data-start=\"1943\" data-end=\"1987\">Wassermelonen-Eis \/ Mango-Peach \/ Orangensaft<\/p>\n<\/li>\n<li data-start=\"1988\" data-end=\"2044\">\n<p data-start=\"1991\" data-end=\"2044\">Ananas Eis \/ Erdbeer Red Bull \/ Mixed Beeren<\/p>\n<\/li>\n<li data-start=\"2045\" data-end=\"2104\">\n<p data-start=\"2048\" data-end=\"2104\">Red Bull \/ Blaubeer Wassermelone \/ Erdbeereiscreme<\/p>\n<\/li>\n<li data-start=\"2105\" data-end=\"2148\">\n<p data-start=\"2108\" data-end=\"2148\">Coke Eis \/ Apfel Pfirsich \/ Rosa Limonade<\/p>\n<\/li>\n<li data-start=\"2149\" data-end=\"2201\">\n<p data-start=\"2152\" data-end=\"2201\">Banane Eis \/ Erdbeere Wassermelone \/ B\u00e4r Gummi<\/p>\n<\/li>\n<li data-start=\"2202\" data-end=\"2248\">\n<p data-start=\"2205\" data-end=\"2248\">Blaubeer Eis \/ Blaue Himbeere \/ Duftende Birne<\/p>\n<\/li>\n<li data-start=\"2249\" data-end=\"2302\">\n<p data-start=\"2252\" data-end=\"2302\">Gemischte Fr\u00fcchte \/ Mojito Pfirsich \/ Blaubeere Himbeere<\/p>\n<\/li>\n<li data-start=\"2303\" data-end=\"2354\">\n<p data-start=\"2307\" data-end=\"2354\">Schwarzer Drache Eis \/ Marshmallow \/ Sommertraum<\/p>\n<\/li>\n<li data-start=\"2355\" data-end=\"2417\">\n<p data-start=\"2359\" data-end=\"2417\">Erdbeere Himbeere \/ Schwarze Johannisbeere \/ Erdbeere Banane<\/p>\n<\/li>\n<li data-start=\"2418\" data-end=\"2478\">\n<p data-start=\"2422\" data-end=\"2478\">Erdbeer Wassermelone \/ Kirsch-Cola \/ Erdbeercreme<\/p>\n<\/li>\n<li data-start=\"2479\" data-end=\"2534\">\n<p data-start=\"2483\" data-end=\"2534\">Rote Apfelsorbet \/ Himbeere Wassermelone \/ Aloe Traube<\/p>\n<\/li>\n<li data-start=\"2535\" data-end=\"2583\">\n<p data-start=\"2539\" data-end=\"2583\">Kirsche Preiselbeere \/ Pfirsich Mango \/ Ananas<\/p>\n<\/li>\n<li data-start=\"2584\" data-end=\"2628\">\n<p data-start=\"2588\" data-end=\"2628\">Love 666 \/ Blaubeer Himbeere \/ Vlmto<\/p>\n<\/li>\n<\/ol>\n<hr data-start=\"2630\" data-end=\"2633\" \/>\n<h2 data-start=\"2635\" data-end=\"2664\">Gro\u00dfhandelsspezifikationen<\/h2>\n<ul data-start=\"2666\" data-end=\"2890\">\n<li data-start=\"2666\" data-end=\"2687\">\n<p data-start=\"2668\" data-end=\"2687\">Puffs: 85.000<\/p>\n<\/li>\n<li data-start=\"2688\" data-end=\"2734\">\n<p data-start=\"2690\" data-end=\"2734\">Akku: 850mAh (aufladbar, Typ-C)<\/p>\n<\/li>\n<li data-start=\"2735\" data-end=\"2760\">\n<p data-start=\"2737\" data-end=\"2760\">Widerstand: 1,2 \u03a9<\/p>\n<\/li>\n<li data-start=\"2761\" data-end=\"2790\">\n<p data-start=\"2763\" data-end=\"2790\">Einzelgewicht: ~125 g<\/p>\n<\/li>\n<li data-start=\"2791\" data-end=\"2822\">\n<p data-start=\"2793\" data-end=\"2822\">10 St\u00fcck Gewicht: ~1307 g<\/p>\n<\/li>\n<li data-start=\"2823\" data-end=\"2890\">\n<p data-start=\"2825\" data-end=\"2890\">Kartongr\u00f6\u00dfe: 51 \u00d7 50 \u00d7 28 cm (200 St\u00fcck, ~28 kg Bruttogewicht)<\/p>\n<\/li>\n<\/ul>\n<hr data-start=\"2892\" data-end=\"2895\" \/>\n<h2 data-start=\"2897\" data-end=\"2923\">Warum kaufen von <a href=\"https:\/\/escovape.com\/de\/\">Escovape<\/a><\/h2>\n<ul data-start=\"2925\" data-end=\"3284\">\n<li data-start=\"2925\" data-end=\"2994\">\n<p data-start=\"2927\" data-end=\"2994\">Originalprodukte \u2013 Garantiert authentische BANG LEGEND Ger\u00e4te.<\/p>\n<\/li>\n<li data-start=\"2995\" data-end=\"3062\">\n<p data-start=\"2997\" data-end=\"3062\">Mengenrabatte \u2013 Konzipiert f\u00fcr Gro\u00dfh\u00e4ndler in ganz Europa.<\/p>\n<\/li>\n<li data-start=\"3063\" data-end=\"3134\">\n<p data-start=\"3065\" data-end=\"3134\">Niedrige Nikotoptionen \u2013 Weit verbreitet akzeptiert und regulatorisch freundlich.<\/p>\n<\/li>\n<li data-start=\"3135\" data-end=\"3206\">\n<p data-start=\"3137\" data-end=\"3206\">Schnelle EU-Verteilung \u2013 Zuverl\u00e4ssige Lieferung und Gro\u00dfhandelsunterst\u00fctzung.<\/p>\n<\/li>\n<li data-start=\"3207\" data-end=\"3284\">\n<p data-start=\"3209\" data-end=\"3284\">Vertrauensw\u00fcrdiger Lieferant - Escovape spezialisiert sich auf den Gro\u00dfhandel mit Einweg-Vapes.<\/p>\n<\/li>\n<\/ul>\n<hr data-start=\"3286\" data-end=\"3289\" \/>\n<p data-start=\"3291\" data-end=\"3460\">Get the BANG LEGEND 85K Puffs DSK058 Three Flavor Disposable Vape now at Escovape, Europe\u2019s reliable online wholesale platform for premium disposable vapes.<\/p>\n<p data-start=\"3291\" data-end=\"3460\"><img data-recalc-dims=\"1\" loading=\"lazy\" decoding=\"async\" class=\"alignnone wp-image-33281 size-full\" src=\"https:\/\/i0.wp.com\/escovape.com\/wp-content\/uploads\/2025\/09\/BNAG-LEGEND-85K-Puffs-DSK058-Three-Flavor-Premium-Rechargeable-Disposable-Vapes-Low-Nicotine-Bulk-Buy-Wholesale-1-scaled.webp?resize=1020%2C2040&#038;ssl=1\" alt=\"BANG LEGEND 85K Puffs DSK058 Drei-Flavor-Premium-Wiederaufladbare Einweg-Vapes Niedriger Nikotingehalt Gro\u00dfhandel Kauf\" width=\"1020\" height=\"2040\" title=\"\" srcset=\"https:\/\/i0.wp.com\/escovape.com\/wp-content\/uploads\/2025\/09\/BNAG-LEGEND-85K-Puffs-DSK058-Three-Flavor-Premium-Rechargeable-Disposable-Vapes-Low-Nicotine-Bulk-Buy-Wholesale-1-scaled.webp?w=1280&amp;ssl=1 1280w, https:\/\/i0.wp.com\/escovape.com\/wp-content\/uploads\/2025\/09\/BNAG-LEGEND-85K-Puffs-DSK058-Three-Flavor-Premium-Rechargeable-Disposable-Vapes-Low-Nicotine-Bulk-Buy-Wholesale-1-scaled.webp?resize=200%2C400&amp;ssl=1 200w, https:\/\/i0.wp.com\/escovape.com\/wp-content\/uploads\/2025\/09\/BNAG-LEGEND-85K-Puffs-DSK058-Three-Flavor-Premium-Rechargeable-Disposable-Vapes-Low-Nicotine-Bulk-Buy-Wholesale-1-scaled.webp?resize=400%2C800&amp;ssl=1 400w, https:\/\/i0.wp.com\/escovape.com\/wp-content\/uploads\/2025\/09\/BNAG-LEGEND-85K-Puffs-DSK058-Three-Flavor-Premium-Rechargeable-Disposable-Vapes-Low-Nicotine-Bulk-Buy-Wholesale-1-scaled.webp?resize=768%2C1536&amp;ssl=1 768w, https:\/\/i0.wp.com\/escovape.com\/wp-content\/uploads\/2025\/09\/BNAG-LEGEND-85K-Puffs-DSK058-Three-Flavor-Premium-Rechargeable-Disposable-Vapes-Low-Nicotine-Bulk-Buy-Wholesale-1-scaled.webp?resize=1024%2C2048&amp;ssl=1 1024w, https:\/\/i0.wp.com\/escovape.com\/wp-content\/uploads\/2025\/09\/BNAG-LEGEND-85K-Puffs-DSK058-Three-Flavor-Premium-Rechargeable-Disposable-Vapes-Low-Nicotine-Bulk-Buy-Wholesale-1-scaled.webp?resize=6%2C12&amp;ssl=1 6w, https:\/\/i0.wp.com\/escovape.com\/wp-content\/uploads\/2025\/09\/BNAG-LEGEND-85K-Puffs-DSK058-Three-Flavor-Premium-Rechargeable-Disposable-Vapes-Low-Nicotine-Bulk-Buy-Wholesale-1-scaled.webp?resize=600%2C1200&amp;ssl=1 600w\" sizes=\"auto, (max-width: 1020px) 100vw, 1020px\" \/><\/p>","protected":false},"excerpt":{"rendered":"<p>Der BANG LEGEND 85K Puffs DSK058 ist ein aufladbares, wegwerfbares E-Vape mit drei Geschmacksrichtungen, bis zu 85.000 Z\u00fcgen und Typ-C-Ladeger\u00e4t - erh\u00e4ltlich im Gro\u00dfhandel bei Escovape.<\/p>","protected":false},"featured_media":33282,"comment_status":"open","ping_status":"closed","template":"","meta":{"_lmt_disableupdate":"no","_lmt_disable":""},"product_brand":[],"product_cat":[18,207,55,57,97,98,99,100,101,102,103,104,105,106,107,108,109,110,111,112,113,114,15,58,59,61,133,42,206],"product_tag":[],"class_list":{"0":"post-33216","1":"product","2":"type-product","3":"status-publish","4":"has-post-thumbnail","6":"product_cat-bang","7":"product_cat-85000-puffs-disposable-vapes","8":"product_cat-big-puffs-disposable-vapes","9":"product_cat-digital-box-disposable-vapes","10":"product_cat-disposable-vape-in-europe","11":"product_cat-disposable-vape-wholesale-austria","12":"product_cat-disposable-vape-wholesale-belgium","13":"product_cat-disposable-vape-wholesale-czech-republic","14":"product_cat-disposable-vape-wholesale-denmark","15":"product_cat-disposable-vape-wholesale-finland","16":"product_cat-disposable-vape-wholesale-france","17":"product_cat-disposable-vape-wholesale-germany","18":"product_cat-disposable-vape-wholesale-greece","19":"product_cat-disposable-vape-wholesale-hungary","20":"product_cat-disposable-vape-wholesale-italy","21":"product_cat-disposable-vape-wholesale-netherlands","22":"product_cat-disposable-vape-wholesale-norway","23":"product_cat-disposable-vape-wholesale-portugal","24":"product_cat-disposable-vape-wholesale-romania","25":"product_cat-disposable-vape-wholesale-spain","26":"product_cat-disposable-vape-wholesale-sweden","27":"product_cat-disposable-vape-wholesale-switzerland","28":"product_cat-disposable-vapes","29":"product_cat-dual-mesh-disposable-vapes","30":"product_cat-lower-nicotine-disposable-vapes","31":"product_cat-rechargeable-disposable-vapes","32":"product_cat-shop-best-disposable-vape-flavors","33":"product_cat-shop-by-puffs","34":"product_cat-triple-flavor-disposable-vapes","36":"first","37":"instock","38":"shipping-taxable","39":"purchasable","40":"product-type-variable"},"jetpack_sharing_enabled":true,"_links":{"self":[{"href":"https:\/\/escovape.com\/de\/wp-json\/wp\/v2\/product\/33216","targetHints":{"allow":["GET"]}}],"collection":[{"href":"https:\/\/escovape.com\/de\/wp-json\/wp\/v2\/product"}],"about":[{"href":"https:\/\/escovape.com\/de\/wp-json\/wp\/v2\/types\/product"}],"replies":[{"embeddable":true,"href":"https:\/\/escovape.com\/de\/wp-json\/wp\/v2\/comments?post=33216"}],"wp:featuredmedia":[{"embeddable":true,"href":"https:\/\/escovape.com\/de\/wp-json\/wp\/v2\/media\/33282"}],"wp:attachment":[{"href":"https:\/\/escovape.com\/de\/wp-json\/wp\/v2\/media?parent=33216"}],"wp:term":[{"taxonomy":"product_brand","embeddable":true,"href":"https:\/\/escovape.com\/de\/wp-json\/wp\/v2\/product_brand?post=33216"},{"taxonomy":"product_cat","embeddable":true,"href":"https:\/\/escovape.com\/de\/wp-json\/wp\/v2\/product_cat?post=33216"},{"taxonomy":"product_tag","embeddable":true,"href":"https:\/\/escovape.com\/de\/wp-json\/wp\/v2\/product_tag?post=33216"}],"curies":[{"name":"wp","href":"https:\/\/api.w.org\/{rel}","templated":true}]}}