{"id":31043,"date":"2025-08-06T13:25:18","date_gmt":"2025-08-06T13:25:18","guid":{"rendered":"https:\/\/escovape.com\/?post_type=product&#038;p=31043"},"modified":"2025-08-06T13:25:18","modified_gmt":"2025-08-06T13:25:18","slug":"lider-de-bang-20k-puffs-premium-recargable-vapeadores-desechables-bajos-en-nicotina-compra-al-por-mayor-compra-al-por-mayor","status":"publish","type":"product","link":"https:\/\/escovape.com\/es\/product\/bang-leader-20k-puffs-premium-rechargeable-disposable-vapes-low-nicotine-bulk-buy-wholesale\/","title":{"rendered":"L\u00cdDER BANG 20K Puffs Premium Vapes Desechables Recargables Bajo Contenido de Nicotina Compra al Por Mayor al Contado"},"content":{"rendered":"<p data-start=\"95\" data-end=\"548\">Descubre el <strong data-start=\"108\" data-end=\"133\">L\u00cdDER BANG 20K Puffs<\/strong>, un <a href=\"https:\/\/escovape.com\/es\/categoria-de-productos\/vapes-desechables\/vaporizadores-desechables-recargables\/\"><strong>Vape desechable recargable premium<\/strong><\/a> Dise\u00f1ado para un uso prolongado y un sabor excepcional. Con hasta 20.000 bocanadas, una capacidad de l\u00edquido electr\u00f3nico de 28 ml y una bater\u00eda recargable de 650 mAh, este dispositivo ofrece una experiencia de vapeo satisfactoria. Disponible en 12 deliciosos sabores y m\u00faltiples intensidades de nicotina, es perfecto para compras al por mayor a trav\u00e9s de <strong data-start=\"473\" data-end=\"485\">Escovape<\/strong>, su plataforma europea en l\u00ednea de confianza de cigarrillos electr\u00f3nicos desechables.<\/p>\n<h2 data-start=\"555\" data-end=\"598\"><a href=\"https:\/\/escovape.com\/es\/categoria-de-productos\/bang\/\">BANG<\/a> L\u00cdDER 20K Puffs - Descripci\u00f3n del producto<\/h2>\n<p data-start=\"600\" data-end=\"992\">El <strong data-start=\"604\" data-end=\"629\">L\u00cdDER BANG 20K Puffs<\/strong> Combina una alta capacidad con conveniencia. Cada dispositivo viene prellenado con 28 ml de e-l\u00edquido y cuenta con un sistema de bobina de doble malla, lo que garantiza un sabor rico y una producci\u00f3n de vapor suave. La bater\u00eda recargable de 650 mAh admite carga r\u00e1pida tipo C, lo que permite recargar r\u00e1pidamente el dispositivo. Con un impresionante 20,000 bocanadas por dispositivo, minimiza la necesidad de reemplazos frecuentes.<\/p>\n<hr data-start=\"994\" data-end=\"997\" \/>\n<h2 data-start=\"555\" data-end=\"598\"><a href=\"https:\/\/escovape.com\/es\/categoria-de-productos\/bang\/\">L\u00cdDER DE BANG<\/a> 20K Caracter\u00edsticas<\/h2>\n<ul data-start=\"1016\" data-end=\"1610\">\n<li data-start=\"1016\" data-end=\"1108\">\n<p data-start=\"1018\" data-end=\"1108\"><strong data-start=\"1018\" data-end=\"1036\">Uso extendido<\/strong>: Hasta 20,000 bocanegra por dispositivo, reduciendo la frecuencia de reemplazos.<\/p>\n<\/li>\n<li data-start=\"1109\" data-end=\"1198\">\n<p data-start=\"1111\" data-end=\"1198\"><strong data-start=\"1111\" data-end=\"1141\">Capacidad Generosa de E-L\u00edquido<\/strong>: 28ml de e-l\u00edquido prellenado para sesiones de vapeo prolongadas.<\/p>\n<\/li>\n<li data-start=\"1199\" data-end=\"1274\">\n<p data-start=\"1201\" data-end=\"1274\"><strong data-start=\"1201\" data-end=\"1226\">Sistema de Bobina de Malla Dual<\/strong>: Ofrece un sabor y una producci\u00f3n de vapor mejorados.<\/p>\n<\/li>\n<li data-start=\"1275\" data-end=\"1361\">\n<p data-start=\"1277\" data-end=\"1361\"><strong data-start=\"1277\" data-end=\"1301\">Bater\u00eda recargable<\/strong>: Capacidad de 650mAh con carga r\u00e1pida Type-C para comodidad.<\/p>\n<\/li>\n<li data-start=\"1362\" data-end=\"1450\">\n<p data-start=\"1364\" data-end=\"1450\"><strong data-start=\"1364\" data-end=\"1399\">Niveles de Nicotina Personalizables<\/strong>Disponible en opciones de nicotina 0%, 2%, 3% y 5%.<\/p>\n<\/li>\n<li data-start=\"1451\" data-end=\"1522\">\n<p data-start=\"1453\" data-end=\"1522\"><strong data-start=\"1453\" data-end=\"1469\">Dise\u00f1o elegante<\/strong>: Ergon\u00f3mico y port\u00e1til, adecuado para uso en movimiento.<\/p>\n<\/li>\n<li data-start=\"1523\" data-end=\"1610\">\n<p data-start=\"1525\" data-end=\"1610\"><strong data-start=\"1525\" data-end=\"1544\">Soporte OEM\/ODM<\/strong>: Opciones de marca personalizada y embalaje disponibles para pedidos al por mayor.<\/p>\n<\/li>\n<\/ul>\n<hr data-start=\"1612\" data-end=\"1615\" \/>\n<h2 data-start=\"1617\" data-end=\"1637\">Sabores Disponibles<\/h2>\n<ul data-start=\"1639\" data-end=\"1843\">\n<li data-start=\"1639\" data-end=\"1655\">\n<p data-start=\"1641\" data-end=\"1655\">Sand\u00eda Hielo<\/p>\n<\/li>\n<li data-start=\"1656\" data-end=\"1673\">\n<p data-start=\"1658\" data-end=\"1673\">Fresa Kiwi<\/p>\n<\/li>\n<li data-start=\"1674\" data-end=\"1690\">\n<p data-start=\"1676\" data-end=\"1690\">Helado de Fresa<\/p>\n<\/li>\n<li data-start=\"1691\" data-end=\"1704\">\n<p data-start=\"1693\" data-end=\"1704\">Mango Melocot\u00f3n<\/p>\n<\/li>\n<li data-start=\"1705\" data-end=\"1726\">\n<p data-start=\"1707\" data-end=\"1726\">Mora Ar\u00e1ndano<\/p>\n<\/li>\n<li data-start=\"1727\" data-end=\"1743\">\n<p data-start=\"1729\" data-end=\"1743\">Ar\u00e1ndano Menta<\/p>\n<\/li>\n<li data-start=\"1744\" data-end=\"1755\">\n<p data-start=\"1746\" data-end=\"1755\">Mezcla de Frutas<\/p>\n<\/li>\n<li data-start=\"1756\" data-end=\"1779\">\n<p data-start=\"1758\" data-end=\"1779\">Fresa Sand\u00eda<\/p>\n<\/li>\n<li data-start=\"1780\" data-end=\"1791\">\n<p data-start=\"1782\" data-end=\"1791\">Hielo de Uva<\/p>\n<\/li>\n<li data-start=\"1792\" data-end=\"1815\">\n<p data-start=\"1794\" data-end=\"1815\">Goma de Burbujas de Sand\u00eda<\/p>\n<\/li>\n<li data-start=\"1816\" data-end=\"1831\">\n<p data-start=\"1818\" data-end=\"1831\">Helado de Ar\u00e1ndano Azul<\/p>\n<\/li>\n<li data-start=\"1832\" data-end=\"1843\">\n<p data-start=\"1834\" data-end=\"1843\">Hielo de durazno<\/p>\n<\/li>\n<\/ul>\n<hr data-start=\"1845\" data-end=\"1848\" \/>\n<h2 data-start=\"1850\" data-end=\"1867\">Especificaciones<\/h2>\n<ul data-start=\"1869\" data-end=\"2140\">\n<li data-start=\"1869\" data-end=\"1899\">\n<p data-start=\"1871\" data-end=\"1899\"><strong data-start=\"1871\" data-end=\"1885\">Conteo de Puffs<\/strong>: Hasta 20.000<\/p>\n<\/li>\n<li data-start=\"1900\" data-end=\"1929\">\n<p data-start=\"1902\" data-end=\"1929\"><strong data-start=\"1902\" data-end=\"1923\">Capacidad de l\u00edquido electr\u00f3nico<\/strong>28ml<\/p>\n<\/li>\n<li data-start=\"1930\" data-end=\"1970\">\n<p data-start=\"1932\" data-end=\"1970\"><strong data-start=\"1932\" data-end=\"1954\">Niveles de nicotina<\/strong>: 0%, 2%, 3%, 5%<\/p>\n<\/li>\n<li data-start=\"1971\" data-end=\"2004\">\n<p data-start=\"1973\" data-end=\"2004\"><strong data-start=\"1973\" data-end=\"1988\">Sistema de bobinas<\/strong>: Bobina de doble malla<\/p>\n<\/li>\n<li data-start=\"2005\" data-end=\"2039\">\n<p data-start=\"2007\" data-end=\"2039\"><strong data-start=\"2007\" data-end=\"2018\">Bater\u00eda<\/strong>: 650mAh recargable<\/p>\n<\/li>\n<li data-start=\"2040\" data-end=\"2067\">\n<p data-start=\"2042\" data-end=\"2067\"><strong data-start=\"2042\" data-end=\"2059\">Puerto de carga<\/strong>: Tipo-C<\/p>\n<\/li>\n<li data-start=\"2068\" data-end=\"2115\">\n<p data-start=\"2070\" data-end=\"2115\"><strong data-start=\"2070\" data-end=\"2084\">Dimensiones<\/strong>: Dise\u00f1o port\u00e1til y ergon\u00f3mico<\/p>\n<\/li>\n<li data-start=\"2116\" data-end=\"2140\">\n<p data-start=\"2118\" data-end=\"2140\"><strong data-start=\"2118\" data-end=\"2129\">OEM\/ODM<\/strong>: Soportado<\/p>\n<\/li>\n<\/ul>\n<hr data-start=\"2142\" data-end=\"2145\" \/>\n<h2 data-start=\"2147\" data-end=\"2194\">Por qu\u00e9 elegir BANG LEADER 20K Puffs en <a href=\"https:\/\/escovape.com\/es\/\">Escovape<\/a><\/h2>\n<p data-start=\"2196\" data-end=\"2321\">En <strong data-start=\"2199\" data-end=\"2211\">Escovape<\/strong>, ofrecemos aut\u00e9nticos <strong data-start=\"2232\" data-end=\"2257\">L\u00cdDER BANG 20K Puffs<\/strong> dispositivos a precios mayoristas competitivos. Nuestra plataforma ofrece:<\/p>\n<ul data-start=\"2323\" data-end=\"2692\">\n<li data-start=\"2323\" data-end=\"2400\">\n<p data-start=\"2325\" data-end=\"2400\"><strong data-start=\"2325\" data-end=\"2345\">Calidad verificada<\/strong>: Productos aut\u00e9nticos directamente de fabricantes de confianza.<\/p>\n<\/li>\n<li data-start=\"2401\" data-end=\"2478\">\n<p data-start=\"2403\" data-end=\"2478\"><strong data-start=\"2403\" data-end=\"2422\">Compra al por mayor<\/strong>: Cantidades de pedido flexibles para satisfacer las necesidades de su empresa.<\/p>\n<\/li>\n<li data-start=\"2479\" data-end=\"2532\">\n<p data-start=\"2481\" data-end=\"2532\"><strong data-start=\"2481\" data-end=\"2498\">Env\u00edo R\u00e1pido<\/strong>: Entrega fiable en toda Europa.<\/p>\n<\/li>\n<li data-start=\"2533\" data-end=\"2605\">\n<p data-start=\"2535\" data-end=\"2605\"><strong data-start=\"2535\" data-end=\"2560\">Opciones de personalizaci\u00f3n<\/strong>: Servicios OEM\/ODM para marca personalizada.<\/p>\n<\/li>\n<li data-start=\"2606\" data-end=\"2692\">\n<p data-start=\"2608\" data-end=\"2692\"><strong data-start=\"2608\" data-end=\"2628\">Soporte al Cliente<\/strong>: Asistencia dedicada para garantizar una experiencia de compra fluida.<\/p>\n<\/li>\n<\/ul>\n<p><img data-recalc-dims=\"1\" loading=\"lazy\" decoding=\"async\" class=\"alignnone wp-image-31044 size-full\" src=\"https:\/\/i0.wp.com\/escovape.com\/wp-content\/uploads\/2025\/08\/BANG-LEADER-20K-Puffs-Premium-Rechargeable-Disposable-Vapes-Low-Nicotine-Bulk-Buy-Wholesale-1.webp?resize=1020%2C574&#038;ssl=1\" alt=\"L\u00cdDER BANG 20K Puffs Premium Vapes Desechables Recargables Bajo Contenido de Nicotina Compra al Por Mayor al Contado\" width=\"1020\" height=\"574\" title=\"\" srcset=\"https:\/\/i0.wp.com\/escovape.com\/wp-content\/uploads\/2025\/08\/BANG-LEADER-20K-Puffs-Premium-Rechargeable-Disposable-Vapes-Low-Nicotine-Bulk-Buy-Wholesale-1.webp?w=1920&amp;ssl=1 1920w, https:\/\/i0.wp.com\/escovape.com\/wp-content\/uploads\/2025\/08\/BANG-LEADER-20K-Puffs-Premium-Rechargeable-Disposable-Vapes-Low-Nicotine-Bulk-Buy-Wholesale-1.webp?resize=711%2C400&amp;ssl=1 711w, https:\/\/i0.wp.com\/escovape.com\/wp-content\/uploads\/2025\/08\/BANG-LEADER-20K-Puffs-Premium-Rechargeable-Disposable-Vapes-Low-Nicotine-Bulk-Buy-Wholesale-1.webp?resize=1400%2C788&amp;ssl=1 1400w, https:\/\/i0.wp.com\/escovape.com\/wp-content\/uploads\/2025\/08\/BANG-LEADER-20K-Puffs-Premium-Rechargeable-Disposable-Vapes-Low-Nicotine-Bulk-Buy-Wholesale-1.webp?resize=768%2C432&amp;ssl=1 768w, https:\/\/i0.wp.com\/escovape.com\/wp-content\/uploads\/2025\/08\/BANG-LEADER-20K-Puffs-Premium-Rechargeable-Disposable-Vapes-Low-Nicotine-Bulk-Buy-Wholesale-1.webp?resize=1536%2C864&amp;ssl=1 1536w, https:\/\/i0.wp.com\/escovape.com\/wp-content\/uploads\/2025\/08\/BANG-LEADER-20K-Puffs-Premium-Rechargeable-Disposable-Vapes-Low-Nicotine-Bulk-Buy-Wholesale-1.webp?resize=18%2C10&amp;ssl=1 18w, https:\/\/i0.wp.com\/escovape.com\/wp-content\/uploads\/2025\/08\/BANG-LEADER-20K-Puffs-Premium-Rechargeable-Disposable-Vapes-Low-Nicotine-Bulk-Buy-Wholesale-1.webp?resize=600%2C338&amp;ssl=1 600w\" sizes=\"auto, (max-width: 1020px) 100vw, 1020px\" \/><\/p>","protected":false},"excerpt":{"rendered":"<p>BANG LEADER 20K Puffs es un <a href=\"https:\/\/escovape.com\/es\/categoria-de-productos\/vapes-desechables\/vapes-desechables-bajos-en-nicotina\/\"><strong>vaporizador desechable premium con bajo contenido de nicotina<\/strong><\/a> con una bater\u00eda de 650mAh, 28ml de e-l\u00edquido, bobina de doble malla y 12 sabores ricos \u2014disponibles para venta al por mayor en Escovape.<\/p>","protected":false},"featured_media":31046,"comment_status":"open","ping_status":"closed","template":"","meta":{"_lmt_disableupdate":"no","_lmt_disable":""},"product_brand":[],"product_cat":[18,48,55,56,57,97,98,99,100,101,102,103,104,105,106,107,108,109,110,111,112,113,114,15,58,59,61,133,42],"product_tag":[],"class_list":{"0":"post-31043","1":"product","2":"type-product","3":"status-publish","4":"has-post-thumbnail","6":"product_cat-bang","7":"product_cat-20000-puffs-disposable-vapes","8":"product_cat-big-puffs-disposable-vapes","9":"product_cat-crystal-disposable-vapes","10":"product_cat-digital-box-disposable-vapes","11":"product_cat-disposable-vape-in-europe","12":"product_cat-disposable-vape-wholesale-austria","13":"product_cat-disposable-vape-wholesale-belgium","14":"product_cat-disposable-vape-wholesale-czech-republic","15":"product_cat-disposable-vape-wholesale-denmark","16":"product_cat-disposable-vape-wholesale-finland","17":"product_cat-disposable-vape-wholesale-france","18":"product_cat-disposable-vape-wholesale-germany","19":"product_cat-disposable-vape-wholesale-greece","20":"product_cat-disposable-vape-wholesale-hungary","21":"product_cat-disposable-vape-wholesale-italy","22":"product_cat-disposable-vape-wholesale-netherlands","23":"product_cat-disposable-vape-wholesale-norway","24":"product_cat-disposable-vape-wholesale-portugal","25":"product_cat-disposable-vape-wholesale-romania","26":"product_cat-disposable-vape-wholesale-spain","27":"product_cat-disposable-vape-wholesale-sweden","28":"product_cat-disposable-vape-wholesale-switzerland","29":"product_cat-disposable-vapes","30":"product_cat-dual-mesh-disposable-vapes","31":"product_cat-lower-nicotine-disposable-vapes","32":"product_cat-rechargeable-disposable-vapes","33":"product_cat-shop-best-disposable-vape-flavors","34":"product_cat-shop-by-puffs","36":"first","37":"instock","38":"shipping-taxable","39":"purchasable","40":"product-type-variable"},"jetpack_sharing_enabled":true,"_links":{"self":[{"href":"https:\/\/escovape.com\/es\/wp-json\/wp\/v2\/product\/31043","targetHints":{"allow":["GET"]}}],"collection":[{"href":"https:\/\/escovape.com\/es\/wp-json\/wp\/v2\/product"}],"about":[{"href":"https:\/\/escovape.com\/es\/wp-json\/wp\/v2\/types\/product"}],"replies":[{"embeddable":true,"href":"https:\/\/escovape.com\/es\/wp-json\/wp\/v2\/comments?post=31043"}],"wp:featuredmedia":[{"embeddable":true,"href":"https:\/\/escovape.com\/es\/wp-json\/wp\/v2\/media\/31046"}],"wp:attachment":[{"href":"https:\/\/escovape.com\/es\/wp-json\/wp\/v2\/media?parent=31043"}],"wp:term":[{"taxonomy":"product_brand","embeddable":true,"href":"https:\/\/escovape.com\/es\/wp-json\/wp\/v2\/product_brand?post=31043"},{"taxonomy":"product_cat","embeddable":true,"href":"https:\/\/escovape.com\/es\/wp-json\/wp\/v2\/product_cat?post=31043"},{"taxonomy":"product_tag","embeddable":true,"href":"https:\/\/escovape.com\/es\/wp-json\/wp\/v2\/product_tag?post=31043"}],"curies":[{"name":"wp","href":"https:\/\/api.w.org\/{rel}","templated":true}]}}