{"id":33080,"date":"2025-09-19T03:26:54","date_gmt":"2025-09-19T03:26:54","guid":{"rendered":"https:\/\/escovape.com\/?post_type=product&#038;p=33080"},"modified":"2025-09-19T03:26:54","modified_gmt":"2025-09-19T03:26:54","slug":"caja-turbo-bang-42k-bocanadas-pantalla-curva-3d-vapeadores-desechables-recargables-premium-bajos-en-nicotina-compra-al-por-mayor-compra-al-granel","status":"publish","type":"product","link":"https:\/\/escovape.com\/es\/product\/bang-box-turbo-42k-puffs-3d-curved-display-premium-rechargeable-disposable-vapes-low-nicotine-bulk-buy-wholesale\/","title":{"rendered":"CAJA BANG TURBO 42K Puffs Pantalla Curva 3D Vapes Desechables Recargables Premium con Bajo Contenido de Nicotina Compra al Por Mayor al Contado"},"content":{"rendered":"<h2 data-start=\"319\" data-end=\"340\">BANG BOX TURBO 42K Puffs Vape Desechable<\/h2>\n<p data-start=\"341\" data-end=\"819\">La BANG BOX TURBO 42K Puffs 3D Curved Display combina tecnolog\u00eda avanzada con un rendimiento potente, ofreciendo hasta 42.000 bocanegraadas en un dise\u00f1o moderno y elegante. Con una gran capacidad de 28ml de l\u00edquido electr\u00f3nico, un sistema de doble bobina y una pantalla curva 3D elegante que muestra tanto la vida \u00fatil de la bater\u00eda como los niveles de l\u00edquido electr\u00f3nico, este vape desechable premium ofrece una experiencia de vapeo suave y constante. Disponible exclusivamente en Escovape, la plataforma mayorista de confianza de Europa para vapeadores desechables.<\/p>\n<h2 data-start=\"821\" data-end=\"848\">Especificaciones de BANG BOX TURBO 42K Puffs<\/h2>\n<ul data-start=\"849\" data-end=\"1445\">\n<li data-start=\"849\" data-end=\"887\">\n<p data-start=\"851\" data-end=\"887\">Cuenta de Puffs: Hasta 42,000 puffs<\/p>\n<\/li>\n<li data-start=\"888\" data-end=\"935\">\n<p data-start=\"890\" data-end=\"935\">Capacidad de E-l\u00edquido: Tanque precargado de 28ml<\/p>\n<\/li>\n<li data-start=\"936\" data-end=\"1007\">\n<p data-start=\"938\" data-end=\"1007\">Bater\u00eda: Recargable de alta capacidad (cobalto puro, descarga de 8A)<\/p>\n<\/li>\n<li data-start=\"1008\" data-end=\"1051\">\n<p data-start=\"1010\" data-end=\"1051\">Puerto de carga: Carga r\u00e1pida tipo C<\/p>\n<\/li>\n<li data-start=\"1052\" data-end=\"1108\">\n<p data-start=\"1054\" data-end=\"1108\">Opciones de bobina: Bobina de malla simple de 1.0\u03a9 o bobina de malla dual de 0.5\u03a9<\/p>\n<\/li>\n<li data-start=\"1109\" data-end=\"1189\">\n<p data-start=\"1111\" data-end=\"1189\">Pantalla: Pantalla curva 3D con indicadores de l\u00edquido electr\u00f3nico y bater\u00eda en tiempo real<\/p>\n<\/li>\n<li data-start=\"1190\" data-end=\"1227\">\n<p data-start=\"1192\" data-end=\"1227\">Tama\u00f1o del dispositivo: 65 \u00d7 34 \u00d7 115 mm<\/p>\n<\/li>\n<li data-start=\"1228\" data-end=\"1256\">\n<p data-start=\"1230\" data-end=\"1256\">Peso del dispositivo: 105 g<\/p>\n<\/li>\n<li data-start=\"1257\" data-end=\"1316\">\n<p data-start=\"1259\" data-end=\"1316\">Tama\u00f1o y peso de la caja: 182 \u00d7 66 \u00d7 119 mm; 570 g por caja<\/p>\n<\/li>\n<li data-start=\"1317\" data-end=\"1369\">\n<p data-start=\"1319\" data-end=\"1369\">Empaquetado: 5 unidades por caja; 150 unidades por cart\u00f3n<\/p>\n<\/li>\n<li data-start=\"1370\" data-end=\"1445\">\n<p data-start=\"1372\" data-end=\"1445\">Dimensiones de la caja y peso: 38 \u00d7 36 \u00d7 37,5 cm; 18,6 kg de peso bruto<\/p>\n<\/li>\n<\/ul>\n<h2 data-start=\"1447\" data-end=\"1464\">Caracter\u00edsticas clave<\/h2>\n<ul data-start=\"1465\" data-end=\"2225\">\n<li data-start=\"1465\" data-end=\"1556\">\n<p data-start=\"1467\" data-end=\"1556\">Capacidad de Puff Masiva - Hasta 42,000 puffs por dispositivo para un rendimiento duradero.<\/p>\n<\/li>\n<li data-start=\"1557\" data-end=\"1647\">\n<p data-start=\"1559\" data-end=\"1647\">Pantalla curva 3D - La pantalla elegante muestra los niveles de l\u00edquido electr\u00f3nico y la vida \u00fatil de la bater\u00eda con claridad.<\/p>\n<\/li>\n<li data-start=\"1648\" data-end=\"1734\">\n<p data-start=\"1650\" data-end=\"1734\">Energ\u00eda recargable \u2013 La carga r\u00e1pida tipo C mantiene el dispositivo listo cuando t\u00fa lo est\u00e1s.<\/p>\n<\/li>\n<li data-start=\"1735\" data-end=\"1858\">\n<p data-start=\"1737\" data-end=\"1858\">Opciones de bobina flexibles - Elija entre una bobina \u00fanica de 1.0\u03a9 para un sabor suave o una bobina doble de 0.5\u03a9 para un vapor m\u00e1s denso.<\/p>\n<\/li>\n<li data-start=\"1859\" data-end=\"1946\">\n<p data-start=\"1861\" data-end=\"1946\">Gran tanque de l\u00edquido electr\u00f3nico - La capacidad de 28 ml reduce la necesidad de reemplazos frecuentes.<\/p>\n<\/li>\n<li data-start=\"1947\" data-end=\"2046\">\n<p data-start=\"1949\" data-end=\"2046\">Dise\u00f1o de Bater\u00eda Duradera \u2013 C\u00e9lula de cobalto puro con descarga de 8A garantiza confiabilidad y seguridad.<\/p>\n<\/li>\n<li data-start=\"2047\" data-end=\"2124\">\n<p data-start=\"2049\" data-end=\"2124\">Empaquetado al por mayor \u2013 Opciones en granel convenientes dise\u00f1adas para minoristas.<\/p>\n<\/li>\n<li data-start=\"2125\" data-end=\"2225\">\n<p data-start=\"2127\" data-end=\"2225\">Opci\u00f3n de Bajo Contenido de Nicotina - Experiencia suave y satisfactoria adecuada para mercados europeos regulados.<\/p>\n<\/li>\n<\/ul>\n<h2 data-start=\"2227\" data-end=\"2250\">Sabores Disponibles<\/h2>\n<ul data-start=\"2251\" data-end=\"2480\">\n<li data-start=\"2251\" data-end=\"2276\">\n<p data-start=\"2253\" data-end=\"2276\">Fresa Sand\u00eda<\/p>\n<\/li>\n<li data-start=\"2277\" data-end=\"2293\">\n<p data-start=\"2279\" data-end=\"2293\">Frutas Silvestres<\/p>\n<\/li>\n<li data-start=\"2294\" data-end=\"2311\">\n<p data-start=\"2296\" data-end=\"2311\">Blue Razz Hielo<\/p>\n<\/li>\n<li data-start=\"2312\" data-end=\"2336\">\n<p data-start=\"2314\" data-end=\"2336\">Ar\u00e1ndano Sand\u00eda<\/p>\n<\/li>\n<li data-start=\"2337\" data-end=\"2355\">\n<p data-start=\"2339\" data-end=\"2355\">Manzana Agria Hielo<\/p>\n<\/li>\n<li data-start=\"2356\" data-end=\"2377\">\n<p data-start=\"2358\" data-end=\"2377\">Lima Fruta de la pasi\u00f3n Naranja<\/p>\n<\/li>\n<li data-start=\"2378\" data-end=\"2394\">\n<p data-start=\"2380\" data-end=\"2394\">Mixico Mango<\/p>\n<\/li>\n<li data-start=\"2395\" data-end=\"2409\">\n<p data-start=\"2397\" data-end=\"2409\">Menta de Miami<\/p>\n<\/li>\n<li data-start=\"2410\" data-end=\"2428\">\n<p data-start=\"2412\" data-end=\"2428\">Sand\u00eda Hielo<\/p>\n<\/li>\n<li data-start=\"2429\" data-end=\"2445\">\n<p data-start=\"2431\" data-end=\"2445\">Cereza dulce<\/p>\n<\/li>\n<li data-start=\"2446\" data-end=\"2459\">\n<p data-start=\"2448\" data-end=\"2459\">Grapes Pop<\/p>\n<\/li>\n<li data-start=\"2460\" data-end=\"2480\">\n<p data-start=\"2462\" data-end=\"2480\">Blackberry B-Pop<\/p>\n<\/li>\n<\/ul>\n<h2 data-start=\"2482\" data-end=\"2509\">Por qu\u00e9 comprar de Escovape?<\/h2>\n<p data-start=\"2510\" data-end=\"2850\">En Escovape, ofrecemos a los minoristas y distribuidores de Europa vaporizadores desechables aut\u00e9nticos a precios mayoristas. Cada pedido cuenta con garant\u00eda de calidad, env\u00edo r\u00e1pido y soporte de cadena de suministro confiable. No encontrar\u00e1 nuestros productos en plataformas de la competencia: nos dedicamos exclusivamente a servir al mercado mayorista de vapeo de Europa.<\/p>\n<p data-start=\"2852\" data-end=\"2990\">Ordena el BANG BOX TURBO 42K Puffs 3D Curved Display ahora en Escovape y asegura tu stock mayorista de vapeadores desechables premium hoy mismo.<\/p>\n<p data-start=\"2852\" data-end=\"2990\"><img data-recalc-dims=\"1\" loading=\"lazy\" decoding=\"async\" class=\"alignnone wp-image-33148 size-full\" src=\"https:\/\/i0.wp.com\/escovape.com\/wp-content\/uploads\/2025\/09\/BANG-BOX-42K-Puffs-3D-Curved-Display-Premium-Rechargeable-Disposable-Vapes-Low-Nicotine-Bulk-Buy-Wholesale0-scaled.webp?resize=670%2C2560&#038;ssl=1\" alt=\"CAJA BANG TURBO 42K Puffs Pantalla Curva 3D Vapes Desechables Recargables Premium con Bajo Contenido de Nicotina Compra al Por Mayor al Contado\" width=\"670\" height=\"2560\" title=\"\" srcset=\"https:\/\/i0.wp.com\/escovape.com\/wp-content\/uploads\/2025\/09\/BANG-BOX-42K-Puffs-3D-Curved-Display-Premium-Rechargeable-Disposable-Vapes-Low-Nicotine-Bulk-Buy-Wholesale0-scaled.webp?w=670&amp;ssl=1 670w, https:\/\/i0.wp.com\/escovape.com\/wp-content\/uploads\/2025\/09\/BANG-BOX-42K-Puffs-3D-Curved-Display-Premium-Rechargeable-Disposable-Vapes-Low-Nicotine-Bulk-Buy-Wholesale0-scaled.webp?resize=105%2C400&amp;ssl=1 105w, https:\/\/i0.wp.com\/escovape.com\/wp-content\/uploads\/2025\/09\/BANG-BOX-42K-Puffs-3D-Curved-Display-Premium-Rechargeable-Disposable-Vapes-Low-Nicotine-Bulk-Buy-Wholesale0-scaled.webp?resize=209%2C800&amp;ssl=1 209w, https:\/\/i0.wp.com\/escovape.com\/wp-content\/uploads\/2025\/09\/BANG-BOX-42K-Puffs-3D-Curved-Display-Premium-Rechargeable-Disposable-Vapes-Low-Nicotine-Bulk-Buy-Wholesale0-scaled.webp?resize=768%2C2936&amp;ssl=1 768w, https:\/\/i0.wp.com\/escovape.com\/wp-content\/uploads\/2025\/09\/BANG-BOX-42K-Puffs-3D-Curved-Display-Premium-Rechargeable-Disposable-Vapes-Low-Nicotine-Bulk-Buy-Wholesale0-scaled.webp?resize=402%2C1536&amp;ssl=1 402w, https:\/\/i0.wp.com\/escovape.com\/wp-content\/uploads\/2025\/09\/BANG-BOX-42K-Puffs-3D-Curved-Display-Premium-Rechargeable-Disposable-Vapes-Low-Nicotine-Bulk-Buy-Wholesale0-scaled.webp?resize=536%2C2048&amp;ssl=1 536w, https:\/\/i0.wp.com\/escovape.com\/wp-content\/uploads\/2025\/09\/BANG-BOX-42K-Puffs-3D-Curved-Display-Premium-Rechargeable-Disposable-Vapes-Low-Nicotine-Bulk-Buy-Wholesale0-scaled.webp?resize=3%2C12&amp;ssl=1 3w, https:\/\/i0.wp.com\/escovape.com\/wp-content\/uploads\/2025\/09\/BANG-BOX-42K-Puffs-3D-Curved-Display-Premium-Rechargeable-Disposable-Vapes-Low-Nicotine-Bulk-Buy-Wholesale0-scaled.webp?resize=600%2C2294&amp;ssl=1 600w\" sizes=\"auto, (max-width: 670px) 100vw, 670px\" \/><\/p>","protected":false},"excerpt":{"rendered":"<p>La BANG BOX TURBO 42K Puffs 3D Curved Display ofrece 42.000 bocanegra, capacidad de 28ml, bater\u00eda recargable tipo C, doble bobina y 12 sabores \u2014exclusivamente en Escovape mayorista.<\/p>","protected":false},"featured_media":33027,"comment_status":"open","ping_status":"closed","template":"","meta":{"_lmt_disableupdate":"no","_lmt_disable":""},"product_brand":[],"product_cat":[18,201,55,56,57,97,98,99,100,101,102,103,104,105,106,107,108,109,110,111,112,113,114,15,59,61,133,42],"product_tag":[],"class_list":{"0":"post-33080","1":"product","2":"type-product","3":"status-publish","4":"has-post-thumbnail","6":"product_cat-bang","7":"product_cat-42000-puffs-disposable-vapes","8":"product_cat-big-puffs-disposable-vapes","9":"product_cat-crystal-disposable-vapes","10":"product_cat-digital-box-disposable-vapes","11":"product_cat-disposable-vape-in-europe","12":"product_cat-disposable-vape-wholesale-austria","13":"product_cat-disposable-vape-wholesale-belgium","14":"product_cat-disposable-vape-wholesale-czech-republic","15":"product_cat-disposable-vape-wholesale-denmark","16":"product_cat-disposable-vape-wholesale-finland","17":"product_cat-disposable-vape-wholesale-france","18":"product_cat-disposable-vape-wholesale-germany","19":"product_cat-disposable-vape-wholesale-greece","20":"product_cat-disposable-vape-wholesale-hungary","21":"product_cat-disposable-vape-wholesale-italy","22":"product_cat-disposable-vape-wholesale-netherlands","23":"product_cat-disposable-vape-wholesale-norway","24":"product_cat-disposable-vape-wholesale-portugal","25":"product_cat-disposable-vape-wholesale-romania","26":"product_cat-disposable-vape-wholesale-spain","27":"product_cat-disposable-vape-wholesale-sweden","28":"product_cat-disposable-vape-wholesale-switzerland","29":"product_cat-disposable-vapes","30":"product_cat-lower-nicotine-disposable-vapes","31":"product_cat-rechargeable-disposable-vapes","32":"product_cat-shop-best-disposable-vape-flavors","33":"product_cat-shop-by-puffs","35":"first","36":"instock","37":"shipping-taxable","38":"purchasable","39":"product-type-variable"},"jetpack_sharing_enabled":true,"_links":{"self":[{"href":"https:\/\/escovape.com\/es\/wp-json\/wp\/v2\/product\/33080","targetHints":{"allow":["GET"]}}],"collection":[{"href":"https:\/\/escovape.com\/es\/wp-json\/wp\/v2\/product"}],"about":[{"href":"https:\/\/escovape.com\/es\/wp-json\/wp\/v2\/types\/product"}],"replies":[{"embeddable":true,"href":"https:\/\/escovape.com\/es\/wp-json\/wp\/v2\/comments?post=33080"}],"wp:featuredmedia":[{"embeddable":true,"href":"https:\/\/escovape.com\/es\/wp-json\/wp\/v2\/media\/33027"}],"wp:attachment":[{"href":"https:\/\/escovape.com\/es\/wp-json\/wp\/v2\/media?parent=33080"}],"wp:term":[{"taxonomy":"product_brand","embeddable":true,"href":"https:\/\/escovape.com\/es\/wp-json\/wp\/v2\/product_brand?post=33080"},{"taxonomy":"product_cat","embeddable":true,"href":"https:\/\/escovape.com\/es\/wp-json\/wp\/v2\/product_cat?post=33080"},{"taxonomy":"product_tag","embeddable":true,"href":"https:\/\/escovape.com\/es\/wp-json\/wp\/v2\/product_tag?post=33080"}],"curies":[{"name":"wp","href":"https:\/\/api.w.org\/{rel}","templated":true}]}}