{"id":33216,"date":"2025-09-20T02:47:40","date_gmt":"2025-09-20T02:47:40","guid":{"rendered":"https:\/\/escovape.com\/?post_type=product&#038;p=33216"},"modified":"2025-09-22T09:19:05","modified_gmt":"2025-09-22T09:19:05","slug":"bang-legend-85k-puffs-dsk058-vapes-recargables-desechables-de-tres-sabores-premium-baja-nicotina-compra-al-por-mayor-al-por-mayor","status":"publish","type":"product","link":"https:\/\/escovape.com\/es\/product\/bang-legend-85k-puffs-dsk058-three-flavor-premium-rechargeable-disposable-vapes-low-nicotine-bulk-buy-wholesale\/","title":{"rendered":"BANG LEGEND 85K Puffs DSK058 Vapes Desechables Recargables de Tres Sabores Premium con Bajo Contenido de Nicotina Compra al Por Mayor al Por Mayor"},"content":{"rendered":"<h1 data-start=\"181\" data-end=\"296\"><a href=\"https:\/\/escovape.com\/es\/categoria-de-productos\/bang\/\">BANG LEGEND<\/a> 85K Puffs DSK058 Descripci\u00f3n<\/h1>\n<p data-start=\"324\" data-end=\"767\">La BANG LEGEND 85K Puffs DSK058 es un vape desechable de alta capacidad dise\u00f1ado para vapers que buscan variedad, resistencia y comodidad en un solo dispositivo. Cada unidad viene prellenada con tres sabores \u00fanicos, lo que permite a los usuarios cambiar entre gustos sin esfuerzo y sin necesidad de llevar varios dispositivos. Con un impresionante 85.000 puffs, una bater\u00eda recargable de 850mAh y carga r\u00e1pida tipo C, este dispositivo ofrece tanto potencia como rendimiento.<\/p>\n<p data-start=\"769\" data-end=\"998\">En Escovape, la plataforma de confianza para compras al por mayor en l\u00ednea de vaporizadores desechables de Europa, puede comprar al por mayor BANG LEGEND 85K Puffs DSK058 a precios competitivos, lo que garantiza que sus clientes obtengan productos aut\u00e9nticos, con bajo contenido de nicotina y larga duraci\u00f3n.<\/p>\n<hr data-start=\"1000\" data-end=\"1003\" \/>\n<h2 data-start=\"1005\" data-end=\"1022\">Caracter\u00edsticas clave<\/h2>\n<ul data-start=\"1024\" data-end=\"1676\">\n<li data-start=\"1024\" data-end=\"1083\">\n<p data-start=\"1026\" data-end=\"1083\">Conteo Masivo de Puffs - Hasta 85,000 puffs por dispositivo.<\/p>\n<\/li>\n<li data-start=\"1084\" data-end=\"1168\">\n<p data-start=\"1086\" data-end=\"1168\">Tres sabores en un dispositivo - Disfruta de la variedad sin llevar varios vaporizadores.<\/p>\n<\/li>\n<li data-start=\"1169\" data-end=\"1269\">\n<p data-start=\"1171\" data-end=\"1269\">Bater\u00eda Recargable \u2013 Construida con una bater\u00eda de 850mAh, f\u00e1cilmente alimentada mediante carga tipo C.<\/p>\n<\/li>\n<li data-start=\"1270\" data-end=\"1367\">\n<p data-start=\"1272\" data-end=\"1367\">Experiencia suave \u2013 La resistencia de 1,2 \u03a9 garantiza una producci\u00f3n de vapor constante y un sabor intenso.<\/p>\n<\/li>\n<li data-start=\"1368\" data-end=\"1439\">\n<p data-start=\"1370\" data-end=\"1439\">Soporte OEM\/ODM - Adecuado para marca personalizada y pedidos al por mayor.<\/p>\n<\/li>\n<li data-start=\"1440\" data-end=\"1516\">\n<p data-start=\"1442\" data-end=\"1516\">Tama\u00f1o y peso convenientes - Port\u00e1til pero duradero (~125 g por dispositivo).<\/p>\n<\/li>\n<li data-start=\"1517\" data-end=\"1585\">\n<p data-start=\"1519\" data-end=\"1585\">Listo para Mayorista - Embalaje optimizado para distribuci\u00f3n al por mayor.<\/p>\n<\/li>\n<li data-start=\"1586\" data-end=\"1676\">\n<p data-start=\"1588\" data-end=\"1676\">Opciones de Bajo Contenido de Nicotina - Dise\u00f1adas para cumplir con las regulaciones de la UE y las diversas necesidades de los clientes.<\/p>\n<\/li>\n<\/ul>\n<hr data-start=\"1678\" data-end=\"1681\" \/>\n<h2 data-start=\"1683\" data-end=\"1702\">Opciones de Sabor<\/h2>\n<p data-start=\"1704\" data-end=\"1824\">La BANG LEGEND 85K Puffs DSK058 ofrece una amplia variedad de combinaciones de tres sabores, asegurando algo para todos los gustos:<\/p>\n<ol data-start=\"1826\" data-end=\"2628\">\n<li data-start=\"1826\" data-end=\"1880\">\n<p data-start=\"1829\" data-end=\"1880\">Hielo de Uva \/ Kiwi Fresa \/ Guayaba de Maracuy\u00e1<\/p>\n<\/li>\n<li data-start=\"1881\" data-end=\"1939\">\n<p data-start=\"1884\" data-end=\"1939\">Fresa Hielo \/ Naranja Lim\u00f3n \/ Goma de Burbuja de Sand\u00eda<\/p>\n<\/li>\n<li data-start=\"1940\" data-end=\"1987\">\n<p data-start=\"1943\" data-end=\"1987\">Sand\u00eda Hielo \/ Mango Melocot\u00f3n \/ Soda de Naranja<\/p>\n<\/li>\n<li data-start=\"1988\" data-end=\"2044\">\n<p data-start=\"1991\" data-end=\"2044\">Pi\u00f1a Hielo \/ Red Bull Fresa \/ Bayas Mixtas<\/p>\n<\/li>\n<li data-start=\"2045\" data-end=\"2104\">\n<p data-start=\"2048\" data-end=\"2104\">Red Bull \/ Blueberry Watermelon \/ Helado de Fresa<\/p>\n<\/li>\n<li data-start=\"2105\" data-end=\"2148\">\n<p data-start=\"2108\" data-end=\"2148\">Coca Cola con Hielo \/ Manzana Durazno \/ Limonada Rosa<\/p>\n<\/li>\n<li data-start=\"2149\" data-end=\"2201\">\n<p data-start=\"2152\" data-end=\"2201\">Banana Hielo \/ Fresa Sand\u00eda \/ Osito Gomoso<\/p>\n<\/li>\n<li data-start=\"2202\" data-end=\"2248\">\n<p data-start=\"2205\" data-end=\"2248\">Blueberry Ice \/ Blue Razz \/ Fragrant Pear<\/p>\n<\/li>\n<li data-start=\"2249\" data-end=\"2302\">\n<p data-start=\"2252\" data-end=\"2302\">Fruta Mixta \/ Mojito Durazno \/ Frambuesa Ar\u00e1ndano<\/p>\n<\/li>\n<li data-start=\"2303\" data-end=\"2354\">\n<p data-start=\"2307\" data-end=\"2354\">Black Dragon Ice \/ Marshmallow \/ Summer Dream \n\n becomes \n\nHielo Black Dragon \/ Marshmallow \/ Sue\u00f1o de Verano<\/p>\n<\/li>\n<li data-start=\"2355\" data-end=\"2417\">\n<p data-start=\"2359\" data-end=\"2417\">Fresa Frambuesa \/ Grosella Negra \/ Fresa Pl\u00e1tano<\/p>\n<\/li>\n<li data-start=\"2418\" data-end=\"2478\">\n<p data-start=\"2422\" data-end=\"2478\">Fresa Sand\u00eda \/ Cereza Coca \/ Crema de Fresa<\/p>\n<\/li>\n<li data-start=\"2479\" data-end=\"2534\">\n<p data-start=\"2483\" data-end=\"2534\">Hielo de Manzana Roja \/ Sand\u00eda Frambuesa \/ Aloe Uva<\/p>\n<\/li>\n<li data-start=\"2535\" data-end=\"2583\">\n<p data-start=\"2539\" data-end=\"2583\">Cereza Ar\u00e1ndano \/ Durazno Mango \/ Pi\u00f1a<\/p>\n<\/li>\n<li data-start=\"2584\" data-end=\"2628\">\n<p data-start=\"2588\" data-end=\"2628\">Love 666 \/ Frambuesa de Ar\u00e1ndano \/ Vlmto<\/p>\n<\/li>\n<\/ol>\n<hr data-start=\"2630\" data-end=\"2633\" \/>\n<h2 data-start=\"2635\" data-end=\"2664\">Especificaciones al por mayor<\/h2>\n<ul data-start=\"2666\" data-end=\"2890\">\n<li data-start=\"2666\" data-end=\"2687\">\n<p data-start=\"2668\" data-end=\"2687\">Puffs: 85.000<\/p>\n<\/li>\n<li data-start=\"2688\" data-end=\"2734\">\n<p data-start=\"2690\" data-end=\"2734\">Bater\u00eda: 850mAh (recargable, Tipo-C)<\/p>\n<\/li>\n<li data-start=\"2735\" data-end=\"2760\">\n<p data-start=\"2737\" data-end=\"2760\">Resistencia: 1,2 \u03a9<\/p>\n<\/li>\n<li data-start=\"2761\" data-end=\"2790\">\n<p data-start=\"2763\" data-end=\"2790\">Peso unitario: ~125 g<\/p>\n<\/li>\n<li data-start=\"2791\" data-end=\"2822\">\n<p data-start=\"2793\" data-end=\"2822\">10 piezas Peso: ~1307 g<\/p>\n<\/li>\n<li data-start=\"2823\" data-end=\"2890\">\n<p data-start=\"2825\" data-end=\"2890\">Tama\u00f1o de la caja: 51 \u00d7 50 \u00d7 28 cm (200 piezas, ~28 kg de peso bruto)<\/p>\n<\/li>\n<\/ul>\n<hr data-start=\"2892\" data-end=\"2895\" \/>\n<h2 data-start=\"2897\" data-end=\"2923\">Por qu\u00e9 comprar de <a href=\"https:\/\/escovape.com\/es\/\">Escovape<\/a><\/h2>\n<ul data-start=\"2925\" data-end=\"3284\">\n<li data-start=\"2925\" data-end=\"2994\">\n<p data-start=\"2927\" data-end=\"2994\">Productos Originales - Dispositivos BANG LEGEND garantizados aut\u00e9nticos.<\/p>\n<\/li>\n<li data-start=\"2995\" data-end=\"3062\">\n<p data-start=\"2997\" data-end=\"3062\">Precios al por mayor - Dise\u00f1ados para compradores mayoristas de toda Europa.<\/p>\n<\/li>\n<li data-start=\"3063\" data-end=\"3134\">\n<p data-start=\"3065\" data-end=\"3134\">Opciones de Bajo Contenido de Nicotina \u2013 Amplamente aceptadas y favorables a la regulaci\u00f3n.<\/p>\n<\/li>\n<li data-start=\"3135\" data-end=\"3206\">\n<p data-start=\"3137\" data-end=\"3206\">Distribuci\u00f3n R\u00e1pida en la UE - Entrega fiable y soporte mayorista.<\/p>\n<\/li>\n<li data-start=\"3207\" data-end=\"3284\">\n<p data-start=\"3209\" data-end=\"3284\">Proveedor Confiable - Escovape se especializa en vapeadores desechables al por mayor.<\/p>\n<\/li>\n<\/ul>\n<hr data-start=\"3286\" data-end=\"3289\" \/>\n<p data-start=\"3291\" data-end=\"3460\">Consigue el BANG LEGEND 85K Puffs DSK058 Vape Desechable de Tres Sabores ahora en Escovape, la plataforma de venta al por mayor en l\u00ednea fiable de Europa para vapeadores desechables premium.<\/p>\n<p data-start=\"3291\" data-end=\"3460\"><img data-recalc-dims=\"1\" loading=\"lazy\" decoding=\"async\" class=\"alignnone wp-image-33281 size-full\" src=\"https:\/\/i0.wp.com\/escovape.com\/wp-content\/uploads\/2025\/09\/BNAG-LEGEND-85K-Puffs-DSK058-Three-Flavor-Premium-Rechargeable-Disposable-Vapes-Low-Nicotine-Bulk-Buy-Wholesale-1-scaled.webp?resize=1020%2C2040&#038;ssl=1\" alt=\"BANG LEGEND 85K Puffs DSK058 Vapes Desechables Recargables de Tres Sabores Premium con Bajo Contenido de Nicotina Compra al Por Mayor al Por Mayor\" width=\"1020\" height=\"2040\" title=\"\" srcset=\"https:\/\/i0.wp.com\/escovape.com\/wp-content\/uploads\/2025\/09\/BNAG-LEGEND-85K-Puffs-DSK058-Three-Flavor-Premium-Rechargeable-Disposable-Vapes-Low-Nicotine-Bulk-Buy-Wholesale-1-scaled.webp?w=1280&amp;ssl=1 1280w, https:\/\/i0.wp.com\/escovape.com\/wp-content\/uploads\/2025\/09\/BNAG-LEGEND-85K-Puffs-DSK058-Three-Flavor-Premium-Rechargeable-Disposable-Vapes-Low-Nicotine-Bulk-Buy-Wholesale-1-scaled.webp?resize=200%2C400&amp;ssl=1 200w, https:\/\/i0.wp.com\/escovape.com\/wp-content\/uploads\/2025\/09\/BNAG-LEGEND-85K-Puffs-DSK058-Three-Flavor-Premium-Rechargeable-Disposable-Vapes-Low-Nicotine-Bulk-Buy-Wholesale-1-scaled.webp?resize=400%2C800&amp;ssl=1 400w, https:\/\/i0.wp.com\/escovape.com\/wp-content\/uploads\/2025\/09\/BNAG-LEGEND-85K-Puffs-DSK058-Three-Flavor-Premium-Rechargeable-Disposable-Vapes-Low-Nicotine-Bulk-Buy-Wholesale-1-scaled.webp?resize=768%2C1536&amp;ssl=1 768w, https:\/\/i0.wp.com\/escovape.com\/wp-content\/uploads\/2025\/09\/BNAG-LEGEND-85K-Puffs-DSK058-Three-Flavor-Premium-Rechargeable-Disposable-Vapes-Low-Nicotine-Bulk-Buy-Wholesale-1-scaled.webp?resize=1024%2C2048&amp;ssl=1 1024w, https:\/\/i0.wp.com\/escovape.com\/wp-content\/uploads\/2025\/09\/BNAG-LEGEND-85K-Puffs-DSK058-Three-Flavor-Premium-Rechargeable-Disposable-Vapes-Low-Nicotine-Bulk-Buy-Wholesale-1-scaled.webp?resize=6%2C12&amp;ssl=1 6w, https:\/\/i0.wp.com\/escovape.com\/wp-content\/uploads\/2025\/09\/BNAG-LEGEND-85K-Puffs-DSK058-Three-Flavor-Premium-Rechargeable-Disposable-Vapes-Low-Nicotine-Bulk-Buy-Wholesale-1-scaled.webp?resize=600%2C1200&amp;ssl=1 600w\" sizes=\"auto, (max-width: 1020px) 100vw, 1020px\" \/><\/p>","protected":false},"excerpt":{"rendered":"<p>La BANG LEGEND 85K Puffs DSK058 es un vape desechable recargable con tres sabores, hasta 85.000 bocanadas y carga de tipo C, disponible al por mayor en Escovape.<\/p>","protected":false},"featured_media":33282,"comment_status":"open","ping_status":"closed","template":"","meta":{"_lmt_disableupdate":"no","_lmt_disable":""},"product_brand":[],"product_cat":[18,207,55,57,97,98,99,100,101,102,103,104,105,106,107,108,109,110,111,112,113,114,15,58,59,61,133,42,206],"product_tag":[],"class_list":{"0":"post-33216","1":"product","2":"type-product","3":"status-publish","4":"has-post-thumbnail","6":"product_cat-bang","7":"product_cat-85000-puffs-disposable-vapes","8":"product_cat-big-puffs-disposable-vapes","9":"product_cat-digital-box-disposable-vapes","10":"product_cat-disposable-vape-in-europe","11":"product_cat-disposable-vape-wholesale-austria","12":"product_cat-disposable-vape-wholesale-belgium","13":"product_cat-disposable-vape-wholesale-czech-republic","14":"product_cat-disposable-vape-wholesale-denmark","15":"product_cat-disposable-vape-wholesale-finland","16":"product_cat-disposable-vape-wholesale-france","17":"product_cat-disposable-vape-wholesale-germany","18":"product_cat-disposable-vape-wholesale-greece","19":"product_cat-disposable-vape-wholesale-hungary","20":"product_cat-disposable-vape-wholesale-italy","21":"product_cat-disposable-vape-wholesale-netherlands","22":"product_cat-disposable-vape-wholesale-norway","23":"product_cat-disposable-vape-wholesale-portugal","24":"product_cat-disposable-vape-wholesale-romania","25":"product_cat-disposable-vape-wholesale-spain","26":"product_cat-disposable-vape-wholesale-sweden","27":"product_cat-disposable-vape-wholesale-switzerland","28":"product_cat-disposable-vapes","29":"product_cat-dual-mesh-disposable-vapes","30":"product_cat-lower-nicotine-disposable-vapes","31":"product_cat-rechargeable-disposable-vapes","32":"product_cat-shop-best-disposable-vape-flavors","33":"product_cat-shop-by-puffs","34":"product_cat-triple-flavor-disposable-vapes","36":"first","37":"instock","38":"shipping-taxable","39":"purchasable","40":"product-type-variable"},"jetpack_sharing_enabled":true,"_links":{"self":[{"href":"https:\/\/escovape.com\/es\/wp-json\/wp\/v2\/product\/33216","targetHints":{"allow":["GET"]}}],"collection":[{"href":"https:\/\/escovape.com\/es\/wp-json\/wp\/v2\/product"}],"about":[{"href":"https:\/\/escovape.com\/es\/wp-json\/wp\/v2\/types\/product"}],"replies":[{"embeddable":true,"href":"https:\/\/escovape.com\/es\/wp-json\/wp\/v2\/comments?post=33216"}],"wp:featuredmedia":[{"embeddable":true,"href":"https:\/\/escovape.com\/es\/wp-json\/wp\/v2\/media\/33282"}],"wp:attachment":[{"href":"https:\/\/escovape.com\/es\/wp-json\/wp\/v2\/media?parent=33216"}],"wp:term":[{"taxonomy":"product_brand","embeddable":true,"href":"https:\/\/escovape.com\/es\/wp-json\/wp\/v2\/product_brand?post=33216"},{"taxonomy":"product_cat","embeddable":true,"href":"https:\/\/escovape.com\/es\/wp-json\/wp\/v2\/product_cat?post=33216"},{"taxonomy":"product_tag","embeddable":true,"href":"https:\/\/escovape.com\/es\/wp-json\/wp\/v2\/product_tag?post=33216"}],"curies":[{"name":"wp","href":"https:\/\/api.w.org\/{rel}","templated":true}]}}