{"id":7371,"date":"2024-08-15T02:06:17","date_gmt":"2024-08-15T02:06:17","guid":{"rendered":"https:\/\/escovape.com\/?post_type=product&#038;p=7371"},"modified":"2026-03-07T02:15:37","modified_gmt":"2026-03-07T02:15:37","slug":"vapme-monster-16000-inhalaciones-2-5-vaporizadores-desechables-recargables-de-nicotina-compra-a-granel-al-por-mayor","status":"publish","type":"product","link":"https:\/\/escovape.com\/es\/product\/vapme-monster-16000-puffs-2-5-nicotine-rechargeable-disposable-vapes-bulk-buy-wholesale\/","title":{"rendered":"Vapme Monster 16000 Puffs 2% 5% Nicotina Recargable Vapes Desechables Compra al por mayor"},"content":{"rendered":"<h2>Vapme Monster 16000 Puffs - Vape desechable de larga duraci\u00f3n<\/h2>\n<p>El Vapme Monster 16000 Puffs es un vape desechable pr\u00e1ctico encontrado en Escovape. Este dispositivo est\u00e1 hecho tanto para principiantes como para expertos. Con 16000 bocanadas, dura mucho tiempo. No necesitar\u00e1s recargarlo ni reemplazarlo con frecuencia.<\/p>\n<h3>Caracter\u00edsticas clave del Vapme Monster 16000 Puffs<\/h3>\n<p>Muchas caladas: 16000 caladas por dispositivo.<br \/>\nGran tanque de l\u00edquido: 26 mL de e-l\u00edquido, para que puedas vapear durante mucho tiempo.<br \/>\nBater\u00eda recargable: 650mAh, carga a trav\u00e9s del puerto tipo C.<br \/>\nSabor intenso: Funciona con una bobina de malla de 1,0 \u03a9 para un vapor uniforme.<br \/>\nDos concentraciones de nicotina: Elige entre 2% o 5%.<br \/>\nF\u00e1cil operaci\u00f3n: Tire para vaporizar, sin botones.<br \/>\nTama\u00f1o port\u00e1til: 134mm x 29mm x 29mm, cabe en cualquier lugar.<\/p>\n<h3>Opciones de sabor de la <a href=\"https:\/\/escovape.com\/es\/categoria-de-productos\/vapeo\/\">Vapme Vapes Desechables<\/a><\/h3>\n<p>Todos los sabores est\u00e1n disponibles:<\/p>\n<p>Limonada Azul Razz<br \/>\nHielo de durazno<br \/>\nSand\u00eda Hielo<br \/>\nMora Ar\u00e1ndano<br \/>\nCereza Hielo<br \/>\nHelado de Fresa<br \/>\nFresa Sand\u00eda<br \/>\nFrutas del bosque mixtas<br \/>\nFresa Kiwi<br \/>\nKiwi Maracuy\u00e1 Guan\u00e1bana<br \/>\nRed Bull de fresa<br \/>\nMelocot\u00f3n Mango Pi\u00f1a<\/p>\n<h3>Venta al por mayor de vapeadores - Ideal para pedidos m\u00e1s grandes<\/h3>\n<p>El Vapme Monster 16000 Puffs es una buena opci\u00f3n para aquellos que lo necesitan mucho. Su gran tanque y bater\u00eda recargable ahorran costes. Las tiendas pueden comprarlo al por mayor para ofrecer a los clientes un vape fiable.<\/p>\n<p>Elige el Vapme Monster para un vapor largo y sabroso. Revisa las opciones en Escovape para comprar o al por mayor.<\/p>\n<p><img data-recalc-dims=\"1\" loading=\"lazy\" decoding=\"async\" class=\"alignnone wp-image-7412 size-full\" src=\"https:\/\/i0.wp.com\/escovape.com\/wp-content\/uploads\/2024\/08\/Vapme-Monster-16000-Puff-3-scaled.webp?resize=1020%2C680&#038;ssl=1\" alt=\"Vapme Monster 16000 Puffs 2% 5% Nicotina Recargable Vapes Desechables Compra al por mayor\" width=\"1020\" height=\"680\" title=\"\" srcset=\"https:\/\/i0.wp.com\/escovape.com\/wp-content\/uploads\/2024\/08\/Vapme-Monster-16000-Puff-3-scaled.webp?w=2560&amp;ssl=1 2560w, https:\/\/i0.wp.com\/escovape.com\/wp-content\/uploads\/2024\/08\/Vapme-Monster-16000-Puff-3-scaled.webp?resize=600%2C400&amp;ssl=1 600w, https:\/\/i0.wp.com\/escovape.com\/wp-content\/uploads\/2024\/08\/Vapme-Monster-16000-Puff-3-scaled.webp?resize=1200%2C800&amp;ssl=1 1200w, https:\/\/i0.wp.com\/escovape.com\/wp-content\/uploads\/2024\/08\/Vapme-Monster-16000-Puff-3-scaled.webp?resize=768%2C512&amp;ssl=1 768w, https:\/\/i0.wp.com\/escovape.com\/wp-content\/uploads\/2024\/08\/Vapme-Monster-16000-Puff-3-scaled.webp?resize=1536%2C1024&amp;ssl=1 1536w, https:\/\/i0.wp.com\/escovape.com\/wp-content\/uploads\/2024\/08\/Vapme-Monster-16000-Puff-3-scaled.webp?resize=2048%2C1366&amp;ssl=1 2048w, https:\/\/i0.wp.com\/escovape.com\/wp-content\/uploads\/2024\/08\/Vapme-Monster-16000-Puff-3-scaled.webp?resize=18%2C12&amp;ssl=1 18w\" sizes=\"auto, (max-width: 1020px) 100vw, 1020px\" \/><\/p>\n<p><img data-recalc-dims=\"1\" loading=\"lazy\" decoding=\"async\" class=\"alignnone wp-image-7415 size-full\" src=\"https:\/\/i0.wp.com\/escovape.com\/wp-content\/uploads\/2024\/08\/Vapme-Monster-16000-Puff-6-scaled.webp?resize=1020%2C1436&#038;ssl=1\" alt=\"Vapme Monster 16000 Puffs 2% 5% Nicotina Recargable Vapes Desechables Compra al por mayor\" width=\"1020\" height=\"1436\" title=\"\" srcset=\"https:\/\/i0.wp.com\/escovape.com\/wp-content\/uploads\/2024\/08\/Vapme-Monster-16000-Puff-6-scaled.webp?w=1818&amp;ssl=1 1818w, https:\/\/i0.wp.com\/escovape.com\/wp-content\/uploads\/2024\/08\/Vapme-Monster-16000-Puff-6-scaled.webp?resize=284%2C400&amp;ssl=1 284w, https:\/\/i0.wp.com\/escovape.com\/wp-content\/uploads\/2024\/08\/Vapme-Monster-16000-Puff-6-scaled.webp?resize=568%2C800&amp;ssl=1 568w, https:\/\/i0.wp.com\/escovape.com\/wp-content\/uploads\/2024\/08\/Vapme-Monster-16000-Puff-6-scaled.webp?resize=768%2C1082&amp;ssl=1 768w, https:\/\/i0.wp.com\/escovape.com\/wp-content\/uploads\/2024\/08\/Vapme-Monster-16000-Puff-6-scaled.webp?resize=1091%2C1536&amp;ssl=1 1091w, https:\/\/i0.wp.com\/escovape.com\/wp-content\/uploads\/2024\/08\/Vapme-Monster-16000-Puff-6-scaled.webp?resize=1454%2C2048&amp;ssl=1 1454w, https:\/\/i0.wp.com\/escovape.com\/wp-content\/uploads\/2024\/08\/Vapme-Monster-16000-Puff-6-scaled.webp?resize=9%2C12&amp;ssl=1 9w, https:\/\/i0.wp.com\/escovape.com\/wp-content\/uploads\/2024\/08\/Vapme-Monster-16000-Puff-6-scaled.webp?resize=600%2C845&amp;ssl=1 600w\" sizes=\"auto, (max-width: 1020px) 100vw, 1020px\" \/><\/p>","protected":false},"excerpt":{"rendered":"<p>El Vapme Monster 16000 Puffs, disponible en Escovape, es un vape desechable recargable premium que ofrece una amplia cantidad de 16000 bocanegra con una variedad de sabores, combinando alta capacidad y conveniencia para una experiencia de vapeo excepcional.<\/p>","protected":false},"featured_media":7409,"comment_status":"open","ping_status":"closed","template":"","meta":{"_lmt_disableupdate":"no","_lmt_disable":""},"product_brand":[],"product_cat":[37,45,134,135,136,137,15,140,141,142,143,145,147,148,149,150,152,133,42,153,154],"product_tag":[],"class_list":{"0":"post-7371","1":"product","2":"type-product","3":"status-publish","4":"has-post-thumbnail","6":"product_cat-vapme","7":"product_cat-16000-puffs-disposable-vapes","8":"product_cat-apple-flavor-disposable-vapes","9":"product_cat-blue-razz-flavor-disposable-vapes","10":"product_cat-blueberry-flavor-disposable-vapes","11":"product_cat-cherry-flavor-disposable-vapes","12":"product_cat-disposable-vapes","13":"product_cat-guava-flavor-disposable-vapes","14":"product_cat-ice-flavor-disposable-vapes","15":"product_cat-kiwi-flavor-disposable-vapes","16":"product_cat-lemon-flavor-disposable-vapes","17":"product_cat-mango-flavor-disposable-vapes","18":"product_cat-mixed-berries-flavor-disposable-vapes","19":"product_cat-passion-fruit-flavor-disposable-vapes","20":"product_cat-peach-flavor-disposable-vapes","21":"product_cat-pineapple-flavor-disposable-vapes","22":"product_cat-red-bull-flavor-disposable-vapes","23":"product_cat-shop-best-disposable-vape-flavors","24":"product_cat-shop-by-puffs","25":"product_cat-strawberry-flavor-disposable-vapes","26":"product_cat-watermelon-flavor-disposable-vapes","28":"first","29":"outofstock","30":"shipping-taxable","31":"purchasable","32":"product-type-variable"},"jetpack_sharing_enabled":true,"_links":{"self":[{"href":"https:\/\/escovape.com\/es\/wp-json\/wp\/v2\/product\/7371","targetHints":{"allow":["GET"]}}],"collection":[{"href":"https:\/\/escovape.com\/es\/wp-json\/wp\/v2\/product"}],"about":[{"href":"https:\/\/escovape.com\/es\/wp-json\/wp\/v2\/types\/product"}],"replies":[{"embeddable":true,"href":"https:\/\/escovape.com\/es\/wp-json\/wp\/v2\/comments?post=7371"}],"wp:featuredmedia":[{"embeddable":true,"href":"https:\/\/escovape.com\/es\/wp-json\/wp\/v2\/media\/7409"}],"wp:attachment":[{"href":"https:\/\/escovape.com\/es\/wp-json\/wp\/v2\/media?parent=7371"}],"wp:term":[{"taxonomy":"product_brand","embeddable":true,"href":"https:\/\/escovape.com\/es\/wp-json\/wp\/v2\/product_brand?post=7371"},{"taxonomy":"product_cat","embeddable":true,"href":"https:\/\/escovape.com\/es\/wp-json\/wp\/v2\/product_cat?post=7371"},{"taxonomy":"product_tag","embeddable":true,"href":"https:\/\/escovape.com\/es\/wp-json\/wp\/v2\/product_tag?post=7371"}],"curies":[{"name":"wp","href":"https:\/\/api.w.org\/{rel}","templated":true}]}}