{"id":9631,"date":"2024-09-22T02:58:56","date_gmt":"2024-09-22T02:58:56","guid":{"rendered":"https:\/\/escovape.com\/?post_type=product&#038;p=9631"},"modified":"2025-09-03T13:03:14","modified_gmt":"2025-09-03T13:03:14","slug":"atvs-13000-inhalaciones-5-vapes-desechables-recargables-con-bajo-nivel-de-nicotina-pluma-compra-a-granel-al-por-mayor","status":"publish","type":"product","link":"https:\/\/escovape.com\/es\/product\/atvs-13000-puffs-5-low-nicotine-rechargeable-disposable-vapes-pen-bulk-buy-wholesale\/","title":{"rendered":"ATVs 13000 Puffs 5% Vapes de baja nicotina recargables desechables Compras al por mayor"},"content":{"rendered":"<div style=\"width: 720px;\" class=\"wp-video\"><video class=\"wp-video-shortcode\" id=\"video-9631-1\" width=\"720\" height=\"720\" preload=\"metadata\" controls=\"controls\"><source type=\"video\/mp4\" src=\"https:\/\/escovape.com\/wp-content\/uploads\/2024\/09\/ATVS-13K-Puffs-3.mp4?_=1\" \/><a href=\"https:\/\/escovape.com\/wp-content\/uploads\/2024\/09\/ATVS-13K-Puffs-3.mp4\">https:\/\/escovape.com\/wp-content\/uploads\/2024\/09\/ATVS-13K-Puffs-3.mp4<\/a><\/video><\/div>\n<h2>ATVs 13000 Puffs \u2013 Ideales para uso a largo plazo<\/h2>\n<p>Descubre los Atvs 13000 Puffs, un vapeador desechable con 5% de nicotina. Este vapeador es perfecto para aquellos que buscan una experiencia sencilla y fiable. Es recargable y duradero. Ordena al por mayor para tu tienda ahora a trav\u00e9s de Escovape.<\/p>\n<h3><a href=\"https:\/\/escovape.com\/es\/categoria-de-productos\/vapes-desechables-para-vehiculos-todo-terreno\/\">Atvs Vapes Desechables<\/a> \u2013 Caracter\u00edsticas clave<\/h3>\n<p>El Atvs 13000 Puffs tiene una bater\u00eda de 600mAh que se puede cargar con un cable de Tipo-C. Contiene 15ml de l\u00edquido, bueno para aproximadamente 13.000 bocanegra. La bobina de malla garantiza un sabor y un vapor uniformes. Adecuado para principiantes y usuarios avanzados.<\/p>\n<h3>Vapor al por mayor: gran valor en grandes cantidades<\/h3>\n<p>Compre los Vapes Desechables Atvs al por mayor: 10 por caja, 200 por cart\u00f3n. Ideales para tiendas que tienen muchos clientes. Escovape entrega r\u00e1pidamente en toda Europa. Precios bajos para pedidos m\u00e1s grandes.<\/p>\n<h3>Sabores de los Atvs 13000 Puffs<\/h3>\n<p>Elige entre estos sabores:<\/p>\n<p>Sand\u00eda Hielo<br \/>\nHielo de durazno<br \/>\nFruta Mixta<br \/>\nHelado de Fresa<br \/>\nGuava Hielo<br \/>\nHelado de mango<br \/>\nHelado de menta<br \/>\nFresa Sand\u00eda<br \/>\nHelado de lichi<br \/>\nHelado de ar\u00e1ndanos azules<br \/>\nHelado de uva<br \/>\nHelado de Pl\u00e1tano<\/p>\n<h3>Por qu\u00e9 los Atvs 13000 Puffs?<\/h3>\n<p>Este vape es ligero (102g) y f\u00e1cil de transportar. A los clientes les encanta el largo tiempo de uso y la f\u00e1cil opci\u00f3n de recarga. Ordene al por mayor ahora y ofrezca a sus clientes una opci\u00f3n popular.<\/p>\n<p>Entrega r\u00e1pida y servicio confiable<br \/>\nEscovape se especializa en mayoristas de vapeo. Garantizamos la entrega correcta y una comunicaci\u00f3n clara. Perfecto para tiendas en los Pa\u00edses Bajos, Alemania, B\u00e9lgica y Espa\u00f1a.<\/p>\n<h3>Ordenar hoy<\/h3>\n<p>Los Atvs 13000 Puffs son una excelente opci\u00f3n para tu reserva. Combina diferentes sabores y benef\u00edciate de precios al por mayor. Visita Escovape.com y haz tu pedido.<\/p>\n<h2><img data-recalc-dims=\"1\" loading=\"lazy\" decoding=\"async\" class=\"alignnone wp-image-9673 size-full\" style=\"color: #555555;font-size: 14.4px\" src=\"https:\/\/i0.wp.com\/escovape.com\/wp-content\/uploads\/2024\/09\/Atvs-13000-Photo-1.webp?resize=1000%2C644&#038;ssl=1\" alt=\"ATVs 13000 Puffs 5% Vapes Desechables Recargables con Bajo Contenido de Nicotina Compra al Mayor al Por Mayor\" width=\"1000\" height=\"644\" title=\"\" srcset=\"https:\/\/i0.wp.com\/escovape.com\/wp-content\/uploads\/2024\/09\/Atvs-13000-Photo-1.webp?w=1000&amp;ssl=1 1000w, https:\/\/i0.wp.com\/escovape.com\/wp-content\/uploads\/2024\/09\/Atvs-13000-Photo-1.webp?resize=621%2C400&amp;ssl=1 621w, https:\/\/i0.wp.com\/escovape.com\/wp-content\/uploads\/2024\/09\/Atvs-13000-Photo-1.webp?resize=768%2C495&amp;ssl=1 768w, https:\/\/i0.wp.com\/escovape.com\/wp-content\/uploads\/2024\/09\/Atvs-13000-Photo-1.webp?resize=18%2C12&amp;ssl=1 18w, https:\/\/i0.wp.com\/escovape.com\/wp-content\/uploads\/2024\/09\/Atvs-13000-Photo-1.webp?resize=600%2C386&amp;ssl=1 600w\" sizes=\"auto, (max-width: 1000px) 100vw, 1000px\" \/><\/h2>\n<p><img data-recalc-dims=\"1\" loading=\"lazy\" decoding=\"async\" class=\"alignnone wp-image-9674 size-full\" src=\"https:\/\/i0.wp.com\/escovape.com\/wp-content\/uploads\/2024\/09\/Atvs-13000-Photo-4.webp?resize=1000%2C989&#038;ssl=1\" alt=\"ATVs 13000 Puffs 5% Vapes Desechables Recargables con Bajo Contenido de Nicotina Compra al Mayor al Por Mayor\" width=\"1000\" height=\"989\" title=\"\" srcset=\"https:\/\/i0.wp.com\/escovape.com\/wp-content\/uploads\/2024\/09\/Atvs-13000-Photo-4.webp?w=1000&amp;ssl=1 1000w, https:\/\/i0.wp.com\/escovape.com\/wp-content\/uploads\/2024\/09\/Atvs-13000-Photo-4.webp?resize=404%2C400&amp;ssl=1 404w, https:\/\/i0.wp.com\/escovape.com\/wp-content\/uploads\/2024\/09\/Atvs-13000-Photo-4.webp?resize=809%2C800&amp;ssl=1 809w, https:\/\/i0.wp.com\/escovape.com\/wp-content\/uploads\/2024\/09\/Atvs-13000-Photo-4.webp?resize=768%2C760&amp;ssl=1 768w, https:\/\/i0.wp.com\/escovape.com\/wp-content\/uploads\/2024\/09\/Atvs-13000-Photo-4.webp?resize=12%2C12&amp;ssl=1 12w, https:\/\/i0.wp.com\/escovape.com\/wp-content\/uploads\/2024\/09\/Atvs-13000-Photo-4.webp?resize=600%2C593&amp;ssl=1 600w, https:\/\/i0.wp.com\/escovape.com\/wp-content\/uploads\/2024\/09\/Atvs-13000-Photo-4.webp?resize=100%2C100&amp;ssl=1 100w\" sizes=\"auto, (max-width: 1000px) 100vw, 1000px\" \/><\/p>","protected":false},"excerpt":{"rendered":"<p>El <strong>Atvs 13000 Puffs Rechargeable Disposable Vape Pen \n\n(No translation needed)<\/strong>disponible exclusivamente en <strong>Escovape<\/strong>ofrece hasta 13,000 bocanegra con tecnolog\u00eda de bobina de malla avanzada, una bater\u00eda recargable de 600mAh y una amplia variedad de sabores premium, lo que la convierte en una opci\u00f3n ideal tanto para vapers como para minoristas que buscan soluciones de vapeo de alta calidad y larga duraci\u00f3n.<\/p>","protected":false},"featured_media":9668,"comment_status":"open","ping_status":"closed","template":"","meta":{"_lmt_disableupdate":"no","_lmt_disable":""},"product_brand":[],"product_cat":[66,86,55,136,15,139,140,141,59,145,146,147,149,61,133,42,153,154],"product_tag":[],"class_list":{"0":"post-9631","1":"product","2":"type-product","3":"status-publish","4":"has-post-thumbnail","6":"product_cat-atvs-disposable-vapes","7":"product_cat-13000-puffs-disposable-vapes","8":"product_cat-big-puffs-disposable-vapes","9":"product_cat-blueberry-flavor-disposable-vapes","10":"product_cat-disposable-vapes","11":"product_cat-grape-flavor-disposable-vapes","12":"product_cat-guava-flavor-disposable-vapes","13":"product_cat-ice-flavor-disposable-vapes","14":"product_cat-lower-nicotine-disposable-vapes","15":"product_cat-mango-flavor-disposable-vapes","16":"product_cat-mint-flavor-disposable-vapes","17":"product_cat-mixed-berries-flavor-disposable-vapes","18":"product_cat-peach-flavor-disposable-vapes","19":"product_cat-rechargeable-disposable-vapes","20":"product_cat-shop-best-disposable-vape-flavors","21":"product_cat-shop-by-puffs","22":"product_cat-strawberry-flavor-disposable-vapes","23":"product_cat-watermelon-flavor-disposable-vapes","25":"first","26":"instock","27":"shipping-taxable","28":"purchasable","29":"product-type-variable"},"jetpack_sharing_enabled":true,"_links":{"self":[{"href":"https:\/\/escovape.com\/es\/wp-json\/wp\/v2\/product\/9631","targetHints":{"allow":["GET"]}}],"collection":[{"href":"https:\/\/escovape.com\/es\/wp-json\/wp\/v2\/product"}],"about":[{"href":"https:\/\/escovape.com\/es\/wp-json\/wp\/v2\/types\/product"}],"replies":[{"embeddable":true,"href":"https:\/\/escovape.com\/es\/wp-json\/wp\/v2\/comments?post=9631"}],"wp:featuredmedia":[{"embeddable":true,"href":"https:\/\/escovape.com\/es\/wp-json\/wp\/v2\/media\/9668"}],"wp:attachment":[{"href":"https:\/\/escovape.com\/es\/wp-json\/wp\/v2\/media?parent=9631"}],"wp:term":[{"taxonomy":"product_brand","embeddable":true,"href":"https:\/\/escovape.com\/es\/wp-json\/wp\/v2\/product_brand?post=9631"},{"taxonomy":"product_cat","embeddable":true,"href":"https:\/\/escovape.com\/es\/wp-json\/wp\/v2\/product_cat?post=9631"},{"taxonomy":"product_tag","embeddable":true,"href":"https:\/\/escovape.com\/es\/wp-json\/wp\/v2\/product_tag?post=9631"}],"curies":[{"name":"wp","href":"https:\/\/api.w.org\/{rel}","templated":true}]}}