{"id":12632,"date":"2024-10-28T14:10:41","date_gmt":"2024-10-28T14:10:41","guid":{"rendered":"https:\/\/escovape.com\/?post_type=product&#038;p=12632"},"modified":"2025-04-11T02:09:07","modified_gmt":"2025-04-11T02:09:07","slug":"mrvi-dragon-13000-bouffees-ecran-numerique-double-maille-2-5-faible-nicotine-rechargeable-vapes-jetables-stylo-en-vrac-acheter-en-gros","status":"publish","type":"product","link":"https:\/\/escovape.com\/fr\/product\/mrvi-dragon-13000-puffs-dual-mesh-digital-screen-2-5-low-nicotine-rechargeable-disposable-vapes-pen-bulk-buy-wholesale\/","title":{"rendered":"MRVI Dragon 13000 bouff\u00e9es \u00c9cran num\u00e9rique double maille 2% 5% Taux de nicotine faible Vapes jetables rechargeables Acheter en gros en ligne"},"content":{"rendered":"<h2>MRVI Dragon 13000 Puffs \u2013 D\u00e9couvrez la puissance d'une vapeur longue dur\u00e9e<\/h2>\n<h3><a href=\"https:\/\/escovape.com\/fr\/categorie-de-produits\/vapes-jetables-mrvi\/\">MRVI Vapes jetables<\/a> Parfait pour ceux qui aiment la commodit\u00e9<\/h3>\n<p>Le MRVI Dragon 13000 Puffs est une vape puissante pour quiconque souhaite une exp\u00e9rience durable. Avec une bobine double maille et un grand r\u00e9servoir pour le liquide, la saveur reste toujours bonne. Chez Escovape, vous pouvez trouver cette vape aux Pays-Bas, en Allemagne, en Belgique et en Espagne. Id\u00e9al pour les magasins et les grossistes.<\/p>\n<h3>Comment fonctionne le MRVI Dragon 13000 Puffs ?<\/h3>\n<p>Grand r\u00e9servoir : 20 ml de liquide, vous n'avez donc pas besoin de le changer aussi souvent.<br \/>\nBatterie puissante : 650mAh avec chargeur Type-C, charge rapide.<br \/>\nDeux modes : Mode Pulse (6500 bouff\u00e9es) et Mode R\u00e9gulier (13000 bouff\u00e9es).<br \/>\nAffichage num\u00e9rique : Voir toujours la batterie et le nombre de bouff\u00e9es qu'il vous reste.<br \/>\nConception l\u00e9g\u00e8re : Facile \u00e0 emporter avec vous.<\/p>\n<h3>Vape en gros \u2013 Emballage pratique<\/h3>\n<p>1 pi\u00e8ce par bo\u00eete.<br \/>\n10 bo\u00eetes par affichage.<br \/>\n200 pi\u00e8ces par carton (poids : 19 kg, dimensions : 60x32x23 cm).<\/p>\n<h3>Options de saveur pour le MRVI Dragon 13000 Puffs<\/h3>\n<p>Choisissez parmi ces saveurs :<\/p>\n<p>Mythe de la past\u00e8que bleuets<br \/>\nP\u00eache Glac\u00e9e<br \/>\nGlace Bleu Razz<br \/>\nGlace \u00e0 la fraise<br \/>\nGlace de past\u00e8que<br \/>\nGlace \u00e0 la cerise<br \/>\nGlace aux bleuets<br \/>\nGlace au raisin<br \/>\nBaies m\u00e9lang\u00e9es<br \/>\nFraise Mangue<\/p>\n<h3>Pourquoi choisir Escovape ?<\/h3>\n<p>Qualit\u00e9 fiable : Toujours de bons produits.<br \/>\nDes prix comp\u00e9titifs : Pas cher pour le gros.<br \/>\nLivraison rapide : Livraison rapide \u00e0 domicile.<\/p>\n<h3>Commandez maintenant le MRVI Dragon 13000 Puffs.<\/h3>\n<p>Pour le d\u00e9tail et le gros : Assurez-vous que votre stock est plein. Choisissez parmi de nombreuses saveurs et profitez d'une commande facile sur Escovape.<\/p>\n<div style=\"width: 720px;\" class=\"wp-video\"><video class=\"wp-video-shortcode\" id=\"video-12632-1\" width=\"720\" height=\"1280\" preload=\"metadata\" controls=\"controls\"><source type=\"video\/mp4\" src=\"https:\/\/escovape.com\/wp-content\/uploads\/2024\/10\/MRVI-Dragon-13000-Puffs-Dual-Mesh-Digital-Screen-2-5-Low-Nicotine-Rechargeable-2.mp4?_=1\" \/><a href=\"https:\/\/escovape.com\/wp-content\/uploads\/2024\/10\/MRVI-Dragon-13000-Puffs-Dual-Mesh-Digital-Screen-2-5-Low-Nicotine-Rechargeable-2.mp4\">https:\/\/escovape.com\/wp-content\/uploads\/2024\/10\/MRVI-Dragon-13000-Puffs-Dual-Mesh-Digital-Screen-2-5-Low-Nicotine-Rechargeable-2.mp4<\/a><\/video><\/div>\n<p><img data-recalc-dims=\"1\" loading=\"lazy\" decoding=\"async\" class=\"alignnone wp-image-12646 size-full\" src=\"https:\/\/i0.wp.com\/escovape.com\/wp-content\/uploads\/2024\/10\/MRVI-Dragon-13000-Puffs-Dual-Mesh-Digital-Screen-2-5-Low-Nicotine-Rechargeable-14.webp?resize=1020%2C2373&#038;ssl=1\" alt=\"MRVI Dragon 13000 bouff\u00e9es \u00c9cran num\u00e9rique double maille 2% 5% Taux de nicotine faible Vapes jetables rechargeables Acheter en gros en ligne\" width=\"1020\" height=\"2373\" title=\"\" srcset=\"https:\/\/i0.wp.com\/escovape.com\/wp-content\/uploads\/2024\/10\/MRVI-Dragon-13000-Puffs-Dual-Mesh-Digital-Screen-2-5-Low-Nicotine-Rechargeable-14.webp?w=1060&amp;ssl=1 1060w, https:\/\/i0.wp.com\/escovape.com\/wp-content\/uploads\/2024\/10\/MRVI-Dragon-13000-Puffs-Dual-Mesh-Digital-Screen-2-5-Low-Nicotine-Rechargeable-14.webp?resize=172%2C400&amp;ssl=1 172w, https:\/\/i0.wp.com\/escovape.com\/wp-content\/uploads\/2024\/10\/MRVI-Dragon-13000-Puffs-Dual-Mesh-Digital-Screen-2-5-Low-Nicotine-Rechargeable-14.webp?resize=344%2C800&amp;ssl=1 344w, https:\/\/i0.wp.com\/escovape.com\/wp-content\/uploads\/2024\/10\/MRVI-Dragon-13000-Puffs-Dual-Mesh-Digital-Screen-2-5-Low-Nicotine-Rechargeable-14.webp?resize=768%2C1787&amp;ssl=1 768w, https:\/\/i0.wp.com\/escovape.com\/wp-content\/uploads\/2024\/10\/MRVI-Dragon-13000-Puffs-Dual-Mesh-Digital-Screen-2-5-Low-Nicotine-Rechargeable-14.webp?resize=660%2C1536&amp;ssl=1 660w, https:\/\/i0.wp.com\/escovape.com\/wp-content\/uploads\/2024\/10\/MRVI-Dragon-13000-Puffs-Dual-Mesh-Digital-Screen-2-5-Low-Nicotine-Rechargeable-14.webp?resize=880%2C2048&amp;ssl=1 880w, https:\/\/i0.wp.com\/escovape.com\/wp-content\/uploads\/2024\/10\/MRVI-Dragon-13000-Puffs-Dual-Mesh-Digital-Screen-2-5-Low-Nicotine-Rechargeable-14.webp?resize=5%2C12&amp;ssl=1 5w, https:\/\/i0.wp.com\/escovape.com\/wp-content\/uploads\/2024\/10\/MRVI-Dragon-13000-Puffs-Dual-Mesh-Digital-Screen-2-5-Low-Nicotine-Rechargeable-14.webp?resize=600%2C1396&amp;ssl=1 600w\" sizes=\"auto, (max-width: 1020px) 100vw, 1020px\" \/><\/p>","protected":false},"excerpt":{"rendered":"<p>Le stylo vape jetable MRVI Dragon 13000 Puffs, disponible \u00e0 <a href=\"https:\/\/escovape.com\/fr\/\" target=\"_new\" rel=\"noopener\">Escovape<\/a>offre une exp\u00e9rience de vapotage haut de gamme avec 13000 bouff\u00e9es, une technologie de double bobine de maillage, une batterie rechargeable et une vari\u00e9t\u00e9 de saveurs riches, parfaite pour les grossistes et les amateurs de vapotage \u00e0 la recherche de qualit\u00e9 et de long\u00e9vit\u00e9.<\/p>","protected":false},"featured_media":12647,"comment_status":"open","ping_status":"closed","template":"","meta":{"_lmt_disableupdate":"no","_lmt_disable":""},"product_brand":[],"product_cat":[85,86,55,135,136,137,57,15,58,139,141,59,145,147,149,151,61,133,42,153,154],"product_tag":[],"class_list":{"0":"post-12632","1":"product","2":"type-product","3":"status-publish","4":"has-post-thumbnail","6":"product_cat-mrvi-disposable-vapes","7":"product_cat-13000-puffs-disposable-vapes","8":"product_cat-big-puffs-disposable-vapes","9":"product_cat-blue-razz-flavor-disposable-vapes","10":"product_cat-blueberry-flavor-disposable-vapes","11":"product_cat-cherry-flavor-disposable-vapes","12":"product_cat-digital-box-disposable-vapes","13":"product_cat-disposable-vapes","14":"product_cat-dual-mesh-disposable-vapes","15":"product_cat-grape-flavor-disposable-vapes","16":"product_cat-ice-flavor-disposable-vapes","17":"product_cat-lower-nicotine-disposable-vapes","18":"product_cat-mango-flavor-disposable-vapes","19":"product_cat-mixed-berries-flavor-disposable-vapes","20":"product_cat-peach-flavor-disposable-vapes","21":"product_cat-raspberry-flavor-disposable-vapes","22":"product_cat-rechargeable-disposable-vapes","23":"product_cat-shop-best-disposable-vape-flavors","24":"product_cat-shop-by-puffs","25":"product_cat-strawberry-flavor-disposable-vapes","26":"product_cat-watermelon-flavor-disposable-vapes","28":"first","29":"outofstock","30":"shipping-taxable","31":"product-type-variable"},"jetpack_sharing_enabled":true,"_links":{"self":[{"href":"https:\/\/escovape.com\/fr\/wp-json\/wp\/v2\/product\/12632","targetHints":{"allow":["GET"]}}],"collection":[{"href":"https:\/\/escovape.com\/fr\/wp-json\/wp\/v2\/product"}],"about":[{"href":"https:\/\/escovape.com\/fr\/wp-json\/wp\/v2\/types\/product"}],"replies":[{"embeddable":true,"href":"https:\/\/escovape.com\/fr\/wp-json\/wp\/v2\/comments?post=12632"}],"wp:featuredmedia":[{"embeddable":true,"href":"https:\/\/escovape.com\/fr\/wp-json\/wp\/v2\/media\/12647"}],"wp:attachment":[{"href":"https:\/\/escovape.com\/fr\/wp-json\/wp\/v2\/media?parent=12632"}],"wp:term":[{"taxonomy":"product_brand","embeddable":true,"href":"https:\/\/escovape.com\/fr\/wp-json\/wp\/v2\/product_brand?post=12632"},{"taxonomy":"product_cat","embeddable":true,"href":"https:\/\/escovape.com\/fr\/wp-json\/wp\/v2\/product_cat?post=12632"},{"taxonomy":"product_tag","embeddable":true,"href":"https:\/\/escovape.com\/fr\/wp-json\/wp\/v2\/product_tag?post=12632"}],"curies":[{"name":"wp","href":"https:\/\/api.w.org\/{rel}","templated":true}]}}