{"id":22816,"date":"2025-05-08T09:21:13","date_gmt":"2025-05-08T09:21:13","guid":{"rendered":"https:\/\/escovape.com\/?post_type=product&#038;p=22816"},"modified":"2025-09-19T08:49:22","modified_gmt":"2025-09-19T08:49:22","slug":"bang-blaze-60000-puffs-4-in-1-flavors-smart-screen-60k-0-2-3-5-low-nicotine-rechargeable-disposable-vapes-pen-bulk-buy-wholesale","status":"publish","type":"product","link":"https:\/\/escovape.com\/fr\/product\/bang-blaze-60000-puffs-4-in-1-flavors-smart-screen-60k-0-2-3-5-low-nicotine-rechargeable-disposable-vapes-pen-bulk-buy-wholesale\/","title":{"rendered":"Bang Blaze 60000 Puffs 4 en 1 Saveurs \u00c9cran Intelligent 60K 0% 2% 3% 5% faible nicotine Rechargeable Vapes jetables Pen Achat en Gros en Ligne"},"content":{"rendered":"<h2>Bang Blaze 60000 Puffs \u2013 La Vape Jetable Ultime<\/h2>\n<p>Bang Blaze 60000 Puffs : Plaisir longue dur\u00e9e<br \/>\nLe Bang Blaze 60000 Puffs est une vape jetable sp\u00e9ciale qui dure tr\u00e8s longtemps. Il est con\u00e7u pour les personnes qui veulent vapoter beaucoup sans avoir \u00e0 recharger ou \u00e0 remplacer tout le temps. Avec 56 ml de liquide et 60000 bouff\u00e9es, vous pouvez l'appr\u00e9cier pendant un temps extr\u00eamement long. Id\u00e9al pour les d\u00e9butants et les vapoteurs exp\u00e9riment\u00e9s !<br \/>\n<a href=\"https:\/\/escovape.com\/fr\/categorie-de-produits\/coup\/\">Bang Jetable Vape<\/a>4 saveurs en 1<br \/>\nCe vaporisateur dispose de 4 saveurs dans 1 appareil. De cette fa\u00e7on, vous n'avez pas \u00e0 continuer \u00e0 changer de vaporisateur. Choisissez parmi 0%, 2%, 3% ou 5% de nicotine. L'\u00e9cran pratique indique la quantit\u00e9 de batterie et de bouff\u00e9es restantes. La charge est rapide avec le chargeur Type-C. La batterie puissante de 650mAh assure une utilisation fiable.<\/p>\n<p><iframe loading=\"lazy\" title=\"Bang Blaze 60 000 bouff\u00e9es 4 saveurs en 1  #vapedisposable #bang\" width=\"563\" height=\"1000\" src=\"https:\/\/www.youtube.com\/embed\/pgCXmjJyBjU?feature=oembed\" frameborder=\"0\" allow=\"accelerometer; autoplay; clipboard-write; encrypted-media; gyroscope; picture-in-picture; web-share\" referrerpolicy=\"strict-origin-when-cross-origin\" allowfullscreen><\/iframe><\/p>\n<h2>Fonctionnalit\u00e9s importantes<\/h2>\n<p>60 000 bouff\u00e9es<br \/>\n56 ml de liquide<br \/>\nLa nicotine : 0%, 2%, 3%, 5%<br \/>\nChargeur de type C<br \/>\n\u00c9cran pour batterie et bouff\u00e9es<br \/>\n4 saveurs en 1<br \/>\nEmballage joyeux avec un singe en lunettes<\/p>\n<h2>Liste des saveurs<\/h2>\n<ol>\n<li>Past\u00e8que Glac\u00e9e + Bleuette Menthe + Fuji Glac\u00e9 + Romance Citron Vert<\/li>\n<li>Past\u00e8que Glac\u00e9e + Cerise Myrtille + Temps Estival + Mangue Ananas Piquant<\/li>\n<li>Bleuette Glace + P\u00eache Glace + Bonbon Arc-en-ciel + Citron Piquant Orange<\/li>\n<li>Bleue de Myrtille Glace + P\u00eache Mangue Past\u00e8que + Bisou de Passion + Melon Pomme<\/li>\n<li>Bleuets Framboise + M\u00e9lange de Baies + Cerise de Californie + Mangue \u00e0 la Passion<\/li>\n<li>Mycaf\u00e9 cr\u00e8me Glac\u00e9e Bleuet Framboise + Cr\u00e8me Glac\u00e9e Raisin + Cr\u00e8me Glac\u00e9e aux Fruits Rouges + Aloe Mangue Melon<\/li>\n<li>Boisson \u00e9nergisante + Fraise Banane + Mangue P\u00eache Abricot + Fruit de la passion Kiwi Citron vert<\/li>\n<li>Boisson \u00e9nergisante + Bleuette Past\u00e8que + Pomme Acide Framboise + Ours en gomme<\/li>\n<li>Strawberry Mango + Past\u00e8que Bubble Gum + Red Mojito + Love66<\/li>\n<li>Fraise Mangue + Fraise Kiwi + Pomme Raisin + Past\u00e8que Fruit Dragon<\/li>\n<li>Fraise Past\u00e8que + Glace Noire + Treize Melon + Canneberge Raisin<\/li>\n<li>Fraise Past\u00e8que + Kiwi Fruit de la Passion Goyave + Mangue Glace + Past\u00e8que P\u00eache Acide<\/li>\n<\/ol>\n<h2>Vente en gros de vapeur : Pourquoi choisir Bang Blaze ?<\/h2>\n<p>Pour le d\u00e9tail et le gros, le Bang Blaze 60000 Puffs est un bon choix. Il offre de nombreuses saveurs et options de nicotine. La qualit\u00e9 est \u00e9lev\u00e9e et le prix est comp\u00e9titif. Commandez facilement de grandes quantit\u00e9s via Escovape, le plus grand grossiste en ligne de vapes aux Pays-Bas, en Allemagne, en Belgique et en Espagne.<br \/>\nComment commander ?<br \/>\nAllez sur Escovape, choisissez vos saveurs et votre quantit\u00e9. Paiement s\u00e9curis\u00e9 et livraison rapide. Escovape ne vend que des produits fiables de bonnes marques. Id\u00e9al pour les magasins qui veulent garder leurs clients satisfaits.<\/p>\n<p>&nbsp;<\/p>\n<p><img data-recalc-dims=\"1\" loading=\"lazy\" decoding=\"async\" class=\"alignnone wp-image-22820 size-large\" src=\"https:\/\/i0.wp.com\/escovape.com\/wp-content\/uploads\/2025\/04\/Bang-Blaze-60000-Puffs-4-in-1-Flavors-Smart-Screen-60K-0-2-3-5-Low-Nicotine-Rechargeable-25.webp?resize=1020%2C510&#038;ssl=1\" alt=\"Bang Blaze 60000 Puffs 4 en 1 Saveurs \u00c9cran Intelligent 60K 0% 2% 3% 5% faible nicotine Rechargeable Vapes jetables Pen Achat en Gros en Ligne\" width=\"1020\" height=\"510\" title=\"\" srcset=\"https:\/\/i0.wp.com\/escovape.com\/wp-content\/uploads\/2025\/04\/Bang-Blaze-60000-Puffs-4-in-1-Flavors-Smart-Screen-60K-0-2-3-5-Low-Nicotine-Rechargeable-25-scaled.webp?resize=1400%2C700&amp;ssl=1 1400w, https:\/\/i0.wp.com\/escovape.com\/wp-content\/uploads\/2025\/04\/Bang-Blaze-60000-Puffs-4-in-1-Flavors-Smart-Screen-60K-0-2-3-5-Low-Nicotine-Rechargeable-25-scaled.webp?resize=800%2C400&amp;ssl=1 800w, https:\/\/i0.wp.com\/escovape.com\/wp-content\/uploads\/2025\/04\/Bang-Blaze-60000-Puffs-4-in-1-Flavors-Smart-Screen-60K-0-2-3-5-Low-Nicotine-Rechargeable-25-scaled.webp?resize=768%2C384&amp;ssl=1 768w, https:\/\/i0.wp.com\/escovape.com\/wp-content\/uploads\/2025\/04\/Bang-Blaze-60000-Puffs-4-in-1-Flavors-Smart-Screen-60K-0-2-3-5-Low-Nicotine-Rechargeable-25-scaled.webp?resize=1536%2C768&amp;ssl=1 1536w, https:\/\/i0.wp.com\/escovape.com\/wp-content\/uploads\/2025\/04\/Bang-Blaze-60000-Puffs-4-in-1-Flavors-Smart-Screen-60K-0-2-3-5-Low-Nicotine-Rechargeable-25-scaled.webp?resize=2048%2C1024&amp;ssl=1 2048w, https:\/\/i0.wp.com\/escovape.com\/wp-content\/uploads\/2025\/04\/Bang-Blaze-60000-Puffs-4-in-1-Flavors-Smart-Screen-60K-0-2-3-5-Low-Nicotine-Rechargeable-25-scaled.webp?resize=18%2C9&amp;ssl=1 18w, https:\/\/i0.wp.com\/escovape.com\/wp-content\/uploads\/2025\/04\/Bang-Blaze-60000-Puffs-4-in-1-Flavors-Smart-Screen-60K-0-2-3-5-Low-Nicotine-Rechargeable-25-scaled.webp?resize=600%2C300&amp;ssl=1 600w\" sizes=\"auto, (max-width: 1020px) 100vw, 1020px\" \/><\/p>\n<p><img data-recalc-dims=\"1\" loading=\"lazy\" decoding=\"async\" class=\"alignnone wp-image-22819 size-large\" src=\"https:\/\/i0.wp.com\/escovape.com\/wp-content\/uploads\/2025\/04\/Bang-Blaze-60000-Puffs-4-in-1-Flavors-Smart-Screen-60K-0-2-3-5-Low-Nicotine-Rechargeable-24.webp?resize=800%2C800&#038;ssl=1\" alt=\"Bang Blaze 60000 Puffs 4 en 1 Saveurs \u00c9cran Intelligent 60K 0% 2% 3% 5% faible nicotine Rechargeable Vapes jetables Pen Achat en Gros en Ligne\" width=\"800\" height=\"800\" title=\"\" srcset=\"https:\/\/i0.wp.com\/escovape.com\/wp-content\/uploads\/2025\/04\/Bang-Blaze-60000-Puffs-4-in-1-Flavors-Smart-Screen-60K-0-2-3-5-Low-Nicotine-Rechargeable-24.webp?resize=800%2C800&amp;ssl=1 800w, https:\/\/i0.wp.com\/escovape.com\/wp-content\/uploads\/2025\/04\/Bang-Blaze-60000-Puffs-4-in-1-Flavors-Smart-Screen-60K-0-2-3-5-Low-Nicotine-Rechargeable-24.webp?resize=400%2C400&amp;ssl=1 400w, https:\/\/i0.wp.com\/escovape.com\/wp-content\/uploads\/2025\/04\/Bang-Blaze-60000-Puffs-4-in-1-Flavors-Smart-Screen-60K-0-2-3-5-Low-Nicotine-Rechargeable-24.webp?resize=280%2C280&amp;ssl=1 280w, https:\/\/i0.wp.com\/escovape.com\/wp-content\/uploads\/2025\/04\/Bang-Blaze-60000-Puffs-4-in-1-Flavors-Smart-Screen-60K-0-2-3-5-Low-Nicotine-Rechargeable-24.webp?resize=768%2C768&amp;ssl=1 768w, https:\/\/i0.wp.com\/escovape.com\/wp-content\/uploads\/2025\/04\/Bang-Blaze-60000-Puffs-4-in-1-Flavors-Smart-Screen-60K-0-2-3-5-Low-Nicotine-Rechargeable-24.webp?resize=1536%2C1536&amp;ssl=1 1536w, https:\/\/i0.wp.com\/escovape.com\/wp-content\/uploads\/2025\/04\/Bang-Blaze-60000-Puffs-4-in-1-Flavors-Smart-Screen-60K-0-2-3-5-Low-Nicotine-Rechargeable-24.webp?resize=12%2C12&amp;ssl=1 12w, https:\/\/i0.wp.com\/escovape.com\/wp-content\/uploads\/2025\/04\/Bang-Blaze-60000-Puffs-4-in-1-Flavors-Smart-Screen-60K-0-2-3-5-Low-Nicotine-Rechargeable-24.webp?resize=300%2C300&amp;ssl=1 300w, https:\/\/i0.wp.com\/escovape.com\/wp-content\/uploads\/2025\/04\/Bang-Blaze-60000-Puffs-4-in-1-Flavors-Smart-Screen-60K-0-2-3-5-Low-Nicotine-Rechargeable-24.webp?resize=600%2C600&amp;ssl=1 600w, https:\/\/i0.wp.com\/escovape.com\/wp-content\/uploads\/2025\/04\/Bang-Blaze-60000-Puffs-4-in-1-Flavors-Smart-Screen-60K-0-2-3-5-Low-Nicotine-Rechargeable-24.webp?resize=100%2C100&amp;ssl=1 100w, https:\/\/i0.wp.com\/escovape.com\/wp-content\/uploads\/2025\/04\/Bang-Blaze-60000-Puffs-4-in-1-Flavors-Smart-Screen-60K-0-2-3-5-Low-Nicotine-Rechargeable-24.webp?w=2000&amp;ssl=1 2000w\" sizes=\"auto, (max-width: 800px) 100vw, 800px\" \/><\/p>\n<p><img data-recalc-dims=\"1\" loading=\"lazy\" decoding=\"async\" class=\"alignnone wp-image-22818 size-large\" src=\"https:\/\/i0.wp.com\/escovape.com\/wp-content\/uploads\/2025\/04\/Bang-Blaze-60000-Puffs-4-in-1-Flavors-Smart-Screen-60K-0-2-3-5-Low-Nicotine-Rechargeable-23.webp?resize=800%2C800&#038;ssl=1\" alt=\"Bang Blaze 60000 Puffs 4 en 1 Saveurs \u00c9cran Intelligent 60K 0% 2% 3% 5% faible nicotine Rechargeable Vapes jetables Pen Achat en Gros en Ligne\" width=\"800\" height=\"800\" title=\"\" srcset=\"https:\/\/i0.wp.com\/escovape.com\/wp-content\/uploads\/2025\/04\/Bang-Blaze-60000-Puffs-4-in-1-Flavors-Smart-Screen-60K-0-2-3-5-Low-Nicotine-Rechargeable-23.webp?resize=800%2C800&amp;ssl=1 800w, https:\/\/i0.wp.com\/escovape.com\/wp-content\/uploads\/2025\/04\/Bang-Blaze-60000-Puffs-4-in-1-Flavors-Smart-Screen-60K-0-2-3-5-Low-Nicotine-Rechargeable-23.webp?resize=400%2C400&amp;ssl=1 400w, https:\/\/i0.wp.com\/escovape.com\/wp-content\/uploads\/2025\/04\/Bang-Blaze-60000-Puffs-4-in-1-Flavors-Smart-Screen-60K-0-2-3-5-Low-Nicotine-Rechargeable-23.webp?resize=280%2C280&amp;ssl=1 280w, https:\/\/i0.wp.com\/escovape.com\/wp-content\/uploads\/2025\/04\/Bang-Blaze-60000-Puffs-4-in-1-Flavors-Smart-Screen-60K-0-2-3-5-Low-Nicotine-Rechargeable-23.webp?resize=768%2C768&amp;ssl=1 768w, https:\/\/i0.wp.com\/escovape.com\/wp-content\/uploads\/2025\/04\/Bang-Blaze-60000-Puffs-4-in-1-Flavors-Smart-Screen-60K-0-2-3-5-Low-Nicotine-Rechargeable-23.webp?resize=1536%2C1536&amp;ssl=1 1536w, https:\/\/i0.wp.com\/escovape.com\/wp-content\/uploads\/2025\/04\/Bang-Blaze-60000-Puffs-4-in-1-Flavors-Smart-Screen-60K-0-2-3-5-Low-Nicotine-Rechargeable-23.webp?resize=12%2C12&amp;ssl=1 12w, https:\/\/i0.wp.com\/escovape.com\/wp-content\/uploads\/2025\/04\/Bang-Blaze-60000-Puffs-4-in-1-Flavors-Smart-Screen-60K-0-2-3-5-Low-Nicotine-Rechargeable-23.webp?resize=300%2C300&amp;ssl=1 300w, https:\/\/i0.wp.com\/escovape.com\/wp-content\/uploads\/2025\/04\/Bang-Blaze-60000-Puffs-4-in-1-Flavors-Smart-Screen-60K-0-2-3-5-Low-Nicotine-Rechargeable-23.webp?resize=600%2C600&amp;ssl=1 600w, https:\/\/i0.wp.com\/escovape.com\/wp-content\/uploads\/2025\/04\/Bang-Blaze-60000-Puffs-4-in-1-Flavors-Smart-Screen-60K-0-2-3-5-Low-Nicotine-Rechargeable-23.webp?resize=100%2C100&amp;ssl=1 100w, https:\/\/i0.wp.com\/escovape.com\/wp-content\/uploads\/2025\/04\/Bang-Blaze-60000-Puffs-4-in-1-Flavors-Smart-Screen-60K-0-2-3-5-Low-Nicotine-Rechargeable-23.webp?w=2000&amp;ssl=1 2000w\" sizes=\"auto, (max-width: 800px) 100vw, 800px\" \/><\/p>\n<p><img data-recalc-dims=\"1\" loading=\"lazy\" decoding=\"async\" class=\"alignnone wp-image-22815 size-large\" src=\"https:\/\/i0.wp.com\/escovape.com\/wp-content\/uploads\/2025\/04\/Bang-Blaze-60000-Puffs-4-in-1-Flavors-Smart-Screen-60K-0-2-3-5-Low-Nicotine-Rechargeable-21.webp?resize=800%2C800&#038;ssl=1\" alt=\"Bang Blaze 60000 Puffs 4 en 1 Saveurs \u00c9cran Intelligent 60K 0% 2% 3% 5% faible nicotine Rechargeable Vapes jetables Pen Achat en Gros en Ligne\" width=\"800\" height=\"800\" title=\"\" srcset=\"https:\/\/i0.wp.com\/escovape.com\/wp-content\/uploads\/2025\/04\/Bang-Blaze-60000-Puffs-4-in-1-Flavors-Smart-Screen-60K-0-2-3-5-Low-Nicotine-Rechargeable-21.webp?resize=800%2C800&amp;ssl=1 800w, https:\/\/i0.wp.com\/escovape.com\/wp-content\/uploads\/2025\/04\/Bang-Blaze-60000-Puffs-4-in-1-Flavors-Smart-Screen-60K-0-2-3-5-Low-Nicotine-Rechargeable-21.webp?resize=400%2C400&amp;ssl=1 400w, https:\/\/i0.wp.com\/escovape.com\/wp-content\/uploads\/2025\/04\/Bang-Blaze-60000-Puffs-4-in-1-Flavors-Smart-Screen-60K-0-2-3-5-Low-Nicotine-Rechargeable-21.webp?resize=280%2C280&amp;ssl=1 280w, https:\/\/i0.wp.com\/escovape.com\/wp-content\/uploads\/2025\/04\/Bang-Blaze-60000-Puffs-4-in-1-Flavors-Smart-Screen-60K-0-2-3-5-Low-Nicotine-Rechargeable-21.webp?resize=768%2C768&amp;ssl=1 768w, https:\/\/i0.wp.com\/escovape.com\/wp-content\/uploads\/2025\/04\/Bang-Blaze-60000-Puffs-4-in-1-Flavors-Smart-Screen-60K-0-2-3-5-Low-Nicotine-Rechargeable-21.webp?resize=1536%2C1536&amp;ssl=1 1536w, https:\/\/i0.wp.com\/escovape.com\/wp-content\/uploads\/2025\/04\/Bang-Blaze-60000-Puffs-4-in-1-Flavors-Smart-Screen-60K-0-2-3-5-Low-Nicotine-Rechargeable-21.webp?resize=12%2C12&amp;ssl=1 12w, https:\/\/i0.wp.com\/escovape.com\/wp-content\/uploads\/2025\/04\/Bang-Blaze-60000-Puffs-4-in-1-Flavors-Smart-Screen-60K-0-2-3-5-Low-Nicotine-Rechargeable-21.webp?resize=300%2C300&amp;ssl=1 300w, https:\/\/i0.wp.com\/escovape.com\/wp-content\/uploads\/2025\/04\/Bang-Blaze-60000-Puffs-4-in-1-Flavors-Smart-Screen-60K-0-2-3-5-Low-Nicotine-Rechargeable-21.webp?resize=600%2C600&amp;ssl=1 600w, https:\/\/i0.wp.com\/escovape.com\/wp-content\/uploads\/2025\/04\/Bang-Blaze-60000-Puffs-4-in-1-Flavors-Smart-Screen-60K-0-2-3-5-Low-Nicotine-Rechargeable-21.webp?resize=100%2C100&amp;ssl=1 100w, https:\/\/i0.wp.com\/escovape.com\/wp-content\/uploads\/2025\/04\/Bang-Blaze-60000-Puffs-4-in-1-Flavors-Smart-Screen-60K-0-2-3-5-Low-Nicotine-Rechargeable-21.webp?w=2000&amp;ssl=1 2000w\" sizes=\"auto, (max-width: 800px) 100vw, 800px\" \/><\/p>\n<p><img data-recalc-dims=\"1\" loading=\"lazy\" decoding=\"async\" class=\"alignnone wp-image-22817 size-large\" src=\"https:\/\/i0.wp.com\/escovape.com\/wp-content\/uploads\/2025\/04\/Bang-Blaze-60000-Puffs-4-in-1-Flavors-Smart-Screen-60K-0-2-3-5-Low-Nicotine-Rechargeable-22.webp?resize=800%2C800&#038;ssl=1\" alt=\"Bang Blaze 60000 Puffs 4 en 1 Saveurs \u00c9cran Intelligent 60K 0% 2% 3% 5% faible nicotine Rechargeable Vapes jetables Pen Achat en Gros en Ligne\" width=\"800\" height=\"800\" title=\"\" srcset=\"https:\/\/i0.wp.com\/escovape.com\/wp-content\/uploads\/2025\/04\/Bang-Blaze-60000-Puffs-4-in-1-Flavors-Smart-Screen-60K-0-2-3-5-Low-Nicotine-Rechargeable-22.webp?resize=800%2C800&amp;ssl=1 800w, https:\/\/i0.wp.com\/escovape.com\/wp-content\/uploads\/2025\/04\/Bang-Blaze-60000-Puffs-4-in-1-Flavors-Smart-Screen-60K-0-2-3-5-Low-Nicotine-Rechargeable-22.webp?resize=400%2C400&amp;ssl=1 400w, https:\/\/i0.wp.com\/escovape.com\/wp-content\/uploads\/2025\/04\/Bang-Blaze-60000-Puffs-4-in-1-Flavors-Smart-Screen-60K-0-2-3-5-Low-Nicotine-Rechargeable-22.webp?resize=280%2C280&amp;ssl=1 280w, https:\/\/i0.wp.com\/escovape.com\/wp-content\/uploads\/2025\/04\/Bang-Blaze-60000-Puffs-4-in-1-Flavors-Smart-Screen-60K-0-2-3-5-Low-Nicotine-Rechargeable-22.webp?resize=768%2C768&amp;ssl=1 768w, https:\/\/i0.wp.com\/escovape.com\/wp-content\/uploads\/2025\/04\/Bang-Blaze-60000-Puffs-4-in-1-Flavors-Smart-Screen-60K-0-2-3-5-Low-Nicotine-Rechargeable-22.webp?resize=1536%2C1536&amp;ssl=1 1536w, https:\/\/i0.wp.com\/escovape.com\/wp-content\/uploads\/2025\/04\/Bang-Blaze-60000-Puffs-4-in-1-Flavors-Smart-Screen-60K-0-2-3-5-Low-Nicotine-Rechargeable-22.webp?resize=12%2C12&amp;ssl=1 12w, https:\/\/i0.wp.com\/escovape.com\/wp-content\/uploads\/2025\/04\/Bang-Blaze-60000-Puffs-4-in-1-Flavors-Smart-Screen-60K-0-2-3-5-Low-Nicotine-Rechargeable-22.webp?resize=300%2C300&amp;ssl=1 300w, https:\/\/i0.wp.com\/escovape.com\/wp-content\/uploads\/2025\/04\/Bang-Blaze-60000-Puffs-4-in-1-Flavors-Smart-Screen-60K-0-2-3-5-Low-Nicotine-Rechargeable-22.webp?resize=600%2C600&amp;ssl=1 600w, https:\/\/i0.wp.com\/escovape.com\/wp-content\/uploads\/2025\/04\/Bang-Blaze-60000-Puffs-4-in-1-Flavors-Smart-Screen-60K-0-2-3-5-Low-Nicotine-Rechargeable-22.webp?resize=100%2C100&amp;ssl=1 100w, https:\/\/i0.wp.com\/escovape.com\/wp-content\/uploads\/2025\/04\/Bang-Blaze-60000-Puffs-4-in-1-Flavors-Smart-Screen-60K-0-2-3-5-Low-Nicotine-Rechargeable-22.webp?w=2000&amp;ssl=1 2000w\" sizes=\"auto, (max-width: 800px) 100vw, 800px\" \/><\/p>","protected":false},"excerpt":{"rendered":"<p>Le <strong>Bang Blaze 60000 Puffs \n\n(Bang Blaze 60000 bouff\u00e9es) \n\n remains \nBang Blaze 60000 Puffs<\/strong> est une vape jetable rechargeable haute performance avec 56 ml de e-liquide, une fonctionnalit\u00e9 de saveur 4-en-1, un \u00e9cran intelligent et des intensit\u00e9s de nicotine personnalisables, offrant jusqu'\u00e0 60 000 bouff\u00e9es de vapeur longue dur\u00e9e et satisfaisante dans un design vibrant et convivial.<\/p>","protected":false},"featured_media":22809,"comment_status":"open","ping_status":"closed","template":"","meta":{"_lmt_disableupdate":"no","_lmt_disable":""},"product_brand":[],"product_cat":[18,193,55,57,97,98,99,100,101,102,103,104,105,106,107,108,109,110,111,112,113,114,15,59,61,133,42],"product_tag":[],"class_list":{"0":"post-22816","1":"product","2":"type-product","3":"status-publish","4":"has-post-thumbnail","6":"product_cat-bang","7":"product_cat-60000-puffs-disposable-vapes","8":"product_cat-big-puffs-disposable-vapes","9":"product_cat-digital-box-disposable-vapes","10":"product_cat-disposable-vape-in-europe","11":"product_cat-disposable-vape-wholesale-austria","12":"product_cat-disposable-vape-wholesale-belgium","13":"product_cat-disposable-vape-wholesale-czech-republic","14":"product_cat-disposable-vape-wholesale-denmark","15":"product_cat-disposable-vape-wholesale-finland","16":"product_cat-disposable-vape-wholesale-france","17":"product_cat-disposable-vape-wholesale-germany","18":"product_cat-disposable-vape-wholesale-greece","19":"product_cat-disposable-vape-wholesale-hungary","20":"product_cat-disposable-vape-wholesale-italy","21":"product_cat-disposable-vape-wholesale-netherlands","22":"product_cat-disposable-vape-wholesale-norway","23":"product_cat-disposable-vape-wholesale-portugal","24":"product_cat-disposable-vape-wholesale-romania","25":"product_cat-disposable-vape-wholesale-spain","26":"product_cat-disposable-vape-wholesale-sweden","27":"product_cat-disposable-vape-wholesale-switzerland","28":"product_cat-disposable-vapes","29":"product_cat-lower-nicotine-disposable-vapes","30":"product_cat-rechargeable-disposable-vapes","31":"product_cat-shop-best-disposable-vape-flavors","32":"product_cat-shop-by-puffs","34":"first","35":"instock","36":"shipping-taxable","37":"purchasable","38":"product-type-variable"},"jetpack_sharing_enabled":true,"_links":{"self":[{"href":"https:\/\/escovape.com\/fr\/wp-json\/wp\/v2\/product\/22816","targetHints":{"allow":["GET"]}}],"collection":[{"href":"https:\/\/escovape.com\/fr\/wp-json\/wp\/v2\/product"}],"about":[{"href":"https:\/\/escovape.com\/fr\/wp-json\/wp\/v2\/types\/product"}],"replies":[{"embeddable":true,"href":"https:\/\/escovape.com\/fr\/wp-json\/wp\/v2\/comments?post=22816"}],"wp:featuredmedia":[{"embeddable":true,"href":"https:\/\/escovape.com\/fr\/wp-json\/wp\/v2\/media\/22809"}],"wp:attachment":[{"href":"https:\/\/escovape.com\/fr\/wp-json\/wp\/v2\/media?parent=22816"}],"wp:term":[{"taxonomy":"product_brand","embeddable":true,"href":"https:\/\/escovape.com\/fr\/wp-json\/wp\/v2\/product_brand?post=22816"},{"taxonomy":"product_cat","embeddable":true,"href":"https:\/\/escovape.com\/fr\/wp-json\/wp\/v2\/product_cat?post=22816"},{"taxonomy":"product_tag","embeddable":true,"href":"https:\/\/escovape.com\/fr\/wp-json\/wp\/v2\/product_tag?post=22816"}],"curies":[{"name":"wp","href":"https:\/\/api.w.org\/{rel}","templated":true}]}}