{"id":23182,"date":"2025-05-13T08:23:50","date_gmt":"2025-05-13T08:23:50","guid":{"rendered":"https:\/\/escovape.com\/?post_type=product&#038;p=23182"},"modified":"2026-02-10T16:05:49","modified_gmt":"2026-02-10T16:05:49","slug":"vape-40-000-bouffees-affichage-de-detection-de-5-faible-nicotine-vapeurs-rechargeables-en-un-coup-disposables-stylo-achat-en-vrac-vente-au-detail-en-gros","status":"publish","type":"product","link":"https:\/\/escovape.com\/fr\/product\/vozol-rave-40000-puffs-sensing-display-5-low-nicotine-rechargeable-disposable-vapes-pen-bulk-buy-wholesale\/","title":{"rendered":"Vozol Rave 40000 bouff\u00e9es Affichage de d\u00e9tection 5% faible en nicotine Vape jetable rechargeable Acheter en gros en vrac"},"content":{"rendered":"<div style=\"width: 960px;\" class=\"wp-video\"><video class=\"wp-video-shortcode\" id=\"video-23182-1\" width=\"960\" height=\"544\" preload=\"metadata\" controls=\"controls\"><source type=\"video\/mp4\" src=\"https:\/\/escovape.com\/wp-content\/uploads\/2025\/05\/Vozol-Rave-40000-Puffs-Sensing-Display-5-Low-Nicotine-Rechargeable-Escovape.mp4?_=1\" \/><a href=\"https:\/\/escovape.com\/wp-content\/uploads\/2025\/05\/Vozol-Rave-40000-Puffs-Sensing-Display-5-Low-Nicotine-Rechargeable-Escovape.mp4\">https:\/\/escovape.com\/wp-content\/uploads\/2025\/05\/Vozol-Rave-40000-Puffs-Sensing-Display-5-Low-Nicotine-Rechargeable-Escovape.mp4<\/a><\/video><\/div>\n<h2>Vozol Rave 40000 Puffs \u2013 Vape id\u00e9al pour une utilisation prolong\u00e9e<\/h2>\n<p>D\u00e9couvrez le <a href=\"https:\/\/escovape.com\/fr\/categorie-de-produits\/vapes-jetables-vozol\/\">Vape jetable Vozol<\/a>: un vapoteur jetable pratique qui est durable et facile \u00e0 utiliser. Ce vapoteur convient \u00e0 tout le monde, aux d\u00e9butants comme aux utilisateurs exp\u00e9riment\u00e9s. Vous pouvez l'acheter \u00e0 bas prix en gros via Escovape, id\u00e9al pour les magasins qui souhaitent offrir une qualit\u00e9.<br \/>\nQu'est-ce qui rend le Vozol Rave 40000 Puffs sp\u00e9cial ?<br \/>\nCette vape dispose d'une double bobine de maille pour une vapeur lisse avec beaucoup de saveur. Elle dispose de deux modes : le mode Eco (25 000 bouff\u00e9es, saveur douce) et le mode Power (18 000 bouff\u00e9es, saveur forte et gros nuages). L'\u00e9cran de 5,3 cm indique la quantit\u00e9 de batterie restante et combien vous pouvez encore utiliser.<\/p>\n<h2><a href=\"https:\/\/escovape.com\/fr\/categorie-de-produits\/vapes-jetables-vozol\/\">Vozol<\/a> Rave 40000 Puffs Caract\u00e9ristiques cl\u00e9s :<\/h2>\n<p>Dure longtemps : jusqu'\u00e0 25 000 bouff\u00e9es<br \/>\nDeux modes : choisir entre doux ou fort<br \/>\nBobines \u00e0 double maille : meilleur go\u00fbt et vapeur lisse<br \/>\nBatterie rechargeable : 1000 mAh, charge rapide avec USB-C<br \/>\n5% nicotine : doux pour la gorge mais efficace<br \/>\n\u00c9tanche : pas de probl\u00e8me avec les liquides<br \/>\nL\u00e9ger et robuste : facile \u00e0 transporter<\/p>\n<h2>Vozol Rave 40000 Puffs Des saveurs amusantes \u00e0 essayer<\/h2>\n<p>Choisissez parmi les saveurs telles que :<br \/>\nDeux pommes<br \/>\nGlace \u00e0 la past\u00e8que<br \/>\nMangue P\u00eache<br \/>\nCr\u00e8me Glac\u00e9e aux Myrtilles<br \/>\nCoca-Cola aux cerises<br \/>\n\u2026et bien d'autres encore ! Toutes les saveurs sont soigneusement \u00e9labor\u00e9es.<\/p>\n<h2>Pourquoi choisir Vozol Rave 40000 Puffs ?<\/h2>\n<p>Ce vaporisateur est fiable et fonctionne longtemps sans aucun probl\u00e8me. Avec des informations claires \u00e0 l'\u00e9cran, vous savez toujours \u00e0 quoi vous attendre. Id\u00e9al pour ceux qui aiment les gros nuages de vapeur (style DTL).<br \/>\nPossibilit\u00e9s de gros de la vape<br \/>\nChez Escovape, vous pouvez commander de grandes quantit\u00e9s \u00e0 des prix bas. Nous livrons rapidement aux Pays-Bas, en Allemagne, en Belgique et en Espagne. Parfait pour les magasins qui veulent offrir \u00e0 leurs clients une bonne vape sans tracas.<\/p>\n<h2>Commandez maintenant en grandes quantit\u00e9s<\/h2>\n<p>Le Vozol Disposable Vape est populaire en raison de sa durabilit\u00e9 et de ses saveurs amusantes. Vous souhaitez augmenter votre stock ? Allez sur Escovape et passez commande d\u00e8s aujourd'hui. Simple, rapide et fiable !<br \/>\nVous cherchez un vape fort et amusant ? Le Vozol Rave 40000 Puffs est un excellent choix !<\/p>\n<p><img data-recalc-dims=\"1\" loading=\"lazy\" decoding=\"async\" class=\"alignnone wp-image-23267 size-full\" src=\"https:\/\/i0.wp.com\/escovape.com\/wp-content\/uploads\/2025\/05\/Vozol-Rave-40000-Puffs-Sensing-Display-5-Low-Nicotine-Rechargeable-3.webp?resize=1020%2C1442&#038;ssl=1\" alt=\"Vozol Rave 40000 bouff\u00e9es Affichage de d\u00e9tection 5% faible en nicotine Vape jetable rechargeable Acheter en gros en vrac\" width=\"1020\" height=\"1442\" title=\"\" srcset=\"https:\/\/i0.wp.com\/escovape.com\/wp-content\/uploads\/2025\/05\/Vozol-Rave-40000-Puffs-Sensing-Display-5-Low-Nicotine-Rechargeable-3.webp?w=1280&amp;ssl=1 1280w, https:\/\/i0.wp.com\/escovape.com\/wp-content\/uploads\/2025\/05\/Vozol-Rave-40000-Puffs-Sensing-Display-5-Low-Nicotine-Rechargeable-3.webp?resize=283%2C400&amp;ssl=1 283w, https:\/\/i0.wp.com\/escovape.com\/wp-content\/uploads\/2025\/05\/Vozol-Rave-40000-Puffs-Sensing-Display-5-Low-Nicotine-Rechargeable-3.webp?resize=566%2C800&amp;ssl=1 566w, https:\/\/i0.wp.com\/escovape.com\/wp-content\/uploads\/2025\/05\/Vozol-Rave-40000-Puffs-Sensing-Display-5-Low-Nicotine-Rechargeable-3.webp?resize=768%2C1086&amp;ssl=1 768w, https:\/\/i0.wp.com\/escovape.com\/wp-content\/uploads\/2025\/05\/Vozol-Rave-40000-Puffs-Sensing-Display-5-Low-Nicotine-Rechargeable-3.webp?resize=1086%2C1536&amp;ssl=1 1086w, https:\/\/i0.wp.com\/escovape.com\/wp-content\/uploads\/2025\/05\/Vozol-Rave-40000-Puffs-Sensing-Display-5-Low-Nicotine-Rechargeable-3.webp?resize=8%2C12&amp;ssl=1 8w, https:\/\/i0.wp.com\/escovape.com\/wp-content\/uploads\/2025\/05\/Vozol-Rave-40000-Puffs-Sensing-Display-5-Low-Nicotine-Rechargeable-3.webp?resize=600%2C848&amp;ssl=1 600w\" sizes=\"auto, (max-width: 1020px) 100vw, 1020px\" \/><\/p>","protected":false},"excerpt":{"rendered":"<p>Le <strong data-start=\"4\" data-end=\"47\">Vozol Rave 40000 Puffs Vapes jetables<\/strong> Offrez une exp\u00e9rience de vapotage r\u00e9volutionnaire avec un \u00e9cran \u00e0 d\u00e9tection de rythme \u00e0 270\u00b0, une technologie de double bobine de maillage, une intensit\u00e9 de nicotine de 5% et jusqu'\u00e0 40 000 bouff\u00e9es en mode r\u00e9gulier, tout disponible pour un achat en gros sur <strong data-start=\"246\" data-end=\"258\">Escovape<\/strong> Pour ceux qui recherchent une qualit\u00e9 et une commodit\u00e9 sup\u00e9rieures.<\/p>","protected":false},"featured_media":23270,"comment_status":"open","ping_status":"closed","template":"","meta":{"_lmt_disableupdate":"no","_lmt_disable":""},"product_brand":[],"product_cat":[162,123,55,57,97,98,99,100,101,102,103,104,105,106,107,108,109,110,111,112,113,114,15,58,132,59,61,133,42],"product_tag":[],"class_list":{"0":"post-23182","1":"product","2":"type-product","3":"status-publish","4":"has-post-thumbnail","6":"product_cat-vozol-disposable-vapes","7":"product_cat-40000-puffs-disposable-vapes","8":"product_cat-big-puffs-disposable-vapes","9":"product_cat-digital-box-disposable-vapes","10":"product_cat-disposable-vape-in-europe","11":"product_cat-disposable-vape-wholesale-austria","12":"product_cat-disposable-vape-wholesale-belgium","13":"product_cat-disposable-vape-wholesale-czech-republic","14":"product_cat-disposable-vape-wholesale-denmark","15":"product_cat-disposable-vape-wholesale-finland","16":"product_cat-disposable-vape-wholesale-france","17":"product_cat-disposable-vape-wholesale-germany","18":"product_cat-disposable-vape-wholesale-greece","19":"product_cat-disposable-vape-wholesale-hungary","20":"product_cat-disposable-vape-wholesale-italy","21":"product_cat-disposable-vape-wholesale-netherlands","22":"product_cat-disposable-vape-wholesale-norway","23":"product_cat-disposable-vape-wholesale-portugal","24":"product_cat-disposable-vape-wholesale-romania","25":"product_cat-disposable-vape-wholesale-spain","26":"product_cat-disposable-vape-wholesale-sweden","27":"product_cat-disposable-vape-wholesale-switzerland","28":"product_cat-disposable-vapes","29":"product_cat-dual-mesh-disposable-vapes","30":"product_cat-european-vape-warehouse-stock","31":"product_cat-lower-nicotine-disposable-vapes","32":"product_cat-rechargeable-disposable-vapes","33":"product_cat-shop-best-disposable-vape-flavors","34":"product_cat-shop-by-puffs","36":"first","37":"instock","38":"shipping-taxable","39":"purchasable","40":"product-type-variable"},"jetpack_sharing_enabled":true,"_links":{"self":[{"href":"https:\/\/escovape.com\/fr\/wp-json\/wp\/v2\/product\/23182","targetHints":{"allow":["GET"]}}],"collection":[{"href":"https:\/\/escovape.com\/fr\/wp-json\/wp\/v2\/product"}],"about":[{"href":"https:\/\/escovape.com\/fr\/wp-json\/wp\/v2\/types\/product"}],"replies":[{"embeddable":true,"href":"https:\/\/escovape.com\/fr\/wp-json\/wp\/v2\/comments?post=23182"}],"wp:featuredmedia":[{"embeddable":true,"href":"https:\/\/escovape.com\/fr\/wp-json\/wp\/v2\/media\/23270"}],"wp:attachment":[{"href":"https:\/\/escovape.com\/fr\/wp-json\/wp\/v2\/media?parent=23182"}],"wp:term":[{"taxonomy":"product_brand","embeddable":true,"href":"https:\/\/escovape.com\/fr\/wp-json\/wp\/v2\/product_brand?post=23182"},{"taxonomy":"product_cat","embeddable":true,"href":"https:\/\/escovape.com\/fr\/wp-json\/wp\/v2\/product_cat?post=23182"},{"taxonomy":"product_tag","embeddable":true,"href":"https:\/\/escovape.com\/fr\/wp-json\/wp\/v2\/product_tag?post=23182"}],"curies":[{"name":"wp","href":"https:\/\/api.w.org\/{rel}","templated":true}]}}