{"id":23862,"date":"2025-06-02T09:43:39","date_gmt":"2025-06-02T09:43:39","guid":{"rendered":"https:\/\/escovape.com\/?post_type=product&#038;p=23862"},"modified":"2025-09-02T09:29:41","modified_gmt":"2025-09-02T09:29:41","slug":"bang-b30s-dsk018-jetable-vape-30000-bouffees-36ml-e-liquide-550mah-batterie-distributeur-professionnel-pour-detail-en-gros-en-europe","status":"publish","type":"product","link":"https:\/\/escovape.com\/fr\/product\/bang-b30s-dsk018-disposable-vape-30000-puffs-36ml-e-liquid-550mah-battery-professional-distributor-for-retail-wholesale-in-europe\/","title":{"rendered":"Bang B30S DSK018 Jetable Vape 30000 Bouff\u00e9es 36ml E-Liquide Batterie 550mAh  Distributeur Professionnel pour D\u00e9tail Grossiste en Europe"},"content":{"rendered":"<h2>Pr\u00e9sentation du <a href=\"https:\/\/escovape.com\/fr\/categorie-de-produits\/coup\/\">Bang<\/a> B30S DSK018 : Red\u00e9finir <a href=\"https:\/\/escovape.com\/fr\/\">Vape jetable<\/a> Excellence<\/h2>\n<p>Pour les d\u00e9taillants et les grossistes europ\u00e9ens exigeants \u00e0 la recherche d'une cigarette \u00e9lectronique jetable qui allie performance, innovation et saveur inoubliable, le\u00a0<strong>Bang B30S DSK018<\/strong>\u00a0\u00e9merge comme un r\u00e9volutionnaire dans le domaine. Con\u00e7u pour r\u00e9pondre aux exigences dynamiques du march\u00e9 europ\u00e9en, cet appareil repr\u00e9sente le summum de l'ing\u00e9nierie de vape jetable - offrant 30 000 bouff\u00e9es, 36 ml d'e-liquide premium et une batterie robuste de 550 mAh. En tant que principal grossiste de vape jetable en Europe avec 8 ans d'exp\u00e9rience dans l'industrie, escovape.com est fier de pr\u00e9senter ce produit phare, soutenu par notre engagement envers une qualit\u00e9 in\u00e9gal\u00e9e, des prix en gros comp\u00e9titifs et une logistique fluide \u00e0 travers l'Allemagne, les Pays-Bas, la Belgique, l'Espagne, la France, le Portugal, la Pologne, l'Italie et au-del\u00e0.<\/p>\n<h2>Un h\u00e9ritage d'expertise - Votre partenaire europ\u00e9en de vape de confiance<\/h2>\n<p>Chez escovape.com, nous sommes plus qu'un simple d\u00e9taillant ; nous sommes un partenaire pour les entreprises \u00e0 travers l'Europe. Avec un portefeuille qui comprend des marques de premier plan telles que RandM Tornado, FIZZY, Waspe et BANG, nous avons b\u00e2ti une r\u00e9putation pour s\u00e9lectionner des produits qui correspondent aux pr\u00e9f\u00e9rences des vapoteurs europ\u00e9ens. Sur plus de 8 ans, notre concentration sur les commandes en gros et en volume nous a permis d'affiner nos op\u00e9rations - de l'approvisionnement en dispositifs authentiques et conformes \u00e0 la TPD \u00e0 la garantie d'une livraison rapide et assur\u00e9e \u00e0 travers les fronti\u00e8res de l'UE. Que vous soyez un petit d\u00e9taillant ou un grand distributeur, notre garantie de prix bas sur les commandes en gros vous assure de maximiser vos marges sans compromettre la qualit\u00e9.<\/p>\n<h2>Sp\u00e9cifications techniques : Puissance rencontre pr\u00e9cision<\/h2>\n<p>Le Bang B30S DSK018 est con\u00e7u pour l'endurance et la fiabilit\u00e9. Voici une ventilation de ses sp\u00e9cifications principales :<\/p>\n<ul>\n<li><strong>Nombre de bouff\u00e9es<\/strong>30 000 bouff\u00e9es - con\u00e7ues pour surpasser les vapes jetables typiques, r\u00e9duisant ainsi la n\u00e9cessit\u00e9 de remplacements fr\u00e9quents.<\/li>\n<li><strong>Capacit\u00e9 de liquide \u00e9lectronique<\/strong>36 ml de e-liquide de qualit\u00e9 alimentaire test\u00e9 en laboratoire, garantissant une d\u00e9livrance de saveur constante d\u00e8s la premi\u00e8re bouff\u00e9e jusqu'\u00e0 la derni\u00e8re.<\/li>\n<li><strong>Batterie<\/strong>: Une cellule de grande capacit\u00e9 de 550mAh (format 13400) qui maintient des performances optimales, m\u00eame lors d'une utilisation prolong\u00e9e.<\/li>\n<li><strong>Technologie de bobine<\/strong>: Bobine maille 1,2 ohm pour une production de vapeur am\u00e9lior\u00e9e et une clart\u00e9 de saveur, minimisant les chocs secs.<\/li>\n<li><strong>Rechargement<\/strong>: Port Type-C pour une charge rapide et universelle - compatible avec la plupart des sources d'alimentation modernes.<\/li>\n<li><strong>Poids et dimensions<\/strong>Unit\u00e9 unique : 118g ; 10 unit\u00e9s totalisent 1 224,2g. L'emballage en vrac (200 unit\u00e9s par carton) mesure 61,4\u00d733,1x26cm pour un poids brut de 25,35kg, optimis\u00e9 pour une logistique rentable.<\/li>\n<\/ul>\n<h2>Avantages fonctionnels qui la d\u00e9marquent<\/h2>\n<p>Ce qui \u00e9l\u00e8ve le Bang B30S DSK018 au-del\u00e0 des disposables standards ? Sa conception r\u00e9fl\u00e9chie et ses fonctionnalit\u00e9s centr\u00e9es sur l'utilisateur :<\/p>\n<ol>\n<li><strong>Compatibilit\u00e9 DTL (direct-to-lung)<\/strong>Con\u00e7u avec un syst\u00e8me de flux d'air qui imite la traction des mods de vapotage traditionnels, ce qui convient aux amateurs de MTL (de la bouche au poumon) et de DTL.<\/li>\n<li><strong>Services OEM\/ODM<\/strong>Personnalisez le Bang B30S en fonction de l'identit\u00e9 de votre marque, de l'emballage personnalis\u00e9 aux formulations de saveurs uniques. Parfait pour les opportunit\u00e9s de marque blanche.<\/li>\n<li><strong>Performance constante<\/strong>La bobine de maille de 1,2 ohm assure un chauffage uniforme, emp\u00eachant les saveurs br\u00fbl\u00e9es et garantissant que chaque bouff\u00e9e d\u00e9livre le profil de saveur souhait\u00e9.<\/li>\n<li><strong>Conception r\u00e9sistante aux fuites<\/strong>Une technologie de scellage avanc\u00e9e minimise les fuites de e-liquide, m\u00eame pendant le transport ou le stockage prolong\u00e9.<\/li>\n<li><strong>Affichage transparent<\/strong>Bien que discret, les m\u00e9canismes internes de l'appareil sont optimis\u00e9s pour la visibilit\u00e9, permettant aux utilisateurs de surveiller intuitivement le e-liquide restant et la dur\u00e9e de vie de la batterie.<\/li>\n<\/ol>\n<h2>Profils de saveurs - Une symphonie de sensations<\/h2>\n<p>Le v\u00e9ritable magic du Bang B30S DSK018 r\u00e9side dans ses 16 combinaisons de saveurs m\u00e9ticuleusement con\u00e7ues, chacune destin\u00e9e \u00e0 ravir les papilles europ\u00e9ennes. Que vos clients recherchent des menthols rafra\u00eechissants, des m\u00e9langes tropicaux ou des assortiments de fruits nostalgiques, il existe une saveur adapt\u00e9e \u00e0 chaque pr\u00e9f\u00e9rence. Toutes les options sont disponibles pour un m\u00e9lange \u00e0 l'unit\u00e9 (avec un suppl\u00e9ment de 2 \u20ac par unit\u00e9), permettant aux d\u00e9taillants de cr\u00e9er des assortiments personnalis\u00e9s :<\/p>\n<ol>\n<li><strong>Past\u00e8que \/ Menthe \u00e0 la myrtille<\/strong>: La past\u00e8que juteuse et m\u00fbrie au soleil s'accorde \u00e0 la menthe \u00e0 la myrtille fra\u00eeche et croquante, id\u00e9ale pour une rafra\u00eechissante boisson d'\u00e9t\u00e9.<\/li>\n<li><strong>Pomme acide \/ Framboise \u00e0 la myrtille<\/strong>La luminosit\u00e9 piquante de la pomme verte verte rencontre la complexit\u00e9 aigre-doux de la myrtille et de la framboise, \u00e9quilibrant l'acidit\u00e9 et la douceur.<\/li>\n<li><strong>Red Bull \/ Fraise Mangue<\/strong>: Une torsion audacieuse et \u00e9nergisante - des vibes Red Bull carbonat\u00e9es associ\u00e9es \u00e0 des fraises m\u00fbres et \u00e0 des mangues tropicales.<\/li>\n<li><strong>Glace aux raisins \/ Cola cerise<\/strong>: Raisin noir luxueux avec une note de menthol, associ\u00e9 \u00e0 une nostalgie classique de cola aux cerises.<\/li>\n<li><strong>P\u00eache Glac\u00e9e \/ Past\u00e8que \u00e0 la Fraise<\/strong>: P\u00eache velout\u00e9e avec une finale fra\u00eeche, accompagn\u00e9e de fraise sucr\u00e9e et de past\u00e8que juteuse.<\/li>\n<li><strong>Love66 \/ Fraise Kiwi<\/strong>Une base florale et l\u00e9g\u00e8rement herbac\u00e9e (Love66) compl\u00e8te la fraise piquante et le kiwi vibrant.<\/li>\n<li><strong>Sakura raisin \/ Fraise Lycheu<\/strong>: La fleur de cerisier japonaise parfum\u00e9e rencontre la fraise sucr\u00e9e et le lychi aromatique, une alliance \u00e9l\u00e9gante et unique.<\/li>\n<li><strong>Glace aux fruits m\u00e9lang\u00e9s \/ myrtilles<\/strong>Un m\u00e9lange de citron, de fruits tropicaux et de pomme, \u00e9quilibr\u00e9 par la fra\u00eecheur glac\u00e9e de la myrtille.<\/li>\n<li><strong>Glace Black Dragon \/ Fraise Banane<\/strong>: Notes de fruits fonc\u00e9s \u00e9pic\u00e9s (Black Dragon) avec une touche rafra\u00eechissante, associ\u00e9s \u00e0 une banane fraise cr\u00e9meuse.<\/li>\n<li><strong>Mangue P\u00eache \/ Banane Glace<\/strong>: Mangue tropicale et p\u00eache m\u00fbre, rejoints par une banane lisse et une subtile fra\u00eecheur de menthol.<\/li>\n<li><strong>Double Pomme \/ Kiwi Fruit de la Passion Grenade<\/strong>Fusion de pomme verte et rouge croquante, contrast\u00e9e avec des notes d'kiwi exotique, de fruit de la passion et de grenade piquante.<\/li>\n<li><strong>Menthe \u00e0 l'eau glac\u00e9e \/ Triple Fruits Rouges<\/strong>: La menthe poivr\u00e9e fra\u00eeche et rafra\u00eechissante rencontre un m\u00e9lange audacieux de m\u00fbre, de framboise et de canneberge.<\/li>\n<li><strong>Bleuette Cerise Canneberge \/ Past\u00e8que Baie Boom<\/strong>: Baies riches et riches en antioxydants associ\u00e9es \u00e0 une explosion fruit\u00e9es de past\u00e8que et de baies m\u00e9lang\u00e9es.<\/li>\n<li><strong>Pineapple Ice \/ Blue Fusion -&gt; \nPineapple Ice \/ Blue Fusion<\/strong>: Ananas juteux avec une pointe de menthe, ainsi qu'une fusion framboise bleue et citronnade.<\/li>\n<li><strong>Purple Rain \/ Fraise Framboise Cerise Glace<\/strong>: Suave, une rencontre de type raisin Purple Rain avec une m\u00e9daille froide de fraise, de framboise et de cerise.<\/li>\n<li><strong>Glace Black Dragon \/ Mangue Ananas P\u00eache<\/strong>Fruits sombres \u00e9pic\u00e9s avec une finale fra\u00eeche, associ\u00e9s \u00e0 un trio tropical de mangue, d'ananas et de p\u00eache.<\/li>\n<\/ol>\n<h2>Excellence en gros - Adapt\u00e9 aux distributeurs europ\u00e9ens<\/h2>\n<p>Chez escovape.com, nous comprenons que la r\u00e9ussite sur le march\u00e9 europ\u00e9en de la vape repose sur la fiabilit\u00e9, la rapidit\u00e9 et la valeur. C'est pourquoi nous avons optimis\u00e9 notre mod\u00e8le de gros pour soutenir votre entreprise :<\/p>\n<ul>\n<li><strong>Garantie de prix en gros<\/strong>Profitez des prix les plus bas d'Europe pour les commandes de 200 unit\u00e9s ou plus - id\u00e9al pour mettre \u00e0 l'\u00e9chelle votre inventaire sans d\u00e9passer vos budgets.<\/li>\n<li><strong>Livraison rapide et assur\u00e9e<\/strong>Notre r\u00e9seau logistique garantit la livraison en Allemagne, en France, en Italie et dans tous les pays de l'UE dans un d\u00e9lai de 3 \u00e0 5 jours ouvrables, avec une couverture d'assurance compl\u00e8te.<\/li>\n<li><strong>Portefeuille de marques diversifi\u00e9<\/strong>: Au-del\u00e0 du Bang B30S, acc\u00e9dez \u00e0 des marques de premier plan comme Elf Box, FluuM et Smokman, toutes conformes \u00e0 la TPD et pr\u00eates \u00e0 \u00eatre distribu\u00e9es imm\u00e9diatement.<\/li>\n<li><strong>Support D\u00e9di\u00e9<\/strong>Notre \u00e9quipe d'experts du march\u00e9 europ\u00e9en fournit des conseils personnalis\u00e9s, des tendances des saveurs \u00e0 la conformit\u00e9 r\u00e9glementaire, pour assurer votre succ\u00e8s.<\/li>\n<\/ul>\n<h2>Transactions fluides - Options de paiement pour chaque march\u00e9 europ\u00e9en<\/h2>\n<p>Nous \u00e9liminons les obstacles aux affaires avec des solutions de paiement flexibles :<\/p>\n<ul>\n<li><strong>Normes mondiales<\/strong>: Accepter PayPal et les principales cartes de cr\u00e9dit pour plus de commodit\u00e9 internationale.<\/li>\n<li><strong>Pr\u00e9f\u00e9rences locales<\/strong>: R\u00e9pondre aux clients n\u00e9erlandais avec iDEAL, aux clients belges avec Bancontact et rationaliser les transferts intra-UE via les paiements bancaires SEPA.<\/li>\n<\/ul>\n<hr \/>\n<p>Pour les d\u00e9taillants et les grossistes europ\u00e9ens, le Bang B30S DSK018 n'est pas seulement un produit, c'est un partenariat. Soutenu par les 8 ans de leadership de l'industrie d'escovape.com, des prix en gros imbattables et un engagement envers la qualit\u00e9, cet appareil est pr\u00eat \u00e0 dominer votre inventaire et \u00e0 ravir vos clients. Explorez l'avenir des vapes jetables d\u00e8s aujourd'hui sur\u00a0<a href=\"https:\/\/escovape.com\/fr\/\" target=\"_blank\" rel=\"noopener\">escovape.com<\/a>\u00a0et d\u00e9couvrez pourquoi nous sommes le choix de confiance pour les vapeurs jetables en gros en Europe.<\/p>\n<p><img data-recalc-dims=\"1\" loading=\"lazy\" decoding=\"async\" class=\"alignnone wp-image-24159 size-large\" src=\"https:\/\/i0.wp.com\/escovape.com\/wp-content\/uploads\/2025\/05\/Bang-B30S-DSK018-Disposable-Vape-30000-Puffs-36ml-E-Liquid-550mAh-Vape-Distributor-Retail-Wholesale-Europe-15.webp?resize=533%2C800&#038;ssl=1\" alt=\"Bang B30S DSK018 Jetable Vape 30000 Bouff\u00e9es 36ml E-Liquide Batterie 550mAh Distributeur Professionnel pour D\u00e9tail Grossiste en Europe\" width=\"533\" height=\"800\" title=\"\" srcset=\"https:\/\/i0.wp.com\/escovape.com\/wp-content\/uploads\/2025\/05\/Bang-B30S-DSK018-Disposable-Vape-30000-Puffs-36ml-E-Liquid-550mAh-Vape-Distributor-Retail-Wholesale-Europe-15-scaled.webp?resize=533%2C800&amp;ssl=1 533w, https:\/\/i0.wp.com\/escovape.com\/wp-content\/uploads\/2025\/05\/Bang-B30S-DSK018-Disposable-Vape-30000-Puffs-36ml-E-Liquid-550mAh-Vape-Distributor-Retail-Wholesale-Europe-15-scaled.webp?resize=267%2C400&amp;ssl=1 267w, https:\/\/i0.wp.com\/escovape.com\/wp-content\/uploads\/2025\/05\/Bang-B30S-DSK018-Disposable-Vape-30000-Puffs-36ml-E-Liquid-550mAh-Vape-Distributor-Retail-Wholesale-Europe-15-scaled.webp?resize=768%2C1152&amp;ssl=1 768w, https:\/\/i0.wp.com\/escovape.com\/wp-content\/uploads\/2025\/05\/Bang-B30S-DSK018-Disposable-Vape-30000-Puffs-36ml-E-Liquid-550mAh-Vape-Distributor-Retail-Wholesale-Europe-15-scaled.webp?resize=1024%2C1536&amp;ssl=1 1024w, https:\/\/i0.wp.com\/escovape.com\/wp-content\/uploads\/2025\/05\/Bang-B30S-DSK018-Disposable-Vape-30000-Puffs-36ml-E-Liquid-550mAh-Vape-Distributor-Retail-Wholesale-Europe-15-scaled.webp?resize=1365%2C2048&amp;ssl=1 1365w, https:\/\/i0.wp.com\/escovape.com\/wp-content\/uploads\/2025\/05\/Bang-B30S-DSK018-Disposable-Vape-30000-Puffs-36ml-E-Liquid-550mAh-Vape-Distributor-Retail-Wholesale-Europe-15-scaled.webp?resize=8%2C12&amp;ssl=1 8w, https:\/\/i0.wp.com\/escovape.com\/wp-content\/uploads\/2025\/05\/Bang-B30S-DSK018-Disposable-Vape-30000-Puffs-36ml-E-Liquid-550mAh-Vape-Distributor-Retail-Wholesale-Europe-15-scaled.webp?resize=600%2C900&amp;ssl=1 600w, https:\/\/i0.wp.com\/escovape.com\/wp-content\/uploads\/2025\/05\/Bang-B30S-DSK018-Disposable-Vape-30000-Puffs-36ml-E-Liquid-550mAh-Vape-Distributor-Retail-Wholesale-Europe-15-scaled.webp?w=1707&amp;ssl=1 1707w\" sizes=\"auto, (max-width: 533px) 100vw, 533px\" \/><\/p>","protected":false},"excerpt":{"rendered":"<p>Le Bang B30S DSK018 est une vape jetable haut de gamme qui red\u00e9finit l'excellence sur le march\u00e9 europ\u00e9en, offrant 30 000 bouff\u00e9es, 36 ml d'e-liquide test\u00e9 en laboratoire, une batterie de 550 mAh, une bobine en maille de 1,2 ohm, une compatibilit\u00e9 DTL et 16 profils de saveur s\u00e9lectionn\u00e9s - con\u00e7u pour les grossistes qui donnent la priorit\u00e9 aux performances, \u00e0 l'innovation et \u00e0 une qualit\u00e9 sans pr\u00e9c\u00e9dent.<\/p>","protected":false},"featured_media":23869,"comment_status":"open","ping_status":"closed","template":"","meta":{"_lmt_disableupdate":"no","_lmt_disable":""},"product_brand":[],"product_cat":[18,67,55,57,97,98,99,100,101,102,103,104,105,106,107,108,109,110,111,112,113,114,15,58,59,61,42],"product_tag":[],"class_list":{"0":"post-23862","1":"product","2":"type-product","3":"status-publish","4":"has-post-thumbnail","6":"product_cat-bang","7":"product_cat-30000-puffs-disposable-vapes","8":"product_cat-big-puffs-disposable-vapes","9":"product_cat-digital-box-disposable-vapes","10":"product_cat-disposable-vape-in-europe","11":"product_cat-disposable-vape-wholesale-austria","12":"product_cat-disposable-vape-wholesale-belgium","13":"product_cat-disposable-vape-wholesale-czech-republic","14":"product_cat-disposable-vape-wholesale-denmark","15":"product_cat-disposable-vape-wholesale-finland","16":"product_cat-disposable-vape-wholesale-france","17":"product_cat-disposable-vape-wholesale-germany","18":"product_cat-disposable-vape-wholesale-greece","19":"product_cat-disposable-vape-wholesale-hungary","20":"product_cat-disposable-vape-wholesale-italy","21":"product_cat-disposable-vape-wholesale-netherlands","22":"product_cat-disposable-vape-wholesale-norway","23":"product_cat-disposable-vape-wholesale-portugal","24":"product_cat-disposable-vape-wholesale-romania","25":"product_cat-disposable-vape-wholesale-spain","26":"product_cat-disposable-vape-wholesale-sweden","27":"product_cat-disposable-vape-wholesale-switzerland","28":"product_cat-disposable-vapes","29":"product_cat-dual-mesh-disposable-vapes","30":"product_cat-lower-nicotine-disposable-vapes","31":"product_cat-rechargeable-disposable-vapes","32":"product_cat-shop-by-puffs","34":"first","35":"instock","36":"shipping-taxable","37":"purchasable","38":"product-type-variable"},"jetpack_sharing_enabled":true,"_links":{"self":[{"href":"https:\/\/escovape.com\/fr\/wp-json\/wp\/v2\/product\/23862","targetHints":{"allow":["GET"]}}],"collection":[{"href":"https:\/\/escovape.com\/fr\/wp-json\/wp\/v2\/product"}],"about":[{"href":"https:\/\/escovape.com\/fr\/wp-json\/wp\/v2\/types\/product"}],"replies":[{"embeddable":true,"href":"https:\/\/escovape.com\/fr\/wp-json\/wp\/v2\/comments?post=23862"}],"wp:featuredmedia":[{"embeddable":true,"href":"https:\/\/escovape.com\/fr\/wp-json\/wp\/v2\/media\/23869"}],"wp:attachment":[{"href":"https:\/\/escovape.com\/fr\/wp-json\/wp\/v2\/media?parent=23862"}],"wp:term":[{"taxonomy":"product_brand","embeddable":true,"href":"https:\/\/escovape.com\/fr\/wp-json\/wp\/v2\/product_brand?post=23862"},{"taxonomy":"product_cat","embeddable":true,"href":"https:\/\/escovape.com\/fr\/wp-json\/wp\/v2\/product_cat?post=23862"},{"taxonomy":"product_tag","embeddable":true,"href":"https:\/\/escovape.com\/fr\/wp-json\/wp\/v2\/product_tag?post=23862"}],"curies":[{"name":"wp","href":"https:\/\/api.w.org\/{rel}","templated":true}]}}