{"id":33080,"date":"2025-09-19T03:26:54","date_gmt":"2025-09-19T03:26:54","guid":{"rendered":"https:\/\/escovape.com\/?post_type=product&#038;p=33080"},"modified":"2025-09-19T03:26:54","modified_gmt":"2025-09-19T03:26:54","slug":"boite-bang-turbo-42k-bouffees-affichage-incurve-3d-vapes-jetables-rechargeables-de-luxe-a-faible-nicotine-achat-en-gros-bulk","status":"publish","type":"product","link":"https:\/\/escovape.com\/fr\/product\/bang-box-turbo-42k-puffs-3d-curved-display-premium-rechargeable-disposable-vapes-low-nicotine-bulk-buy-wholesale\/","title":{"rendered":"BANG BOX TURBO 42K Puffs \u00c9cran incurv\u00e9 3D Vapes jetables rechargeables de luxe \u00e0 faible teneur en nicotine Achat en gros en vrac"},"content":{"rendered":"<h2 data-start=\"319\" data-end=\"340\">BANG BOX TURBO 42K Puffs Vape Jetable<\/h2>\n<p data-start=\"341\" data-end=\"819\">La BANG BOX TURBO 42K Puffs 3D Curved Display combine une technologie avanc\u00e9e avec des performances puissantes, offrant jusqu'\u00e0 42 000 bouff\u00e9es dans un design moderne et \u00e9l\u00e9gant. Dot\u00e9e d'une grande capacit\u00e9 de 28 ml de e-liquide, d'un syst\u00e8me de double bobine et d'un \u00e9cran incurv\u00e9 3D \u00e9l\u00e9gant qui affiche \u00e0 la fois la dur\u00e9e de vie de la batterie et les niveaux de e-liquide, cette vape jetable haut de gamme offre une exp\u00e9rience de vapotage lisse et constante. Disponible exclusivement sur Escovape, la plateforme de gros europ\u00e9enne de confiance pour les vapes jetables.<\/p>\n<h2 data-start=\"821\" data-end=\"848\">BANG BOX TURBO 42K Puffs Caract\u00e9ristiques<\/h2>\n<ul data-start=\"849\" data-end=\"1445\">\n<li data-start=\"849\" data-end=\"887\">\n<p data-start=\"851\" data-end=\"887\">Nombre de bouff\u00e9es : jusqu'\u00e0 42 000 bouff\u00e9es<\/p>\n<\/li>\n<li data-start=\"888\" data-end=\"935\">\n<p data-start=\"890\" data-end=\"935\">Capacit\u00e9 de e-liquide : 28ml r\u00e9servoir pr\u00e9-rempli<\/p>\n<\/li>\n<li data-start=\"936\" data-end=\"1007\">\n<p data-start=\"938\" data-end=\"1007\">Batterie : Rechargeable \u00e0 haute capacit\u00e9 (cobalt pur, d\u00e9charge de 8A)<\/p>\n<\/li>\n<li data-start=\"1008\" data-end=\"1051\">\n<p data-start=\"1010\" data-end=\"1051\">Port de charge : Type-C charge rapide<\/p>\n<\/li>\n<li data-start=\"1052\" data-end=\"1108\">\n<p data-start=\"1054\" data-end=\"1108\">Options de bobine : Simple 1,0 \u03a9 ou double 0,5 \u03a9 en maille<\/p>\n<\/li>\n<li data-start=\"1109\" data-end=\"1189\">\n<p data-start=\"1111\" data-end=\"1189\">Affichage : \u00c9cran incurv\u00e9 3D avec indicateurs en temps r\u00e9el de e-liquide et de batterie<\/p>\n<\/li>\n<li data-start=\"1190\" data-end=\"1227\">\n<p data-start=\"1192\" data-end=\"1227\">Taille de l'appareil : 65 \u00d7 34 \u00d7 115 mm<\/p>\n<\/li>\n<li data-start=\"1228\" data-end=\"1256\">\n<p data-start=\"1230\" data-end=\"1256\">Poids de l'appareil : 105 g<\/p>\n<\/li>\n<li data-start=\"1257\" data-end=\"1316\">\n<p data-start=\"1259\" data-end=\"1316\">Taille et poids de la bo\u00eete : 182 \u00d7 66 \u00d7 119 mm ; 570 g par bo\u00eete<\/p>\n<\/li>\n<li data-start=\"1317\" data-end=\"1369\">\n<p data-start=\"1319\" data-end=\"1369\">Conditionnement : 5 pi\u00e8ces par bo\u00eete ; 150 pi\u00e8ces par carton<\/p>\n<\/li>\n<li data-start=\"1370\" data-end=\"1445\">\n<p data-start=\"1372\" data-end=\"1445\">Dimensions de la bo\u00eete : 38 \u00d7 36 \u00d7 37,5 cm ; poids brut : 18,6 kg<\/p>\n<\/li>\n<\/ul>\n<h2 data-start=\"1447\" data-end=\"1464\">Fonctionnalit\u00e9s cl\u00e9s<\/h2>\n<ul data-start=\"1465\" data-end=\"2225\">\n<li data-start=\"1465\" data-end=\"1556\">\n<p data-start=\"1467\" data-end=\"1556\">Capacit\u00e9 de Puff Massive \u2013 Jusqu'\u00e0 42 000 puffs par appareil pour des performances durables.<\/p>\n<\/li>\n<li data-start=\"1557\" data-end=\"1647\">\n<p data-start=\"1559\" data-end=\"1647\">Affichage incurv\u00e9 3D - \u00c9cran \u00e9l\u00e9gant qui affiche clairement les niveaux de liquide \u00e9lectronique et la dur\u00e9e de vie de la batterie.<\/p>\n<\/li>\n<li data-start=\"1648\" data-end=\"1734\">\n<p data-start=\"1650\" data-end=\"1734\">Puissance Rechargeable \u2013 Le chargement rapide USB-C maintient l'appareil pr\u00eat lorsque vous l'\u00eates.<\/p>\n<\/li>\n<li data-start=\"1735\" data-end=\"1858\">\n<p data-start=\"1737\" data-end=\"1858\">Options de bobine flexibles - Choisissez entre une bobine unique de 1,0 \u03a9 pour une saveur lisse ou une bobine double de 0,5 \u03a9 pour une vapeur plus dense.<\/p>\n<\/li>\n<li data-start=\"1859\" data-end=\"1946\">\n<p data-start=\"1861\" data-end=\"1946\">Grand r\u00e9servoir de liquide \u00e9lectronique \u2013 Une capacit\u00e9 de 28 ml r\u00e9duit la n\u00e9cessit\u00e9 de remplacements fr\u00e9quents.<\/p>\n<\/li>\n<li data-start=\"1947\" data-end=\"2046\">\n<p data-start=\"1949\" data-end=\"2046\">Conception de batterie durable - Cellule au cobalt pur avec d\u00e9charge de 8A garantit la fiabilit\u00e9 et la s\u00e9curit\u00e9.<\/p>\n<\/li>\n<li data-start=\"2047\" data-end=\"2124\">\n<p data-start=\"2049\" data-end=\"2124\">Emballage en gros \u2013 Options en vrac pratiques con\u00e7ues pour les d\u00e9taillants.<\/p>\n<\/li>\n<li data-start=\"2125\" data-end=\"2225\">\n<p data-start=\"2127\" data-end=\"2225\">Option \u00e0 faible teneur en nicotine - Exp\u00e9rience lisse et satisfaisante adapt\u00e9e aux march\u00e9s europ\u00e9ens r\u00e9glement\u00e9s.<\/p>\n<\/li>\n<\/ul>\n<h2 data-start=\"2227\" data-end=\"2250\">Saveurs disponibles<\/h2>\n<ul data-start=\"2251\" data-end=\"2480\">\n<li data-start=\"2251\" data-end=\"2276\">\n<p data-start=\"2253\" data-end=\"2276\">Past\u00e8que Fraise<\/p>\n<\/li>\n<li data-start=\"2277\" data-end=\"2293\">\n<p data-start=\"2279\" data-end=\"2293\">Baies sauvages<\/p>\n<\/li>\n<li data-start=\"2294\" data-end=\"2311\">\n<p data-start=\"2296\" data-end=\"2311\">Glace Bleu Razz<\/p>\n<\/li>\n<li data-start=\"2312\" data-end=\"2336\">\n<p data-start=\"2314\" data-end=\"2336\">Mythe de la past\u00e8que bleuets<\/p>\n<\/li>\n<li data-start=\"2337\" data-end=\"2355\">\n<p data-start=\"2339\" data-end=\"2355\">Pomme Acide Glac\u00e9e<\/p>\n<\/li>\n<li data-start=\"2356\" data-end=\"2377\">\n<p data-start=\"2358\" data-end=\"2377\">Citron Vert Framboise Orange<\/p>\n<\/li>\n<li data-start=\"2378\" data-end=\"2394\">\n<p data-start=\"2380\" data-end=\"2394\">Mixico Mango<\/p>\n<\/li>\n<li data-start=\"2395\" data-end=\"2409\">\n<p data-start=\"2397\" data-end=\"2409\">Monnaie de Miami<\/p>\n<\/li>\n<li data-start=\"2410\" data-end=\"2428\">\n<p data-start=\"2412\" data-end=\"2428\">Glace de past\u00e8que<\/p>\n<\/li>\n<li data-start=\"2429\" data-end=\"2445\">\n<p data-start=\"2431\" data-end=\"2445\">Cerise douce<\/p>\n<\/li>\n<li data-start=\"2446\" data-end=\"2459\">\n<p data-start=\"2448\" data-end=\"2459\">Grape Pop<\/p>\n<\/li>\n<li data-start=\"2460\" data-end=\"2480\">\n<p data-start=\"2462\" data-end=\"2480\">Blackberry B-Pop<\/p>\n<\/li>\n<\/ul>\n<h2 data-start=\"2482\" data-end=\"2509\">Pourquoi acheter chez Escovape ?<\/h2>\n<p data-start=\"2510\" data-end=\"2850\">Chez Escovape, nous fournissons aux d\u00e9taillants et distributeurs europ\u00e9ens des vapes jetables authentiques \u00e0 des prix de gros. Chaque commande est garantie par un contr\u00f4le de qualit\u00e9, une exp\u00e9dition rapide et un soutien fiable de la cha\u00eene d'approvisionnement. Vous ne trouverez pas nos produits sur les plateformes concurrentes - nous sommes d\u00e9di\u00e9s exclusivement au service du march\u00e9 de la vape en gros europ\u00e9en.<\/p>\n<p data-start=\"2852\" data-end=\"2990\">Commandez maintenant le BANG BOX TURBO 42K Puffs 3D Curved Display chez Escovape et s\u00e9curisez votre stock en gros de vapes jetables premium d\u00e8s aujourd'hui !<\/p>\n<p data-start=\"2852\" data-end=\"2990\"><img data-recalc-dims=\"1\" loading=\"lazy\" decoding=\"async\" class=\"alignnone wp-image-33148 size-full\" src=\"https:\/\/i0.wp.com\/escovape.com\/wp-content\/uploads\/2025\/09\/BANG-BOX-42K-Puffs-3D-Curved-Display-Premium-Rechargeable-Disposable-Vapes-Low-Nicotine-Bulk-Buy-Wholesale0-scaled.webp?resize=670%2C2560&#038;ssl=1\" alt=\"BANG BOX TURBO 42K Puffs \u00c9cran incurv\u00e9 3D Vapes jetables rechargeables de luxe \u00e0 faible teneur en nicotine Achat en gros en vrac\" width=\"670\" height=\"2560\" title=\"\" srcset=\"https:\/\/i0.wp.com\/escovape.com\/wp-content\/uploads\/2025\/09\/BANG-BOX-42K-Puffs-3D-Curved-Display-Premium-Rechargeable-Disposable-Vapes-Low-Nicotine-Bulk-Buy-Wholesale0-scaled.webp?w=670&amp;ssl=1 670w, https:\/\/i0.wp.com\/escovape.com\/wp-content\/uploads\/2025\/09\/BANG-BOX-42K-Puffs-3D-Curved-Display-Premium-Rechargeable-Disposable-Vapes-Low-Nicotine-Bulk-Buy-Wholesale0-scaled.webp?resize=105%2C400&amp;ssl=1 105w, https:\/\/i0.wp.com\/escovape.com\/wp-content\/uploads\/2025\/09\/BANG-BOX-42K-Puffs-3D-Curved-Display-Premium-Rechargeable-Disposable-Vapes-Low-Nicotine-Bulk-Buy-Wholesale0-scaled.webp?resize=209%2C800&amp;ssl=1 209w, https:\/\/i0.wp.com\/escovape.com\/wp-content\/uploads\/2025\/09\/BANG-BOX-42K-Puffs-3D-Curved-Display-Premium-Rechargeable-Disposable-Vapes-Low-Nicotine-Bulk-Buy-Wholesale0-scaled.webp?resize=768%2C2936&amp;ssl=1 768w, https:\/\/i0.wp.com\/escovape.com\/wp-content\/uploads\/2025\/09\/BANG-BOX-42K-Puffs-3D-Curved-Display-Premium-Rechargeable-Disposable-Vapes-Low-Nicotine-Bulk-Buy-Wholesale0-scaled.webp?resize=402%2C1536&amp;ssl=1 402w, https:\/\/i0.wp.com\/escovape.com\/wp-content\/uploads\/2025\/09\/BANG-BOX-42K-Puffs-3D-Curved-Display-Premium-Rechargeable-Disposable-Vapes-Low-Nicotine-Bulk-Buy-Wholesale0-scaled.webp?resize=536%2C2048&amp;ssl=1 536w, https:\/\/i0.wp.com\/escovape.com\/wp-content\/uploads\/2025\/09\/BANG-BOX-42K-Puffs-3D-Curved-Display-Premium-Rechargeable-Disposable-Vapes-Low-Nicotine-Bulk-Buy-Wholesale0-scaled.webp?resize=3%2C12&amp;ssl=1 3w, https:\/\/i0.wp.com\/escovape.com\/wp-content\/uploads\/2025\/09\/BANG-BOX-42K-Puffs-3D-Curved-Display-Premium-Rechargeable-Disposable-Vapes-Low-Nicotine-Bulk-Buy-Wholesale0-scaled.webp?resize=600%2C2294&amp;ssl=1 600w\" sizes=\"auto, (max-width: 670px) 100vw, 670px\" \/><\/p>","protected":false},"excerpt":{"rendered":"<p>La BANG BOX TURBO 42K Puffs 3D Curved Display offre 42 000 bouff\u00e9es, une capacit\u00e9 de 28 ml, une batterie rechargeable Type-C, des doubles bobines et 12 saveurs - exclusivement chez Escovape en gros.<\/p>","protected":false},"featured_media":33027,"comment_status":"open","ping_status":"closed","template":"","meta":{"_lmt_disableupdate":"no","_lmt_disable":""},"product_brand":[],"product_cat":[18,201,55,56,57,97,98,99,100,101,102,103,104,105,106,107,108,109,110,111,112,113,114,15,59,61,133,42],"product_tag":[],"class_list":{"0":"post-33080","1":"product","2":"type-product","3":"status-publish","4":"has-post-thumbnail","6":"product_cat-bang","7":"product_cat-42000-puffs-disposable-vapes","8":"product_cat-big-puffs-disposable-vapes","9":"product_cat-crystal-disposable-vapes","10":"product_cat-digital-box-disposable-vapes","11":"product_cat-disposable-vape-in-europe","12":"product_cat-disposable-vape-wholesale-austria","13":"product_cat-disposable-vape-wholesale-belgium","14":"product_cat-disposable-vape-wholesale-czech-republic","15":"product_cat-disposable-vape-wholesale-denmark","16":"product_cat-disposable-vape-wholesale-finland","17":"product_cat-disposable-vape-wholesale-france","18":"product_cat-disposable-vape-wholesale-germany","19":"product_cat-disposable-vape-wholesale-greece","20":"product_cat-disposable-vape-wholesale-hungary","21":"product_cat-disposable-vape-wholesale-italy","22":"product_cat-disposable-vape-wholesale-netherlands","23":"product_cat-disposable-vape-wholesale-norway","24":"product_cat-disposable-vape-wholesale-portugal","25":"product_cat-disposable-vape-wholesale-romania","26":"product_cat-disposable-vape-wholesale-spain","27":"product_cat-disposable-vape-wholesale-sweden","28":"product_cat-disposable-vape-wholesale-switzerland","29":"product_cat-disposable-vapes","30":"product_cat-lower-nicotine-disposable-vapes","31":"product_cat-rechargeable-disposable-vapes","32":"product_cat-shop-best-disposable-vape-flavors","33":"product_cat-shop-by-puffs","35":"first","36":"instock","37":"shipping-taxable","38":"purchasable","39":"product-type-variable"},"jetpack_sharing_enabled":true,"_links":{"self":[{"href":"https:\/\/escovape.com\/fr\/wp-json\/wp\/v2\/product\/33080","targetHints":{"allow":["GET"]}}],"collection":[{"href":"https:\/\/escovape.com\/fr\/wp-json\/wp\/v2\/product"}],"about":[{"href":"https:\/\/escovape.com\/fr\/wp-json\/wp\/v2\/types\/product"}],"replies":[{"embeddable":true,"href":"https:\/\/escovape.com\/fr\/wp-json\/wp\/v2\/comments?post=33080"}],"wp:featuredmedia":[{"embeddable":true,"href":"https:\/\/escovape.com\/fr\/wp-json\/wp\/v2\/media\/33027"}],"wp:attachment":[{"href":"https:\/\/escovape.com\/fr\/wp-json\/wp\/v2\/media?parent=33080"}],"wp:term":[{"taxonomy":"product_brand","embeddable":true,"href":"https:\/\/escovape.com\/fr\/wp-json\/wp\/v2\/product_brand?post=33080"},{"taxonomy":"product_cat","embeddable":true,"href":"https:\/\/escovape.com\/fr\/wp-json\/wp\/v2\/product_cat?post=33080"},{"taxonomy":"product_tag","embeddable":true,"href":"https:\/\/escovape.com\/fr\/wp-json\/wp\/v2\/product_tag?post=33080"}],"curies":[{"name":"wp","href":"https:\/\/api.w.org\/{rel}","templated":true}]}}