{"id":12632,"date":"2024-10-28T14:10:41","date_gmt":"2024-10-28T14:10:41","guid":{"rendered":"https:\/\/escovape.com\/?post_type=product&#038;p=12632"},"modified":"2025-04-11T02:09:07","modified_gmt":"2025-04-11T02:09:07","slug":"mrvi-dragon-13000-puffs-dual-mesh-digitalis-kepernyo-2-5-alacsony-nikotintartalmu-ujratoltheto-eldobhato-vapes-toll-tomeges-vasarlas-nagykereskedelmi","status":"publish","type":"product","link":"https:\/\/escovape.com\/hu\/product\/mrvi-dragon-13000-puffs-dual-mesh-digital-screen-2-5-low-nicotine-rechargeable-disposable-vapes-pen-bulk-buy-wholesale\/","title":{"rendered":"MRVI Dragon 13000 Puffs Dual Mesh Digit\u00e1lis Kijelz\u0151 2% 5% Alacsony Nikotin T\u00f6lthet\u0151 Eldobhat\u00f3 Vape Pen Nagykereskedelem"},"content":{"rendered":"<h2>MRVI Dragon 13000 Puffs \u2013 Fedezze fel a hossz\u00fa t\u00e1v\u00fa g\u0151z\u00f6l\u00e9s erej\u00e9t<\/h2>\n<h3><a href=\"https:\/\/escovape.com\/hu\/termekkategoria\/mrvi-eldobhato-vapes\/\">MRVI Eldobhat\u00f3 Vape-ok<\/a> T\u00f6k\u00e9letes azok sz\u00e1m\u00e1ra, akik a k\u00e9nyelmet szeretik<\/h3>\n<p>Az MRVI Dragon 13000 Puffs egy er\u0151s vape b\u00e1rki sz\u00e1m\u00e1ra, aki hossz\u00fa t\u00e1v\u00fa \u00e9lvezetet szeretne. A dupla mesh tekercs \u00e9s a nagy folyad\u00e9kk\u00e9szlet miatt az \u00edz mindig j\u00f3 marad. Az Escovape-n\u00e9l megtal\u00e1lhat\u00f3 ez a vape Hollandi\u00e1ban, N\u00e9metorsz\u00e1gban, Belgiumban \u00e9s Spanyolorsz\u00e1gban. Ide\u00e1lis \u00fczletek \u00e9s nagykereskedelem sz\u00e1m\u00e1ra.<\/p>\n<h3>MRVI Dragon 13000 Puffs hogyan m\u0171k\u00f6dik<\/h3>\n<p>Nagy tart\u00e1ly: 20ml folyad\u00e9k, \u00edgy nem kell olyan gyakran cser\u00e9lni.<br \/>\nEr\u0151s akkumul\u00e1tor: 650mAh, Type-C t\u00f6lt\u0151, gyors t\u00f6lt\u00e9s.<br \/>\nK\u00e9t \u00fczemm\u00f3d: impulzus \u00fczemm\u00f3d (6500 sz\u00edv\u00e1s) \u00e9s norm\u00e1l \u00fczemm\u00f3d (13000 sz\u00edv\u00e1s).<br \/>\nDigit\u00e1lis kijelz\u0151: Mindig l\u00e1thatja az akkumul\u00e1tort \u00e9s a h\u00e1tral\u00e9v\u0151 sz\u00edv\u00e1sokat.<br \/>\nK\u00f6nny\u0171 kialak\u00edt\u00e1s: K\u00f6nnyen mag\u00e1val viheti.<\/p>\n<h3>G\u0151z\u00f6l\u00e9s Nagyker - Praktikus csomagol\u00e1s<\/h3>\n<p>1 darab dobozonk\u00e9nt.<br \/>\n10 doboz kijelz\u0151nk\u00e9nt.<br \/>\n200 darab\/karton (s\u00faly: 19 kg, m\u00e9retek: 60x32x23 cm).<\/p>\n<h3>\u00cdzes\u00edt\u00e9si lehet\u0151s\u00e9gek a MRVI Dragon 13000 Puffs-hoz<\/h3>\n<p>V\u00e1lasszon az al\u00e1bbi \u00edzek k\u00f6z\u00fcl:<\/p>\n<p>\u00c1fonya S\u00e1rgadinnye<br \/>\n\u0150szibar\u00e1t J\u00e9g<br \/>\nK\u00e9k Razz J\u00e9g<br \/>\nEper J\u00e9g<br \/>\nS\u00e1rgadinnye j\u00e9g<br \/>\nCseresznye J\u00e9g<br \/>\nK\u00e9k\u00e1fonya J\u00e9g<br \/>\nSz\u0151l\u0151 J\u00e9g<br \/>\nVegyes Bogy\u00f3k<br \/>\nEper Mang\u00f3<\/p>\n<h3>Mi\u00e9rt v\u00e1lassza az Escovape-ot?<\/h3>\n<p>Megb\u00edzhat\u00f3 min\u0151s\u00e9g: Mindig j\u00f3 term\u00e9kek.<br \/>\n\u00c9les \u00e1rak: Olcs\u00f3 nagykereskedelem sz\u00e1m\u00e1ra.<br \/>\nGyors sz\u00e1ll\u00edt\u00e1s: Gyors h\u00e1zhozsz\u00e1ll\u00edt\u00e1s.<\/p>\n<h3>Rendelje meg az MRVI Dragon 13000 Puffs-ot most.<\/h3>\n<p>Kiskereskedelem \u00e9s nagykereskedelem: \u00dcgyeljen arra, hogy k\u00e9szlete teljes legyen. V\u00e1lasszon a sz\u00e1mos \u00edz k\u00f6z\u00fcl, \u00e9s \u00e9lvezze a k\u00f6nny\u0171 rendel\u00e9st az Escovape-n\u00e9l.<\/p>\n<div style=\"width: 720px;\" class=\"wp-video\"><video class=\"wp-video-shortcode\" id=\"video-12632-1\" width=\"720\" height=\"1280\" preload=\"metadata\" controls=\"controls\"><source type=\"video\/mp4\" src=\"https:\/\/escovape.com\/wp-content\/uploads\/2024\/10\/MRVI-Dragon-13000-Puffs-Dual-Mesh-Digital-Screen-2-5-Low-Nicotine-Rechargeable-2.mp4?_=1\" \/><a href=\"https:\/\/escovape.com\/wp-content\/uploads\/2024\/10\/MRVI-Dragon-13000-Puffs-Dual-Mesh-Digital-Screen-2-5-Low-Nicotine-Rechargeable-2.mp4\">https:\/\/escovape.com\/wp-content\/uploads\/2024\/10\/MRVI-Dragon-13000-Puffs-Dual-Mesh-Digital-Screen-2-5-Low-Nicotine-Rechargeable-2.mp4<\/a><\/video><\/div>\n<p><img data-recalc-dims=\"1\" loading=\"lazy\" decoding=\"async\" class=\"alignnone wp-image-12646 size-full\" src=\"https:\/\/i0.wp.com\/escovape.com\/wp-content\/uploads\/2024\/10\/MRVI-Dragon-13000-Puffs-Dual-Mesh-Digital-Screen-2-5-Low-Nicotine-Rechargeable-14.webp?resize=1020%2C2373&#038;ssl=1\" alt=\"MRVI Dragon 13000 Puffs Dual Mesh Digit\u00e1lis Kijelz\u0151 2% 5% Alacsony Nikotin T\u00f6lthet\u0151 Eldobhat\u00f3 Vape Pen Nagykereskedelem\" width=\"1020\" height=\"2373\" title=\"\" srcset=\"https:\/\/i0.wp.com\/escovape.com\/wp-content\/uploads\/2024\/10\/MRVI-Dragon-13000-Puffs-Dual-Mesh-Digital-Screen-2-5-Low-Nicotine-Rechargeable-14.webp?w=1060&amp;ssl=1 1060w, https:\/\/i0.wp.com\/escovape.com\/wp-content\/uploads\/2024\/10\/MRVI-Dragon-13000-Puffs-Dual-Mesh-Digital-Screen-2-5-Low-Nicotine-Rechargeable-14.webp?resize=172%2C400&amp;ssl=1 172w, https:\/\/i0.wp.com\/escovape.com\/wp-content\/uploads\/2024\/10\/MRVI-Dragon-13000-Puffs-Dual-Mesh-Digital-Screen-2-5-Low-Nicotine-Rechargeable-14.webp?resize=344%2C800&amp;ssl=1 344w, https:\/\/i0.wp.com\/escovape.com\/wp-content\/uploads\/2024\/10\/MRVI-Dragon-13000-Puffs-Dual-Mesh-Digital-Screen-2-5-Low-Nicotine-Rechargeable-14.webp?resize=768%2C1787&amp;ssl=1 768w, https:\/\/i0.wp.com\/escovape.com\/wp-content\/uploads\/2024\/10\/MRVI-Dragon-13000-Puffs-Dual-Mesh-Digital-Screen-2-5-Low-Nicotine-Rechargeable-14.webp?resize=660%2C1536&amp;ssl=1 660w, https:\/\/i0.wp.com\/escovape.com\/wp-content\/uploads\/2024\/10\/MRVI-Dragon-13000-Puffs-Dual-Mesh-Digital-Screen-2-5-Low-Nicotine-Rechargeable-14.webp?resize=880%2C2048&amp;ssl=1 880w, https:\/\/i0.wp.com\/escovape.com\/wp-content\/uploads\/2024\/10\/MRVI-Dragon-13000-Puffs-Dual-Mesh-Digital-Screen-2-5-Low-Nicotine-Rechargeable-14.webp?resize=5%2C12&amp;ssl=1 5w, https:\/\/i0.wp.com\/escovape.com\/wp-content\/uploads\/2024\/10\/MRVI-Dragon-13000-Puffs-Dual-Mesh-Digital-Screen-2-5-Low-Nicotine-Rechargeable-14.webp?resize=600%2C1396&amp;ssl=1 600w\" sizes=\"auto, (max-width: 1020px) 100vw, 1020px\" \/><\/p>","protected":false},"excerpt":{"rendered":"<p>Az MRVI Dragon 13000 Puffs eldobhat\u00f3 vape toll, kaphat\u00f3 <a href=\"https:\/\/escovape.com\/hu\/\" target=\"_new\" rel=\"noopener\">Escovape<\/a>, pr\u00e9mium g\u0151z\u00f6l\u00e9si \u00e9lm\u00e9nyt ny\u00fajt 13000 sz\u00edv\u00e1ssal, kett\u0151s h\u00e1l\u00f3sz\u00f6vet technol\u00f3gi\u00e1val, \u00fajrat\u00f6lthet\u0151 akkumul\u00e1torral \u00e9s gazdag \u00edzvari\u00e1ci\u00f3val, t\u00f6k\u00e9letes nagykeresked\u0151k \u00e9s g\u0151z\u00f6l\u00e9s rajong\u00f3k sz\u00e1m\u00e1ra, akik min\u0151s\u00e9get \u00e9s hossz\u00fa \u00e9lettartamot keresnek.<\/p>","protected":false},"featured_media":12647,"comment_status":"open","ping_status":"closed","template":"","meta":{"_lmt_disableupdate":"no","_lmt_disable":""},"product_brand":[],"product_cat":[85,86,55,135,136,137,57,15,58,139,141,59,145,147,149,151,61,133,42,153,154],"product_tag":[],"class_list":{"0":"post-12632","1":"product","2":"type-product","3":"status-publish","4":"has-post-thumbnail","6":"product_cat-mrvi-disposable-vapes","7":"product_cat-13000-puffs-disposable-vapes","8":"product_cat-big-puffs-disposable-vapes","9":"product_cat-blue-razz-flavor-disposable-vapes","10":"product_cat-blueberry-flavor-disposable-vapes","11":"product_cat-cherry-flavor-disposable-vapes","12":"product_cat-digital-box-disposable-vapes","13":"product_cat-disposable-vapes","14":"product_cat-dual-mesh-disposable-vapes","15":"product_cat-grape-flavor-disposable-vapes","16":"product_cat-ice-flavor-disposable-vapes","17":"product_cat-lower-nicotine-disposable-vapes","18":"product_cat-mango-flavor-disposable-vapes","19":"product_cat-mixed-berries-flavor-disposable-vapes","20":"product_cat-peach-flavor-disposable-vapes","21":"product_cat-raspberry-flavor-disposable-vapes","22":"product_cat-rechargeable-disposable-vapes","23":"product_cat-shop-best-disposable-vape-flavors","24":"product_cat-shop-by-puffs","25":"product_cat-strawberry-flavor-disposable-vapes","26":"product_cat-watermelon-flavor-disposable-vapes","28":"first","29":"outofstock","30":"shipping-taxable","31":"product-type-variable"},"jetpack_sharing_enabled":true,"_links":{"self":[{"href":"https:\/\/escovape.com\/hu\/wp-json\/wp\/v2\/product\/12632","targetHints":{"allow":["GET"]}}],"collection":[{"href":"https:\/\/escovape.com\/hu\/wp-json\/wp\/v2\/product"}],"about":[{"href":"https:\/\/escovape.com\/hu\/wp-json\/wp\/v2\/types\/product"}],"replies":[{"embeddable":true,"href":"https:\/\/escovape.com\/hu\/wp-json\/wp\/v2\/comments?post=12632"}],"wp:featuredmedia":[{"embeddable":true,"href":"https:\/\/escovape.com\/hu\/wp-json\/wp\/v2\/media\/12647"}],"wp:attachment":[{"href":"https:\/\/escovape.com\/hu\/wp-json\/wp\/v2\/media?parent=12632"}],"wp:term":[{"taxonomy":"product_brand","embeddable":true,"href":"https:\/\/escovape.com\/hu\/wp-json\/wp\/v2\/product_brand?post=12632"},{"taxonomy":"product_cat","embeddable":true,"href":"https:\/\/escovape.com\/hu\/wp-json\/wp\/v2\/product_cat?post=12632"},{"taxonomy":"product_tag","embeddable":true,"href":"https:\/\/escovape.com\/hu\/wp-json\/wp\/v2\/product_tag?post=12632"}],"curies":[{"name":"wp","href":"https:\/\/api.w.org\/{rel}","templated":true}]}}