{"id":21811,"date":"2025-02-21T12:33:25","date_gmt":"2025-02-21T12:33:25","guid":{"rendered":"https:\/\/escovape.com\/?post_type=product&#038;p=21811"},"modified":"2026-02-10T16:02:40","modified_gmt":"2026-02-10T16:02:40","slug":"vozol-csillag-20000-puffs-kettos-halos-mtl-design-5-alacsony-nikotin-ujratoltheto-eldobhato-parologtato-toll-omlesztett-vasarlas-nagykereskedes","status":"publish","type":"product","link":"https:\/\/escovape.com\/hu\/product\/vozol-star-20000-puffs-dual-mesh-mtl-design-5-low-nicotine-rechargeable-disposable-vapes-pen-bulk-buy-wholesale\/","title":{"rendered":"Vozol Star 20000 Puffs Dual Mesh MTL Design 5% Alacsony Nikotin T\u00f6lthet\u0151 Eldobhat\u00f3 Vape Pen Nagykereskedelem"},"content":{"rendered":"<div style=\"width: 360px;\" class=\"wp-video\"><video class=\"wp-video-shortcode\" id=\"video-21811-1\" width=\"360\" height=\"640\" preload=\"metadata\" controls=\"controls\"><source type=\"video\/mp4\" src=\"https:\/\/escovape.com\/wp-content\/uploads\/2025\/02\/Vozol-Star-20000-Puffs-Dual-Mesh-MTL-Design-5-Low-Nicotine-Rechargeable.mp4?_=1\" \/><a href=\"https:\/\/escovape.com\/wp-content\/uploads\/2025\/02\/Vozol-Star-20000-Puffs-Dual-Mesh-MTL-Design-5-Low-Nicotine-Rechargeable.mp4\">https:\/\/escovape.com\/wp-content\/uploads\/2025\/02\/Vozol-Star-20000-Puffs-Dual-Mesh-MTL-Design-5-Low-Nicotine-Rechargeable.mp4<\/a><\/video><\/div>\n<h2>Vozol Star 20000 Puffs: A <a href=\"https:\/\/escovape.com\/hu\/\">T\u00f6k\u00e9letes Eldobhat\u00f3 Vape<\/a><\/h2>\n<p>A Vozol Star 20000 Puffs egy nagyon k\u00fcl\u00f6nleges eldobhat\u00f3 vape. Ak\u00e1r 20 000 p\u00e1r\u00e1t ad, \u00e9s \u00fajra t\u00f6lthet\u0151. Ide\u00e1lis mindenki sz\u00e1m\u00e1ra, aki szereti a vapel\u00e9st, legyen ak\u00e1r kezd\u0151, ak\u00e1r m\u00e1r sokszor csin\u00e1lta. Modernnek t\u0171nik \u00e9s szuper j\u00f3l m\u0171k\u00f6dik. Olcs\u00f3n megv\u00e1s\u00e1rolhat\u00f3 nagy mennyis\u00e9gben az Escovape-t\u0151l, a legnagyobb eldobhat\u00f3 vape-eket forgalmaz\u00f3 nagykeresked\u0151t\u0151l Hollandi\u00e1ban, N\u00e9metorsz\u00e1gban, Belgiumban \u00e9s Spanyolorsz\u00e1gban.<\/p>\n<h3><a href=\"https:\/\/escovape.com\/hu\/termekkategoria\/vozol-eldobhato-vapes\/\">Vozol<\/a> Star 20000 Puffs: F\u0151bb jellemz\u0151k.<\/h3>\n<p>20 000+ Puff: Nagyon hossz\u00fa ideig tart, hosszabb ideig, mint a legt\u00f6bb m\u00e1s eldobhat\u00f3 vape.<br \/>\n650mAh \u00fajrat\u00f6lthet\u0151 akkumul\u00e1tor: Gyorsan t\u00f6lt\u0151dik a Type-C porton kereszt\u00fcl. Praktikus \u00fatk\u00f6zben.<br \/>\nDu\u00e1lis h\u00e1l\u00f3 tekercsek: Jobb \u00edzt \u00e9s t\u00f6bb p\u00e1r\u00e1t biztos\u00edt.<br \/>\nK\u00e9t \u00fczemm\u00f3d: V\u00e1lasszon az Eco \u00fczemm\u00f3d (l\u00e1gy g\u0151z) \u00e9s a Power \u00fczemm\u00f3d (er\u0151s g\u0151z) k\u00f6z\u00f6tt.<br \/>\nK\u00e9perny\u0151 t\u00fck\u00f6rrel: Mindig l\u00e1thatja, milyen tele van az akkumul\u00e1tor \u00e9s a folyad\u00e9k.<br \/>\n5% Nikotin: Nyugtat\u00f3 \u00e9rz\u00e9st ad an\u00e9lk\u00fcl, hogy t\u00fal er\u0151s lenne.<br \/>\nMTL tervez\u00e9s: Pontosan \u00fagy, mint egy sz\u00e1l cigaretta, t\u00f6k\u00e9letes egy szoros slukkhoz.<br \/>\nV\u00e9dett sz\u00e1jr\u00e9sz: Nincs sziv\u00e1rg\u00e1s, mindig tiszta.<br \/>\nSt\u00edlusos \u00e9s kicsi: k\u00f6nnyen hordozhat\u00f3 \u00e9s gy\u00f6ny\u00f6r\u0171 sz\u00ednekben kaphat\u00f3.<\/p>\n<h3>Vozol Star 20000 Puffs \u00cdzek: Mindenki sz\u00e1m\u00e1ra van valami<\/h3>\n<p data-pm-slice=\"0 0 []\">1. K\u00e9k Razz J\u00e9g<\/p>\n<p>2. \u00c1fonya Vihar<\/p>\n<p>3. Cherry Cola<\/p>\n<p>4. Dupla Alma J\u00e9g<\/p>\n<p>5. Dragon Strawnana<\/p>\n<p>6. Sz\u0151l\u0151 J\u00e9g<\/p>\n<p>7. L\u00e9d\u00fas \u0150szibar\u00e1t J\u00e9g<\/p>\n<p>8. Citrom Lime<\/p>\n<p>9. Szeretet 777<\/p>\n<p>10. Mang\u00f3 J\u00e9g<\/p>\n<p>11. Vegyes Bogy\u00f3k<\/p>\n<p>12. Narancs Anan\u00e1sz Licsi<\/p>\n<p>13. \u0150szibar\u00e1t Mang\u00f3 Dinnye<\/p>\n<p>14. Parf\u00fcm Citrom<\/p>\n<p>15. M\u00e1lna Alma G\u00f6r\u00f6gdinnye Anan\u00e1sz<\/p>\n<p>16. M\u00e1lna S\u00e1rgadinnye<\/p>\n<p>17. Eper Kivi<\/p>\n<p>18. Eper Mang\u00f3<\/p>\n<p>19. Tr\u00f3pusi T\u00e1mad\u00e1s<\/p>\n<p>20. G\u00f6r\u00f6gdinnye j\u00e9g<\/p>\n<h3>Vape Nagykereskedelem: Mi\u00e9rt Escovape?<\/h3>\n<p><a href=\"https:\/\/escovape.com\/hu\/\">Escovape<\/a> A legjobb hely az Vape Nagykereskedelem sz\u00e1m\u00e1ra.  K\u00edn\u00e1lunk:<\/p>\n<p>Kiv\u00e1l\u00f3 min\u0151s\u00e9g: Csak megb\u00edzhat\u00f3 term\u00e9kek.<br \/>\nJ\u00f3 \u00e1rak: T\u00f6k\u00e9letes \u00fczletek \u00e9s nagykereskedelem sz\u00e1m\u00e1ra.<br \/>\nSok \u00edz: Mindenki tal\u00e1l valami finomat.<br \/>\nGyors sz\u00e1ll\u00edt\u00e1s: Mindig id\u0151ben.<br \/>\nSeg\u00edt\u0151 \u00dcgyf\u00e9lszolg\u00e1lat: Mindent gyorsan megoldunk.<\/p>\n<h3>Rendelje Vozol Star 20000 Puffs nagykereskedelmi most<\/h3>\n<p>Ak\u00e1r boltot \u00fczemeltet, ak\u00e1r nagykereskedelmet folytat, a Vozol Star 20000 Puffs j\u00f3 v\u00e1laszt\u00e1s. Az Escovape-n\u00e1l k\u00f6nnyen rendelhet nagy mennyis\u00e9geket. Gyorsan sz\u00e1ll\u00edtunk, \u00e9s mindig seg\u00edts\u00e9get kap, ha k\u00e9rd\u00e9sei vannak. Pr\u00f3b\u00e1lja ki a Vozol Star-ot most, \u00e9s engedje, hogy \u00fcgyfelei \u00e9lvezz\u00e9k a legjobb eldobhat\u00f3 vape-ot!<\/p>\n<p>Rendeljen Escovape-t ma \u00e9s teljes\u00edtse aj\u00e1nlat\u00e1t a Vozol Star 20000 Puffs term\u00e9kkel!<\/p>\n<p><img data-recalc-dims=\"1\" loading=\"lazy\" decoding=\"async\" class=\"alignnone wp-image-21832 size-large\" src=\"https:\/\/i0.wp.com\/escovape.com\/wp-content\/uploads\/2025\/02\/Vozol-Star-20000-Puffs-Dual-Mesh-MTL-Design-5-Low-Nicotine-Rechargeable-26.webp?resize=800%2C800&#038;ssl=1\" alt=\"Vozol Star 20000 Puffs Dual Mesh MTL Design 5% Alacsony Nikotin T\u00f6lthet\u0151 Eldobhat\u00f3 Vape Pen Nagykereskedelem\" width=\"800\" height=\"800\" title=\"\" srcset=\"https:\/\/i0.wp.com\/escovape.com\/wp-content\/uploads\/2025\/02\/Vozol-Star-20000-Puffs-Dual-Mesh-MTL-Design-5-Low-Nicotine-Rechargeable-26.webp?resize=800%2C800&amp;ssl=1 800w, https:\/\/i0.wp.com\/escovape.com\/wp-content\/uploads\/2025\/02\/Vozol-Star-20000-Puffs-Dual-Mesh-MTL-Design-5-Low-Nicotine-Rechargeable-26.webp?resize=400%2C400&amp;ssl=1 400w, https:\/\/i0.wp.com\/escovape.com\/wp-content\/uploads\/2025\/02\/Vozol-Star-20000-Puffs-Dual-Mesh-MTL-Design-5-Low-Nicotine-Rechargeable-26.webp?resize=280%2C280&amp;ssl=1 280w, https:\/\/i0.wp.com\/escovape.com\/wp-content\/uploads\/2025\/02\/Vozol-Star-20000-Puffs-Dual-Mesh-MTL-Design-5-Low-Nicotine-Rechargeable-26.webp?resize=768%2C768&amp;ssl=1 768w, https:\/\/i0.wp.com\/escovape.com\/wp-content\/uploads\/2025\/02\/Vozol-Star-20000-Puffs-Dual-Mesh-MTL-Design-5-Low-Nicotine-Rechargeable-26.webp?resize=12%2C12&amp;ssl=1 12w, https:\/\/i0.wp.com\/escovape.com\/wp-content\/uploads\/2025\/02\/Vozol-Star-20000-Puffs-Dual-Mesh-MTL-Design-5-Low-Nicotine-Rechargeable-26.webp?resize=300%2C300&amp;ssl=1 300w, https:\/\/i0.wp.com\/escovape.com\/wp-content\/uploads\/2025\/02\/Vozol-Star-20000-Puffs-Dual-Mesh-MTL-Design-5-Low-Nicotine-Rechargeable-26.webp?resize=600%2C600&amp;ssl=1 600w, https:\/\/i0.wp.com\/escovape.com\/wp-content\/uploads\/2025\/02\/Vozol-Star-20000-Puffs-Dual-Mesh-MTL-Design-5-Low-Nicotine-Rechargeable-26.webp?resize=100%2C100&amp;ssl=1 100w, https:\/\/i0.wp.com\/escovape.com\/wp-content\/uploads\/2025\/02\/Vozol-Star-20000-Puffs-Dual-Mesh-MTL-Design-5-Low-Nicotine-Rechargeable-26.webp?w=1000&amp;ssl=1 1000w\" sizes=\"auto, (max-width: 800px) 100vw, 800px\" \/><\/p>\n<p><img data-recalc-dims=\"1\" loading=\"lazy\" decoding=\"async\" class=\"alignnone wp-image-21829 size-full\" src=\"https:\/\/i0.wp.com\/escovape.com\/wp-content\/uploads\/2025\/02\/Vozol-Star-20000-Puffs-Dual-Mesh-MTL-Design-5-Low-Nicotine-Rechargeable-23.webp?resize=734%2C646&#038;ssl=1\" alt=\"Vozol Star 20000 Puffs Dual Mesh MTL Design 5% Alacsony Nikotin T\u00f6lthet\u0151 Eldobhat\u00f3 Vape Pen Nagykereskedelem\" width=\"734\" height=\"646\" title=\"\" srcset=\"https:\/\/i0.wp.com\/escovape.com\/wp-content\/uploads\/2025\/02\/Vozol-Star-20000-Puffs-Dual-Mesh-MTL-Design-5-Low-Nicotine-Rechargeable-23.webp?w=734&amp;ssl=1 734w, https:\/\/i0.wp.com\/escovape.com\/wp-content\/uploads\/2025\/02\/Vozol-Star-20000-Puffs-Dual-Mesh-MTL-Design-5-Low-Nicotine-Rechargeable-23.webp?resize=454%2C400&amp;ssl=1 454w, https:\/\/i0.wp.com\/escovape.com\/wp-content\/uploads\/2025\/02\/Vozol-Star-20000-Puffs-Dual-Mesh-MTL-Design-5-Low-Nicotine-Rechargeable-23.webp?resize=14%2C12&amp;ssl=1 14w, https:\/\/i0.wp.com\/escovape.com\/wp-content\/uploads\/2025\/02\/Vozol-Star-20000-Puffs-Dual-Mesh-MTL-Design-5-Low-Nicotine-Rechargeable-23.webp?resize=600%2C528&amp;ssl=1 600w\" sizes=\"auto, (max-width: 734px) 100vw, 734px\" \/><\/p>","protected":false},"excerpt":{"rendered":"<p>A <strong>Vozol Star 20000 Puffs<\/strong> egy \u00fajrat\u00f6lthet\u0151, eldobhat\u00f3 vape toll, amely kett\u0151s h\u00e1l\u00f3sz\u00f6vet\u0171 tekercsekkel, \u00e1ramvonalas t\u00fck\u00f6rk\u00e9perny\u0151vel, kett\u0151s \u00fczemm\u00f3ddal, 20 000 sz\u00edv\u00e1ssal \u00e9s sz\u00e9les \u00edzv\u00e1laszt\u00e9kkal rendelkezik, \u00e9s pr\u00e9mium g\u0151z\u00f6l\u00e9si \u00e9lm\u00e9nyt ny\u00fajt mind a h\u00e9tk\u00f6znapi, mind a tapasztalt g\u0151z\u00f6l\u0151k sz\u00e1m\u00e1ra testreszabhat\u00f3 lehet\u0151s\u00e9gekkel.<\/p>","protected":false},"featured_media":21853,"comment_status":"open","ping_status":"closed","template":"","meta":{"_lmt_disableupdate":"no","_lmt_disable":""},"product_brand":[],"product_cat":[162,48,55,57,97,98,99,100,101,102,103,104,105,106,107,108,109,110,111,112,113,114,15,58,132,59,61,133,42],"product_tag":[],"class_list":{"0":"post-21811","1":"product","2":"type-product","3":"status-publish","4":"has-post-thumbnail","6":"product_cat-vozol-disposable-vapes","7":"product_cat-20000-puffs-disposable-vapes","8":"product_cat-big-puffs-disposable-vapes","9":"product_cat-digital-box-disposable-vapes","10":"product_cat-disposable-vape-in-europe","11":"product_cat-disposable-vape-wholesale-austria","12":"product_cat-disposable-vape-wholesale-belgium","13":"product_cat-disposable-vape-wholesale-czech-republic","14":"product_cat-disposable-vape-wholesale-denmark","15":"product_cat-disposable-vape-wholesale-finland","16":"product_cat-disposable-vape-wholesale-france","17":"product_cat-disposable-vape-wholesale-germany","18":"product_cat-disposable-vape-wholesale-greece","19":"product_cat-disposable-vape-wholesale-hungary","20":"product_cat-disposable-vape-wholesale-italy","21":"product_cat-disposable-vape-wholesale-netherlands","22":"product_cat-disposable-vape-wholesale-norway","23":"product_cat-disposable-vape-wholesale-portugal","24":"product_cat-disposable-vape-wholesale-romania","25":"product_cat-disposable-vape-wholesale-spain","26":"product_cat-disposable-vape-wholesale-sweden","27":"product_cat-disposable-vape-wholesale-switzerland","28":"product_cat-disposable-vapes","29":"product_cat-dual-mesh-disposable-vapes","30":"product_cat-european-vape-warehouse-stock","31":"product_cat-lower-nicotine-disposable-vapes","32":"product_cat-rechargeable-disposable-vapes","33":"product_cat-shop-best-disposable-vape-flavors","34":"product_cat-shop-by-puffs","36":"first","37":"instock","38":"shipping-taxable","39":"purchasable","40":"product-type-variable","41":"has-default-attributes"},"jetpack_sharing_enabled":true,"_links":{"self":[{"href":"https:\/\/escovape.com\/hu\/wp-json\/wp\/v2\/product\/21811","targetHints":{"allow":["GET"]}}],"collection":[{"href":"https:\/\/escovape.com\/hu\/wp-json\/wp\/v2\/product"}],"about":[{"href":"https:\/\/escovape.com\/hu\/wp-json\/wp\/v2\/types\/product"}],"replies":[{"embeddable":true,"href":"https:\/\/escovape.com\/hu\/wp-json\/wp\/v2\/comments?post=21811"}],"wp:featuredmedia":[{"embeddable":true,"href":"https:\/\/escovape.com\/hu\/wp-json\/wp\/v2\/media\/21853"}],"wp:attachment":[{"href":"https:\/\/escovape.com\/hu\/wp-json\/wp\/v2\/media?parent=21811"}],"wp:term":[{"taxonomy":"product_brand","embeddable":true,"href":"https:\/\/escovape.com\/hu\/wp-json\/wp\/v2\/product_brand?post=21811"},{"taxonomy":"product_cat","embeddable":true,"href":"https:\/\/escovape.com\/hu\/wp-json\/wp\/v2\/product_cat?post=21811"},{"taxonomy":"product_tag","embeddable":true,"href":"https:\/\/escovape.com\/hu\/wp-json\/wp\/v2\/product_tag?post=21811"}],"curies":[{"name":"wp","href":"https:\/\/api.w.org\/{rel}","templated":true}]}}