{"id":22816,"date":"2025-05-08T09:21:13","date_gmt":"2025-05-08T09:21:13","guid":{"rendered":"https:\/\/escovape.com\/?post_type=product&#038;p=22816"},"modified":"2025-09-19T08:49:22","modified_gmt":"2025-09-19T08:49:22","slug":"bang-blaze-60000-puffs-4-az-1-ben-izek-intelligens-kepernyo-60k-0-2-3-5-alacsony-nikotin-ujratoltheto-eldobhato-vapes-toll-omlesztett-vasarlas-nagykereskedelemben","status":"publish","type":"product","link":"https:\/\/escovape.com\/hu\/product\/bang-blaze-60000-puffs-4-in-1-flavors-smart-screen-60k-0-2-3-5-low-nicotine-rechargeable-disposable-vapes-pen-bulk-buy-wholesale\/","title":{"rendered":"Bang Blaze 60000 Puffs 4 az 1-ben \u00cdzek Okos K\u00e9perny\u0151 60K 0% 2% 3% 5% Alacsony Nikotin \u00dajrat\u00f6lthet\u0151 Eldobhat\u00f3 Vape Toll Nagykereskedelem \u00d6mlesztett V\u00e1s\u00e1rl\u00e1s"},"content":{"rendered":"<h2>Bang Blaze 60000 Puffs \u2013 Az Ultimate Eldobhat\u00f3 Vape<\/h2>\n<p>Bang Blaze 60000 Puffs: Hosszantart\u00f3 \u00f6r\u00f6m<br \/>\nA Bang Blaze 60000 Puffs egy k\u00fcl\u00f6nleges, eldobhat\u00f3 vape, amely nagyon hossz\u00fa ideig tart. Azoknak k\u00e9sz\u00fclt, akik sokat szeretn\u00e9nek p\u00e1rologtatni an\u00e9lk\u00fcl, hogy gyakran kellene t\u00f6lteni vagy cser\u00e9lni. 56ml folyad\u00e9kkal \u00e9s 60000 f\u00faj\u00e1ssal extra hossz\u00fa ideig \u00e9lvezheti. Ide\u00e1lis kezd\u0151knek \u00e9s tapasztalt p\u00e1rologtat\u00f3knak!<br \/>\n<a href=\"https:\/\/escovape.com\/hu\/termekkategoria\/bumm\/\">Bang Eldobhat\u00f3 Vape<\/a>: 4 \u00edz 1-ben<br \/>\nEnnek a vape-nek 4 \u00edze van 1 k\u00e9sz\u00fcl\u00e9kben. \u00cdgy nem kell folyamatosan v\u00e1ltogatnia a vape-eket. V\u00e1laszthatja a 0%, 2%, 3% vagy 5% nikotint. A praktikus k\u00e9perny\u0151 mutatja, mennyi akkumul\u00e1tor \u00e9s sz\u00edv\u00e1s van m\u00e9g h\u00e1tra. A t\u00f6lt\u00e9s gyors a Type-C t\u00f6lt\u0151vel. Az er\u0151s 650mAh-s akkumul\u00e1tor megb\u00edzhat\u00f3 haszn\u00e1latot biztos\u00edt.<\/p>\n<p><iframe loading=\"lazy\" title=\"Bang Blaze 60 000 Puffs 4 az 1-ben \u00edzek  #vapedisposable #bang\" width=\"563\" height=\"1000\" src=\"https:\/\/www.youtube.com\/embed\/pgCXmjJyBjU?feature=oembed\" frameborder=\"0\" allow=\"accelerometer; autoplay; clipboard-write; encrypted-media; gyroscope; picture-in-picture; web-share\" referrerpolicy=\"strict-origin-when-cross-origin\" allowfullscreen><\/iframe><\/p>\n<h2>Fontos jellemz\u0151k<\/h2>\n<p>60 000 sz\u00edv\u00e1s<br \/>\n56 ml folyad\u00e9k<br \/>\nNikotin: 0%, 2%, 3%, 5%<br \/>\nType-C t\u00f6lt\u0151<br \/>\nK\u00e9perny\u0151 akkumul\u00e1tor \u00e9s f\u00faj\u00e1sokhoz<br \/>\n4 \u00edz egyben<br \/>\nVid\u00e1m csomagol\u00e1s majommal szem\u00fcvegben<\/p>\n<h2>\u00cdzek List\u00e1ja<\/h2>\n<ol>\n<li>S\u00e1rgadinnye J\u00e9g + \u00c1fonya Menta + Fuji J\u00e9g + M\u00e9sz Romantika<\/li>\n<li>S\u00e1rgadinnye J\u00e9g + \u00c1fonya Cseresznye + Ny\u00e1ri Id\u0151 + Savany\u00fa Mang\u00f3 Anan\u00e1sz<\/li>\n<li>K\u00e9k\u00e1fonya J\u00e9g + \u0150szibar\u00e1t J\u00e9g + Sziv\u00e1rv\u00e1ny Cukorka + Citrom Savany\u00fa Narancs<\/li>\n<li>K\u00e9k\u00e1fonya J\u00e9g + \u0150szibar\u00e1t Mang\u00f3 S\u00e1rgadinnye + Passion Kisses + Dinnye Alma<\/li>\n<li>\u00c1fonya M\u00e1lna + Vegyes Gy\u00fcm\u00f6lcs + Kaliforniai Cseresznye + Maracuja Mang\u00f3<\/li>\n<li>K\u00e9k\u00e1fonya M\u00e1lna + Sz\u0151l\u0151 J\u00e9g + Bogy\u00f3 J\u00e9g + Aloe Mang\u00f3 S\u00e1rgadinnye<\/li>\n<li>Energiaital + Eper Ban\u00e1n + Mang\u00f3 \u0150szibar\u00e1t S\u00e1rgabar\u00e1t + Maracuja Kivi Lime<\/li>\n<li>Energiaital + \u00c1fony\u00e1s G\u00f6r\u00f6gdinnye + Savany\u00fa Alma M\u00e1lna + Gumimaci<\/li>\n<li>Eper Mang\u00f3 + G\u00f6r\u00f6gdinnye Bubble Gum + V\u00f6r\u00f6s Mojito + Love66<\/li>\n<li>Eper Mang\u00f3 + Eper Kivi + Alma Sz\u0151l\u0151 + S\u00e1rgadinnye S\u00e1rk\u00e1nygy\u00fcm\u00f6lcs<\/li>\n<li>Eper S\u00e1rgadinnye + Fekete J\u00e9g + Tizenh\u00e1rom Dinnye + \u00c1fonya Sz\u0151l\u0151<\/li>\n<li>Eper S\u00e1rgadinnye + Kivi Passi\u00f3gy\u00fcm\u00f6lcs Guava + Mang\u00f3 J\u00e9g + S\u00e1rgadinnye Savos \u0150szibar\u00e1t<\/li>\n<\/ol>\n<h2>Bang Blaze vape nagykereskedelem: Mi\u00e9rt v\u00e1lasszon minket?<\/h2>\n<p>Kiskereskedelmi \u00e9s nagykereskedelmi c\u00e9lra is j\u00f3 v\u00e1laszt\u00e1s a Bang Blaze 60000 Puffs, amely sz\u00e1mos \u00edzes\u00edt\u00e9si \u00e9s nikotin opci\u00f3t k\u00edn\u00e1l. A min\u0151s\u00e9ge magas, \u00e1ra pedig versenyk\u00e9pes. Nagy mennyis\u00e9geket k\u00f6nnyen rendelhet az Escovape-n kereszt\u00fcl, amely a legnagyobb online vape nagykeresked\u0151 Hollandi\u00e1ban, N\u00e9metorsz\u00e1gban, Belgiumban \u00e9s Spanyolorsz\u00e1gban.<br \/>\nHogyan rendelhetek?<br \/>\nMenjen az Escovape-ra, v\u00e1lassza ki az \u00edzeket \u00e9s a mennyis\u00e9get. Biztons\u00e1gos fizet\u00e9s \u00e9s gyors sz\u00e1ll\u00edt\u00e1s. Az Escovape csak megb\u00edzhat\u00f3 term\u00e9keket \u00e9rt\u00e9kes\u00edt j\u00f3 m\u00e1rk\u00e1kt\u00f3l. Ide\u00e1lis azoknak a boltoknak, amelyek boldog v\u00e1s\u00e1rl\u00f3kat szeretn\u00e9nek.<\/p>\n<p>&nbsp;<\/p>\n<p><img data-recalc-dims=\"1\" loading=\"lazy\" decoding=\"async\" class=\"alignnone wp-image-22820 size-large\" src=\"https:\/\/i0.wp.com\/escovape.com\/wp-content\/uploads\/2025\/04\/Bang-Blaze-60000-Puffs-4-in-1-Flavors-Smart-Screen-60K-0-2-3-5-Low-Nicotine-Rechargeable-25.webp?resize=1020%2C510&#038;ssl=1\" alt=\"Bang Blaze 60000 Puffs 4 az 1-ben \u00cdzek Okos K\u00e9perny\u0151 60K 0% 2% 3% 5% Alacsony Nikotin \u00dajrat\u00f6lthet\u0151 Eldobhat\u00f3 Vape Toll Nagykereskedelem \u00d6mlesztett V\u00e1s\u00e1rl\u00e1s\" width=\"1020\" height=\"510\" title=\"\" srcset=\"https:\/\/i0.wp.com\/escovape.com\/wp-content\/uploads\/2025\/04\/Bang-Blaze-60000-Puffs-4-in-1-Flavors-Smart-Screen-60K-0-2-3-5-Low-Nicotine-Rechargeable-25-scaled.webp?resize=1400%2C700&amp;ssl=1 1400w, https:\/\/i0.wp.com\/escovape.com\/wp-content\/uploads\/2025\/04\/Bang-Blaze-60000-Puffs-4-in-1-Flavors-Smart-Screen-60K-0-2-3-5-Low-Nicotine-Rechargeable-25-scaled.webp?resize=800%2C400&amp;ssl=1 800w, https:\/\/i0.wp.com\/escovape.com\/wp-content\/uploads\/2025\/04\/Bang-Blaze-60000-Puffs-4-in-1-Flavors-Smart-Screen-60K-0-2-3-5-Low-Nicotine-Rechargeable-25-scaled.webp?resize=768%2C384&amp;ssl=1 768w, https:\/\/i0.wp.com\/escovape.com\/wp-content\/uploads\/2025\/04\/Bang-Blaze-60000-Puffs-4-in-1-Flavors-Smart-Screen-60K-0-2-3-5-Low-Nicotine-Rechargeable-25-scaled.webp?resize=1536%2C768&amp;ssl=1 1536w, https:\/\/i0.wp.com\/escovape.com\/wp-content\/uploads\/2025\/04\/Bang-Blaze-60000-Puffs-4-in-1-Flavors-Smart-Screen-60K-0-2-3-5-Low-Nicotine-Rechargeable-25-scaled.webp?resize=2048%2C1024&amp;ssl=1 2048w, https:\/\/i0.wp.com\/escovape.com\/wp-content\/uploads\/2025\/04\/Bang-Blaze-60000-Puffs-4-in-1-Flavors-Smart-Screen-60K-0-2-3-5-Low-Nicotine-Rechargeable-25-scaled.webp?resize=18%2C9&amp;ssl=1 18w, https:\/\/i0.wp.com\/escovape.com\/wp-content\/uploads\/2025\/04\/Bang-Blaze-60000-Puffs-4-in-1-Flavors-Smart-Screen-60K-0-2-3-5-Low-Nicotine-Rechargeable-25-scaled.webp?resize=600%2C300&amp;ssl=1 600w\" sizes=\"auto, (max-width: 1020px) 100vw, 1020px\" \/><\/p>\n<p><img data-recalc-dims=\"1\" loading=\"lazy\" decoding=\"async\" class=\"alignnone wp-image-22819 size-large\" src=\"https:\/\/i0.wp.com\/escovape.com\/wp-content\/uploads\/2025\/04\/Bang-Blaze-60000-Puffs-4-in-1-Flavors-Smart-Screen-60K-0-2-3-5-Low-Nicotine-Rechargeable-24.webp?resize=800%2C800&#038;ssl=1\" alt=\"Bang Blaze 60000 Puffs 4 az 1-ben \u00cdzek Okos K\u00e9perny\u0151 60K 0% 2% 3% 5% Alacsony Nikotin \u00dajrat\u00f6lthet\u0151 Eldobhat\u00f3 Vape Toll Nagykereskedelem \u00d6mlesztett V\u00e1s\u00e1rl\u00e1s\" width=\"800\" height=\"800\" title=\"\" srcset=\"https:\/\/i0.wp.com\/escovape.com\/wp-content\/uploads\/2025\/04\/Bang-Blaze-60000-Puffs-4-in-1-Flavors-Smart-Screen-60K-0-2-3-5-Low-Nicotine-Rechargeable-24.webp?resize=800%2C800&amp;ssl=1 800w, https:\/\/i0.wp.com\/escovape.com\/wp-content\/uploads\/2025\/04\/Bang-Blaze-60000-Puffs-4-in-1-Flavors-Smart-Screen-60K-0-2-3-5-Low-Nicotine-Rechargeable-24.webp?resize=400%2C400&amp;ssl=1 400w, https:\/\/i0.wp.com\/escovape.com\/wp-content\/uploads\/2025\/04\/Bang-Blaze-60000-Puffs-4-in-1-Flavors-Smart-Screen-60K-0-2-3-5-Low-Nicotine-Rechargeable-24.webp?resize=280%2C280&amp;ssl=1 280w, https:\/\/i0.wp.com\/escovape.com\/wp-content\/uploads\/2025\/04\/Bang-Blaze-60000-Puffs-4-in-1-Flavors-Smart-Screen-60K-0-2-3-5-Low-Nicotine-Rechargeable-24.webp?resize=768%2C768&amp;ssl=1 768w, https:\/\/i0.wp.com\/escovape.com\/wp-content\/uploads\/2025\/04\/Bang-Blaze-60000-Puffs-4-in-1-Flavors-Smart-Screen-60K-0-2-3-5-Low-Nicotine-Rechargeable-24.webp?resize=1536%2C1536&amp;ssl=1 1536w, https:\/\/i0.wp.com\/escovape.com\/wp-content\/uploads\/2025\/04\/Bang-Blaze-60000-Puffs-4-in-1-Flavors-Smart-Screen-60K-0-2-3-5-Low-Nicotine-Rechargeable-24.webp?resize=12%2C12&amp;ssl=1 12w, https:\/\/i0.wp.com\/escovape.com\/wp-content\/uploads\/2025\/04\/Bang-Blaze-60000-Puffs-4-in-1-Flavors-Smart-Screen-60K-0-2-3-5-Low-Nicotine-Rechargeable-24.webp?resize=300%2C300&amp;ssl=1 300w, https:\/\/i0.wp.com\/escovape.com\/wp-content\/uploads\/2025\/04\/Bang-Blaze-60000-Puffs-4-in-1-Flavors-Smart-Screen-60K-0-2-3-5-Low-Nicotine-Rechargeable-24.webp?resize=600%2C600&amp;ssl=1 600w, https:\/\/i0.wp.com\/escovape.com\/wp-content\/uploads\/2025\/04\/Bang-Blaze-60000-Puffs-4-in-1-Flavors-Smart-Screen-60K-0-2-3-5-Low-Nicotine-Rechargeable-24.webp?resize=100%2C100&amp;ssl=1 100w, https:\/\/i0.wp.com\/escovape.com\/wp-content\/uploads\/2025\/04\/Bang-Blaze-60000-Puffs-4-in-1-Flavors-Smart-Screen-60K-0-2-3-5-Low-Nicotine-Rechargeable-24.webp?w=2000&amp;ssl=1 2000w\" sizes=\"auto, (max-width: 800px) 100vw, 800px\" \/><\/p>\n<p><img data-recalc-dims=\"1\" loading=\"lazy\" decoding=\"async\" class=\"alignnone wp-image-22818 size-large\" src=\"https:\/\/i0.wp.com\/escovape.com\/wp-content\/uploads\/2025\/04\/Bang-Blaze-60000-Puffs-4-in-1-Flavors-Smart-Screen-60K-0-2-3-5-Low-Nicotine-Rechargeable-23.webp?resize=800%2C800&#038;ssl=1\" alt=\"Bang Blaze 60000 Puffs 4 az 1-ben \u00cdzek Okos K\u00e9perny\u0151 60K 0% 2% 3% 5% Alacsony Nikotin \u00dajrat\u00f6lthet\u0151 Eldobhat\u00f3 Vape Toll Nagykereskedelem \u00d6mlesztett V\u00e1s\u00e1rl\u00e1s\" width=\"800\" height=\"800\" title=\"\" srcset=\"https:\/\/i0.wp.com\/escovape.com\/wp-content\/uploads\/2025\/04\/Bang-Blaze-60000-Puffs-4-in-1-Flavors-Smart-Screen-60K-0-2-3-5-Low-Nicotine-Rechargeable-23.webp?resize=800%2C800&amp;ssl=1 800w, https:\/\/i0.wp.com\/escovape.com\/wp-content\/uploads\/2025\/04\/Bang-Blaze-60000-Puffs-4-in-1-Flavors-Smart-Screen-60K-0-2-3-5-Low-Nicotine-Rechargeable-23.webp?resize=400%2C400&amp;ssl=1 400w, https:\/\/i0.wp.com\/escovape.com\/wp-content\/uploads\/2025\/04\/Bang-Blaze-60000-Puffs-4-in-1-Flavors-Smart-Screen-60K-0-2-3-5-Low-Nicotine-Rechargeable-23.webp?resize=280%2C280&amp;ssl=1 280w, https:\/\/i0.wp.com\/escovape.com\/wp-content\/uploads\/2025\/04\/Bang-Blaze-60000-Puffs-4-in-1-Flavors-Smart-Screen-60K-0-2-3-5-Low-Nicotine-Rechargeable-23.webp?resize=768%2C768&amp;ssl=1 768w, https:\/\/i0.wp.com\/escovape.com\/wp-content\/uploads\/2025\/04\/Bang-Blaze-60000-Puffs-4-in-1-Flavors-Smart-Screen-60K-0-2-3-5-Low-Nicotine-Rechargeable-23.webp?resize=1536%2C1536&amp;ssl=1 1536w, https:\/\/i0.wp.com\/escovape.com\/wp-content\/uploads\/2025\/04\/Bang-Blaze-60000-Puffs-4-in-1-Flavors-Smart-Screen-60K-0-2-3-5-Low-Nicotine-Rechargeable-23.webp?resize=12%2C12&amp;ssl=1 12w, https:\/\/i0.wp.com\/escovape.com\/wp-content\/uploads\/2025\/04\/Bang-Blaze-60000-Puffs-4-in-1-Flavors-Smart-Screen-60K-0-2-3-5-Low-Nicotine-Rechargeable-23.webp?resize=300%2C300&amp;ssl=1 300w, https:\/\/i0.wp.com\/escovape.com\/wp-content\/uploads\/2025\/04\/Bang-Blaze-60000-Puffs-4-in-1-Flavors-Smart-Screen-60K-0-2-3-5-Low-Nicotine-Rechargeable-23.webp?resize=600%2C600&amp;ssl=1 600w, https:\/\/i0.wp.com\/escovape.com\/wp-content\/uploads\/2025\/04\/Bang-Blaze-60000-Puffs-4-in-1-Flavors-Smart-Screen-60K-0-2-3-5-Low-Nicotine-Rechargeable-23.webp?resize=100%2C100&amp;ssl=1 100w, https:\/\/i0.wp.com\/escovape.com\/wp-content\/uploads\/2025\/04\/Bang-Blaze-60000-Puffs-4-in-1-Flavors-Smart-Screen-60K-0-2-3-5-Low-Nicotine-Rechargeable-23.webp?w=2000&amp;ssl=1 2000w\" sizes=\"auto, (max-width: 800px) 100vw, 800px\" \/><\/p>\n<p><img data-recalc-dims=\"1\" loading=\"lazy\" decoding=\"async\" class=\"alignnone wp-image-22815 size-large\" src=\"https:\/\/i0.wp.com\/escovape.com\/wp-content\/uploads\/2025\/04\/Bang-Blaze-60000-Puffs-4-in-1-Flavors-Smart-Screen-60K-0-2-3-5-Low-Nicotine-Rechargeable-21.webp?resize=800%2C800&#038;ssl=1\" alt=\"Bang Blaze 60000 Puffs 4 az 1-ben \u00cdzek Okos K\u00e9perny\u0151 60K 0% 2% 3% 5% Alacsony Nikotin \u00dajrat\u00f6lthet\u0151 Eldobhat\u00f3 Vape Toll Nagykereskedelem \u00d6mlesztett V\u00e1s\u00e1rl\u00e1s\" width=\"800\" height=\"800\" title=\"\" srcset=\"https:\/\/i0.wp.com\/escovape.com\/wp-content\/uploads\/2025\/04\/Bang-Blaze-60000-Puffs-4-in-1-Flavors-Smart-Screen-60K-0-2-3-5-Low-Nicotine-Rechargeable-21.webp?resize=800%2C800&amp;ssl=1 800w, https:\/\/i0.wp.com\/escovape.com\/wp-content\/uploads\/2025\/04\/Bang-Blaze-60000-Puffs-4-in-1-Flavors-Smart-Screen-60K-0-2-3-5-Low-Nicotine-Rechargeable-21.webp?resize=400%2C400&amp;ssl=1 400w, https:\/\/i0.wp.com\/escovape.com\/wp-content\/uploads\/2025\/04\/Bang-Blaze-60000-Puffs-4-in-1-Flavors-Smart-Screen-60K-0-2-3-5-Low-Nicotine-Rechargeable-21.webp?resize=280%2C280&amp;ssl=1 280w, https:\/\/i0.wp.com\/escovape.com\/wp-content\/uploads\/2025\/04\/Bang-Blaze-60000-Puffs-4-in-1-Flavors-Smart-Screen-60K-0-2-3-5-Low-Nicotine-Rechargeable-21.webp?resize=768%2C768&amp;ssl=1 768w, https:\/\/i0.wp.com\/escovape.com\/wp-content\/uploads\/2025\/04\/Bang-Blaze-60000-Puffs-4-in-1-Flavors-Smart-Screen-60K-0-2-3-5-Low-Nicotine-Rechargeable-21.webp?resize=1536%2C1536&amp;ssl=1 1536w, https:\/\/i0.wp.com\/escovape.com\/wp-content\/uploads\/2025\/04\/Bang-Blaze-60000-Puffs-4-in-1-Flavors-Smart-Screen-60K-0-2-3-5-Low-Nicotine-Rechargeable-21.webp?resize=12%2C12&amp;ssl=1 12w, https:\/\/i0.wp.com\/escovape.com\/wp-content\/uploads\/2025\/04\/Bang-Blaze-60000-Puffs-4-in-1-Flavors-Smart-Screen-60K-0-2-3-5-Low-Nicotine-Rechargeable-21.webp?resize=300%2C300&amp;ssl=1 300w, https:\/\/i0.wp.com\/escovape.com\/wp-content\/uploads\/2025\/04\/Bang-Blaze-60000-Puffs-4-in-1-Flavors-Smart-Screen-60K-0-2-3-5-Low-Nicotine-Rechargeable-21.webp?resize=600%2C600&amp;ssl=1 600w, https:\/\/i0.wp.com\/escovape.com\/wp-content\/uploads\/2025\/04\/Bang-Blaze-60000-Puffs-4-in-1-Flavors-Smart-Screen-60K-0-2-3-5-Low-Nicotine-Rechargeable-21.webp?resize=100%2C100&amp;ssl=1 100w, https:\/\/i0.wp.com\/escovape.com\/wp-content\/uploads\/2025\/04\/Bang-Blaze-60000-Puffs-4-in-1-Flavors-Smart-Screen-60K-0-2-3-5-Low-Nicotine-Rechargeable-21.webp?w=2000&amp;ssl=1 2000w\" sizes=\"auto, (max-width: 800px) 100vw, 800px\" \/><\/p>\n<p><img data-recalc-dims=\"1\" loading=\"lazy\" decoding=\"async\" class=\"alignnone wp-image-22817 size-large\" src=\"https:\/\/i0.wp.com\/escovape.com\/wp-content\/uploads\/2025\/04\/Bang-Blaze-60000-Puffs-4-in-1-Flavors-Smart-Screen-60K-0-2-3-5-Low-Nicotine-Rechargeable-22.webp?resize=800%2C800&#038;ssl=1\" alt=\"Bang Blaze 60000 Puffs 4 az 1-ben \u00cdzek Okos K\u00e9perny\u0151 60K 0% 2% 3% 5% Alacsony Nikotin \u00dajrat\u00f6lthet\u0151 Eldobhat\u00f3 Vape Toll Nagykereskedelem \u00d6mlesztett V\u00e1s\u00e1rl\u00e1s\" width=\"800\" height=\"800\" title=\"\" srcset=\"https:\/\/i0.wp.com\/escovape.com\/wp-content\/uploads\/2025\/04\/Bang-Blaze-60000-Puffs-4-in-1-Flavors-Smart-Screen-60K-0-2-3-5-Low-Nicotine-Rechargeable-22.webp?resize=800%2C800&amp;ssl=1 800w, https:\/\/i0.wp.com\/escovape.com\/wp-content\/uploads\/2025\/04\/Bang-Blaze-60000-Puffs-4-in-1-Flavors-Smart-Screen-60K-0-2-3-5-Low-Nicotine-Rechargeable-22.webp?resize=400%2C400&amp;ssl=1 400w, https:\/\/i0.wp.com\/escovape.com\/wp-content\/uploads\/2025\/04\/Bang-Blaze-60000-Puffs-4-in-1-Flavors-Smart-Screen-60K-0-2-3-5-Low-Nicotine-Rechargeable-22.webp?resize=280%2C280&amp;ssl=1 280w, https:\/\/i0.wp.com\/escovape.com\/wp-content\/uploads\/2025\/04\/Bang-Blaze-60000-Puffs-4-in-1-Flavors-Smart-Screen-60K-0-2-3-5-Low-Nicotine-Rechargeable-22.webp?resize=768%2C768&amp;ssl=1 768w, https:\/\/i0.wp.com\/escovape.com\/wp-content\/uploads\/2025\/04\/Bang-Blaze-60000-Puffs-4-in-1-Flavors-Smart-Screen-60K-0-2-3-5-Low-Nicotine-Rechargeable-22.webp?resize=1536%2C1536&amp;ssl=1 1536w, https:\/\/i0.wp.com\/escovape.com\/wp-content\/uploads\/2025\/04\/Bang-Blaze-60000-Puffs-4-in-1-Flavors-Smart-Screen-60K-0-2-3-5-Low-Nicotine-Rechargeable-22.webp?resize=12%2C12&amp;ssl=1 12w, https:\/\/i0.wp.com\/escovape.com\/wp-content\/uploads\/2025\/04\/Bang-Blaze-60000-Puffs-4-in-1-Flavors-Smart-Screen-60K-0-2-3-5-Low-Nicotine-Rechargeable-22.webp?resize=300%2C300&amp;ssl=1 300w, https:\/\/i0.wp.com\/escovape.com\/wp-content\/uploads\/2025\/04\/Bang-Blaze-60000-Puffs-4-in-1-Flavors-Smart-Screen-60K-0-2-3-5-Low-Nicotine-Rechargeable-22.webp?resize=600%2C600&amp;ssl=1 600w, https:\/\/i0.wp.com\/escovape.com\/wp-content\/uploads\/2025\/04\/Bang-Blaze-60000-Puffs-4-in-1-Flavors-Smart-Screen-60K-0-2-3-5-Low-Nicotine-Rechargeable-22.webp?resize=100%2C100&amp;ssl=1 100w, https:\/\/i0.wp.com\/escovape.com\/wp-content\/uploads\/2025\/04\/Bang-Blaze-60000-Puffs-4-in-1-Flavors-Smart-Screen-60K-0-2-3-5-Low-Nicotine-Rechargeable-22.webp?w=2000&amp;ssl=1 2000w\" sizes=\"auto, (max-width: 800px) 100vw, 800px\" \/><\/p>","protected":false},"excerpt":{"rendered":"<p>A <strong>Bang Blaze 60000 Puffs<\/strong> egy nagy teljes\u00edtm\u00e9ny\u0171, \u00fajrat\u00f6lthet\u0151, eldobhat\u00f3 vape 56ml e-folyad\u00e9kkal, 4 az 1-ben \u00edzes\u00edt\u00e9si funkci\u00f3val, intelligens k\u00e9perny\u0151 kijelz\u0151vel \u00e9s szem\u00e9lyre szabhat\u00f3 nikotiner\u0151ss\u00e9ggel, ak\u00e1r 60 000 sz\u00edv\u00e1sig tart\u00f3, hossz\u00fa \u00e9lettartam\u00fa, kiel\u00e9g\u00edt\u0151 g\u0151zzel, \u00e9l\u00e9nk, felhaszn\u00e1l\u00f3bar\u00e1t kialak\u00edt\u00e1sban.<\/p>","protected":false},"featured_media":22809,"comment_status":"open","ping_status":"closed","template":"","meta":{"_lmt_disableupdate":"no","_lmt_disable":""},"product_brand":[],"product_cat":[18,193,55,57,97,98,99,100,101,102,103,104,105,106,107,108,109,110,111,112,113,114,15,59,61,133,42],"product_tag":[],"class_list":{"0":"post-22816","1":"product","2":"type-product","3":"status-publish","4":"has-post-thumbnail","6":"product_cat-bang","7":"product_cat-60000-puffs-disposable-vapes","8":"product_cat-big-puffs-disposable-vapes","9":"product_cat-digital-box-disposable-vapes","10":"product_cat-disposable-vape-in-europe","11":"product_cat-disposable-vape-wholesale-austria","12":"product_cat-disposable-vape-wholesale-belgium","13":"product_cat-disposable-vape-wholesale-czech-republic","14":"product_cat-disposable-vape-wholesale-denmark","15":"product_cat-disposable-vape-wholesale-finland","16":"product_cat-disposable-vape-wholesale-france","17":"product_cat-disposable-vape-wholesale-germany","18":"product_cat-disposable-vape-wholesale-greece","19":"product_cat-disposable-vape-wholesale-hungary","20":"product_cat-disposable-vape-wholesale-italy","21":"product_cat-disposable-vape-wholesale-netherlands","22":"product_cat-disposable-vape-wholesale-norway","23":"product_cat-disposable-vape-wholesale-portugal","24":"product_cat-disposable-vape-wholesale-romania","25":"product_cat-disposable-vape-wholesale-spain","26":"product_cat-disposable-vape-wholesale-sweden","27":"product_cat-disposable-vape-wholesale-switzerland","28":"product_cat-disposable-vapes","29":"product_cat-lower-nicotine-disposable-vapes","30":"product_cat-rechargeable-disposable-vapes","31":"product_cat-shop-best-disposable-vape-flavors","32":"product_cat-shop-by-puffs","34":"first","35":"instock","36":"shipping-taxable","37":"purchasable","38":"product-type-variable"},"jetpack_sharing_enabled":true,"_links":{"self":[{"href":"https:\/\/escovape.com\/hu\/wp-json\/wp\/v2\/product\/22816","targetHints":{"allow":["GET"]}}],"collection":[{"href":"https:\/\/escovape.com\/hu\/wp-json\/wp\/v2\/product"}],"about":[{"href":"https:\/\/escovape.com\/hu\/wp-json\/wp\/v2\/types\/product"}],"replies":[{"embeddable":true,"href":"https:\/\/escovape.com\/hu\/wp-json\/wp\/v2\/comments?post=22816"}],"wp:featuredmedia":[{"embeddable":true,"href":"https:\/\/escovape.com\/hu\/wp-json\/wp\/v2\/media\/22809"}],"wp:attachment":[{"href":"https:\/\/escovape.com\/hu\/wp-json\/wp\/v2\/media?parent=22816"}],"wp:term":[{"taxonomy":"product_brand","embeddable":true,"href":"https:\/\/escovape.com\/hu\/wp-json\/wp\/v2\/product_brand?post=22816"},{"taxonomy":"product_cat","embeddable":true,"href":"https:\/\/escovape.com\/hu\/wp-json\/wp\/v2\/product_cat?post=22816"},{"taxonomy":"product_tag","embeddable":true,"href":"https:\/\/escovape.com\/hu\/wp-json\/wp\/v2\/product_tag?post=22816"}],"curies":[{"name":"wp","href":"https:\/\/api.w.org\/{rel}","templated":true}]}}