{"id":23182,"date":"2025-05-13T08:23:50","date_gmt":"2025-05-13T08:23:50","guid":{"rendered":"https:\/\/escovape.com\/?post_type=product&#038;p=23182"},"modified":"2026-02-10T16:05:49","modified_gmt":"2026-02-10T16:05:49","slug":"vozol-rave-40-000-puszta-puffolasu-erzekelo-kijelzovel-5-alacsony-nikotin-tartalmu-akkumulatoros-dobozos-vaporezekelo-pen-tomegvasarlas-aruforgalmazas","status":"publish","type":"product","link":"https:\/\/escovape.com\/hu\/product\/vozol-rave-40000-puffs-sensing-display-5-low-nicotine-rechargeable-disposable-vapes-pen-bulk-buy-wholesale\/","title":{"rendered":"Vozol Rave 40000 Puffs Sensing Display 5% Alacsony Nikotin T\u00f6lthet\u0151 Eldobhat\u00f3 Vape Pen Nagykereskedelem"},"content":{"rendered":"<div style=\"width: 960px;\" class=\"wp-video\"><video class=\"wp-video-shortcode\" id=\"video-23182-1\" width=\"960\" height=\"544\" preload=\"metadata\" controls=\"controls\"><source type=\"video\/mp4\" src=\"https:\/\/escovape.com\/wp-content\/uploads\/2025\/05\/Vozol-Rave-40000-Puffs-Sensing-Display-5-Low-Nicotine-Rechargeable-Escovape.mp4?_=1\" \/><a href=\"https:\/\/escovape.com\/wp-content\/uploads\/2025\/05\/Vozol-Rave-40000-Puffs-Sensing-Display-5-Low-Nicotine-Rechargeable-Escovape.mp4\">https:\/\/escovape.com\/wp-content\/uploads\/2025\/05\/Vozol-Rave-40000-Puffs-Sensing-Display-5-Low-Nicotine-Rechargeable-Escovape.mp4<\/a><\/video><\/div>\n<h2>Vozol Rave 40000 Puffs \u2013 Ide\u00e1lis Vape Hossz\u00fa Haszn\u00e1latra<\/h2>\n<p>Fedezze fel <a href=\"https:\/\/escovape.com\/hu\/termekkategoria\/vozol-eldobhato-vapes\/\">Vozol Eldobhat\u00f3 Vape<\/a>: egy praktikus, hossz\u00fa \u00e9lettartam\u00fa \u00e9s k\u00f6nnyen haszn\u00e1lhat\u00f3 eldobhat\u00f3 vape. Ez a vape mindenki sz\u00e1m\u00e1ra alkalmas, kezd\u0151k \u00e9s tapasztalt felhaszn\u00e1l\u00f3k sz\u00e1m\u00e1ra egyar\u00e1nt. Olcs\u00f3n megv\u00e1s\u00e1rolhat\u00f3 nagy mennyis\u00e9gben az Escovape-on kereszt\u00fcl, t\u00f6k\u00e9letes boltok sz\u00e1m\u00e1ra, amelyek min\u0151s\u00e9get szeretn\u00e9nek k\u00edn\u00e1lni.<br \/>\nMi teszi k\u00fcl\u00f6nlegess\u00e9 a Vozol Rave 40000 Puffs-ot?<br \/>\nEnnek az e-ciginek dupla h\u00e1l\u00f3sz\u00e1las tekercse van a sima g\u0151z \u00e9s a sok \u00edz \u00e9rdek\u00e9ben. K\u00e9t \u00fczemm\u00f3dja van: Eco m\u00f3d (25 000 sz\u00edv\u00e1s, l\u00e1gy \u00edz) \u00e9s Teljes\u00edtm\u00e9ny m\u00f3d (18 000 sz\u00edv\u00e1s, er\u0151s \u00edz \u00e9s nagy felh\u0151k). Az 5,3 cm-es k\u00e9perny\u0151 mutatja, mennyi akkumul\u00e1tor van m\u00e9g \u00e9s mennyit lehet m\u00e9g haszn\u00e1lni.<\/p>\n<h2><a href=\"https:\/\/escovape.com\/hu\/termekkategoria\/vozol-eldobhato-vapes\/\">Vozol<\/a> Rave 40000 Puffs F\u0151bb Jellemz\u0151k:<\/h2>\n<p>Hossz\u00fa ideig tart: ak\u00e1r 25 000 sz\u00edv\u00e1sig<br \/>\nK\u00e9t \u00fczemm\u00f3d: v\u00e1laszthat a l\u00e1gy vagy er\u0151s k\u00f6z\u00f6tt<br \/>\nDu\u00e1lis h\u00e1l\u00f3 tekercsek: jobb \u00edz \u00e9s sima g\u0151z<br \/>\n\u00dajrat\u00f6lthet\u0151 akkumul\u00e1tor: 1000 mAh, gyors t\u00f6lt\u00e9s USB-C-vel<br \/>\n5% nikotin: k\u00edm\u00e9letes a torokkal, de hat\u00e9konyan m\u0171k\u00f6dik<br \/>\nV\u00edz\u00e1ll\u00f3: nincs folyad\u00e9k okozta probl\u00e9ma<br \/>\nK\u00f6nny\u0171 \u00e9s er\u0151s: k\u00f6nnyen hordozhat\u00f3<\/p>\n<h2>Vozol Rave 40000 Puffs\u00a0Vicces \u00cdzek Kipr\u00f3b\u00e1l\u00e1sra<\/h2>\n<p>V\u00e1lasszon az al\u00e1bbi \u00edzek k\u00f6z\u00fcl:<br \/>\nK\u00e9t alma<br \/>\nS\u00e1rgadinnye Fagyi<br \/>\nMang\u00f3 \u0150szibar\u00e1t<br \/>\n\u00c1fony\u00e1s Fagylalt<br \/>\nCherry Cola<br \/>\n\u2026and many more! Minden \u00edz gondosan elk\u00e9sz\u00edtett.<\/p>\n<h2>Mi\u00e9rt v\u00e1lassza a Vozol Rave 40000 Puffs-ot?<\/h2>\n<p>Ez az e-cigaretta megb\u00edzhat\u00f3 \u00e9s hossz\u00fa ideig m\u0171k\u00f6dik probl\u00e9ma n\u00e9lk\u00fcl. A k\u00e9perny\u0151n megjelen\u0151 vil\u00e1gos inform\u00e1ci\u00f3knak k\u00f6sz\u00f6nhet\u0151en mindig tudod, mit v\u00e1rhatsz. Ide\u00e1lis azok sz\u00e1m\u00e1ra, akik nagy f\u00fcstfelh\u0151ket szeretnek (DTL st\u00edlus).<br \/>\nVape nagykereskedelmi lehet\u0151s\u00e9gek<br \/>\nAz Escovape-n\u00e1l nagy mennyis\u00e9geket rendelhet alacsony \u00e1ron. Gyorsan sz\u00e1ll\u00edtunk Hollandi\u00e1ba, N\u00e9metorsz\u00e1gba, Belgiumba \u00e9s Spanyolorsz\u00e1gba. T\u00f6k\u00e9letes olyan \u00fczletek sz\u00e1m\u00e1ra, amelyek j\u00f3 vape-ot szeretn\u00e9nek ny\u00fajtani az \u00fcgyfeleknek a gondok n\u00e9lk\u00fcl.<\/p>\n<h2>Rendeljen most nagy mennyis\u00e9gben<\/h2>\n<p>A Vozol eldobhat\u00f3 vape n\u00e9pszer\u0171s\u00e9g\u00e9t tart\u00f3ss\u00e1g\u00e1nak \u00e9s sz\u00f3rakoztat\u00f3 \u00edzeinek k\u00f6sz\u00f6nheti. Szeretn\u00e9 n\u00f6velni k\u00e9szlet\u00e9t? L\u00e1togasson el az Escovape-ba \u00e9s rendeljen m\u00e9g ma. Egyszer\u0171, gyors \u00e9s megb\u00edzhat\u00f3!<br \/>\nEr\u0151s \u00e9s sz\u00f3rakoztat\u00f3 vape-ot keres? A Vozol Rave 40000 Puffs okos v\u00e1laszt\u00e1s!<\/p>\n<p><img data-recalc-dims=\"1\" loading=\"lazy\" decoding=\"async\" class=\"alignnone wp-image-23267 size-full\" src=\"https:\/\/i0.wp.com\/escovape.com\/wp-content\/uploads\/2025\/05\/Vozol-Rave-40000-Puffs-Sensing-Display-5-Low-Nicotine-Rechargeable-3.webp?resize=1020%2C1442&#038;ssl=1\" alt=\"Vozol Rave 40000 Puffs Sensing Display 5% Alacsony Nikotin T\u00f6lthet\u0151 Eldobhat\u00f3 Vape Pen Nagykereskedelem\" width=\"1020\" height=\"1442\" title=\"\" srcset=\"https:\/\/i0.wp.com\/escovape.com\/wp-content\/uploads\/2025\/05\/Vozol-Rave-40000-Puffs-Sensing-Display-5-Low-Nicotine-Rechargeable-3.webp?w=1280&amp;ssl=1 1280w, https:\/\/i0.wp.com\/escovape.com\/wp-content\/uploads\/2025\/05\/Vozol-Rave-40000-Puffs-Sensing-Display-5-Low-Nicotine-Rechargeable-3.webp?resize=283%2C400&amp;ssl=1 283w, https:\/\/i0.wp.com\/escovape.com\/wp-content\/uploads\/2025\/05\/Vozol-Rave-40000-Puffs-Sensing-Display-5-Low-Nicotine-Rechargeable-3.webp?resize=566%2C800&amp;ssl=1 566w, https:\/\/i0.wp.com\/escovape.com\/wp-content\/uploads\/2025\/05\/Vozol-Rave-40000-Puffs-Sensing-Display-5-Low-Nicotine-Rechargeable-3.webp?resize=768%2C1086&amp;ssl=1 768w, https:\/\/i0.wp.com\/escovape.com\/wp-content\/uploads\/2025\/05\/Vozol-Rave-40000-Puffs-Sensing-Display-5-Low-Nicotine-Rechargeable-3.webp?resize=1086%2C1536&amp;ssl=1 1086w, https:\/\/i0.wp.com\/escovape.com\/wp-content\/uploads\/2025\/05\/Vozol-Rave-40000-Puffs-Sensing-Display-5-Low-Nicotine-Rechargeable-3.webp?resize=8%2C12&amp;ssl=1 8w, https:\/\/i0.wp.com\/escovape.com\/wp-content\/uploads\/2025\/05\/Vozol-Rave-40000-Puffs-Sensing-Display-5-Low-Nicotine-Rechargeable-3.webp?resize=600%2C848&amp;ssl=1 600w\" sizes=\"auto, (max-width: 1020px) 100vw, 1020px\" \/><\/p>","protected":false},"excerpt":{"rendered":"<p>A <strong data-start=\"4\" data-end=\"47\">Vozol Rave 40000 Puffs Eldobhat\u00f3 Vape<\/strong> forradalmi g\u0151z\u00f6l\u00e9si \u00e9lm\u00e9nyt k\u00edn\u00e1l 270\u00b0-os \u00fctem\u00e9rz\u00e9kel\u0151 kijelz\u0151vel, kett\u0151s h\u00e1l\u00f3sz\u00e1las tekercstechnol\u00f3gi\u00e1val, 5% nikotiner\u0151ss\u00e9ggel \u00e9s ak\u00e1r 40 000 sz\u00edv\u00e1sig rendszeres m\u00f3dban, mindez nagykereskedelmi v\u00e1s\u00e1rl\u00e1sra el\u00e9rhet\u0151 <strong data-start=\"246\" data-end=\"258\">Escovape<\/strong> Azok sz\u00e1m\u00e1ra, akik pr\u00e9mium min\u0151s\u00e9get \u00e9s k\u00e9nyelmet keresnek.<\/p>","protected":false},"featured_media":23270,"comment_status":"open","ping_status":"closed","template":"","meta":{"_lmt_disableupdate":"no","_lmt_disable":""},"product_brand":[],"product_cat":[162,123,55,57,97,98,99,100,101,102,103,104,105,106,107,108,109,110,111,112,113,114,15,58,132,59,61,133,42],"product_tag":[],"class_list":{"0":"post-23182","1":"product","2":"type-product","3":"status-publish","4":"has-post-thumbnail","6":"product_cat-vozol-disposable-vapes","7":"product_cat-40000-puffs-disposable-vapes","8":"product_cat-big-puffs-disposable-vapes","9":"product_cat-digital-box-disposable-vapes","10":"product_cat-disposable-vape-in-europe","11":"product_cat-disposable-vape-wholesale-austria","12":"product_cat-disposable-vape-wholesale-belgium","13":"product_cat-disposable-vape-wholesale-czech-republic","14":"product_cat-disposable-vape-wholesale-denmark","15":"product_cat-disposable-vape-wholesale-finland","16":"product_cat-disposable-vape-wholesale-france","17":"product_cat-disposable-vape-wholesale-germany","18":"product_cat-disposable-vape-wholesale-greece","19":"product_cat-disposable-vape-wholesale-hungary","20":"product_cat-disposable-vape-wholesale-italy","21":"product_cat-disposable-vape-wholesale-netherlands","22":"product_cat-disposable-vape-wholesale-norway","23":"product_cat-disposable-vape-wholesale-portugal","24":"product_cat-disposable-vape-wholesale-romania","25":"product_cat-disposable-vape-wholesale-spain","26":"product_cat-disposable-vape-wholesale-sweden","27":"product_cat-disposable-vape-wholesale-switzerland","28":"product_cat-disposable-vapes","29":"product_cat-dual-mesh-disposable-vapes","30":"product_cat-european-vape-warehouse-stock","31":"product_cat-lower-nicotine-disposable-vapes","32":"product_cat-rechargeable-disposable-vapes","33":"product_cat-shop-best-disposable-vape-flavors","34":"product_cat-shop-by-puffs","36":"first","37":"instock","38":"shipping-taxable","39":"purchasable","40":"product-type-variable"},"jetpack_sharing_enabled":true,"_links":{"self":[{"href":"https:\/\/escovape.com\/hu\/wp-json\/wp\/v2\/product\/23182","targetHints":{"allow":["GET"]}}],"collection":[{"href":"https:\/\/escovape.com\/hu\/wp-json\/wp\/v2\/product"}],"about":[{"href":"https:\/\/escovape.com\/hu\/wp-json\/wp\/v2\/types\/product"}],"replies":[{"embeddable":true,"href":"https:\/\/escovape.com\/hu\/wp-json\/wp\/v2\/comments?post=23182"}],"wp:featuredmedia":[{"embeddable":true,"href":"https:\/\/escovape.com\/hu\/wp-json\/wp\/v2\/media\/23270"}],"wp:attachment":[{"href":"https:\/\/escovape.com\/hu\/wp-json\/wp\/v2\/media?parent=23182"}],"wp:term":[{"taxonomy":"product_brand","embeddable":true,"href":"https:\/\/escovape.com\/hu\/wp-json\/wp\/v2\/product_brand?post=23182"},{"taxonomy":"product_cat","embeddable":true,"href":"https:\/\/escovape.com\/hu\/wp-json\/wp\/v2\/product_cat?post=23182"},{"taxonomy":"product_tag","embeddable":true,"href":"https:\/\/escovape.com\/hu\/wp-json\/wp\/v2\/product_tag?post=23182"}],"curies":[{"name":"wp","href":"https:\/\/api.w.org\/{rel}","templated":true}]}}