{"id":27688,"date":"2025-07-17T02:58:35","date_gmt":"2025-07-17T02:58:35","guid":{"rendered":"https:\/\/escovape.com\/?post_type=product&#038;p=27688"},"modified":"2025-08-05T02:05:30","modified_gmt":"2025-08-05T02:05:30","slug":"vasy-vcan-pro-15k-puffs-ujratoltheto-premium-eldobhato-vape-led-kijelzovel-nagykereskedelmi-vasarlas","status":"publish","type":"product","link":"https:\/\/escovape.com\/hu\/product\/vasy-vcan-pro-15k-puffs-rechargeable-premium-disposable-vapes-with-led-screen-bulk-buy-wholesale\/","title":{"rendered":"VASY VCAN PRO 15K Puffs \u00dajrat\u00f6lthet\u0151 Pr\u00e9mium Eldobhat\u00f3 Vape LED Kijelz\u0151vel Nagykereskedelmi V\u00e1s\u00e1rl\u00e1s"},"content":{"rendered":"<div style=\"width: 1020px;\" class=\"wp-video\"><video class=\"wp-video-shortcode\" id=\"video-27688-1\" width=\"1020\" height=\"510\" preload=\"metadata\" controls=\"controls\"><source type=\"video\/webm\" src=\"https:\/\/escovape.com\/wp-content\/uploads\/2025\/07\/VASY-Vcan-Pro-15K-Puffs-Rechargeable-Premium-Disposable-Vapes-With-LED-Screen-Bulk-Buy-Wholesale.webm?_=1\" \/><a href=\"https:\/\/escovape.com\/wp-content\/uploads\/2025\/07\/VASY-Vcan-Pro-15K-Puffs-Rechargeable-Premium-Disposable-Vapes-With-LED-Screen-Bulk-Buy-Wholesale.webm\">https:\/\/escovape.com\/wp-content\/uploads\/2025\/07\/VASY-Vcan-Pro-15K-Puffs-Rechargeable-Premium-Disposable-Vapes-With-LED-Screen-Bulk-Buy-Wholesale.webm<\/a><\/video><\/div>\n<h2 data-start=\"247\" data-end=\"284\">K\u00f6r\u00fclbel\u00fcl <a href=\"https:\/\/escovape.com\/hu\/termekkategoria\/vasy-eldobhato-vapes\/\">VASY<\/a> <a href=\"https:\/\/escovape.com\/hu\/termekkategoria\/eldobhato-vape-keszulekek\/\">VCAN<\/a> PRO 15K Puffs<\/h2>\n<p data-start=\"285\" data-end=\"660\">A <strong data-start=\"289\" data-end=\"316\">VASY VCAN PRO 15K Puffs<\/strong> \u00d6tv\u00f6zi a k\u00e9nyelmet \u00e9s az er\u0151t egy \u00e1ramvonalas eldobhat\u00f3ban, ak\u00e1r <strong data-start=\"386\" data-end=\"402\">15 000 sz\u00edv\u00e1s<\/strong> 24\u202fmL e-liquid tart\u00e1ly\u00e1b\u00f3l \u00e9s 650\u202fmAh \u00fajrat\u00f6lthet\u0151 akkumul\u00e1tor\u00e1b\u00f3l. Kieg\u00e9sz\u00edtve egy praktikus LED kijelz\u0151vel \u00e9s robusztus dupla mesh tekercsekkel, ez az eszk\u00f6z gazdag \u00edzt, sima alacsony nikotintartalm\u00fa \u00fct\u00e9seket \u00e9s gyors Type-C t\u00f6lt\u00e9st biztos\u00edt - mindezt nagy mennyis\u00e9gben v\u00e1s\u00e1rolva el\u00e9rhet\u0151 <strong data-start=\"647\" data-end=\"659\">Escovape<\/strong>.<\/p>\n<hr data-start=\"662\" data-end=\"665\" \/>\n<h2 data-start=\"667\" data-end=\"711\">Kulcstulajdons\u00e1gok \u2013 VASY VCAN PRO 15K Puffs<\/h2>\n<ul data-start=\"713\" data-end=\"1214\">\n<li data-start=\"713\" data-end=\"782\">\n<p data-start=\"715\" data-end=\"782\">\ud83d\udd0b <strong data-start=\"718\" data-end=\"742\">15 000 Puff kapacit\u00e1s<\/strong> Hosszabb\u00edtott, megb\u00edzhat\u00f3 g\u0151z\u00f6l\u00e9sre tervezve<\/p>\n<\/li>\n<li data-start=\"783\" data-end=\"860\">\n<p data-start=\"785\" data-end=\"860\">\ud83d\udcca <strong data-start=\"788\" data-end=\"812\">LED Kijelz\u0151 Indikator<\/strong> - Az e-folyad\u00e9k \u00e9s az akkumul\u00e1tor szintj\u00e9nek azonnali megjelen\u00edt\u00e9se<\/p>\n<\/li>\n<li data-start=\"861\" data-end=\"924\">\n<p data-start=\"863\" data-end=\"924\">\ud83d\udd25 <strong data-start=\"866\" data-end=\"885\">Du\u00e1lis h\u00e1l\u00f3 tekercsek<\/strong> \u2013 Sima, testes g\u0151zt termel<\/p>\n<\/li>\n<li data-start=\"925\" data-end=\"995\">\n<p data-start=\"927\" data-end=\"995\">\ud83c\udf2c\ufe0f <strong data-start=\"931\" data-end=\"953\">Be\u00e1ll\u00edthat\u00f3 l\u00e9g\u00e1raml\u00e1s<\/strong> \u2013 \u00c1ll\u00edtsa be a h\u00faz\u00e1st szorosr\u00f3l l\u00e9giesre<\/p>\n<\/li>\n<li data-start=\"996\" data-end=\"1061\">\n<p data-start=\"998\" data-end=\"1061\">\u26a1 <strong data-start=\"1000\" data-end=\"1024\">C-t\u00edpus\u00fa gyors t\u00f6lt\u00e9s<\/strong> \u2013 Mind\u00f6ssze 30 perc alatt teljesen felt\u00f6lt\u0151dik<\/p>\n<\/li>\n<li data-start=\"1062\" data-end=\"1135\">\n<p data-start=\"1064\" data-end=\"1135\">\ud83d\udd04 <strong data-start=\"1067\" data-end=\"1099\">\u00dajrat\u00f6lthet\u0151 650\u202fmAh Akkumul\u00e1tor<\/strong> - Haszn\u00e1lja addig, am\u00edg az e-folyad\u00e9k el nem fogy<\/p>\n<\/li>\n<li data-start=\"1136\" data-end=\"1214\">\n<p data-start=\"1138\" data-end=\"1214\">\ud83c\udfaf <strong data-start=\"1141\" data-end=\"1162\"><a href=\"https:\/\/escovape.com\/hu\/termekkategoria\/eldobhato-gozok\/alacsonyabb-nikotinszintu-eldobhato-parologtatok\/\">Alacsony Nikotin<\/a> (5%)<\/strong> Enyhe torokhat\u00e1st er\u0151s \u00edzzel sz\u00e1ll\u00edt<\/p>\n<\/li>\n<\/ul>\n<hr data-start=\"1216\" data-end=\"1219\" \/>\n<h2 data-start=\"1221\" data-end=\"1269\">VASY VCAN PRO 15K Puffs - \u00cdz V\u00e1laszt\u00e9k<\/h2>\n<p data-start=\"1271\" data-end=\"1367\">\u00c9lvezze <strong data-start=\"1277\" data-end=\"1300\">10 k\u00fcl\u00f6nb\u00f6z\u0151 \u00edz<\/strong>mindegyiket \u00fagy alak\u00edtott\u00e1k ki, hogy friss \u00e9s kiel\u00e9g\u00edt\u0151 vape-\u00e9lm\u00e9nyt ny\u00fajtson:<\/p>\n<ol data-start=\"1369\" data-end=\"1558\">\n<li data-start=\"1369\" data-end=\"1382\">\n<p data-start=\"1372\" data-end=\"1382\">K\u00f3la j\u00e9g<\/p>\n<\/li>\n<li data-start=\"1383\" data-end=\"1404\">\n<p data-start=\"1386\" data-end=\"1404\">Szezon a tengerparton<\/p>\n<\/li>\n<li data-start=\"1405\" data-end=\"1422\">\n<p data-start=\"1408\" data-end=\"1422\">Like Everest<\/p>\n<\/li>\n<li data-start=\"1423\" data-end=\"1437\">\n<p data-start=\"1426\" data-end=\"1437\">Mango j\u00e9g<\/p>\n<\/li>\n<li data-start=\"1438\" data-end=\"1457\">\n<p data-start=\"1441\" data-end=\"1457\">S\u00e1rgadinnye j\u00e9g<\/p>\n<\/li>\n<li data-start=\"1458\" data-end=\"1476\">\n<p data-start=\"1461\" data-end=\"1476\">K\u00e9k\u00e1fonya J\u00e9g<\/p>\n<\/li>\n<li data-start=\"1477\" data-end=\"1496\">\n<p data-start=\"1480\" data-end=\"1496\">Eper J\u00e9g<\/p>\n<\/li>\n<li data-start=\"1497\" data-end=\"1519\">\n<p data-start=\"1500\" data-end=\"1519\">Eper Ban\u00e1n<\/p>\n<\/li>\n<li data-start=\"1520\" data-end=\"1544\">\n<p data-start=\"1523\" data-end=\"1544\">Nakhle Dupla Alma<\/p>\n<\/li>\n<li data-start=\"1545\" data-end=\"1558\">\n<p data-start=\"1549\" data-end=\"1558\">Sz\u0151l\u0151 J\u00e9g<\/p>\n<\/li>\n<\/ol>\n<hr data-start=\"1560\" data-end=\"1563\" \/>\n<h2 data-start=\"1565\" data-end=\"1614\">VASY VCAN PRO 15K Puffs \u2013 M\u0171szaki adatok \u00e9s csomagol\u00e1s<\/h2>\n<ul data-start=\"1616\" data-end=\"2073\">\n<li data-start=\"1616\" data-end=\"1659\">\n<p data-start=\"1618\" data-end=\"1659\"><strong data-start=\"1618\" data-end=\"1633\">Puff Count:<\/strong> 15 000 f\u00faj\u00e1sk\u00e9sz\u00fcl\u00e9kenk\u00e9nt<\/p>\n<\/li>\n<li data-start=\"1660\" data-end=\"1692\">\n<p data-start=\"1662\" data-end=\"1692\"><strong data-start=\"1662\" data-end=\"1684\">E-Liquid Kapacit\u00e1s:<\/strong> 24\u202fmL<\/p>\n<\/li>\n<li data-start=\"1693\" data-end=\"1722\">\n<p data-start=\"1695\" data-end=\"1722\"><strong data-start=\"1695\" data-end=\"1717\">Nikotintartalom:<\/strong> 5%<\/p>\n<\/li>\n<li data-start=\"1723\" data-end=\"1751\">\n<p data-start=\"1725\" data-end=\"1751\"><strong data-start=\"1725\" data-end=\"1739\">T\u00edpus:<\/strong> Du\u00e1lis h\u00e1l\u00f3<\/p>\n<\/li>\n<li data-start=\"1752\" data-end=\"1799\">\n<p data-start=\"1754\" data-end=\"1799\"><strong data-start=\"1754\" data-end=\"1775\">Akku kapacit\u00e1s:<\/strong> 650 mAh, \u00fajrat\u00f6lthet\u0151<\/p>\n<\/li>\n<li data-start=\"1800\" data-end=\"1857\">\n<p data-start=\"1802\" data-end=\"1857\"><strong data-start=\"1802\" data-end=\"1820\">T\u00f6lt\u0151port<\/strong> USB Type-C (30 perces teljes t\u00f6lt\u00e9s)<\/p>\n<\/li>\n<li data-start=\"1858\" data-end=\"1893\">\n<p data-start=\"1860\" data-end=\"1893\"><strong data-start=\"1860\" data-end=\"1875\">M\u00e9retek:<\/strong> 87 \u00d7 50 \u00d7 27 mm<\/p>\n<\/li>\n<li data-start=\"1894\" data-end=\"1953\">\n<p data-start=\"1896\" data-end=\"1953\"><strong data-start=\"1896\" data-end=\"1910\">Csomagol\u00e1s:<\/strong> 1 k\u00e9sz\u00fcl\u00e9k a kijelz\u0151 dobozban (10\/db kijelz\u0151n)<\/p>\n<\/li>\n<li data-start=\"1954\" data-end=\"2001\">\n<p data-start=\"1956\" data-end=\"2001\"><strong data-start=\"1956\" data-end=\"1976\">Kartondoboz mennyis\u00e9ge:<\/strong> 200 k\u00e9sz\u00fcl\u00e9k kartonk\u00e9nt<\/p>\n<\/li>\n<li data-start=\"2002\" data-end=\"2032\">\n<p data-start=\"2004\" data-end=\"2032\"><strong data-start=\"2004\" data-end=\"2022\">Kartondoboz s\u00falya:<\/strong> 16,8 kg<\/p>\n<\/li>\n<li data-start=\"2033\" data-end=\"2073\">\n<p data-start=\"2035\" data-end=\"2073\"><strong data-start=\"2035\" data-end=\"2051\">Kartonm\u00e9ret:<\/strong> 61 \u00d7 33,2 \u00d7 22,5 cm<\/p>\n<\/li>\n<\/ul>\n<hr data-start=\"2075\" data-end=\"2078\" \/>\n<h2 data-start=\"2080\" data-end=\"2130\">\ud83d\uded2 Mi\u00e9rt v\u00e1s\u00e1rolja meg a VASY VCAN PRO 15K Puffs-ot <a href=\"https:\/\/escovape.com\/hu\/\">Escovape<\/a>?<\/h2>\n<p data-start=\"2132\" data-end=\"2271\">At <strong data-start=\"2135\" data-end=\"2147\">Escovape<\/strong>hiteles, <a href=\"https:\/\/escovape.com\/hu\/\">Min\u0151s\u00e9gi eldobhat\u00f3 vape nagykereskedelem eg\u00e9sz Eur\u00f3p\u00e1ban<\/a>Amikor vel\u00fcnk v\u00e1s\u00e1rol, el\u0151nyben r\u00e9szes\u00fcl:<\/p>\n<ul data-start=\"2273\" data-end=\"2422\">\n<li data-start=\"2273\" data-end=\"2303\">\n<p data-start=\"2275\" data-end=\"2303\">\u2705 Versenyk\u00e9pes \u00f6mlesztett \u00e1rk\u00e9pz\u00e9s<\/p>\n<\/li>\n<li data-start=\"2304\" data-end=\"2341\">\n<p data-start=\"2306\" data-end=\"2341\">\u2705 Gyors, megb\u00edzhat\u00f3 EU-szerte sz\u00e1ll\u00edt\u00e1ssal<\/p>\n<\/li>\n<li data-start=\"2342\" data-end=\"2374\">\n<p data-start=\"2344\" data-end=\"2374\">\u2705 Garant\u00e1lt eredeti k\u00e9szlet<\/p>\n<\/li>\n<li data-start=\"2375\" data-end=\"2422\">\n<p data-start=\"2377\" data-end=\"2422\">T\u00e1mogat\u00f3, professzion\u00e1lis \u00fcgyf\u00e9lszolg\u00e1lat<\/p>\n<\/li>\n<\/ul>\n<p data-start=\"2424\" data-end=\"2551\">T\u00f6k\u00e9letes g\u0151zboltoknak \u00e9s online keresked\u0151knek, akik hossz\u00fa \u00e9lettartam\u00fa, alacsony nikotintartalm\u00fa lehet\u0151s\u00e9geket keresnek, amelyek mind teljes\u00edtm\u00e9nyt, mind \u00e9rt\u00e9ket biztos\u00edtanak.<img data-recalc-dims=\"1\" loading=\"lazy\" decoding=\"async\" class=\"alignnone wp-image-27716 size-full\" src=\"https:\/\/i0.wp.com\/escovape.com\/wp-content\/uploads\/2025\/07\/VASY-Vcan-Pro-15K-Puffs-Rechargeable-Premium-Disposable-Vapes-With-LED-Screen-Bulk-Buy-Wholesale-4.webp?resize=1020%2C1020&#038;ssl=1\" alt=\"VASY Vcan Pro 15K Puffs \u00dajrat\u00f6lthet\u0151 Pr\u00e9mium Eldobhat\u00f3 Vape LED Kijelz\u0151vel Nagykereskedelmi V\u00e1s\u00e1rl\u00e1s\" width=\"1020\" height=\"1020\" title=\"\" srcset=\"https:\/\/i0.wp.com\/escovape.com\/wp-content\/uploads\/2025\/07\/VASY-Vcan-Pro-15K-Puffs-Rechargeable-Premium-Disposable-Vapes-With-LED-Screen-Bulk-Buy-Wholesale-4.webp?w=1500&amp;ssl=1 1500w, https:\/\/i0.wp.com\/escovape.com\/wp-content\/uploads\/2025\/07\/VASY-Vcan-Pro-15K-Puffs-Rechargeable-Premium-Disposable-Vapes-With-LED-Screen-Bulk-Buy-Wholesale-4.webp?resize=400%2C400&amp;ssl=1 400w, https:\/\/i0.wp.com\/escovape.com\/wp-content\/uploads\/2025\/07\/VASY-Vcan-Pro-15K-Puffs-Rechargeable-Premium-Disposable-Vapes-With-LED-Screen-Bulk-Buy-Wholesale-4.webp?resize=800%2C800&amp;ssl=1 800w, https:\/\/i0.wp.com\/escovape.com\/wp-content\/uploads\/2025\/07\/VASY-Vcan-Pro-15K-Puffs-Rechargeable-Premium-Disposable-Vapes-With-LED-Screen-Bulk-Buy-Wholesale-4.webp?resize=280%2C280&amp;ssl=1 280w, https:\/\/i0.wp.com\/escovape.com\/wp-content\/uploads\/2025\/07\/VASY-Vcan-Pro-15K-Puffs-Rechargeable-Premium-Disposable-Vapes-With-LED-Screen-Bulk-Buy-Wholesale-4.webp?resize=768%2C768&amp;ssl=1 768w, https:\/\/i0.wp.com\/escovape.com\/wp-content\/uploads\/2025\/07\/VASY-Vcan-Pro-15K-Puffs-Rechargeable-Premium-Disposable-Vapes-With-LED-Screen-Bulk-Buy-Wholesale-4.webp?resize=12%2C12&amp;ssl=1 12w, https:\/\/i0.wp.com\/escovape.com\/wp-content\/uploads\/2025\/07\/VASY-Vcan-Pro-15K-Puffs-Rechargeable-Premium-Disposable-Vapes-With-LED-Screen-Bulk-Buy-Wholesale-4.webp?resize=300%2C300&amp;ssl=1 300w, https:\/\/i0.wp.com\/escovape.com\/wp-content\/uploads\/2025\/07\/VASY-Vcan-Pro-15K-Puffs-Rechargeable-Premium-Disposable-Vapes-With-LED-Screen-Bulk-Buy-Wholesale-4.webp?resize=600%2C600&amp;ssl=1 600w, https:\/\/i0.wp.com\/escovape.com\/wp-content\/uploads\/2025\/07\/VASY-Vcan-Pro-15K-Puffs-Rechargeable-Premium-Disposable-Vapes-With-LED-Screen-Bulk-Buy-Wholesale-4.webp?resize=100%2C100&amp;ssl=1 100w\" sizes=\"auto, (max-width: 1020px) 100vw, 1020px\" \/><\/p>","protected":false},"excerpt":{"rendered":"<p>VASY VCAN PRO 15K Puffs egy \u00fajrat\u00f6lthet\u0151 eldobhat\u00f3 vape kett\u0151s h\u00e1l\u00f3sz\u00e1las tekercsekkel, LED kijelz\u0151vel, gyors Type-C t\u00f6lt\u00e9ssel \u00e9s 10 mer\u00e9sz \u00edzzel - t\u00f6k\u00e9letes alacsony nikotintartalm\u00fa nagykereskedelmi \u00e9rt\u00e9kes\u00edt\u00e9sre az Escovape-n\u00e1l.<\/p>","protected":false},"featured_media":27712,"comment_status":"open","ping_status":"closed","template":"","meta":{"_lmt_disableupdate":"no","_lmt_disable":""},"product_brand":[],"product_cat":[44,55,57,97,98,99,100,101,102,103,104,105,106,107,108,109,110,111,112,113,114,15,58,59,61,133,42,122,198],"product_tag":[],"class_list":{"0":"post-27688","1":"product","2":"type-product","3":"status-publish","4":"has-post-thumbnail","6":"product_cat-15000-puffs-disposable-vapes","7":"product_cat-big-puffs-disposable-vapes","8":"product_cat-digital-box-disposable-vapes","9":"product_cat-disposable-vape-in-europe","10":"product_cat-disposable-vape-wholesale-austria","11":"product_cat-disposable-vape-wholesale-belgium","12":"product_cat-disposable-vape-wholesale-czech-republic","13":"product_cat-disposable-vape-wholesale-denmark","14":"product_cat-disposable-vape-wholesale-finland","15":"product_cat-disposable-vape-wholesale-france","16":"product_cat-disposable-vape-wholesale-germany","17":"product_cat-disposable-vape-wholesale-greece","18":"product_cat-disposable-vape-wholesale-hungary","19":"product_cat-disposable-vape-wholesale-italy","20":"product_cat-disposable-vape-wholesale-netherlands","21":"product_cat-disposable-vape-wholesale-norway","22":"product_cat-disposable-vape-wholesale-portugal","23":"product_cat-disposable-vape-wholesale-romania","24":"product_cat-disposable-vape-wholesale-spain","25":"product_cat-disposable-vape-wholesale-sweden","26":"product_cat-disposable-vape-wholesale-switzerland","27":"product_cat-disposable-vapes","28":"product_cat-dual-mesh-disposable-vapes","29":"product_cat-lower-nicotine-disposable-vapes","30":"product_cat-rechargeable-disposable-vapes","31":"product_cat-shop-best-disposable-vape-flavors","32":"product_cat-shop-by-puffs","33":"product_cat-vasy-disposable-vapes","34":"product_cat-vcan-disposable-vapes","36":"first","37":"instock","38":"shipping-taxable","39":"purchasable","40":"product-type-variable"},"jetpack_sharing_enabled":true,"_links":{"self":[{"href":"https:\/\/escovape.com\/hu\/wp-json\/wp\/v2\/product\/27688","targetHints":{"allow":["GET"]}}],"collection":[{"href":"https:\/\/escovape.com\/hu\/wp-json\/wp\/v2\/product"}],"about":[{"href":"https:\/\/escovape.com\/hu\/wp-json\/wp\/v2\/types\/product"}],"replies":[{"embeddable":true,"href":"https:\/\/escovape.com\/hu\/wp-json\/wp\/v2\/comments?post=27688"}],"wp:featuredmedia":[{"embeddable":true,"href":"https:\/\/escovape.com\/hu\/wp-json\/wp\/v2\/media\/27712"}],"wp:attachment":[{"href":"https:\/\/escovape.com\/hu\/wp-json\/wp\/v2\/media?parent=27688"}],"wp:term":[{"taxonomy":"product_brand","embeddable":true,"href":"https:\/\/escovape.com\/hu\/wp-json\/wp\/v2\/product_brand?post=27688"},{"taxonomy":"product_cat","embeddable":true,"href":"https:\/\/escovape.com\/hu\/wp-json\/wp\/v2\/product_cat?post=27688"},{"taxonomy":"product_tag","embeddable":true,"href":"https:\/\/escovape.com\/hu\/wp-json\/wp\/v2\/product_tag?post=27688"}],"curies":[{"name":"wp","href":"https:\/\/api.w.org\/{rel}","templated":true}]}}