{"id":28194,"date":"2025-07-21T13:55:06","date_gmt":"2025-07-21T13:55:06","guid":{"rendered":"https:\/\/escovape.com\/?post_type=product&#038;p=28194"},"modified":"2025-07-21T13:55:06","modified_gmt":"2025-07-21T13:55:06","slug":"bang-king-36k-fujas-izek-dsk034-premium-ujratoltheto-eldobhato-vape-nagykereskedelem-europa","status":"publish","type":"product","link":"https:\/\/escovape.com\/hu\/product\/bang-king-36k-puffs-flavors-dsk034-premium-rechargeable-disposable-vape-bulk-buy-wholesale-europe\/","title":{"rendered":"BANG KING 36K Puffs \u00cdZEK DSK034 Pr\u00e9mium \u00dajrat\u00f6lthet\u0151 Eldobhat\u00f3 Vape Nagykereskedelmi Eur\u00f3pa"},"content":{"rendered":"<h2 data-start=\"311\" data-end=\"365\">Emelje Felk\u00e9sz\u00fclts\u00e9g\u00e9t <a href=\"https:\/\/escovape.com\/hu\/termekkategoria\/bumm\/\">BANG<\/a> KING 36K \u00cdZEK<\/h2>\n<p data-start=\"366\" data-end=\"810\">A <strong data-start=\"370\" data-end=\"402\">BANG KING 36K FLAVORS DSK034<\/strong> \u00e1ll\u00edtja fel az \u00faj szabv\u00e1nyt az eldobhat\u00f3 g\u0151z\u00f6l\u0151kh\u00f6z -  hihetetlen\u00fcl <strong data-start=\"467\" data-end=\"483\">36 000 sz\u00edv\u00e1s<\/strong>szabad generous <strong data-start=\"496\" data-end=\"519\">30\u202fml e-folyad\u00e9k tart\u00e1ly<\/strong>\u00e9s egy <strong data-start=\"527\" data-end=\"559\">650 mAh \u00fajrat\u00f6lthet\u0151 akkumul\u00e1tor<\/strong>Halad\u00f3 funkci\u00f3kkal, mint p\u00e9ld\u00e1ul <strong data-start=\"589\" data-end=\"618\">\u00e1ll\u00edthat\u00f3 als\u00f3 l\u00e9g\u00e1raml\u00e1s<\/strong>, <strong data-start=\"620\" data-end=\"651\">\u00e9rint\u0151k\u00e9perny\u0151s teljes\u00edtm\u00e9ny szab\u00e1lyoz\u00e1s<\/strong>, \u00e9s \u00e1ramvonalas LED-k\u00e9perny\u0151vel ez az eszk\u00f6z szem\u00e9lyre szab\u00e1st \u00e9s hossz\u00fa \u00e9lettartamot hoz a kiskereskedelmi polcokra Eur\u00f3pa-szerte. Most el\u00e9rhet\u0151 nagykereskedelmi v\u00e1s\u00e1rl\u00e1sra a <strong data-start=\"797\" data-end=\"809\">Escovape<\/strong>.<\/p>\n<hr data-start=\"812\" data-end=\"815\" \/>\n<h2 data-start=\"311\" data-end=\"365\"><a href=\"https:\/\/escovape.com\/hu\/termekkategoria\/bumm\/\">BANG KING<\/a> 36K FLAVORS F\u0151bb jellemz\u0151k<\/h2>\n<ul data-start=\"835\" data-end=\"1376\">\n<li data-start=\"835\" data-end=\"896\">\n<p data-start=\"837\" data-end=\"896\">Hatalmas <strong data-start=\"845\" data-end=\"869\">36 000 puff kapacit\u00e1s<\/strong> hossz\u00fa t\u00e1v\u00fa haszn\u00e1latot biztos\u00edt<\/p>\n<\/li>\n<li data-start=\"897\" data-end=\"965\">\n<p data-start=\"899\" data-end=\"965\">Teli van <strong data-start=\"911\" data-end=\"929\">30\u202fml e-folyad\u00e9k<\/strong> a tart\u00f3s \u00edz\u00e9lvezet\u00e9rt<\/p>\n<\/li>\n<li data-start=\"966\" data-end=\"1026\">\n<p data-start=\"968\" data-end=\"1026\">T\u00e1pell\u00e1t\u00e1ssal m\u0171k\u00f6dtetve <strong data-start=\"979\" data-end=\"998\">650 mAh akkumul\u00e1tor<\/strong> gyors Type-C t\u00f6lt\u00e9ssel<\/p>\n<\/li>\n<li data-start=\"1027\" data-end=\"1073\">\n<p data-start=\"1029\" data-end=\"1073\">Sima g\u0151z k\u00f6sz\u00f6nhet\u0151en <strong data-start=\"1052\" data-end=\"1071\">1,0 \u03a9 h\u00e1l\u00f3kondenz\u00e1tor<\/strong><\/p>\n<\/li>\n<li data-start=\"1074\" data-end=\"1142\">\n<p data-start=\"1076\" data-end=\"1142\"><strong data-start=\"1076\" data-end=\"1105\">\u00c1ll\u00edthat\u00f3 als\u00f3 l\u00e9g\u00e1raml\u00e1s<\/strong> k\u00fcl\u00f6nb\u00f6z\u0151 h\u00faz\u00e1si preferenci\u00e1khoz igaz\u00edtva<\/p>\n<\/li>\n<li data-start=\"1143\" data-end=\"1208\">\n<p data-start=\"1145\" data-end=\"1208\"><strong data-start=\"1145\" data-end=\"1176\">\u00c9rint\u0151k\u00e9perny\u0151s teljes\u00edtm\u00e9nyvez\u00e9rl\u00e9s<\/strong> szem\u00e9lyre szabott g\u0151z\u00f6l\u00e9si teljes\u00edtm\u00e9nyhez<\/p>\n<\/li>\n<li data-start=\"1209\" data-end=\"1267\">\n<p data-start=\"1211\" data-end=\"1267\">Az LED kijelz\u0151 egy\u00e9rtelm\u0171en megjelen\u00edti az akkumul\u00e1tor \u00e9s a f\u00faj\u00e1sok sz\u00e1m\u00e1nak inform\u00e1ci\u00f3it<\/p>\n<\/li>\n<li data-start=\"1268\" data-end=\"1327\">\n<p data-start=\"1270\" data-end=\"1327\">K\u00f6nny\u0171 \u00e9s ergonomikus kialak\u00edt\u00e1s, mind\u00f6ssze 100\u202fg egys\u00e9gonk\u00e9nt<\/p>\n<\/li>\n<li data-start=\"1328\" data-end=\"1376\">\n<p data-start=\"1330\" data-end=\"1376\">Alacsony nikotintartalom a k\u00edm\u00e9letesebb torokhat\u00e1s \u00e9rdek\u00e9ben<\/p>\n<\/li>\n<\/ul>\n<hr data-start=\"1378\" data-end=\"1381\" \/>\n<h2 data-start=\"1383\" data-end=\"1420\">El\u0151ny\u00f6k a Kiskeresked\u0151k \u00e9s a Felhaszn\u00e1l\u00f3k Sz\u00e1m\u00e1ra<\/h2>\n<ul data-start=\"1421\" data-end=\"1714\">\n<li data-start=\"1421\" data-end=\"1473\">\n<p data-start=\"1423\" data-end=\"1473\"><strong data-start=\"1423\" data-end=\"1444\">Gazdas\u00e1gos v\u00e1laszt\u00e1s<\/strong> ultra-magas puffsz\u00e1m\u00fa<\/p>\n<\/li>\n<li data-start=\"1474\" data-end=\"1545\">\n<p data-start=\"1476\" data-end=\"1545\"><strong data-start=\"1476\" data-end=\"1499\">Testreszabhat\u00f3 g\u0151z\u00f6l\u00e9s<\/strong> sz\u00e9les k\u00f6z\u00f6ns\u00e9get vonz\u00f3 \u00e9lm\u00e9ny<\/p>\n<\/li>\n<li data-start=\"1546\" data-end=\"1601\">\n<p data-start=\"1548\" data-end=\"1601\"><strong data-start=\"1548\" data-end=\"1571\">\u00dajrat\u00f6lthet\u0151 kialak\u00edt\u00e1s<\/strong> cs\u00f6kkenti a hullad\u00e9kot \u00e9s a k\u00f6lts\u00e9geket<\/p>\n<\/li>\n<li data-start=\"1602\" data-end=\"1653\">\n<p data-start=\"1604\" data-end=\"1653\"><strong data-start=\"1604\" data-end=\"1627\">Kompakt \u00e9s st\u00edlusos<\/strong>LED vil\u00e1g\u00edt\u00e1ssal<\/p>\n<\/li>\n<li data-start=\"1654\" data-end=\"1714\">\n<p data-start=\"1656\" data-end=\"1714\">Tervezve hogy <strong data-start=\"1668\" data-end=\"1714\">kezd\u0151 \u00e9s tapasztalt vaperek ig\u00e9nyeit is kiel\u00e9g\u00edtse<\/strong><\/p>\n<\/li>\n<\/ul>\n<hr data-start=\"1716\" data-end=\"1719\" \/>\n<h2 data-start=\"1721\" data-end=\"1737\">BANG KING 36K \u00cdzlista<\/h2>\n<p data-start=\"1738\" data-end=\"1798\">K\u00edn\u00e1ljon \u00fcgyfeleinek tizenk\u00e9t k\u00fcl\u00f6nb\u00f6z\u0151 \u00edz k\u00f6z\u00fcl v\u00e1laszt\u00e1si lehet\u0151s\u00e9get:<\/p>\n<ol data-start=\"1800\" data-end=\"2061\">\n<li data-start=\"1800\" data-end=\"1818\">\n<p data-start=\"1803\" data-end=\"1818\">K\u00e9k Razz J\u00e9g<\/p>\n<\/li>\n<li data-start=\"1819\" data-end=\"1845\">\n<p data-start=\"1822\" data-end=\"1845\">Eper S\u00e1rgadinnye<\/p>\n<\/li>\n<li data-start=\"1846\" data-end=\"1865\">\n<p data-start=\"1849\" data-end=\"1865\">S\u00e1rgadinnye j\u00e9g<\/p>\n<\/li>\n<li data-start=\"1866\" data-end=\"1888\">\n<p data-start=\"1869\" data-end=\"1888\">Eper Ban\u00e1n<\/p>\n<\/li>\n<li data-start=\"1889\" data-end=\"1908\">\n<p data-start=\"1892\" data-end=\"1908\">Tr\u00f3pusi Gy\u00fcm\u00f6lcs<\/p>\n<\/li>\n<li data-start=\"1909\" data-end=\"1930\">\n<p data-start=\"1912\" data-end=\"1930\">H\u00e1romszoros Bogy\u00f3 J\u00e9g<\/p>\n<\/li>\n<li data-start=\"1931\" data-end=\"1951\">\n<p data-start=\"1934\" data-end=\"1951\">L\u00e9d\u00fas \u0150szibar\u00e1t J\u00e9g<\/p>\n<\/li>\n<li data-start=\"1952\" data-end=\"1972\">\n<p data-start=\"1955\" data-end=\"1972\">Eper Kivi<\/p>\n<\/li>\n<li data-start=\"1973\" data-end=\"2000\">\n<p data-start=\"1976\" data-end=\"2000\">\u0150szibar\u00e1t Mang\u00f3 S\u00e1rgadinnye<\/p>\n<\/li>\n<li data-start=\"2001\" data-end=\"2031\">\n<p data-start=\"2005\" data-end=\"2031\">Kivi Passion Fruit Guava<\/p>\n<\/li>\n<li data-start=\"2032\" data-end=\"2047\">\n<p data-start=\"2036\" data-end=\"2047\">Sz\u0151l\u0151 J\u00e9g<\/p>\n<\/li>\n<li data-start=\"2048\" data-end=\"2061\">\n<p data-start=\"2052\" data-end=\"2061\">Mr. Blue<\/p>\n<\/li>\n<\/ol>\n<hr data-start=\"2063\" data-end=\"2066\" \/>\n<h2 data-start=\"2068\" data-end=\"2097\">M\u0171szaki specifik\u00e1ci\u00f3k<\/h2>\n<ul data-start=\"2098\" data-end=\"2506\">\n<li data-start=\"2098\" data-end=\"2127\">\n<p data-start=\"2100\" data-end=\"2127\">Puff kapacit\u00e1s: <strong data-start=\"2115\" data-end=\"2125\">36,000<\/strong><\/p>\n<\/li>\n<li data-start=\"2128\" data-end=\"2158\">\n<p data-start=\"2130\" data-end=\"2158\">E-liquid t\u00e9rfogat: <strong data-start=\"2147\" data-end=\"2156\">30\u202fml<\/strong><\/p>\n<\/li>\n<li data-start=\"2159\" data-end=\"2205\">\n<p data-start=\"2161\" data-end=\"2205\">Akku: <strong data-start=\"2170\" data-end=\"2203\">650 mAh \u00fajrat\u00f6lthet\u0151 (Type-C)<\/strong><\/p>\n<\/li>\n<li data-start=\"2206\" data-end=\"2246\">\n<p data-start=\"2208\" data-end=\"2246\">Tekercs ellen\u00e1ll\u00e1sa: <strong data-start=\"2225\" data-end=\"2244\">1,0 \u03a9 h\u00e1l\u00f3kondenz\u00e1tor<\/strong><\/p>\n<\/li>\n<li data-start=\"2247\" data-end=\"2289\">\n<p data-start=\"2249\" data-end=\"2289\">L\u00e9g\u00e1raml\u00e1s: <strong data-start=\"2258\" data-end=\"2287\">\u00c1ll\u00edthat\u00f3 als\u00f3 l\u00e9g\u00e1raml\u00e1s<\/strong><\/p>\n<\/li>\n<li data-start=\"2290\" data-end=\"2332\">\n<p data-start=\"2292\" data-end=\"2332\">Teljes\u00edtm\u00e9ny: <strong data-start=\"2299\" data-end=\"2330\">\u00c9rint\u0151k\u00e9perny\u0151s teljes\u00edtm\u00e9nyvez\u00e9rl\u00e9s<\/strong><\/p>\n<\/li>\n<li data-start=\"2333\" data-end=\"2363\">\n<p data-start=\"2335\" data-end=\"2363\">S\u00faly egys\u00e9gonk\u00e9nt: <strong data-start=\"2352\" data-end=\"2361\">100 g<\/strong><\/p>\n<\/li>\n<li data-start=\"2364\" data-end=\"2409\">\n<p data-start=\"2366\" data-end=\"2409\">Csomagol\u00e1s: <strong data-start=\"2377\" data-end=\"2407\">10 darab\/doboz (1,05\u202fkg)<\/strong><\/p>\n<\/li>\n<li data-start=\"2410\" data-end=\"2465\">\n<p data-start=\"2412\" data-end=\"2465\">Kartonm\u00e9ret: <strong data-start=\"2425\" data-end=\"2463\">200 egys\u00e9g kartonk\u00e9nt (21\u202fkg brutt\u00f3)<\/strong><\/p>\n<\/li>\n<li data-start=\"2466\" data-end=\"2506\">\n<p data-start=\"2468\" data-end=\"2506\">Kartondimenzi\u00f3k: <strong data-start=\"2487\" data-end=\"2506\">59 \u00d7 34 \u00d7 25 cm<\/strong><\/p>\n<\/li>\n<\/ul>\n<hr data-start=\"2508\" data-end=\"2511\" \/>\n<h2 data-start=\"2513\" data-end=\"2572\">V\u00e1s\u00e1rolja a BANG KING 36K \u00cdZEK DSK034 Nagykereskedelmi \u00e1ron <a href=\"https:\/\/escovape.com\/hu\/\">Escovape<\/a><\/h2>\n<p data-start=\"2573\" data-end=\"2859\">At <strong data-start=\"2576\" data-end=\"2588\">Escovape<\/strong>Eur\u00f3pai kiskeresked\u0151k sz\u00e1m\u00e1ra sz\u00e1ll\u00edtunk \u00e9lvonalbeli eldobhat\u00f3 vape term\u00e9keket. <strong data-start=\"2674\" data-end=\"2706\">BANG KING 36K FLAVORS DSK034<\/strong> Kiv\u00e9teles puff kapacit\u00e1st, testreszab\u00e1si lehet\u0151s\u00e9geket \u00e9s \u00e9l\u00e9nk \u00edzv\u00e1laszt\u00e9kot \u00f6tv\u00f6zve - ezzel kiemelked\u0151 v\u00e1laszt\u00e1ss\u00e1 t\u00e9ve b\u00e1rmely vape bolt vagy forgalmaz\u00f3 sz\u00e1m\u00e1ra.<\/p>\n<p data-start=\"2861\" data-end=\"2967\">Rakt\u00e1rozzon be m\u00e9g ma a <strong data-start=\"2879\" data-end=\"2891\">Escovape<\/strong> \u00e9s k\u00edn\u00e1ljon \u00fcgyfeleinek egy pr\u00e9mium g\u0151z\u00f6l\u00e9si \u00e9lm\u00e9nyt, amely val\u00f3ban kiemelkedik.<\/p>\n<p data-start=\"2861\" data-end=\"2967\"><img data-recalc-dims=\"1\" loading=\"lazy\" decoding=\"async\" class=\"alignnone wp-image-28196 size-full\" src=\"https:\/\/i0.wp.com\/escovape.com\/wp-content\/uploads\/2025\/07\/BANG-KING-36K-FLAVORS-DSK034-Premium-Rechargeable-Disposable-Vape-Bulk-Wholesale-Europe-2.webp?resize=800%2C1592&#038;ssl=1\" alt=\"BANG KING 36K \u00cdZEK DSK034 Pr\u00e9mium \u00dajrat\u00f6lthet\u0151 Eldobhat\u00f3 Vape Nagykereskedelem Eur\u00f3pa\" width=\"800\" height=\"1592\" title=\"\" srcset=\"https:\/\/i0.wp.com\/escovape.com\/wp-content\/uploads\/2025\/07\/BANG-KING-36K-FLAVORS-DSK034-Premium-Rechargeable-Disposable-Vape-Bulk-Wholesale-Europe-2.webp?w=800&amp;ssl=1 800w, https:\/\/i0.wp.com\/escovape.com\/wp-content\/uploads\/2025\/07\/BANG-KING-36K-FLAVORS-DSK034-Premium-Rechargeable-Disposable-Vape-Bulk-Wholesale-Europe-2.webp?resize=201%2C400&amp;ssl=1 201w, https:\/\/i0.wp.com\/escovape.com\/wp-content\/uploads\/2025\/07\/BANG-KING-36K-FLAVORS-DSK034-Premium-Rechargeable-Disposable-Vape-Bulk-Wholesale-Europe-2.webp?resize=402%2C800&amp;ssl=1 402w, https:\/\/i0.wp.com\/escovape.com\/wp-content\/uploads\/2025\/07\/BANG-KING-36K-FLAVORS-DSK034-Premium-Rechargeable-Disposable-Vape-Bulk-Wholesale-Europe-2.webp?resize=768%2C1528&amp;ssl=1 768w, https:\/\/i0.wp.com\/escovape.com\/wp-content\/uploads\/2025\/07\/BANG-KING-36K-FLAVORS-DSK034-Premium-Rechargeable-Disposable-Vape-Bulk-Wholesale-Europe-2.webp?resize=772%2C1536&amp;ssl=1 772w, https:\/\/i0.wp.com\/escovape.com\/wp-content\/uploads\/2025\/07\/BANG-KING-36K-FLAVORS-DSK034-Premium-Rechargeable-Disposable-Vape-Bulk-Wholesale-Europe-2.webp?resize=6%2C12&amp;ssl=1 6w, https:\/\/i0.wp.com\/escovape.com\/wp-content\/uploads\/2025\/07\/BANG-KING-36K-FLAVORS-DSK034-Premium-Rechargeable-Disposable-Vape-Bulk-Wholesale-Europe-2.webp?resize=600%2C1194&amp;ssl=1 600w\" sizes=\"auto, (max-width: 800px) 100vw, 800px\" \/><\/p>","protected":false},"excerpt":{"rendered":"<p>A BANG KING 36K FLAVORS DSK034 egy <a href=\"https:\/\/escovape.com\/hu\/termekkategoria\/eldobhato-gozok\/ujratoltheto-eldobhato-vape\/\"><strong>pr\u00e9mium \u00fajrat\u00f6lthet\u0151 eldobhat\u00f3 vape<\/strong><\/a> Ak\u00e1r 36 000 sz\u00edv\u00e1st biztos\u00edtva, alacsony nikotintartalom, \u00e9rint\u0151k\u00e9perny\u0151s watt szab\u00e1lyoz\u00e1s \u00e9s sz\u00e9les sk\u00e1l\u00e1j\u00fa mer\u00e9sz \u00edzek - ide\u00e1lis nagykereskedelmi forgalmaz\u00e1sra az Escovape-on kereszt\u00fcl, Eur\u00f3pa megb\u00edzhat\u00f3 online vape forgalmaz\u00f3j\u00e1n\u00e1l.<\/p>","protected":false},"featured_media":28195,"comment_status":"open","ping_status":"closed","template":"","meta":{"_lmt_disableupdate":"no","_lmt_disable":""},"product_brand":[],"product_cat":[18,178,55,57,97,98,99,100,101,102,103,104,105,106,107,108,109,110,111,112,113,114,15,59,61,133,42],"product_tag":[],"class_list":{"0":"post-28194","1":"product","2":"type-product","3":"status-publish","4":"has-post-thumbnail","6":"product_cat-bang","7":"product_cat-36000-puffs-disposable-vapes","8":"product_cat-big-puffs-disposable-vapes","9":"product_cat-digital-box-disposable-vapes","10":"product_cat-disposable-vape-in-europe","11":"product_cat-disposable-vape-wholesale-austria","12":"product_cat-disposable-vape-wholesale-belgium","13":"product_cat-disposable-vape-wholesale-czech-republic","14":"product_cat-disposable-vape-wholesale-denmark","15":"product_cat-disposable-vape-wholesale-finland","16":"product_cat-disposable-vape-wholesale-france","17":"product_cat-disposable-vape-wholesale-germany","18":"product_cat-disposable-vape-wholesale-greece","19":"product_cat-disposable-vape-wholesale-hungary","20":"product_cat-disposable-vape-wholesale-italy","21":"product_cat-disposable-vape-wholesale-netherlands","22":"product_cat-disposable-vape-wholesale-norway","23":"product_cat-disposable-vape-wholesale-portugal","24":"product_cat-disposable-vape-wholesale-romania","25":"product_cat-disposable-vape-wholesale-spain","26":"product_cat-disposable-vape-wholesale-sweden","27":"product_cat-disposable-vape-wholesale-switzerland","28":"product_cat-disposable-vapes","29":"product_cat-lower-nicotine-disposable-vapes","30":"product_cat-rechargeable-disposable-vapes","31":"product_cat-shop-best-disposable-vape-flavors","32":"product_cat-shop-by-puffs","34":"first","35":"instock","36":"shipping-taxable","37":"purchasable","38":"product-type-variable"},"jetpack_sharing_enabled":true,"_links":{"self":[{"href":"https:\/\/escovape.com\/hu\/wp-json\/wp\/v2\/product\/28194","targetHints":{"allow":["GET"]}}],"collection":[{"href":"https:\/\/escovape.com\/hu\/wp-json\/wp\/v2\/product"}],"about":[{"href":"https:\/\/escovape.com\/hu\/wp-json\/wp\/v2\/types\/product"}],"replies":[{"embeddable":true,"href":"https:\/\/escovape.com\/hu\/wp-json\/wp\/v2\/comments?post=28194"}],"wp:featuredmedia":[{"embeddable":true,"href":"https:\/\/escovape.com\/hu\/wp-json\/wp\/v2\/media\/28195"}],"wp:attachment":[{"href":"https:\/\/escovape.com\/hu\/wp-json\/wp\/v2\/media?parent=28194"}],"wp:term":[{"taxonomy":"product_brand","embeddable":true,"href":"https:\/\/escovape.com\/hu\/wp-json\/wp\/v2\/product_brand?post=28194"},{"taxonomy":"product_cat","embeddable":true,"href":"https:\/\/escovape.com\/hu\/wp-json\/wp\/v2\/product_cat?post=28194"},{"taxonomy":"product_tag","embeddable":true,"href":"https:\/\/escovape.com\/hu\/wp-json\/wp\/v2\/product_tag?post=28194"}],"curies":[{"name":"wp","href":"https:\/\/api.w.org\/{rel}","templated":true}]}}