{"id":28569,"date":"2025-07-23T09:41:09","date_gmt":"2025-07-23T09:41:09","guid":{"rendered":"https:\/\/escovape.com\/?post_type=product&#038;p=28569"},"modified":"2025-08-05T01:58:01","modified_gmt":"2025-08-05T01:58:01","slug":"bang-blaze-shisha-40k-puff-dsk040-premium-ujratoltheto-utantoltheto-vape-alacsony-nikotin-nagykereskedelmi-vasarlas-omlesztve","status":"publish","type":"product","link":"https:\/\/escovape.com\/hu\/product\/bang-blaze-shisha-40k-puffs-dsk040-premium-rechargeable-refillable-vape-low-nicotine-bulk-buy-wholesale\/","title":{"rendered":"BANG BLAZE SHISHA 40K Puffs DSK040 Pr\u00e9mium \u00dajrat\u00f6lthet\u0151 Felt\u00f6lthet\u0151 Vape Alacsony Nikotin Nagykereskedelmi V\u00e1s\u00e1rl\u00e1s"},"content":{"rendered":"<h1 data-start=\"99\" data-end=\"202\">Pr\u00e9mium \u00dajrat\u00f6lthet\u0151 Vape 40 000 Puffaszt\u00e1ssal<\/h1>\n<p data-start=\"263\" data-end=\"760\">A BANG BLAZE SHISHA<strong data-start=\"267\" data-end=\"307\">\u00a040K Puffs DSK040<\/strong> nagy kapacit\u00e1s\u00fa <strong data-start=\"327\" data-end=\"346\">\u00fajrat\u00f6lthet\u0151 vape<\/strong> hosszabb\u00edtott el\u00e9gedetts\u00e9g \u00e9rdek\u00e9ben tervezve. Leny\u0171g\u00f6z\u0151 funkci\u00f3kkal <strong data-start=\"407\" data-end=\"434\">40\u202fmL e-folyad\u00e9k kapacit\u00e1s<\/strong>, <strong data-start=\"436\" data-end=\"470\">1000 mAh \u00fajrat\u00f6lthet\u0151 akkumul\u00e1tor<\/strong>, \u00e9s sima 0,6 \u03a9-os h\u00e1l\u00f3s tekercs, ez az eszk\u00f6z ak\u00e1r <strong data-start=\"527\" data-end=\"543\">40 000 sz\u00edv\u00e1s<\/strong> er\u0151s \u00edz\u0171 \u00e9s s\u0171r\u0171 p\u00e1r\u00e1j\u00fa. T\u00f6bb nikotinszintet t\u00e1mogat, \u00e9s szem\u00e9lyre szabhat\u00f3, k\u00f6lts\u00e9ghat\u00e9kony g\u0151z\u00f6l\u00e9si \u00e9lm\u00e9nyt ny\u00fajt. Ide\u00e1lis nagy mennyis\u00e9g\u0171 v\u00e1s\u00e1rl\u00e1shoz <strong data-start=\"701\" data-end=\"713\">Escovape<\/strong>a kedvenc forr\u00e1sod <a href=\"https:\/\/escovape.com\/hu\/\">nagykereskedelmi vape platform Eur\u00f3p\u00e1ban<\/a>.<\/p>\n<hr data-start=\"762\" data-end=\"765\" \/>\n<h2 data-start=\"767\" data-end=\"812\">F\u0151bb Jellemz\u0151k <a href=\"https:\/\/escovape.com\/hu\/termekkategoria\/bumm\/\">Bang<\/a> Blaze \u00dajrat\u00f6lthet\u0151 Vape<\/h2>\n<ul data-start=\"814\" data-end=\"1303\">\n<li data-start=\"814\" data-end=\"851\">\n<p data-start=\"816\" data-end=\"851\"><strong data-start=\"816\" data-end=\"832\">40 000 sz\u00edv\u00e1s<\/strong> hosszabb haszn\u00e1lat eset\u00e9n<\/p>\n<\/li>\n<li data-start=\"852\" data-end=\"910\">\n<p data-start=\"854\" data-end=\"910\"><strong data-start=\"854\" data-end=\"888\">\u00dajrat\u00f6lthet\u0151 40\u202fmL e-folyad\u00e9k tart\u00e1ly<\/strong> a hossz\u00fa t\u00e1v\u00fa \u00e9rt\u00e9k\u00e9rt<\/p>\n<\/li>\n<li data-start=\"911\" data-end=\"962\">\n<p data-start=\"913\" data-end=\"962\"><strong data-start=\"913\" data-end=\"934\">1000 mAh akkumul\u00e1tor<\/strong> Type-C gyors t\u00f6lt\u00e9ssel<\/p>\n<\/li>\n<li data-start=\"963\" data-end=\"1013\">\n<p data-start=\"965\" data-end=\"1013\"><strong data-start=\"965\" data-end=\"984\">0,6 \u03a9 h\u00e1l\u00f3kondenz\u00e1tor<\/strong> sim\u00e1bb, gazdagabb p\u00e1r\u00e1t biztos\u00edt<\/p>\n<\/li>\n<li data-start=\"1014\" data-end=\"1068\">\n<p data-start=\"1016\" data-end=\"1068\"><strong data-start=\"1016\" data-end=\"1031\">LED kijelz\u0151<\/strong> Megjelen\u00edti az akkumul\u00e1tor szintj\u00e9t \u00e9s a sz\u00edv\u00e1si darabsz\u00e1mot<\/p>\n<\/li>\n<li data-start=\"1069\" data-end=\"1127\">\n<p data-start=\"1071\" data-end=\"1127\">El\u00e9rhet\u0151 a k\u00f6vetkez\u0151 nyelveken: <strong data-start=\"1084\" data-end=\"1125\">0%, 2%, 3% \u00e9s 5% nikotiner\u0151ss\u00e9gek<\/strong><\/p>\n<\/li>\n<li data-start=\"1128\" data-end=\"1177\">\n<p data-start=\"1130\" data-end=\"1177\">T\u00e1mogatja <strong data-start=\"1139\" data-end=\"1150\">OEM\/ODM<\/strong> m\u00e1rk\u00e1k szem\u00e9lyre szab\u00e1sa<\/p>\n<\/li>\n<li data-start=\"1178\" data-end=\"1226\">\n<p data-start=\"1180\" data-end=\"1226\">St\u00edlusos, tart\u00f3s kivitel ergon\u00f3mikus kialak\u00edt\u00e1ssal<\/p>\n<\/li>\n<li data-start=\"1227\" data-end=\"1303\">\n<p data-start=\"1229\" data-end=\"1303\">Ide\u00e1lis kiskeresked\u0151k \u00e9s forgalmaz\u00f3k sz\u00e1m\u00e1ra, akik hossz\u00fa \u00e9lettartam\u00fa \u00fajrat\u00f6lthet\u0151 vape term\u00e9keket keresnek<\/p>\n<\/li>\n<\/ul>\n<hr data-start=\"1305\" data-end=\"1308\" \/>\n<h2 data-start=\"1310\" data-end=\"1335\"><a href=\"https:\/\/escovape.com\/hu\/termekkategoria\/bumm\/\">BANG BLAZE SHISHA<\/a>\u00a040K Puffs DSK040 Term\u00e9kspecifik\u00e1ci\u00f3k<\/h2>\n<ul data-start=\"1337\" data-end=\"1652\">\n<li data-start=\"1337\" data-end=\"1358\">\n<p data-start=\"1339\" data-end=\"1358\"><strong data-start=\"1339\" data-end=\"1349\">Puffok:<\/strong> 40,000<\/p>\n<\/li>\n<li data-start=\"1359\" data-end=\"1395\">\n<p data-start=\"1361\" data-end=\"1395\"><strong data-start=\"1361\" data-end=\"1374\">E-folyad\u00e9k:<\/strong> 40\u202fmL (\u00fajrat\u00f6lthet\u0151)<\/p>\n<\/li>\n<li data-start=\"1396\" data-end=\"1435\">\n<p data-start=\"1398\" data-end=\"1435\"><strong data-start=\"1398\" data-end=\"1410\">Akku:<\/strong> 1000 mAh \u00fajrat\u00f6lthet\u0151<\/p>\n<\/li>\n<li data-start=\"1436\" data-end=\"1460\">\n<p data-start=\"1438\" data-end=\"1460\"><strong data-start=\"1438\" data-end=\"1447\">Tekercs<\/strong> 0,6 \u03a9 h\u00e1l\u00f3<\/p>\n<\/li>\n<li data-start=\"1461\" data-end=\"1490\">\n<p data-start=\"1463\" data-end=\"1490\"><strong data-start=\"1463\" data-end=\"1481\">T\u00f6lt\u0151port<\/strong> Type-C<\/p>\n<\/li>\n<li data-start=\"1491\" data-end=\"1534\">\n<p data-start=\"1493\" data-end=\"1534\"><strong data-start=\"1493\" data-end=\"1514\">Nikotin Options:<\/strong> 0% \/ 2% \/ 3% \/ 5%<\/p>\n<\/li>\n<li data-start=\"1535\" data-end=\"1568\">\n<p data-start=\"1537\" data-end=\"1568\"><strong data-start=\"1537\" data-end=\"1560\">Egys\u00e9gnyi s\u00faly:<\/strong> 109 g<\/p>\n<\/li>\n<li data-start=\"1569\" data-end=\"1595\">\n<p data-start=\"1571\" data-end=\"1595\"><strong data-start=\"1571\" data-end=\"1585\">10-es doboz<\/strong> 1,142 g<\/p>\n<\/li>\n<li data-start=\"1596\" data-end=\"1652\">\n<p data-start=\"1598\" data-end=\"1652\"><strong data-start=\"1598\" data-end=\"1621\">Kartondoboz (180 egys\u00e9g):<\/strong> 21,5 kg, 68,5 \u00d7 39,6 \u00d7 24,2 cm<\/p>\n<\/li>\n<\/ul>\n<hr data-start=\"1654\" data-end=\"1657\" \/>\n<h2 data-start=\"1659\" data-end=\"1673\">BANG BLAZE SHISHA 40K Puffs \u00cdzes\u00edt\u00e9si Lista<\/h2>\n<ul data-start=\"1675\" data-end=\"1893\">\n<li data-start=\"1675\" data-end=\"1689\">\n<p data-start=\"1677\" data-end=\"1689\">S\u00e1rgadinnye<\/p>\n<\/li>\n<li data-start=\"1690\" data-end=\"1715\">\n<p data-start=\"1692\" data-end=\"1715\">S\u00e1rgadinnye Eper<\/p>\n<\/li>\n<li data-start=\"1716\" data-end=\"1731\">\n<p data-start=\"1718\" data-end=\"1731\">Pina Colada<\/p>\n<\/li>\n<li data-start=\"1732\" data-end=\"1750\">\n<p data-start=\"1734\" data-end=\"1750\">Eper J\u00e9g<\/p>\n<\/li>\n<li data-start=\"1751\" data-end=\"1763\">\n<p data-start=\"1753\" data-end=\"1763\">Red Bull<\/p>\n<\/li>\n<li data-start=\"1764\" data-end=\"1777\">\n<p data-start=\"1766\" data-end=\"1777\">\u0150szibar\u00e1t J\u00e9g<\/p>\n<\/li>\n<li data-start=\"1778\" data-end=\"1795\">\n<p data-start=\"1780\" data-end=\"1795\">K\u00e9k\u00e1fonya J\u00e9g<\/p>\n<\/li>\n<li data-start=\"1796\" data-end=\"1819\">\n<p data-start=\"1798\" data-end=\"1819\">\u00c1fonya M\u00e1lna<\/p>\n<\/li>\n<li data-start=\"1820\" data-end=\"1845\">\n<p data-start=\"1822\" data-end=\"1845\">Cseresznyevir\u00e1g Sz\u0151l\u0151<\/p>\n<\/li>\n<li data-start=\"1846\" data-end=\"1863\">\n<p data-start=\"1848\" data-end=\"1863\">Kett\u0151s Alm\u00e1k<\/p>\n<\/li>\n<li data-start=\"1864\" data-end=\"1879\">\n<p data-start=\"1866\" data-end=\"1879\">Vegyes Gy\u00fcm\u00f6lcs<\/p>\n<\/li>\n<li data-start=\"1880\" data-end=\"1893\">\n<p data-start=\"1882\" data-end=\"1893\">Mang\u00f3 \u0150szibar\u00e1t<\/p>\n<\/li>\n<\/ul>\n<hr data-start=\"1895\" data-end=\"1898\" \/>\n<h2 data-start=\"1900\" data-end=\"1945\">V\u00e1s\u00e1roljon ut\u00e1nt\u00f6lthet\u0151 vape-eket nagy mennyis\u00e9gben <a href=\"https:\/\/escovape.com\/hu\/\">Escovape<\/a><\/h2>\n<p data-start=\"1946\" data-end=\"2278\">Mint Eur\u00f3pa professzion\u00e1lis nagykereskedelmi platformja az e-cigaretta term\u00e9kek sz\u00e1m\u00e1ra, <strong data-start=\"2011\" data-end=\"2023\">Escovape<\/strong> Felaj\u00e1nlja a BANG BLAZE SHISHA-t<strong data-start=\"2035\" data-end=\"2075\">\u00a040K Puffs DSK040<\/strong> T\u00f6meges v\u00e1s\u00e1rl\u00e1s eset\u00e9n is teljes biztons\u00e1ggal. Legyen sz\u00f3 ak\u00e1r a kiskereskedelmi k\u00edn\u00e1lat b\u0151v\u00edt\u00e9s\u00e9r\u0151l, ak\u00e1r a pr\u00e9mium ut\u00e1nt\u00f6lthet\u0151 lehet\u0151s\u00e9gek beszerz\u00e9s\u00e9r\u0151l, ez az e-cigaretta \u00f6tv\u00f6zi az \u00edzt, a hossz\u00fa \u00e9lettartamot \u00e9s a testreszabhat\u00f3s\u00e1got, hogy megfeleljen minden v\u00e1s\u00e1rl\u00f3i ig\u00e9nynek.<\/p>\n<p data-start=\"1946\" data-end=\"2278\"><img data-recalc-dims=\"1\" loading=\"lazy\" decoding=\"async\" class=\"alignnone size-full wp-image-28636\" src=\"https:\/\/i0.wp.com\/escovape.com\/wp-content\/uploads\/2025\/07\/Bang-Blaze-Shisha-40K-Puffs-DSK040-Premium-Rechargeable-Refillable-Vape-Low-Nicotine-Bulk-Buy-Wholesale-14-scaled.webp?resize=1020%2C2499&#038;ssl=1\" alt=\"Bang Blaze Shisha 40K Puffs DSK040 Pr\u00e9mium \u00dajrat\u00f6lthet\u0151 Vape Alacsony Nikotin Nagykereskedelmi V\u00e1s\u00e1rl\u00e1s\" width=\"1020\" height=\"2499\" title=\"\" srcset=\"https:\/\/i0.wp.com\/escovape.com\/wp-content\/uploads\/2025\/07\/Bang-Blaze-Shisha-40K-Puffs-DSK040-Premium-Rechargeable-Refillable-Vape-Low-Nicotine-Bulk-Buy-Wholesale-14-scaled.webp?w=1045&amp;ssl=1 1045w, https:\/\/i0.wp.com\/escovape.com\/wp-content\/uploads\/2025\/07\/Bang-Blaze-Shisha-40K-Puffs-DSK040-Premium-Rechargeable-Refillable-Vape-Low-Nicotine-Bulk-Buy-Wholesale-14-scaled.webp?resize=163%2C400&amp;ssl=1 163w, https:\/\/i0.wp.com\/escovape.com\/wp-content\/uploads\/2025\/07\/Bang-Blaze-Shisha-40K-Puffs-DSK040-Premium-Rechargeable-Refillable-Vape-Low-Nicotine-Bulk-Buy-Wholesale-14-scaled.webp?resize=327%2C800&amp;ssl=1 327w, https:\/\/i0.wp.com\/escovape.com\/wp-content\/uploads\/2025\/07\/Bang-Blaze-Shisha-40K-Puffs-DSK040-Premium-Rechargeable-Refillable-Vape-Low-Nicotine-Bulk-Buy-Wholesale-14-scaled.webp?resize=768%2C1882&amp;ssl=1 768w, https:\/\/i0.wp.com\/escovape.com\/wp-content\/uploads\/2025\/07\/Bang-Blaze-Shisha-40K-Puffs-DSK040-Premium-Rechargeable-Refillable-Vape-Low-Nicotine-Bulk-Buy-Wholesale-14-scaled.webp?resize=627%2C1536&amp;ssl=1 627w, https:\/\/i0.wp.com\/escovape.com\/wp-content\/uploads\/2025\/07\/Bang-Blaze-Shisha-40K-Puffs-DSK040-Premium-Rechargeable-Refillable-Vape-Low-Nicotine-Bulk-Buy-Wholesale-14-scaled.webp?resize=836%2C2048&amp;ssl=1 836w, https:\/\/i0.wp.com\/escovape.com\/wp-content\/uploads\/2025\/07\/Bang-Blaze-Shisha-40K-Puffs-DSK040-Premium-Rechargeable-Refillable-Vape-Low-Nicotine-Bulk-Buy-Wholesale-14-scaled.webp?resize=5%2C12&amp;ssl=1 5w, https:\/\/i0.wp.com\/escovape.com\/wp-content\/uploads\/2025\/07\/Bang-Blaze-Shisha-40K-Puffs-DSK040-Premium-Rechargeable-Refillable-Vape-Low-Nicotine-Bulk-Buy-Wholesale-14-scaled.webp?resize=600%2C1470&amp;ssl=1 600w\" sizes=\"auto, (max-width: 1020px) 100vw, 1020px\" \/><\/p>","protected":false},"excerpt":{"rendered":"<p>A BANG BLAZE SHISHA<strong data-start=\"4\" data-end=\"44\">\u00a040K Puffs DSK040<\/strong> olyan pr\u00e9mium <strong data-start=\"58\" data-end=\"90\">\u00fajrat\u00f6lthet\u0151 ut\u00e1nt\u00f6lthet\u0151 vape<\/strong> egy hatalmas 40\u202fmL-es tart\u00e1llyal, 1 000\u202fmAh-s akkumul\u00e1torral \u00e9s mesh coil-lal a sima alacsony nikotintartalm\u00fa f\u00fcsth\u00f6z \u2014 t\u00f6k\u00e9letes nagykereskedelmi mennyis\u00e9gben t\u00f6rt\u00e9n\u0151 \u00e9rt\u00e9kes\u00edt\u00e9sre alkalmas <strong data-start=\"215\" data-end=\"227\">Escovape<\/strong>.<\/p>","protected":false},"featured_media":28637,"comment_status":"open","ping_status":"closed","template":"","meta":{"_lmt_disableupdate":"no","_lmt_disable":""},"product_brand":[],"product_cat":[18,123,55,97,98,99,100,101,102,103,104,105,106,107,108,109,110,111,112,113,114,15,59,61,62,133,42],"product_tag":[],"class_list":{"0":"post-28569","1":"product","2":"type-product","3":"status-publish","4":"has-post-thumbnail","6":"product_cat-bang","7":"product_cat-40000-puffs-disposable-vapes","8":"product_cat-big-puffs-disposable-vapes","9":"product_cat-disposable-vape-in-europe","10":"product_cat-disposable-vape-wholesale-austria","11":"product_cat-disposable-vape-wholesale-belgium","12":"product_cat-disposable-vape-wholesale-czech-republic","13":"product_cat-disposable-vape-wholesale-denmark","14":"product_cat-disposable-vape-wholesale-finland","15":"product_cat-disposable-vape-wholesale-france","16":"product_cat-disposable-vape-wholesale-germany","17":"product_cat-disposable-vape-wholesale-greece","18":"product_cat-disposable-vape-wholesale-hungary","19":"product_cat-disposable-vape-wholesale-italy","20":"product_cat-disposable-vape-wholesale-netherlands","21":"product_cat-disposable-vape-wholesale-norway","22":"product_cat-disposable-vape-wholesale-portugal","23":"product_cat-disposable-vape-wholesale-romania","24":"product_cat-disposable-vape-wholesale-spain","25":"product_cat-disposable-vape-wholesale-sweden","26":"product_cat-disposable-vape-wholesale-switzerland","27":"product_cat-disposable-vapes","28":"product_cat-lower-nicotine-disposable-vapes","29":"product_cat-rechargeable-disposable-vapes","30":"product_cat-shisha-hookah-disposable-vapes","31":"product_cat-shop-best-disposable-vape-flavors","32":"product_cat-shop-by-puffs","34":"first","35":"instock","36":"shipping-taxable","37":"purchasable","38":"product-type-variable"},"jetpack_sharing_enabled":true,"_links":{"self":[{"href":"https:\/\/escovape.com\/hu\/wp-json\/wp\/v2\/product\/28569","targetHints":{"allow":["GET"]}}],"collection":[{"href":"https:\/\/escovape.com\/hu\/wp-json\/wp\/v2\/product"}],"about":[{"href":"https:\/\/escovape.com\/hu\/wp-json\/wp\/v2\/types\/product"}],"replies":[{"embeddable":true,"href":"https:\/\/escovape.com\/hu\/wp-json\/wp\/v2\/comments?post=28569"}],"wp:featuredmedia":[{"embeddable":true,"href":"https:\/\/escovape.com\/hu\/wp-json\/wp\/v2\/media\/28637"}],"wp:attachment":[{"href":"https:\/\/escovape.com\/hu\/wp-json\/wp\/v2\/media?parent=28569"}],"wp:term":[{"taxonomy":"product_brand","embeddable":true,"href":"https:\/\/escovape.com\/hu\/wp-json\/wp\/v2\/product_brand?post=28569"},{"taxonomy":"product_cat","embeddable":true,"href":"https:\/\/escovape.com\/hu\/wp-json\/wp\/v2\/product_cat?post=28569"},{"taxonomy":"product_tag","embeddable":true,"href":"https:\/\/escovape.com\/hu\/wp-json\/wp\/v2\/product_tag?post=28569"}],"curies":[{"name":"wp","href":"https:\/\/api.w.org\/{rel}","templated":true}]}}