{"id":33080,"date":"2025-09-19T03:26:54","date_gmt":"2025-09-19T03:26:54","guid":{"rendered":"https:\/\/escovape.com\/?post_type=product&#038;p=33080"},"modified":"2025-09-19T03:26:54","modified_gmt":"2025-09-19T03:26:54","slug":"bang-box-turbo-42k-puff-3d-ivelt-kijelzo-premium-ujratoltheto-eldobhato-vape-alacsony-nikotin-nagykereskedelmi-vasarlas","status":"publish","type":"product","link":"https:\/\/escovape.com\/hu\/product\/bang-box-turbo-42k-puffs-3d-curved-display-premium-rechargeable-disposable-vapes-low-nicotine-bulk-buy-wholesale\/","title":{"rendered":"BANG BOX TURBO 42K Puffs 3D \u00edvelt kijelz\u0151 pr\u00e9mium \u00fajrat\u00f6lthet\u0151 eldobhat\u00f3 vape alacsony nikotin nagykereskedelmi v\u00e1s\u00e1rl\u00e1s"},"content":{"rendered":"<h2 data-start=\"319\" data-end=\"340\">BANG BOX TURBO 42K Puffs Eldobhat\u00f3 Vape<\/h2>\n<p data-start=\"341\" data-end=\"819\">A BANG BOX TURBO 42K Puffs 3D Curved Display \u00f6tv\u00f6zi a fejlett technol\u00f3gi\u00e1t a er\u0151s teljes\u00edtm\u00e9nnyel, ak\u00e1r 42 000 sz\u00edv\u00e1st k\u00edn\u00e1lva egy eleg\u00e1ns, modern diz\u00e1jnban. Nagy, 28 ml-es e-folyad\u00e9k kapacit\u00e1ssal, kett\u0151s tekercsrendszerrel \u00e9s egy st\u00edlusos 3D \u00edvelt k\u00e9perny\u0151vel, amely mind az akkumul\u00e1tor \u00e9lettartam\u00e1t, mind az e-folyad\u00e9k szintj\u00e9t megjelen\u00edti, ez a pr\u00e9mium eldobhat\u00f3 vape sima, egyenletes g\u0151z\u00f6l\u00e9si \u00e9lm\u00e9nyt ny\u00fajt. Kiz\u00e1r\u00f3lag az Escovape-t\u00f3l \u00e9rhet\u0151 el, Eur\u00f3pa megb\u00edzhat\u00f3 nagykereskedelmi platformj\u00e1t\u00f3l az eldobhat\u00f3 vapes-ekhez.<\/p>\n<h2 data-start=\"821\" data-end=\"848\">BANG BOX TURBO 42K Puffs M\u0171szaki adatok<\/h2>\n<ul data-start=\"849\" data-end=\"1445\">\n<li data-start=\"849\" data-end=\"887\">\n<p data-start=\"851\" data-end=\"887\">Puffok sz\u00e1ma: ak\u00e1r 42 000 puff<\/p>\n<\/li>\n<li data-start=\"888\" data-end=\"935\">\n<p data-start=\"890\" data-end=\"935\">E-liquid kapacit\u00e1s: 28ml el\u0151re felt\u00f6lt\u00f6tt tart\u00e1ly<\/p>\n<\/li>\n<li data-start=\"936\" data-end=\"1007\">\n<p data-start=\"938\" data-end=\"1007\">Akku: Nagy kapacit\u00e1s\u00fa \u00fajrat\u00f6lthet\u0151 (tiszta kobalt, 8A kis\u00fct\u00e9s)<\/p>\n<\/li>\n<li data-start=\"1008\" data-end=\"1051\">\n<p data-start=\"1010\" data-end=\"1051\">T\u00f6lt\u0151port: Type-C gyors t\u00f6lt\u00e9s<\/p>\n<\/li>\n<li data-start=\"1052\" data-end=\"1108\">\n<p data-start=\"1054\" data-end=\"1108\">Tekerccsel kapcsolatos lehet\u0151s\u00e9gek: Egyetlen 1,0\u03a9 vagy kett\u0151s 0,5\u03a9 mesh tekercs<\/p>\n<\/li>\n<li data-start=\"1109\" data-end=\"1189\">\n<p data-start=\"1111\" data-end=\"1189\">Kijelz\u0151: 3D \u00edvelt k\u00e9perny\u0151 val\u00f3s idej\u0171 e-folyad\u00e9k \u00e9s akkumul\u00e1tor kijelz\u0151kkel<\/p>\n<\/li>\n<li data-start=\"1190\" data-end=\"1227\">\n<p data-start=\"1192\" data-end=\"1227\">M\u00e9ret: 65 \u00d7 34 \u00d7 115 mm<\/p>\n<\/li>\n<li data-start=\"1228\" data-end=\"1256\">\n<p data-start=\"1230\" data-end=\"1256\">Eszk\u00f6z s\u00falya: 105 g<\/p>\n<\/li>\n<li data-start=\"1257\" data-end=\"1316\">\n<p data-start=\"1259\" data-end=\"1316\">Doboz m\u00e9rete \u00e9s s\u00falya: 182 \u00d7 66 \u00d7 119 mm; 570 g\/doboz<\/p>\n<\/li>\n<li data-start=\"1317\" data-end=\"1369\">\n<p data-start=\"1319\" data-end=\"1369\">Csomagol\u00e1s: 5 db\/doboz; 150 db\/karton<\/p>\n<\/li>\n<li data-start=\"1370\" data-end=\"1445\">\n<p data-start=\"1372\" data-end=\"1445\">Kartondimenzi\u00f3k \u00e9s s\u00faly: 38 \u00d7 36 \u00d7 37,5 cm; 18,6 kg brutt\u00f3 s\u00faly<\/p>\n<\/li>\n<\/ul>\n<h2 data-start=\"1447\" data-end=\"1464\">F\u0151bb jellemz\u0151k<\/h2>\n<ul data-start=\"1465\" data-end=\"2225\">\n<li data-start=\"1465\" data-end=\"1556\">\n<p data-start=\"1467\" data-end=\"1556\">Massz\u00edv Puff Kapacit\u00e1s \u2013 Ak\u00e1r 42 000 sz\u00edv\u00e1sk\u00e9sz\u00fcl\u00e9kenk\u00e9nt a hossz\u00fa \u00e9lettartam\u00fa teljes\u00edtm\u00e9ny \u00e9rdek\u00e9ben.<\/p>\n<\/li>\n<li data-start=\"1557\" data-end=\"1647\">\n<p data-start=\"1559\" data-end=\"1647\">3D \u00edvelt kijelz\u0151 - St\u00edlusos k\u00e9perny\u0151, amely egy\u00e9rtelm\u0171en mutatja az e-folyad\u00e9k szintj\u00e9t \u00e9s az akkumul\u00e1tor \u00e9lettartam\u00e1t.<\/p>\n<\/li>\n<li data-start=\"1648\" data-end=\"1734\">\n<p data-start=\"1650\" data-end=\"1734\">\u00dajrat\u00f6lthet\u0151 teljes\u00edtm\u00e9ny \u2013 A gyors Type-C t\u00f6lt\u00e9s mindig k\u00e9szen tartja a k\u00e9sz\u00fcl\u00e9ket.<\/p>\n<\/li>\n<li data-start=\"1735\" data-end=\"1858\">\n<p data-start=\"1737\" data-end=\"1858\">Rugalmas tekercs lehet\u0151s\u00e9gek \u2013 V\u00e1lasszon az egyetlen 1,0\u03a9-os tekercs k\u00f6z\u00f6tt a sima \u00edz\u00e9rt vagy egy dupla 0,5\u03a9-os tekercs a s\u0171r\u0171bb g\u0151z\u00e9rt.<\/p>\n<\/li>\n<li data-start=\"1859\" data-end=\"1946\">\n<p data-start=\"1861\" data-end=\"1946\">Nagy E-folyad\u00e9k Tart\u00e1ly \u2013 28ml kapacit\u00e1s cs\u00f6kkenti a gyakori cser\u00e9k sz\u00fcks\u00e9gess\u00e9g\u00e9t.<\/p>\n<\/li>\n<li data-start=\"1947\" data-end=\"2046\">\n<p data-start=\"1949\" data-end=\"2046\">Tart\u00f3s Akkumul\u00e1tor Tervez\u00e9s - Tiszta kobalt cella 8A kis\u00fct\u00e9ssel biztos\u00edtja a megb\u00edzhat\u00f3s\u00e1got \u00e9s a biztons\u00e1got.<\/p>\n<\/li>\n<li data-start=\"2047\" data-end=\"2124\">\n<p data-start=\"2049\" data-end=\"2124\">Nagykereskedelmi csomagol\u00e1s \u2013 Kiskeresked\u0151k sz\u00e1m\u00e1ra tervezett k\u00e9nyelmes nagy mennyis\u00e9g\u0171 csomagol\u00e1si lehet\u0151s\u00e9gek.<\/p>\n<\/li>\n<li data-start=\"2125\" data-end=\"2225\">\n<p data-start=\"2127\" data-end=\"2225\">Alacsony Nikotin T\u00edpus -  Sima, kiel\u00e9g\u00edt\u0151 \u00e9lm\u00e9ny, megfelel a szab\u00e1lyozott eur\u00f3pai piacoknak.<\/p>\n<\/li>\n<\/ul>\n<h2 data-start=\"2227\" data-end=\"2250\">El\u00e9rhet\u0151 \u00cdzek<\/h2>\n<ul data-start=\"2251\" data-end=\"2480\">\n<li data-start=\"2251\" data-end=\"2276\">\n<p data-start=\"2253\" data-end=\"2276\">Eper S\u00e1rgadinnye<\/p>\n<\/li>\n<li data-start=\"2277\" data-end=\"2293\">\n<p data-start=\"2279\" data-end=\"2293\">Vad Bogy\u00f3k<\/p>\n<\/li>\n<li data-start=\"2294\" data-end=\"2311\">\n<p data-start=\"2296\" data-end=\"2311\">K\u00e9k Razz J\u00e9g<\/p>\n<\/li>\n<li data-start=\"2312\" data-end=\"2336\">\n<p data-start=\"2314\" data-end=\"2336\">\u00c1fonya S\u00e1rgadinnye<\/p>\n<\/li>\n<li data-start=\"2337\" data-end=\"2355\">\n<p data-start=\"2339\" data-end=\"2355\">Savany\u00fa Alma J\u00e9g<\/p>\n<\/li>\n<li data-start=\"2356\" data-end=\"2377\">\n<p data-start=\"2358\" data-end=\"2377\">M\u00e9szs\u00e1rga<\/p>\n<\/li>\n<li data-start=\"2378\" data-end=\"2394\">\n<p data-start=\"2380\" data-end=\"2394\">Mixico Mango<\/p>\n<\/li>\n<li data-start=\"2395\" data-end=\"2409\">\n<p data-start=\"2397\" data-end=\"2409\">Miami p\u00e9nzverde<\/p>\n<\/li>\n<li data-start=\"2410\" data-end=\"2428\">\n<p data-start=\"2412\" data-end=\"2428\">S\u00e1rgadinnye j\u00e9g<\/p>\n<\/li>\n<li data-start=\"2429\" data-end=\"2445\">\n<p data-start=\"2431\" data-end=\"2445\">\u00c9des Cseresznye<\/p>\n<\/li>\n<li data-start=\"2446\" data-end=\"2459\">\n<p data-start=\"2448\" data-end=\"2459\">Sz\u0151l\u0151 Pops<\/p>\n<\/li>\n<li data-start=\"2460\" data-end=\"2480\">\n<p data-start=\"2462\" data-end=\"2480\">Blackberry B-Pop<\/p>\n<\/li>\n<\/ul>\n<h2 data-start=\"2482\" data-end=\"2509\">Mi\u00e9rt v\u00e1s\u00e1roljon az Escovape-t\u0151l?<\/h2>\n<p data-start=\"2510\" data-end=\"2850\">Az Escovape-n\u00e1l Eur\u00f3pa kiskeresked\u0151inek \u00e9s forgalmaz\u00f3inak biztos\u00edtunk hiteles, eldobhat\u00f3 vape term\u00e9keket nagykereskedelmi \u00e1ron. Minden rendel\u00e9st min\u0151s\u00e9gbiztos\u00edt\u00e1s, gyors sz\u00e1ll\u00edt\u00e1s \u00e9s megb\u00edzhat\u00f3 ell\u00e1t\u00e1si l\u00e1nc t\u00e1mogat\u00e1s garant\u00e1l. Term\u00e9keinket nem tal\u00e1lja meg a versenyt\u00e1rsak platformjain - kiz\u00e1r\u00f3lagosan Eur\u00f3pa nagykereskedelmi vape piac\u00e1nak kiszolg\u00e1l\u00e1s\u00e1ra t\u00f6reksz\u00fcnk.<\/p>\n<p data-start=\"2852\" data-end=\"2990\">Rendelje meg most a BANG BOX TURBO 42K Puffs 3D Curved Display-t az Escovape-n\u00e9l, \u00e9s biztos\u00edtsa pr\u00e9mium eldobhat\u00f3 vape nagykereskedelmi k\u00e9szlet\u00e9t m\u00e9g ma!<\/p>\n<p data-start=\"2852\" data-end=\"2990\"><img data-recalc-dims=\"1\" loading=\"lazy\" decoding=\"async\" class=\"alignnone wp-image-33148 size-full\" src=\"https:\/\/i0.wp.com\/escovape.com\/wp-content\/uploads\/2025\/09\/BANG-BOX-42K-Puffs-3D-Curved-Display-Premium-Rechargeable-Disposable-Vapes-Low-Nicotine-Bulk-Buy-Wholesale0-scaled.webp?resize=670%2C2560&#038;ssl=1\" alt=\"BANG BOX TURBO 42K Puffs 3D \u00edvelt kijelz\u0151 pr\u00e9mium \u00fajrat\u00f6lthet\u0151 eldobhat\u00f3 vape alacsony nikotin nagykereskedelmi v\u00e1s\u00e1rl\u00e1s\" width=\"670\" height=\"2560\" title=\"\" srcset=\"https:\/\/i0.wp.com\/escovape.com\/wp-content\/uploads\/2025\/09\/BANG-BOX-42K-Puffs-3D-Curved-Display-Premium-Rechargeable-Disposable-Vapes-Low-Nicotine-Bulk-Buy-Wholesale0-scaled.webp?w=670&amp;ssl=1 670w, https:\/\/i0.wp.com\/escovape.com\/wp-content\/uploads\/2025\/09\/BANG-BOX-42K-Puffs-3D-Curved-Display-Premium-Rechargeable-Disposable-Vapes-Low-Nicotine-Bulk-Buy-Wholesale0-scaled.webp?resize=105%2C400&amp;ssl=1 105w, https:\/\/i0.wp.com\/escovape.com\/wp-content\/uploads\/2025\/09\/BANG-BOX-42K-Puffs-3D-Curved-Display-Premium-Rechargeable-Disposable-Vapes-Low-Nicotine-Bulk-Buy-Wholesale0-scaled.webp?resize=209%2C800&amp;ssl=1 209w, https:\/\/i0.wp.com\/escovape.com\/wp-content\/uploads\/2025\/09\/BANG-BOX-42K-Puffs-3D-Curved-Display-Premium-Rechargeable-Disposable-Vapes-Low-Nicotine-Bulk-Buy-Wholesale0-scaled.webp?resize=768%2C2936&amp;ssl=1 768w, https:\/\/i0.wp.com\/escovape.com\/wp-content\/uploads\/2025\/09\/BANG-BOX-42K-Puffs-3D-Curved-Display-Premium-Rechargeable-Disposable-Vapes-Low-Nicotine-Bulk-Buy-Wholesale0-scaled.webp?resize=402%2C1536&amp;ssl=1 402w, https:\/\/i0.wp.com\/escovape.com\/wp-content\/uploads\/2025\/09\/BANG-BOX-42K-Puffs-3D-Curved-Display-Premium-Rechargeable-Disposable-Vapes-Low-Nicotine-Bulk-Buy-Wholesale0-scaled.webp?resize=536%2C2048&amp;ssl=1 536w, https:\/\/i0.wp.com\/escovape.com\/wp-content\/uploads\/2025\/09\/BANG-BOX-42K-Puffs-3D-Curved-Display-Premium-Rechargeable-Disposable-Vapes-Low-Nicotine-Bulk-Buy-Wholesale0-scaled.webp?resize=3%2C12&amp;ssl=1 3w, https:\/\/i0.wp.com\/escovape.com\/wp-content\/uploads\/2025\/09\/BANG-BOX-42K-Puffs-3D-Curved-Display-Premium-Rechargeable-Disposable-Vapes-Low-Nicotine-Bulk-Buy-Wholesale0-scaled.webp?resize=600%2C2294&amp;ssl=1 600w\" sizes=\"auto, (max-width: 670px) 100vw, 670px\" \/><\/p>","protected":false},"excerpt":{"rendered":"<p>A BANG BOX TURBO 42K Puffs 3D \u00edvelt kijelz\u0151 42 000 sz\u00edv\u00e1st, 28 ml kapacit\u00e1st, \u00fajrat\u00f6lthet\u0151 Type-C akkumul\u00e1tort, dupla tekercset \u00e9s 12 \u00edzt k\u00edn\u00e1l - kiz\u00e1r\u00f3lag az Escovape nagykereskedelemben.<\/p>","protected":false},"featured_media":33027,"comment_status":"open","ping_status":"closed","template":"","meta":{"_lmt_disableupdate":"no","_lmt_disable":""},"product_brand":[],"product_cat":[18,201,55,56,57,97,98,99,100,101,102,103,104,105,106,107,108,109,110,111,112,113,114,15,59,61,133,42],"product_tag":[],"class_list":{"0":"post-33080","1":"product","2":"type-product","3":"status-publish","4":"has-post-thumbnail","6":"product_cat-bang","7":"product_cat-42000-puffs-disposable-vapes","8":"product_cat-big-puffs-disposable-vapes","9":"product_cat-crystal-disposable-vapes","10":"product_cat-digital-box-disposable-vapes","11":"product_cat-disposable-vape-in-europe","12":"product_cat-disposable-vape-wholesale-austria","13":"product_cat-disposable-vape-wholesale-belgium","14":"product_cat-disposable-vape-wholesale-czech-republic","15":"product_cat-disposable-vape-wholesale-denmark","16":"product_cat-disposable-vape-wholesale-finland","17":"product_cat-disposable-vape-wholesale-france","18":"product_cat-disposable-vape-wholesale-germany","19":"product_cat-disposable-vape-wholesale-greece","20":"product_cat-disposable-vape-wholesale-hungary","21":"product_cat-disposable-vape-wholesale-italy","22":"product_cat-disposable-vape-wholesale-netherlands","23":"product_cat-disposable-vape-wholesale-norway","24":"product_cat-disposable-vape-wholesale-portugal","25":"product_cat-disposable-vape-wholesale-romania","26":"product_cat-disposable-vape-wholesale-spain","27":"product_cat-disposable-vape-wholesale-sweden","28":"product_cat-disposable-vape-wholesale-switzerland","29":"product_cat-disposable-vapes","30":"product_cat-lower-nicotine-disposable-vapes","31":"product_cat-rechargeable-disposable-vapes","32":"product_cat-shop-best-disposable-vape-flavors","33":"product_cat-shop-by-puffs","35":"first","36":"instock","37":"shipping-taxable","38":"purchasable","39":"product-type-variable"},"jetpack_sharing_enabled":true,"_links":{"self":[{"href":"https:\/\/escovape.com\/hu\/wp-json\/wp\/v2\/product\/33080","targetHints":{"allow":["GET"]}}],"collection":[{"href":"https:\/\/escovape.com\/hu\/wp-json\/wp\/v2\/product"}],"about":[{"href":"https:\/\/escovape.com\/hu\/wp-json\/wp\/v2\/types\/product"}],"replies":[{"embeddable":true,"href":"https:\/\/escovape.com\/hu\/wp-json\/wp\/v2\/comments?post=33080"}],"wp:featuredmedia":[{"embeddable":true,"href":"https:\/\/escovape.com\/hu\/wp-json\/wp\/v2\/media\/33027"}],"wp:attachment":[{"href":"https:\/\/escovape.com\/hu\/wp-json\/wp\/v2\/media?parent=33080"}],"wp:term":[{"taxonomy":"product_brand","embeddable":true,"href":"https:\/\/escovape.com\/hu\/wp-json\/wp\/v2\/product_brand?post=33080"},{"taxonomy":"product_cat","embeddable":true,"href":"https:\/\/escovape.com\/hu\/wp-json\/wp\/v2\/product_cat?post=33080"},{"taxonomy":"product_tag","embeddable":true,"href":"https:\/\/escovape.com\/hu\/wp-json\/wp\/v2\/product_tag?post=33080"}],"curies":[{"name":"wp","href":"https:\/\/api.w.org\/{rel}","templated":true}]}}