{"id":33946,"date":"2025-10-21T07:08:05","date_gmt":"2025-10-21T07:08:05","guid":{"rendered":"https:\/\/escovape.com\/?post_type=product&#038;p=33946"},"modified":"2025-10-21T07:08:05","modified_gmt":"2025-10-21T07:08:05","slug":"bang-legend-150k-puff-dsk064-hatfele-premium-ujratoltheto-eldobhato-vape-alacsony-nikotin-nagykereskedelmi-vasarlas-omlesztve","status":"publish","type":"product","link":"https:\/\/escovape.com\/hu\/product\/bang-legend-150k-puffs-dsk064-six-flavor-premium-rechargeable-disposable-vapes-low-nicotine-bulk-buy-wholesale\/","title":{"rendered":"BANG LEGEND 150K Puffs DSK064 Hatf\u00e9le \u00cdz pr\u00e9mium \u00fajrat\u00f6lthet\u0151 eldobhat\u00f3 vape alacsony nikotin nagykereskedelmi v\u00e1s\u00e1rl\u00e1s"},"content":{"rendered":"<h2 class=\"ng-star-inserted\"><span class=\"ng-star-inserted\"><a href=\"https:\/\/escovape.com\/hu\/termekkategoria\/bumm\/\">BANG LEGEND<\/a> 150K Puffs DSK064: A V\u00e9gs\u0151 Hat-\u00cdzes Vaping \u00c9lm\u00e9ny<\/span><\/h2>\n<p class=\"ng-star-inserted\"><span class=\"ng-star-inserted\">K\u00e9sz\u00fclj\u00f6n egy p\u00e1ratlan vaporiz\u00e1ci\u00f3s utaz\u00e1sra a\u00a0<\/span><span class=\"ng-star-inserted\">BANG LEGEND 150K Puffs DSK064<\/span><span class=\"ng-star-inserted\">, egy pr\u00e9mium eldobhat\u00f3 vape, amely minden v\u00e1rakoz\u00e1st fel\u00fclm\u00fal. Ez nem csak egy eszk\u00f6z; hanem egy \u00edzk\u00f6nyvt\u00e1r a tenyer\u00e9ben. K\u00e9pzelje el a szabads\u00e1got, hogy hat egyedi \u00edzprofilt tartalmaz egy egyetlen, \u00e1ramvonalas egys\u00e9gben, amelyet egy olyan rendszer hajt, amely leny\u0171g\u00f6z\u0151 150 000 sz\u00edv\u00e1st biztos\u00edt. A BANG LEGEND 150K Puffs az innov\u00e1ci\u00f3 cs\u00facspontja, amelyet azok sz\u00e1m\u00e1ra terveztek, akik a v\u00e9gs\u0151 v\u00e1ltozatoss\u00e1got \u00e9s teljes\u00edtm\u00e9nyt k\u00f6vetelik.<\/span><\/p>\n<p class=\"ng-star-inserted\"><span class=\"ng-star-inserted\">Az Escovape-n\u00e1l, Eur\u00f3pa premier online nagykereskedelmi platformj\u00e1n\u00e1l a haszn\u00e1lhat\u00f3 eldobhat\u00f3 vape-k sz\u00e1m\u00e1ra, b\u00fcszk\u00e9k vagyunk arra, hogy ezt a forradalmi term\u00e9ket k\u00edn\u00e1ljuk. Elk\u00f6telezettek vagyunk a legfejlettebb eszk\u00f6z\u00f6k beszerz\u00e9se mellett a kiskereskedelmi partnereink sz\u00e1m\u00e1ra, \u00e9s a BANG LEGEND 150K Puffs val\u00f3di mesterm\u0171, amely kiemeli v\u00e1llalkoz\u00e1s\u00e1t \u00e9s leny\u0171g\u00f6zi \u00fcgyfeleit.<\/span><\/p>\n<h2 class=\"ng-star-inserted\"><span class=\"ng-star-inserted\">\u00daj Sz\u00ednvonal az E-Cigaretta Technol\u00f3gi\u00e1ban<\/span><\/h2>\n<p class=\"ng-star-inserted\"><span class=\"ng-star-inserted\">A BANG LEGEND 150K Puffs<\/span><span class=\"ng-star-inserted\">\u00a0kifejezetten \u00fagy van kialak\u00edtva, hogy sokoldal\u00fa \u00e9s kifog\u00e1stalan g\u0151z\u00f6l\u00e9si \u00e9lm\u00e9nyt ny\u00fajtson. Minden alkatr\u00e9szt \u00fagy terveztek, hogy maximaliz\u00e1lja az \u00edzt, a k\u00e9nyelmet \u00e9s a hossz\u00fa \u00e9lettartamot.<\/span><\/p>\n<ul class=\"ng-star-inserted\">\n<li class=\"ng-star-inserted\">\n<p class=\"ng-star-inserted\"><span class=\"ng-star-inserted\">Soha nem l\u00e1tott 150 000 Puff \u00e9lettartam:<\/span><span class=\"ng-star-inserted\">\u00a0Ez az eszk\u00f6z k\u00edn\u00e1lja a legmagasabb f\u00faj\u00e1ssz\u00e1mot a piacon, biztos\u00edtva hetekig tart\u00f3 kiel\u00e9g\u00edt\u0151 g\u0151z\u00f6l\u00e9st an\u00e9lk\u00fcl, hogy cser\u00e9re lenne sz\u00fcks\u00e9g.<\/span><\/p>\n<\/li>\n<li class=\"ng-star-inserted\">\n<p class=\"ng-star-inserted\"><span class=\"ng-star-inserted\">Dinamikus Hat az Egyben \u00cdzrendszer:<\/span><span class=\"ng-star-inserted\">\u00a0Fedezze fel az \u00edzek vil\u00e1g\u00e1t h\u00e1rom k\u00fcl\u00f6nb\u00f6z\u0151 e-folyad\u00e9k tart\u00e1llyal. \u00c9lvezze a h\u00e1rom tiszta \u00edzt k\u00fcl\u00f6n-k\u00fcl\u00f6n, vagy kombin\u00e1lja \u0151ket, hogy h\u00e1rom tov\u00e1bbi, egyedi f\u00fazi\u00f3s kever\u00e9ket t\u00e1rjon fel.<\/span><\/p>\n<\/li>\n<li class=\"ng-star-inserted\">\n<p class=\"ng-star-inserted\"><span class=\"ng-star-inserted\">Intelligens Okos Kijelz\u0151:<\/span><span class=\"ng-star-inserted\">\u00a0A krist\u00e1lytiszta k\u00e9perny\u0151 val\u00f3s id\u0151ben t\u00e1j\u00e9koztat az akkumul\u00e1tor sz\u00e1zal\u00e9k\u00e1r\u00f3l \u00e9s az e-folyad\u00e9k szintj\u00e9r\u0151l, teljes m\u00e9rt\u00e9kben az \u00d6n ir\u00e1ny\u00edt\u00e1sa al\u00e1 helyezve az \u00e9lm\u00e9nyt.<\/span><\/p>\n<\/li>\n<li class=\"ng-star-inserted\">\n<p class=\"ng-star-inserted\"><span class=\"ng-star-inserted\">Halad\u00f3 Mesh Coil a Tiszta \u00cdz\u00e9rt:<\/span><span class=\"ng-star-inserted\">\u00a0A nagy teljes\u00edtm\u00e9ny\u0171 h\u00e1l\u00f3 tekercs technol\u00f3gia gyors, egyenletes f\u0171t\u00e9st garant\u00e1l, s\u0171r\u0171, \u00edzletes felh\u0151ket \u00e9s tiszta \u00edzt produk\u00e1lva az els\u0151 f\u00faj\u00e1st\u00f3l az utols\u00f3ig.<\/span><\/p>\n<\/li>\n<li class=\"ng-star-inserted\">\n<p class=\"ng-star-inserted\"><span class=\"ng-star-inserted\">Nagy kapacit\u00e1s\u00fa \u00fajrat\u00f6lthet\u0151 akkumul\u00e1tor:<\/span><span class=\"ng-star-inserted\">\u00a0Robusztus bels\u0151 akkumul\u00e1torral \u00e9s modern Type-C t\u00f6lt\u0151porttal felszerelve a BANG LEGEND biztos\u00edtja, hogy mindig legyen elegend\u0151 energi\u00e1d \u00e9s k\u00e9szen \u00e1llj a haszn\u00e1latra.<\/span><\/p>\n<\/li>\n<li class=\"ng-star-inserted\">\n<p class=\"ng-star-inserted\"><span class=\"ng-star-inserted\">Alacsony Nikotin T\u00edpusok:<\/span><span class=\"ng-star-inserted\">\u00a0K\u00fcl\u00f6nb\u00f6z\u0151 \u00fcgyfelek ig\u00e9nyeinek kiel\u00e9g\u00edt\u00e9se a k\u00fcl\u00f6nb\u00f6z\u0151 nikotiner\u0151ss\u00e9gek r\u00e9v\u00e9n, amelyek c\u00e9lja, hogy t\u00f6k\u00e9letesen szem\u00e9lyre szabott vap-ot biztos\u00edtsanak.<\/span><\/p>\n<\/li>\n<li class=\"ng-star-inserted\">\n<p class=\"ng-star-inserted\"><span class=\"ng-star-inserted\">Eredeti term\u00e9kek nagy mennyis\u00e9gben v\u00e1s\u00e1rolva:<\/span><span class=\"ng-star-inserted\">\u00a0Megb\u00edzhat\u00f3 nagykereskedelmi besz\u00e1ll\u00edt\u00f3k\u00e9nt garant\u00e1ljuk az eredeti, kiv\u00e1l\u00f3 min\u0151s\u00e9g\u0171 term\u00e9keket k\u00e9szlet\u00e9hez.<\/span><\/p>\n<\/li>\n<\/ul>\n<h2 class=\"ng-star-inserted\"><span class=\"ng-star-inserted\">Felejthetetlen \u00cdzsk\u00e1la<\/span><\/h2>\n<p class=\"ng-star-inserted\"><span class=\"ng-star-inserted\">A BANG LEGEND 150K Puffs zsenialit\u00e1sa<\/span><span class=\"ng-star-inserted\">\u00a0az egyed\u00fcl\u00e1ll\u00f3 \u00edzrendszere. A 12 v\u00e1ltozat mindegyike h\u00e1rom els\u0151dleges \u00edzzel \u00e9rkezik, amelyek k\u00fcl\u00f6n-k\u00fcl\u00f6n is vaporiz\u00e1lhat\u00f3k, vagy h\u00e1rom tov\u00e1bbi izgalmas kombin\u00e1ci\u00f3 l\u00e9trehoz\u00e1s\u00e1hoz keverhet\u0151k \u00f6ssze.<\/span><\/p>\n<p class=\"ng-star-inserted\"><span class=\"ng-star-inserted\">1. \u0150szibar\u00e1t Tri\u00f3:<\/span><span class=\"ng-star-inserted\">\u00a0\u0150szibar\u00e1t J\u00e9g \/ Mang\u00f3 \u0150szibar\u00e1t \/ \u00c1fonya \u0150szibar\u00e1t \u00e9s h\u00e1rom egyedi f\u00fazi\u00f3s kever\u00e9k.<\/span><\/p>\n<p class=\"ng-star-inserted\"><span class=\"ng-star-inserted\">2. Anan\u00e1sz Paradicsom:<\/span><span class=\"ng-star-inserted\">\u00a0Anan\u00e1sz j\u00e9g \/ Anan\u00e1sz k\u00f3kusz \/ Kivi gy\u00fcm\u00f6lcs Anan\u00e1sz j\u00e9g \u00e9s h\u00e1rom egyedi f\u00fazi\u00f3s kever\u00e9k.<\/span><\/p>\n<p class=\"ng-star-inserted\"><span class=\"ng-star-inserted\">3. Sz\u0151l\u0151 Robban\u00e1s:<\/span><span class=\"ng-star-inserted\">\u00a0Sz\u0151l\u0151 J\u00e9g \/ Sz\u0151l\u0151 Bubor\u00e9k Gumi \/ M\u00e1lna Sz\u0151l\u0151 &amp; h\u00e1rom egyedi f\u00fazi\u00f3s kever\u00e9k.<\/span><\/p>\n<p class=\"ng-star-inserted\"><span class=\"ng-star-inserted\">4. G\u00f6r\u00f6gdinnye Hull\u00e1m:<\/span><span class=\"ng-star-inserted\">\u00a0V\u00edzimelon J\u00e9g \/ V\u00edzimelon Bogy\u00f3k \/ Eper V\u00edzimelon  \u00e9s h\u00e1rom egyedi f\u00fazi\u00f3s kever\u00e9k.<\/span><\/p>\n<p class=\"ng-star-inserted\"><span class=\"ng-star-inserted\">5. \u00c1fonya \u00d6r\u00f6m:<\/span><span class=\"ng-star-inserted\">\u00a0K\u00e9k\u00e1fonya J\u00e9g \/ K\u00e9k\u00e1fonya M\u00e1lna \/ K\u00e9k\u00e1fonya \u00c1fonya Cseresznye  \u00e9s h\u00e1rom egyedi f\u00fazi\u00f3s kever\u00e9k.<\/span><\/p>\n<p class=\"ng-star-inserted\"><span class=\"ng-star-inserted\">6. Ban\u00e1n Fusion:<\/span><span class=\"ng-star-inserted\">\u00a0Banana j\u00e9g \/ Eper ban\u00e1n \/ Citromsav narancs &amp; h\u00e1rom egyedi f\u00fazi\u00f3s kever\u00e9k.<\/span><\/p>\n<p class=\"ng-star-inserted\"><span class=\"ng-star-inserted\">7. Gy\u00fcm\u00f6lcs\u00f6s Mix:<\/span><span class=\"ng-star-inserted\">\u00a0Apple Ice \/ Alma Ice \nApple Grape \/ Alma Sz\u0151l\u0151 \nBlueberry Grape \/ \u00c1fonya Sz\u0151l\u0151 \n&amp; h\u00e1rom egyedi f\u00fazi\u00f3s kever\u00e9k.<\/span><\/p>\n<p class=\"ng-star-inserted\"><span class=\"ng-star-inserted\">8. Mang\u00f3 Fesztiv\u00e1l:<\/span><span class=\"ng-star-inserted\">\u00a0Mango j\u00e9g \/ \u0150szibar\u00e1t Mang\u00f3 Dinnye \/ Gumimaci \u00e9s h\u00e1rom egyedi f\u00fazi\u00f3s kever\u00e9k.<\/span><\/p>\n<p class=\"ng-star-inserted\"><span class=\"ng-star-inserted\">Kilencedik: Cseresznye Gy\u00f6ny\u00f6r<\/span><span class=\"ng-star-inserted\">\u00a0Cherry Ice \/ Mixed Berries \/ Red Cola \u00e9s h\u00e1rom egyedi f\u00fazi\u00f3s kever\u00e9k.<\/span><\/p>\n<p class=\"ng-star-inserted\"><span class=\"ng-star-inserted\">10. Ikonikus kever\u00e9kek:<\/span><span class=\"ng-star-inserted\">\u00a0Red Bull \/ G\u00f6r\u00f6gdinnye Bubble Gum \/ Love 66 &amp; h\u00e1rom egyedi f\u00fazi\u00f3s kever\u00e9k.<\/span><\/p>\n<p class=\"ng-star-inserted\"><span class=\"ng-star-inserted\">11. Eper \u00c9rz\u00e9s:<\/span><span class=\"ng-star-inserted\">\u00a0Eper J\u00e9g \/ Eper Kivi \/ Eper Licsi &amp; h\u00e1rom egyedi f\u00fazi\u00f3s kever\u00e9k.<\/span><\/p>\n<p class=\"ng-star-inserted\"><span class=\"ng-star-inserted\">12. Passion Fruit Party:<\/span><span class=\"ng-star-inserted\">\u00a0L\u00e9legzetel kap\u00f3 Passi\u00f3gy\u00fcm\u00f6lcs \/ Guava Lime \/ Passi\u00f3gy\u00fcm\u00f6lcs Citrom \u00e9s h\u00e1rom egyedi f\u00fazi\u00f3s kever\u00e9k.<\/span><\/p>\n<h2 class=\"ng-star-inserted\"><span class=\"ng-star-inserted\">Mi\u00e9rt v\u00e1lasszon <a href=\"https:\/\/escovape.com\/hu\/\">Escovape<\/a>Ez egy k\u00e9rd\u00e9s, de nincs benne sz\u00f6veg, amit le lehetne ford\u00edtani.<\/span><\/h2>\n<p class=\"ng-star-inserted\"><span class=\"ng-star-inserted\">A vape vil\u00e1g\u00e1ban \u00fcgyfeleiknek a lehet\u0151 legjobbat k\u00edn\u00e1lni k\u00edv\u00e1n\u00f3 keresked\u0151k sz\u00e1m\u00e1ra a\u00a0<\/span><span class=\"ng-star-inserted\">BANG LEGEND 150K Puffs<\/span><span class=\"ng-star-inserted\">\u00a0gy\u0171jtem\u00e9ny\u00e9nek elengedhetetlen kieg\u00e9sz\u00edt\u0151je. Az\u00e1ltal, hogy \u00f6mlesztett v\u00e1s\u00e1rl\u00e1s\u00e1t webhelyemr\u0151l, az Escovape-r\u0151l v\u00e1s\u00e1rolja meg, egy megb\u00edzhat\u00f3 eur\u00f3pai vezet\u0151vel m\u0171k\u00f6dik egy\u00fctt az eldobhat\u00f3 vape-piacon. Versenyk\u00e9pes nagykereskedelmi \u00e1rakat \u00e9s dedik\u00e1lt t\u00e1mogat\u00e1st k\u00edn\u00e1lunk, hogy seg\u00edts\u00fcnk v\u00e1llalkoz\u00e1s\u00e1nak prosper\u00e1lni. Emelje magasabb szintre k\u00edn\u00e1lat\u00e1t egy igaz\u00e1n legend\u00e1s k\u00e9sz\u00fcl\u00e9kkel.<\/span><\/p>\n<p>&nbsp;<\/p>\n<p><img data-recalc-dims=\"1\" loading=\"lazy\" decoding=\"async\" class=\"alignnone size-full wp-image-34011\" src=\"https:\/\/i0.wp.com\/escovape.com\/wp-content\/uploads\/2025\/10\/BANG-LEGEND-150K-Puffs-DSK064-Six-Flavor-Premium-Rechargeable-Disposable-Vapes-Low-Nicotine-Bulk-Buy-Wholesale-13.webp?resize=1020%2C1021&#038;ssl=1\" alt=\"BANG LEGEND 150K Puffs DSK064 Hatf\u00e9le \u00cdz pr\u00e9mium \u00fajrat\u00f6lthet\u0151 eldobhat\u00f3 vape alacsony nikotin nagykereskedelmi v\u00e1s\u00e1rl\u00e1s\" width=\"1020\" height=\"1021\" title=\"\" srcset=\"https:\/\/i0.wp.com\/escovape.com\/wp-content\/uploads\/2025\/10\/BANG-LEGEND-150K-Puffs-DSK064-Six-Flavor-Premium-Rechargeable-Disposable-Vapes-Low-Nicotine-Bulk-Buy-Wholesale-13.webp?w=1890&amp;ssl=1 1890w, https:\/\/i0.wp.com\/escovape.com\/wp-content\/uploads\/2025\/10\/BANG-LEGEND-150K-Puffs-DSK064-Six-Flavor-Premium-Rechargeable-Disposable-Vapes-Low-Nicotine-Bulk-Buy-Wholesale-13.webp?resize=400%2C400&amp;ssl=1 400w, https:\/\/i0.wp.com\/escovape.com\/wp-content\/uploads\/2025\/10\/BANG-LEGEND-150K-Puffs-DSK064-Six-Flavor-Premium-Rechargeable-Disposable-Vapes-Low-Nicotine-Bulk-Buy-Wholesale-13.webp?resize=800%2C800&amp;ssl=1 800w, https:\/\/i0.wp.com\/escovape.com\/wp-content\/uploads\/2025\/10\/BANG-LEGEND-150K-Puffs-DSK064-Six-Flavor-Premium-Rechargeable-Disposable-Vapes-Low-Nicotine-Bulk-Buy-Wholesale-13.webp?resize=280%2C280&amp;ssl=1 280w, https:\/\/i0.wp.com\/escovape.com\/wp-content\/uploads\/2025\/10\/BANG-LEGEND-150K-Puffs-DSK064-Six-Flavor-Premium-Rechargeable-Disposable-Vapes-Low-Nicotine-Bulk-Buy-Wholesale-13.webp?resize=768%2C768&amp;ssl=1 768w, https:\/\/i0.wp.com\/escovape.com\/wp-content\/uploads\/2025\/10\/BANG-LEGEND-150K-Puffs-DSK064-Six-Flavor-Premium-Rechargeable-Disposable-Vapes-Low-Nicotine-Bulk-Buy-Wholesale-13.webp?resize=1536%2C1536&amp;ssl=1 1536w, https:\/\/i0.wp.com\/escovape.com\/wp-content\/uploads\/2025\/10\/BANG-LEGEND-150K-Puffs-DSK064-Six-Flavor-Premium-Rechargeable-Disposable-Vapes-Low-Nicotine-Bulk-Buy-Wholesale-13.webp?resize=12%2C12&amp;ssl=1 12w, https:\/\/i0.wp.com\/escovape.com\/wp-content\/uploads\/2025\/10\/BANG-LEGEND-150K-Puffs-DSK064-Six-Flavor-Premium-Rechargeable-Disposable-Vapes-Low-Nicotine-Bulk-Buy-Wholesale-13.webp?resize=300%2C300&amp;ssl=1 300w, https:\/\/i0.wp.com\/escovape.com\/wp-content\/uploads\/2025\/10\/BANG-LEGEND-150K-Puffs-DSK064-Six-Flavor-Premium-Rechargeable-Disposable-Vapes-Low-Nicotine-Bulk-Buy-Wholesale-13.webp?resize=600%2C600&amp;ssl=1 600w, https:\/\/i0.wp.com\/escovape.com\/wp-content\/uploads\/2025\/10\/BANG-LEGEND-150K-Puffs-DSK064-Six-Flavor-Premium-Rechargeable-Disposable-Vapes-Low-Nicotine-Bulk-Buy-Wholesale-13.webp?resize=100%2C100&amp;ssl=1 100w\" sizes=\"auto, (max-width: 1020px) 100vw, 1020px\" \/><\/p>","protected":false},"excerpt":{"rendered":"<p class=\"ng-star-inserted\"><span class=\"ng-star-inserted\">A <\/span><span class=\"ng-star-inserted\">BANG LEGEND 150K Puffs DSK064<\/span><span class=\"ng-star-inserted\"> egy pr\u00e9mium \u00fajrat\u00f6lthet\u0151 eldobhat\u00f3 vape, amely el\u0151zm\u00e9ny n\u00e9lk\u00fcli 150 000 sz\u00edv\u00e1s \u00e9lettartamot \u00e9s forradalmi hat az egyben \u00edzrendszert biztos\u00edt, lehet\u0151v\u00e9 t\u00e9ve h\u00e1rom tiszta \u00edz \u00e9lvezet\u00e9t vagy azok kombin\u00e1l\u00e1s\u00e1t h\u00e1rom egyedi f\u00fazi\u00f3s kever\u00e9kk\u00e9, mindezt a tiszta intelligens k\u00e9perny\u0151j\u00e9n k\u00f6vetheti nyomon.<\/span><\/p>","protected":false},"featured_media":34001,"comment_status":"open","ping_status":"closed","template":"","meta":{"_lmt_disableupdate":"no","_lmt_disable":""},"product_brand":[],"product_cat":[18,213,55,57,97,98,99,100,101,102,103,104,105,106,107,108,109,110,111,112,113,114,15,58,59,61,133,42],"product_tag":[],"class_list":{"0":"post-33946","1":"product","2":"type-product","3":"status-publish","4":"has-post-thumbnail","6":"product_cat-bang","7":"product_cat-150000-puffs-disposable-vapes","8":"product_cat-big-puffs-disposable-vapes","9":"product_cat-digital-box-disposable-vapes","10":"product_cat-disposable-vape-in-europe","11":"product_cat-disposable-vape-wholesale-austria","12":"product_cat-disposable-vape-wholesale-belgium","13":"product_cat-disposable-vape-wholesale-czech-republic","14":"product_cat-disposable-vape-wholesale-denmark","15":"product_cat-disposable-vape-wholesale-finland","16":"product_cat-disposable-vape-wholesale-france","17":"product_cat-disposable-vape-wholesale-germany","18":"product_cat-disposable-vape-wholesale-greece","19":"product_cat-disposable-vape-wholesale-hungary","20":"product_cat-disposable-vape-wholesale-italy","21":"product_cat-disposable-vape-wholesale-netherlands","22":"product_cat-disposable-vape-wholesale-norway","23":"product_cat-disposable-vape-wholesale-portugal","24":"product_cat-disposable-vape-wholesale-romania","25":"product_cat-disposable-vape-wholesale-spain","26":"product_cat-disposable-vape-wholesale-sweden","27":"product_cat-disposable-vape-wholesale-switzerland","28":"product_cat-disposable-vapes","29":"product_cat-dual-mesh-disposable-vapes","30":"product_cat-lower-nicotine-disposable-vapes","31":"product_cat-rechargeable-disposable-vapes","32":"product_cat-shop-best-disposable-vape-flavors","33":"product_cat-shop-by-puffs","35":"first","36":"instock","37":"shipping-taxable","38":"purchasable","39":"product-type-variable","40":"has-default-attributes"},"jetpack_sharing_enabled":true,"_links":{"self":[{"href":"https:\/\/escovape.com\/hu\/wp-json\/wp\/v2\/product\/33946","targetHints":{"allow":["GET"]}}],"collection":[{"href":"https:\/\/escovape.com\/hu\/wp-json\/wp\/v2\/product"}],"about":[{"href":"https:\/\/escovape.com\/hu\/wp-json\/wp\/v2\/types\/product"}],"replies":[{"embeddable":true,"href":"https:\/\/escovape.com\/hu\/wp-json\/wp\/v2\/comments?post=33946"}],"wp:featuredmedia":[{"embeddable":true,"href":"https:\/\/escovape.com\/hu\/wp-json\/wp\/v2\/media\/34001"}],"wp:attachment":[{"href":"https:\/\/escovape.com\/hu\/wp-json\/wp\/v2\/media?parent=33946"}],"wp:term":[{"taxonomy":"product_brand","embeddable":true,"href":"https:\/\/escovape.com\/hu\/wp-json\/wp\/v2\/product_brand?post=33946"},{"taxonomy":"product_cat","embeddable":true,"href":"https:\/\/escovape.com\/hu\/wp-json\/wp\/v2\/product_cat?post=33946"},{"taxonomy":"product_tag","embeddable":true,"href":"https:\/\/escovape.com\/hu\/wp-json\/wp\/v2\/product_tag?post=33946"}],"curies":[{"name":"wp","href":"https:\/\/api.w.org\/{rel}","templated":true}]}}