{"id":39881,"date":"2026-05-12T07:14:07","date_gmt":"2026-05-12T07:14:07","guid":{"rendered":"https:\/\/escovape.com\/?post_type=product&#038;p=39881"},"modified":"2026-05-12T07:14:07","modified_gmt":"2026-05-12T07:14:07","slug":"myde-120k-shisha-hookah-wholesale-120000-puffs-disposable-vapes-smart-screen-bulk-buy-rechargeable","status":"publish","type":"product","link":"https:\/\/escovape.com\/hu\/product\/myde-120k-shisha-hookah-wholesale-120000-puffs-disposable-vapes-smart-screen-bulk-buy-rechargeable\/","title":{"rendered":"MYDE 120K Shisha Hookah Nagykereskedelem 120000 Puff Disposable Vapes Okos Kijelz\u0151 Nagy T\u00e9telben V\u00e1s\u00e1rl\u00e1s \u00dajrat\u00f6lthet\u0151"},"content":{"rendered":"<article style=\"font-family: Arial, sans-serif; line-height: 1.6; color: #333; margin: auto; padding: 20px;\">\n<h2 style=\"color: #2c3e50; border-bottom: 2px solid #3498db; padding-bottom: 10px;\">Bevezet\u00e9s a <a href=\"https:\/\/escovape.com\/hu\/termekkategoria\/myde-eldobhato-vapes\/\">MYDE<\/a> 120000 Puff \u00c9lm\u00e9ny<\/h2>\n<p>A nagy kapacit\u00e1s\u00fa g\u0151z\u00f6l\u00e9s t\u00e1jk\u00e9p\u00e9n jelent\u0151s \u00e1talakul\u00e1s ment v\u00e9gbe a MYDE 120000 Puff sorozat bevezet\u00e9s\u00e9vel. Mint vezet\u0151 forgalmaz\u00f3 az eur\u00f3pai nagykereskedelmi piacon, az ESCO VAPE felismeri a hossz\u00fa \u00e9lettartam, a teljes\u00edtm\u00e9ny \u00e9s a megb\u00edzhat\u00f3s\u00e1g ir\u00e1nti ig\u00e9nyt. Ez a konkr\u00e9t modell a m\u00e9rn\u00f6ki munka cs\u00facspontj\u00e1t k\u00e9pviseli, amelyet olyan felhaszn\u00e1l\u00f3k sz\u00e1m\u00e1ra terveztek, akik el\u0151nyben r\u00e9szes\u00edtik a k\u00f6zvetlen t\u00fcd\u0151be (DTL) t\u00f6rt\u00e9n\u0151 bel\u00e9gz\u00e9st \u00e9s a hossz\u00fa \u00e9lettartamot, amely minim\u00e1lisra cs\u00f6kkenti a gyakori cser\u00e9k sz\u00fcks\u00e9gess\u00e9g\u00e9t.<\/p>\n<div style=\"background-color: #f8f9fa; border-left: 5px solid #3498db; padding: 20px; margin: 20px 0; border-radius: 0 10px 10px 0;\">\n<p style=\"font-style: italic; color: #555;\">Professzion\u00e1lis szint\u0171 m\u00e9rn\u00f6ki munka: Az MYDE sorozat nagy s\u0171r\u0171s\u00e9g\u0171 polikarbon\u00e1t (PC) konstrukci\u00f3t alkalmaz a h\u0151ellen\u00e1ll\u00e1s \u00e9s a szerkezeti integrit\u00e1s biztos\u00edt\u00e1sa \u00e9rdek\u00e9ben a 25W maxim\u00e1lis kimenetn\u00e9l t\u00f6rt\u00e9n\u0151 hosszabb \u00fczemeltet\u00e9s sor\u00e1n.<\/p>\n<\/div>\n<h2 style=\"color: #2c3e50; border-bottom: 2px solid #3498db; padding-bottom: 10px;\">\u00c1tfog\u00f3 M\u0171szaki Specifik\u00e1ci\u00f3k<\/h2>\n<p>A MYDE 120000 Puffs hat\u00e9konys\u00e1g\u00e1nak meg\u00e9rt\u00e9se \u00e9rdek\u00e9ben meg kell vizsg\u00e1lni a bels\u0151 architekt\u00far\u00e1t. A 0,38\u03a9 alatti ohm ellen\u00e1ll\u00e1s\u00fa tekercs \u00e9s a 25W-os teljes\u00edtm\u00e9nysapka integr\u00e1l\u00e1sa lehet\u0151v\u00e9 teszi a s\u0171r\u0171 g\u0151ztermel\u00e9st, amely ut\u00e1nozza a hagyom\u00e1nyos shisha vagy v\u00edzipipa-\u00e9lm\u00e9nyeket. Ez nem egy standard alacsony teljes\u00edtm\u00e9ny\u0171 eszk\u00f6z; hanem egy kalibr\u00e1lt m\u0171szer a nagy teljes\u00edtm\u00e9ny\u0171 haszn\u00e1latra.<\/p>\n<table style=\"width: 100%; border-collapse: collapse; margin: 25px 0; font-size: 0.9em; min-width: 400px;\">\n<thead>\n<tr style=\"background-color: #3498db; color: #ffffff; text-align: left;\">\n<th style=\"padding: 12px 15px;\">M\u0171szaki adatok kateg\u00f3ria<\/th>\n<th style=\"padding: 12px 15px;\">M\u0171szaki adatok<\/th>\n<\/tr>\n<\/thead>\n<tbody>\n<tr style=\"border-bottom: 1px solid #dddddd;\">\n<td style=\"padding: 12px 15px;\">M\u00e9retek<\/td>\n<td style=\"padding: 12px 15px;\">152mm x 38mm x 38mm<\/td>\n<\/tr>\n<tr style=\"background-color: #f3f3f3; border-bottom: 1px solid #dddddd;\">\n<td style=\"padding: 12px 15px;\">Bels\u0151 tart\u00e1ly kapacit\u00e1sa<\/td>\n<td style=\"padding: 12px 15px;\">31ML<\/td>\n<\/tr>\n<tr style=\"border-bottom: 1px solid #dddddd;\">\n<td style=\"padding: 12px 15px;\">Akku t\u00edpusa<\/td>\n<td style=\"padding: 12px 15px;\">Nagy hat\u00e9konys\u00e1g\u00fa 18350-es cella<\/td>\n<\/tr>\n<tr style=\"background-color: #f3f3f3; border-bottom: 1px solid #dddddd;\">\n<td style=\"padding: 12px 15px;\">Akku kapacit\u00e1s<\/td>\n<td style=\"padding: 12px 15px;\">950mAh<\/td>\n<\/tr>\n<tr style=\"border-bottom: 1px solid #dddddd;\">\n<td style=\"padding: 12px 15px;\">Ellen\u00e1ll\u00e1s besorol\u00e1s<\/td>\n<td style=\"padding: 12px 15px;\">0,38\u03a9 (Sub-Ohm)<\/td>\n<\/tr>\n<tr style=\"background-color: #f3f3f3; border-bottom: 1px solid #dddddd;\">\n<td style=\"padding: 12px 15px;\">Teljes\u00edtm\u00e9ny kimenet<\/td>\n<td style=\"padding: 12px 15px;\">25W Maximum<\/td>\n<\/tr>\n<tr style=\"border-bottom: 1px solid #dddddd;\">\n<td style=\"padding: 12px 15px;\">T\u00f6lt\u00e9si csatlakoz\u00f3<\/td>\n<td style=\"padding: 12px 15px;\">USB-C gyors t\u00f6lt\u00e9s<\/td>\n<\/tr>\n<\/tbody>\n<\/table>\n<h2 style=\"color: #2c3e50; border-bottom: 2px solid #3498db; padding-bottom: 10px;\">Direct-To-Lung (DTL) \u00e9s l\u00e9g\u00e1raml\u00e1si innov\u00e1ci\u00f3<\/h2>\n<p>A hagyom\u00e1nyos eldobhat\u00f3 vape-kkal ellent\u00e9tben, amelyek a szoros sz\u00edv\u00e1sra \u00f6sszpontos\u00edtanak, a MYDE 120000 Puffs a DTL inhal\u00e1ci\u00f3ra van optimaliz\u00e1lva. Ezt az \u00e1ll\u00edthat\u00f3 l\u00e9g\u00e1raml\u00e1s kapcsol\u00f3 seg\u00edts\u00e9g\u00e9vel \u00e9rik el, amely a k\u00e9sz\u00fcl\u00e9k alj\u00e1n tal\u00e1lhat\u00f3. A felhaszn\u00e1l\u00f3k a l\u00e9gbe\u00f6ml\u0151 szab\u00e1lyoz\u00e1s\u00e1val finomhangolhatj\u00e1k a 0,38\u03a9-os tekercs h\u0171t\u00e9s\u00e9t, egyens\u00falyozva a g\u0151z h\u0151m\u00e9rs\u00e9klet\u00e9t \u00e9s s\u0171r\u0171s\u00e9g\u00e9t.<\/p>\n<div style=\"margin: 30px 0; text-align: center;\">\n<p>&nbsp;<\/p>\n<\/div>\n<h3 style=\"color: #2e86c1;\">Halad\u00f3 kijelz\u0151 \u00e9s felhaszn\u00e1l\u00f3i fel\u00fclet<\/h3>\n<p>A prec\u00edzi\u00f3s monitoroz\u00e1s kulcsfontoss\u00e1g\u00fa k\u00fcl\u00f6nbs\u00e9g ezen modell eset\u00e9ben. A be\u00e9p\u00edtett sz\u00ednes kijelz\u0151 val\u00f3s id\u0151ben ad visszajelz\u00e9st k\u00e9t kritikus mutat\u00f3r\u00f3l: az akkumul\u00e1tor \u00e9lettartam\u00e1r\u00f3l \u00e9s a fennmarad\u00f3 tart\u00e1ly t\u00e9rfogat\u00e1r\u00f3l. Ez kik\u00fcsz\u00f6b\u00f6li az egyszer haszn\u00e1latos vape term\u00e9kekkel gyakran j\u00e1r\u00f3 tal\u00e1lgat\u00e1st, biztos\u00edtva, hogy a felhaszn\u00e1l\u00f3 tudja, mikor kell \u00fajrat\u00f6lteni vagy cser\u00e9lni az egys\u00e9get. Ez az \u00e1tl\u00e1that\u00f3s\u00e1g l\u00e9tfontoss\u00e1g\u00fa a nagykereskedelmi \u00fcgyfelek sz\u00e1m\u00e1ra, akik magas sz\u00ednvonal\u00fa funkci\u00f3kat k\u00f6vetelnek meg \u00fcgyfeleik sz\u00e1m\u00e1ra.<\/p>\n<div style=\"flex-wrap: wrap; gap: 20px; justify-content: center; margin: 30px 0;\">\n<div style=\"flex: 1; min-width: 280px; background: linear-gradient(145deg, #ffffff, #e6e6e6); padding: 25px; border-radius: 15px; box-shadow: 5px 5px 15px #d1d1d1, -5px -5px 15px #ffffff; border: 1px solid #3498db;\">\n<p style=\"color: #3498db; font-size: 1.2em; margin-top: 0;\">Akku Intelligencia<\/p>\n<p>A 950mAh-s cell\u00e1t egy chipk\u00e9szlet kezeli, amely megakad\u00e1lyozza a t\u00fal t\u00f6lt\u00e9st \u00e9s a m\u00e9ly lemer\u00fcl\u00e9st, fenntartva az 18350-es akku \u00e9lettartam\u00e1t t\u00f6bb tucat \u00fajrat\u00f6lt\u00e9si cikluson kereszt\u00fcl.<\/p>\n<\/div>\n<div style=\"flex: 1; min-width: 280px; background: linear-gradient(145deg, #ffffff, #e6e6e6); padding: 25px; border-radius: 15px; box-shadow: 5px 5px 15px #d1d1d1, -5px -5px 15px #ffffff; border: 1px solid #3498db;\">\n<p style=\"color: #3498db; font-size: 1.2em; margin-top: 0;\">Tart\u00e1lyk\u00f6vet\u00e9s<\/p>\n<p>A 31ML-es kapacit\u00e1s digit\u00e1lis figyel\u00e9se lehet\u0151v\u00e9 teszi a pontos nyomon k\u00f6vet\u00e9st, biztos\u00edtva a folyamatos sz\u00e1ll\u00edt\u00e1st az utols\u00f3 sz\u00edv\u00e1sig an\u00e9lk\u00fcl, hogy fenn\u00e1llna a sz\u00e1raz sz\u00edv\u00e1s kock\u00e1zata.<\/p>\n<\/div>\n<\/div>\n<h2><img data-recalc-dims=\"1\" loading=\"lazy\" decoding=\"async\" class=\"aligncenter size-full wp-image-39887\" src=\"https:\/\/i0.wp.com\/escovape.com\/wp-content\/uploads\/2026\/05\/MYDE-120K-Wholesale-120000-Puffs-Disposable-Vapes-5.webp?resize=800%2C800&#038;ssl=1\" alt=\"MYDE 120K Nagykereskedelmi 120000 Puffs Eldobhat\u00f3 Vape Okos K\u00e9perny\u0151 Nagy T\u00e9telben V\u00e1s\u00e1rolhat\u00f3 \u00dajrat\u00f6lthet\u0151 Shisha Hookah\" width=\"800\" height=\"800\" title=\"\" srcset=\"https:\/\/i0.wp.com\/escovape.com\/wp-content\/uploads\/2026\/05\/MYDE-120K-Wholesale-120000-Puffs-Disposable-Vapes-5.webp?w=800&amp;ssl=1 800w, https:\/\/i0.wp.com\/escovape.com\/wp-content\/uploads\/2026\/05\/MYDE-120K-Wholesale-120000-Puffs-Disposable-Vapes-5.webp?resize=400%2C400&amp;ssl=1 400w, https:\/\/i0.wp.com\/escovape.com\/wp-content\/uploads\/2026\/05\/MYDE-120K-Wholesale-120000-Puffs-Disposable-Vapes-5.webp?resize=280%2C280&amp;ssl=1 280w, https:\/\/i0.wp.com\/escovape.com\/wp-content\/uploads\/2026\/05\/MYDE-120K-Wholesale-120000-Puffs-Disposable-Vapes-5.webp?resize=768%2C768&amp;ssl=1 768w, https:\/\/i0.wp.com\/escovape.com\/wp-content\/uploads\/2026\/05\/MYDE-120K-Wholesale-120000-Puffs-Disposable-Vapes-5.webp?resize=12%2C12&amp;ssl=1 12w, https:\/\/i0.wp.com\/escovape.com\/wp-content\/uploads\/2026\/05\/MYDE-120K-Wholesale-120000-Puffs-Disposable-Vapes-5.webp?resize=300%2C300&amp;ssl=1 300w, https:\/\/i0.wp.com\/escovape.com\/wp-content\/uploads\/2026\/05\/MYDE-120K-Wholesale-120000-Puffs-Disposable-Vapes-5.webp?resize=600%2C600&amp;ssl=1 600w, https:\/\/i0.wp.com\/escovape.com\/wp-content\/uploads\/2026\/05\/MYDE-120K-Wholesale-120000-Puffs-Disposable-Vapes-5.webp?resize=100%2C100&amp;ssl=1 100w\" sizes=\"auto, (max-width: 800px) 100vw, 800px\" \/><\/h2>\n<h2 style=\"color: #2c3e50; border-bottom: 2px solid #3498db; padding-bottom: 10px;\">Piaci poz\u00edci\u00f3 \u00e9s tekint\u00e9ly: Mi\u00e9rt ESCO VAPE?<\/h2>\n<p>T\u00f6bb mint f\u00e9l \u00e9vtizedes specializ\u00e1l\u00f3d\u00e1ssal az eur\u00f3pai piacon, az ESCO VAPE hidat k\u00e9pez a high-tech gy\u00e1rt\u00f3k \u00e9s a k\u00fcl\u00f6nb\u00f6z\u0151 kiskereskedelmi k\u00f6rnyezetek k\u00f6z\u00f6tt. Min\u0151s\u00e9gellen\u0151rz\u00e9si k\u00f6telezetts\u00e9gv\u00e1llal\u00e1sunk azt jelenti, hogy minden MYDE k\u00e9sz\u00fcl\u00e9k, amelyet forgalmazunk, szigor\u00fa \u00e9rt\u00e9kel\u00e9sen megy kereszt\u00fcl annak biztos\u00edt\u00e1sa \u00e9rdek\u00e9ben, hogy megfeleljen a biztons\u00e1gi \u00e9s szab\u00e1lyoz\u00e1si szabv\u00e1nyoknak, amelyek \u00fcgyfeleink glob\u00e1lis b\u00e1zis\u00e1ra vonatkoznak.<\/p>\n<p>A MYDE 120000 Puffs kifejezetten \u00fagy lett tervezve, hogy megfeleljen az egyre n\u00f6vekv\u0151 \u201cnagy mennyis\u00e9g\u0171 v\u00e1s\u00e1rl\u00e1s\u201d hat\u00e9konys\u00e1g\u00e1nak trendj\u00e9nek. A 120K sz\u00edv\u00e1s sz\u00e1m\u00e1nak k\u00edn\u00e1lat\u00e1val a t\u00f6bb kisebb eszk\u00f6z sz\u00e1ll\u00edt\u00e1s\u00e1val kapcsolatos sz\u00e9nl\u00e1bnyom jelent\u0151sen cs\u00f6kken, \u00f6sszhangban a modern k\u00f6rnyezeti szempontokkal az e-cigaretta iparban.<\/p>\n<h3 style=\"color: #2e86c1;\">El\u00e9rhet\u0151 term\u00e9kvari\u00e1ci\u00f3k<\/h3>\n<p>A MYDE 120000 Puffs sorozat k\u00fcl\u00f6nb\u00f6z\u0151 gondosan \u00f6sszev\u00e1logatott profilokban \u00e9rhet\u0151 el. Minden lehet\u0151s\u00e9get magas min\u0151s\u00e9g\u0171 \u00f6sszetev\u0151k felhaszn\u00e1l\u00e1s\u00e1val fejlesztenek ki, hogy biztos\u00edts\u00e1k a folyamatos \u00e9lm\u00e9nyt az els\u0151 sz\u00edv\u00e1st\u00f3l az 120 000. sz\u00edv\u00e1sig.<\/p>\n<ul style=\"list-style-type: none; padding: 0; grid-template-columns: repeat(auto-fill, minmax(200px, 1fr)); gap: 10px; margin-bottom: 30px;\">\n<li style=\"background: #f1f1f1; padding: 10px; border-radius: 5px; text-align: center; border-left: 4px solid #3498db;\">Sz\u0151l\u0151 Menta<\/li>\n<li style=\"background: #f1f1f1; padding: 10px; border-radius: 5px; text-align: center; border-left: 4px solid #3498db;\">M\u00e1gikus Szerelem<\/li>\n<li style=\"background: #f1f1f1; padding: 10px; border-radius: 5px; text-align: center; border-left: 4px solid #3498db;\">S\u00e1rgadinnye Kiwi<\/li>\n<li style=\"background: #f1f1f1; padding: 10px; border-radius: 5px; text-align: center; border-left: 4px solid #3498db;\">Eper \u00dcd\u00edt\u0151<\/li>\n<li style=\"background: #f1f1f1; padding: 10px; border-radius: 5px; text-align: center; border-left: 4px solid #3498db;\">Citrom Lime<\/li>\n<li style=\"background: #f1f1f1; padding: 10px; border-radius: 5px; text-align: center; border-left: 4px solid #3498db;\">Mango Anan\u00e1sz<\/li>\n<li style=\"background: #f1f1f1; padding: 10px; border-radius: 5px; text-align: center; border-left: 4px solid #3498db;\">Vegyes Bogy\u00f3k<\/li>\n<li style=\"background: #f1f1f1; padding: 10px; border-radius: 5px; text-align: center; border-left: 4px solid #3498db;\">Ny\u00e1ri \u00c1lmok<\/li>\n<li style=\"background: #f1f1f1; padding: 10px; border-radius: 5px; text-align: center; border-left: 4px solid #3498db;\">Lush J\u00e9g<\/li>\n<li style=\"background: #f1f1f1; padding: 10px; border-radius: 5px; text-align: center; border-left: 4px solid #3498db;\">K\u00e9t Alma<\/li>\n<\/ul>\n<h2 style=\"color: #2c3e50; border-bottom: 2px solid #3498db; padding-bottom: 10px;\">\u00d6sszehasonl\u00edt\u00e1s: Nagy kapacit\u00e1s\u00fa vs. Szabv\u00e1nyos eldobhat\u00f3 vape term\u00e9kek<\/h2>\n<p>A nagykereskedelmi v\u00e1s\u00e1rl\u00f3k sz\u00e1m\u00e1ra fontos meg\u00e9rteni egy olyan nagy kapacit\u00e1s\u00fa eszk\u00f6z \u00e9rt\u00e9kaj\u00e1nlat\u00e1t, mint a MYDE 120000, a k\u00e9szletgazd\u00e1lkod\u00e1s szempontj\u00e1b\u00f3l. Az al\u00e1bbiakban bemutatjuk a teljes\u00edtm\u00e9ny mutat\u00f3inak \u00f6sszehasonl\u00edt\u00f3 elemz\u00e9s\u00e9t.<\/p>\n<div>\n<table style=\"width: 100%; border: 1px solid #ddd; margin-top: 20px;\">\n<tbody>\n<tr style=\"background-color: #2c3e50; color: white;\">\n<th style=\"padding: 15px; border: 1px solid #ddd;\">Funkci\u00f3<\/th>\n<th style=\"padding: 15px; border: 1px solid #ddd;\">MYDE 120000 sz\u00edv\u00e1s<\/th>\n<th style=\"padding: 15px; border: 1px solid #ddd;\">Szabv\u00e1nyos Eldobhat\u00f3 Vape<\/th>\n<\/tr>\n<tr>\n<td style=\"padding: 15px; border: 1px solid #ddd;\">Rajzst\u00edlus<\/td>\n<td style=\"padding: 15px; border: 1px solid #ddd;\">DTL \/ Shisha Hookah<\/td>\n<td style=\"padding: 15px; border: 1px solid #ddd;\">MTL (sz\u00e1jb\u00f3l t\u00fcd\u0151be)<\/td>\n<\/tr>\n<tr>\n<td style=\"padding: 15px; border: 1px solid #ddd;\">Energiaell\u00e1t\u00e1s-kezel\u00e9s<\/td>\n<td style=\"padding: 15px; border: 1px solid #ddd;\">\u00c1ll\u00edthat\u00f3 25W kimenet<\/td>\n<td style=\"padding: 15px; border: 1px solid #ddd;\">Fix alacsony teljes\u00edtm\u00e9ny<\/td>\n<\/tr>\n<tr>\n<td style=\"padding: 15px; border: 1px solid #ddd;\">Kapacit\u00e1s<\/td>\n<td style=\"padding: 15px; border: 1px solid #ddd;\">31ML nagy tart\u00e1ly<\/td>\n<td style=\"padding: 15px; border: 1px solid #ddd;\">2ML - 10ML tart\u00e1ly<\/td>\n<\/tr>\n<tr>\n<td style=\"padding: 15px; border: 1px solid #ddd;\">Figyel\u00e9s<\/td>\n<td style=\"padding: 15px; border: 1px solid #ddd;\">Teljes sz\u00edn\u0171 \u00e1llapotkijelz\u0151<\/td>\n<td style=\"padding: 15px; border: 1px solid #ddd;\">LED jelz\u0151f\u00e9ny vagy Nincs<\/td>\n<\/tr>\n<\/tbody>\n<\/table>\n<\/div>\n<h2 style=\"color: #2c3e50; border-bottom: 2px solid #3498db; padding-bottom: 10px;\">Fenntarthat\u00f3 nagykereskedelmi megold\u00e1sok<\/h2>\n<p>At <a href=\"https:\/\/escovape.com\/hu\/\">ESCO VAPE<\/a>, c\u00e9lunk, hogy professzion\u00e1lis szint\u0171 hardvert biztos\u00edtsunk, amely megfelel a vape k\u00f6z\u00f6ss\u00e9g folyamatosan v\u00e1ltoz\u00f3 ig\u00e9nyeinek. A MYDE 120000 Puffs eldobhat\u00f3 vape k\u00e9sz\u00fcl\u00e9kek nem csak nagy volumen\u0171 eszk\u00f6z\u00f6k; cs\u00f6kkentett hullad\u00e9k \u00e9s fokozott felhaszn\u00e1l\u00f3i el\u00e9gedetts\u00e9g megold\u00e1s\u00e1t k\u00edn\u00e1lj\u00e1k. A nagykereskedelmi v\u00e1s\u00e1rl\u00e1si lehet\u0151s\u00e9gek kiv\u00e1laszt\u00e1s\u00e1val a kiskeresked\u0151k olyan term\u00e9ket k\u00edn\u00e1lhatnak \u00fcgyfeleiknek, amely l\u00e9nyegesen tov\u00e1bb tart, jobb \u00e9rt\u00e9ket \u00e9s k\u00f6vetkezetesebb \u00e9lm\u00e9nyt ny\u00fajtva.<\/p>\n<div style=\"background-color: #e8f4fd; padding: 25px; border-radius: 15px; margin: 30px 0;\">\n<h3 style=\"color: #2c3e50; margin-top: 0;\">Tud\u00e1s Pont: Az 18350 Akkumul\u00e1tor V\u00e1laszt\u00e1s<\/h3>\n<p>A MYDE 120000-ben haszn\u00e1lt 18350 akkumul\u00e1tor cella kiv\u00e1laszt\u00e1sa tudatos m\u00e9rn\u00f6ki d\u00f6nt\u00e9s. M\u00edg sok eldobhat\u00f3 vape integr\u00e1lt tasakcell\u00e1t haszn\u00e1l, az 18350 hengeres cella jobb h\u0151stabilit\u00e1st k\u00edn\u00e1l a DTL vapinghez sz\u00fcks\u00e9ges 25W terhel\u00e9s alatt. Ez biztos\u00edtja, hogy az eszk\u00f6z fenntartja a cs\u00facsteljes\u00edtm\u00e9nyt t\u00falzott h\u0151felhalmoz\u00f3d\u00e1s n\u00e9lk\u00fcl, v\u00e9dve a bels\u0151 alkatr\u00e9szeket \u00e9s a tartalom integrit\u00e1s\u00e1t.<\/p>\n<\/div>\n<h2 style=\"color: #2c3e50; border-bottom: 2px solid #3498db; padding-bottom: 10px;\">Gyik (Gyakran Ism\u00e9telt K\u00e9rd\u00e9sek)<\/h2>\n<div style=\"background-color: #f9f9f9; padding: 20px; border-radius: 10px; border: 1px solid #eee;\">\n<div style=\"margin-bottom: 20px;\">\n<p style=\"color: #2e86c1; margin-bottom: 5px; text-transform: uppercase; font-size: 0.9em;\">Hogyan marad pontos a 120 000 sz\u00edv\u00e1s sz\u00e1m?<\/p>\n<p>A sz\u00edv\u00e1s sz\u00e1m becsl\u00e9s, amely szabv\u00e1nyos\u00edtott bel\u00e9gz\u00e9si id\u0151tartamokon alapul. A MYDE 120000 nagy, 31 ml-es tart\u00e1ly\u00e1t \u00e9s rendk\u00edv\u00fcl hat\u00e9kony tekercsrendszer\u00e9t haszn\u00e1lja a haszn\u00e1lat maximaliz\u00e1l\u00e1s\u00e1ra, b\u00e1r az egy\u00e9ni eredm\u00e9nyek v\u00e1ltozhatnak a bel\u00e9gz\u00e9si er\u0151ss\u00e9g \u00e9s a l\u00e9g\u00e1raml\u00e1s be\u00e1ll\u00edt\u00e1sai alapj\u00e1n.<\/p>\n<\/div>\n<hr style=\"border: 0; border-top: 1px solid #ddd;\" \/>\n<div style=\"margin-bottom: 20px; margin-top: 20px;\">\n<p style=\"color: #2e86c1; margin-bottom: 5px; text-transform: uppercase; font-size: 0.9em;\">A k\u00e9sz\u00fcl\u00e9k \u00fajrat\u00f6lthet\u0151?<\/p>\n<p>Igen, az eszk\u00f6z USB Type-C porttal rendelkezik. Mivel a tart\u00e1ly kapacit\u00e1sa 31 ml, a 950 mAh-s akkumul\u00e1tor t\u00f6bbsz\u00f6r is ig\u00e9nyel t\u00f6lt\u00e9st az eszk\u00f6z \u00e9lettartama alatt, hogy biztos\u00edtsa, minden bels\u0151 tartalom hat\u00e9konyan felhaszn\u00e1l\u00e1sra ker\u00fclj\u00f6n.<\/p>\n<\/div>\n<hr style=\"border: 0; border-top: 1px solid #ddd;\" \/>\n<div style=\"margin-bottom: 20px; margin-top: 20px;\">\n<p style=\"color: #2e86c1; margin-bottom: 5px; text-transform: uppercase; font-size: 0.9em;\">Mit jelent a DTL ebben az \u00f6sszef\u00fcgg\u00e9sben?<\/p>\n<p>A DTL a Direct-To-Lung r\u00f6vid\u00edt\u00e9se. Ez azt jelenti, hogy az eszk\u00f6zt m\u00e9ly, nyitott sz\u00edv\u00e1sra tervezt\u00e9k, amely k\u00f6zvetlen\u00fcl a t\u00fcd\u0151be jut, hasonl\u00f3an egy hagyom\u00e1nyos v\u00edzipip\u00e1hoz, \u00e9s nem a sz\u00e1jba-l\u00e9gcs\u0151 st\u00edlushoz, amely a kisebb eldobhat\u00f3 vape-kre jellemz\u0151.<\/p>\n<\/div>\n<hr style=\"border: 0; border-top: 1px solid #ddd;\" \/>\n<div style=\"margin-top: 20px;\">\n<p style=\"color: #2e86c1; margin-bottom: 5px; text-transform: uppercase; font-size: 0.9em;\">Alkalmasak ezek a vape-k nagykereskedelmi forgalmaz\u00e1sra Eur\u00f3p\u00e1ban?<\/p>\n<p>Abszol\u00fat. Az ESCO VAPE eur\u00f3pai forgalmaz\u00e1sra specializ\u00e1l\u00f3dott. Biztos\u00edtjuk, hogy term\u00e9keink, bele\u00e9rtve a MYDE sorozatot is, megfeleljenek az eur\u00f3pai piac min\u0151s\u00e9gi elv\u00e1r\u00e1sainak \u00e9s biztons\u00e1gi k\u00f6vetelm\u00e9nyeinek, megb\u00edzhat\u00f3 sz\u00e1ll\u00edt\u00e1st \u00e9s hiteles hardvert k\u00edn\u00e1lva.<\/p>\n<\/div>\n<\/div>\n<p style=\"margin-top: 40px; text-align: center; color: #777; font-size: 0.9em;\">Minden m\u0171szaki adatot a gy\u00e1rt\u00f3 tesztel\u00e9si protokolljain kereszt\u00fcl ellen\u0151riznek, \u00e9s t\u00fckr\u00f6zik a MYDE 120000 sorozat szabv\u00e1nyos teljes\u00edtm\u00e9ny mutat\u00f3it 2026-t\u00f3l.<\/p>\n<p><img data-recalc-dims=\"1\" loading=\"lazy\" decoding=\"async\" class=\"aligncenter size-full wp-image-39883\" src=\"https:\/\/i0.wp.com\/escovape.com\/wp-content\/uploads\/2026\/05\/MYDE-120K-Wholesale-120000-Puffs-Disposable-Vapes-1.webp?resize=800%2C800&#038;ssl=1\" alt=\"MYDE 120K Nagykereskedelmi 120000 Puffs Eldobhat\u00f3 Vape Okos K\u00e9perny\u0151 Nagy T\u00e9telben V\u00e1s\u00e1rolhat\u00f3 \u00dajrat\u00f6lthet\u0151 Shisha Hookah\" width=\"800\" height=\"800\" title=\"\" srcset=\"https:\/\/i0.wp.com\/escovape.com\/wp-content\/uploads\/2026\/05\/MYDE-120K-Wholesale-120000-Puffs-Disposable-Vapes-1.webp?w=800&amp;ssl=1 800w, https:\/\/i0.wp.com\/escovape.com\/wp-content\/uploads\/2026\/05\/MYDE-120K-Wholesale-120000-Puffs-Disposable-Vapes-1.webp?resize=400%2C400&amp;ssl=1 400w, https:\/\/i0.wp.com\/escovape.com\/wp-content\/uploads\/2026\/05\/MYDE-120K-Wholesale-120000-Puffs-Disposable-Vapes-1.webp?resize=280%2C280&amp;ssl=1 280w, https:\/\/i0.wp.com\/escovape.com\/wp-content\/uploads\/2026\/05\/MYDE-120K-Wholesale-120000-Puffs-Disposable-Vapes-1.webp?resize=768%2C768&amp;ssl=1 768w, https:\/\/i0.wp.com\/escovape.com\/wp-content\/uploads\/2026\/05\/MYDE-120K-Wholesale-120000-Puffs-Disposable-Vapes-1.webp?resize=12%2C12&amp;ssl=1 12w, https:\/\/i0.wp.com\/escovape.com\/wp-content\/uploads\/2026\/05\/MYDE-120K-Wholesale-120000-Puffs-Disposable-Vapes-1.webp?resize=300%2C300&amp;ssl=1 300w, https:\/\/i0.wp.com\/escovape.com\/wp-content\/uploads\/2026\/05\/MYDE-120K-Wholesale-120000-Puffs-Disposable-Vapes-1.webp?resize=600%2C600&amp;ssl=1 600w, https:\/\/i0.wp.com\/escovape.com\/wp-content\/uploads\/2026\/05\/MYDE-120K-Wholesale-120000-Puffs-Disposable-Vapes-1.webp?resize=100%2C100&amp;ssl=1 100w\" sizes=\"auto, (max-width: 800px) 100vw, 800px\" \/><\/p>\n<\/article>","protected":false},"excerpt":{"rendered":"<div id=\"model-response-message-contentr_a22fa1926b8dbd4e\" class=\"markdown markdown-main-panel stronger enable-updated-hr-color\" dir=\"ltr\" aria-live=\"polite\">\n<p data-path-to-node=\"0\">A MYDE 120000 Puffs egy nagy kapacit\u00e1s\u00fa, \u00fajrat\u00f6lthet\u0151, eldobhat\u00f3 vape, amelyet Direct-To-Lung teljes\u00edtm\u00e9nyre terveztek 31ML-es tart\u00e1llyal \u00e9s integr\u00e1lt sz\u00ednes kijelz\u0151vel a val\u00f3s idej\u0171 monitoroz\u00e1s \u00e9rdek\u00e9ben.<\/p>\n<\/div>","protected":false},"featured_media":39898,"comment_status":"open","ping_status":"closed","template":"","meta":{"_lmt_disableupdate":"no","_lmt_disable":""},"product_brand":[],"product_cat":[116,209,55,57,97,98,99,100,101,102,103,104,105,106,107,108,109,110,111,112,113,114,15,58,59,61,62,133,42],"product_tag":[],"class_list":{"0":"post-39881","1":"product","2":"type-product","3":"status-publish","4":"has-post-thumbnail","6":"product_cat-myde-disposable-vapes","7":"product_cat-120000-puffs-disposable-vapes","8":"product_cat-big-puffs-disposable-vapes","9":"product_cat-digital-box-disposable-vapes","10":"product_cat-disposable-vape-in-europe","11":"product_cat-disposable-vape-wholesale-austria","12":"product_cat-disposable-vape-wholesale-belgium","13":"product_cat-disposable-vape-wholesale-czech-republic","14":"product_cat-disposable-vape-wholesale-denmark","15":"product_cat-disposable-vape-wholesale-finland","16":"product_cat-disposable-vape-wholesale-france","17":"product_cat-disposable-vape-wholesale-germany","18":"product_cat-disposable-vape-wholesale-greece","19":"product_cat-disposable-vape-wholesale-hungary","20":"product_cat-disposable-vape-wholesale-italy","21":"product_cat-disposable-vape-wholesale-netherlands","22":"product_cat-disposable-vape-wholesale-norway","23":"product_cat-disposable-vape-wholesale-portugal","24":"product_cat-disposable-vape-wholesale-romania","25":"product_cat-disposable-vape-wholesale-spain","26":"product_cat-disposable-vape-wholesale-sweden","27":"product_cat-disposable-vape-wholesale-switzerland","28":"product_cat-disposable-vapes","29":"product_cat-dual-mesh-disposable-vapes","30":"product_cat-lower-nicotine-disposable-vapes","31":"product_cat-rechargeable-disposable-vapes","32":"product_cat-shisha-hookah-disposable-vapes","33":"product_cat-shop-best-disposable-vape-flavors","34":"product_cat-shop-by-puffs","36":"first","37":"instock","38":"shipping-taxable","39":"purchasable","40":"product-type-variable","41":"has-default-attributes"},"jetpack_sharing_enabled":true,"_links":{"self":[{"href":"https:\/\/escovape.com\/hu\/wp-json\/wp\/v2\/product\/39881","targetHints":{"allow":["GET"]}}],"collection":[{"href":"https:\/\/escovape.com\/hu\/wp-json\/wp\/v2\/product"}],"about":[{"href":"https:\/\/escovape.com\/hu\/wp-json\/wp\/v2\/types\/product"}],"replies":[{"embeddable":true,"href":"https:\/\/escovape.com\/hu\/wp-json\/wp\/v2\/comments?post=39881"}],"wp:featuredmedia":[{"embeddable":true,"href":"https:\/\/escovape.com\/hu\/wp-json\/wp\/v2\/media\/39898"}],"wp:attachment":[{"href":"https:\/\/escovape.com\/hu\/wp-json\/wp\/v2\/media?parent=39881"}],"wp:term":[{"taxonomy":"product_brand","embeddable":true,"href":"https:\/\/escovape.com\/hu\/wp-json\/wp\/v2\/product_brand?post=39881"},{"taxonomy":"product_cat","embeddable":true,"href":"https:\/\/escovape.com\/hu\/wp-json\/wp\/v2\/product_cat?post=39881"},{"taxonomy":"product_tag","embeddable":true,"href":"https:\/\/escovape.com\/hu\/wp-json\/wp\/v2\/product_tag?post=39881"}],"curies":[{"name":"wp","href":"https:\/\/api.w.org\/{rel}","templated":true}]}}