{"id":9631,"date":"2024-09-22T02:58:56","date_gmt":"2024-09-22T02:58:56","guid":{"rendered":"https:\/\/escovape.com\/?post_type=product&#038;p=9631"},"modified":"2025-09-03T13:03:14","modified_gmt":"2025-09-03T13:03:14","slug":"atvs-13000-puff-5-alacsony-nikotin-tartalmu-ujratoltheto-eldobhato-vapes-toll-tomeges-vasarlas-nagykereskedelem","status":"publish","type":"product","link":"https:\/\/escovape.com\/hu\/product\/atvs-13000-puffs-5-low-nicotine-rechargeable-disposable-vapes-pen-bulk-buy-wholesale\/","title":{"rendered":"ATV 13000 Puffs 5%  Alacsony Nikotin \u00dajrat\u00f6lthet\u0151 Eldobhat\u00f3 Vape Pen Nagykereskedelem"},"content":{"rendered":"<div style=\"width: 720px;\" class=\"wp-video\"><video class=\"wp-video-shortcode\" id=\"video-9631-1\" width=\"720\" height=\"720\" preload=\"metadata\" controls=\"controls\"><source type=\"video\/mp4\" src=\"https:\/\/escovape.com\/wp-content\/uploads\/2024\/09\/ATVS-13K-Puffs-3.mp4?_=1\" \/><a href=\"https:\/\/escovape.com\/wp-content\/uploads\/2024\/09\/ATVS-13K-Puffs-3.mp4\">https:\/\/escovape.com\/wp-content\/uploads\/2024\/09\/ATVS-13K-Puffs-3.mp4<\/a><\/video><\/div>\n<h2>ATVs 13000 Puffs \u2013 Ide\u00e1lis hossz\u00fa t\u00e1v\u00fa haszn\u00e1latra<\/h2>\n<p>Fedezze fel az Atvs 13000 Puffs-ot, egy eldobhat\u00f3 vape-ot 5% nikotinnal. Ez a vape t\u00f6k\u00e9letes azok sz\u00e1m\u00e1ra, akik egyszer\u0171 \u00e9s megb\u00edzhat\u00f3 \u00e9lm\u00e9nyt keresnek. \u00dajrat\u00f6lthet\u0151 \u00e9s hossz\u00fa \u00e9lettartam\u00fa. Nagy mennyis\u00e9gben rendelje meg most az Escovape-on kereszt\u00fcl.<\/p>\n<h3><a href=\"https:\/\/escovape.com\/hu\/termekkategoria\/atv-eldobhato-vape\/\">ATVS Egyhaszn\u00e1latos Vape<\/a> \u2013 F\u0151bb jellemz\u0151k<\/h3>\n<p>Az Atvs 13000 Puffs 600mAh-s akkumul\u00e1torral rendelkezik, amelyet Type-C k\u00e1bellel t\u00f6lthet. 15ml folyad\u00e9kot tartalmaz, ami k\u00f6r\u00fclbel\u00fcl 13 000 sz\u00edv\u00e1sra elegend\u0151. A h\u00e1l\u00f3sz\u00e1las tekercs biztos\u00edtja az egyenletes \u00edzt \u00e9s a p\u00e1rolg\u00e1st. Kezd\u0151k \u00e9s halad\u00f3 felhaszn\u00e1l\u00f3k sz\u00e1m\u00e1ra egyar\u00e1nt alkalmas.<\/p>\n<h3>G\u0151z\u00f6l\u0151 Nagykereskedelem \u2013 Nagy \u00e9rt\u00e9k nagy mennyis\u00e9gben<\/h3>\n<p>V\u00e1s\u00e1rolja nagy mennyis\u00e9gben az Atvs eldobhat\u00f3 vape-eket: 10 darab dobozonk\u00e9nt, 200 darab kartonk\u00e9nt. Ide\u00e1lis olyan \u00fczletek sz\u00e1m\u00e1ra, amelyeknek sok \u00fcgyfele van. Az Escovape gyorsan sz\u00e1ll\u00edt eg\u00e9sz Eur\u00f3p\u00e1ban. Alacsony \u00e1rak nagyobb rendel\u00e9sek eset\u00e9n.<\/p>\n<h3>\u00cdzek az Atvs 13000 Puffs<\/h3>\n<p>V\u00e1lasszon az al\u00e1bbi \u00edzek k\u00f6z\u00fcl:<\/p>\n<p>S\u00e1rgadinnye j\u00e9g<br \/>\n\u0150szibar\u00e1t J\u00e9g<br \/>\nVegyes Gy\u00fcm\u00f6lcs<br \/>\nEper J\u00e9g<br \/>\nGuava j\u00e9g<br \/>\nMango j\u00e9gkr\u00e9m<br \/>\nMint fagylalt<br \/>\nEper S\u00e1rgadinnye<br \/>\nLicsi fagylalt<br \/>\nK\u00e9k\u00e1fonysz\u00f6rp fagylalt<br \/>\nSz\u0151l\u0151 j\u00e9gkr\u00e9m<br \/>\nBan\u00e1n J\u00e9g<\/p>\n<h3>Mi\u00e9rt az Atvs 13000 Puffs?<\/h3>\n<p>Ez a vape k\u00f6nny\u0171 (102g) \u00e9s k\u00f6nnyen hordozhat\u00f3. Az \u00fcgyfelek szeretik a hossz\u00fa haszn\u00e1lati id\u0151t \u00e9s a k\u00f6nny\u0171 \u00fajrat\u00f6lt\u00e9si lehet\u0151s\u00e9get. Rendeljen nagy mennyis\u00e9gben most, \u00e9s k\u00edn\u00e1lja \u00fcgyfeleinek a n\u00e9pszer\u0171 v\u00e1laszt\u00e1st.<\/p>\n<p>Gyors sz\u00e1ll\u00edt\u00e1s \u00e9s megb\u00edzhat\u00f3 szolg\u00e1ltat\u00e1s<br \/>\nEscovape a vape nagykereskedelemre specializ\u00e1l\u00f3dott. Biztos\u00edtjuk a helyes sz\u00e1ll\u00edt\u00e1st \u00e9s a tiszta kommunik\u00e1ci\u00f3t. T\u00f6k\u00e9letes \u00fczletek sz\u00e1m\u00e1ra Hollandi\u00e1ban, N\u00e9metorsz\u00e1gban, Belgiumban \u00e9s Spanyolorsz\u00e1gban.<\/p>\n<h3>Rendelje meg m\u00e9g ma<\/h3>\n<p>Az Atvs 13000 Puffs okos v\u00e1laszt\u00e1s az \u00d6n k\u00e9szlet\u00e9hez. Kombin\u00e1lja a k\u00fcl\u00f6nb\u00f6z\u0151 \u00edzeket \u00e9s \u00e9lvezze a nagykereskedelmi \u00e1rak el\u0151nyeit. L\u00e1togasson el az Escovape.com oldalra \u00e9s adja le rendel\u00e9s\u00e9t.<\/p>\n<h2><img data-recalc-dims=\"1\" loading=\"lazy\" decoding=\"async\" class=\"alignnone wp-image-9673 size-full\" style=\"color: #555555;font-size: 14.4px\" src=\"https:\/\/i0.wp.com\/escovape.com\/wp-content\/uploads\/2024\/09\/Atvs-13000-Photo-1.webp?resize=1000%2C644&#038;ssl=1\" alt=\"ATV 13000 Puffs 5% Alacsony Nikotin T\u00f6lthet\u0151 Eldobhat\u00f3 Vape Pen Nagykereskedelem\" width=\"1000\" height=\"644\" title=\"\" srcset=\"https:\/\/i0.wp.com\/escovape.com\/wp-content\/uploads\/2024\/09\/Atvs-13000-Photo-1.webp?w=1000&amp;ssl=1 1000w, https:\/\/i0.wp.com\/escovape.com\/wp-content\/uploads\/2024\/09\/Atvs-13000-Photo-1.webp?resize=621%2C400&amp;ssl=1 621w, https:\/\/i0.wp.com\/escovape.com\/wp-content\/uploads\/2024\/09\/Atvs-13000-Photo-1.webp?resize=768%2C495&amp;ssl=1 768w, https:\/\/i0.wp.com\/escovape.com\/wp-content\/uploads\/2024\/09\/Atvs-13000-Photo-1.webp?resize=18%2C12&amp;ssl=1 18w, https:\/\/i0.wp.com\/escovape.com\/wp-content\/uploads\/2024\/09\/Atvs-13000-Photo-1.webp?resize=600%2C386&amp;ssl=1 600w\" sizes=\"auto, (max-width: 1000px) 100vw, 1000px\" \/><\/h2>\n<p><img data-recalc-dims=\"1\" loading=\"lazy\" decoding=\"async\" class=\"alignnone wp-image-9674 size-full\" src=\"https:\/\/i0.wp.com\/escovape.com\/wp-content\/uploads\/2024\/09\/Atvs-13000-Photo-4.webp?resize=1000%2C989&#038;ssl=1\" alt=\"ATV 13000 Puffs 5% Alacsony Nikotin T\u00f6lthet\u0151 Eldobhat\u00f3 Vape Pen Nagykereskedelem\" width=\"1000\" height=\"989\" title=\"\" srcset=\"https:\/\/i0.wp.com\/escovape.com\/wp-content\/uploads\/2024\/09\/Atvs-13000-Photo-4.webp?w=1000&amp;ssl=1 1000w, https:\/\/i0.wp.com\/escovape.com\/wp-content\/uploads\/2024\/09\/Atvs-13000-Photo-4.webp?resize=404%2C400&amp;ssl=1 404w, https:\/\/i0.wp.com\/escovape.com\/wp-content\/uploads\/2024\/09\/Atvs-13000-Photo-4.webp?resize=809%2C800&amp;ssl=1 809w, https:\/\/i0.wp.com\/escovape.com\/wp-content\/uploads\/2024\/09\/Atvs-13000-Photo-4.webp?resize=768%2C760&amp;ssl=1 768w, https:\/\/i0.wp.com\/escovape.com\/wp-content\/uploads\/2024\/09\/Atvs-13000-Photo-4.webp?resize=12%2C12&amp;ssl=1 12w, https:\/\/i0.wp.com\/escovape.com\/wp-content\/uploads\/2024\/09\/Atvs-13000-Photo-4.webp?resize=600%2C593&amp;ssl=1 600w, https:\/\/i0.wp.com\/escovape.com\/wp-content\/uploads\/2024\/09\/Atvs-13000-Photo-4.webp?resize=100%2C100&amp;ssl=1 100w\" sizes=\"auto, (max-width: 1000px) 100vw, 1000px\" \/><\/p>","protected":false},"excerpt":{"rendered":"<p>A <strong>ATV 13000 Puffs \u00dajrat\u00f6lthet\u0151 Eldobhat\u00f3 Vape Toll<\/strong>kiz\u00e1r\u00f3lagosan el\u00e9rhet\u0151 <strong>Escovape<\/strong>Ak\u00e1r 13 000 sz\u00edv\u00e1sra alkalmas, fejlett mesh coil technol\u00f3gi\u00e1val, 600mAh \u00fajrat\u00f6lthet\u0151 akkumul\u00e1torral \u00e9s pr\u00e9mium \u00edzek sz\u00e9les sk\u00e1l\u00e1j\u00e1val, \u00edgy ide\u00e1lis v\u00e1laszt\u00e1s mind a vaperek, mind a keresked\u0151k sz\u00e1m\u00e1ra, akik magas sz\u00ednvonal\u00fa, hossz\u00fa \u00e9lettartam\u00fa vape megold\u00e1sokat keresnek.<\/p>","protected":false},"featured_media":9668,"comment_status":"open","ping_status":"closed","template":"","meta":{"_lmt_disableupdate":"no","_lmt_disable":""},"product_brand":[],"product_cat":[66,86,55,136,15,139,140,141,59,145,146,147,149,61,133,42,153,154],"product_tag":[],"class_list":{"0":"post-9631","1":"product","2":"type-product","3":"status-publish","4":"has-post-thumbnail","6":"product_cat-atvs-disposable-vapes","7":"product_cat-13000-puffs-disposable-vapes","8":"product_cat-big-puffs-disposable-vapes","9":"product_cat-blueberry-flavor-disposable-vapes","10":"product_cat-disposable-vapes","11":"product_cat-grape-flavor-disposable-vapes","12":"product_cat-guava-flavor-disposable-vapes","13":"product_cat-ice-flavor-disposable-vapes","14":"product_cat-lower-nicotine-disposable-vapes","15":"product_cat-mango-flavor-disposable-vapes","16":"product_cat-mint-flavor-disposable-vapes","17":"product_cat-mixed-berries-flavor-disposable-vapes","18":"product_cat-peach-flavor-disposable-vapes","19":"product_cat-rechargeable-disposable-vapes","20":"product_cat-shop-best-disposable-vape-flavors","21":"product_cat-shop-by-puffs","22":"product_cat-strawberry-flavor-disposable-vapes","23":"product_cat-watermelon-flavor-disposable-vapes","25":"first","26":"instock","27":"shipping-taxable","28":"purchasable","29":"product-type-variable"},"jetpack_sharing_enabled":true,"_links":{"self":[{"href":"https:\/\/escovape.com\/hu\/wp-json\/wp\/v2\/product\/9631","targetHints":{"allow":["GET"]}}],"collection":[{"href":"https:\/\/escovape.com\/hu\/wp-json\/wp\/v2\/product"}],"about":[{"href":"https:\/\/escovape.com\/hu\/wp-json\/wp\/v2\/types\/product"}],"replies":[{"embeddable":true,"href":"https:\/\/escovape.com\/hu\/wp-json\/wp\/v2\/comments?post=9631"}],"wp:featuredmedia":[{"embeddable":true,"href":"https:\/\/escovape.com\/hu\/wp-json\/wp\/v2\/media\/9668"}],"wp:attachment":[{"href":"https:\/\/escovape.com\/hu\/wp-json\/wp\/v2\/media?parent=9631"}],"wp:term":[{"taxonomy":"product_brand","embeddable":true,"href":"https:\/\/escovape.com\/hu\/wp-json\/wp\/v2\/product_brand?post=9631"},{"taxonomy":"product_cat","embeddable":true,"href":"https:\/\/escovape.com\/hu\/wp-json\/wp\/v2\/product_cat?post=9631"},{"taxonomy":"product_tag","embeddable":true,"href":"https:\/\/escovape.com\/hu\/wp-json\/wp\/v2\/product_tag?post=9631"}],"curies":[{"name":"wp","href":"https:\/\/api.w.org\/{rel}","templated":true}]}}