{"id":12632,"date":"2024-10-28T14:10:41","date_gmt":"2024-10-28T14:10:41","guid":{"rendered":"https:\/\/escovape.com\/?post_type=product&#038;p=12632"},"modified":"2025-04-11T02:09:07","modified_gmt":"2025-04-11T02:09:07","slug":"mrvi-dragon-13000-sbuffi-schermo-digitale-a-doppia-maglia-2-5-penna-per-vapori-usa-e-getta-ricaricabile-a-bassa-nicotina-allingrosso-acquistare-allingrosso","status":"publish","type":"product","link":"https:\/\/escovape.com\/it\/product\/mrvi-dragon-13000-puffs-dual-mesh-digital-screen-2-5-low-nicotine-rechargeable-disposable-vapes-pen-bulk-buy-wholesale\/","title":{"rendered":"MRVI Dragon 13000 Puffs Dual Mesh Digital Screen 2% 5% Sigarette elettroniche monouso ricaricabili a basso contenuto di nicotina Acquisto all'ingrosso in grandi quantit\u00e0"},"content":{"rendered":"<h2>MRVI Dragon 13000 Puffs \u2013 Scopri la potenza del vaping di lunga durata<\/h2>\n<h3><a href=\"https:\/\/escovape.com\/it\/categoria-di-prodotto\/vaporizzatori-usa-e-getta-mrvi\/\">MRVI Disposable Vapes diventa \nMRVI Vape monouso<\/a> Perfetto per chi ama la comodit\u00e0<\/h3>\n<p>Il MRVI Dragon 13000 Puffs \u00e8 una potente vaporizzatore per chiunque voglia godere a lungo. Con una bobina a doppia maglia e un grande serbatoio per liquido, il sapore rimane sempre buono. Su Escovape, puoi trovare questo vaporizzatore nei Paesi Bassi, in Germania, in Belgio e in Spagna. Ideale per negozi e commercio all'ingrosso.<\/p>\n<h3>Come funziona l'MRVI Dragon 13000 Puffs?<\/h3>\n<p>Grande serbatoio: 20 ml di liquido, quindi non \u00e8 necessario sostituirlo cos\u00ec spesso.<br \/>\nFortissima batteria: 650mAh con caricabatterie Type-C, ricarica rapida.<br \/>\nDue modalit\u00e0: Modalit\u00e0 Pulse (6500 soffiate) e Modalit\u00e0 Regolare (13000 soffiate).<br \/>\nDisplay digitale: vedere sempre la batteria e quante boccate ti rimangono.<br \/>\nDesign leggero: Facile da trasportare con te.<\/p>\n<h3>Vape all'ingrosso \u2013 Confezionamento comodo<\/h3>\n<p>1 pezzo per scatola.<br \/>\n10 scatole per display.<br \/>\n200 pezzi per cartone (peso: 19 kg, dimensioni: 60x32x23 cm).<\/p>\n<h3>Opzioni di sapore per MRVI Dragon 13000 Puffs<\/h3>\n<p>Scegli tra questi gusti:<\/p>\n<p>Melo Fragola (No, wait)  Fragola Anguria<br \/>\nGelato pesca<br \/>\nGhiaccio Blue Razz<br \/>\nGelato alla Fragola<br \/>\nGhiaccio di anguria<br \/>\nGhiaccio alla Ciliegia<br \/>\nGelato di Mirtillo<br \/>\nGhiaccio d'uva<br \/>\nFrutta di bosco mista<br \/>\nFragola Mango<\/p>\n<h3>Perch\u00e9 scegliere Escovape?<\/h3>\n<p>Qualit\u00e0 affidabile: Prodotti sempre buoni.<br \/>\nPrezzi affilati: Economico per la vendita all'ingrosso.<br \/>\nConsegna rapida: Consegna a domicilio rapida.<\/p>\n<h3>Ordina ora MRVI Dragon 13000 Puffs.<\/h3>\n<p>Per rivenditori al dettaglio e all'ingrosso: assicurati di avere il magazzino pieno. Scegli tra molti sapori e goditi la facilit\u00e0 di ordinazione su Escovape.<\/p>\n<div style=\"width: 720px;\" class=\"wp-video\"><video class=\"wp-video-shortcode\" id=\"video-12632-1\" width=\"720\" height=\"1280\" preload=\"metadata\" controls=\"controls\"><source type=\"video\/mp4\" src=\"https:\/\/escovape.com\/wp-content\/uploads\/2024\/10\/MRVI-Dragon-13000-Puffs-Dual-Mesh-Digital-Screen-2-5-Low-Nicotine-Rechargeable-2.mp4?_=1\" \/><a href=\"https:\/\/escovape.com\/wp-content\/uploads\/2024\/10\/MRVI-Dragon-13000-Puffs-Dual-Mesh-Digital-Screen-2-5-Low-Nicotine-Rechargeable-2.mp4\">https:\/\/escovape.com\/wp-content\/uploads\/2024\/10\/MRVI-Dragon-13000-Puffs-Dual-Mesh-Digital-Screen-2-5-Low-Nicotine-Rechargeable-2.mp4<\/a><\/video><\/div>\n<p><img data-recalc-dims=\"1\" loading=\"lazy\" decoding=\"async\" class=\"alignnone wp-image-12646 size-full\" src=\"https:\/\/i0.wp.com\/escovape.com\/wp-content\/uploads\/2024\/10\/MRVI-Dragon-13000-Puffs-Dual-Mesh-Digital-Screen-2-5-Low-Nicotine-Rechargeable-14.webp?resize=1020%2C2373&#038;ssl=1\" alt=\"MRVI Dragon 13000 Puffs Dual Mesh Digital Screen 2% 5% Sigarette elettroniche monouso ricaricabili a basso contenuto di nicotina Acquisto all&#039;ingrosso in grandi quantit\u00e0\" width=\"1020\" height=\"2373\" title=\"\" srcset=\"https:\/\/i0.wp.com\/escovape.com\/wp-content\/uploads\/2024\/10\/MRVI-Dragon-13000-Puffs-Dual-Mesh-Digital-Screen-2-5-Low-Nicotine-Rechargeable-14.webp?w=1060&amp;ssl=1 1060w, https:\/\/i0.wp.com\/escovape.com\/wp-content\/uploads\/2024\/10\/MRVI-Dragon-13000-Puffs-Dual-Mesh-Digital-Screen-2-5-Low-Nicotine-Rechargeable-14.webp?resize=172%2C400&amp;ssl=1 172w, https:\/\/i0.wp.com\/escovape.com\/wp-content\/uploads\/2024\/10\/MRVI-Dragon-13000-Puffs-Dual-Mesh-Digital-Screen-2-5-Low-Nicotine-Rechargeable-14.webp?resize=344%2C800&amp;ssl=1 344w, https:\/\/i0.wp.com\/escovape.com\/wp-content\/uploads\/2024\/10\/MRVI-Dragon-13000-Puffs-Dual-Mesh-Digital-Screen-2-5-Low-Nicotine-Rechargeable-14.webp?resize=768%2C1787&amp;ssl=1 768w, https:\/\/i0.wp.com\/escovape.com\/wp-content\/uploads\/2024\/10\/MRVI-Dragon-13000-Puffs-Dual-Mesh-Digital-Screen-2-5-Low-Nicotine-Rechargeable-14.webp?resize=660%2C1536&amp;ssl=1 660w, https:\/\/i0.wp.com\/escovape.com\/wp-content\/uploads\/2024\/10\/MRVI-Dragon-13000-Puffs-Dual-Mesh-Digital-Screen-2-5-Low-Nicotine-Rechargeable-14.webp?resize=880%2C2048&amp;ssl=1 880w, https:\/\/i0.wp.com\/escovape.com\/wp-content\/uploads\/2024\/10\/MRVI-Dragon-13000-Puffs-Dual-Mesh-Digital-Screen-2-5-Low-Nicotine-Rechargeable-14.webp?resize=5%2C12&amp;ssl=1 5w, https:\/\/i0.wp.com\/escovape.com\/wp-content\/uploads\/2024\/10\/MRVI-Dragon-13000-Puffs-Dual-Mesh-Digital-Screen-2-5-Low-Nicotine-Rechargeable-14.webp?resize=600%2C1396&amp;ssl=1 600w\" sizes=\"auto, (max-width: 1020px) 100vw, 1020px\" \/><\/p>","protected":false},"excerpt":{"rendered":"<p>Il pennino vaporizzatore monouso MRVI Dragon 13000 Puffs, disponibile presso <a href=\"https:\/\/escovape.com\/it\/\" target=\"_new\" rel=\"noopener\">Escovape<\/a>offre un'esperienza di svapo premium con 13000 tiri, tecnologia a doppia bobina mesh, batteria ricaricabile e una variet\u00e0 di sapori ricchi, perfetta per grossisti e appassionati di svapo che cercano qualit\u00e0 e longevit\u00e0.<\/p>","protected":false},"featured_media":12647,"comment_status":"open","ping_status":"closed","template":"","meta":{"_lmt_disableupdate":"no","_lmt_disable":""},"product_brand":[],"product_cat":[85,86,55,135,136,137,57,15,58,139,141,59,145,147,149,151,61,133,42,153,154],"product_tag":[],"class_list":{"0":"post-12632","1":"product","2":"type-product","3":"status-publish","4":"has-post-thumbnail","6":"product_cat-mrvi-disposable-vapes","7":"product_cat-13000-puffs-disposable-vapes","8":"product_cat-big-puffs-disposable-vapes","9":"product_cat-blue-razz-flavor-disposable-vapes","10":"product_cat-blueberry-flavor-disposable-vapes","11":"product_cat-cherry-flavor-disposable-vapes","12":"product_cat-digital-box-disposable-vapes","13":"product_cat-disposable-vapes","14":"product_cat-dual-mesh-disposable-vapes","15":"product_cat-grape-flavor-disposable-vapes","16":"product_cat-ice-flavor-disposable-vapes","17":"product_cat-lower-nicotine-disposable-vapes","18":"product_cat-mango-flavor-disposable-vapes","19":"product_cat-mixed-berries-flavor-disposable-vapes","20":"product_cat-peach-flavor-disposable-vapes","21":"product_cat-raspberry-flavor-disposable-vapes","22":"product_cat-rechargeable-disposable-vapes","23":"product_cat-shop-best-disposable-vape-flavors","24":"product_cat-shop-by-puffs","25":"product_cat-strawberry-flavor-disposable-vapes","26":"product_cat-watermelon-flavor-disposable-vapes","28":"first","29":"outofstock","30":"shipping-taxable","31":"product-type-variable"},"jetpack_sharing_enabled":true,"_links":{"self":[{"href":"https:\/\/escovape.com\/it\/wp-json\/wp\/v2\/product\/12632","targetHints":{"allow":["GET"]}}],"collection":[{"href":"https:\/\/escovape.com\/it\/wp-json\/wp\/v2\/product"}],"about":[{"href":"https:\/\/escovape.com\/it\/wp-json\/wp\/v2\/types\/product"}],"replies":[{"embeddable":true,"href":"https:\/\/escovape.com\/it\/wp-json\/wp\/v2\/comments?post=12632"}],"wp:featuredmedia":[{"embeddable":true,"href":"https:\/\/escovape.com\/it\/wp-json\/wp\/v2\/media\/12647"}],"wp:attachment":[{"href":"https:\/\/escovape.com\/it\/wp-json\/wp\/v2\/media?parent=12632"}],"wp:term":[{"taxonomy":"product_brand","embeddable":true,"href":"https:\/\/escovape.com\/it\/wp-json\/wp\/v2\/product_brand?post=12632"},{"taxonomy":"product_cat","embeddable":true,"href":"https:\/\/escovape.com\/it\/wp-json\/wp\/v2\/product_cat?post=12632"},{"taxonomy":"product_tag","embeddable":true,"href":"https:\/\/escovape.com\/it\/wp-json\/wp\/v2\/product_tag?post=12632"}],"curies":[{"name":"wp","href":"https:\/\/api.w.org\/{rel}","templated":true}]}}