{"id":141,"date":"2024-04-08T06:55:44","date_gmt":"2024-04-08T06:55:44","guid":{"rendered":"https:\/\/escovape.com\/?post_type=product&#038;p=141"},"modified":"2025-04-12T08:43:02","modified_gmt":"2025-04-12T08:43:02","slug":"zgar-ice-box-8000-puff-2-nicotina-ricaricabile-monouso-vape-allingrosso","status":"publish","type":"product","link":"https:\/\/escovape.com\/it\/product\/zgar-ice-box-8000-puffs-2-nicotine-rechargeable-disposable-vape-wholesale\/","title":{"rendered":"ZGAR ICE BOX 8000 Puffs 2% Nicotina Ricaricabile Monouso Vape all'ingrosso"},"content":{"rendered":"<h2>ZGAR ICE BOX 8000 Puffs<\/h2>\n<p>Scopri <a href=\"https:\/\/escovape.com\/it\/categoria-di-prodotto\/zgar\/\">ZGAR<\/a> ICE BOX 8000, un moderno dispositivo di svapo monouso disponibile esclusivamente presso Escovape. Questo dispositivo \u00e8 perfetto per coloro che amano la semplicit\u00e0 e la qualit\u00e0. Offre fino a 8000 tiri e contiene 2% di nicotina. L'ICE BOX 8000 presenta un design elegante e una batteria potente da 500mAh, permettendoti di svapare a lungo senza doverla ricaricare.<br \/>\nCon 15 diversi sapori, c'\u00e8 qualcosa per tutti. Dalla soda cola frizzante al dolce guava, ogni sapore sembra un piacere sulla tua lingua. L'ICE BOX 8000 \u00e8 prodotto da ZGAR, un marchio noto che garantisce la qualit\u00e0.<\/p>\n<h2>ZGAR ICE BOX 8000 Puffs Caratteristiche<\/h2>\n<p>ZGAR<br \/>\nModello: ICE BOX 8000<br \/>\nProdotti in: Shenzhen, Cina<br \/>\nSapore: 15 sapori unici<br \/>\nBatteria: 500mAh<br \/>\nNicotina:2%<br \/>\nNuvole: 8000<\/p>\n<h2>Lista dei sapori<\/h2>\n<p>Cola Fizz: Cola frizzante con un tocco fresco.<br \/>\nSucco d'uva: Sapor di uva dolce.<br \/>\nSucco di guava: Guava tropicale.<br \/>\nT\u00e8 Iced Jasmine Longjing: T\u00e8 di gelsomino fresco.<br \/>\nLimonata ghiacciata: Limonata fredda.<br \/>\nT\u00e8 al limone freddo: T\u00e8 al limone fresco.<br \/>\nSucco di Litchi Freddo: Dolce litchi.<br \/>\nFagiolo Mung al gelo: sapore morbido di fagiolo.<br \/>\nT\u00e8 Iced Tie Guanyin: buonissimo sapore di t\u00e8.<br \/>\nAnguria fredda: Anguria fresca e fredda.<br \/>\nIce Pop: miscela per gelato.<br \/>\nArancia Fizz: scorza di arancia.<br \/>\nArancia con Twist di Menta: Arancia con menta.<br \/>\nPineapple Arancia: Misto tropicale.<br \/>\nMais dolce<\/p>\n<h3>Vapore all'ingrosso<\/h3>\n<p>Il ZGAR ICE BOX 8000 \u00e8 ideale per il commercio all'ingrosso. \u00c8 una scelta affidabile per coloro che hanno bisogno di molte svapare. Con prestazioni elevate e sapori deliziosi, soddisfa tutte le aspettative.<br \/>\nScegli ZGAR ICE BOX 8000 per un'esperienza di svapo semplice e gustosa. Scopritelo ora su Escovape!<\/p>\n<p><img data-recalc-dims=\"1\" loading=\"lazy\" decoding=\"async\" class=\"alignnone wp-image-2307 size-full\" src=\"https:\/\/i0.wp.com\/escovape.com\/wp-content\/uploads\/2024\/04\/ZGAR_ICE_BOX_8000_Puffs_27.jpg?resize=1020%2C1020&#038;ssl=1\" alt=\"ZGAR ICE BOX 8000 Puffs 2% Nicotina Ricaricabile Monouso Vape all&#039;ingrosso\" width=\"1020\" height=\"1020\" title=\"\" srcset=\"https:\/\/i0.wp.com\/escovape.com\/wp-content\/uploads\/2024\/04\/ZGAR_ICE_BOX_8000_Puffs_27.jpg?w=2000&amp;ssl=1 2000w, https:\/\/i0.wp.com\/escovape.com\/wp-content\/uploads\/2024\/04\/ZGAR_ICE_BOX_8000_Puffs_27.jpg?resize=300%2C300&amp;ssl=1 300w, https:\/\/i0.wp.com\/escovape.com\/wp-content\/uploads\/2024\/04\/ZGAR_ICE_BOX_8000_Puffs_27.jpg?resize=100%2C100&amp;ssl=1 100w, https:\/\/i0.wp.com\/escovape.com\/wp-content\/uploads\/2024\/04\/ZGAR_ICE_BOX_8000_Puffs_27.jpg?resize=600%2C600&amp;ssl=1 600w, https:\/\/i0.wp.com\/escovape.com\/wp-content\/uploads\/2024\/04\/ZGAR_ICE_BOX_8000_Puffs_27.jpg?resize=400%2C400&amp;ssl=1 400w, https:\/\/i0.wp.com\/escovape.com\/wp-content\/uploads\/2024\/04\/ZGAR_ICE_BOX_8000_Puffs_27.jpg?resize=800%2C800&amp;ssl=1 800w, https:\/\/i0.wp.com\/escovape.com\/wp-content\/uploads\/2024\/04\/ZGAR_ICE_BOX_8000_Puffs_27.jpg?resize=280%2C280&amp;ssl=1 280w, https:\/\/i0.wp.com\/escovape.com\/wp-content\/uploads\/2024\/04\/ZGAR_ICE_BOX_8000_Puffs_27.jpg?resize=768%2C768&amp;ssl=1 768w, https:\/\/i0.wp.com\/escovape.com\/wp-content\/uploads\/2024\/04\/ZGAR_ICE_BOX_8000_Puffs_27.jpg?resize=1536%2C1536&amp;ssl=1 1536w, https:\/\/i0.wp.com\/escovape.com\/wp-content\/uploads\/2024\/04\/ZGAR_ICE_BOX_8000_Puffs_27.jpg?resize=12%2C12&amp;ssl=1 12w\" sizes=\"auto, (max-width: 1020px) 100vw, 1020px\" \/> <img data-recalc-dims=\"1\" loading=\"lazy\" decoding=\"async\" class=\"alignnone wp-image-2306 size-full\" src=\"https:\/\/i0.wp.com\/escovape.com\/wp-content\/uploads\/2024\/04\/ZGAR_ICE_BOX_8000_Puffs_23.jpg.webp?resize=1020%2C1020&#038;ssl=1\" alt=\"ZGAR ICE BOX 8000 Puffs 2% Nicotina Ricaricabile Monouso Vape all&#039;ingrosso\" width=\"1020\" height=\"1020\" title=\"\" srcset=\"https:\/\/i0.wp.com\/escovape.com\/wp-content\/uploads\/2024\/04\/ZGAR_ICE_BOX_8000_Puffs_23.jpg.webp?w=2000&amp;ssl=1 2000w, https:\/\/i0.wp.com\/escovape.com\/wp-content\/uploads\/2024\/04\/ZGAR_ICE_BOX_8000_Puffs_23.jpg.webp?resize=300%2C300&amp;ssl=1 300w, https:\/\/i0.wp.com\/escovape.com\/wp-content\/uploads\/2024\/04\/ZGAR_ICE_BOX_8000_Puffs_23.jpg.webp?resize=100%2C100&amp;ssl=1 100w, https:\/\/i0.wp.com\/escovape.com\/wp-content\/uploads\/2024\/04\/ZGAR_ICE_BOX_8000_Puffs_23.jpg.webp?resize=600%2C600&amp;ssl=1 600w, https:\/\/i0.wp.com\/escovape.com\/wp-content\/uploads\/2024\/04\/ZGAR_ICE_BOX_8000_Puffs_23.jpg.webp?resize=400%2C400&amp;ssl=1 400w, https:\/\/i0.wp.com\/escovape.com\/wp-content\/uploads\/2024\/04\/ZGAR_ICE_BOX_8000_Puffs_23.jpg.webp?resize=800%2C800&amp;ssl=1 800w, https:\/\/i0.wp.com\/escovape.com\/wp-content\/uploads\/2024\/04\/ZGAR_ICE_BOX_8000_Puffs_23.jpg.webp?resize=280%2C280&amp;ssl=1 280w, https:\/\/i0.wp.com\/escovape.com\/wp-content\/uploads\/2024\/04\/ZGAR_ICE_BOX_8000_Puffs_23.jpg.webp?resize=768%2C768&amp;ssl=1 768w, https:\/\/i0.wp.com\/escovape.com\/wp-content\/uploads\/2024\/04\/ZGAR_ICE_BOX_8000_Puffs_23.jpg.webp?resize=1536%2C1536&amp;ssl=1 1536w, https:\/\/i0.wp.com\/escovape.com\/wp-content\/uploads\/2024\/04\/ZGAR_ICE_BOX_8000_Puffs_23.jpg.webp?resize=12%2C12&amp;ssl=1 12w\" sizes=\"auto, (max-width: 1020px) 100vw, 1020px\" \/><\/p>","protected":false},"excerpt":{"rendered":"<p>Il ZGAR ICE BOX 8000 \u00e8 un kit di svapo monouso premium che offre 8.000 tiri, contenuto di nicotina 2%, design elegante e 15 sapori unici, rivolto agli appassionati di svapo che cercano comodit\u00e0 ed esperienze di svapo eccezionali.<\/p>","protected":false},"featured_media":2294,"comment_status":"open","ping_status":"closed","template":"","meta":{"_lmt_disableupdate":"no","_lmt_disable":""},"product_brand":[],"product_cat":[25,134,138,15,139,140,141,143,146,150,133,154],"product_tag":[],"class_list":{"0":"post-141","1":"product","2":"type-product","3":"status-publish","4":"has-post-thumbnail","6":"product_cat-zgar","7":"product_cat-apple-flavor-disposable-vapes","8":"product_cat-cola-flavor-disposable-vapes","9":"product_cat-disposable-vapes","10":"product_cat-grape-flavor-disposable-vapes","11":"product_cat-guava-flavor-disposable-vapes","12":"product_cat-ice-flavor-disposable-vapes","13":"product_cat-lemon-flavor-disposable-vapes","14":"product_cat-mint-flavor-disposable-vapes","15":"product_cat-pineapple-flavor-disposable-vapes","16":"product_cat-shop-best-disposable-vape-flavors","17":"product_cat-watermelon-flavor-disposable-vapes","19":"first","20":"instock","21":"shipping-taxable","22":"purchasable","23":"product-type-variable"},"jetpack_sharing_enabled":true,"_links":{"self":[{"href":"https:\/\/escovape.com\/it\/wp-json\/wp\/v2\/product\/141","targetHints":{"allow":["GET"]}}],"collection":[{"href":"https:\/\/escovape.com\/it\/wp-json\/wp\/v2\/product"}],"about":[{"href":"https:\/\/escovape.com\/it\/wp-json\/wp\/v2\/types\/product"}],"replies":[{"embeddable":true,"href":"https:\/\/escovape.com\/it\/wp-json\/wp\/v2\/comments?post=141"}],"wp:featuredmedia":[{"embeddable":true,"href":"https:\/\/escovape.com\/it\/wp-json\/wp\/v2\/media\/2294"}],"wp:attachment":[{"href":"https:\/\/escovape.com\/it\/wp-json\/wp\/v2\/media?parent=141"}],"wp:term":[{"taxonomy":"product_brand","embeddable":true,"href":"https:\/\/escovape.com\/it\/wp-json\/wp\/v2\/product_brand?post=141"},{"taxonomy":"product_cat","embeddable":true,"href":"https:\/\/escovape.com\/it\/wp-json\/wp\/v2\/product_cat?post=141"},{"taxonomy":"product_tag","embeddable":true,"href":"https:\/\/escovape.com\/it\/wp-json\/wp\/v2\/product_tag?post=141"}],"curies":[{"name":"wp","href":"https:\/\/api.w.org\/{rel}","templated":true}]}}