{"id":33216,"date":"2025-09-20T02:47:40","date_gmt":"2025-09-20T02:47:40","guid":{"rendered":"https:\/\/escovape.com\/?post_type=product&#038;p=33216"},"modified":"2025-09-22T09:19:05","modified_gmt":"2025-09-22T09:19:05","slug":"bang-legend-85k-puff-ds-k058-tre-sapori-premium-vaporizzatori-usa-e-getta-ricaricabili-a-basso-contenuto-di-nicotina-acquisto-in-bulk-allingrosso","status":"publish","type":"product","link":"https:\/\/escovape.com\/it\/product\/bang-legend-85k-puffs-dsk058-three-flavor-premium-rechargeable-disposable-vapes-low-nicotine-bulk-buy-wholesale\/","title":{"rendered":"BANG LEGEND 85K Puffs DSK058 Tre Sapori Premium Vape Monouso Ricaricabili Basso Contenuto di Nicotina Acquisto in Massa all'Ingrosso"},"content":{"rendered":"<h1 data-start=\"181\" data-end=\"296\"><a href=\"https:\/\/escovape.com\/it\/categoria-di-prodotto\/botto\/\">BANG LEGEND<\/a> 85K Puffs DSK058 Descrizione<\/h1>\n<p data-start=\"324\" data-end=\"767\">Il BANG LEGEND 85K Puffs DSK058 \u00e8 un dispositivo di svapo monouso ad alta capacit\u00e0 progettato per i vapers che desiderano variet\u00e0, resistenza e praticit\u00e0 in un unico dispositivo. Ogni unit\u00e0 viene fornita pre-riempita con tre sapori unici, consentendo agli utenti di passare facilmente da un gusto all'altro senza dover trasportare pi\u00f9 dispositivi. Con un impressionante 85.000 tiri, una batteria ricaricabile da 850 mAh e ricarica rapida di tipo C, questo dispositivo offre sia potenza che prestazioni.<\/p>\n<p data-start=\"769\" data-end=\"998\">In Escovape, la piattaforma di commercio all'ingrosso online europea di fiducia per le sigarette elettroniche usa e getta, puoi acquistare in bulk il BANG LEGEND 85K Puffs DSK058 a prezzi competitivi, garantendo che i tuoi clienti ottengano prodotti autentici, a basso contenuto di nicotina e di lunga durata.<\/p>\n<hr data-start=\"1000\" data-end=\"1003\" \/>\n<h2 data-start=\"1005\" data-end=\"1022\">Funzionalit\u00e0 Principali<\/h2>\n<ul data-start=\"1024\" data-end=\"1676\">\n<li data-start=\"1024\" data-end=\"1083\">\n<p data-start=\"1026\" data-end=\"1083\">Massive Puff Count \u2013 Fino a 85.000 puff per dispositivo.<\/p>\n<\/li>\n<li data-start=\"1084\" data-end=\"1168\">\n<p data-start=\"1086\" data-end=\"1168\">Tre sapori in un unico dispositivo: goditi la variet\u00e0 senza dover portare con te pi\u00f9 vaporizzatori.<\/p>\n<\/li>\n<li data-start=\"1169\" data-end=\"1269\">\n<p data-start=\"1171\" data-end=\"1269\">Batteria ricaricabile - Costruita con una batteria da 850mAh, facilmente alimentata tramite ricarica di tipo C.<\/p>\n<\/li>\n<li data-start=\"1270\" data-end=\"1367\">\n<p data-start=\"1272\" data-end=\"1367\">Esperienza fluida \u2013 La resistenza di 1,2 \u03a9 garantisce una produzione di vapore costante e un sapore ricco.<\/p>\n<\/li>\n<li data-start=\"1368\" data-end=\"1439\">\n<p data-start=\"1370\" data-end=\"1439\">Supporto OEM\/ODM - Adatto per branding personalizzato e ordini in grandi quantit\u00e0.<\/p>\n<\/li>\n<li data-start=\"1440\" data-end=\"1516\">\n<p data-start=\"1442\" data-end=\"1516\">Dimensioni e peso convenienti - Portatile ma resistente (~125 g per dispositivo).<\/p>\n<\/li>\n<li data-start=\"1517\" data-end=\"1585\">\n<p data-start=\"1519\" data-end=\"1585\">Pronto all'ingrosso \u2013 Confezionamento ottimizzato per la distribuzione in massa.<\/p>\n<\/li>\n<li data-start=\"1586\" data-end=\"1676\">\n<p data-start=\"1588\" data-end=\"1676\">Opzioni a basso contenuto di nicotina - Progettate per soddisfare le normative UE e le diverse esigenze dei clienti.<\/p>\n<\/li>\n<\/ul>\n<hr data-start=\"1678\" data-end=\"1681\" \/>\n<h2 data-start=\"1683\" data-end=\"1702\">Opzioni di sapore<\/h2>\n<p data-start=\"1704\" data-end=\"1824\">La BANG LEGEND 85K Puffs DSK058 offre un'ampia variet\u00e0 di combinazioni di tre sapori, garantendo qualcosa per ogni gusto:<\/p>\n<ol data-start=\"1826\" data-end=\"2628\">\n<li data-start=\"1826\" data-end=\"1880\">\n<p data-start=\"1829\" data-end=\"1880\">Ghiaccio d'uva \/ Kiwi Fragola \/ Guava Passion Fruit<\/p>\n<\/li>\n<li data-start=\"1881\" data-end=\"1939\">\n<p data-start=\"1884\" data-end=\"1939\">Fragola Ghiaccio \/ Limone Arancia \/ Gomma da Masticare Anguria<\/p>\n<\/li>\n<li data-start=\"1940\" data-end=\"1987\">\n<p data-start=\"1943\" data-end=\"1987\">Acqua di anguria \/ Pesca Mango \/ Soda d'arancia<\/p>\n<\/li>\n<li data-start=\"1988\" data-end=\"2044\">\n<p data-start=\"1991\" data-end=\"2044\">Pineapple Ice \/ Red Bull Fragola \/ Frutta Mista<\/p>\n<\/li>\n<li data-start=\"2045\" data-end=\"2104\">\n<p data-start=\"2048\" data-end=\"2104\">Red Bull \/ Miele di Succo di Anguria Blu \/ Gelato al Fragola<\/p>\n<\/li>\n<li data-start=\"2105\" data-end=\"2148\">\n<p data-start=\"2108\" data-end=\"2148\">Coca Cola ghiacciata \/ Mela Pesca \/ Limonata Rosa<\/p>\n<\/li>\n<li data-start=\"2149\" data-end=\"2201\">\n<p data-start=\"2152\" data-end=\"2201\">Banana Gelato \/ Fragola Anguria \/ Orso Gommoso<\/p>\n<\/li>\n<li data-start=\"2202\" data-end=\"2248\">\n<p data-start=\"2205\" data-end=\"2248\">Mirtillo Ghiaccio \/ Blue Razz \/ Pera Fragrante<\/p>\n<\/li>\n<li data-start=\"2249\" data-end=\"2302\">\n<p data-start=\"2252\" data-end=\"2302\">Frutta Mista \/ Mojito Pesca \/ Mirtillo Lampone<\/p>\n<\/li>\n<li data-start=\"2303\" data-end=\"2354\">\n<p data-start=\"2307\" data-end=\"2354\">Drago Nero Ghiaccio \/ Marshmallow \/ Sogno Estivo<\/p>\n<\/li>\n<li data-start=\"2355\" data-end=\"2417\">\n<p data-start=\"2359\" data-end=\"2417\">Fragola Mirtillo \/ Ribes Nero \/ Fragola Banana<\/p>\n<\/li>\n<li data-start=\"2418\" data-end=\"2478\">\n<p data-start=\"2422\" data-end=\"2478\">Fragola Anguria \/ Cherry Coke \/ Crema di Fragola<\/p>\n<\/li>\n<li data-start=\"2479\" data-end=\"2534\">\n<p data-start=\"2483\" data-end=\"2534\">Ghiaccio Mela Rossa \/ Frutta di Lampone e Anguria \/ Aloe e Uva<\/p>\n<\/li>\n<li data-start=\"2535\" data-end=\"2583\">\n<p data-start=\"2539\" data-end=\"2583\">Ciliegia Mirtillo \/ Pesca Mango \/ Ananas<\/p>\n<\/li>\n<li data-start=\"2584\" data-end=\"2628\">\n<p data-start=\"2588\" data-end=\"2628\">Love 666 \/ Mirtillo Lampone \/ Vlmto<\/p>\n<\/li>\n<\/ol>\n<hr data-start=\"2630\" data-end=\"2633\" \/>\n<h2 data-start=\"2635\" data-end=\"2664\">Specifiche all'ingrosso<\/h2>\n<ul data-start=\"2666\" data-end=\"2890\">\n<li data-start=\"2666\" data-end=\"2687\">\n<p data-start=\"2668\" data-end=\"2687\">Puffs: 85.000<\/p>\n<\/li>\n<li data-start=\"2688\" data-end=\"2734\">\n<p data-start=\"2690\" data-end=\"2734\">Batteria: 850mAh (ricaricabile, Type-C)<\/p>\n<\/li>\n<li data-start=\"2735\" data-end=\"2760\">\n<p data-start=\"2737\" data-end=\"2760\">Resistenza: 1,2 \u03a9<\/p>\n<\/li>\n<li data-start=\"2761\" data-end=\"2790\">\n<p data-start=\"2763\" data-end=\"2790\">Peso singolo: ~125 g<\/p>\n<\/li>\n<li data-start=\"2791\" data-end=\"2822\">\n<p data-start=\"2793\" data-end=\"2822\">10 pezzi Peso: ~1307 g<\/p>\n<\/li>\n<li data-start=\"2823\" data-end=\"2890\">\n<p data-start=\"2825\" data-end=\"2890\">Dimensioni della scatola: 51 \u00d7 50 \u00d7 28 cm (200 pezzi, ~28 kg peso lordo)<\/p>\n<\/li>\n<\/ul>\n<hr data-start=\"2892\" data-end=\"2895\" \/>\n<h2 data-start=\"2897\" data-end=\"2923\">Perch\u00e9 acquistare da <a href=\"https:\/\/escovape.com\/it\/\">Escovape<\/a><\/h2>\n<ul data-start=\"2925\" data-end=\"3284\">\n<li data-start=\"2925\" data-end=\"2994\">\n<p data-start=\"2927\" data-end=\"2994\">Prodotti Originali - Dispositivi BANG LEGEND garantiti autentici.<\/p>\n<\/li>\n<li data-start=\"2995\" data-end=\"3062\">\n<p data-start=\"2997\" data-end=\"3062\">Prezzi all'ingrosso - Progettato per acquirenti all'ingrosso in tutta Europa.<\/p>\n<\/li>\n<li data-start=\"3063\" data-end=\"3134\">\n<p data-start=\"3065\" data-end=\"3134\">Opzioni a basso contenuto di nicotina - Ampiamente accettate e conformi alle normative.<\/p>\n<\/li>\n<li data-start=\"3135\" data-end=\"3206\">\n<p data-start=\"3137\" data-end=\"3206\">Distribuzione rapida nell'UE - Consegna affidabile e supporto all'ingrosso.<\/p>\n<\/li>\n<li data-start=\"3207\" data-end=\"3284\">\n<p data-start=\"3209\" data-end=\"3284\">Fornitore affidabile - Escovape si specializza nella vendita all'ingrosso di sigarette elettroniche usa e getta.<\/p>\n<\/li>\n<\/ul>\n<hr data-start=\"3286\" data-end=\"3289\" \/>\n<p data-start=\"3291\" data-end=\"3460\">Acquista ora il BANG LEGEND 85K Puffs DSK058 Disposable Vape a tre sapori su Escovape, la piattaforma di vendita all'ingrosso online affidabile d'Europa per sigarette elettroniche monouso premium.<\/p>\n<p data-start=\"3291\" data-end=\"3460\"><img data-recalc-dims=\"1\" loading=\"lazy\" decoding=\"async\" class=\"alignnone wp-image-33281 size-full\" src=\"https:\/\/i0.wp.com\/escovape.com\/wp-content\/uploads\/2025\/09\/BNAG-LEGEND-85K-Puffs-DSK058-Three-Flavor-Premium-Rechargeable-Disposable-Vapes-Low-Nicotine-Bulk-Buy-Wholesale-1-scaled.webp?resize=1020%2C2040&#038;ssl=1\" alt=\"BANG LEGEND 85K Puffs DSK058 Tre Sapori Premium Vape Monouso Ricaricabili Basso Contenuto di Nicotina Acquisto in Massa all&#039;Ingrosso\" width=\"1020\" height=\"2040\" title=\"\" srcset=\"https:\/\/i0.wp.com\/escovape.com\/wp-content\/uploads\/2025\/09\/BNAG-LEGEND-85K-Puffs-DSK058-Three-Flavor-Premium-Rechargeable-Disposable-Vapes-Low-Nicotine-Bulk-Buy-Wholesale-1-scaled.webp?w=1280&amp;ssl=1 1280w, https:\/\/i0.wp.com\/escovape.com\/wp-content\/uploads\/2025\/09\/BNAG-LEGEND-85K-Puffs-DSK058-Three-Flavor-Premium-Rechargeable-Disposable-Vapes-Low-Nicotine-Bulk-Buy-Wholesale-1-scaled.webp?resize=200%2C400&amp;ssl=1 200w, https:\/\/i0.wp.com\/escovape.com\/wp-content\/uploads\/2025\/09\/BNAG-LEGEND-85K-Puffs-DSK058-Three-Flavor-Premium-Rechargeable-Disposable-Vapes-Low-Nicotine-Bulk-Buy-Wholesale-1-scaled.webp?resize=400%2C800&amp;ssl=1 400w, https:\/\/i0.wp.com\/escovape.com\/wp-content\/uploads\/2025\/09\/BNAG-LEGEND-85K-Puffs-DSK058-Three-Flavor-Premium-Rechargeable-Disposable-Vapes-Low-Nicotine-Bulk-Buy-Wholesale-1-scaled.webp?resize=768%2C1536&amp;ssl=1 768w, https:\/\/i0.wp.com\/escovape.com\/wp-content\/uploads\/2025\/09\/BNAG-LEGEND-85K-Puffs-DSK058-Three-Flavor-Premium-Rechargeable-Disposable-Vapes-Low-Nicotine-Bulk-Buy-Wholesale-1-scaled.webp?resize=1024%2C2048&amp;ssl=1 1024w, https:\/\/i0.wp.com\/escovape.com\/wp-content\/uploads\/2025\/09\/BNAG-LEGEND-85K-Puffs-DSK058-Three-Flavor-Premium-Rechargeable-Disposable-Vapes-Low-Nicotine-Bulk-Buy-Wholesale-1-scaled.webp?resize=6%2C12&amp;ssl=1 6w, https:\/\/i0.wp.com\/escovape.com\/wp-content\/uploads\/2025\/09\/BNAG-LEGEND-85K-Puffs-DSK058-Three-Flavor-Premium-Rechargeable-Disposable-Vapes-Low-Nicotine-Bulk-Buy-Wholesale-1-scaled.webp?resize=600%2C1200&amp;ssl=1 600w\" sizes=\"auto, (max-width: 1020px) 100vw, 1020px\" \/><\/p>","protected":false},"excerpt":{"rendered":"<p>La BANG LEGEND 85K Puffs DSK058 \u00e8 una sigaretta elettronica monouso ricaricabile con tre sapori, fino a 85.000 tiri, e ricarica di tipo C, disponibile all'ingrosso su Escovape.<\/p>","protected":false},"featured_media":33282,"comment_status":"open","ping_status":"closed","template":"","meta":{"_lmt_disableupdate":"no","_lmt_disable":""},"product_brand":[],"product_cat":[18,207,55,57,97,98,99,100,101,102,103,104,105,106,107,108,109,110,111,112,113,114,15,58,59,61,133,42,206],"product_tag":[],"class_list":{"0":"post-33216","1":"product","2":"type-product","3":"status-publish","4":"has-post-thumbnail","6":"product_cat-bang","7":"product_cat-85000-puffs-disposable-vapes","8":"product_cat-big-puffs-disposable-vapes","9":"product_cat-digital-box-disposable-vapes","10":"product_cat-disposable-vape-in-europe","11":"product_cat-disposable-vape-wholesale-austria","12":"product_cat-disposable-vape-wholesale-belgium","13":"product_cat-disposable-vape-wholesale-czech-republic","14":"product_cat-disposable-vape-wholesale-denmark","15":"product_cat-disposable-vape-wholesale-finland","16":"product_cat-disposable-vape-wholesale-france","17":"product_cat-disposable-vape-wholesale-germany","18":"product_cat-disposable-vape-wholesale-greece","19":"product_cat-disposable-vape-wholesale-hungary","20":"product_cat-disposable-vape-wholesale-italy","21":"product_cat-disposable-vape-wholesale-netherlands","22":"product_cat-disposable-vape-wholesale-norway","23":"product_cat-disposable-vape-wholesale-portugal","24":"product_cat-disposable-vape-wholesale-romania","25":"product_cat-disposable-vape-wholesale-spain","26":"product_cat-disposable-vape-wholesale-sweden","27":"product_cat-disposable-vape-wholesale-switzerland","28":"product_cat-disposable-vapes","29":"product_cat-dual-mesh-disposable-vapes","30":"product_cat-lower-nicotine-disposable-vapes","31":"product_cat-rechargeable-disposable-vapes","32":"product_cat-shop-best-disposable-vape-flavors","33":"product_cat-shop-by-puffs","34":"product_cat-triple-flavor-disposable-vapes","36":"first","37":"instock","38":"shipping-taxable","39":"purchasable","40":"product-type-variable"},"jetpack_sharing_enabled":true,"_links":{"self":[{"href":"https:\/\/escovape.com\/it\/wp-json\/wp\/v2\/product\/33216","targetHints":{"allow":["GET"]}}],"collection":[{"href":"https:\/\/escovape.com\/it\/wp-json\/wp\/v2\/product"}],"about":[{"href":"https:\/\/escovape.com\/it\/wp-json\/wp\/v2\/types\/product"}],"replies":[{"embeddable":true,"href":"https:\/\/escovape.com\/it\/wp-json\/wp\/v2\/comments?post=33216"}],"wp:featuredmedia":[{"embeddable":true,"href":"https:\/\/escovape.com\/it\/wp-json\/wp\/v2\/media\/33282"}],"wp:attachment":[{"href":"https:\/\/escovape.com\/it\/wp-json\/wp\/v2\/media?parent=33216"}],"wp:term":[{"taxonomy":"product_brand","embeddable":true,"href":"https:\/\/escovape.com\/it\/wp-json\/wp\/v2\/product_brand?post=33216"},{"taxonomy":"product_cat","embeddable":true,"href":"https:\/\/escovape.com\/it\/wp-json\/wp\/v2\/product_cat?post=33216"},{"taxonomy":"product_tag","embeddable":true,"href":"https:\/\/escovape.com\/it\/wp-json\/wp\/v2\/product_tag?post=33216"}],"curies":[{"name":"wp","href":"https:\/\/api.w.org\/{rel}","templated":true}]}}