{"id":13675,"date":"2024-11-04T13:50:38","date_gmt":"2024-11-04T13:50:38","guid":{"rendered":"https:\/\/escovape.com\/?post_type=product&#038;p=13675"},"modified":"2025-10-27T08:42:06","modified_gmt":"2025-10-27T08:42:06","slug":"aivono-aim-boom-25000-puffs-cyfrowy-ekran-z-podwojna-siatka-0-2-3-5-akumulator-o-niskiej-zawartosci-nikotyny-jednorazowe-vapes-dlugopis-luzem-kupuj-hurtowo","status":"publish","type":"product","link":"https:\/\/escovape.com\/pl\/product\/aivono-aim-boom-25000-puffs-dual-mesh-digital-screen-0-2-3-5-low-nicotine-rechargeable-disposable-vapes-pen-bulk-buy-wholesale\/","title":{"rendered":"AIVONO AIM BOOM 25000 Puffs Dual Mesh Digital Screen 0% 2% 3% 5% Niskonikotynowa Jednorazowa E-papieros z Mo\u017cliwo\u015bci\u0105 Ponownego Na\u0142adowania Hurtownia Detaliczna Zakup"},"content":{"rendered":"<h2>AIVONO AIM BOOM 25000 Puffs \u2013 Odkryj idealn\u0105 par\u0119<\/h2>\n<p>Dla wszystkich, kt\u00f3rzy kochaj\u0105 wapowanie: pocz\u0105tkuj\u0105cych i do\u015bwiadczonych u\u017cytkownik\u00f3w.<\/p>\n<p>AIVONO AIM BOOM 25000 Puffs to por\u0119czne urz\u0105dzenie parowe z ekranem cyfrowym. Jest ono dost\u0119pne na Escovape, najwi\u0119kszym sklepie internetowym oferuj\u0105cym AIVONO Disposable Vapes w Holandii, Niemczech, Belgii i Hiszpanii. Urz\u0105dzenie to idealnie nadaje si\u0119 do d\u0142ugotrwa\u0142ego u\u017cytku i ma wiele zalet.<\/p>\n<h3>Dlaczego AIVONO AIM BOOM 25000 Puffs?<\/h3>\n<p>25 000 zaci\u0105gni\u0119\u0107: Mo\u017cesz vapowa\u0107 przez bardzo d\u0142ugi czas bez konieczno\u015bci wymiany.<br \/>\n28ml ciecz: Nie musisz uzupe\u0142nia\u0107 tak cz\u0119sto.<br \/>\nSilna bateria: bateria 650mA z \u0142adowark\u0105 Type-C. Szybko si\u0119 \u0142aduje i mo\u017cna rusza\u0107.<br \/>\nTechnologia podw\u00f3jnej siatki: Dwa przewody grzewcze zapewniaj\u0105 r\u00f3wnomierne roz\u0142o\u017cenie smaku i obfito\u015b\u0107 pary.<br \/>\nLekki: Wa\u017cy tylko 90g, \u0142atwo zmie\u015bci si\u0119 w kieszeni.<br \/>\nWygodne funkcje<br \/>\nUrz\u0105dzenie posiada regulowany przep\u0142yw powietrza (dwa ustawienia) dla Twojego ulubionego stylu pary. Wy\u015bwietlacz cyfrowy zawsze pokazuje bateri\u0119 i p\u0142yn. Istnieje r\u00f3wnie\u017c blokada dzieci dla dodatkowego bezpiecze\u0144stwa.<\/p>\n<p><iframe loading=\"lazy\" title=\"AIVONO AIM BOOM 25000 Puffs  #vapedisposable bez zmian, pozostawiam jako oryginalny tekst: AIVONO AIM BOOM 25000 Puffs  #vapedisposable\" width=\"563\" height=\"1000\" src=\"https:\/\/www.youtube.com\/embed\/l8TcEozgKdM?feature=oembed\" frameborder=\"0\" allow=\"accelerometer; autoplay; clipboard-write; encrypted-media; gyroscope; picture-in-picture; web-share\" referrerpolicy=\"strict-origin-when-cross-origin\" allowfullscreen><\/iframe><\/p>\n<h3>Opcje smakowe<\/h3>\n<p>Wybierz z tych smak\u00f3w:<\/p>\n<p>Miami Mint<br \/>\nKraina Melona Lodowego<br \/>\nBlue Razz Ice<br \/>\nMalina Brzoskwi\u0144 Lime<br \/>\nB\u0142\u0119kitny Rancher<br \/>\nKwasowy Mango Ananas<br \/>\nTruskawkowy B-Pop<br \/>\nZielone Jab\u0142ko Winogrono<br \/>\nMelon Cytryna<br \/>\nZimne Arbuz Wi\u015bniowy<\/p>\n<h3>Vape hurtownia - Zam\u00f3w \u0142atwo w du\u017cych ilo\u015bciach<\/h3>\n<p>Escovape oferuje <a href=\"https:\/\/escovape.com\/pl\/kategoria-produktu\/aivono\/\">AIVONO Jednorazowe Waporyzatory<\/a> Dla sklep\u00f3w detalicznych. Gwarantujemy:<\/p>\n<p>Dobrej jako\u015bci i niezawodne produkty.<br \/>\nOstre ceny hurtowe.<br \/>\nSzybka dostawa na terenie ca\u0142ej Europy.<br \/>\nZam\u00f3w w opakowaniu po 200 sztuk dla \u0142atwego przechowywania.<br \/>\nW przypadku pyta\u0144 lub zam\u00f3wie\u0144:<br \/>\nOdwied\u017a Escovape.co.uk i dowiedz si\u0119, dlaczego AIVONO AIM BOOM 25000 Puffs jest popularny. Ch\u0119tnie pomo\u017cemy z Twoim zam\u00f3wieniem hurtowym.<\/p>\n<p>Wybierz jako\u015b\u0107, wybierz AIVONO.<\/p>\n<p><img data-recalc-dims=\"1\" loading=\"lazy\" decoding=\"async\" class=\"alignnone wp-image-13686 size-full\" src=\"https:\/\/i0.wp.com\/escovape.com\/wp-content\/uploads\/2024\/11\/AIVONO-AIM-BOOM-25000-Puffs-Dual-Mesh-Digital-Screen-0-2-3-5-Low-Nicotine-Rechargeable-15-scaled.webp?resize=1020%2C1523&#038;ssl=1\" alt=\"AIVONO AIM BOOM 25000 Puffs Dual Mesh Digital Screen 0% 2% 3% 5% Niskonikotynowa Jednorazowa E-papieros z Mo\u017cliwo\u015bci\u0105 Ponownego Na\u0142adowania Hurtownia Detaliczna Zakup\" width=\"1020\" height=\"1523\" title=\"\" srcset=\"https:\/\/i0.wp.com\/escovape.com\/wp-content\/uploads\/2024\/11\/AIVONO-AIM-BOOM-25000-Puffs-Dual-Mesh-Digital-Screen-0-2-3-5-Low-Nicotine-Rechargeable-15-scaled.webp?w=1715&amp;ssl=1 1715w, https:\/\/i0.wp.com\/escovape.com\/wp-content\/uploads\/2024\/11\/AIVONO-AIM-BOOM-25000-Puffs-Dual-Mesh-Digital-Screen-0-2-3-5-Low-Nicotine-Rechargeable-15-scaled.webp?resize=268%2C400&amp;ssl=1 268w, https:\/\/i0.wp.com\/escovape.com\/wp-content\/uploads\/2024\/11\/AIVONO-AIM-BOOM-25000-Puffs-Dual-Mesh-Digital-Screen-0-2-3-5-Low-Nicotine-Rechargeable-15-scaled.webp?resize=536%2C800&amp;ssl=1 536w, https:\/\/i0.wp.com\/escovape.com\/wp-content\/uploads\/2024\/11\/AIVONO-AIM-BOOM-25000-Puffs-Dual-Mesh-Digital-Screen-0-2-3-5-Low-Nicotine-Rechargeable-15-scaled.webp?resize=768%2C1147&amp;ssl=1 768w, https:\/\/i0.wp.com\/escovape.com\/wp-content\/uploads\/2024\/11\/AIVONO-AIM-BOOM-25000-Puffs-Dual-Mesh-Digital-Screen-0-2-3-5-Low-Nicotine-Rechargeable-15-scaled.webp?resize=1029%2C1536&amp;ssl=1 1029w, https:\/\/i0.wp.com\/escovape.com\/wp-content\/uploads\/2024\/11\/AIVONO-AIM-BOOM-25000-Puffs-Dual-Mesh-Digital-Screen-0-2-3-5-Low-Nicotine-Rechargeable-15-scaled.webp?resize=1372%2C2048&amp;ssl=1 1372w, https:\/\/i0.wp.com\/escovape.com\/wp-content\/uploads\/2024\/11\/AIVONO-AIM-BOOM-25000-Puffs-Dual-Mesh-Digital-Screen-0-2-3-5-Low-Nicotine-Rechargeable-15-scaled.webp?resize=8%2C12&amp;ssl=1 8w, https:\/\/i0.wp.com\/escovape.com\/wp-content\/uploads\/2024\/11\/AIVONO-AIM-BOOM-25000-Puffs-Dual-Mesh-Digital-Screen-0-2-3-5-Low-Nicotine-Rechargeable-15-scaled.webp?resize=600%2C896&amp;ssl=1 600w\" sizes=\"auto, (max-width: 1020px) 100vw, 1020px\" \/><\/p>","protected":false},"excerpt":{"rendered":"<p>AIVONO AIM BOOM 25000 Puffs Rechargeable Disposable Vape Pen oferuje wyj\u0105tkowe do\u015bwiadczenie z vape z niezwyk\u0142\u0105 pojemno\u015bci\u0105 25 000 zaci\u0105gni\u0119\u0107, hojn\u0105 pojemno\u015bci\u0105 28 ml e-liquidu, konfigurowalnym przep\u0142ywem powietrza oraz r\u00f3\u017cnorodno\u015bci\u0105 smakowych opcji, wszystko to zawarte w kompaktowej i przeno\u015bnej konstrukcji.<\/p>","protected":false},"featured_media":13682,"comment_status":"open","ping_status":"closed","template":"","meta":{"_lmt_disableupdate":"no","_lmt_disable":""},"product_brand":[],"product_cat":[39,82,134,55,135,137,57,97,98,99,100,101,102,103,104,105,106,107,108,109,110,111,112,113,114,15,58,139,141,143,59,145,146,149,150,151,61,133,42,153,154],"product_tag":[],"class_list":{"0":"post-13675","1":"product","2":"type-product","3":"status-publish","4":"has-post-thumbnail","6":"product_cat-aivono","7":"product_cat-25000-puffs-disposable-vapes","8":"product_cat-apple-flavor-disposable-vapes","9":"product_cat-big-puffs-disposable-vapes","10":"product_cat-blue-razz-flavor-disposable-vapes","11":"product_cat-cherry-flavor-disposable-vapes","12":"product_cat-digital-box-disposable-vapes","13":"product_cat-disposable-vape-in-europe","14":"product_cat-disposable-vape-wholesale-austria","15":"product_cat-disposable-vape-wholesale-belgium","16":"product_cat-disposable-vape-wholesale-czech-republic","17":"product_cat-disposable-vape-wholesale-denmark","18":"product_cat-disposable-vape-wholesale-finland","19":"product_cat-disposable-vape-wholesale-france","20":"product_cat-disposable-vape-wholesale-germany","21":"product_cat-disposable-vape-wholesale-greece","22":"product_cat-disposable-vape-wholesale-hungary","23":"product_cat-disposable-vape-wholesale-italy","24":"product_cat-disposable-vape-wholesale-netherlands","25":"product_cat-disposable-vape-wholesale-norway","26":"product_cat-disposable-vape-wholesale-portugal","27":"product_cat-disposable-vape-wholesale-romania","28":"product_cat-disposable-vape-wholesale-spain","29":"product_cat-disposable-vape-wholesale-sweden","30":"product_cat-disposable-vape-wholesale-switzerland","31":"product_cat-disposable-vapes","32":"product_cat-dual-mesh-disposable-vapes","33":"product_cat-grape-flavor-disposable-vapes","34":"product_cat-ice-flavor-disposable-vapes","35":"product_cat-lemon-flavor-disposable-vapes","36":"product_cat-lower-nicotine-disposable-vapes","37":"product_cat-mango-flavor-disposable-vapes","38":"product_cat-mint-flavor-disposable-vapes","39":"product_cat-peach-flavor-disposable-vapes","40":"product_cat-pineapple-flavor-disposable-vapes","41":"product_cat-raspberry-flavor-disposable-vapes","42":"product_cat-rechargeable-disposable-vapes","43":"product_cat-shop-best-disposable-vape-flavors","44":"product_cat-shop-by-puffs","45":"product_cat-strawberry-flavor-disposable-vapes","46":"product_cat-watermelon-flavor-disposable-vapes","48":"first","49":"outofstock","50":"shipping-taxable","51":"purchasable","52":"product-type-variable"},"jetpack_sharing_enabled":true,"_links":{"self":[{"href":"https:\/\/escovape.com\/pl\/wp-json\/wp\/v2\/product\/13675","targetHints":{"allow":["GET"]}}],"collection":[{"href":"https:\/\/escovape.com\/pl\/wp-json\/wp\/v2\/product"}],"about":[{"href":"https:\/\/escovape.com\/pl\/wp-json\/wp\/v2\/types\/product"}],"replies":[{"embeddable":true,"href":"https:\/\/escovape.com\/pl\/wp-json\/wp\/v2\/comments?post=13675"}],"wp:featuredmedia":[{"embeddable":true,"href":"https:\/\/escovape.com\/pl\/wp-json\/wp\/v2\/media\/13682"}],"wp:attachment":[{"href":"https:\/\/escovape.com\/pl\/wp-json\/wp\/v2\/media?parent=13675"}],"wp:term":[{"taxonomy":"product_brand","embeddable":true,"href":"https:\/\/escovape.com\/pl\/wp-json\/wp\/v2\/product_brand?post=13675"},{"taxonomy":"product_cat","embeddable":true,"href":"https:\/\/escovape.com\/pl\/wp-json\/wp\/v2\/product_cat?post=13675"},{"taxonomy":"product_tag","embeddable":true,"href":"https:\/\/escovape.com\/pl\/wp-json\/wp\/v2\/product_tag?post=13675"}],"curies":[{"name":"wp","href":"https:\/\/api.w.org\/{rel}","templated":true}]}}