{"id":21811,"date":"2025-02-21T12:33:25","date_gmt":"2025-02-21T12:33:25","guid":{"rendered":"https:\/\/escovape.com\/?post_type=product&#038;p=21811"},"modified":"2026-02-10T16:02:40","modified_gmt":"2026-02-10T16:02:40","slug":"vozol-star-20000-puffs-dual-mesh-mtl-design-5-low-nicotine-rechargeable-disposable-vapes-pen-bulk-buy-wholesale","status":"publish","type":"product","link":"https:\/\/escovape.com\/pl\/product\/vozol-star-20000-puffs-dual-mesh-mtl-design-5-low-nicotine-rechargeable-disposable-vapes-pen-bulk-buy-wholesale\/","title":{"rendered":"Vozol Star 20000 Puffs Dual Mesh MTL Design 5% Nisko nikotynowy, jednorazowy, akumulatorowy,  vape pen luzem zakup hurtowy"},"content":{"rendered":"<div style=\"width: 360px;\" class=\"wp-video\"><video class=\"wp-video-shortcode\" id=\"video-21811-1\" width=\"360\" height=\"640\" preload=\"metadata\" controls=\"controls\"><source type=\"video\/mp4\" src=\"https:\/\/escovape.com\/wp-content\/uploads\/2025\/02\/Vozol-Star-20000-Puffs-Dual-Mesh-MTL-Design-5-Low-Nicotine-Rechargeable.mp4?_=1\" \/><a href=\"https:\/\/escovape.com\/wp-content\/uploads\/2025\/02\/Vozol-Star-20000-Puffs-Dual-Mesh-MTL-Design-5-Low-Nicotine-Rechargeable.mp4\">https:\/\/escovape.com\/wp-content\/uploads\/2025\/02\/Vozol-Star-20000-Puffs-Dual-Mesh-MTL-Design-5-Low-Nicotine-Rechargeable.mp4<\/a><\/video><\/div>\n<h2>Vozol Star 20000 Puffs: The <a href=\"https:\/\/escovape.com\/pl\/\">Doskona\u0142y Jednorazowy Waporyzator<\/a><\/h2>\n<p>Vozol Star 20000 Puffs to bardzo specjalistyczna jednorazowa vape. Zapewnia do 20 000 wydech\u00f3w i mo\u017cesz j\u0105 ponownie na\u0142adowa\u0107. Idealna dla ka\u017cdego, kto lubi vapowa\u0107, niezale\u017cnie od tego, czy dopiero zaczynasz, czy robisz to ju\u017c wiele razy. Wygl\u0105da nowocze\u015bnie i dzia\u0142a super dobrze. Mo\u017cesz j\u0105 kupi\u0107 tanio luzem w Escovape, najwi\u0119kszym hurtownia jednorazowych vape'\u00f3w w Holandii, Niemczech, Belgii i Hiszpanii.<\/p>\n<h3><a href=\"https:\/\/escovape.com\/pl\/kategoria-produktu\/jednorazowe-waporyzatory-vozol\/\">Vozol<\/a> Star 20000 Puffs: Kluczowe cechy.<\/h3>\n<p>20 000+ Puff\u00f3w: Wystarcza na bardzo d\u0142ugi czas, d\u0142u\u017cej ni\u017c wi\u0119kszo\u015b\u0107 innych jednorazowych waporyzator\u00f3w.<br \/>\nBateria 650mAh, kt\u00f3ra mo\u017ce by\u0107 \u0142adowana: \u0141aduje si\u0119 szybko przez port Type-C. Wygodna w podr\u00f3\u017cy.<br \/>\nPodw\u00f3jne Cewki Siatkowe: Zapewniaj\u0105 lepszy smak i wi\u0119cej pary.<br \/>\nDwa tryby: Wybierz mi\u0119dzy trybem Eco (mi\u0119kka para) a trybem Power (silna para).<br \/>\nEkran z lustrem: Zawsze wida\u0107 jak na\u0142adowany jest akumulator i ile p\u0142ynu zosta\u0142o.<br \/>\n5% Nikotyna: Daje spokojne uczucie bez bycia zbyt siln\u0105.<br \/>\nMTL Konstrukcja: Idealna dla ciasnego \u0142yka, jak papieros.<br \/>\nChroniony element ustny: Bez przeciek\u00f3w, zawsze czysty.<br \/>\nStylowy i ma\u0142y: \u0141atwy do przenoszenia i dost\u0119pny w pi\u0119knych kolorach.<\/p>\n<h3>Vozol Star 20000 Puffs Smaki: Co\u015b dla ka\u017cdego<\/h3>\n<p data-pm-slice=\"0 0 []\">1. Blue Razz Ice<\/p>\n<p>2. Burza Bor\u00f3wkowa<\/p>\n<p>3. Cherry Cola<\/p>\n<p>4. Podw\u00f3jny L\u00f3d Jab\u0142kowy<\/p>\n<p>5. Dragon Strawnana<\/p>\n<p>6. Winogrono L\u00f3d<\/p>\n<p>7. Sokowy L\u00f3d Brzoskwiniowy<\/p>\n<p>8. Cytryna Limonka<\/p>\n<p>9. Kocham 777<\/p>\n<p>10. MANGO ICE<\/p>\n<p>Mieszane jagody<\/p>\n<p>12. Pomara\u0144cza Ananas Lychee<\/p>\n<p>13. Brzoskwinia Mango Arbuz<\/p>\n<p>Perfume Lemon<\/p>\n<p>15. Malina Jab\u0142ko Arbuz Ananas<\/p>\n<p>16. Malinowy Arbuz<\/p>\n<p>17. Truskawkowy Kiwi<\/p>\n<p>18. Truskawkowy Mango<\/p>\n<p>19. Tropikalna Eksplozja<\/p>\n<p>20. Arbuzowy L\u00f3d<\/p>\n<h3>Vape hurtownia: Dlaczego Escovape?<\/h3>\n<p><a href=\"https:\/\/escovape.com\/pl\/\">Escovape<\/a> najlepsze miejsce dla hurtowni vape. Oferujemy:<\/p>\n<p>Wysoka Jako\u015b\u0107: Tylko niezawodne produkty.<br \/>\nDobre ceny: Idealne dla sklep\u00f3w i hurtowni.<br \/>\nWiele Smak\u00f3w: Ka\u017cdy znajdzie co\u015b smakowitego.<br \/>\nSzybka Dostawa: Zawsze na czas.<br \/>\nHelppie Obs\u0142uga Klienta: Rozwi\u0105zujemy wszystko szybko.<\/p>\n<h3>Zam\u00f3w Vozol Star 20000 Puffs na sprzeda\u017c hurtow\u0105 teraz<\/h3>\n<p>Niezale\u017cnie od tego, czy masz sklep, czy zajmujesz si\u0119 sprzeda\u017c\u0105 hurtow\u0105, Vozol Star 20000 Puffs to dobry wyb\u00f3r. W Escovape mo\u017cesz \u0142atwo zam\u00f3wi\u0107 du\u017ce ilo\u015bci. Szybko wysy\u0142amy i zawsze mo\u017cesz liczy\u0107 na pomoc, je\u015bli masz jakie\u015b pytania. Wypr\u00f3buj Vozol Star teraz i pozw\u00f3l swoim klientom cieszy\u0107 si\u0119 najlepszym jednorazowym waporyzatorem!<\/p>\n<p>Zam\u00f3w ju\u017c dzi\u015b na Escovape i uzupe\u0142nij swoj\u0105 ofert\u0119 Vozolem Star 20000 Puffs!<\/p>\n<p><img data-recalc-dims=\"1\" loading=\"lazy\" decoding=\"async\" class=\"alignnone wp-image-21832 size-large\" src=\"https:\/\/i0.wp.com\/escovape.com\/wp-content\/uploads\/2025\/02\/Vozol-Star-20000-Puffs-Dual-Mesh-MTL-Design-5-Low-Nicotine-Rechargeable-26.webp?resize=800%2C800&#038;ssl=1\" alt=\"Vozol Star 20000 Puffs Dual Mesh MTL Design 5% Nisko nikotynowy, jednorazowy, akumulatorowy,  vape pen luzem zakup hurtowy\" width=\"800\" height=\"800\" title=\"\" srcset=\"https:\/\/i0.wp.com\/escovape.com\/wp-content\/uploads\/2025\/02\/Vozol-Star-20000-Puffs-Dual-Mesh-MTL-Design-5-Low-Nicotine-Rechargeable-26.webp?resize=800%2C800&amp;ssl=1 800w, https:\/\/i0.wp.com\/escovape.com\/wp-content\/uploads\/2025\/02\/Vozol-Star-20000-Puffs-Dual-Mesh-MTL-Design-5-Low-Nicotine-Rechargeable-26.webp?resize=400%2C400&amp;ssl=1 400w, https:\/\/i0.wp.com\/escovape.com\/wp-content\/uploads\/2025\/02\/Vozol-Star-20000-Puffs-Dual-Mesh-MTL-Design-5-Low-Nicotine-Rechargeable-26.webp?resize=280%2C280&amp;ssl=1 280w, https:\/\/i0.wp.com\/escovape.com\/wp-content\/uploads\/2025\/02\/Vozol-Star-20000-Puffs-Dual-Mesh-MTL-Design-5-Low-Nicotine-Rechargeable-26.webp?resize=768%2C768&amp;ssl=1 768w, https:\/\/i0.wp.com\/escovape.com\/wp-content\/uploads\/2025\/02\/Vozol-Star-20000-Puffs-Dual-Mesh-MTL-Design-5-Low-Nicotine-Rechargeable-26.webp?resize=12%2C12&amp;ssl=1 12w, https:\/\/i0.wp.com\/escovape.com\/wp-content\/uploads\/2025\/02\/Vozol-Star-20000-Puffs-Dual-Mesh-MTL-Design-5-Low-Nicotine-Rechargeable-26.webp?resize=300%2C300&amp;ssl=1 300w, https:\/\/i0.wp.com\/escovape.com\/wp-content\/uploads\/2025\/02\/Vozol-Star-20000-Puffs-Dual-Mesh-MTL-Design-5-Low-Nicotine-Rechargeable-26.webp?resize=600%2C600&amp;ssl=1 600w, https:\/\/i0.wp.com\/escovape.com\/wp-content\/uploads\/2025\/02\/Vozol-Star-20000-Puffs-Dual-Mesh-MTL-Design-5-Low-Nicotine-Rechargeable-26.webp?resize=100%2C100&amp;ssl=1 100w, https:\/\/i0.wp.com\/escovape.com\/wp-content\/uploads\/2025\/02\/Vozol-Star-20000-Puffs-Dual-Mesh-MTL-Design-5-Low-Nicotine-Rechargeable-26.webp?w=1000&amp;ssl=1 1000w\" sizes=\"auto, (max-width: 800px) 100vw, 800px\" \/><\/p>\n<p><img data-recalc-dims=\"1\" loading=\"lazy\" decoding=\"async\" class=\"alignnone wp-image-21829 size-full\" src=\"https:\/\/i0.wp.com\/escovape.com\/wp-content\/uploads\/2025\/02\/Vozol-Star-20000-Puffs-Dual-Mesh-MTL-Design-5-Low-Nicotine-Rechargeable-23.webp?resize=734%2C646&#038;ssl=1\" alt=\"Vozol Star 20000 Puffs Dual Mesh MTL Design 5% Nisko nikotynowy, jednorazowy, akumulatorowy,  vape pen luzem zakup hurtowy\" width=\"734\" height=\"646\" title=\"\" srcset=\"https:\/\/i0.wp.com\/escovape.com\/wp-content\/uploads\/2025\/02\/Vozol-Star-20000-Puffs-Dual-Mesh-MTL-Design-5-Low-Nicotine-Rechargeable-23.webp?w=734&amp;ssl=1 734w, https:\/\/i0.wp.com\/escovape.com\/wp-content\/uploads\/2025\/02\/Vozol-Star-20000-Puffs-Dual-Mesh-MTL-Design-5-Low-Nicotine-Rechargeable-23.webp?resize=454%2C400&amp;ssl=1 454w, https:\/\/i0.wp.com\/escovape.com\/wp-content\/uploads\/2025\/02\/Vozol-Star-20000-Puffs-Dual-Mesh-MTL-Design-5-Low-Nicotine-Rechargeable-23.webp?resize=14%2C12&amp;ssl=1 14w, https:\/\/i0.wp.com\/escovape.com\/wp-content\/uploads\/2025\/02\/Vozol-Star-20000-Puffs-Dual-Mesh-MTL-Design-5-Low-Nicotine-Rechargeable-23.webp?resize=600%2C528&amp;ssl=1 600w\" sizes=\"auto, (max-width: 734px) 100vw, 734px\" \/><\/p>","protected":false},"excerpt":{"rendered":"<p>The <strong>Vozol Star 20000 Puffs<\/strong> jest to akumulatorowa, jednorazowa e-papieros o podw\u00f3jnych spiralach grzewczych, stylowym ekranie lustrzanym, dw\u00f3ch trybach pracy, 20 000 zaci\u0105gni\u0119\u0107 oraz szerokiej gamie smak\u00f3w, oferuj\u0105ca premium do\u015bwiadczenie z wapowania z opcjami personalizacji dla zar\u00f3wno pocz\u0105tkuj\u0105cych, jak i do\u015bwiadczonych waper\u00f3w.<\/p>","protected":false},"featured_media":21853,"comment_status":"open","ping_status":"closed","template":"","meta":{"_lmt_disableupdate":"no","_lmt_disable":""},"product_brand":[],"product_cat":[162,48,55,57,97,98,99,100,101,102,103,104,105,106,107,108,109,110,111,112,113,114,15,58,132,59,61,133,42],"product_tag":[],"class_list":{"0":"post-21811","1":"product","2":"type-product","3":"status-publish","4":"has-post-thumbnail","6":"product_cat-vozol-disposable-vapes","7":"product_cat-20000-puffs-disposable-vapes","8":"product_cat-big-puffs-disposable-vapes","9":"product_cat-digital-box-disposable-vapes","10":"product_cat-disposable-vape-in-europe","11":"product_cat-disposable-vape-wholesale-austria","12":"product_cat-disposable-vape-wholesale-belgium","13":"product_cat-disposable-vape-wholesale-czech-republic","14":"product_cat-disposable-vape-wholesale-denmark","15":"product_cat-disposable-vape-wholesale-finland","16":"product_cat-disposable-vape-wholesale-france","17":"product_cat-disposable-vape-wholesale-germany","18":"product_cat-disposable-vape-wholesale-greece","19":"product_cat-disposable-vape-wholesale-hungary","20":"product_cat-disposable-vape-wholesale-italy","21":"product_cat-disposable-vape-wholesale-netherlands","22":"product_cat-disposable-vape-wholesale-norway","23":"product_cat-disposable-vape-wholesale-portugal","24":"product_cat-disposable-vape-wholesale-romania","25":"product_cat-disposable-vape-wholesale-spain","26":"product_cat-disposable-vape-wholesale-sweden","27":"product_cat-disposable-vape-wholesale-switzerland","28":"product_cat-disposable-vapes","29":"product_cat-dual-mesh-disposable-vapes","30":"product_cat-european-vape-warehouse-stock","31":"product_cat-lower-nicotine-disposable-vapes","32":"product_cat-rechargeable-disposable-vapes","33":"product_cat-shop-best-disposable-vape-flavors","34":"product_cat-shop-by-puffs","36":"first","37":"instock","38":"shipping-taxable","39":"purchasable","40":"product-type-variable","41":"has-default-attributes"},"jetpack_sharing_enabled":true,"_links":{"self":[{"href":"https:\/\/escovape.com\/pl\/wp-json\/wp\/v2\/product\/21811","targetHints":{"allow":["GET"]}}],"collection":[{"href":"https:\/\/escovape.com\/pl\/wp-json\/wp\/v2\/product"}],"about":[{"href":"https:\/\/escovape.com\/pl\/wp-json\/wp\/v2\/types\/product"}],"replies":[{"embeddable":true,"href":"https:\/\/escovape.com\/pl\/wp-json\/wp\/v2\/comments?post=21811"}],"wp:featuredmedia":[{"embeddable":true,"href":"https:\/\/escovape.com\/pl\/wp-json\/wp\/v2\/media\/21853"}],"wp:attachment":[{"href":"https:\/\/escovape.com\/pl\/wp-json\/wp\/v2\/media?parent=21811"}],"wp:term":[{"taxonomy":"product_brand","embeddable":true,"href":"https:\/\/escovape.com\/pl\/wp-json\/wp\/v2\/product_brand?post=21811"},{"taxonomy":"product_cat","embeddable":true,"href":"https:\/\/escovape.com\/pl\/wp-json\/wp\/v2\/product_cat?post=21811"},{"taxonomy":"product_tag","embeddable":true,"href":"https:\/\/escovape.com\/pl\/wp-json\/wp\/v2\/product_tag?post=21811"}],"curies":[{"name":"wp","href":"https:\/\/api.w.org\/{rel}","templated":true}]}}