{"id":22816,"date":"2025-05-08T09:21:13","date_gmt":"2025-05-08T09:21:13","guid":{"rendered":"https:\/\/escovape.com\/?post_type=product&#038;p=22816"},"modified":"2025-09-19T08:49:22","modified_gmt":"2025-09-19T08:49:22","slug":"bang-blaze-60000-puffs-4-w-1-smaki-inteligentny-ekran-60k-0-2-3-5-niski-naladowanie-nikotyny-do-jednorazowego-uzytku-vapes-pen-bulk-kup-hurt-hurtowy","status":"publish","type":"product","link":"https:\/\/escovape.com\/pl\/product\/bang-blaze-60000-puffs-4-in-1-flavors-smart-screen-60k-0-2-3-5-low-nicotine-rechargeable-disposable-vapes-pen-bulk-buy-wholesale\/","title":{"rendered":"Bang Blaze 60000 Puffs 4 w 1 Smaki Inteligentny Ekran 60K 0% 2% 3% 5% Nisk\u0105 zawarto\u015bci\u0105 nikotyny Mo\u017cliwo\u015b\u0107 ponownego \u0142adowania Jednorazowe Vape Pen Zakup hurtowy"},"content":{"rendered":"<h2>Bang Blaze 60000 Puffs \u2013 Najlepszy Jednorazowy Waporyzator<\/h2>\n<p>Bang Blaze 60000 Puffs: D\u0142ugotrwa\u0142a przyjemno\u015b\u0107<br \/>\nBang Blaze 60000 Puffs to specjalna jednorazowa vape, kt\u00f3ra wytrzymuje bardzo d\u0142ugo. Jest przeznaczona dla os\u00f3b, kt\u00f3re chc\u0105 du\u017co wapowa\u0107 bez konieczno\u015bci ci\u0105g\u0142ego \u0142adowania lub wymiany. Dzi\u0119ki 56 ml p\u0142ynu i 60000 zaci\u0105gni\u0119ciom mo\u017cesz cieszy\u0107 si\u0119 ni\u0105 przez wyj\u0105tkowo d\u0142ugi czas. Idealna dla pocz\u0105tkuj\u0105cych i do\u015bwiadczonych waper\u00f3w!<br \/>\n<a href=\"https:\/\/escovape.com\/pl\/kategoria-produktu\/huk\/\">Bang Jednorazowy Waporyzator<\/a>: 4 smaki w 1<br \/>\nTen waporyzator ma 4 smaki w 1 urz\u0105dzeniu. W ten spos\u00f3b nie musisz ci\u0105gle zmienia\u0107 waporyzator\u00f3w. Wybierz z 0%, 2%, 3% lub 5% nikotyny. Por\u0119czny ekran pokazuje, ile baterii i zaci\u0105gni\u0119\u0107 pozosta\u0142o. \u0141adowanie jest szybkie dzi\u0119ki \u0142adowarce Type-C. Silna bateria o pojemno\u015bci 650 mAh zapewnia niezawodn\u0105 prac\u0119.<\/p>\n<p><iframe loading=\"lazy\" title=\"Bang Blaze 60 000 Puffs 4 w 1 Smaki  #vapedisposable #bang\" width=\"563\" height=\"1000\" src=\"https:\/\/www.youtube.com\/embed\/pgCXmjJyBjU?feature=oembed\" frameborder=\"0\" allow=\"accelerometer; autoplay; clipboard-write; encrypted-media; gyroscope; picture-in-picture; web-share\" referrerpolicy=\"strict-origin-when-cross-origin\" allowfullscreen><\/iframe><\/p>\n<h2>Wa\u017cne funkcje<\/h2>\n<p>60000 pff\u00f3w<br \/>\n56 ml p\u0142yn<br \/>\nNikotyna: 0%, 2%, 3%, 5%<br \/>\n\u0141adowarka typu C<br \/>\nEkran baterii i p\u0105czk\u00f3w<br \/>\n4 smaki w 1<br \/>\nWeso\u0142e opakowanie z ma\u0142p\u0105 w okularach<\/p>\n<h2>Lista Smak\u00f3w<\/h2>\n<ol>\n<li>Arbuzowy L\u00f3d + Bor\u00f3wka Mi\u0119ta + Fuji L\u00f3d + Limonkowy Romans<\/li>\n<li>Arbuzowy L\u00f3d + Bor\u00f3wka Wi\u015bnia + Letni Czas + Kwa\u015bny Mango Ananas<\/li>\n<li>Blueberry l\u00f3d + Brzoskwiowy l\u00f3d + Rainbow Candy + Kwa\u015bny sok z cytryny<\/li>\n<li>Blueberry Ice + Brzoskwinia Mango Arbuz + Poca\u0142unek Mocy + Melon Jab\u0142ko<\/li>\n<li>Bor\u00f3wka + Malina + Mieszane Jagody + Wi\u015bnia Kalifornijska + Mango Passion Fruit<\/li>\n<li>Blueberry Raspberry + Grape Ice + Berry Ice + Aloe Mango Melon \n\nbez zmian, nie ma co t\u0142umaczy\u0107, pozostawiam jako  Blueberry Raspberry + Grape Ice + Berry Ice + Aloe Mango Melon<\/li>\n<li>Energetyczny Nap\u00f3j + Truskawkowy Banan + Mango Brzoskwiowo-Abrys + Sok z Manganostanu Kiwi Limonka<\/li>\n<li>Energetyczny Nap\u00f3j + Bor\u00f3wka Arbuz + Kwa\u015bne Jab\u0142ko Malina + Misiek \u017belowy<\/li>\n<li>Truskawkowy Mango + Arbuzowy Gumowy Balon + Czerwony Mojito + Love66<\/li>\n<li>Truskawkowy Mango + Truskawkowy Kiwi + Jab\u0142ko Winogrono + Arbuz Smoczy Owoc<\/li>\n<li>Truskawkowy Arbuz + Czarny L\u00f3d + Trzyna\u015bcie Melon\u00f3w + \u017burawina Winogrono<\/li>\n<li>Truskawkowy Arbuz + Kiwi Mieszanka Owoc\u00f3w Pasyonowych Guawa + MANGO l\u00f3d + Kwa\u015bny Brzoskwinia Arbuzowy<\/li>\n<\/ol>\n<h2>Vape hurtowanie: Dlaczego Bang Blaze?<\/h2>\n<p>Dla handlu detalicznego i hurtowego Bang Blaze 60000 Puffs jest dobrym wyborem. Ma wiele smak\u00f3w i opcji nikotynowych. Jako\u015b\u0107 jest wysoka, a cena konkurencyjna. \u0141atwo zam\u00f3wi\u0107 du\u017ce ilo\u015bci przez Escovape, najwi\u0119kszego hurtowni\u0119 internetow\u0105 dla wap\u00f3w w Holandii, Niemczech, Belgii i Hiszpanii.<br \/>\nJak zam\u00f3wi\u0107?<br \/>\nPrzejd\u017a do Escovape, wybierz swoje smaki i ilo\u015b\u0107. Bezpieczna p\u0142atno\u015b\u0107 i szybka dostawa. Escovape sprzedaje tylko niezawodne produkty od dobrych marek. Idealne rozwi\u0105zanie dla sklep\u00f3w, kt\u00f3re chc\u0105 zadowoli\u0107 swoich klient\u00f3w.<\/p>\n<p>&nbsp;<\/p>\n<p><img data-recalc-dims=\"1\" loading=\"lazy\" decoding=\"async\" class=\"alignnone wp-image-22820 size-large\" src=\"https:\/\/i0.wp.com\/escovape.com\/wp-content\/uploads\/2025\/04\/Bang-Blaze-60000-Puffs-4-in-1-Flavors-Smart-Screen-60K-0-2-3-5-Low-Nicotine-Rechargeable-25.webp?resize=1020%2C510&#038;ssl=1\" alt=\"Bang Blaze 60000 Puffs 4 w 1 Smaki Inteligentny Ekran 60K 0% 2% 3% 5% Nisk\u0105 zawarto\u015bci\u0105 nikotyny Mo\u017cliwo\u015b\u0107 ponownego \u0142adowania Jednorazowe Vape Pen Zakup hurtowy\" width=\"1020\" height=\"510\" title=\"\" srcset=\"https:\/\/i0.wp.com\/escovape.com\/wp-content\/uploads\/2025\/04\/Bang-Blaze-60000-Puffs-4-in-1-Flavors-Smart-Screen-60K-0-2-3-5-Low-Nicotine-Rechargeable-25-scaled.webp?resize=1400%2C700&amp;ssl=1 1400w, https:\/\/i0.wp.com\/escovape.com\/wp-content\/uploads\/2025\/04\/Bang-Blaze-60000-Puffs-4-in-1-Flavors-Smart-Screen-60K-0-2-3-5-Low-Nicotine-Rechargeable-25-scaled.webp?resize=800%2C400&amp;ssl=1 800w, https:\/\/i0.wp.com\/escovape.com\/wp-content\/uploads\/2025\/04\/Bang-Blaze-60000-Puffs-4-in-1-Flavors-Smart-Screen-60K-0-2-3-5-Low-Nicotine-Rechargeable-25-scaled.webp?resize=768%2C384&amp;ssl=1 768w, https:\/\/i0.wp.com\/escovape.com\/wp-content\/uploads\/2025\/04\/Bang-Blaze-60000-Puffs-4-in-1-Flavors-Smart-Screen-60K-0-2-3-5-Low-Nicotine-Rechargeable-25-scaled.webp?resize=1536%2C768&amp;ssl=1 1536w, https:\/\/i0.wp.com\/escovape.com\/wp-content\/uploads\/2025\/04\/Bang-Blaze-60000-Puffs-4-in-1-Flavors-Smart-Screen-60K-0-2-3-5-Low-Nicotine-Rechargeable-25-scaled.webp?resize=2048%2C1024&amp;ssl=1 2048w, https:\/\/i0.wp.com\/escovape.com\/wp-content\/uploads\/2025\/04\/Bang-Blaze-60000-Puffs-4-in-1-Flavors-Smart-Screen-60K-0-2-3-5-Low-Nicotine-Rechargeable-25-scaled.webp?resize=18%2C9&amp;ssl=1 18w, https:\/\/i0.wp.com\/escovape.com\/wp-content\/uploads\/2025\/04\/Bang-Blaze-60000-Puffs-4-in-1-Flavors-Smart-Screen-60K-0-2-3-5-Low-Nicotine-Rechargeable-25-scaled.webp?resize=600%2C300&amp;ssl=1 600w\" sizes=\"auto, (max-width: 1020px) 100vw, 1020px\" \/><\/p>\n<p><img data-recalc-dims=\"1\" loading=\"lazy\" decoding=\"async\" class=\"alignnone wp-image-22819 size-large\" src=\"https:\/\/i0.wp.com\/escovape.com\/wp-content\/uploads\/2025\/04\/Bang-Blaze-60000-Puffs-4-in-1-Flavors-Smart-Screen-60K-0-2-3-5-Low-Nicotine-Rechargeable-24.webp?resize=800%2C800&#038;ssl=1\" alt=\"Bang Blaze 60000 Puffs 4 w 1 Smaki Inteligentny Ekran 60K 0% 2% 3% 5% Nisk\u0105 zawarto\u015bci\u0105 nikotyny Mo\u017cliwo\u015b\u0107 ponownego \u0142adowania Jednorazowe Vape Pen Zakup hurtowy\" width=\"800\" height=\"800\" title=\"\" srcset=\"https:\/\/i0.wp.com\/escovape.com\/wp-content\/uploads\/2025\/04\/Bang-Blaze-60000-Puffs-4-in-1-Flavors-Smart-Screen-60K-0-2-3-5-Low-Nicotine-Rechargeable-24.webp?resize=800%2C800&amp;ssl=1 800w, https:\/\/i0.wp.com\/escovape.com\/wp-content\/uploads\/2025\/04\/Bang-Blaze-60000-Puffs-4-in-1-Flavors-Smart-Screen-60K-0-2-3-5-Low-Nicotine-Rechargeable-24.webp?resize=400%2C400&amp;ssl=1 400w, https:\/\/i0.wp.com\/escovape.com\/wp-content\/uploads\/2025\/04\/Bang-Blaze-60000-Puffs-4-in-1-Flavors-Smart-Screen-60K-0-2-3-5-Low-Nicotine-Rechargeable-24.webp?resize=280%2C280&amp;ssl=1 280w, https:\/\/i0.wp.com\/escovape.com\/wp-content\/uploads\/2025\/04\/Bang-Blaze-60000-Puffs-4-in-1-Flavors-Smart-Screen-60K-0-2-3-5-Low-Nicotine-Rechargeable-24.webp?resize=768%2C768&amp;ssl=1 768w, https:\/\/i0.wp.com\/escovape.com\/wp-content\/uploads\/2025\/04\/Bang-Blaze-60000-Puffs-4-in-1-Flavors-Smart-Screen-60K-0-2-3-5-Low-Nicotine-Rechargeable-24.webp?resize=1536%2C1536&amp;ssl=1 1536w, https:\/\/i0.wp.com\/escovape.com\/wp-content\/uploads\/2025\/04\/Bang-Blaze-60000-Puffs-4-in-1-Flavors-Smart-Screen-60K-0-2-3-5-Low-Nicotine-Rechargeable-24.webp?resize=12%2C12&amp;ssl=1 12w, https:\/\/i0.wp.com\/escovape.com\/wp-content\/uploads\/2025\/04\/Bang-Blaze-60000-Puffs-4-in-1-Flavors-Smart-Screen-60K-0-2-3-5-Low-Nicotine-Rechargeable-24.webp?resize=300%2C300&amp;ssl=1 300w, https:\/\/i0.wp.com\/escovape.com\/wp-content\/uploads\/2025\/04\/Bang-Blaze-60000-Puffs-4-in-1-Flavors-Smart-Screen-60K-0-2-3-5-Low-Nicotine-Rechargeable-24.webp?resize=600%2C600&amp;ssl=1 600w, https:\/\/i0.wp.com\/escovape.com\/wp-content\/uploads\/2025\/04\/Bang-Blaze-60000-Puffs-4-in-1-Flavors-Smart-Screen-60K-0-2-3-5-Low-Nicotine-Rechargeable-24.webp?resize=100%2C100&amp;ssl=1 100w, https:\/\/i0.wp.com\/escovape.com\/wp-content\/uploads\/2025\/04\/Bang-Blaze-60000-Puffs-4-in-1-Flavors-Smart-Screen-60K-0-2-3-5-Low-Nicotine-Rechargeable-24.webp?w=2000&amp;ssl=1 2000w\" sizes=\"auto, (max-width: 800px) 100vw, 800px\" \/><\/p>\n<p><img data-recalc-dims=\"1\" loading=\"lazy\" decoding=\"async\" class=\"alignnone wp-image-22818 size-large\" src=\"https:\/\/i0.wp.com\/escovape.com\/wp-content\/uploads\/2025\/04\/Bang-Blaze-60000-Puffs-4-in-1-Flavors-Smart-Screen-60K-0-2-3-5-Low-Nicotine-Rechargeable-23.webp?resize=800%2C800&#038;ssl=1\" alt=\"Bang Blaze 60000 Puffs 4 w 1 Smaki Inteligentny Ekran 60K 0% 2% 3% 5% Nisk\u0105 zawarto\u015bci\u0105 nikotyny Mo\u017cliwo\u015b\u0107 ponownego \u0142adowania Jednorazowe Vape Pen Zakup hurtowy\" width=\"800\" height=\"800\" title=\"\" srcset=\"https:\/\/i0.wp.com\/escovape.com\/wp-content\/uploads\/2025\/04\/Bang-Blaze-60000-Puffs-4-in-1-Flavors-Smart-Screen-60K-0-2-3-5-Low-Nicotine-Rechargeable-23.webp?resize=800%2C800&amp;ssl=1 800w, https:\/\/i0.wp.com\/escovape.com\/wp-content\/uploads\/2025\/04\/Bang-Blaze-60000-Puffs-4-in-1-Flavors-Smart-Screen-60K-0-2-3-5-Low-Nicotine-Rechargeable-23.webp?resize=400%2C400&amp;ssl=1 400w, https:\/\/i0.wp.com\/escovape.com\/wp-content\/uploads\/2025\/04\/Bang-Blaze-60000-Puffs-4-in-1-Flavors-Smart-Screen-60K-0-2-3-5-Low-Nicotine-Rechargeable-23.webp?resize=280%2C280&amp;ssl=1 280w, https:\/\/i0.wp.com\/escovape.com\/wp-content\/uploads\/2025\/04\/Bang-Blaze-60000-Puffs-4-in-1-Flavors-Smart-Screen-60K-0-2-3-5-Low-Nicotine-Rechargeable-23.webp?resize=768%2C768&amp;ssl=1 768w, https:\/\/i0.wp.com\/escovape.com\/wp-content\/uploads\/2025\/04\/Bang-Blaze-60000-Puffs-4-in-1-Flavors-Smart-Screen-60K-0-2-3-5-Low-Nicotine-Rechargeable-23.webp?resize=1536%2C1536&amp;ssl=1 1536w, https:\/\/i0.wp.com\/escovape.com\/wp-content\/uploads\/2025\/04\/Bang-Blaze-60000-Puffs-4-in-1-Flavors-Smart-Screen-60K-0-2-3-5-Low-Nicotine-Rechargeable-23.webp?resize=12%2C12&amp;ssl=1 12w, https:\/\/i0.wp.com\/escovape.com\/wp-content\/uploads\/2025\/04\/Bang-Blaze-60000-Puffs-4-in-1-Flavors-Smart-Screen-60K-0-2-3-5-Low-Nicotine-Rechargeable-23.webp?resize=300%2C300&amp;ssl=1 300w, https:\/\/i0.wp.com\/escovape.com\/wp-content\/uploads\/2025\/04\/Bang-Blaze-60000-Puffs-4-in-1-Flavors-Smart-Screen-60K-0-2-3-5-Low-Nicotine-Rechargeable-23.webp?resize=600%2C600&amp;ssl=1 600w, https:\/\/i0.wp.com\/escovape.com\/wp-content\/uploads\/2025\/04\/Bang-Blaze-60000-Puffs-4-in-1-Flavors-Smart-Screen-60K-0-2-3-5-Low-Nicotine-Rechargeable-23.webp?resize=100%2C100&amp;ssl=1 100w, https:\/\/i0.wp.com\/escovape.com\/wp-content\/uploads\/2025\/04\/Bang-Blaze-60000-Puffs-4-in-1-Flavors-Smart-Screen-60K-0-2-3-5-Low-Nicotine-Rechargeable-23.webp?w=2000&amp;ssl=1 2000w\" sizes=\"auto, (max-width: 800px) 100vw, 800px\" \/><\/p>\n<p><img data-recalc-dims=\"1\" loading=\"lazy\" decoding=\"async\" class=\"alignnone wp-image-22815 size-large\" src=\"https:\/\/i0.wp.com\/escovape.com\/wp-content\/uploads\/2025\/04\/Bang-Blaze-60000-Puffs-4-in-1-Flavors-Smart-Screen-60K-0-2-3-5-Low-Nicotine-Rechargeable-21.webp?resize=800%2C800&#038;ssl=1\" alt=\"Bang Blaze 60000 Puffs 4 w 1 Smaki Inteligentny Ekran 60K 0% 2% 3% 5% Nisk\u0105 zawarto\u015bci\u0105 nikotyny Mo\u017cliwo\u015b\u0107 ponownego \u0142adowania Jednorazowe Vape Pen Zakup hurtowy\" width=\"800\" height=\"800\" title=\"\" srcset=\"https:\/\/i0.wp.com\/escovape.com\/wp-content\/uploads\/2025\/04\/Bang-Blaze-60000-Puffs-4-in-1-Flavors-Smart-Screen-60K-0-2-3-5-Low-Nicotine-Rechargeable-21.webp?resize=800%2C800&amp;ssl=1 800w, https:\/\/i0.wp.com\/escovape.com\/wp-content\/uploads\/2025\/04\/Bang-Blaze-60000-Puffs-4-in-1-Flavors-Smart-Screen-60K-0-2-3-5-Low-Nicotine-Rechargeable-21.webp?resize=400%2C400&amp;ssl=1 400w, https:\/\/i0.wp.com\/escovape.com\/wp-content\/uploads\/2025\/04\/Bang-Blaze-60000-Puffs-4-in-1-Flavors-Smart-Screen-60K-0-2-3-5-Low-Nicotine-Rechargeable-21.webp?resize=280%2C280&amp;ssl=1 280w, https:\/\/i0.wp.com\/escovape.com\/wp-content\/uploads\/2025\/04\/Bang-Blaze-60000-Puffs-4-in-1-Flavors-Smart-Screen-60K-0-2-3-5-Low-Nicotine-Rechargeable-21.webp?resize=768%2C768&amp;ssl=1 768w, https:\/\/i0.wp.com\/escovape.com\/wp-content\/uploads\/2025\/04\/Bang-Blaze-60000-Puffs-4-in-1-Flavors-Smart-Screen-60K-0-2-3-5-Low-Nicotine-Rechargeable-21.webp?resize=1536%2C1536&amp;ssl=1 1536w, https:\/\/i0.wp.com\/escovape.com\/wp-content\/uploads\/2025\/04\/Bang-Blaze-60000-Puffs-4-in-1-Flavors-Smart-Screen-60K-0-2-3-5-Low-Nicotine-Rechargeable-21.webp?resize=12%2C12&amp;ssl=1 12w, https:\/\/i0.wp.com\/escovape.com\/wp-content\/uploads\/2025\/04\/Bang-Blaze-60000-Puffs-4-in-1-Flavors-Smart-Screen-60K-0-2-3-5-Low-Nicotine-Rechargeable-21.webp?resize=300%2C300&amp;ssl=1 300w, https:\/\/i0.wp.com\/escovape.com\/wp-content\/uploads\/2025\/04\/Bang-Blaze-60000-Puffs-4-in-1-Flavors-Smart-Screen-60K-0-2-3-5-Low-Nicotine-Rechargeable-21.webp?resize=600%2C600&amp;ssl=1 600w, https:\/\/i0.wp.com\/escovape.com\/wp-content\/uploads\/2025\/04\/Bang-Blaze-60000-Puffs-4-in-1-Flavors-Smart-Screen-60K-0-2-3-5-Low-Nicotine-Rechargeable-21.webp?resize=100%2C100&amp;ssl=1 100w, https:\/\/i0.wp.com\/escovape.com\/wp-content\/uploads\/2025\/04\/Bang-Blaze-60000-Puffs-4-in-1-Flavors-Smart-Screen-60K-0-2-3-5-Low-Nicotine-Rechargeable-21.webp?w=2000&amp;ssl=1 2000w\" sizes=\"auto, (max-width: 800px) 100vw, 800px\" \/><\/p>\n<p><img data-recalc-dims=\"1\" loading=\"lazy\" decoding=\"async\" class=\"alignnone wp-image-22817 size-large\" src=\"https:\/\/i0.wp.com\/escovape.com\/wp-content\/uploads\/2025\/04\/Bang-Blaze-60000-Puffs-4-in-1-Flavors-Smart-Screen-60K-0-2-3-5-Low-Nicotine-Rechargeable-22.webp?resize=800%2C800&#038;ssl=1\" alt=\"Bang Blaze 60000 Puffs 4 w 1 Smaki Inteligentny Ekran 60K 0% 2% 3% 5% Nisk\u0105 zawarto\u015bci\u0105 nikotyny Mo\u017cliwo\u015b\u0107 ponownego \u0142adowania Jednorazowe Vape Pen Zakup hurtowy\" width=\"800\" height=\"800\" title=\"\" srcset=\"https:\/\/i0.wp.com\/escovape.com\/wp-content\/uploads\/2025\/04\/Bang-Blaze-60000-Puffs-4-in-1-Flavors-Smart-Screen-60K-0-2-3-5-Low-Nicotine-Rechargeable-22.webp?resize=800%2C800&amp;ssl=1 800w, https:\/\/i0.wp.com\/escovape.com\/wp-content\/uploads\/2025\/04\/Bang-Blaze-60000-Puffs-4-in-1-Flavors-Smart-Screen-60K-0-2-3-5-Low-Nicotine-Rechargeable-22.webp?resize=400%2C400&amp;ssl=1 400w, https:\/\/i0.wp.com\/escovape.com\/wp-content\/uploads\/2025\/04\/Bang-Blaze-60000-Puffs-4-in-1-Flavors-Smart-Screen-60K-0-2-3-5-Low-Nicotine-Rechargeable-22.webp?resize=280%2C280&amp;ssl=1 280w, https:\/\/i0.wp.com\/escovape.com\/wp-content\/uploads\/2025\/04\/Bang-Blaze-60000-Puffs-4-in-1-Flavors-Smart-Screen-60K-0-2-3-5-Low-Nicotine-Rechargeable-22.webp?resize=768%2C768&amp;ssl=1 768w, https:\/\/i0.wp.com\/escovape.com\/wp-content\/uploads\/2025\/04\/Bang-Blaze-60000-Puffs-4-in-1-Flavors-Smart-Screen-60K-0-2-3-5-Low-Nicotine-Rechargeable-22.webp?resize=1536%2C1536&amp;ssl=1 1536w, https:\/\/i0.wp.com\/escovape.com\/wp-content\/uploads\/2025\/04\/Bang-Blaze-60000-Puffs-4-in-1-Flavors-Smart-Screen-60K-0-2-3-5-Low-Nicotine-Rechargeable-22.webp?resize=12%2C12&amp;ssl=1 12w, https:\/\/i0.wp.com\/escovape.com\/wp-content\/uploads\/2025\/04\/Bang-Blaze-60000-Puffs-4-in-1-Flavors-Smart-Screen-60K-0-2-3-5-Low-Nicotine-Rechargeable-22.webp?resize=300%2C300&amp;ssl=1 300w, https:\/\/i0.wp.com\/escovape.com\/wp-content\/uploads\/2025\/04\/Bang-Blaze-60000-Puffs-4-in-1-Flavors-Smart-Screen-60K-0-2-3-5-Low-Nicotine-Rechargeable-22.webp?resize=600%2C600&amp;ssl=1 600w, https:\/\/i0.wp.com\/escovape.com\/wp-content\/uploads\/2025\/04\/Bang-Blaze-60000-Puffs-4-in-1-Flavors-Smart-Screen-60K-0-2-3-5-Low-Nicotine-Rechargeable-22.webp?resize=100%2C100&amp;ssl=1 100w, https:\/\/i0.wp.com\/escovape.com\/wp-content\/uploads\/2025\/04\/Bang-Blaze-60000-Puffs-4-in-1-Flavors-Smart-Screen-60K-0-2-3-5-Low-Nicotine-Rechargeable-22.webp?w=2000&amp;ssl=1 2000w\" sizes=\"auto, (max-width: 800px) 100vw, 800px\" \/><\/p>","protected":false},"excerpt":{"rendered":"<p>The <strong>Bang Blaze 60000 Puffs \n\n(Translation is not needed in this case, as it appears to be a product name or brand) \nBang Blaze 60000 Puffs<\/strong> jest wysokowydajn\u0105, \u0142adowaln\u0105, jednorazow\u0105 waporyzator z 56 ml p\u0142ynu do e-papieros\u00f3w, funkcjonalno\u015bci\u0105 4 w 1, inteligentnym wy\u015bwietlaczem i konfigurowalnymi poziomami nikotyny, oferuj\u0105c\u0105 do 60 000 zaci\u0105gni\u0119\u0107 d\u0142ugotrwa\u0142ej, satysfakcjonuj\u0105cej pary w \u017cywym, przyjaznym dla u\u017cytkownika designie.<\/p>","protected":false},"featured_media":22809,"comment_status":"open","ping_status":"closed","template":"","meta":{"_lmt_disableupdate":"no","_lmt_disable":""},"product_brand":[],"product_cat":[18,193,55,57,97,98,99,100,101,102,103,104,105,106,107,108,109,110,111,112,113,114,15,59,61,133,42],"product_tag":[],"class_list":{"0":"post-22816","1":"product","2":"type-product","3":"status-publish","4":"has-post-thumbnail","6":"product_cat-bang","7":"product_cat-60000-puffs-disposable-vapes","8":"product_cat-big-puffs-disposable-vapes","9":"product_cat-digital-box-disposable-vapes","10":"product_cat-disposable-vape-in-europe","11":"product_cat-disposable-vape-wholesale-austria","12":"product_cat-disposable-vape-wholesale-belgium","13":"product_cat-disposable-vape-wholesale-czech-republic","14":"product_cat-disposable-vape-wholesale-denmark","15":"product_cat-disposable-vape-wholesale-finland","16":"product_cat-disposable-vape-wholesale-france","17":"product_cat-disposable-vape-wholesale-germany","18":"product_cat-disposable-vape-wholesale-greece","19":"product_cat-disposable-vape-wholesale-hungary","20":"product_cat-disposable-vape-wholesale-italy","21":"product_cat-disposable-vape-wholesale-netherlands","22":"product_cat-disposable-vape-wholesale-norway","23":"product_cat-disposable-vape-wholesale-portugal","24":"product_cat-disposable-vape-wholesale-romania","25":"product_cat-disposable-vape-wholesale-spain","26":"product_cat-disposable-vape-wholesale-sweden","27":"product_cat-disposable-vape-wholesale-switzerland","28":"product_cat-disposable-vapes","29":"product_cat-lower-nicotine-disposable-vapes","30":"product_cat-rechargeable-disposable-vapes","31":"product_cat-shop-best-disposable-vape-flavors","32":"product_cat-shop-by-puffs","34":"first","35":"instock","36":"shipping-taxable","37":"purchasable","38":"product-type-variable"},"jetpack_sharing_enabled":true,"_links":{"self":[{"href":"https:\/\/escovape.com\/pl\/wp-json\/wp\/v2\/product\/22816","targetHints":{"allow":["GET"]}}],"collection":[{"href":"https:\/\/escovape.com\/pl\/wp-json\/wp\/v2\/product"}],"about":[{"href":"https:\/\/escovape.com\/pl\/wp-json\/wp\/v2\/types\/product"}],"replies":[{"embeddable":true,"href":"https:\/\/escovape.com\/pl\/wp-json\/wp\/v2\/comments?post=22816"}],"wp:featuredmedia":[{"embeddable":true,"href":"https:\/\/escovape.com\/pl\/wp-json\/wp\/v2\/media\/22809"}],"wp:attachment":[{"href":"https:\/\/escovape.com\/pl\/wp-json\/wp\/v2\/media?parent=22816"}],"wp:term":[{"taxonomy":"product_brand","embeddable":true,"href":"https:\/\/escovape.com\/pl\/wp-json\/wp\/v2\/product_brand?post=22816"},{"taxonomy":"product_cat","embeddable":true,"href":"https:\/\/escovape.com\/pl\/wp-json\/wp\/v2\/product_cat?post=22816"},{"taxonomy":"product_tag","embeddable":true,"href":"https:\/\/escovape.com\/pl\/wp-json\/wp\/v2\/product_tag?post=22816"}],"curies":[{"name":"wp","href":"https:\/\/api.w.org\/{rel}","templated":true}]}}