{"id":28423,"date":"2025-07-22T09:34:26","date_gmt":"2025-07-22T09:34:26","guid":{"rendered":"https:\/\/escovape.com\/?post_type=product&#038;p=28423"},"modified":"2025-08-05T01:59:02","modified_gmt":"2025-08-05T01:59:02","slug":"bang-blaze-e-shisha-42k-pff-dsk038-premiumowa-jednorazowa-vape-z-mozliwoscia-ponownego-ladowania-nisko-nikotynowa-zakup-hurtowy-luzem","status":"publish","type":"product","link":"https:\/\/escovape.com\/pl\/product\/bang-blaze-e-shisha-42k-puffs-dsk038-premium-rechargeable-disposable-vapes-low-nicotine-bulk-buy-wholesale\/","title":{"rendered":"BANG BLAZE E-SHISHA 42K Puffs DSK038 Premium Rechargeable Disposable Vapes Nisk\u0105 zawarto\u015bci\u0105 nikotyny Zakup hurtowy luzem"},"content":{"rendered":"<h2 data-start=\"292\" data-end=\"346\">Pot\u0119\u017cna wydajno\u015b\u0107 42000-puff <a href=\"https:\/\/escovape.com\/pl\/kategoria-produktu\/jednorazowe-waporyzatory\/jednorazowe-waporyzatory-o-nizszej-zawartosci-nikotyny\/\">Vape o niskiej zawarto\u015bci nikotyny<\/a><\/h2>\n<p data-start=\"347\" data-end=\"851\">The <strong data-start=\"351\" data-end=\"382\">BANG BLAZE E-SHISHA 42K Puffs DSK038<\/strong> jest <strong><a href=\"https:\/\/escovape.com\/pl\/kategoria-produktu\/jednorazowe-waporyzatory\/jednorazowe-waporyzatory-wielokrotnego-ladowania\/\">premiumowa, \u0142adowalna, jednorazowa e-papieros<\/a><\/strong> zaprojektowane dla d\u0142ugotrwa\u0142ej przyjemno\u015bci, oferuj\u0105ce imponuj\u0105ce <strong data-start=\"485\" data-end=\"501\">42 000 pff\u00f3w<\/strong> zasilany przez a <strong data-start=\"515\" data-end=\"534\">Bateria 1000mAh<\/strong>, <strong data-start=\"536\" data-end=\"562\">30ml pojemno\u015b\u0107 e-liquidu<\/strong>i p\u0142ynna dual <strong data-start=\"580\" data-end=\"599\">0,6\u03a9 cewki siatkowe<\/strong>Idealne dla sprzedawc\u00f3w detalicznych i dystrybutor\u00f3w, urz\u0105dzenie z nisk\u0105 zawarto\u015bci\u0105 nikotyny charakteryzuje si\u0119 <strong data-start=\"673\" data-end=\"692\">\u0141adowanie przez USB-C<\/strong>, a <strong data-start=\"696\" data-end=\"716\">wy\u015bwietlacz LED o wysokim kontra\u015bcie<\/strong>oraz wsparcie OEM\/ODM - teraz dost\u0119pne dla <strong data-start=\"756\" data-end=\"774\">hurtownia<\/strong> wy\u0142\u0105cznie w <strong data-start=\"790\" data-end=\"802\">Escovape<\/strong>Twoja zaufana europejska platforma dla jednorazowych waporyzator\u00f3w.<\/p>\n<hr data-start=\"853\" data-end=\"856\" \/>\n<h2 data-start=\"858\" data-end=\"923\">G\u0142\u00f3wne cechy <a href=\"https:\/\/escovape.com\/pl\/kategoria-produktu\/huk\/\">BANG<\/a> BLAZE E-SHISHA 42K Puffs DSK038<\/h2>\n<ul data-start=\"924\" data-end=\"1396\">\n<li data-start=\"924\" data-end=\"987\">\n<p data-start=\"926\" data-end=\"987\">Do <strong data-start=\"932\" data-end=\"948\">42 000 pff\u00f3w<\/strong> na urz\u0105dzenie - idealne do d\u0142ugotrwa\u0142ego u\u017cytku<\/p>\n<\/li>\n<li data-start=\"988\" data-end=\"1046\">\n<p data-start=\"990\" data-end=\"1046\"><strong data-start=\"990\" data-end=\"1018\">30ml wst\u0119pnie nape\u0142niona e-ciek\u0142o\u015b\u0107<\/strong> z nisk\u0105 zawarto\u015bci\u0105 nikotyny<\/p>\n<\/li>\n<li data-start=\"1047\" data-end=\"1092\">\n<p data-start=\"1049\" data-end=\"1092\">Wbudowany <strong data-start=\"1058\" data-end=\"1090\">Bateria akumulatorowa 1000mAh<\/strong><\/p>\n<\/li>\n<li data-start=\"1093\" data-end=\"1154\">\n<p data-start=\"1095\" data-end=\"1154\"><strong data-start=\"1095\" data-end=\"1119\">Port \u0142adowania typu C<\/strong> dla szybszej, bardziej efektywnej mocy<\/p>\n<\/li>\n<li data-start=\"1155\" data-end=\"1215\">\n<p data-start=\"1157\" data-end=\"1215\"><strong data-start=\"1157\" data-end=\"1181\">Podw\u00f3jne siatkowe cewki 0,6\u03a9<\/strong> dla sp\u00f3jnej pary i smaku<\/p>\n<\/li>\n<li data-start=\"1216\" data-end=\"1279\">\n<p data-start=\"1218\" data-end=\"1279\"><strong data-start=\"1218\" data-end=\"1232\">Ekran LED<\/strong> wy\u015bwietla wyra\u017anie \u017cywotno\u015b\u0107 baterii oraz liczb\u0119 zaci\u0105gni\u0119\u0107<\/p>\n<\/li>\n<li data-start=\"1280\" data-end=\"1334\">\n<p data-start=\"1282\" data-end=\"1334\">Smuk\u0142a, nowoczesna konstrukcja u\u0142atwiaj\u0105ca obs\u0142ug\u0119 i przechowywanie<\/p>\n<\/li>\n<li data-start=\"1335\" data-end=\"1396\">\n<p data-start=\"1337\" data-end=\"1396\"><strong data-start=\"1337\" data-end=\"1362\">Dostosowanie OEM\/ODM<\/strong> dost\u0119pne dla elastyczno\u015bci marki<\/p>\n<\/li>\n<\/ul>\n<hr data-start=\"1398\" data-end=\"1401\" \/>\n<h2 data-start=\"1403\" data-end=\"1456\">Dlaczego <a href=\"https:\/\/escovape.com\/pl\/kategoria-produktu\/huk\/\">BANG BLAZE <\/a>E-SHISHA 42K Puffs Jest Idealna dla Hurtowni<\/h2>\n<p data-start=\"1457\" data-end=\"1911\">Je\u015bli szukasz akumulatorowego, jednorazowego waporyzatora, kt\u00f3ry jest zbudowany, aby wytrzyma\u0107, to <strong data-start=\"1536\" data-end=\"1567\">BANG BLAZE E-SHISHA 42K Puffs BLAZE DSK038<\/strong> dostarcza niezr\u00f3wnan\u0105 warto\u015b\u0107. Jego wysoka pojemno\u015b\u0107 p\u0105czk\u00f3w oznacza rzadsze wymiany, podczas gdy system cewki siatkowej zapewnia g\u0142adkie i aromatyczne doznania. Ekran LED dodaje wygody, czyni\u0105c go idealnym zar\u00f3wno dla pocz\u0105tkuj\u0105cych, jak i do\u015bwiadczonych waper\u00f3w. Hurtowi nabywcy doceni\u0105 r\u00f3wnie\u017c mo\u017cliwo\u015b\u0107 personalizacji opakowa\u0144 oraz niezawodn\u0105 europejsk\u0105 dystrybucj\u0119 Escovape.<\/p>\n<hr data-start=\"1913\" data-end=\"1916\" \/>\n<h2 data-start=\"1918\" data-end=\"1980\">Lista Smak\u00f3w \u2013 BANG BLAZE E-SHISHA 42K Puffs BLAZE DSK038<\/h2>\n<p data-start=\"1981\" data-end=\"2032\">Wybierz z szerokiej gamy ulubionych smak\u00f3w:<\/p>\n<ol data-start=\"2034\" data-end=\"2294\">\n<li data-start=\"2034\" data-end=\"2043\">\n<p data-start=\"2037\" data-end=\"2043\">Mi\u0119ta<\/p>\n<\/li>\n<li data-start=\"2044\" data-end=\"2063\">\n<p data-start=\"2047\" data-end=\"2063\">bor\u00f3wka mi\u0119towa<\/p>\n<\/li>\n<li data-start=\"2064\" data-end=\"2082\">\n<p data-start=\"2067\" data-end=\"2082\">Podw\u00f3jne Jab\u0142ka<\/p>\n<\/li>\n<li data-start=\"2083\" data-end=\"2097\">\n<p data-start=\"2086\" data-end=\"2097\">Brzoskwiniowy L\u00f3d<\/p>\n<\/li>\n<li data-start=\"2098\" data-end=\"2122\">\n<p data-start=\"2101\" data-end=\"2122\">Jagoda Bor\u00f3wka, Malina<\/p>\n<\/li>\n<li data-start=\"2123\" data-end=\"2141\">\n<p data-start=\"2126\" data-end=\"2141\">L\u00f3d Bor\u00f3wkowy<\/p>\n<\/li>\n<li data-start=\"2142\" data-end=\"2162\">\n<p data-start=\"2145\" data-end=\"2162\">Jagodowy Brzoskwiowy<\/p>\n<\/li>\n<li data-start=\"2163\" data-end=\"2178\">\n<p data-start=\"2166\" data-end=\"2178\">Arbuz<\/p>\n<\/li>\n<li data-start=\"2179\" data-end=\"2205\">\n<p data-start=\"2182\" data-end=\"2205\">Truskawkowy Arbuz<\/p>\n<\/li>\n<li data-start=\"2206\" data-end=\"2229\">\n<p data-start=\"2210\" data-end=\"2229\">Truskawkowy Lychee<\/p>\n<\/li>\n<li data-start=\"2230\" data-end=\"2246\">\n<p data-start=\"2234\" data-end=\"2246\">Mi\u0119ta Winogronowa<\/p>\n<\/li>\n<li data-start=\"2247\" data-end=\"2264\">\n<p data-start=\"2251\" data-end=\"2264\">Mieszane Owoce<\/p>\n<\/li>\n<li data-start=\"2265\" data-end=\"2278\">\n<p data-start=\"2269\" data-end=\"2278\">Moja Mi\u0142o\u015b\u0107<\/p>\n<\/li>\n<li data-start=\"2279\" data-end=\"2294\">\n<p data-start=\"2283\" data-end=\"2294\">Mango lody<\/p>\n<\/li>\n<\/ol>\n<hr data-start=\"2296\" data-end=\"2299\" \/>\n<h2 data-start=\"2301\" data-end=\"2351\">Specyfikacje - Zbudowane dla Wymagaj\u0105cych Palaczy<\/h2>\n<ul data-start=\"2352\" data-end=\"2693\">\n<li data-start=\"2352\" data-end=\"2372\">\n<p data-start=\"2354\" data-end=\"2372\"><strong data-start=\"2354\" data-end=\"2364\">Puffy:<\/strong> 42000<\/p>\n<\/li>\n<li data-start=\"2373\" data-end=\"2404\">\n<p data-start=\"2375\" data-end=\"2404\"><strong data-start=\"2375\" data-end=\"2397\">Pojemno\u015b\u0107 e-liquidu:<\/strong> 30ml<\/p>\n<\/li>\n<li data-start=\"2405\" data-end=\"2453\">\n<p data-start=\"2407\" data-end=\"2453\"><strong data-start=\"2407\" data-end=\"2428\">Pojemno\u015b\u0107 baterii:<\/strong> 1000mAh (Akumulator)<\/p>\n<\/li>\n<li data-start=\"2454\" data-end=\"2500\">\n<p data-start=\"2456\" data-end=\"2500\"><strong data-start=\"2456\" data-end=\"2476\">Op\u00f3r cewki:<\/strong> 0,6\u03a9 (Podw\u00f3jna cewka siatkowa)<\/p>\n<\/li>\n<li data-start=\"2501\" data-end=\"2530\">\n<p data-start=\"2503\" data-end=\"2530\"><strong data-start=\"2503\" data-end=\"2521\">Port \u0142adowania:<\/strong> Typ-C<\/p>\n<\/li>\n<li data-start=\"2531\" data-end=\"2562\">\n<p data-start=\"2533\" data-end=\"2562\"><strong data-start=\"2533\" data-end=\"2555\">Waga na urz\u0105dzenie:<\/strong> 146g<\/p>\n<\/li>\n<li data-start=\"2563\" data-end=\"2598\">\n<p data-start=\"2565\" data-end=\"2598\"><strong data-start=\"2565\" data-end=\"2590\">Waga pude\u0142ka (8 sztuk):<\/strong> 1224g<\/p>\n<\/li>\n<li data-start=\"2599\" data-end=\"2653\">\n<p data-start=\"2601\" data-end=\"2653\"><strong data-start=\"2601\" data-end=\"2618\">Specyfikacja kartonu:<\/strong> 160 jednostek | Waga brutto: 25,5 kg<\/p>\n<\/li>\n<li data-start=\"2654\" data-end=\"2693\">\n<p data-start=\"2656\" data-end=\"2693\"><strong data-start=\"2656\" data-end=\"2672\">Wielko\u015b\u0107 kartonu:<\/strong> 54 \u00d7 42,6 \u00d7 28,8cm<\/p>\n<\/li>\n<\/ul>\n<hr data-start=\"2695\" data-end=\"2698\" \/>\n<h2 data-start=\"2700\" data-end=\"2764\">Hurtownia od <a href=\"https:\/\/escovape.com\/pl\/\">Escovape<\/a> - Zaufany Dystrybutor E-papieros\u00f3w w Europie<\/h2>\n<p data-start=\"2765\" data-end=\"3132\">Jako wiod\u0105ca platforma internetowa dla jednorazowych waporyzator\u00f3w w Europie, <strong data-start=\"2826\" data-end=\"2838\">Escovape<\/strong> oferuje <strong data-start=\"2850\" data-end=\"2881\">BANG BLAZE E-SHISHA 42K Puffs BLAZE DSK038<\/strong> w niezr\u00f3wnanych cenach hurtowych. Niezale\u017cnie od tego, czy uzupe\u0142niasz zapasy w swoim sklepie, czy wprowadzasz swoj\u0105 mark\u0119 poprzez OEM, urz\u0105dzenie to spe\u0142nia wszystkie wymagania - wydajno\u015b\u0107, personalizacja i niezawodno\u015b\u0107. Zam\u00f3w dzi\u015b hurtowo i zapewnij swoim klientom do\u015bwiadczenie wapowania, kt\u00f3re trwa.<\/p>\n<p data-start=\"2765\" data-end=\"3132\"><img data-recalc-dims=\"1\" loading=\"lazy\" decoding=\"async\" class=\"alignnone wp-image-28426 size-full\" src=\"https:\/\/i0.wp.com\/escovape.com\/wp-content\/uploads\/2025\/07\/BANG-42K-Puffs-BLAZE-DSK038-Premium-Rechargeable-Disposable-Vapes-Low-Nicotine-Bulk-Wholesale-2-scaled.webp?resize=1020%2C2101&#038;ssl=1\" alt=\"BANG Blaze E-Shisha 42K Puffs DSK038 Premium Rechargeable Disposable Vapes Nisk\u0105 zawarto\u015bci\u0105 nikotyny Hurtownia luzem\" width=\"1020\" height=\"2101\" title=\"\" srcset=\"https:\/\/i0.wp.com\/escovape.com\/wp-content\/uploads\/2025\/07\/BANG-42K-Puffs-BLAZE-DSK038-Premium-Rechargeable-Disposable-Vapes-Low-Nicotine-Bulk-Wholesale-2-scaled.webp?w=1243&amp;ssl=1 1243w, https:\/\/i0.wp.com\/escovape.com\/wp-content\/uploads\/2025\/07\/BANG-42K-Puffs-BLAZE-DSK038-Premium-Rechargeable-Disposable-Vapes-Low-Nicotine-Bulk-Wholesale-2-scaled.webp?resize=194%2C400&amp;ssl=1 194w, https:\/\/i0.wp.com\/escovape.com\/wp-content\/uploads\/2025\/07\/BANG-42K-Puffs-BLAZE-DSK038-Premium-Rechargeable-Disposable-Vapes-Low-Nicotine-Bulk-Wholesale-2-scaled.webp?resize=389%2C800&amp;ssl=1 389w, https:\/\/i0.wp.com\/escovape.com\/wp-content\/uploads\/2025\/07\/BANG-42K-Puffs-BLAZE-DSK038-Premium-Rechargeable-Disposable-Vapes-Low-Nicotine-Bulk-Wholesale-2-scaled.webp?resize=768%2C1581&amp;ssl=1 768w, https:\/\/i0.wp.com\/escovape.com\/wp-content\/uploads\/2025\/07\/BANG-42K-Puffs-BLAZE-DSK038-Premium-Rechargeable-Disposable-Vapes-Low-Nicotine-Bulk-Wholesale-2-scaled.webp?resize=746%2C1536&amp;ssl=1 746w, https:\/\/i0.wp.com\/escovape.com\/wp-content\/uploads\/2025\/07\/BANG-42K-Puffs-BLAZE-DSK038-Premium-Rechargeable-Disposable-Vapes-Low-Nicotine-Bulk-Wholesale-2-scaled.webp?resize=995%2C2048&amp;ssl=1 995w, https:\/\/i0.wp.com\/escovape.com\/wp-content\/uploads\/2025\/07\/BANG-42K-Puffs-BLAZE-DSK038-Premium-Rechargeable-Disposable-Vapes-Low-Nicotine-Bulk-Wholesale-2-scaled.webp?resize=6%2C12&amp;ssl=1 6w, https:\/\/i0.wp.com\/escovape.com\/wp-content\/uploads\/2025\/07\/BANG-42K-Puffs-BLAZE-DSK038-Premium-Rechargeable-Disposable-Vapes-Low-Nicotine-Bulk-Wholesale-2-scaled.webp?resize=600%2C1235&amp;ssl=1 600w\" sizes=\"auto, (max-width: 1020px) 100vw, 1020px\" \/><\/p>","protected":false},"excerpt":{"rendered":"<p>BANG BLAZE E-SHISHA 42K Puffs DSK038 to premiumowy, niskonikotynowy, \u0142adowalny, jednorazowy waporyzator o 42 000 zaci\u0105gni\u0119\u0107, 30 ml e-p\u0142ynu, podw\u00f3jnych spiralach i ekranie LED - idealny do hurtowych zakup\u00f3w luzem od Escovape w Europie.<\/p>","protected":false},"featured_media":28424,"comment_status":"open","ping_status":"closed","template":"","meta":{"_lmt_disableupdate":"no","_lmt_disable":""},"product_brand":[],"product_cat":[18,201,55,57,97,98,99,100,101,102,103,104,105,106,107,108,109,110,111,112,113,114,15,58,59,61,62,133,42],"product_tag":[],"class_list":{"0":"post-28423","1":"product","2":"type-product","3":"status-publish","4":"has-post-thumbnail","6":"product_cat-bang","7":"product_cat-42000-puffs-disposable-vapes","8":"product_cat-big-puffs-disposable-vapes","9":"product_cat-digital-box-disposable-vapes","10":"product_cat-disposable-vape-in-europe","11":"product_cat-disposable-vape-wholesale-austria","12":"product_cat-disposable-vape-wholesale-belgium","13":"product_cat-disposable-vape-wholesale-czech-republic","14":"product_cat-disposable-vape-wholesale-denmark","15":"product_cat-disposable-vape-wholesale-finland","16":"product_cat-disposable-vape-wholesale-france","17":"product_cat-disposable-vape-wholesale-germany","18":"product_cat-disposable-vape-wholesale-greece","19":"product_cat-disposable-vape-wholesale-hungary","20":"product_cat-disposable-vape-wholesale-italy","21":"product_cat-disposable-vape-wholesale-netherlands","22":"product_cat-disposable-vape-wholesale-norway","23":"product_cat-disposable-vape-wholesale-portugal","24":"product_cat-disposable-vape-wholesale-romania","25":"product_cat-disposable-vape-wholesale-spain","26":"product_cat-disposable-vape-wholesale-sweden","27":"product_cat-disposable-vape-wholesale-switzerland","28":"product_cat-disposable-vapes","29":"product_cat-dual-mesh-disposable-vapes","30":"product_cat-lower-nicotine-disposable-vapes","31":"product_cat-rechargeable-disposable-vapes","32":"product_cat-shisha-hookah-disposable-vapes","33":"product_cat-shop-best-disposable-vape-flavors","34":"product_cat-shop-by-puffs","36":"first","37":"instock","38":"shipping-taxable","39":"purchasable","40":"product-type-variable"},"jetpack_sharing_enabled":true,"_links":{"self":[{"href":"https:\/\/escovape.com\/pl\/wp-json\/wp\/v2\/product\/28423","targetHints":{"allow":["GET"]}}],"collection":[{"href":"https:\/\/escovape.com\/pl\/wp-json\/wp\/v2\/product"}],"about":[{"href":"https:\/\/escovape.com\/pl\/wp-json\/wp\/v2\/types\/product"}],"replies":[{"embeddable":true,"href":"https:\/\/escovape.com\/pl\/wp-json\/wp\/v2\/comments?post=28423"}],"wp:featuredmedia":[{"embeddable":true,"href":"https:\/\/escovape.com\/pl\/wp-json\/wp\/v2\/media\/28424"}],"wp:attachment":[{"href":"https:\/\/escovape.com\/pl\/wp-json\/wp\/v2\/media?parent=28423"}],"wp:term":[{"taxonomy":"product_brand","embeddable":true,"href":"https:\/\/escovape.com\/pl\/wp-json\/wp\/v2\/product_brand?post=28423"},{"taxonomy":"product_cat","embeddable":true,"href":"https:\/\/escovape.com\/pl\/wp-json\/wp\/v2\/product_cat?post=28423"},{"taxonomy":"product_tag","embeddable":true,"href":"https:\/\/escovape.com\/pl\/wp-json\/wp\/v2\/product_tag?post=28423"}],"curies":[{"name":"wp","href":"https:\/\/api.w.org\/{rel}","templated":true}]}}