{"id":31043,"date":"2025-08-06T13:25:18","date_gmt":"2025-08-06T13:25:18","guid":{"rendered":"https:\/\/escovape.com\/?post_type=product&#038;p=31043"},"modified":"2025-08-06T13:25:18","modified_gmt":"2025-08-06T13:25:18","slug":"lider-bang-20k-puffow-premium-wielorazowe-jednorazowe-vape-niska-zawartoscia-nikotyny-zakup-hurtowy-luzem","status":"publish","type":"product","link":"https:\/\/escovape.com\/pl\/product\/bang-leader-20k-puffs-premium-rechargeable-disposable-vapes-low-nicotine-bulk-buy-wholesale\/","title":{"rendered":"LIDER BANG 20K Puff\u00f3w Premium Jednorazowe Waporyzatory Z Mo\u017cliwo\u015bci\u0105 Ponownego Na\u0142adowania Nisk\u0105 Zawarto\u015b\u0107 Nikotyny Zakup Hurtowy"},"content":{"rendered":"<p data-start=\"95\" data-end=\"548\">Odkryj <strong data-start=\"108\" data-end=\"133\">BANG LEADER 20K Puffs<\/strong>, a <a href=\"https:\/\/escovape.com\/pl\/kategoria-produktu\/jednorazowe-waporyzatory\/jednorazowe-waporyzatory-wielokrotnego-ladowania\/\"><strong>premiumowa, \u0142adowalna, jednorazowa e-papieros<\/strong><\/a> Zaprojektowany do d\u0142ugotrwa\u0142ego u\u017cytkowania i wyj\u0105tkowego smaku. Z maksymalnie 20 000 zaci\u0105gni\u0119\u0107, pojemno\u015bci\u0105 28 ml e-p\u0142ynu i akumulatorem 650 mAh z mo\u017cliwo\u015bci\u0105 ponownego \u0142adowania, urz\u0105dzenie to oferuje satysfakcjonuj\u0105ce do\u015bwiadczenie wapowania. Dost\u0119pny w 12 pysznych smakach i r\u00f3\u017cnych st\u0119\u017ceniach nikotyny, idealny do zakup\u00f3w hurtowych przez <strong data-start=\"473\" data-end=\"485\">Escovape<\/strong>, Twoja zaufana europejska internetowa platforma dla jednorazowych e-papieros\u00f3w.<\/p>\n<h2 data-start=\"555\" data-end=\"598\"><a href=\"https:\/\/escovape.com\/pl\/kategoria-produktu\/huk\/\">BANG<\/a> LIDER 20K Puffs \u2013 Przegl\u0105d produktu<\/h2>\n<p data-start=\"600\" data-end=\"992\">The <strong data-start=\"604\" data-end=\"629\">BANG LEADER 20K Puffs<\/strong> \u0141\u0105czy wysok\u0105 pojemno\u015b\u0107 z wygod\u0105. Ka\u017cde urz\u0105dzenie jest wst\u0119pnie nape\u0142nione 28 ml e-p\u0142ynu i wyposa\u017cone w system podw\u00f3jnej siatki grzewczej, zapewniaj\u0105c bogaty smak i g\u0142adk\u0105 produkcj\u0119 pary. Akumulator o pojemno\u015bci 650 mAh, kt\u00f3ry mo\u017cna \u0142adowa\u0107, obs\u0142uguje szybkie \u0142adowanie przez Type-C, umo\u017cliwiaj\u0105c szybkie uzupe\u0142nianie energii. Urz\u0105dzenie zapewnia imponuj\u0105ce 20 000 zaci\u0105gni\u0119\u0107 na urz\u0105dzenie, co minimalizuje potrzeb\u0119 cz\u0119stej wymiany.<\/p>\n<hr data-start=\"994\" data-end=\"997\" \/>\n<h2 data-start=\"555\" data-end=\"598\"><a href=\"https:\/\/escovape.com\/pl\/kategoria-produktu\/huk\/\">BANG LEADER<\/a> 20K funkcji<\/h2>\n<ul data-start=\"1016\" data-end=\"1610\">\n<li data-start=\"1016\" data-end=\"1108\">\n<p data-start=\"1018\" data-end=\"1108\"><strong data-start=\"1018\" data-end=\"1036\">Rozszerzone u\u017cytkowanie<\/strong>: Do 20 000 pff\u00f3w na urz\u0105dzenie, zmniejszaj\u0105c cz\u0119stotliwo\u015b\u0107 wymiany.<\/p>\n<\/li>\n<li data-start=\"1109\" data-end=\"1198\">\n<p data-start=\"1111\" data-end=\"1198\"><strong data-start=\"1111\" data-end=\"1141\">szczodra pojemno\u015b\u0107 e-liquidu<\/strong>: 28ml wst\u0119pnie nape\u0142niony p\u0142yn do e-papieros\u00f3w na d\u0142u\u017csze sesje wapowania.<\/p>\n<\/li>\n<li data-start=\"1199\" data-end=\"1274\">\n<p data-start=\"1201\" data-end=\"1274\"><strong data-start=\"1201\" data-end=\"1226\">Podw\u00f3jny System Cewki Siatki<\/strong>: Zapewnia intensywny smak oraz wysok\u0105 produkcj\u0119 pary.<\/p>\n<\/li>\n<li data-start=\"1275\" data-end=\"1361\">\n<p data-start=\"1277\" data-end=\"1361\"><strong data-start=\"1277\" data-end=\"1301\">Bateria Akumulatorowa<\/strong>: Pojemno\u015b\u0107 650mAh z szybkim \u0142adowaniem Type-C dla wygody.<\/p>\n<\/li>\n<li data-start=\"1362\" data-end=\"1450\">\n<p data-start=\"1364\" data-end=\"1450\"><strong data-start=\"1364\" data-end=\"1399\">Zdejmowalna zawarto\u015b\u0107 nikotyny<\/strong>: Dost\u0119pne w opcjach nikotynowych 0%, 2%, 3% i 5%.<\/p>\n<\/li>\n<li data-start=\"1451\" data-end=\"1522\">\n<p data-start=\"1453\" data-end=\"1522\"><strong data-start=\"1453\" data-end=\"1469\">Sleek Design \n\n Nie wymaga t\u0142umaczenia. \nOto odpowied\u017a: \nSleek Design<\/strong>: Ergonomiczny i przeno\u015bny, odpowiedni do u\u017cytku w podr\u00f3\u017cy.<\/p>\n<\/li>\n<li data-start=\"1523\" data-end=\"1610\">\n<p data-start=\"1525\" data-end=\"1610\"><strong data-start=\"1525\" data-end=\"1544\">Wsparcie OEM\/ODM<\/strong>: Dost\u0119pne opcje niestandardowego brandingu i opakowa\u0144 dla zam\u00f3wie\u0144 hurtowych.<\/p>\n<\/li>\n<\/ul>\n<hr data-start=\"1612\" data-end=\"1615\" \/>\n<h2 data-start=\"1617\" data-end=\"1637\">Dost\u0119pne smaki<\/h2>\n<ul data-start=\"1639\" data-end=\"1843\">\n<li data-start=\"1639\" data-end=\"1655\">\n<p data-start=\"1641\" data-end=\"1655\">Kraina Melona Lodowego<\/p>\n<\/li>\n<li data-start=\"1656\" data-end=\"1673\">\n<p data-start=\"1658\" data-end=\"1673\">Truskawka Kiwi<\/p>\n<\/li>\n<li data-start=\"1674\" data-end=\"1690\">\n<p data-start=\"1676\" data-end=\"1690\">Truskawkowe Lody<\/p>\n<\/li>\n<li data-start=\"1691\" data-end=\"1704\">\n<p data-start=\"1693\" data-end=\"1704\">Mango Brzoskwiniowy<\/p>\n<\/li>\n<li data-start=\"1705\" data-end=\"1726\">\n<p data-start=\"1707\" data-end=\"1726\">Jagoda Bor\u00f3wka, Malina<\/p>\n<\/li>\n<li data-start=\"1727\" data-end=\"1743\">\n<p data-start=\"1729\" data-end=\"1743\">bor\u00f3wka mi\u0119towa<\/p>\n<\/li>\n<li data-start=\"1744\" data-end=\"1755\">\n<p data-start=\"1746\" data-end=\"1755\">Mieszane Owoce<\/p>\n<\/li>\n<li data-start=\"1756\" data-end=\"1779\">\n<p data-start=\"1758\" data-end=\"1779\">Truskawkowy Arbuz<\/p>\n<\/li>\n<li data-start=\"1780\" data-end=\"1791\">\n<p data-start=\"1782\" data-end=\"1791\">L\u00f3d Winogronowy<\/p>\n<\/li>\n<li data-start=\"1792\" data-end=\"1815\">\n<p data-start=\"1794\" data-end=\"1815\">Arbuzowa Guma Do \u017bucia<\/p>\n<\/li>\n<li data-start=\"1816\" data-end=\"1831\">\n<p data-start=\"1818\" data-end=\"1831\">L\u00f3d Bor\u00f3wkowy<\/p>\n<\/li>\n<li data-start=\"1832\" data-end=\"1843\">\n<p data-start=\"1834\" data-end=\"1843\">Brzoskwiniowy L\u00f3d<\/p>\n<\/li>\n<\/ul>\n<hr data-start=\"1845\" data-end=\"1848\" \/>\n<h2 data-start=\"1850\" data-end=\"1867\">Specyfikacje<\/h2>\n<ul data-start=\"1869\" data-end=\"2140\">\n<li data-start=\"1869\" data-end=\"1899\">\n<p data-start=\"1871\" data-end=\"1899\"><strong data-start=\"1871\" data-end=\"1885\">Licznik Puff\u00f3w<\/strong>: Do 20 000<\/p>\n<\/li>\n<li data-start=\"1900\" data-end=\"1929\">\n<p data-start=\"1902\" data-end=\"1929\"><strong data-start=\"1902\" data-end=\"1923\">Pojemno\u015b\u0107 e-liquidu<\/strong>: 28 ml<\/p>\n<\/li>\n<li data-start=\"1930\" data-end=\"1970\">\n<p data-start=\"1932\" data-end=\"1970\"><strong data-start=\"1932\" data-end=\"1954\">Poziomy nikotyny<\/strong>: 0%, 2%, 3%, 5%<\/p>\n<\/li>\n<li data-start=\"1971\" data-end=\"2004\">\n<p data-start=\"1973\" data-end=\"2004\"><strong data-start=\"1973\" data-end=\"1988\">System Cewkowy<\/strong>: Podw\u00f3jna cewka siatkowa<\/p>\n<\/li>\n<li data-start=\"2005\" data-end=\"2039\">\n<p data-start=\"2007\" data-end=\"2039\"><strong data-start=\"2007\" data-end=\"2018\">Bateria<\/strong>: 650mAh akumulator \u03b5\u03c0\u03b1\u03bd\u03b1\u03c6\u03bf\u03c1\u03c4\u03b9\u03b6\u03cc\u03bc\u03b5\u03bd\u03bf\u03c2<\/p>\n<\/li>\n<li data-start=\"2040\" data-end=\"2067\">\n<p data-start=\"2042\" data-end=\"2067\"><strong data-start=\"2042\" data-end=\"2059\">Port \u0141adowania<\/strong>: Typ-C<\/p>\n<\/li>\n<li data-start=\"2068\" data-end=\"2115\">\n<p data-start=\"2070\" data-end=\"2115\"><strong data-start=\"2070\" data-end=\"2084\">Wymiary<\/strong>: Przeno\u015bna i ergonomiczna konstrukcja<\/p>\n<\/li>\n<li data-start=\"2116\" data-end=\"2140\">\n<p data-start=\"2118\" data-end=\"2140\"><strong data-start=\"2118\" data-end=\"2129\">OEM\/ODM<\/strong>: Obs\u0142ugiwane<\/p>\n<\/li>\n<\/ul>\n<hr data-start=\"2142\" data-end=\"2145\" \/>\n<h2 data-start=\"2147\" data-end=\"2194\">Dlaczego wybra\u0107 BANG LEADER 20K Puffs na <a href=\"https:\/\/escovape.com\/pl\/\">Escovape<\/a><\/h2>\n<p data-start=\"2196\" data-end=\"2321\">At <strong data-start=\"2199\" data-end=\"2211\">Escovape<\/strong>, oferujemy autentyczne <strong data-start=\"2232\" data-end=\"2257\">BANG LEADER 20K Puffs<\/strong> urz\u0105dzenia po konkurencyjnych cenach hurtowych. Nasza platforma zapewnia:<\/p>\n<ul data-start=\"2323\" data-end=\"2692\">\n<li data-start=\"2323\" data-end=\"2400\">\n<p data-start=\"2325\" data-end=\"2400\"><strong data-start=\"2325\" data-end=\"2345\">Weryfikowana Jako\u015b\u0107<\/strong>: Autentyczne produkty bezpo\u015brednio od zaufanych producent\u00f3w.<\/p>\n<\/li>\n<li data-start=\"2401\" data-end=\"2478\">\n<p data-start=\"2403\" data-end=\"2478\"><strong data-start=\"2403\" data-end=\"2422\">Zakupy hurtowe<\/strong>: Elastyczne ilo\u015bci zam\u00f3wienia, aby spe\u0142ni\u0107 potrzeby Twojej firmy.<\/p>\n<\/li>\n<li data-start=\"2479\" data-end=\"2532\">\n<p data-start=\"2481\" data-end=\"2532\"><strong data-start=\"2481\" data-end=\"2498\">Szybka Wysy\u0142ka<\/strong>: Niezawodna dostawa po Europie.<\/p>\n<\/li>\n<li data-start=\"2533\" data-end=\"2605\">\n<p data-start=\"2535\" data-end=\"2605\"><strong data-start=\"2535\" data-end=\"2560\">Opcje personalizacji<\/strong>: Us\u0142ugi OEM\/ODM dla spersonalizowanego brandingu.<\/p>\n<\/li>\n<li data-start=\"2606\" data-end=\"2692\">\n<p data-start=\"2608\" data-end=\"2692\"><strong data-start=\"2608\" data-end=\"2628\">Wsparcie Klienta<\/strong>: Dedykowana pomoc, aby zapewni\u0107 p\u0142ynne do\u015bwiadczenie zakupowe.<\/p>\n<\/li>\n<\/ul>\n<p><img data-recalc-dims=\"1\" loading=\"lazy\" decoding=\"async\" class=\"alignnone wp-image-31044 size-full\" src=\"https:\/\/i0.wp.com\/escovape.com\/wp-content\/uploads\/2025\/08\/BANG-LEADER-20K-Puffs-Premium-Rechargeable-Disposable-Vapes-Low-Nicotine-Bulk-Buy-Wholesale-1.webp?resize=1020%2C574&#038;ssl=1\" alt=\"LIDER BANG 20K Puff\u00f3w Premium Jednorazowe Waporyzatory Z Mo\u017cliwo\u015bci\u0105 Ponownego Na\u0142adowania Nisk\u0105 Zawarto\u015b\u0107 Nikotyny Zakup Hurtowy\" width=\"1020\" height=\"574\" title=\"\" srcset=\"https:\/\/i0.wp.com\/escovape.com\/wp-content\/uploads\/2025\/08\/BANG-LEADER-20K-Puffs-Premium-Rechargeable-Disposable-Vapes-Low-Nicotine-Bulk-Buy-Wholesale-1.webp?w=1920&amp;ssl=1 1920w, https:\/\/i0.wp.com\/escovape.com\/wp-content\/uploads\/2025\/08\/BANG-LEADER-20K-Puffs-Premium-Rechargeable-Disposable-Vapes-Low-Nicotine-Bulk-Buy-Wholesale-1.webp?resize=711%2C400&amp;ssl=1 711w, https:\/\/i0.wp.com\/escovape.com\/wp-content\/uploads\/2025\/08\/BANG-LEADER-20K-Puffs-Premium-Rechargeable-Disposable-Vapes-Low-Nicotine-Bulk-Buy-Wholesale-1.webp?resize=1400%2C788&amp;ssl=1 1400w, https:\/\/i0.wp.com\/escovape.com\/wp-content\/uploads\/2025\/08\/BANG-LEADER-20K-Puffs-Premium-Rechargeable-Disposable-Vapes-Low-Nicotine-Bulk-Buy-Wholesale-1.webp?resize=768%2C432&amp;ssl=1 768w, https:\/\/i0.wp.com\/escovape.com\/wp-content\/uploads\/2025\/08\/BANG-LEADER-20K-Puffs-Premium-Rechargeable-Disposable-Vapes-Low-Nicotine-Bulk-Buy-Wholesale-1.webp?resize=1536%2C864&amp;ssl=1 1536w, https:\/\/i0.wp.com\/escovape.com\/wp-content\/uploads\/2025\/08\/BANG-LEADER-20K-Puffs-Premium-Rechargeable-Disposable-Vapes-Low-Nicotine-Bulk-Buy-Wholesale-1.webp?resize=18%2C10&amp;ssl=1 18w, https:\/\/i0.wp.com\/escovape.com\/wp-content\/uploads\/2025\/08\/BANG-LEADER-20K-Puffs-Premium-Rechargeable-Disposable-Vapes-Low-Nicotine-Bulk-Buy-Wholesale-1.webp?resize=600%2C338&amp;ssl=1 600w\" sizes=\"auto, (max-width: 1020px) 100vw, 1020px\" \/><\/p>","protected":false},"excerpt":{"rendered":"<p>BANG LEADER 20K Puffs to <a href=\"https:\/\/escovape.com\/pl\/kategoria-produktu\/jednorazowe-waporyzatory\/jednorazowe-waporyzatory-o-nizszej-zawartosci-nikotyny\/\"><strong>premiumowa niskonikotynowa jednorazowa vape<\/strong><\/a> z bateri\u0105 650mAh, 28ml e-liquidu, podw\u00f3jn\u0105 cewk\u0105 siatkow\u0105 i 12 bogatymi smakami \u2014 dost\u0119pne luzem na Escovape.<\/p>","protected":false},"featured_media":31046,"comment_status":"open","ping_status":"closed","template":"","meta":{"_lmt_disableupdate":"no","_lmt_disable":""},"product_brand":[],"product_cat":[18,48,55,56,57,97,98,99,100,101,102,103,104,105,106,107,108,109,110,111,112,113,114,15,58,59,61,133,42],"product_tag":[],"class_list":{"0":"post-31043","1":"product","2":"type-product","3":"status-publish","4":"has-post-thumbnail","6":"product_cat-bang","7":"product_cat-20000-puffs-disposable-vapes","8":"product_cat-big-puffs-disposable-vapes","9":"product_cat-crystal-disposable-vapes","10":"product_cat-digital-box-disposable-vapes","11":"product_cat-disposable-vape-in-europe","12":"product_cat-disposable-vape-wholesale-austria","13":"product_cat-disposable-vape-wholesale-belgium","14":"product_cat-disposable-vape-wholesale-czech-republic","15":"product_cat-disposable-vape-wholesale-denmark","16":"product_cat-disposable-vape-wholesale-finland","17":"product_cat-disposable-vape-wholesale-france","18":"product_cat-disposable-vape-wholesale-germany","19":"product_cat-disposable-vape-wholesale-greece","20":"product_cat-disposable-vape-wholesale-hungary","21":"product_cat-disposable-vape-wholesale-italy","22":"product_cat-disposable-vape-wholesale-netherlands","23":"product_cat-disposable-vape-wholesale-norway","24":"product_cat-disposable-vape-wholesale-portugal","25":"product_cat-disposable-vape-wholesale-romania","26":"product_cat-disposable-vape-wholesale-spain","27":"product_cat-disposable-vape-wholesale-sweden","28":"product_cat-disposable-vape-wholesale-switzerland","29":"product_cat-disposable-vapes","30":"product_cat-dual-mesh-disposable-vapes","31":"product_cat-lower-nicotine-disposable-vapes","32":"product_cat-rechargeable-disposable-vapes","33":"product_cat-shop-best-disposable-vape-flavors","34":"product_cat-shop-by-puffs","36":"first","37":"instock","38":"shipping-taxable","39":"purchasable","40":"product-type-variable"},"jetpack_sharing_enabled":true,"_links":{"self":[{"href":"https:\/\/escovape.com\/pl\/wp-json\/wp\/v2\/product\/31043","targetHints":{"allow":["GET"]}}],"collection":[{"href":"https:\/\/escovape.com\/pl\/wp-json\/wp\/v2\/product"}],"about":[{"href":"https:\/\/escovape.com\/pl\/wp-json\/wp\/v2\/types\/product"}],"replies":[{"embeddable":true,"href":"https:\/\/escovape.com\/pl\/wp-json\/wp\/v2\/comments?post=31043"}],"wp:featuredmedia":[{"embeddable":true,"href":"https:\/\/escovape.com\/pl\/wp-json\/wp\/v2\/media\/31046"}],"wp:attachment":[{"href":"https:\/\/escovape.com\/pl\/wp-json\/wp\/v2\/media?parent=31043"}],"wp:term":[{"taxonomy":"product_brand","embeddable":true,"href":"https:\/\/escovape.com\/pl\/wp-json\/wp\/v2\/product_brand?post=31043"},{"taxonomy":"product_cat","embeddable":true,"href":"https:\/\/escovape.com\/pl\/wp-json\/wp\/v2\/product_cat?post=31043"},{"taxonomy":"product_tag","embeddable":true,"href":"https:\/\/escovape.com\/pl\/wp-json\/wp\/v2\/product_tag?post=31043"}],"curies":[{"name":"wp","href":"https:\/\/api.w.org\/{rel}","templated":true}]}}