{"id":33216,"date":"2025-09-20T02:47:40","date_gmt":"2025-09-20T02:47:40","guid":{"rendered":"https:\/\/escovape.com\/?post_type=product&#038;p=33216"},"modified":"2025-09-22T09:19:05","modified_gmt":"2025-09-22T09:19:05","slug":"bang-legend-85k-pffy-dsk058-trzy-smaki-premium-wielorazowe-jednorazowe-vape-niska-zawartoscia-nikotyny-zakup-hurtowy-luzem","status":"publish","type":"product","link":"https:\/\/escovape.com\/pl\/product\/bang-legend-85k-puffs-dsk058-three-flavor-premium-rechargeable-disposable-vapes-low-nicotine-bulk-buy-wholesale\/","title":{"rendered":"BANG LEGEND 85K Puffs DSK058 Trzy Smaki Premium Jednorazowe Waporyzatory Z Mo\u017cliwo\u015bci\u0105 Ponownego Na\u0142adowania Nisk\u0105 Zawarto\u015b\u0107 Nikotyny Zakup Hurtowy"},"content":{"rendered":"<h1 data-start=\"181\" data-end=\"296\"><a href=\"https:\/\/escovape.com\/pl\/kategoria-produktu\/huk\/\">BANG LEGEND<\/a> 85K Puffs DSK058 Opis<\/h1>\n<p data-start=\"324\" data-end=\"767\">BANG LEGEND 85K Puffs DSK058 to jednorazowa e-papierosa o du\u017cej pojemno\u015bci, stworzona dla waporyzuj\u0105cych, kt\u00f3rzy szukaj\u0105 r\u00f3\u017cnorodno\u015bci, wytrzyma\u0142o\u015bci i wygody w jednym urz\u0105dzeniu. Ka\u017cda jednostka jest wst\u0119pnie nape\u0142niona trzema unikalnymi smakami, umo\u017cliwiaj\u0105c u\u017cytkownikom \u0142atw\u0105 zmian\u0119 smak\u00f3w bez konieczno\u015bci przenoszenia wielu urz\u0105dze\u0144. Z imponuj\u0105cymi 85 000 zaci\u0105gni\u0119ciami, akumulatorem o pojemno\u015bci 850 mAh, kt\u00f3ry mo\u017cna \u0142adowa\u0107 oraz szybkim \u0142adowaniem przez Type-C, to urz\u0105dzenie zapewnia zar\u00f3wno moc, jak i wydajno\u015b\u0107.<\/p>\n<p data-start=\"769\" data-end=\"998\">W Escovape, zaufanej europejskiej platformie internetowej dla hurtowych zakup\u00f3w jednorazowych waporyzator\u00f3w, mo\u017cesz kupi\u0107 hurtowo BANG LEGEND 85K Puffs DSK058 w konkurencyjnych cenach - gwarantuj\u0105c swoim klientom autentyczne, niskonikotynowe i d\u0142ugotrwa\u0142e produkty.<\/p>\n<hr data-start=\"1000\" data-end=\"1003\" \/>\n<h2 data-start=\"1005\" data-end=\"1022\">G\u0142\u00f3wne funkcje<\/h2>\n<ul data-start=\"1024\" data-end=\"1676\">\n<li data-start=\"1024\" data-end=\"1083\">\n<p data-start=\"1026\" data-end=\"1083\">Masywna liczba zaci\u0105gni\u0119\u0107 \u2013 Do 85 000 zaci\u0105gni\u0119\u0107 na urz\u0105dzenie.<\/p>\n<\/li>\n<li data-start=\"1084\" data-end=\"1168\">\n<p data-start=\"1086\" data-end=\"1168\">Trzy smaki w jednym urz\u0105dzeniu - Ciesz si\u0119 r\u00f3\u017cnorodno\u015bci\u0105 bez konieczno\u015bci noszenia ze sob\u0105 wielu waporyzator\u00f3w.<\/p>\n<\/li>\n<li data-start=\"1169\" data-end=\"1269\">\n<p data-start=\"1171\" data-end=\"1269\">Bateria na\u0142adowalna - Wyposa\u017cona w bateri\u0119 o pojemno\u015bci 850mAh, \u0142atwo zasilana przez \u0142adowanie typu C.<\/p>\n<\/li>\n<li data-start=\"1270\" data-end=\"1367\">\n<p data-start=\"1272\" data-end=\"1367\">P\u0142ynne Do\u015bwiadczenie - Op\u00f3r 1,2 \u03a9 zapewnia sta\u0142\u0105 produkcj\u0119 pary i bogaty smak.<\/p>\n<\/li>\n<li data-start=\"1368\" data-end=\"1439\">\n<p data-start=\"1370\" data-end=\"1439\">Wsparcie OEM\/ODM - Odpowiednie dla niestandardowego brandingu i du\u017cych zam\u00f3wie\u0144.<\/p>\n<\/li>\n<li data-start=\"1440\" data-end=\"1516\">\n<p data-start=\"1442\" data-end=\"1516\">Wygodny rozmiar i waga - przeno\u015bny, a zarazem trwa\u0142y (~125 g na urz\u0105dzenie).<\/p>\n<\/li>\n<li data-start=\"1517\" data-end=\"1585\">\n<p data-start=\"1519\" data-end=\"1585\">Hurtownia Gotowa - Zoptymalizowane opakowanie do dystrybucji luzem.<\/p>\n<\/li>\n<li data-start=\"1586\" data-end=\"1676\">\n<p data-start=\"1588\" data-end=\"1676\">Opcje z nisk\u0105 zawarto\u015bci\u0105 nikotyny - zaprojektowane tak, aby spe\u0142nia\u0107 przepisy UE i zr\u00f3\u017cnicowane potrzeby klient\u00f3w.<\/p>\n<\/li>\n<\/ul>\n<hr data-start=\"1678\" data-end=\"1681\" \/>\n<h2 data-start=\"1683\" data-end=\"1702\">Opcje smakowe<\/h2>\n<p data-start=\"1704\" data-end=\"1824\">BANG LEGEND 85K Puffs DSK058 oferuje szeroki wyb\u00f3r kombinacji trzech smak\u00f3w, zapewniaj\u0105c co\u015b dla ka\u017cdego gustu:<\/p>\n<ol data-start=\"1826\" data-end=\"2628\">\n<li data-start=\"1826\" data-end=\"1880\">\n<p data-start=\"1829\" data-end=\"1880\">L\u00f3d Winogronowy \/ Truskawkowy Kiwi \/ Guawa Z Passion Fruit<\/p>\n<\/li>\n<li data-start=\"1881\" data-end=\"1939\">\n<p data-start=\"1884\" data-end=\"1939\">Truskawkowy L\u00f3d \/ Cytrynowy Pomara\u0144cz \/ Arbuzowa Guma Balonowa<\/p>\n<\/li>\n<li data-start=\"1940\" data-end=\"1987\">\n<p data-start=\"1943\" data-end=\"1987\">Wodny Melon \/ Mango Brzoskiewia \/ Pomara\u0144czowy Soda<\/p>\n<\/li>\n<li data-start=\"1988\" data-end=\"2044\">\n<p data-start=\"1991\" data-end=\"2044\">Pineapple Ice \/ Czerwony Byk Truskawkowy \/ Mieszane Jagody<\/p>\n<\/li>\n<li data-start=\"2045\" data-end=\"2104\">\n<p data-start=\"2048\" data-end=\"2104\">Red Bull \/ Bor\u00f3wka Arbuz \/ Cukierki Truskawkowe Lody<\/p>\n<\/li>\n<li data-start=\"2105\" data-end=\"2148\">\n<p data-start=\"2108\" data-end=\"2148\">Coke Ice \/ Jab\u0142ko Brzoskwiowe \/ R\u00f3\u017cowy Lemoniada<\/p>\n<\/li>\n<li data-start=\"2149\" data-end=\"2201\">\n<p data-start=\"2152\" data-end=\"2201\">Banana Lody \/ Truskawkowy Arbuz \/ Nied\u017awied\u017a Galaretkowy<\/p>\n<\/li>\n<li data-start=\"2202\" data-end=\"2248\">\n<p data-start=\"2205\" data-end=\"2248\">Blueberry Ice \/ Blue Razz \/ Fragrant Pear<\/p>\n<\/li>\n<li data-start=\"2249\" data-end=\"2302\">\n<p data-start=\"2252\" data-end=\"2302\">Mieszane Owoce \/ Mojito Brzoskwiniowy \/ Bor\u00f3wka Malina<\/p>\n<\/li>\n<li data-start=\"2303\" data-end=\"2354\">\n<p data-start=\"2307\" data-end=\"2354\">Czarny Smok L\u00f3d \/ Marshmallow \/ Letni Sen<\/p>\n<\/li>\n<li data-start=\"2355\" data-end=\"2417\">\n<p data-start=\"2359\" data-end=\"2417\">Truskawka Malina \/ Czarna Porzeczka \/ Truskawka Banan<\/p>\n<\/li>\n<li data-start=\"2418\" data-end=\"2478\">\n<p data-start=\"2422\" data-end=\"2478\">Truskawkowy Arbuz \/ Wi\u015bniowy Coca-Cola \/ Truskawkowa \u015bmietana<\/p>\n<\/li>\n<li data-start=\"2479\" data-end=\"2534\">\n<p data-start=\"2483\" data-end=\"2534\">Czerwone Jab\u0142ko L\u00f3d \/ Malina Arbuz \/ Aloe Winogrono<\/p>\n<\/li>\n<li data-start=\"2535\" data-end=\"2583\">\n<p data-start=\"2539\" data-end=\"2583\">Wi\u015bnia \u017burawina \/ Brzoskwinia Mango \/ Ananas<\/p>\n<\/li>\n<li data-start=\"2584\" data-end=\"2628\">\n<p data-start=\"2588\" data-end=\"2628\">Love 666 \/ Bor\u00f3wka Malina \/ Vlmto<\/p>\n<\/li>\n<\/ol>\n<hr data-start=\"2630\" data-end=\"2633\" \/>\n<h2 data-start=\"2635\" data-end=\"2664\">Specyfikacje hurtowe<\/h2>\n<ul data-start=\"2666\" data-end=\"2890\">\n<li data-start=\"2666\" data-end=\"2687\">\n<p data-start=\"2668\" data-end=\"2687\">Puffy: 85 000<\/p>\n<\/li>\n<li data-start=\"2688\" data-end=\"2734\">\n<p data-start=\"2690\" data-end=\"2734\">Bateria: 850mAh (\u0142adowalna, Type-C)<\/p>\n<\/li>\n<li data-start=\"2735\" data-end=\"2760\">\n<p data-start=\"2737\" data-end=\"2760\">Op\u00f3r: 1,2 \u03a9<\/p>\n<\/li>\n<li data-start=\"2761\" data-end=\"2790\">\n<p data-start=\"2763\" data-end=\"2790\">Pojedyncza waga: ~125 g<\/p>\n<\/li>\n<li data-start=\"2791\" data-end=\"2822\">\n<p data-start=\"2793\" data-end=\"2822\">10 szt. Waga: ~1307 g<\/p>\n<\/li>\n<li data-start=\"2823\" data-end=\"2890\">\n<p data-start=\"2825\" data-end=\"2890\">Wymiary kartonu: 51 \u00d7 50 \u00d7 28 cm (200 szt., ~28 kg waga brutto)<\/p>\n<\/li>\n<\/ul>\n<hr data-start=\"2892\" data-end=\"2895\" \/>\n<h2 data-start=\"2897\" data-end=\"2923\">Dlaczego warto kupi\u0107 od <a href=\"https:\/\/escovape.com\/pl\/\">Escovape<\/a><\/h2>\n<ul data-start=\"2925\" data-end=\"3284\">\n<li data-start=\"2925\" data-end=\"2994\">\n<p data-start=\"2927\" data-end=\"2994\">Oryginalne produkty - Gwarantowane autentyczne urz\u0105dzenia BANG LEGEND.<\/p>\n<\/li>\n<li data-start=\"2995\" data-end=\"3062\">\n<p data-start=\"2997\" data-end=\"3062\">Ceny hurtowe - Zaprojektowane dla nabywc\u00f3w hurtowych w ca\u0142ej Europie.<\/p>\n<\/li>\n<li data-start=\"3063\" data-end=\"3134\">\n<p data-start=\"3065\" data-end=\"3134\">Opcje z nisk\u0105 zawarto\u015bci\u0105 nikotyny - Szeroko akceptowane i przyjazne dla regulacji.<\/p>\n<\/li>\n<li data-start=\"3135\" data-end=\"3206\">\n<p data-start=\"3137\" data-end=\"3206\">Szybka dystrybucja w UE - niezawodna dostawa i wsparcie hurtowe.<\/p>\n<\/li>\n<li data-start=\"3207\" data-end=\"3284\">\n<p data-start=\"3209\" data-end=\"3284\">Zaufany Dostawca \u2013 Escovape specjalizuje si\u0119 w hurtowej sprzeda\u017cy jednorazowych waporyzator\u00f3w.<\/p>\n<\/li>\n<\/ul>\n<hr data-start=\"3286\" data-end=\"3289\" \/>\n<p data-start=\"3291\" data-end=\"3460\">Zam\u00f3w BANG LEGEND 85K Puffs DSK058 Trzy Smaki Jednorazow\u0105 Waporyzator ju\u017c dzi\u015b w Escovape, niezawodnej europejskiej platformie internetowej dla hurtowych zakup\u00f3w premium jednorazowych waporyzator\u00f3w.<\/p>\n<p data-start=\"3291\" data-end=\"3460\"><img data-recalc-dims=\"1\" loading=\"lazy\" decoding=\"async\" class=\"alignnone wp-image-33281 size-full\" src=\"https:\/\/i0.wp.com\/escovape.com\/wp-content\/uploads\/2025\/09\/BNAG-LEGEND-85K-Puffs-DSK058-Three-Flavor-Premium-Rechargeable-Disposable-Vapes-Low-Nicotine-Bulk-Buy-Wholesale-1-scaled.webp?resize=1020%2C2040&#038;ssl=1\" alt=\"BANG LEGEND 85K Puffs DSK058 Trzy Smaki Premium Jednorazowe Waporyzatory Z Mo\u017cliwo\u015bci\u0105 Ponownego Na\u0142adowania Nisk\u0105 Zawarto\u015b\u0107 Nikotyny Zakup Hurtowy\" width=\"1020\" height=\"2040\" title=\"\" srcset=\"https:\/\/i0.wp.com\/escovape.com\/wp-content\/uploads\/2025\/09\/BNAG-LEGEND-85K-Puffs-DSK058-Three-Flavor-Premium-Rechargeable-Disposable-Vapes-Low-Nicotine-Bulk-Buy-Wholesale-1-scaled.webp?w=1280&amp;ssl=1 1280w, https:\/\/i0.wp.com\/escovape.com\/wp-content\/uploads\/2025\/09\/BNAG-LEGEND-85K-Puffs-DSK058-Three-Flavor-Premium-Rechargeable-Disposable-Vapes-Low-Nicotine-Bulk-Buy-Wholesale-1-scaled.webp?resize=200%2C400&amp;ssl=1 200w, https:\/\/i0.wp.com\/escovape.com\/wp-content\/uploads\/2025\/09\/BNAG-LEGEND-85K-Puffs-DSK058-Three-Flavor-Premium-Rechargeable-Disposable-Vapes-Low-Nicotine-Bulk-Buy-Wholesale-1-scaled.webp?resize=400%2C800&amp;ssl=1 400w, https:\/\/i0.wp.com\/escovape.com\/wp-content\/uploads\/2025\/09\/BNAG-LEGEND-85K-Puffs-DSK058-Three-Flavor-Premium-Rechargeable-Disposable-Vapes-Low-Nicotine-Bulk-Buy-Wholesale-1-scaled.webp?resize=768%2C1536&amp;ssl=1 768w, https:\/\/i0.wp.com\/escovape.com\/wp-content\/uploads\/2025\/09\/BNAG-LEGEND-85K-Puffs-DSK058-Three-Flavor-Premium-Rechargeable-Disposable-Vapes-Low-Nicotine-Bulk-Buy-Wholesale-1-scaled.webp?resize=1024%2C2048&amp;ssl=1 1024w, https:\/\/i0.wp.com\/escovape.com\/wp-content\/uploads\/2025\/09\/BNAG-LEGEND-85K-Puffs-DSK058-Three-Flavor-Premium-Rechargeable-Disposable-Vapes-Low-Nicotine-Bulk-Buy-Wholesale-1-scaled.webp?resize=6%2C12&amp;ssl=1 6w, https:\/\/i0.wp.com\/escovape.com\/wp-content\/uploads\/2025\/09\/BNAG-LEGEND-85K-Puffs-DSK058-Three-Flavor-Premium-Rechargeable-Disposable-Vapes-Low-Nicotine-Bulk-Buy-Wholesale-1-scaled.webp?resize=600%2C1200&amp;ssl=1 600w\" sizes=\"auto, (max-width: 1020px) 100vw, 1020px\" \/><\/p>","protected":false},"excerpt":{"rendered":"<p>BANG LEGEND 85K Puffs DSK058 to wielorazowa, jednorazowa e-papieros z trzema smakami, do 85 000 zaci\u0105gni\u0119\u0107 oraz \u0142adowaniem typu C - dost\u0119pna luzem w Escovape.<\/p>","protected":false},"featured_media":33282,"comment_status":"open","ping_status":"closed","template":"","meta":{"_lmt_disableupdate":"no","_lmt_disable":""},"product_brand":[],"product_cat":[18,207,55,57,97,98,99,100,101,102,103,104,105,106,107,108,109,110,111,112,113,114,15,58,59,61,133,42,206],"product_tag":[],"class_list":{"0":"post-33216","1":"product","2":"type-product","3":"status-publish","4":"has-post-thumbnail","6":"product_cat-bang","7":"product_cat-85000-puffs-disposable-vapes","8":"product_cat-big-puffs-disposable-vapes","9":"product_cat-digital-box-disposable-vapes","10":"product_cat-disposable-vape-in-europe","11":"product_cat-disposable-vape-wholesale-austria","12":"product_cat-disposable-vape-wholesale-belgium","13":"product_cat-disposable-vape-wholesale-czech-republic","14":"product_cat-disposable-vape-wholesale-denmark","15":"product_cat-disposable-vape-wholesale-finland","16":"product_cat-disposable-vape-wholesale-france","17":"product_cat-disposable-vape-wholesale-germany","18":"product_cat-disposable-vape-wholesale-greece","19":"product_cat-disposable-vape-wholesale-hungary","20":"product_cat-disposable-vape-wholesale-italy","21":"product_cat-disposable-vape-wholesale-netherlands","22":"product_cat-disposable-vape-wholesale-norway","23":"product_cat-disposable-vape-wholesale-portugal","24":"product_cat-disposable-vape-wholesale-romania","25":"product_cat-disposable-vape-wholesale-spain","26":"product_cat-disposable-vape-wholesale-sweden","27":"product_cat-disposable-vape-wholesale-switzerland","28":"product_cat-disposable-vapes","29":"product_cat-dual-mesh-disposable-vapes","30":"product_cat-lower-nicotine-disposable-vapes","31":"product_cat-rechargeable-disposable-vapes","32":"product_cat-shop-best-disposable-vape-flavors","33":"product_cat-shop-by-puffs","34":"product_cat-triple-flavor-disposable-vapes","36":"first","37":"instock","38":"shipping-taxable","39":"purchasable","40":"product-type-variable"},"jetpack_sharing_enabled":true,"_links":{"self":[{"href":"https:\/\/escovape.com\/pl\/wp-json\/wp\/v2\/product\/33216","targetHints":{"allow":["GET"]}}],"collection":[{"href":"https:\/\/escovape.com\/pl\/wp-json\/wp\/v2\/product"}],"about":[{"href":"https:\/\/escovape.com\/pl\/wp-json\/wp\/v2\/types\/product"}],"replies":[{"embeddable":true,"href":"https:\/\/escovape.com\/pl\/wp-json\/wp\/v2\/comments?post=33216"}],"wp:featuredmedia":[{"embeddable":true,"href":"https:\/\/escovape.com\/pl\/wp-json\/wp\/v2\/media\/33282"}],"wp:attachment":[{"href":"https:\/\/escovape.com\/pl\/wp-json\/wp\/v2\/media?parent=33216"}],"wp:term":[{"taxonomy":"product_brand","embeddable":true,"href":"https:\/\/escovape.com\/pl\/wp-json\/wp\/v2\/product_brand?post=33216"},{"taxonomy":"product_cat","embeddable":true,"href":"https:\/\/escovape.com\/pl\/wp-json\/wp\/v2\/product_cat?post=33216"},{"taxonomy":"product_tag","embeddable":true,"href":"https:\/\/escovape.com\/pl\/wp-json\/wp\/v2\/product_tag?post=33216"}],"curies":[{"name":"wp","href":"https:\/\/api.w.org\/{rel}","templated":true}]}}