{"id":33946,"date":"2025-10-21T07:08:05","date_gmt":"2025-10-21T07:08:05","guid":{"rendered":"https:\/\/escovape.com\/?post_type=product&#038;p=33946"},"modified":"2025-10-21T07:08:05","modified_gmt":"2025-10-21T07:08:05","slug":"bang-legend-150k-pffow-dsk064-szesc-smakow-premium-wielorazowe-jednorazowe-vape-niska-zawartoscia-nikotyny-zakup-hurtowy-luzem","status":"publish","type":"product","link":"https:\/\/escovape.com\/pl\/product\/bang-legend-150k-puffs-dsk064-six-flavor-premium-rechargeable-disposable-vapes-low-nicotine-bulk-buy-wholesale\/","title":{"rendered":"BANG LEGEND 150K Puffs DSK064 Sze\u015b\u0107 Smak\u00f3w Premium Jednorazowe Waporyzatory Z Mo\u017cliwo\u015bci\u0105 Ponownego Na\u0142adowania Nisk\u0105 Zawarto\u015b\u0107 Nikotyny Zakup Hurtowy"},"content":{"rendered":"<h2 class=\"ng-star-inserted\"><span class=\"ng-star-inserted\"><a href=\"https:\/\/escovape.com\/pl\/kategoria-produktu\/huk\/\">BANG LEGEND<\/a> 150K Puffs DSK064: Ostateczne Do\u015bwiadczenie Wapingowe z Sze\u015bcioma Smakami<\/span><\/h2>\n<p class=\"ng-star-inserted\"><span class=\"ng-star-inserted\">Przygotuj si\u0119 na niezr\u00f3wnan\u0105 podr\u00f3\u017c wapowania z\u00a0<\/span><span class=\"ng-star-inserted\">BANG LEGEND 150K Puffs DSK064<\/span><span class=\"ng-star-inserted\">, premiumowa jednorazowa vape, kt\u00f3ra przewy\u017csza wszystkie oczekiwania. To nie tylko urz\u0105dzenie; to biblioteka smak\u00f3w w d\u0142oni. Wyobra\u017a sobie wolno\u015b\u0107 posiadania sze\u015bciu unikalnych profili smakowych w jednej, eleganckiej jednostce, zasilanej przez system, kt\u00f3ry dostarcza zadziwiaj\u0105ce 150 000 zaci\u0105gni\u0119\u0107. BANG LEGEND 150K Puffs jest uosobieniem innowacji, zaprojektowanym dla tych, kt\u00f3rzy wymagaj\u0105 najwy\u017cszego poziomu r\u00f3\u017cnorodno\u015bci i wydajno\u015bci.<\/span><\/p>\n<p class=\"ng-star-inserted\"><span class=\"ng-star-inserted\">W Escovape, wiod\u0105cej europejskiej platformie internetowej dla hurtowni jednorazowych waporyzator\u00f3w, jeste\u015bmy dumni z oferowania tego rewolucyjnego produktu. Zobowi\u0105zujemy si\u0119 do pozyskiwania najbardziej zaawansowanych urz\u0105dze\u0144 dla naszych partner\u00f3w handlowych, a BANG LEGEND 150K Puffs jest prawdziwym arcydzie\u0142em, kt\u00f3re wyr\u00f3\u017cni Twoj\u0105 firm\u0119 i zachwyci Twoich klient\u00f3w.<\/span><\/p>\n<h2 class=\"ng-star-inserted\"><span class=\"ng-star-inserted\">Nowy Standard w Technologii Vapingowej<\/span><\/h2>\n<p class=\"ng-star-inserted\"><span class=\"ng-star-inserted\">BANG LEGEND 150K Puffs<\/span><span class=\"ng-star-inserted\">\u00a0jest precyzyjnie zaprojektowany, aby zapewni\u0107 wszechstronne i bezb\u0142\u0119dne do\u015bwiadczenie wapowania. Ka\u017cdy komponent zosta\u0142 opracowany, aby maksymalnie zwi\u0119kszy\u0107 smak, wygod\u0119 i trwa\u0142o\u015b\u0107.<\/span><\/p>\n<ul class=\"ng-star-inserted\">\n<li class=\"ng-star-inserted\">\n<p class=\"ng-star-inserted\"><span class=\"ng-star-inserted\">Niemprecedented 150 000 Puff \u017bywotno\u015b\u0107:<\/span><span class=\"ng-star-inserted\">\u00a0Urz\u0105dzenie to oferuje jeden z najwy\u017cszych wska\u017anik\u00f3w liczby zaci\u0105gni\u0119\u0107 na rynku, gwarantuj\u0105c tygodnie satysfakcjonuj\u0105cego wapowania bez konieczno\u015bci wymiany.<\/span><\/p>\n<\/li>\n<li class=\"ng-star-inserted\">\n<p class=\"ng-star-inserted\"><span class=\"ng-star-inserted\">Dynamiczny System Sze\u015bciu Smak\u00f3w:<\/span><span class=\"ng-star-inserted\">\u00a0Poznaj \u015bwiat smaku z trzema r\u00f3\u017cnymi zbiornikami e-liquidu. Ciesz si\u0119 ka\u017cdym z trzech czystych smak\u00f3w osobno, lub po\u0142\u0105cz je, aby odblokowa\u0107 trzy dodatkowe, unikalne mieszanki fusion.<\/span><\/p>\n<\/li>\n<li class=\"ng-star-inserted\">\n<p class=\"ng-star-inserted\"><span class=\"ng-star-inserted\">Inteligentny Ekran Smart Wy\u015bwietlacz:<\/span><span class=\"ng-star-inserted\">\u00a0Przezroczysty ekran zapewnia Ci dane w czasie rzeczywistym na temat poziomu baterii i e-cieczy, pozwalaj\u0105c Ci na pe\u0142n\u0105 kontrol\u0119 nad Twoim do\u015bwiadczeniem.<\/span><\/p>\n<\/li>\n<li class=\"ng-star-inserted\">\n<p class=\"ng-star-inserted\"><span class=\"ng-star-inserted\">Zaawansowana cewka siatkowa dla czystego smaku:<\/span><span class=\"ng-star-inserted\">\u00a0Technologia wysokowydajnej siatki grzewczej gwarantuje szybkie i r\u00f3wnomierne ogrzewanie, produkuj\u0105c g\u0119ste, aromatyczne chmury i czysty smak od pierwszego do ostatniego zaci\u0105gni\u0119cia.<\/span><\/p>\n<\/li>\n<li class=\"ng-star-inserted\">\n<p class=\"ng-star-inserted\"><span class=\"ng-star-inserted\">Bateria Rechargeable o Wysokiej Pojemno\u015bci:<\/span><span class=\"ng-star-inserted\">\u00a0Wyposa\u017cony w solidn\u0105 wewn\u0119trzn\u0105 bateri\u0119 oraz nowoczesny port \u0142adowania Type-C, BANG LEGEND zapewnia, \u017ce zawsze b\u0119dziesz mie\u0107 zasilanie i by\u0107 gotowym do dzia\u0142ania.<\/span><\/p>\n<\/li>\n<li class=\"ng-star-inserted\">\n<p class=\"ng-star-inserted\"><span class=\"ng-star-inserted\">Dost\u0119pne w opcjach z nisk\u0105 zawarto\u015bci\u0105 nikotyny:<\/span><span class=\"ng-star-inserted\">\u00a0Zaspokoj\u0105 r\u00f3\u017cnorodn\u0105 klientel\u0119 dzi\u0119ki szerokiemu zakresowi mocy nikotyny, zaprojektowanych tak, aby zapewni\u0107 idealnie dopasowane wapowanie.<\/span><\/p>\n<\/li>\n<li class=\"ng-star-inserted\">\n<p class=\"ng-star-inserted\"><span class=\"ng-star-inserted\">Autentyczne produkty do zakupu hurtowego:<\/span><span class=\"ng-star-inserted\">\u00a0Jako zaufany hurtownik, gwarantujemy oryginalne produkty wysokiej jako\u015bci dla Twojego magazynu.<\/span><\/p>\n<\/li>\n<\/ul>\n<h2 class=\"ng-star-inserted\"><span class=\"ng-star-inserted\">Niezapomniany Spectrum Smak\u00f3w<\/span><\/h2>\n<p class=\"ng-star-inserted\"><span class=\"ng-star-inserted\">Genialno\u015b\u0107 BANG LEGEND 150K Puffs<\/span><span class=\"ng-star-inserted\">\u00a0jest jego unikalny system smak\u00f3w. Ka\u017cda z 12 wariant\u00f3w jest wyposa\u017cona w trzy podstawowe smaki, kt\u00f3re mo\u017cna waporyzowa\u0107 osobno lub miesza\u0107, tworz\u0105c trzy jeszcze bardziej ekscytuj\u0105ce kombinacje.<\/span><\/p>\n<p class=\"ng-star-inserted\"><span class=\"ng-star-inserted\">1. Trio brzoskwi\u0144:<\/span><span class=\"ng-star-inserted\">\u00a0Peach Ice \/ Mango Peach \/ Blueberry Peach oraz trzy unikalne mieszanki fusion.<\/span><\/p>\n<p class=\"ng-star-inserted\"><span class=\"ng-star-inserted\">2. Raj z Ananasem:<\/span><span class=\"ng-star-inserted\">\u00a0Pineapple Ice \/ Pineapple Coconut \/ Kiwi Fruit Pineapple Ice oraz trzy unikalne mieszanki fusion.<\/span><\/p>\n<p class=\"ng-star-inserted\"><span class=\"ng-star-inserted\">3. Eksplozja Winogron:<\/span><span class=\"ng-star-inserted\">\u00a0L\u00f3d Winogronowy \/ Gumka Winogronowa \/ Malinowe Winogrona oraz trzy unikalne mieszanki fusion.<\/span><\/p>\n<p class=\"ng-star-inserted\"><span class=\"ng-star-inserted\">4. Fala Arbuza:<\/span><span class=\"ng-star-inserted\">\u00a0Mro\u017cona Arbuz \/ Arbuz Jagody \/ Truskawkowy Arbuz oraz trzy unikalne mieszanki fusion.<\/span><\/p>\n<p class=\"ng-star-inserted\"><span class=\"ng-star-inserted\">5. Blueberry Bliss: \n5. Bliss Bor\u00f3wkowy<\/span><span class=\"ng-star-inserted\">\u00a0Blueberry Ice \/ Blueberry Raspberry \/ Blueberry Cranberry Cherry oraz trzy unikalne mieszanki fusion.<\/span><\/p>\n<p class=\"ng-star-inserted\"><span class=\"ng-star-inserted\">6. Banana Fusion:<\/span><span class=\"ng-star-inserted\">\u00a0Banana Ice \/ Truskawkowy Banan \/ Kwas Cytrynowy Pomara\u0144cza i trzy unikalne mieszanki fusion.<\/span><\/p>\n<p class=\"ng-star-inserted\"><span class=\"ng-star-inserted\">7. Mieszanka sadownicza:<\/span><span class=\"ng-star-inserted\">\u00a0Jab\u0142ko L\u00f3d \/ Jab\u0142ko Winogrono \/ Bor\u00f3wka Winogrono oraz trzy unikalne mieszanki fusion.<\/span><\/p>\n<p class=\"ng-star-inserted\"><span class=\"ng-star-inserted\">8. Fiesta Mango:<\/span><span class=\"ng-star-inserted\">\u00a0Mango Ice \/ Peach Mango Watermelon \/ Gummy Bear i trzy unikalne mieszanki fusion.<\/span><\/p>\n<p class=\"ng-star-inserted\"><span class=\"ng-star-inserted\">9. Cherry Delight:<\/span><span class=\"ng-star-inserted\">\u00a0Cerry Ice \/ Mieszane Jagody \/ Czerwona Cola oraz trzy unikalne mieszanki fusion.<\/span><\/p>\n<p class=\"ng-star-inserted\"><span class=\"ng-star-inserted\">10. Ikoniczne Mieszanki:<\/span><span class=\"ng-star-inserted\">\u00a0Red Bull \/ Arbuzowy Bubble Gum \/ Love 66 &amp; trzy unikalne mieszanki fuzji.<\/span><\/p>\n<p class=\"ng-star-inserted\"><span class=\"ng-star-inserted\">11. Truskawkowe Doznanie:<\/span><span class=\"ng-star-inserted\">\u00a0Strawberry Ice \/ Strawberry Kiwi \/ Strawberry Lychee i trzy unikalne mieszanki fusion.<\/span><\/p>\n<p class=\"ng-star-inserted\"><span class=\"ng-star-inserted\">12. Przyj\u0119cie z owocem m\u0119czennicy:<\/span><span class=\"ng-star-inserted\">\u00a0Fassionata Sok z owoc\u00f3w m\u0119czennicy \/ Guawa z limonk\u0105 \/ Sok z owoc\u00f3w m\u0119czennicy z cytryn\u0105 i trzy unikalne mieszanki fusion.<\/span><\/p>\n<h2 class=\"ng-star-inserted\"><span class=\"ng-star-inserted\">Dlaczego wybra\u0107 <a href=\"https:\/\/escovape.com\/pl\/\">Escovape<\/a>?<\/span><\/h2>\n<p class=\"ng-star-inserted\"><span class=\"ng-star-inserted\">Dla sprzedawc\u00f3w detalicznych poszukuj\u0105cych zaoferowania swoim klientom absolutnie najlepszego w \u015bwiecie wapowania,\u00a0<\/span><span class=\"ng-star-inserted\">BANG LEGEND 150K Puffs<\/span><span class=\"ng-star-inserted\">\u00a0jest niezb\u0119dnym uzupe\u0142nieniem Twojej kolekcji. Kupuj\u0105c hurtowo od mojej strony internetowej, Escovape, wsp\u00f3\u0142pracujesz z zaufanym europejskim liderem w bran\u017cy jednorazowych waporyzator\u00f3w. Oferujemy konkurencyjne ceny hurtowe i dedykowane wsparcie, aby pom\u00f3c Twojemu biznesowi prosperowa\u0107. Podnie\u015b swoje oferty z naprawd\u0119 legendarnym urz\u0105dzeniem.<\/span><\/p>\n<p>&nbsp;<\/p>\n<p><img data-recalc-dims=\"1\" loading=\"lazy\" decoding=\"async\" class=\"alignnone size-full wp-image-34011\" src=\"https:\/\/i0.wp.com\/escovape.com\/wp-content\/uploads\/2025\/10\/BANG-LEGEND-150K-Puffs-DSK064-Six-Flavor-Premium-Rechargeable-Disposable-Vapes-Low-Nicotine-Bulk-Buy-Wholesale-13.webp?resize=1020%2C1021&#038;ssl=1\" alt=\"BANG LEGEND 150K Puffs DSK064 Sze\u015b\u0107 Smak\u00f3w Premium Jednorazowe Waporyzatory Z Mo\u017cliwo\u015bci\u0105 Ponownego Na\u0142adowania Nisk\u0105 Zawarto\u015b\u0107 Nikotyny Zakup Hurtowy\" width=\"1020\" height=\"1021\" title=\"\" srcset=\"https:\/\/i0.wp.com\/escovape.com\/wp-content\/uploads\/2025\/10\/BANG-LEGEND-150K-Puffs-DSK064-Six-Flavor-Premium-Rechargeable-Disposable-Vapes-Low-Nicotine-Bulk-Buy-Wholesale-13.webp?w=1890&amp;ssl=1 1890w, https:\/\/i0.wp.com\/escovape.com\/wp-content\/uploads\/2025\/10\/BANG-LEGEND-150K-Puffs-DSK064-Six-Flavor-Premium-Rechargeable-Disposable-Vapes-Low-Nicotine-Bulk-Buy-Wholesale-13.webp?resize=400%2C400&amp;ssl=1 400w, https:\/\/i0.wp.com\/escovape.com\/wp-content\/uploads\/2025\/10\/BANG-LEGEND-150K-Puffs-DSK064-Six-Flavor-Premium-Rechargeable-Disposable-Vapes-Low-Nicotine-Bulk-Buy-Wholesale-13.webp?resize=800%2C800&amp;ssl=1 800w, https:\/\/i0.wp.com\/escovape.com\/wp-content\/uploads\/2025\/10\/BANG-LEGEND-150K-Puffs-DSK064-Six-Flavor-Premium-Rechargeable-Disposable-Vapes-Low-Nicotine-Bulk-Buy-Wholesale-13.webp?resize=280%2C280&amp;ssl=1 280w, https:\/\/i0.wp.com\/escovape.com\/wp-content\/uploads\/2025\/10\/BANG-LEGEND-150K-Puffs-DSK064-Six-Flavor-Premium-Rechargeable-Disposable-Vapes-Low-Nicotine-Bulk-Buy-Wholesale-13.webp?resize=768%2C768&amp;ssl=1 768w, https:\/\/i0.wp.com\/escovape.com\/wp-content\/uploads\/2025\/10\/BANG-LEGEND-150K-Puffs-DSK064-Six-Flavor-Premium-Rechargeable-Disposable-Vapes-Low-Nicotine-Bulk-Buy-Wholesale-13.webp?resize=1536%2C1536&amp;ssl=1 1536w, https:\/\/i0.wp.com\/escovape.com\/wp-content\/uploads\/2025\/10\/BANG-LEGEND-150K-Puffs-DSK064-Six-Flavor-Premium-Rechargeable-Disposable-Vapes-Low-Nicotine-Bulk-Buy-Wholesale-13.webp?resize=12%2C12&amp;ssl=1 12w, https:\/\/i0.wp.com\/escovape.com\/wp-content\/uploads\/2025\/10\/BANG-LEGEND-150K-Puffs-DSK064-Six-Flavor-Premium-Rechargeable-Disposable-Vapes-Low-Nicotine-Bulk-Buy-Wholesale-13.webp?resize=300%2C300&amp;ssl=1 300w, https:\/\/i0.wp.com\/escovape.com\/wp-content\/uploads\/2025\/10\/BANG-LEGEND-150K-Puffs-DSK064-Six-Flavor-Premium-Rechargeable-Disposable-Vapes-Low-Nicotine-Bulk-Buy-Wholesale-13.webp?resize=600%2C600&amp;ssl=1 600w, https:\/\/i0.wp.com\/escovape.com\/wp-content\/uploads\/2025\/10\/BANG-LEGEND-150K-Puffs-DSK064-Six-Flavor-Premium-Rechargeable-Disposable-Vapes-Low-Nicotine-Bulk-Buy-Wholesale-13.webp?resize=100%2C100&amp;ssl=1 100w\" sizes=\"auto, (max-width: 1020px) 100vw, 1020px\" \/><\/p>","protected":false},"excerpt":{"rendered":"<p class=\"ng-star-inserted\"><span class=\"ng-star-inserted\">The <\/span><span class=\"ng-star-inserted\">BANG LEGEND 150K Puffs DSK064<\/span><span class=\"ng-star-inserted\"> jest premiumow\u0105, \u0142adowaln\u0105, jednorazow\u0105 vape, kt\u00f3ra zapewnia bezprecedensow\u0105 \u017cywotno\u015b\u0107 150 000 zaci\u0105gni\u0119\u0107 oraz rewolucyjny system sze\u015bciu smak\u00f3w w jednym, pozwalaj\u0105cy cieszy\u0107 si\u0119 trzema czystymi smakami lub \u0142\u0105czy\u0107 je w trzy unikalne mieszanki, a wszystko to monitorowane na wyra\u017anym, inteligentnym ekranie.<\/span><\/p>","protected":false},"featured_media":34001,"comment_status":"open","ping_status":"closed","template":"","meta":{"_lmt_disableupdate":"no","_lmt_disable":""},"product_brand":[],"product_cat":[18,213,55,57,97,98,99,100,101,102,103,104,105,106,107,108,109,110,111,112,113,114,15,58,59,61,133,42],"product_tag":[],"class_list":{"0":"post-33946","1":"product","2":"type-product","3":"status-publish","4":"has-post-thumbnail","6":"product_cat-bang","7":"product_cat-150000-puffs-disposable-vapes","8":"product_cat-big-puffs-disposable-vapes","9":"product_cat-digital-box-disposable-vapes","10":"product_cat-disposable-vape-in-europe","11":"product_cat-disposable-vape-wholesale-austria","12":"product_cat-disposable-vape-wholesale-belgium","13":"product_cat-disposable-vape-wholesale-czech-republic","14":"product_cat-disposable-vape-wholesale-denmark","15":"product_cat-disposable-vape-wholesale-finland","16":"product_cat-disposable-vape-wholesale-france","17":"product_cat-disposable-vape-wholesale-germany","18":"product_cat-disposable-vape-wholesale-greece","19":"product_cat-disposable-vape-wholesale-hungary","20":"product_cat-disposable-vape-wholesale-italy","21":"product_cat-disposable-vape-wholesale-netherlands","22":"product_cat-disposable-vape-wholesale-norway","23":"product_cat-disposable-vape-wholesale-portugal","24":"product_cat-disposable-vape-wholesale-romania","25":"product_cat-disposable-vape-wholesale-spain","26":"product_cat-disposable-vape-wholesale-sweden","27":"product_cat-disposable-vape-wholesale-switzerland","28":"product_cat-disposable-vapes","29":"product_cat-dual-mesh-disposable-vapes","30":"product_cat-lower-nicotine-disposable-vapes","31":"product_cat-rechargeable-disposable-vapes","32":"product_cat-shop-best-disposable-vape-flavors","33":"product_cat-shop-by-puffs","35":"first","36":"instock","37":"shipping-taxable","38":"purchasable","39":"product-type-variable","40":"has-default-attributes"},"jetpack_sharing_enabled":true,"_links":{"self":[{"href":"https:\/\/escovape.com\/pl\/wp-json\/wp\/v2\/product\/33946","targetHints":{"allow":["GET"]}}],"collection":[{"href":"https:\/\/escovape.com\/pl\/wp-json\/wp\/v2\/product"}],"about":[{"href":"https:\/\/escovape.com\/pl\/wp-json\/wp\/v2\/types\/product"}],"replies":[{"embeddable":true,"href":"https:\/\/escovape.com\/pl\/wp-json\/wp\/v2\/comments?post=33946"}],"wp:featuredmedia":[{"embeddable":true,"href":"https:\/\/escovape.com\/pl\/wp-json\/wp\/v2\/media\/34001"}],"wp:attachment":[{"href":"https:\/\/escovape.com\/pl\/wp-json\/wp\/v2\/media?parent=33946"}],"wp:term":[{"taxonomy":"product_brand","embeddable":true,"href":"https:\/\/escovape.com\/pl\/wp-json\/wp\/v2\/product_brand?post=33946"},{"taxonomy":"product_cat","embeddable":true,"href":"https:\/\/escovape.com\/pl\/wp-json\/wp\/v2\/product_cat?post=33946"},{"taxonomy":"product_tag","embeddable":true,"href":"https:\/\/escovape.com\/pl\/wp-json\/wp\/v2\/product_tag?post=33946"}],"curies":[{"name":"wp","href":"https:\/\/api.w.org\/{rel}","templated":true}]}}