{"id":5210,"date":"2024-08-07T13:23:29","date_gmt":"2024-08-07T13:23:29","guid":{"rendered":"https:\/\/escovape.com\/?post_type=product&#038;p=5210"},"modified":"2025-11-25T09:38:33","modified_gmt":"2025-11-25T09:38:33","slug":"bang-vape-20000-zaciagniec-0-2-3-5-wyswietlacz-led-o-niskiej-zawartosci-nikotyny-akumulator-luzem-kup-jednorazowy-dlugopis-vape-hurtowo","status":"publish","type":"product","link":"https:\/\/escovape.com\/pl\/product\/bang-vape-20000-puffs-0-2-3-5-low-nicotine-led-display-rechargeable-bulk-buy-disposable-vape-pen-wholesale\/","title":{"rendered":"Bang Vape 20000 Puffs Dual Mesh 0% 2% 3% 5% Niskie Nikotyny Wy\u015bwietlacz LED Zasilany Ponownie Hurtownia Jednorazowe Pi\u00f3ro Vape Na Sprzeda\u017c"},"content":{"rendered":"<h2><img data-recalc-dims=\"1\" loading=\"lazy\" decoding=\"async\" class=\"alignnone wp-image-5295 size-large\" src=\"https:\/\/i0.wp.com\/escovape.com\/wp-content\/uploads\/2024\/08\/Bang-20000-Puff-18.webp?resize=800%2C800&#038;ssl=1\" alt=\"Bang Vape 20000 Puffs 0% 2% 3% 5% Nikotyna Wy\u015bwietlacz LED Zasilany Ponownie Hurtownia Jednorazowe Vape Bulk Zakup\" width=\"800\" height=\"800\" title=\"\" srcset=\"https:\/\/i0.wp.com\/escovape.com\/wp-content\/uploads\/2024\/08\/Bang-20000-Puff-18.webp?resize=800%2C800&amp;ssl=1 800w, https:\/\/i0.wp.com\/escovape.com\/wp-content\/uploads\/2024\/08\/Bang-20000-Puff-18.webp?resize=300%2C300&amp;ssl=1 300w, https:\/\/i0.wp.com\/escovape.com\/wp-content\/uploads\/2024\/08\/Bang-20000-Puff-18.webp?resize=100%2C100&amp;ssl=1 100w, https:\/\/i0.wp.com\/escovape.com\/wp-content\/uploads\/2024\/08\/Bang-20000-Puff-18.webp?resize=600%2C600&amp;ssl=1 600w, https:\/\/i0.wp.com\/escovape.com\/wp-content\/uploads\/2024\/08\/Bang-20000-Puff-18.webp?resize=400%2C400&amp;ssl=1 400w, https:\/\/i0.wp.com\/escovape.com\/wp-content\/uploads\/2024\/08\/Bang-20000-Puff-18.webp?resize=280%2C280&amp;ssl=1 280w, https:\/\/i0.wp.com\/escovape.com\/wp-content\/uploads\/2024\/08\/Bang-20000-Puff-18.webp?resize=768%2C768&amp;ssl=1 768w, https:\/\/i0.wp.com\/escovape.com\/wp-content\/uploads\/2024\/08\/Bang-20000-Puff-18.webp?resize=12%2C12&amp;ssl=1 12w, https:\/\/i0.wp.com\/escovape.com\/wp-content\/uploads\/2024\/08\/Bang-20000-Puff-18.webp?w=1000&amp;ssl=1 1000w\" sizes=\"auto, (max-width: 800px) 100vw, 800px\" \/><\/h2>\n<h2>Bang Vape 20000 Puff\u00f3w: Tw\u00f3j Nowy Przyjaciel Vape<\/h2>\n<p>Poznaj Bang 20000 Puffs LED Ekran Dyspozycyjna Vape, specjaln\u0105 vape, kt\u00f3r\u0105 znajdziesz tylko w Escovape. Ta vape jest wykonana, aby wytrzyma\u0107 i daje du\u017co pary oraz dobry smak.<\/p>\n<h3>Dlaczego <a href=\"https:\/\/escovape.com\/pl\/kategoria-produktu\/huk\/\">Bang Jednorazowe Wapes<\/a> S\u0105 Najlepsze<\/h3>\n<p>Ten waporyzator daje nawet 20 000 zaci\u0105gni\u0119\u0107! Posiada 0,8 ohmow\u0105 cewk\u0119 siatkow\u0105 (specjaln\u0105 cewk\u0119 dla wi\u0119kszej ilo\u015bci pary i smaku) oraz 25 ml p\u0142ynu. Wybierasz ilo\u015b\u0107 nikotyny: 0%, 2%, 3% lub 5%. Bateria o pojemno\u015bci 650 mAh \u0142aduje si\u0119 szybko za pomoc\u0105 kabla Type-C. Ekran LED pokazuje, ile zosta\u0142o baterii i p\u0142ynu.<\/p>\n<h3>Smak Bang Vape 20000 Puffs<\/h3>\n<p>Istnieje 9 pysznych smak\u00f3w:<\/p>\n<div class=\"markdown prose w-full break-words dark:prose-invert light\">\n<p data-pm-slice=\"0 0 []\">1. Mi\u0119ta<br \/>\n2. Truskawkowy Lychee<br \/>\n3.Truskawkowy Kiwi<br \/>\n4. truskawka mango<br \/>\n5.Malina Arbuz<br \/>\n6. Bor\u00f3wka L\u00f3d<br \/>\n7. Bor\u00f3wka Malina<br \/>\n8. Bor\u00f3wka Arbuzowa<br \/>\n9.Podw\u00f3jne Jab\u0142ko<\/p>\n<\/div>\n<div><\/div>\n<h3>Zalety Bang Vape 20000 Puff\u00f3w<\/h3>\n<p>D\u0142ugo wytrzymuje (20000 zaci\u0105gni\u0119\u0107).<br \/>\nWybierasz nikotyn\u0119 i smak samodzielnie.<br \/>\nEkran LED pokazuje to, czego potrzebujesz.<br \/>\nBateria jest akumulatorowa.<\/p>\n<h3>Vape hurtownia: Idealne rozwi\u0105zanie dla sklep\u00f3w<\/h3>\n<p>Dla sklep\u00f3w szukaj\u0105cych zakupu hurtowego: Escovape sprzedaje Bang 20000 Puffs hurtowo. Z 16 smakami i dobrymi cenami, to m\u0105dry wyb\u00f3r. Zam\u00f3w szybko i \u0142atwo.<\/p>\n<p>Wybierz Bang Vape 20000 Puffs dla niezawodnego i zabawnego do\u015bwiadczenia z wapowaniem. Idealny dla ka\u017cdego, kto lubi proste i dobre rozwi\u0105zania!<\/p>\n<div style=\"width: 580px;\" class=\"wp-video\"><video class=\"wp-video-shortcode\" id=\"video-5210-1\" width=\"580\" height=\"720\" preload=\"metadata\" controls=\"controls\"><source type=\"video\/mp4\" src=\"https:\/\/escovape.com\/wp-content\/uploads\/2024\/08\/Bang-20000-Puff-1.mp4?_=1\" \/><a href=\"https:\/\/escovape.com\/wp-content\/uploads\/2024\/08\/Bang-20000-Puff-1.mp4\">https:\/\/escovape.com\/wp-content\/uploads\/2024\/08\/Bang-20000-Puff-1.mp4<\/a><\/video><\/div>","protected":false},"excerpt":{"rendered":"<p>Bang Vape 20000 Puffs to wysokowydajny, wielokrotnego u\u017cytku, jednorazowy waporyzator o pojemno\u015bci do 20000 zaci\u0105gni\u0119\u0107, dost\u0119pny w r\u00f3\u017cnych mocach nikotyny i smakach, wyposa\u017cony w siatkow\u0105 cewk\u0119 0,8 oma, wy\u015bwietlacz LED i \u0142adowanie przez port Type-C, idealny do zakup\u00f3w hurtowych w Escovape.<\/p>","protected":false},"featured_media":5279,"comment_status":"open","ping_status":"closed","template":"","meta":{"_lmt_disableupdate":"no","_lmt_disable":""},"product_brand":[],"product_cat":[18,48,134,136,15,139,141,142,145,146,147,149,152,133,42,153,154],"product_tag":[],"class_list":{"0":"post-5210","1":"product","2":"type-product","3":"status-publish","4":"has-post-thumbnail","6":"product_cat-bang","7":"product_cat-20000-puffs-disposable-vapes","8":"product_cat-apple-flavor-disposable-vapes","9":"product_cat-blueberry-flavor-disposable-vapes","10":"product_cat-disposable-vapes","11":"product_cat-grape-flavor-disposable-vapes","12":"product_cat-ice-flavor-disposable-vapes","13":"product_cat-kiwi-flavor-disposable-vapes","14":"product_cat-mango-flavor-disposable-vapes","15":"product_cat-mint-flavor-disposable-vapes","16":"product_cat-mixed-berries-flavor-disposable-vapes","17":"product_cat-peach-flavor-disposable-vapes","18":"product_cat-red-bull-flavor-disposable-vapes","19":"product_cat-shop-best-disposable-vape-flavors","20":"product_cat-shop-by-puffs","21":"product_cat-strawberry-flavor-disposable-vapes","22":"product_cat-watermelon-flavor-disposable-vapes","24":"first","25":"instock","26":"shipping-taxable","27":"purchasable","28":"product-type-variable","29":"has-default-attributes"},"jetpack_sharing_enabled":true,"_links":{"self":[{"href":"https:\/\/escovape.com\/pl\/wp-json\/wp\/v2\/product\/5210","targetHints":{"allow":["GET"]}}],"collection":[{"href":"https:\/\/escovape.com\/pl\/wp-json\/wp\/v2\/product"}],"about":[{"href":"https:\/\/escovape.com\/pl\/wp-json\/wp\/v2\/types\/product"}],"replies":[{"embeddable":true,"href":"https:\/\/escovape.com\/pl\/wp-json\/wp\/v2\/comments?post=5210"}],"wp:featuredmedia":[{"embeddable":true,"href":"https:\/\/escovape.com\/pl\/wp-json\/wp\/v2\/media\/5279"}],"wp:attachment":[{"href":"https:\/\/escovape.com\/pl\/wp-json\/wp\/v2\/media?parent=5210"}],"wp:term":[{"taxonomy":"product_brand","embeddable":true,"href":"https:\/\/escovape.com\/pl\/wp-json\/wp\/v2\/product_brand?post=5210"},{"taxonomy":"product_cat","embeddable":true,"href":"https:\/\/escovape.com\/pl\/wp-json\/wp\/v2\/product_cat?post=5210"},{"taxonomy":"product_tag","embeddable":true,"href":"https:\/\/escovape.com\/pl\/wp-json\/wp\/v2\/product_tag?post=5210"}],"curies":[{"name":"wp","href":"https:\/\/api.w.org\/{rel}","templated":true}]}}