{"id":9631,"date":"2024-09-22T02:58:56","date_gmt":"2024-09-22T02:58:56","guid":{"rendered":"https:\/\/escovape.com\/?post_type=product&#038;p=9631"},"modified":"2025-09-03T13:03:14","modified_gmt":"2025-09-03T13:03:14","slug":"atv-13000-puffs-5-akumulatorow-o-niskiej-zawartosci-nikotyny-jednorazowe-vapes-pen-luzem-kupuj-hurtowo","status":"publish","type":"product","link":"https:\/\/escovape.com\/pl\/product\/atvs-13000-puffs-5-low-nicotine-rechargeable-disposable-vapes-pen-bulk-buy-wholesale\/","title":{"rendered":"ATV 13000 Puffs 5%  Niskonikotynowe  Jednorazowe  Waporyzatory  Z Mo\u017cliwo\u015bci\u0105 Ponownego Na\u0142adowania  Hurtownia  Zakup  Vape  Bulk Buy Wholesale"},"content":{"rendered":"<div style=\"width: 720px;\" class=\"wp-video\"><video class=\"wp-video-shortcode\" id=\"video-9631-1\" width=\"720\" height=\"720\" preload=\"metadata\" controls=\"controls\"><source type=\"video\/mp4\" src=\"https:\/\/escovape.com\/wp-content\/uploads\/2024\/09\/ATVS-13K-Puffs-3.mp4?_=1\" \/><a href=\"https:\/\/escovape.com\/wp-content\/uploads\/2024\/09\/ATVS-13K-Puffs-3.mp4\">https:\/\/escovape.com\/wp-content\/uploads\/2024\/09\/ATVS-13K-Puffs-3.mp4<\/a><\/video><\/div>\n<h2>Atvs 13000 Puffs \u2013 idealne do d\u0142ugotrwa\u0142ego u\u017cytku<\/h2>\n<p>Odkryj Atvs 13000 Puffs, jednorazow\u0105 vape z 5% nikotyny. Ta vape jest idealna dla os\u00f3b szukaj\u0105cych prostego i niezawodnego do\u015bwiadczenia. Jest \u0142adowalna i d\u0142ugotrwa\u0142a. Zam\u00f3w hurtowo dla swojego sklepu przez Escovape.<\/p>\n<h3><a href=\"https:\/\/escovape.com\/pl\/kategoria-produktu\/jednorazowe-waporyzatory-quady\/\">Atvs Jednorazowe Vapy<\/a> \u2013 Kluczowe funkcje<\/h3>\n<p>Atvs 13000 Puffs posiada bateri\u0119 o pojemno\u015bci 600mAh, kt\u00f3r\u0105 mo\u017cna \u0142adowa\u0107 za pomoc\u0105 kabla Type-C. Zawiera 15ml p\u0142ynu, co jest dobre na oko\u0142o 13 000 zaci\u0105gni\u0119\u0107. Cewka siatkowa zapewnia r\u00f3wnomierne rozprowadzenie smaku i pary. Odpowiedni dla pocz\u0105tkuj\u0105cych i zaawansowanych u\u017cytkownik\u00f3w.<\/p>\n<h3>hurtownia vape - \u015bwietna warto\u015b\u0107 w du\u017cych ilo\u015bciach<\/h3>\n<p>Kup Atvs Disposable Vapes luzem: 10 sztuk w pude\u0142ku, 200 sztuk w kartonie. Idealne dla sklep\u00f3w z du\u017c\u0105 ilo\u015bci\u0105 klient\u00f3w. Escovape dostarcza szybko po ca\u0142ej Europie. Niskie ceny za wi\u0119ksze zam\u00f3wienia.<\/p>\n<h3>Smak Atvs 13000 Puffs<\/h3>\n<p>Wybierz z tych smak\u00f3w:<\/p>\n<p>Kraina Melona Lodowego<br \/>\nBrzoskwiniowy L\u00f3d<br \/>\nMieszane Owoce<br \/>\nTruskawkowe Lody<br \/>\nGuawa Lodowa<br \/>\nLody mango<br \/>\nMi\u0119towe lody<br \/>\nTruskawkowy Arbuz<br \/>\nLodzik lycheeowy<br \/>\nLody bor\u00f3wkowe<br \/>\nLody winogronowe<br \/>\nLody Bananowe<\/p>\n<h3>Dlaczego Atvs 13000 Puffs?<\/h3>\n<p>Ten waporyzator jest lekki (102g) i \u0142atwy do przenoszenia. Klienci uwielbiaj\u0105 d\u0142ugi czas u\u017cytkowania i \u0142atw\u0105 opcj\u0119 do\u0142adowania. Zam\u00f3w hurtowo i zaoferuj swoim klientom popularny wyb\u00f3r.<\/p>\n<p>Szybka dostawa i niezawodna obs\u0142uga<br \/>\nEscovape specjalizuje si\u0119 w hurtowej sprzeda\u017cy vape. Zapewniamy prawid\u0142ow\u0105 dostaw\u0119 i jasn\u0105 komunikacj\u0119. Idealne rozwi\u0105zanie dla sklep\u00f3w w Holandii, Niemczech, Belgii i Hiszpanii.<\/p>\n<h3>Zam\u00f3w dzisiaj<\/h3>\n<p>Atvs 13000 Puffs to m\u0105dry wyb\u00f3r dla Twojej zapasy. Po\u0142\u0105cz r\u00f3\u017cne smaki i skorzystaj z cen hurtowych. Odwied\u017a Escovape.com i z\u0142\u00f3\u017c zam\u00f3wienie.<\/p>\n<h2><img data-recalc-dims=\"1\" loading=\"lazy\" decoding=\"async\" class=\"alignnone wp-image-9673 size-full\" style=\"color: #555555;font-size: 14.4px\" src=\"https:\/\/i0.wp.com\/escovape.com\/wp-content\/uploads\/2024\/09\/Atvs-13000-Photo-1.webp?resize=1000%2C644&#038;ssl=1\" alt=\"Atvs 13000 Puffs 5% Niskie Nikotyny Akumulatorowe Jednorazowe Vape&#039;y Bulkowe Zakup Hurtowy\" width=\"1000\" height=\"644\" title=\"\" srcset=\"https:\/\/i0.wp.com\/escovape.com\/wp-content\/uploads\/2024\/09\/Atvs-13000-Photo-1.webp?w=1000&amp;ssl=1 1000w, https:\/\/i0.wp.com\/escovape.com\/wp-content\/uploads\/2024\/09\/Atvs-13000-Photo-1.webp?resize=621%2C400&amp;ssl=1 621w, https:\/\/i0.wp.com\/escovape.com\/wp-content\/uploads\/2024\/09\/Atvs-13000-Photo-1.webp?resize=768%2C495&amp;ssl=1 768w, https:\/\/i0.wp.com\/escovape.com\/wp-content\/uploads\/2024\/09\/Atvs-13000-Photo-1.webp?resize=18%2C12&amp;ssl=1 18w, https:\/\/i0.wp.com\/escovape.com\/wp-content\/uploads\/2024\/09\/Atvs-13000-Photo-1.webp?resize=600%2C386&amp;ssl=1 600w\" sizes=\"auto, (max-width: 1000px) 100vw, 1000px\" \/><\/h2>\n<p><img data-recalc-dims=\"1\" loading=\"lazy\" decoding=\"async\" class=\"alignnone wp-image-9674 size-full\" src=\"https:\/\/i0.wp.com\/escovape.com\/wp-content\/uploads\/2024\/09\/Atvs-13000-Photo-4.webp?resize=1000%2C989&#038;ssl=1\" alt=\"Atvs 13000 Puffs 5% Niskie Nikotyny Akumulatorowe Jednorazowe Vape&#039;y Bulkowe Zakup Hurtowy\" width=\"1000\" height=\"989\" title=\"\" srcset=\"https:\/\/i0.wp.com\/escovape.com\/wp-content\/uploads\/2024\/09\/Atvs-13000-Photo-4.webp?w=1000&amp;ssl=1 1000w, https:\/\/i0.wp.com\/escovape.com\/wp-content\/uploads\/2024\/09\/Atvs-13000-Photo-4.webp?resize=404%2C400&amp;ssl=1 404w, https:\/\/i0.wp.com\/escovape.com\/wp-content\/uploads\/2024\/09\/Atvs-13000-Photo-4.webp?resize=809%2C800&amp;ssl=1 809w, https:\/\/i0.wp.com\/escovape.com\/wp-content\/uploads\/2024\/09\/Atvs-13000-Photo-4.webp?resize=768%2C760&amp;ssl=1 768w, https:\/\/i0.wp.com\/escovape.com\/wp-content\/uploads\/2024\/09\/Atvs-13000-Photo-4.webp?resize=12%2C12&amp;ssl=1 12w, https:\/\/i0.wp.com\/escovape.com\/wp-content\/uploads\/2024\/09\/Atvs-13000-Photo-4.webp?resize=600%2C593&amp;ssl=1 600w, https:\/\/i0.wp.com\/escovape.com\/wp-content\/uploads\/2024\/09\/Atvs-13000-Photo-4.webp?resize=100%2C100&amp;ssl=1 100w\" sizes=\"auto, (max-width: 1000px) 100vw, 1000px\" \/><\/p>","protected":false},"excerpt":{"rendered":"<p>The <strong>Atvs 13000 Puffs Rechargeable Disposable Vape Pen \n\n(at nie wymaga t\u0142umaczenia, jest to opis produktu) \n\nAtvs 13000 Puffs Rechargeable Disposable Vape Pen zostaje \n\nATVS 13000 Puff\u00f3w Rechargeable Jednorazowy Pi\u00f3ro Vape<\/strong>dost\u0119pne wy\u0142\u0105cznie w <strong>Escovape<\/strong>, dostarcza do 13 000 zaci\u0105gni\u0119\u0107 dzi\u0119ki zaawansowanej technologii siatkowej spirali grzewczej, akumulatorowi o pojemno\u015bci 600 mAh, kt\u00f3ry mo\u017cna \u0142adowa\u0107 ponownie, oraz szerokiej gamie premium smak\u00f3w, co sprawia, \u017ce jest to idealny wyb\u00f3r zar\u00f3wno dla waporyzuj\u0105cych, jak i sprzedawc\u00f3w detalicznych poszukuj\u0105cych wysokiej jako\u015bci, d\u0142ugotrwa\u0142ych rozwi\u0105za\u0144 do wapowania.<\/p>","protected":false},"featured_media":9668,"comment_status":"open","ping_status":"closed","template":"","meta":{"_lmt_disableupdate":"no","_lmt_disable":""},"product_brand":[],"product_cat":[66,86,55,136,15,139,140,141,59,145,146,147,149,61,133,42,153,154],"product_tag":[],"class_list":{"0":"post-9631","1":"product","2":"type-product","3":"status-publish","4":"has-post-thumbnail","6":"product_cat-atvs-disposable-vapes","7":"product_cat-13000-puffs-disposable-vapes","8":"product_cat-big-puffs-disposable-vapes","9":"product_cat-blueberry-flavor-disposable-vapes","10":"product_cat-disposable-vapes","11":"product_cat-grape-flavor-disposable-vapes","12":"product_cat-guava-flavor-disposable-vapes","13":"product_cat-ice-flavor-disposable-vapes","14":"product_cat-lower-nicotine-disposable-vapes","15":"product_cat-mango-flavor-disposable-vapes","16":"product_cat-mint-flavor-disposable-vapes","17":"product_cat-mixed-berries-flavor-disposable-vapes","18":"product_cat-peach-flavor-disposable-vapes","19":"product_cat-rechargeable-disposable-vapes","20":"product_cat-shop-best-disposable-vape-flavors","21":"product_cat-shop-by-puffs","22":"product_cat-strawberry-flavor-disposable-vapes","23":"product_cat-watermelon-flavor-disposable-vapes","25":"first","26":"instock","27":"shipping-taxable","28":"purchasable","29":"product-type-variable"},"jetpack_sharing_enabled":true,"_links":{"self":[{"href":"https:\/\/escovape.com\/pl\/wp-json\/wp\/v2\/product\/9631","targetHints":{"allow":["GET"]}}],"collection":[{"href":"https:\/\/escovape.com\/pl\/wp-json\/wp\/v2\/product"}],"about":[{"href":"https:\/\/escovape.com\/pl\/wp-json\/wp\/v2\/types\/product"}],"replies":[{"embeddable":true,"href":"https:\/\/escovape.com\/pl\/wp-json\/wp\/v2\/comments?post=9631"}],"wp:featuredmedia":[{"embeddable":true,"href":"https:\/\/escovape.com\/pl\/wp-json\/wp\/v2\/media\/9668"}],"wp:attachment":[{"href":"https:\/\/escovape.com\/pl\/wp-json\/wp\/v2\/media?parent=9631"}],"wp:term":[{"taxonomy":"product_brand","embeddable":true,"href":"https:\/\/escovape.com\/pl\/wp-json\/wp\/v2\/product_brand?post=9631"},{"taxonomy":"product_cat","embeddable":true,"href":"https:\/\/escovape.com\/pl\/wp-json\/wp\/v2\/product_cat?post=9631"},{"taxonomy":"product_tag","embeddable":true,"href":"https:\/\/escovape.com\/pl\/wp-json\/wp\/v2\/product_tag?post=9631"}],"curies":[{"name":"wp","href":"https:\/\/api.w.org\/{rel}","templated":true}]}}