{"id":3,"date":"2024-04-03T14:38:52","date_gmt":"2024-04-03T14:38:52","guid":{"rendered":"https:\/\/escovape.com\/?page_id=3"},"modified":"2024-08-03T13:44:21","modified_gmt":"2024-08-03T13:44:21","slug":"politica-de-privacidade","status":"publish","type":"page","link":"https:\/\/escovape.com\/pt\/privacy-policy\/","title":{"rendered":"Pol\u00edtica de Privacidade"},"content":{"rendered":"<p>\u00daltima atualiza\u00e7\u00e3o: 05 de abril de 2024<\/p>\n<p>Esta Pol\u00edtica de Privacidade descreve as nossas pol\u00edticas e procedimentos sobre a recolha, uso e divulga\u00e7\u00e3o das suas informa\u00e7\u00f5es quando utiliza o Servi\u00e7o e informa sobre os seus direitos de privacidade e como a lei o protege.<\/p>\n<p>Usamos seus Dados Pessoais para fornecer e melhorar o Servi\u00e7o. Ao usar o Servi\u00e7o, voc\u00ea concorda com a coleta e uso de informa\u00e7\u00f5es de acordo com esta Pol\u00edtica de Privacidade.<\/p>\n<h2>Interpreta\u00e7\u00e3o e Defini\u00e7\u00f5es<\/h2>\n<h3>Interpreta\u00e7\u00e3o<\/h3>\n<p>As palavras cujas iniciais mai\u00fasculas t\u00eam significados definidos nas seguintes condi\u00e7\u00f5es. As seguintes defini\u00e7\u00f5es ter\u00e3o o mesmo significado, independentemente de aparecerem no singular ou no plural.<\/p>\n<h3>Defini\u00e7\u00f5es<\/h3>\n<p>Para os fins desta Pol\u00edtica de Privacidade:<\/p>\n<ul>\n<li><strong>Conta<\/strong> significa uma conta \u00fanica criada para Voc\u00ea acessar nosso Servi\u00e7o ou partes do nosso Servi\u00e7o.<\/li>\n<li><strong>Afiliado<\/strong> significa uma entidade que controla, \u00e9 controlada por ou est\u00e1 sob controle comum com uma parte, onde \u201ccontrole\u201d significa a propriedade de 50%% ou mais das a\u00e7\u00f5es, participa\u00e7\u00e3o acion\u00e1ria ou outros valores mobili\u00e1rios com direito a voto para a elei\u00e7\u00e3o de diretores ou outra autoridade administrativa.<\/li>\n<li><strong>Empresa<\/strong> (referido como \"a Empresa\", \"N\u00f3s\", \"Nos\" ou \"Nosso\" neste Acordo) se refere \u00e0 Esco Vape, 1433 Travis Street.<\/li>\n<li><strong>Biscoitos<\/strong> s\u00e3o pequenos arquivos que s\u00e3o colocados no seu computador, dispositivo m\u00f3vel ou qualquer outro dispositivo por um site, contendo os detalhes do seu hist\u00f3rico de navega\u00e7\u00e3o naquele site, entre muitos outros usos.<\/li>\n<li><strong>Pa\u00eds<\/strong> refere-se \u00e0: Calif\u00f3rnia, Estados Unidos<\/li>\n<li><strong>Dispositivo<\/strong> meios qualquer dispositivo que possa aceder ao Servi\u00e7o, tal como um computador, um telem\u00f3vel ou uma tableta digital.<\/li>\n<li><strong>Dados Pessoais<\/strong> \u00e9 qualquer informa\u00e7\u00e3o que se relacione a um indiv\u00edduo identificado ou identific\u00e1vel.<\/li>\n<li><strong>Servi\u00e7o<\/strong> refere-se ao Website.<\/li>\n<li><strong>Provedor de Servi\u00e7os<\/strong> refere-se a qualquer pessoa f\u00edsica ou jur\u00eddica que processe os dados em nome da Empresa. Refere-se a empresas terceirizadas ou indiv\u00edduos empregados pela Empresa para facilitar o Servi\u00e7o, para fornecer o Servi\u00e7o em nome da Empresa, para realizar servi\u00e7os relacionados ao Servi\u00e7o ou para auxiliar a Empresa a analisar como o Servi\u00e7o \u00e9 usado.<\/li>\n<li><strong>Dados de Uso<\/strong> refere-se a dados coletados automaticamente, seja gerados pelo uso do Servi\u00e7o ou da pr\u00f3pria infraestrutura do Servi\u00e7o (por exemplo, a dura\u00e7\u00e3o da visita a uma p\u00e1gina).<\/li>\n<li><strong>Site web<\/strong> refere-se a Esco Vape, acess\u00edvel a partir de <a href=\"https:\/\/escovape.com\/pt\/\" target=\"_blank\" rel=\"external nofollow noopener\">https:\/\/escovape.com\/<\/a><\/li>\n<li><strong>Voc\u00ea<\/strong> significa o indiv\u00edduo que acessa ou usa o Servi\u00e7o, ou a empresa, ou outra entidade legal em nome da qual o indiv\u00edduo acessa ou usa o Servi\u00e7o, conforme aplic\u00e1vel.<\/li>\n<\/ul>\n<h2>Coleta e Uso de Seus Dados Pessoais<\/h2>\n<h3>Tipos de Dados Coletados<\/h3>\n<h4>Dados Pessoais<\/h4>\n<p>Enquanto utiliza o Nosso Servi\u00e7o, Podemos solicitar que Voc\u00ea nos forne\u00e7a certas informa\u00e7\u00f5es pessoalmente identific\u00e1veis que possam ser usadas para entrar em contato ou identificar Voc\u00ea. Informa\u00e7\u00f5es pessoalmente identific\u00e1veis podem incluir, mas n\u00e3o se limitam a:<\/p>\n<ul>\n<li>Email address<\/li>\n<li>Primeiro nome e sobrenome<\/li>\n<li>N\u00famero de telefone<\/li>\n<li>Endere\u00e7o, Estado, Prov\u00edncia, C\u00f3digo Postal\/ZIP, Cidade<\/li>\n<li>Dados de Uso<\/li>\n<\/ul>\n<h4>Dados de Uso<\/h4>\n<p>Os Dados de Uso s\u00e3o coletados automaticamente ao usar o Servi\u00e7o.<\/p>\n<p>Os Dados de Uso podem incluir informa\u00e7\u00f5es como o endere\u00e7o de Protocolo de Internet do seu dispositivo (por exemplo, endere\u00e7o IP), tipo de navegador, vers\u00e3o do navegador, as p\u00e1ginas do nosso Servi\u00e7o que voc\u00ea visita, a hora e data da sua visita, o tempo gasto nessas p\u00e1ginas, identificadores exclusivos do dispositivo e outros dados de diagn\u00f3stico.<\/p>\n<p>Quando voc\u00ea acessa o Servi\u00e7o por ou atrav\u00e9s de um dispositivo m\u00f3vel, podemos coletar automaticamente certas informa\u00e7\u00f5es, incluindo, mas n\u00e3o limitado a, o tipo de dispositivo m\u00f3vel que voc\u00ea usa, o ID exclusivo do seu dispositivo m\u00f3vel, o endere\u00e7o IP do seu dispositivo m\u00f3vel, o sistema operacional do seu dispositivo m\u00f3vel, o tipo de navegador de Internet m\u00f3vel que voc\u00ea usa, identificadores exclusivos do dispositivo e outros dados de diagn\u00f3stico.<\/p>\n<p>Tamb\u00e9m podemos coletar informa\u00e7\u00f5es que o seu navegador envia sempre que voc\u00ea visita o nosso Servi\u00e7o ou quando voc\u00ea acessa o Servi\u00e7o por meio de um dispositivo m\u00f3vel.<\/p>\n<h4>Tecnologias de rastreamento e cookies<\/h4>\n<p>Usamos Cookies e tecnologias de rastreamento semelhantes para rastrear a atividade em nosso Servi\u00e7o e armazenar determinadas informa\u00e7\u00f5es. As tecnologias de rastreamento usadas s\u00e3o beacon, tags e scripts para coletar e rastrear informa\u00e7\u00f5es e melhorar e analisar nosso Servi\u00e7o. As tecnologias que usamos podem incluir:<\/p>\n<ul>\n<li><strong>Cookies ou Cookies do Navegador.<\/strong> Um cookie \u00e9 um pequeno arquivo colocado no seu Dispositivo. Voc\u00ea pode instruir seu navegador a recusar todos os Cookies ou a indicar quando um Cookie est\u00e1 sendo enviado. No entanto, se voc\u00ea n\u00e3o aceitar Cookies, talvez n\u00e3o possa usar algumas partes do nosso Servi\u00e7o. A menos que voc\u00ea tenha ajustado a configura\u00e7\u00e3o do seu navegador para recusar Cookies, nosso Servi\u00e7o pode usar Cookies.<\/li>\n<li><strong>Balizas Web.<\/strong> Certas se\u00e7\u00f5es do nosso Servi\u00e7o e nossos e-mails podem conter pequenos arquivos eletr\u00f4nicos conhecidos como web beacons (tamb\u00e9m chamados de gifs claros, tags de pixel e gifs de pixel \u00fanico) que permitem \u00e0 Empresa, por exemplo, contar os usu\u00e1rios que visitaram aquelas p\u00e1ginas ou abriram um e-mail e para outras estat\u00edsticas relacionadas ao site (por exemplo, registrar a popularidade de uma determinada se\u00e7\u00e3o e verificar a integridade do sistema e do servidor).<\/li>\n<\/ul>\n<p>Os cookies podem ser \u201cPersistentes\u201d ou \u201cDe Sess\u00e3o\u201d. Os Cookies Persistentes permanecem no seu computador pessoal ou dispositivo m\u00f3vel quando voc\u00ea sai offline, enquanto os Cookies de Sess\u00e3o s\u00e3o exclu\u00eddos assim que voc\u00ea fecha o navegador da web. Voc\u00ea pode aprender mais sobre cookies em <a href=\"https:\/\/www.termsfeed.com\/blog\/cookies\/#What_Are_Cookies\" target=\"_blank\" rel=\"noopener\">Site TermsFeed<\/a> artigo.<\/p>\n<p>Usamos Cookies de Sess\u00e3o e Persistentes para os fins estabelecidos abaixo:<\/p>\n<ul>\n<li><strong>Cookies Necess\u00e1rios \/ Essenciais<\/strong>\n<p>Tipo: Cookies de Sess\u00e3o<\/p>\n<p>Administrado por: N\u00f3s<\/p>\n<p>Objetivo: Esses Cookies s\u00e3o essenciais para fornecer a Voc\u00ea os servi\u00e7os dispon\u00edveis atrav\u00e9s do Site e para permitir que Voc\u00ea use algumas de suas funcionalidades. Eles ajudam a autenticar os usu\u00e1rios e impedem o uso fraudulento de contas de usu\u00e1rio. Sem esses Cookies, os servi\u00e7os que Voc\u00ea solicitou n\u00e3o podem ser fornecidos e N\u00f3s s\u00f3 usamos esses Cookies para fornecer a Voc\u00ea esses servi\u00e7os.<\/li>\n<li><strong>Pol\u00edtica de Cookies \/ Aviso de Aceita\u00e7\u00e3o de Cookies<\/strong>\n<p>Tipo: Cookies Persistentes<\/p>\n<p>Administrado por: N\u00f3s<\/p>\n<p>Finalidade: Esses Cookies identificam se os usu\u00e1rios aceitaram o uso de cookies no Site.<\/li>\n<li><strong>Cookies de Funcionalidade<\/strong>\n<p>Tipo: Cookies Persistentes<\/p>\n<p>Administrado por: N\u00f3s<\/p>\n<p>Finalidade: Esses Cookies permitem que lembremos das escolhas que voc\u00ea faz ao usar o Site, como lembrar detalhes de login ou prefer\u00eancias de idioma. A finalidade desses Cookies \u00e9 fornecer a voc\u00ea uma experi\u00eancia mais personalizada e evitar que voc\u00ea tenha que inserir suas prefer\u00eancias novamente cada vez que usar o Site.<\/li>\n<\/ul>\n<p>Para obter mais informa\u00e7\u00f5es sobre os cookies que usamos e suas escolhas em rela\u00e7\u00e3o aos cookies, visite nossa Pol\u00edtica de Cookies ou a se\u00e7\u00e3o de Cookies da nossa Pol\u00edtica de Privacidade.<\/p>\n<h3>Uso de Seus Dados Pessoais<\/h3>\n<p>A Empresa pode usar Dados Pessoais para os seguintes fins:<\/p>\n<ul>\n<li><strong>Para fornecer e manter nosso Servi\u00e7o<\/strong>, incluindo para monitorar o uso de nosso Servi\u00e7o.<\/li>\n<li><strong>Para gerenciar sua conta:<\/strong> para gerenciar sua inscri\u00e7\u00e3o como usu\u00e1rio do Servi\u00e7o. Os Dados Pessoais que voc\u00ea fornecer podem dar a voc\u00ea acesso a diferentes funcionalidades do Servi\u00e7o que est\u00e3o dispon\u00edveis para voc\u00ea como usu\u00e1rio registrado.<\/li>\n<li><strong>Para o desempenho de um contrato:<\/strong> o desenvolvimento, conformidade e assun\u00e7\u00e3o do contrato de compra dos produtos, itens ou servi\u00e7os que Voc\u00ea comprou ou de qualquer outro contrato conosco atrav\u00e9s do Servi\u00e7o.<\/li>\n<li><strong>Para entrar em contato conosco:<\/strong> Para entrar em contato com Voc\u00ea por e-mail, chamadas telef\u00f4nicas, SMS ou outras formas equivalentes de comunica\u00e7\u00e3o eletr\u00f4nica, como notifica\u00e7\u00f5es push de um aplicativo m\u00f3vel sobre atualiza\u00e7\u00f5es ou comunica\u00e7\u00f5es informativas relacionadas \u00e0s funcionalidades, produtos ou servi\u00e7os contratados, incluindo atualiza\u00e7\u00f5es de seguran\u00e7a, quando necess\u00e1rio ou razo\u00e1vel para a sua implementa\u00e7\u00e3o.<\/li>\n<li><strong>Para fornecer a Voc\u00ea<\/strong> com not\u00edcias, ofertas especiais e informa\u00e7\u00f5es gerais sobre outros bens, servi\u00e7os e eventos que oferecemos que sejam semelhantes aos que voc\u00ea j\u00e1 comprou ou consultou, a menos que voc\u00ea tenha optado por n\u00e3o receber tais informa\u00e7\u00f5es.<\/li>\n<li><strong>Para gerenciar suas solicita\u00e7\u00f5es:<\/strong> Para atender e gerenciar suas solicita\u00e7\u00f5es para N\u00f3s.<\/li>\n<li><strong>Para transfer\u00eancias comerciais:<\/strong> Podemos usar suas informa\u00e7\u00f5es para avaliar ou realizar uma fus\u00e3o, aliena\u00e7\u00e3o, reestrutura\u00e7\u00e3o, reorganiza\u00e7\u00e3o, dissolu\u00e7\u00e3o ou outra venda ou transfer\u00eancia de alguns ou todos os nossos ativos, seja como empresa em funcionamento ou como parte de fal\u00eancia, liquida\u00e7\u00e3o ou procedimento semelhante, no qual os Dados Pessoais que detemos sobre os usu\u00e1rios do nosso Servi\u00e7o s\u00e3o transferidos como parte dos ativos.<\/li>\n<li><strong>Para outros fins<\/strong>: Podemos usar suas informa\u00e7\u00f5es para outros fins, como an\u00e1lise de dados, identifica\u00e7\u00e3o de tend\u00eancias de uso, determina\u00e7\u00e3o da efic\u00e1cia de nossas campanhas promocionais e para avaliar e melhorar nossos Servi\u00e7os, produtos, servi\u00e7os, marketing e sua experi\u00eancia.<\/li>\n<\/ul>\n<p>Podemos compartilhar suas informa\u00e7\u00f5es pessoais nas seguintes situa\u00e7\u00f5es:<\/p>\n<ul>\n<li><strong>Com provedores de servi\u00e7os:<\/strong> Podemos compartilhar suas informa\u00e7\u00f5es pessoais com Prestadores de Servi\u00e7os para monitorar e analisar o uso do nosso Servi\u00e7o, para entrar em contato com Voc\u00ea.<\/li>\n<li><strong>Para transfer\u00eancias comerciais:<\/strong> Podemos compartilhar ou transferir suas informa\u00e7\u00f5es pessoais em conex\u00e3o com, ou durante as negocia\u00e7\u00f5es de, qualquer fus\u00e3o, venda de ativos da Empresa, financiamento ou aquisi\u00e7\u00e3o de toda ou parte de nossos neg\u00f3cios por outra empresa.<\/li>\n<li><strong>Com Afiliados:<\/strong> Podemos compartilhar suas informa\u00e7\u00f5es com nossas afiliadas, caso em que exigiremos que essas afiliadas honrem essa Pol\u00edtica de Privacidade. As afiliadas incluem nossa empresa controladora e quaisquer outras subsidi\u00e1rias, parceiros de joint venture ou outras empresas que controlemos ou que estejam sob controle comum conosco.<\/li>\n<li><strong>Com parceiros de neg\u00f3cios:<\/strong> Podemos compartilhar suas informa\u00e7\u00f5es com nossos parceiros de neg\u00f3cios para oferecer a voc\u00ea certos produtos, servi\u00e7os ou promo\u00e7\u00f5es.<\/li>\n<li><strong>Com outros usu\u00e1rios:<\/strong> Quando voc\u00ea compartilha informa\u00e7\u00f5es pessoais ou interage de outra forma nas \u00e1reas p\u00fablicas com outros usu\u00e1rios, tais informa\u00e7\u00f5es podem ser visualizadas por todos os usu\u00e1rios e podem ser distribu\u00eddas publicamente fora.<\/li>\n<li><strong>Com o seu consentimento<\/strong>: Podemos divulgar suas informa\u00e7\u00f5es pessoais para qualquer outro prop\u00f3sito com o seu consentimento.<\/li>\n<\/ul>\n<h3>Reten\u00e7\u00e3o dos Seus Dados Pessoais<\/h3>\n<p>A Empresa manter\u00e1 seus Dados Pessoais somente pelo tempo necess\u00e1rio para os fins estabelecidos nesta Pol\u00edtica de Privacidade. Manteremos e usaremos seus Dados Pessoais na medida necess\u00e1ria para cumprir nossas obriga\u00e7\u00f5es legais (por exemplo, se somos obrigados a manter seus dados para cumprir leis aplic\u00e1veis), resolver disputas e fazer cumprir nossos acordos legais e pol\u00edticas.<\/p>\n<p>A Empresa tamb\u00e9m ir\u00e1 reter Dados de Uso para fins de an\u00e1lise interna. Os Dados de Uso s\u00e3o geralmente mantidos por um per\u00edodo mais curto de tempo, exceto quando esses dados forem usados para fortalecer a seguran\u00e7a ou melhorar a funcionalidade do Nosso Servi\u00e7o, ou quando estamos legalmente obrigados a reter esses dados por per\u00edodos mais longos.<\/p>\n<h3>Transfer\u00eancia de Seus Dados Pessoais<\/h3>\n<p>As suas informa\u00e7\u00f5es, incluindo Dados Pessoais, s\u00e3o processadas nos escrit\u00f3rios operacionais da Empresa e em quaisquer outros locais onde se encontrem as partes envolvidas no processamento. Isso significa que essas informa\u00e7\u00f5es podem ser transferidas para \u2014 e mantidas em \u2014 computadores localizados fora do seu estado, prov\u00edncia, pa\u00eds ou outra jurisdi\u00e7\u00e3o governamental onde as leis de prote\u00e7\u00e3o de dados possam diferir das da sua jurisdi\u00e7\u00e3o.<\/p>\n<p>O seu consentimento para esta Pol\u00edtica de Privacidade seguido da sua submiss\u00e3o de tais informa\u00e7\u00f5es representa o seu acordo com essa transfer\u00eancia.<\/p>\n<p>A Empresa tomar\u00e1 todas as medidas razoavelmente necess\u00e1rias para garantir que seus dados sejam tratados de forma segura e de acordo com esta Pol\u00edtica de Privacidade e nenhuma transfer\u00eancia de seus Dados Pessoais ser\u00e1 feita para uma organiza\u00e7\u00e3o ou pa\u00eds, a menos que haja controles adequados em vigor, incluindo a seguran\u00e7a de seus dados e outras informa\u00e7\u00f5es pessoais.<\/p>\n<h3>Excluir Seus Dados Pessoais<\/h3>\n<p>Voc\u00ea tem o direito de excluir ou solicitar que N\u00f3s ajude a excluir os Dados Pessoais que coletamos sobre Voc\u00ea.<\/p>\n<p>Nosso Servi\u00e7o pode dar-lhe a capacidade de excluir certas informa\u00e7\u00f5es sobre si dentro do Servi\u00e7o.<\/p>\n<p>Voc\u00ea pode atualizar, alterar ou excluir suas informa\u00e7\u00f5es a qualquer momento, entrando em sua Conta, se tiver uma, e visitando a se\u00e7\u00e3o de configura\u00e7\u00f5es da conta que permite gerenciar suas informa\u00e7\u00f5es pessoais. Voc\u00ea tamb\u00e9m pode entrar em contato conosco para solicitar acesso, corre\u00e7\u00e3o ou exclus\u00e3o de qualquer informa\u00e7\u00e3o pessoal que voc\u00ea tenha fornecido para n\u00f3s.<\/p>\n<p>Observe, no entanto, que podemos precisar reter certas informa\u00e7\u00f5es quando tivermos uma obriga\u00e7\u00e3o legal ou base leg\u00edtima para faz\u00ea-lo.<\/p>\n<h3>Divulga\u00e7\u00e3o de Seus Dados Pessoais<\/h3>\n<h4>Transa\u00e7\u00f5es Comerciais<\/h4>\n<p>Se a Empresa estiver envolvida em uma fus\u00e3o, aquisi\u00e7\u00e3o ou venda de ativos, Seus Dados Pessoais podem ser transferidos. Forneceremos aviso antes que Seus Dados Pessoais sejam transferidos e se tornem sujeitos a uma Pol\u00edtica de Privacidade diferente.<\/p>\n<h4>Aplica\u00e7\u00e3o da lei<\/h4>\n<p>Em certas circunst\u00e2ncias, a Empresa pode ser obrigada a divulgar seus Dados Pessoais se for necess\u00e1rio fazer isso por lei ou em resposta a solicita\u00e7\u00f5es v\u00e1lidas de autoridades p\u00fablicas (por exemplo, um tribunal ou uma ag\u00eancia governamental).<\/p>\n<h4>Outros requisitos legais<\/h4>\n<p>A Companhia pode divulgar seus Dados Pessoais na boa-f\u00e9 de que tal a\u00e7\u00e3o \u00e9 necess\u00e1ria para:<\/p>\n<ul>\n<li>Cumprir com uma obriga\u00e7\u00e3o legal<\/li>\n<li>Proteger e defender os direitos ou propriedades da Companhia<\/li>\n<li>Prevenir ou investigar poss\u00edvel irregularidade em conex\u00e3o com o Servi\u00e7o<\/li>\n<li>Proteger a seguran\u00e7a pessoal dos Usu\u00e1rios do Servi\u00e7o ou do p\u00fablico<\/li>\n<li>Proteger contra responsabilidade legal<\/li>\n<\/ul>\n<h3>Seguran\u00e7a dos Seus Dados Pessoais<\/h3>\n<p>A seguran\u00e7a dos Seus Dados Pessoais \u00e9 importante para N\u00f3s, mas lembre-se de que nenhum m\u00e9todo de transmiss\u00e3o pela Internet, ou m\u00e9todo de armazenamento eletr\u00f4nico, \u00e9 100% seguro. Embora Nos esforcemos para usar meios comercialmente aceit\u00e1veis para proteger os Seus Dados Pessoais, n\u00e3o podemos garantir a sua seguran\u00e7a absoluta.<\/p>\n<h2>Privacidade de Crian\u00e7as<\/h2>\n<p>Nosso Servi\u00e7o n\u00e3o se dirige a ningu\u00e9m com menos de 13 anos. N\u00e3o coletamos intencionalmente informa\u00e7\u00f5es pessoalmente identific\u00e1veis de ningu\u00e9m com menos de 13 anos. Se voc\u00ea \u00e9 pai ou respons\u00e1vel e est\u00e1 ciente de que seu filho nos forneceu Dados Pessoais, entre em contato conosco. Se tomarmos conhecimento de que coletamos Dados Pessoais de algu\u00e9m com menos de 13 anos sem a verifica\u00e7\u00e3o do consentimento dos pais, tomamos medidas para remover essas informa\u00e7\u00f5es de nossos servidores.<\/p>\n<p>Se precisarmos confiar no consentimento como base legal para processar suas informa\u00e7\u00f5es e o seu pa\u00eds exigir o consentimento de um pai ou m\u00e3e, podemos exigir o consentimento de um de seus pais antes de coletar e usar essas informa\u00e7\u00f5es.<\/p>\n<h2>Links para Outros Sites<\/h2>\n<p>Nosso Servi\u00e7o pode conter links para outros sites que n\u00e3o s\u00e3o operados por N\u00f3s. Se voc\u00ea clicar em um link de terceiros, voc\u00ea ser\u00e1 direcionado para o site dessa terceira parte. N\u00f3s recomendamos fortemente que voc\u00ea revise a Pol\u00edtica de Privacidade de todos os sites que voc\u00ea visita.<\/p>\n<p>N\u00e3o temos controle algum e n\u00e3o nos responsabilizamos pelo conte\u00fado, pelas pol\u00edticas de privacidade ou pelas pr\u00e1ticas de quaisquer sites ou servi\u00e7os de terceiros.<\/p>\n<h2>Altera\u00e7\u00f5es nesta Pol\u00edtica de Privacidade<\/h2>\n<p>Podemos atualizar a nossa Pol\u00edtica de Privacidade de tempos em tempos. Iremos notificar-te das altera\u00e7\u00f5es publicando a nova Pol\u00edtica de Privacidade nesta p\u00e1gina.<\/p>\n<p>Iremos notific\u00e1-lo por e-mail e\/ou por um aviso proeminente em nosso Servi\u00e7o, antes que a altera\u00e7\u00e3o entre em vigor, e atualizaremos a data de \u201c\u00daltima atualiza\u00e7\u00e3o\u201d no topo desta Pol\u00edtica de Privacidade.<\/p>\n<p>\u00c9 aconselh\u00e1vel que voc\u00ea revise esta Pol\u00edtica de Privacidade periodicamente para verificar quaisquer altera\u00e7\u00f5es. As altera\u00e7\u00f5es a esta Pol\u00edtica de Privacidade entram em vigor quando s\u00e3o publicadas nesta p\u00e1gina.<\/p>\n<h2>Contate-nos<\/h2>\n<p>Se voc\u00ea tiver alguma d\u00favida sobre esta Pol\u00edtica de Privacidade, voc\u00ea pode entrar em contato conosco:<\/p>\n<ul>\n<li>Por e-mail: info@escovape.com<\/li>\n<\/ul>","protected":false},"excerpt":{"rendered":"<p>Last updated: April 05, 2024 This Privacy Policy describes Our policies and procedures on the collection, use and disclosure of Your information when You use the Service and tells You about Your privacy rights and how the law protects You. We use Your Personal data to provide and improve the Service. By using the Service, [&#8230;]\n","protected":false},"author":1,"featured_media":0,"parent":0,"menu_order":0,"comment_status":"closed","ping_status":"closed","template":"page-blank-title-center.php","meta":{"_lmt_disableupdate":"","_lmt_disable":"","footnotes":""},"class_list":["post-3","page","type-page","status-publish","hentry"],"jetpack_sharing_enabled":true,"_links":{"self":[{"href":"https:\/\/escovape.com\/pt\/wp-json\/wp\/v2\/pages\/3","targetHints":{"allow":["GET"]}}],"collection":[{"href":"https:\/\/escovape.com\/pt\/wp-json\/wp\/v2\/pages"}],"about":[{"href":"https:\/\/escovape.com\/pt\/wp-json\/wp\/v2\/types\/page"}],"author":[{"embeddable":true,"href":"https:\/\/escovape.com\/pt\/wp-json\/wp\/v2\/users\/1"}],"replies":[{"embeddable":true,"href":"https:\/\/escovape.com\/pt\/wp-json\/wp\/v2\/comments?post=3"}],"version-history":[{"count":0,"href":"https:\/\/escovape.com\/pt\/wp-json\/wp\/v2\/pages\/3\/revisions"}],"wp:attachment":[{"href":"https:\/\/escovape.com\/pt\/wp-json\/wp\/v2\/media?parent=3"}],"curies":[{"name":"wp","href":"https:\/\/api.w.org\/{rel}","templated":true}]}}