{"id":46,"date":"2024-04-04T07:18:46","date_gmt":"2024-04-04T07:18:46","guid":{"rendered":"https:\/\/escovape.com\/?page_id=46"},"modified":"2024-08-05T02:31:40","modified_gmt":"2024-08-05T02:31:40","slug":"politica-de-reembolso","status":"publish","type":"page","link":"https:\/\/escovape.com\/pt\/refund-policy\/","title":{"rendered":"Pol\u00edtica de Reembolso"},"content":{"rendered":"<p dir=\"auto\"><strong>Janela de Devolu\u00e7\u00e3o de 7 Dias<\/strong><\/p>\n<p dir=\"auto\">Em escovape.com, oferecemos uma janela de devolu\u00e7\u00e3o de 7 dias a partir da data de recebimento do item para devolu\u00e7\u00f5es eleg\u00edveis.<\/p>\n<p dir=\"auto\"><strong>Crit\u00e9rios de Elegibilidade<\/strong><\/p>\n<p dir=\"auto\">Para se qualificar para uma devolu\u00e7\u00e3o, o item deve estar em seu estado original, n\u00e3o usado, com as etiquetas intactas e na embalagem original. Al\u00e9m disso, \u00e9 necess\u00e1rio um comprovante de compra ou recibo.<\/p>\n<p dir=\"auto\"><strong>Iniciando um Retorno<\/strong><\/p>\n<p dir=\"auto\">Para iniciar uma devolu\u00e7\u00e3o, entre em contato conosco por favor <a href=\"mailto:info@escovape.com\" target=\"_blank\" rel=\"noopener\">info@escovape.com<\/a>Ap\u00f3s aprova\u00e7\u00e3o, forneceremos a voc\u00ea uma etiqueta de envio de retorno e instru\u00e7\u00f5es sobre onde e como enviar o pacote. Observe que as devolu\u00e7\u00f5es n\u00e3o autorizadas n\u00e3o ser\u00e3o aceitas.<\/p>\n<p dir=\"auto\"><strong>Itens danificados ou incorretos<\/strong><\/p>\n<p dir=\"auto\">Ao receber sua encomenda, por favor, inspecione-a cuidadosamente. Caso identifique quaisquer defeitos, danos ou discrep\u00e2ncias, por favor, nos notifique prontamente para uma resolu\u00e7\u00e3o r\u00e1pida.<\/p>\n<p dir=\"auto\"><strong>Itens N\u00e3o Eleg\u00edveis para Devolu\u00e7\u00e3o<\/strong><\/p>\n<p dir=\"auto\">Certos itens n\u00e3o s\u00e3o retorn\u00e1veis, incluindo bens perec\u00edveis, itens personalizados, produtos de cuidados pessoais, materiais perigosos, l\u00edquidos inflam\u00e1veis ou gases. Sinta-se \u00e0 vontade para nos contatar para esclarecimentos sobre a elegibilidade de itens espec\u00edficos para devolu\u00e7\u00e3o.<\/p>\n<p dir=\"auto\"><strong>Bolsas de valores<\/strong><\/p>\n<p dir=\"auto\">Para trocas, o m\u00e9todo mais eficiente \u00e9 devolver o item original. Uma vez aprovada a devolu\u00e7\u00e3o, voc\u00ea pode prosseguir com uma compra separada para o item desejado.<\/p>\n<p dir=\"auto\"><strong>Per\u00edodo de Arrefecimento da Uni\u00e3o Europeia<\/strong><\/p>\n<p dir=\"auto\">Os clientes da Uni\u00e3o Europeia t\u00eam um per\u00edodo de reflex\u00e3o de 14 dias para cancelar ou devolver os seus pedidos sem necessidade de fornecer um motivo. O item deve estar sem uso, com as etiquetas anexadas e na embalagem original. \u00c9 necess\u00e1rio comprovar a compra.<\/p>\n<p dir=\"auto\"><strong>Processo de Reembolso<\/strong><\/p>\n<p dir=\"auto\">Ap\u00f3s receber e inspecionar a sua devolu\u00e7\u00e3o, comunicaremos o status do seu reembolso. Se aprovado, o reembolso ser\u00e1 processado de volta ao seu m\u00e9todo de pagamento original dentro de 10 dias \u00fateis. Observe que pode ser necess\u00e1rio tempo adicional de processamento pelo seu banco ou empresa de cart\u00e3o de cr\u00e9dito. Caso passem mais de 15 dias \u00fateis ap\u00f3s a aprova\u00e7\u00e3o sem que o reembolso seja efetuado, entre em contato conosco at <a href=\"mailto:info@escovape.com\" target=\"_blank\" rel=\"noopener\">info@escovape.com<\/a>.<\/p>\n<p dir=\"auto\">Obrigado por selecionar escovape.com. Sua satisfa\u00e7\u00e3o \u00e9 fundamental para n\u00f3s.<\/p>","protected":false},"excerpt":{"rendered":"<p>7-Day Return Window At escovape.com, we provide a 7-day return window from the date of item receipt for eligible returns. Return Eligibility Criteria To qualify for a return, the item must be in its original condition, unused, with tags intact, and in the original packaging. Additionally, a proof of purchase or receipt is required. Initiating [&#8230;]\n","protected":false},"author":1,"featured_media":0,"parent":0,"menu_order":0,"comment_status":"closed","ping_status":"closed","template":"page-blank-title-center.php","meta":{"_lmt_disableupdate":"","_lmt_disable":"","footnotes":""},"class_list":["post-46","page","type-page","status-publish","hentry"],"jetpack_sharing_enabled":true,"_links":{"self":[{"href":"https:\/\/escovape.com\/pt\/wp-json\/wp\/v2\/pages\/46","targetHints":{"allow":["GET"]}}],"collection":[{"href":"https:\/\/escovape.com\/pt\/wp-json\/wp\/v2\/pages"}],"about":[{"href":"https:\/\/escovape.com\/pt\/wp-json\/wp\/v2\/types\/page"}],"author":[{"embeddable":true,"href":"https:\/\/escovape.com\/pt\/wp-json\/wp\/v2\/users\/1"}],"replies":[{"embeddable":true,"href":"https:\/\/escovape.com\/pt\/wp-json\/wp\/v2\/comments?post=46"}],"version-history":[{"count":0,"href":"https:\/\/escovape.com\/pt\/wp-json\/wp\/v2\/pages\/46\/revisions"}],"wp:attachment":[{"href":"https:\/\/escovape.com\/pt\/wp-json\/wp\/v2\/media?parent=46"}],"curies":[{"name":"wp","href":"https:\/\/api.w.org\/{rel}","templated":true}]}}