{"id":125,"date":"2024-04-08T06:55:44","date_gmt":"2024-04-08T06:55:44","guid":{"rendered":"https:\/\/escovape.com\/?post_type=product&#038;p=125"},"modified":"2025-04-24T03:21:00","modified_gmt":"2025-04-24T03:21:00","slug":"elf-bar-bc10000-10k-5-20mg-nicotine-disposable-vape-wholesale","status":"publish","type":"product","link":"https:\/\/escovape.com\/pt\/product\/elf-bar-bc10000-10k-5-20mg-nicotine-disposable-vape-wholesale\/","title":{"rendered":"Elf Bar BC10000 (10K) 5% 20mg Nicotina Vape Descart\u00e1vel Comprar por Atacado"},"content":{"rendered":"<h2>Elf Bar BC10000 (10K) 5% 20mg Nicotina Vape Descart\u00e1vel Comprar por Atacado<\/h2>\n<p>Inicie uma experi\u00eancia especial de vaporiza\u00e7\u00e3o com o Elf Bar BC10000 (10K) 5% 20mg Nicotina Descart\u00e1vel Vape, dispon\u00edvel na Escovape. Este dispositivo possui um design lindo com texturas especiais e revestimentos brilhantes. Ele parece elegante e se sente bem na sua m\u00e3o.<\/p>\n<p>Voc\u00ea sempre pode ver quanto l\u00edquido e bateria resta, gra\u00e7as \u00e0 tela. Ent\u00e3o voc\u00ea sabe exatamente quando carregar ou pegar outro. Sem problemas, apenas conveni\u00eancia.<\/p>\n<p>O Elf Bar BC10000 possui recursos pr\u00e1ticos: evita sabor seco, tem uma superf\u00edcie brilhante e uma pe\u00e7a bucal iluminada. A QUAG Mesh Coil garante uma aspira\u00e7\u00e3o suave com mais sabor.<\/p>\n<p>Com 10.000 tragadas, uma bateria de 630 mAh e 18 ml de l\u00edquido com nicotina, voc\u00ea aproveitar\u00e1 por muito tempo sem problemas. O carregamento \u00e9 r\u00e1pido com a porta Type-C.<\/p>\n<h3>Onze Bar BC10000 Caracter\u00edsticas principais:<\/h3>\n<p>Evita baforadas secas<br \/>\nSuperf\u00edcie brilhante<br \/>\nBoca iluminada<br \/>\nQUAG Mesh Coil para melhor sabor<br \/>\nGrande capacidade de bateria e l\u00edquido<br \/>\nCarregamento r\u00e1pido com Type-C<\/p>\n<h3>Onze Bar BC10000 Sabores:<\/h3>\n<p>Americano Ice, Ma\u00e7\u00e3 Ice, Amora Mirtilo, Blue Razz Ice, Gami Mirtilo, Mirtilo Ice, Hortel\u00e3 Mirtilo, Mel\u00e3o Cereja, Duplo Manga, Cereja Uva, Uva Ice, Lim\u00e3o Lima, Mint Miami, P\u00eassego Ice, P\u00eassego Manga, Abacaxi Ice, Abacaxi Morango Banana, Cereja Amora Vermelha, Morango Banana, Morango Ice, Kiwi Morango Ice, Tabaco, Mel\u00e3o Ice.<\/p>\n<h3>Vapes Descart\u00e1veis Originais de F\u00e1brica em Atacado<\/h3>\n<p>Escolha<a href=\"https:\/\/escovape.com\/pt\/categoria-do-produto\/bar-dos-elfos\/\"> Elf Bar Vapes Descart\u00e1veis<\/a> em quantidades maiores atrav\u00e9s da Escovape. Esses produtos s\u00e3o confi\u00e1veis e proporcionam uma boa experi\u00eancia de vaporiza\u00e7\u00e3o.<\/p>\n<p>Existem muitos sabores para escolher, todos feitos para uma experi\u00eancia fina. Experimente o Elf Bar BC10000 e descubra a diferen\u00e7a por si mesmo. Encomende em grande quantidade facilmente agora atrav\u00e9s da Escovape.<\/p>\n<p><img data-recalc-dims=\"1\" loading=\"lazy\" decoding=\"async\" class=\"alignnone size-full wp-image-2427\" src=\"https:\/\/i0.wp.com\/escovape.com\/wp-content\/uploads\/2024\/04\/ELFBAR_BC10000.png?resize=1020%2C1036&#038;ssl=1\" alt=\"- -\" width=\"1020\" height=\"1036\" title=\"\" srcset=\"https:\/\/i0.wp.com\/escovape.com\/wp-content\/uploads\/2024\/04\/ELFBAR_BC10000.png?w=1130&amp;ssl=1 1130w, https:\/\/i0.wp.com\/escovape.com\/wp-content\/uploads\/2024\/04\/ELFBAR_BC10000.png?resize=600%2C610&amp;ssl=1 600w, https:\/\/i0.wp.com\/escovape.com\/wp-content\/uploads\/2024\/04\/ELFBAR_BC10000.png?resize=394%2C400&amp;ssl=1 394w, https:\/\/i0.wp.com\/escovape.com\/wp-content\/uploads\/2024\/04\/ELFBAR_BC10000.png?resize=787%2C800&amp;ssl=1 787w, https:\/\/i0.wp.com\/escovape.com\/wp-content\/uploads\/2024\/04\/ELFBAR_BC10000.png?resize=768%2C780&amp;ssl=1 768w, https:\/\/i0.wp.com\/escovape.com\/wp-content\/uploads\/2024\/04\/ELFBAR_BC10000.png?resize=12%2C12&amp;ssl=1 12w\" sizes=\"auto, (max-width: 1020px) 100vw, 1020px\" \/><\/p>","protected":false},"excerpt":{"rendered":"<p>Viva a satisfa\u00e7\u00e3o de vaporizar sem igual com o Elf Bar BC10000 (10K) 5% 20mg Nicotina Descart\u00e1vel Vape, apresentando design sofisticado, monitoramento em tempo real e uma ampla gama de sabores meticulosamente elaborados, exclusivamente dispon\u00edvel em <a href=\"https:\/\/escovape.com\/pt\/\">Escovape<\/a>.<\/p>","protected":false},"featured_media":2029,"comment_status":"open","ping_status":"closed","template":"","meta":{"_lmt_disableupdate":"no","_lmt_disable":""},"product_brand":[],"product_cat":[20,77,134,135,137,15,139,141,142,143,144,145,146,149,150,133,42,153,154],"product_tag":[],"class_list":{"0":"post-125","1":"product","2":"type-product","3":"status-publish","4":"has-post-thumbnail","6":"product_cat-elf-bar","7":"product_cat-10000-puffs-disposable-vapes","8":"product_cat-apple-flavor-disposable-vapes","9":"product_cat-blue-razz-flavor-disposable-vapes","10":"product_cat-cherry-flavor-disposable-vapes","11":"product_cat-disposable-vapes","12":"product_cat-grape-flavor-disposable-vapes","13":"product_cat-ice-flavor-disposable-vapes","14":"product_cat-kiwi-flavor-disposable-vapes","15":"product_cat-lemon-flavor-disposable-vapes","16":"product_cat-lush-flavor-disposable-vapes","17":"product_cat-mango-flavor-disposable-vapes","18":"product_cat-mint-flavor-disposable-vapes","19":"product_cat-peach-flavor-disposable-vapes","20":"product_cat-pineapple-flavor-disposable-vapes","21":"product_cat-shop-best-disposable-vape-flavors","22":"product_cat-shop-by-puffs","23":"product_cat-strawberry-flavor-disposable-vapes","24":"product_cat-watermelon-flavor-disposable-vapes","26":"first","27":"instock","28":"shipping-taxable","29":"purchasable","30":"product-type-variable"},"jetpack_sharing_enabled":true,"_links":{"self":[{"href":"https:\/\/escovape.com\/pt\/wp-json\/wp\/v2\/product\/125","targetHints":{"allow":["GET"]}}],"collection":[{"href":"https:\/\/escovape.com\/pt\/wp-json\/wp\/v2\/product"}],"about":[{"href":"https:\/\/escovape.com\/pt\/wp-json\/wp\/v2\/types\/product"}],"replies":[{"embeddable":true,"href":"https:\/\/escovape.com\/pt\/wp-json\/wp\/v2\/comments?post=125"}],"wp:featuredmedia":[{"embeddable":true,"href":"https:\/\/escovape.com\/pt\/wp-json\/wp\/v2\/media\/2029"}],"wp:attachment":[{"href":"https:\/\/escovape.com\/pt\/wp-json\/wp\/v2\/media?parent=125"}],"wp:term":[{"taxonomy":"product_brand","embeddable":true,"href":"https:\/\/escovape.com\/pt\/wp-json\/wp\/v2\/product_brand?post=125"},{"taxonomy":"product_cat","embeddable":true,"href":"https:\/\/escovape.com\/pt\/wp-json\/wp\/v2\/product_cat?post=125"},{"taxonomy":"product_tag","embeddable":true,"href":"https:\/\/escovape.com\/pt\/wp-json\/wp\/v2\/product_tag?post=125"}],"curies":[{"name":"wp","href":"https:\/\/api.w.org\/{rel}","templated":true}]}}