{"id":14439,"date":"2024-11-08T13:18:31","date_gmt":"2024-11-08T13:18:31","guid":{"rendered":"https:\/\/escovape.com\/?post_type=product&#038;p=14439"},"modified":"2025-04-10T07:31:59","modified_gmt":"2025-04-10T07:31:59","slug":"moti-go-pro-12000-baforadas-tela-inteligente-de-malha-dupla-3-5-baixa-nicotina-recarregavel-descartavel-vapes-caneta-granel-comprar-por-atacado","status":"publish","type":"product","link":"https:\/\/escovape.com\/pt\/product\/moti-go-pro-12000-puffs-dual-mesh-smart-screen-3-5-low-nicotine-rechargeable-disposable-vapes-pen-bulk-buy-wholesale\/","title":{"rendered":"MOTI Go Pro 12000 Puffs Dual Mesh Smart Screen 2% 5% Baixo Nicotina Recarreg\u00e1vel Vapes Descart\u00e1veis Caneta Pen Compra em Massa Atacado"},"content":{"rendered":"<h2>MOTI Go Pro 12000 Puffs \u2013 Potente e conveniente<\/h2>\n<p>O vape descart\u00e1vel MOTI Go Pro 12000 Puffs est\u00e1 dispon\u00edvel na Escovape, um site de atacado de vaporizadores descart\u00e1veis na Holanda, Alemanha, B\u00e9lgica e Espanha. Este dispositivo \u00e9 adequado para iniciantes e usu\u00e1rios experientes.<\/p>\n<h3>MOTI Go Pro 12000 Puffs \u2013 Dura\u00e7\u00e3o prolongada e tela inteligente<\/h3>\n<p>O MOTI Go Pro tem uma bateria recarreg\u00e1vel forte de 1000mAh (Tipo-C). Cont\u00e9m 16ml de l\u00edquido e oferece at\u00e9 12.000 puffs em MODO NORMAL e 6.000 puffs em MODO BOOST. Escolha entre 2% ou 5% de nicotina para uma experi\u00eancia suave ou mais forte.<\/p>\n<p>Bobina Dupla Malha e tela inteligente<br \/>\nA bobina dupla de malha melhora o sabor e o vapor. A tela inteligente mostra quantas tragadas voc\u00ea teve, bateria e modo. A bobina de 1,2\u03a9 opera a 12W, a bobina Boost de 0,6\u03a9 a 20W para mais vapor. O dispositivo \u00e9 leve e tem um cord\u00e3o \u00fatil.<\/p>\n<h3><a href=\"https:\/\/escovape.com\/pt\/categoria-do-produto\/vapes-descartaveis-moti\/\">MOTI Vapes Descart\u00e1veis<\/a> Muitos sabores<\/h3>\n<p>Escolha entre estes sabores:<\/p>\n<p>Wintergreen -&gt; Wintergreen \n\n(Translation not needed, but if I had to)\n\nGaultheria<br \/>\nMenta Fresca<br \/>\nFita de Mirtilo<br \/>\nSonho Azul<br \/>\nMorangho Lim\u00e3o<br \/>\nP\u00e9rola Negra Gelo<br \/>\nLimonada Rosa<br \/>\nN\u00e9voa Roxa<br \/>\nPineapple Express<br \/>\nMa\u00e7\u00e3 Azeda Gelo<br \/>\nMorango Gelo<br \/>\nStrawberry Diesel<br \/>\nBeijo de Cereja<br \/>\nMel\u00e3o Hortel\u00e3<br \/>\nMelancia Bolo de Bolha<\/p>\n<h3>Vape Atacado - Compre barato<\/h3>\n<p>A Escovape oferece alta qualidade a \u00f3timos pre\u00e7os. Encomende grandes quantidades de MOTI Go Pro vaporizadores descart\u00e1veis para economizar dinheiro. Entregamos de forma r\u00e1pida e confi\u00e1vel na Europa.<\/p>\n<p>Compre o MOTI Go Pro 12000 Puffs<br \/>\nEstoqueie com o MOTI Go Pro. Visite a Escovape para pre\u00e7os por atacado e entrega r\u00e1pida. Todos os sabores est\u00e3o em estoque!<\/p>\n<div style=\"width: 1020px;\" class=\"wp-video\"><video class=\"wp-video-shortcode\" id=\"video-14439-1\" width=\"1020\" height=\"574\" preload=\"metadata\" controls=\"controls\"><source type=\"video\/mp4\" src=\"https:\/\/escovape.com\/wp-content\/uploads\/2024\/11\/MOTI-Go-Pro-12000-Puffs-Dual-Mesh-Smart-Screen-3-5-Low-Nicotine-Rechargeable.mp4?_=1\" \/><a href=\"https:\/\/escovape.com\/wp-content\/uploads\/2024\/11\/MOTI-Go-Pro-12000-Puffs-Dual-Mesh-Smart-Screen-3-5-Low-Nicotine-Rechargeable.mp4\">https:\/\/escovape.com\/wp-content\/uploads\/2024\/11\/MOTI-Go-Pro-12000-Puffs-Dual-Mesh-Smart-Screen-3-5-Low-Nicotine-Rechargeable.mp4<\/a><\/video><\/div>\n<p><img data-recalc-dims=\"1\" loading=\"lazy\" decoding=\"async\" class=\"alignnone wp-image-14489 size-full\" src=\"https:\/\/i0.wp.com\/escovape.com\/wp-content\/uploads\/2024\/11\/MOTI-Go-Pro-12000-Puffs-Dual-Mesh-Smart-Screen-3-5-Low-Nicotine-Rechargeable-18-scaled.webp?resize=1020%2C1020&#038;ssl=1\" alt=\"MOTI Go Pro 12000 Puffs Dual Mesh Smart Screen 2% 5% Baixo Nicotina Recarreg\u00e1vel Vapes Descart\u00e1veis Caneta Pen Compra em Massa Atacado\" width=\"1020\" height=\"1020\" title=\"\" srcset=\"https:\/\/i0.wp.com\/escovape.com\/wp-content\/uploads\/2024\/11\/MOTI-Go-Pro-12000-Puffs-Dual-Mesh-Smart-Screen-3-5-Low-Nicotine-Rechargeable-18-scaled.webp?w=2560&amp;ssl=1 2560w, https:\/\/i0.wp.com\/escovape.com\/wp-content\/uploads\/2024\/11\/MOTI-Go-Pro-12000-Puffs-Dual-Mesh-Smart-Screen-3-5-Low-Nicotine-Rechargeable-18-scaled.webp?resize=400%2C400&amp;ssl=1 400w, https:\/\/i0.wp.com\/escovape.com\/wp-content\/uploads\/2024\/11\/MOTI-Go-Pro-12000-Puffs-Dual-Mesh-Smart-Screen-3-5-Low-Nicotine-Rechargeable-18-scaled.webp?resize=800%2C800&amp;ssl=1 800w, https:\/\/i0.wp.com\/escovape.com\/wp-content\/uploads\/2024\/11\/MOTI-Go-Pro-12000-Puffs-Dual-Mesh-Smart-Screen-3-5-Low-Nicotine-Rechargeable-18-scaled.webp?resize=280%2C280&amp;ssl=1 280w, https:\/\/i0.wp.com\/escovape.com\/wp-content\/uploads\/2024\/11\/MOTI-Go-Pro-12000-Puffs-Dual-Mesh-Smart-Screen-3-5-Low-Nicotine-Rechargeable-18-scaled.webp?resize=768%2C768&amp;ssl=1 768w, https:\/\/i0.wp.com\/escovape.com\/wp-content\/uploads\/2024\/11\/MOTI-Go-Pro-12000-Puffs-Dual-Mesh-Smart-Screen-3-5-Low-Nicotine-Rechargeable-18-scaled.webp?resize=1536%2C1536&amp;ssl=1 1536w, https:\/\/i0.wp.com\/escovape.com\/wp-content\/uploads\/2024\/11\/MOTI-Go-Pro-12000-Puffs-Dual-Mesh-Smart-Screen-3-5-Low-Nicotine-Rechargeable-18-scaled.webp?resize=2048%2C2048&amp;ssl=1 2048w, https:\/\/i0.wp.com\/escovape.com\/wp-content\/uploads\/2024\/11\/MOTI-Go-Pro-12000-Puffs-Dual-Mesh-Smart-Screen-3-5-Low-Nicotine-Rechargeable-18-scaled.webp?resize=12%2C12&amp;ssl=1 12w, https:\/\/i0.wp.com\/escovape.com\/wp-content\/uploads\/2024\/11\/MOTI-Go-Pro-12000-Puffs-Dual-Mesh-Smart-Screen-3-5-Low-Nicotine-Rechargeable-18-scaled.webp?resize=300%2C300&amp;ssl=1 300w, https:\/\/i0.wp.com\/escovape.com\/wp-content\/uploads\/2024\/11\/MOTI-Go-Pro-12000-Puffs-Dual-Mesh-Smart-Screen-3-5-Low-Nicotine-Rechargeable-18-scaled.webp?resize=600%2C600&amp;ssl=1 600w, https:\/\/i0.wp.com\/escovape.com\/wp-content\/uploads\/2024\/11\/MOTI-Go-Pro-12000-Puffs-Dual-Mesh-Smart-Screen-3-5-Low-Nicotine-Rechargeable-18-scaled.webp?resize=100%2C100&amp;ssl=1 100w\" sizes=\"auto, (max-width: 1020px) 100vw, 1020px\" \/><\/p>\n<p><img data-recalc-dims=\"1\" loading=\"lazy\" decoding=\"async\" class=\"alignnone wp-image-14488 size-full\" src=\"https:\/\/i0.wp.com\/escovape.com\/wp-content\/uploads\/2024\/11\/MOTI-Go-Pro-12000-Puffs-Dual-Mesh-Smart-Screen-3-5-Low-Nicotine-Rechargeable-16-scaled.webp?resize=1020%2C1020&#038;ssl=1\" alt=\"MOTI Go Pro 12000 Puffs Dual Mesh Smart Screen 2% 5% Baixo Nicotina Recarreg\u00e1vel Vapes Descart\u00e1veis Caneta Pen Compra em Massa Atacado\" width=\"1020\" height=\"1020\" title=\"\" srcset=\"https:\/\/i0.wp.com\/escovape.com\/wp-content\/uploads\/2024\/11\/MOTI-Go-Pro-12000-Puffs-Dual-Mesh-Smart-Screen-3-5-Low-Nicotine-Rechargeable-16-scaled.webp?w=2560&amp;ssl=1 2560w, https:\/\/i0.wp.com\/escovape.com\/wp-content\/uploads\/2024\/11\/MOTI-Go-Pro-12000-Puffs-Dual-Mesh-Smart-Screen-3-5-Low-Nicotine-Rechargeable-16-scaled.webp?resize=400%2C400&amp;ssl=1 400w, https:\/\/i0.wp.com\/escovape.com\/wp-content\/uploads\/2024\/11\/MOTI-Go-Pro-12000-Puffs-Dual-Mesh-Smart-Screen-3-5-Low-Nicotine-Rechargeable-16-scaled.webp?resize=800%2C800&amp;ssl=1 800w, https:\/\/i0.wp.com\/escovape.com\/wp-content\/uploads\/2024\/11\/MOTI-Go-Pro-12000-Puffs-Dual-Mesh-Smart-Screen-3-5-Low-Nicotine-Rechargeable-16-scaled.webp?resize=280%2C280&amp;ssl=1 280w, https:\/\/i0.wp.com\/escovape.com\/wp-content\/uploads\/2024\/11\/MOTI-Go-Pro-12000-Puffs-Dual-Mesh-Smart-Screen-3-5-Low-Nicotine-Rechargeable-16-scaled.webp?resize=768%2C768&amp;ssl=1 768w, https:\/\/i0.wp.com\/escovape.com\/wp-content\/uploads\/2024\/11\/MOTI-Go-Pro-12000-Puffs-Dual-Mesh-Smart-Screen-3-5-Low-Nicotine-Rechargeable-16-scaled.webp?resize=1536%2C1536&amp;ssl=1 1536w, https:\/\/i0.wp.com\/escovape.com\/wp-content\/uploads\/2024\/11\/MOTI-Go-Pro-12000-Puffs-Dual-Mesh-Smart-Screen-3-5-Low-Nicotine-Rechargeable-16-scaled.webp?resize=2048%2C2048&amp;ssl=1 2048w, https:\/\/i0.wp.com\/escovape.com\/wp-content\/uploads\/2024\/11\/MOTI-Go-Pro-12000-Puffs-Dual-Mesh-Smart-Screen-3-5-Low-Nicotine-Rechargeable-16-scaled.webp?resize=12%2C12&amp;ssl=1 12w, https:\/\/i0.wp.com\/escovape.com\/wp-content\/uploads\/2024\/11\/MOTI-Go-Pro-12000-Puffs-Dual-Mesh-Smart-Screen-3-5-Low-Nicotine-Rechargeable-16-scaled.webp?resize=300%2C300&amp;ssl=1 300w, https:\/\/i0.wp.com\/escovape.com\/wp-content\/uploads\/2024\/11\/MOTI-Go-Pro-12000-Puffs-Dual-Mesh-Smart-Screen-3-5-Low-Nicotine-Rechargeable-16-scaled.webp?resize=600%2C600&amp;ssl=1 600w, https:\/\/i0.wp.com\/escovape.com\/wp-content\/uploads\/2024\/11\/MOTI-Go-Pro-12000-Puffs-Dual-Mesh-Smart-Screen-3-5-Low-Nicotine-Rechargeable-16-scaled.webp?resize=100%2C100&amp;ssl=1 100w\" sizes=\"auto, (max-width: 1020px) 100vw, 1020px\" \/><\/p>","protected":false},"excerpt":{"rendered":"<p>O MOTI Go Pro 12000 Puffs Descart\u00e1vel Vape Pen, dispon\u00edvel na Escovape, combina tecnologia avan\u00e7ada de bobina de dupla malha, conveni\u00eancia recarreg\u00e1vel e uma sele\u00e7\u00e3o diversificada de sabores para uma experi\u00eancia de vaporiza\u00e7\u00e3o superior e duradoura.<\/p>","protected":false},"featured_media":14487,"comment_status":"open","ping_status":"closed","template":"","meta":{"_lmt_disableupdate":"no","_lmt_disable":""},"product_brand":[],"product_cat":[127,47,134,55,136,137,57,97,98,99,100,101,102,103,104,105,106,107,108,109,110,111,112,113,114,15,58,141,143,59,144,146,150,61,133,42,153,154],"product_tag":[],"class_list":{"0":"post-14439","1":"product","2":"type-product","3":"status-publish","4":"has-post-thumbnail","6":"product_cat-moti-disposable-vapes","7":"product_cat-12000-puffs-disposable-vapes","8":"product_cat-apple-flavor-disposable-vapes","9":"product_cat-big-puffs-disposable-vapes","10":"product_cat-blueberry-flavor-disposable-vapes","11":"product_cat-cherry-flavor-disposable-vapes","12":"product_cat-digital-box-disposable-vapes","13":"product_cat-disposable-vape-in-europe","14":"product_cat-disposable-vape-wholesale-austria","15":"product_cat-disposable-vape-wholesale-belgium","16":"product_cat-disposable-vape-wholesale-czech-republic","17":"product_cat-disposable-vape-wholesale-denmark","18":"product_cat-disposable-vape-wholesale-finland","19":"product_cat-disposable-vape-wholesale-france","20":"product_cat-disposable-vape-wholesale-germany","21":"product_cat-disposable-vape-wholesale-greece","22":"product_cat-disposable-vape-wholesale-hungary","23":"product_cat-disposable-vape-wholesale-italy","24":"product_cat-disposable-vape-wholesale-netherlands","25":"product_cat-disposable-vape-wholesale-norway","26":"product_cat-disposable-vape-wholesale-portugal","27":"product_cat-disposable-vape-wholesale-romania","28":"product_cat-disposable-vape-wholesale-spain","29":"product_cat-disposable-vape-wholesale-sweden","30":"product_cat-disposable-vape-wholesale-switzerland","31":"product_cat-disposable-vapes","32":"product_cat-dual-mesh-disposable-vapes","33":"product_cat-ice-flavor-disposable-vapes","34":"product_cat-lemon-flavor-disposable-vapes","35":"product_cat-lower-nicotine-disposable-vapes","36":"product_cat-lush-flavor-disposable-vapes","37":"product_cat-mint-flavor-disposable-vapes","38":"product_cat-pineapple-flavor-disposable-vapes","39":"product_cat-rechargeable-disposable-vapes","40":"product_cat-shop-best-disposable-vape-flavors","41":"product_cat-shop-by-puffs","42":"product_cat-strawberry-flavor-disposable-vapes","43":"product_cat-watermelon-flavor-disposable-vapes","45":"first","46":"instock","47":"shipping-taxable","48":"purchasable","49":"product-type-variable"},"jetpack_sharing_enabled":true,"_links":{"self":[{"href":"https:\/\/escovape.com\/pt\/wp-json\/wp\/v2\/product\/14439","targetHints":{"allow":["GET"]}}],"collection":[{"href":"https:\/\/escovape.com\/pt\/wp-json\/wp\/v2\/product"}],"about":[{"href":"https:\/\/escovape.com\/pt\/wp-json\/wp\/v2\/types\/product"}],"replies":[{"embeddable":true,"href":"https:\/\/escovape.com\/pt\/wp-json\/wp\/v2\/comments?post=14439"}],"wp:featuredmedia":[{"embeddable":true,"href":"https:\/\/escovape.com\/pt\/wp-json\/wp\/v2\/media\/14487"}],"wp:attachment":[{"href":"https:\/\/escovape.com\/pt\/wp-json\/wp\/v2\/media?parent=14439"}],"wp:term":[{"taxonomy":"product_brand","embeddable":true,"href":"https:\/\/escovape.com\/pt\/wp-json\/wp\/v2\/product_brand?post=14439"},{"taxonomy":"product_cat","embeddable":true,"href":"https:\/\/escovape.com\/pt\/wp-json\/wp\/v2\/product_cat?post=14439"},{"taxonomy":"product_tag","embeddable":true,"href":"https:\/\/escovape.com\/pt\/wp-json\/wp\/v2\/product_tag?post=14439"}],"curies":[{"name":"wp","href":"https:\/\/api.w.org\/{rel}","templated":true}]}}